{"id":281,"date":"2025-12-18T22:58:14","date_gmt":"2025-12-18T21:58:14","guid":{"rendered":"https:\/\/hoyre.no\/aapne\/?page_id=281"},"modified":"2025-12-18T23:17:15","modified_gmt":"2025-12-18T22:17:15","slug":"frihet-til-a-vaere-deg-selv","status":"publish","type":"page","link":"https:\/\/hoyre.no\/aapne\/politikk\/frihet-til-a-vaere-deg-selv\/","title":{"rendered":"Frihet til \u00e5 v\u00e6re deg selv"},"content":{"rendered":"\n<div class=\"wp-block-hoyre-hero with-image-gradient text-color-light  has-media alignfull has-background\"><div class=\"hoyre-hero has-image\"><h1 class=\"title\">Frihet til \u00e5 v\u00e6re deg selv<\/h1><figure class=\"hoyre-image-wrapper\"><div class=\"hoyre-image\"><img loading=\"lazy\" decoding=\"async\" width=\"2500\" height=\"1667\" src=\"https:\/\/hoyre.no\/content\/uploads\/sites\/375\/2025\/12\/Y9A4251-scaled.jpg\" class=\"attachment-scaled size-scaled\" alt=\"\" style=\"object-position: 50% 50%\" srcset=\"https:\/\/hoyre.no\/content\/uploads\/sites\/375\/2025\/12\/Y9A4251-scaled.jpg 2500w, https:\/\/hoyre.no\/content\/uploads\/sites\/375\/2025\/12\/Y9A4251-300x200.jpg 300w, https:\/\/hoyre.no\/content\/uploads\/sites\/375\/2025\/12\/Y9A4251-1024x683.jpg 1024w, https:\/\/hoyre.no\/content\/uploads\/sites\/375\/2025\/12\/Y9A4251-768x512.jpg 768w, https:\/\/hoyre.no\/content\/uploads\/sites\/375\/2025\/12\/Y9A4251-1536x1024.jpg 1536w, https:\/\/hoyre.no\/content\/uploads\/sites\/375\/2025\/12\/Y9A4251-2048x1365.jpg 2048w\" sizes=\"auto, (max-width: 2500px) 100vw, 2500px\" \/><\/div><\/figure><\/div><\/div>\n\n\n\n\n<h2 class=\"wp-block-heading\">Dette kjemper H\u00f8yre for<\/h2>\n\n\n\n<p>H\u00f8yre \u00f8nsker et samfunn der alle har de samme mulighetene for \u00e5 lykkes og oppleve trygghet i hverdagen, uavhengig av kj\u00f8nn, funksjonsevne, etnisitet, religi\u00f8s overbevisning, seksuell orientering, kj\u00f8nnsidentitet eller kj\u00f8nnsuttrykk.<\/p>\n\n\n\n<p><strong>H\u00f8yre vil:<\/strong><\/p>\n\n\n\n\n<ul class=\"wp-block-list\">\n<li>Styrke politiets kapasitet til \u00e5 forebygge og etterforske hatkriminalitet<\/li>\n\n\n\n<li>Utarbeide en nasjonal handlingsplan mot hatkriminalitet i samarbeid med ber\u00f8rte grupper<\/li>\n\n\n\n<li>Forsterke innsatsen mot mobbing, vold og diskriminering, blant annet ved \u00e5 gi skoler og barnehager kompetanseheving i hvordan de skal forebygge negativ sosial kontroll<\/li>\n\n\n\n<li>Videreutvikle en mer tverrfaglig helsestasjons- og skolehelsetjeneste<\/li>\n\n\n\n<li>Heve kompetansen om kj\u00f8nns- og seksualitetsmangfold for ansatte som jobber i tjenester for barn og unge<\/li>\n\n\n\n<li>Ved uttak av kvoteflyktninger prioritere diskriminerte seksuelle minoriteter<\/li>\n\n\n\n<li>Bidra til at LHBT+-personers rettigheter ivaretas og inkluderes i internasjonale menneskerettigheter og b\u00e6rekraftsm\u00e5l<\/li>\n\n\n\n<li>Forbedre det psykiske helsetilbudet slik at ventetidene g\u00e5r ned og flere f\u00e5r hjelp som faktisk hjelper<\/li>\n\n\n\n<li>Videreutvikle helsetilbudet for personer med kj\u00f8nnsinkongruens i tr\u00e5d med beste praksis og forskning<\/li>\n\n\n\n<li>Arbeide for at menneskerettighetene respekteres i alle land, med s\u00e6rlig vekt p\u00e5 utsatte minoriteter<\/li>\n<\/ul>\n\n\n\n\n<div class=\"wp-block-hoyre-banner alignwide undefined\"><div class=\"banner-inner\"><figure class=\"hoyre-image-wrapper\"><div class=\"hoyre-image\"><img decoding=\"async\" loading=\"lazy\" width=\"2500\" height=\"1667\" src=\"https:\/\/hoyre.no\/content\/uploads\/sites\/375\/2025\/12\/Pride-foto-Hans-Kristian-Thorbjornsen-0357-scaled.jpg\" class=\"attachment-scaled size-scaled\" alt=\"Bilde av partileder Erna Solberg under Oslo Pride-paraden i 2023. Erna i fokus foran, mange mennesker i bakgrunnen.\" style=\"object-position: 54% 39%\" \/><\/div><\/figure><div class=\"banner-content\"><div class=\"entry-content\">\n<h2 class=\"wp-block-heading\">\u2013 Pride handler om muligheten til \u00e5 elske hvem man vil<\/h2>\n\n\n\n<p>Les Erna Solberg, partileder og statsministerkandidat for H\u00f8yre, sin hilsen til Pride her.<\/p>\n\n\n\n<div class=\"wp-block-buttons is-layout-flex wp-block-buttons-is-layout-flex\">\n<div class=\"wp-block-button\"><a class=\"wp-block-button__link wp-element-button\" href=\"https:\/\/hoyre.no\/aapne\/aktuelt\/pride-handler-om-muligheten-til-a-elske-hvem-man-vil\/\">Trykk her for \u00e5 lese mer<\/a><\/div>\n<\/div>\n<\/div><\/div><\/div><\/div>\n\n","protected":false},"excerpt":{"rendered":"","protected":false},"author":220,"featured_media":0,"parent":208,"menu_order":0,"comment_status":"closed","ping_status":"closed","template":"","meta":{"teft_cards_image_url":"","teft_cards_custom_pretitle":"","teft_cards_image_id":0,"teft_cards_image_focal_point_x":0,"teft_cards_image_focal_point_y":0,"teft_cards_title":"","teft_cards_excerpt":"","teft_show_chapters":false,"footnotes":""},"class_list":["post-281","page","type-page","status-publish","hentry"],"yoast_head":"<!-- This site is optimized with the Yoast SEO plugin v26.6 - https:\/\/yoast.com\/wordpress\/plugins\/seo\/ -->\n<title>Frihet til \u00e5 v\u00e6re deg selv - \u00c5pne H\u00f8yre<\/title>\n<meta name=\"robots\" content=\"index, follow, max-snippet:-1, max-image-preview:large, max-video-preview:-1\" \/>\n<link rel=\"canonical\" href=\"https:\/\/hoyre.no\/aapne\/politikk\/frihet-til-a-vaere-deg-selv\/\" \/>\n<meta property=\"og:locale\" content=\"nb_NO\" \/>\n<meta property=\"og:type\" content=\"article\" \/>\n<meta property=\"og:title\" content=\"Frihet til \u00e5 v\u00e6re deg selv - \u00c5pne H\u00f8yre\" \/>\n<meta property=\"og:url\" content=\"https:\/\/hoyre.no\/aapne\/politikk\/frihet-til-a-vaere-deg-selv\/\" \/>\n<meta property=\"og:site_name\" content=\"\u00c5pne H\u00f8yre\" \/>\n<meta property=\"article:modified_time\" content=\"2025-12-18T22:17:15+00:00\" \/>\n<meta name=\"twitter:card\" content=\"summary_large_image\" \/>\n<meta name=\"twitter:label1\" content=\"Ansl. lesetid\" \/>\n\t<meta name=\"twitter:data1\" content=\"1 minutt\" \/>\n<script type=\"application\/ld+json\" class=\"yoast-schema-graph\">{\"@context\":\"https:\/\/schema.org\",\"@graph\":[{\"@type\":\"WebPage\",\"@id\":\"https:\/\/hoyre.no\/aapne\/politikk\/frihet-til-a-vaere-deg-selv\/\",\"url\":\"https:\/\/hoyre.no\/aapne\/politikk\/frihet-til-a-vaere-deg-selv\/\",\"name\":\"Frihet til \u00e5 v\u00e6re deg selv - \u00c5pne H\u00f8yre\",\"isPartOf\":{\"@id\":\"https:\/\/hoyre.no\/aapne\/#website\"},\"datePublished\":\"2025-12-18T21:58:14+00:00\",\"dateModified\":\"2025-12-18T22:17:15+00:00\",\"breadcrumb\":{\"@id\":\"https:\/\/hoyre.no\/aapne\/politikk\/frihet-til-a-vaere-deg-selv\/#breadcrumb\"},\"inLanguage\":\"nb-NO\",\"potentialAction\":[{\"@type\":\"ReadAction\",\"target\":[\"https:\/\/hoyre.no\/aapne\/politikk\/frihet-til-a-vaere-deg-selv\/\"]}]},{\"@type\":\"BreadcrumbList\",\"@id\":\"https:\/\/hoyre.no\/aapne\/politikk\/frihet-til-a-vaere-deg-selv\/#breadcrumb\",\"itemListElement\":[{\"@type\":\"ListItem\",\"position\":1,\"name\":\"Til hoyre.no\",\"item\":\"https:\/\/hoyre.no\"},{\"@type\":\"ListItem\",\"position\":2,\"name\":\"Hjem\",\"item\":\"https:\/\/hoyre.no\/aapne\/\"},{\"@type\":\"ListItem\",\"position\":3,\"name\":\"Politikk\",\"item\":\"https:\/\/hoyre.no\/aapne\/politikk\/\"},{\"@type\":\"ListItem\",\"position\":4,\"name\":\"Frihet til \u00e5 v\u00e6re deg selv\"}]},{\"@type\":\"WebSite\",\"@id\":\"https:\/\/hoyre.no\/aapne\/#website\",\"url\":\"https:\/\/hoyre.no\/aapne\/\",\"name\":\"\u00c5pne H\u00f8yre\",\"description\":\"Bare enda et H\u00f8yres nettsteder-nettsted\",\"inLanguage\":\"nb-NO\"}]}<\/script>\n<!-- \/ Yoast SEO plugin. -->","yoast_head_json":{"title":"Frihet til \u00e5 v\u00e6re deg selv - \u00c5pne H\u00f8yre","robots":{"index":"index","follow":"follow","max-snippet":"max-snippet:-1","max-image-preview":"max-image-preview:large","max-video-preview":"max-video-preview:-1"},"canonical":"https:\/\/hoyre.no\/aapne\/politikk\/frihet-til-a-vaere-deg-selv\/","og_locale":"nb_NO","og_type":"article","og_title":"Frihet til \u00e5 v\u00e6re deg selv - \u00c5pne H\u00f8yre","og_url":"https:\/\/hoyre.no\/aapne\/politikk\/frihet-til-a-vaere-deg-selv\/","og_site_name":"\u00c5pne H\u00f8yre","article_modified_time":"2025-12-18T22:17:15+00:00","twitter_card":"summary_large_image","twitter_misc":{"Ansl. lesetid":"1 minutt"},"schema":{"@context":"https:\/\/schema.org","@graph":[{"@type":"WebPage","@id":"https:\/\/hoyre.no\/aapne\/politikk\/frihet-til-a-vaere-deg-selv\/","url":"https:\/\/hoyre.no\/aapne\/politikk\/frihet-til-a-vaere-deg-selv\/","name":"Frihet til \u00e5 v\u00e6re deg selv - \u00c5pne H\u00f8yre","isPartOf":{"@id":"https:\/\/hoyre.no\/aapne\/#website"},"datePublished":"2025-12-18T21:58:14+00:00","dateModified":"2025-12-18T22:17:15+00:00","breadcrumb":{"@id":"https:\/\/hoyre.no\/aapne\/politikk\/frihet-til-a-vaere-deg-selv\/#breadcrumb"},"inLanguage":"nb-NO","potentialAction":[{"@type":"ReadAction","target":["https:\/\/hoyre.no\/aapne\/politikk\/frihet-til-a-vaere-deg-selv\/"]}]},{"@type":"BreadcrumbList","@id":"https:\/\/hoyre.no\/aapne\/politikk\/frihet-til-a-vaere-deg-selv\/#breadcrumb","itemListElement":[{"@type":"ListItem","position":1,"name":"Til hoyre.no","item":"https:\/\/hoyre.no"},{"@type":"ListItem","position":2,"name":"Hjem","item":"https:\/\/hoyre.no\/aapne\/"},{"@type":"ListItem","position":3,"name":"Politikk","item":"https:\/\/hoyre.no\/aapne\/politikk\/"},{"@type":"ListItem","position":4,"name":"Frihet til \u00e5 v\u00e6re deg selv"}]},{"@type":"WebSite","@id":"https:\/\/hoyre.no\/aapne\/#website","url":"https:\/\/hoyre.no\/aapne\/","name":"\u00c5pne H\u00f8yre","description":"Bare enda et H\u00f8yres nettsteder-nettsted","inLanguage":"nb-NO"}]}},"distributor_meta":false,"distributor_terms":false,"distributor_media":false,"distributor_original_site_name":"\u00c5pne H\u00f8yre","distributor_original_site_url":"https:\/\/hoyre.no\/aapne","push-errors":false,"_links":{"self":[{"href":"https:\/\/hoyre.no\/aapne\/wp-json\/wp\/v2\/pages\/281","targetHints":{"allow":["GET"]}}],"collection":[{"href":"https:\/\/hoyre.no\/aapne\/wp-json\/wp\/v2\/pages"}],"about":[{"href":"https:\/\/hoyre.no\/aapne\/wp-json\/wp\/v2\/types\/page"}],"author":[{"embeddable":true,"href":"https:\/\/hoyre.no\/aapne\/wp-json\/wp\/v2\/users\/220"}],"replies":[{"embeddable":true,"href":"https:\/\/hoyre.no\/aapne\/wp-json\/wp\/v2\/comments?post=281"}],"version-history":[{"count":3,"href":"https:\/\/hoyre.no\/aapne\/wp-json\/wp\/v2\/pages\/281\/revisions"}],"predecessor-version":[{"id":291,"href":"https:\/\/hoyre.no\/aapne\/wp-json\/wp\/v2\/pages\/281\/revisions\/291"}],"up":[{"embeddable":true,"href":"https:\/\/hoyre.no\/aapne\/wp-json\/wp\/v2\/pages\/208"}],"wp:attachment":[{"href":"https:\/\/hoyre.no\/aapne\/wp-json\/wp\/v2\/media?parent=281"}],"curies":[{"name":"wp","href":"https:\/\/api.w.org\/{rel}","templated":true}]}}