{"id":285,"date":"2025-12-18T23:16:08","date_gmt":"2025-12-18T22:16:08","guid":{"rendered":"https:\/\/hoyre.no\/aapne\/?page_id=285"},"modified":"2026-03-16T10:52:15","modified_gmt":"2026-03-16T09:52:15","slug":"om-apne-hoyre","status":"publish","type":"page","link":"https:\/\/hoyre.no\/aapne\/om-apne-hoyre\/","title":{"rendered":"Om \u00c5pne H\u00f8yre"},"content":{"rendered":"\n<div class=\"wp-block-hoyre-hero with-image-gradient text-color-light  has-media alignfull has-background \"><div class=\"hoyre-hero has-image\"><h1 class=\"title\">Om \u00c5pne H\u00f8yre<\/h1><p class=\"preamble\">\u00c5pne H\u00f8yre er et fast utvalg nedsatt av H\u00f8yres sentralstyre for \u00e5 gi politiske innspill og forslag knyttet til LHBT+-saker, og for \u00e5 v\u00e6re et taler\u00f8r for skeiv bl\u00e5 politikk.<\/p>\t\t\t<div class=\"post-meta wp-block teft-byline-wrapper\">\n\t\t\t\t<div class=\"top\">\n\t\t\t\t\t<div class=\"signature\">\n\t\t\t\t\t\t<div class=\"teft-byline\">\n\t\t\t\t\t\t\t\t\t\t\t\t\t\t<div>\n\t\t\t\t\t\t\t\t<h3>H\u00f8yres redaksjon<\/h3>\t\t\t\t\t\t\t\t\n\t\t\t\t\t\t\t\t\t\t\t\t\t\t\t\t\t<span class=\"date\">Sist oppdatert: 16. mars 2026<\/span>\n\t\t\t\t\t\t\t\t\t\t\t\t\t\t\t\t\t\t\t\t\t\t\t\t\t<span class=\"reading-time\" itemprop=\"timeRequired\" content=\"PT2M\"><em>Ca. 2 minutter lesetid<\/em><\/span>\n\t\t\t\t\t\t\t\t\t\t\t\t\t\t\t<\/div>\n\t\t\t\t\t\t<\/div>\n\t\t\t\t\t<\/div>\n\t\t\t\t\t\t<div class=\"sharing\">\n\t\t<a class=\"share-button share-link copy-link\" data-copy=\"https:\/\/hoyre.no\/aapne\/om-apne-hoyre\/\" target=\"_blank\"><span class=\"screen-reader-text\">Del link<\/span><\/a>\n\t\t<a class=\"share-button share-twitter\" href=\"http:\/\/twitter.com\/share?text=Om \u00c5pne H\u00f8yre&#038;url=https:\/\/hoyre.no\/aapne\/om-apne-hoyre\/&#038;hashtags=Hoyre\" target=\"_blank\"><span class=\"screen-reader-text\">Del p\u00e5 twitter<\/span><\/a>\n\t\t<a class=\"share-button share-facebook\" href=\"https:\/\/www.facebook.com\/sharer\/sharer.php?u=https:\/\/hoyre.no\/aapne\/om-apne-hoyre\/\" target=\"_blank\"><span class=\"screen-reader-text\">Del p\u00e5 facebook<\/span><\/a>\n\t<\/div>\n\t\t\t\t\t<\/div>\n\t\t\t<\/div>\n\n\t\t\t<figure class=\"hoyre-image-wrapper\"><div class=\"hoyre-image\"><img loading=\"lazy\" decoding=\"async\" width=\"2048\" height=\"1536\" src=\"https:\/\/hoyre.no\/content\/uploads\/sites\/375\/2026\/03\/514374900_10161070265236297_2820953793198374861_n.jpg\" class=\"attachment-scaled size-scaled\" alt=\"\" style=\"object-position: 48% 75%\" srcset=\"https:\/\/hoyre.no\/content\/uploads\/sites\/375\/2026\/03\/514374900_10161070265236297_2820953793198374861_n.jpg 2048w, https:\/\/hoyre.no\/content\/uploads\/sites\/375\/2026\/03\/514374900_10161070265236297_2820953793198374861_n-300x225.jpg 300w, https:\/\/hoyre.no\/content\/uploads\/sites\/375\/2026\/03\/514374900_10161070265236297_2820953793198374861_n-1024x768.jpg 1024w, https:\/\/hoyre.no\/content\/uploads\/sites\/375\/2026\/03\/514374900_10161070265236297_2820953793198374861_n-768x576.jpg 768w, https:\/\/hoyre.no\/content\/uploads\/sites\/375\/2026\/03\/514374900_10161070265236297_2820953793198374861_n-1536x1152.jpg 1536w\" sizes=\"auto, (max-width: 2048px) 100vw, 2048px\" \/><\/div><\/figure><\/div><\/div>\n\n\n\n\n<p><strong>\u00c5pne H\u00f8yre er utviklingsarena og taler\u00f8r for skeiv bl\u00e5 politikk. \u00c5pne H\u00f8yre synliggj\u00f8r ogs\u00e5 partiets historie p\u00e5 omr\u00e5det. Vi har tett samarbeid med H\u00f8yres folkevalgte og tillitsvalgte, og bidrar til \u00e5 markere H\u00f8yre p\u00e5 relevante arenaer og pride-festivaler.<\/strong><\/p>\n\n\n\n<p class=\"is-style-default\">\u00c5pne H\u00f8yre har regionale utvalg i Oslo, \u00d8stfold, Buskerud, Vestland, Troms og Finnmark, samt fast representasjon i Agder og M\u00f8re og Romsdal. Vi jobber ogs\u00e5 sammen med H\u00f8yres lokalforeninger i hele landet. Vi bidrar til skeiv bl\u00e5 lokalpolitikk fordi LHBT+-personer og mennesker som bryter med normer for kj\u00f8nn skal m\u00f8tes ryddig og ordentlig i hele landet, uansett bosted.<\/p>\n\n\n\n<p>\u00c5pne H\u00f8yres nettverk omfatter i underkant av 300 LHBT+-personer og LHBT+-interesserte H\u00f8yre-tillitsvalgte p\u00e5 alle niv\u00e5er, inklusive stortingsrepresentanter, ordf\u00f8rere, gruppeledere, utvalgsledere og tillitsvalgte p\u00e5 alle niv\u00e5er.<\/p>\n\n\n\n<p>\u00c5pne H\u00f8yre kjemper for retten til \u00e5 v\u00e6re annerledes, og mener et liberalkonservativt syn best sikrer enkeltmennesket retten til \u00e5 v\u00e6re det. Vi jobber mot diskriminering og vold i familier og p\u00e5 gater. Hatefulle ytringer, hatkriminalitet, hets i skoleg\u00e5rder og p\u00e5 andre arenaer m\u00e5 bekjempes slik at LHBT+-personers levek\u00e5r bedres.<\/p>\n\n\n\n<p><em>Bildetekst toppbilde: Erna og \u00c5pne H\u00f8yre, fra venstre: Vegard R\u00f8dseth Tokheim (Oslo), Marius Krogstad Aune (Tr\u00f8ndelag), Erna, Helge Ytter\u00f8y L\u2019orange (Rogaland) og Melissa Kristiansen (Akershus).<\/em><\/p>\n\n\n\n\n<div class=\"wp-block-hoyre-banner alignwide undefined  is-style-blue\"><div class=\"banner-inner\"><figure class=\"hoyre-image-wrapper\"><div class=\"hoyre-image\"><img decoding=\"async\" loading=\"lazy\" width=\"2500\" height=\"1667\" src=\"https:\/\/hoyre.no\/content\/uploads\/sites\/375\/2025\/12\/Y9A4251-scaled.jpg\" class=\"attachment-scaled size-scaled\" alt=\"\" style=\"object-position: 50% 50%\" \/><\/div><\/figure><div class=\"banner-content\"><div class=\"entry-content\">\n<h2 class=\"wp-block-heading\">Frihet til \u00e5 v\u00e6re deg selv<\/h2>\n\n\n\n<p>H\u00f8yre \u00f8nsker et samfunn der alle har de samme mulighetene for \u00e5 lykkes og oppleve trygghet i hverdagen, uavhengig av kj\u00f8nn, funksjonsevne, etnisitet, religi\u00f8s overbevisning, seksuell orientering, kj\u00f8nnsidentitet eller kj\u00f8nnsuttrykk.<\/p>\n\n\n\n<div class=\"wp-block-buttons is-layout-flex wp-block-buttons-is-layout-flex\">\n<div class=\"wp-block-button\"><a class=\"wp-block-button__link wp-element-button\" href=\"https:\/\/hoyre.no\/aapne\/politikk\/frihet-til-a-vaere-deg-selv\/\">Trykk her for \u00e5 lese mer<\/a><\/div>\n<\/div>\n<\/div><\/div><\/div><\/div>\n\n\n\n\n<h2 class=\"wp-block-heading\">EPPride<\/h2>\n\n\n\n<figure class=\"wp-block-image size-large\"><img loading=\"lazy\" decoding=\"async\" width=\"1024\" height=\"768\" src=\"https:\/\/hoyre.no\/content\/uploads\/sites\/375\/2026\/03\/Alliance-with-Ursula-von-der-Leyen-1024x768.jpg\" alt=\"Gruppebilde av fire personer: tre representanter fra EPPride sammen med Europakommisjonens president, Ursula von der Leyen.\" class=\"wp-image-322\" srcset=\"https:\/\/hoyre.no\/content\/uploads\/sites\/375\/2026\/03\/Alliance-with-Ursula-von-der-Leyen-1024x768.jpg 1024w, https:\/\/hoyre.no\/content\/uploads\/sites\/375\/2026\/03\/Alliance-with-Ursula-von-der-Leyen-300x225.jpg 300w, https:\/\/hoyre.no\/content\/uploads\/sites\/375\/2026\/03\/Alliance-with-Ursula-von-der-Leyen-768x576.jpg 768w, https:\/\/hoyre.no\/content\/uploads\/sites\/375\/2026\/03\/Alliance-with-Ursula-von-der-Leyen.jpg 1170w\" sizes=\"auto, (max-width: 1024px) 100vw, 1024px\" \/><figcaption class=\"wp-element-caption\">EPPride skaper europeisk LHBT+-politikk, her med Europakommisjonens president, Ursula von der Leyen.<\/figcaption><\/figure>\n\n\n\n<p><strong>EPPride (tidl. European Centre-Right LGBT+ Alliance) er LHBTIQ+-organisasjonen til H\u00f8yres europeiske partisammenslutning EPP \u2013 European People\u2019s Party.<\/strong><\/p>\n\n\n\n<p>Gjennom EPPride jobber \u00c5pne H\u00f8yre sammen med s\u00f8sterorganisasjoner i ti europeiske land for \u00e5 fremme likestilling og likeverd for LHBT+-personer i Europa.<\/p>\n\n\n\n<p>EPPride deltar aktivt i EPPs politikkutforming knyttet til mangfold, likestilling og integrering, driver erfaringsutveksling og kunnskapsinnhenting knyttet til LHBTIQ+-relaterte politiske forhold i Europa.<\/p>\n\n\n\n<p>EPPride best\u00e5r av 11 LHBTIQ+-organisasjoner knyttet til sentrum-h\u00f8yrepartier i 10 land, og ledes av Helge Ytter\u00f8y L\u2019orange fra \u00c5pne H\u00f8yre.<\/p>\n\n\n\n<div class=\"wp-block-teft-accentuated-link undefined has-image\"><div class=\"kf-link__wrapper\"><div class=\"kf-link__tagline\">eppride.eu<\/div><a class=\"kf-link__link\" href=\"https:\/\/eppride.eu\/\" rel=\"noreferrer noopener\" target=\"_blank\">Les mer om EPPride her<span class=\"kf-link__link-source\">eppride.eu<\/span><\/a><\/div><figure class=\"hoyre-image-wrapper\"><div class=\"hoyre-image\"><img loading=\"lazy\" decoding=\"async\" width=\"2500\" height=\"980\" src=\"https:\/\/hoyre.no\/content\/uploads\/sites\/375\/2025\/12\/logo-EPPride_RGB-scaled.jpg\" class=\"attachment-scaled size-scaled\" alt=\"\" style=\"object-position: 10% 53%\" srcset=\"https:\/\/hoyre.no\/content\/uploads\/sites\/375\/2025\/12\/logo-EPPride_RGB-scaled.jpg 2500w, https:\/\/hoyre.no\/content\/uploads\/sites\/375\/2025\/12\/logo-EPPride_RGB-300x118.jpg 300w, https:\/\/hoyre.no\/content\/uploads\/sites\/375\/2025\/12\/logo-EPPride_RGB-1024x401.jpg 1024w, https:\/\/hoyre.no\/content\/uploads\/sites\/375\/2025\/12\/logo-EPPride_RGB-768x301.jpg 768w, https:\/\/hoyre.no\/content\/uploads\/sites\/375\/2025\/12\/logo-EPPride_RGB-1536x602.jpg 1536w, https:\/\/hoyre.no\/content\/uploads\/sites\/375\/2025\/12\/logo-EPPride_RGB-2048x803.jpg 2048w\" sizes=\"auto, (max-width: 2500px) 100vw, 2500px\" \/><\/div><\/figure><\/div>\n\n","protected":false},"excerpt":{"rendered":"","protected":false},"author":220,"featured_media":0,"parent":0,"menu_order":0,"comment_status":"closed","ping_status":"closed","template":"","meta":{"teft_cards_image_url":"","teft_cards_custom_pretitle":"","teft_cards_image_id":360,"teft_cards_image_focal_point_x":0.5,"teft_cards_image_focal_point_y":0.5,"teft_cards_title":"","teft_cards_excerpt":"","teft_show_chapters":false,"footnotes":""},"class_list":["post-285","page","type-page","status-publish","hentry"],"yoast_head":"<!-- This site is optimized with the Yoast SEO plugin v26.6 - https:\/\/yoast.com\/wordpress\/plugins\/seo\/ -->\n<title>Om \u00c5pne H\u00f8yre - \u00c5pne H\u00f8yre<\/title>\n<meta name=\"robots\" content=\"index, follow, max-snippet:-1, max-image-preview:large, max-video-preview:-1\" \/>\n<link rel=\"canonical\" href=\"https:\/\/hoyre.no\/aapne\/om-apne-hoyre\/\" \/>\n<meta property=\"og:locale\" content=\"nb_NO\" \/>\n<meta property=\"og:type\" content=\"article\" \/>\n<meta property=\"og:title\" content=\"Om \u00c5pne H\u00f8yre - \u00c5pne H\u00f8yre\" \/>\n<meta property=\"og:url\" content=\"https:\/\/hoyre.no\/aapne\/om-apne-hoyre\/\" \/>\n<meta property=\"og:site_name\" content=\"\u00c5pne H\u00f8yre\" \/>\n<meta property=\"article:modified_time\" content=\"2026-03-16T09:52:15+00:00\" \/>\n<meta property=\"og:image\" content=\"https:\/\/hoyre.no\/content\/uploads\/sites\/375\/2026\/03\/514374900_10161070265236297_2820953793198374861_n-1024x768.jpg\" \/>\n<meta name=\"twitter:card\" content=\"summary_large_image\" \/>\n<meta name=\"twitter:label1\" content=\"Ansl. lesetid\" \/>\n\t<meta name=\"twitter:data1\" content=\"3 minutter\" \/>\n<script type=\"application\/ld+json\" class=\"yoast-schema-graph\">{\"@context\":\"https:\/\/schema.org\",\"@graph\":[{\"@type\":\"WebPage\",\"@id\":\"https:\/\/hoyre.no\/aapne\/om-apne-hoyre\/\",\"url\":\"https:\/\/hoyre.no\/aapne\/om-apne-hoyre\/\",\"name\":\"Om \u00c5pne H\u00f8yre - \u00c5pne H\u00f8yre\",\"isPartOf\":{\"@id\":\"https:\/\/hoyre.no\/aapne\/#website\"},\"image\":{\"@id\":\"https:\/\/hoyre.no\/aapne\/om-apne-hoyre\/#primaryimage\"},\"thumbnailUrl\":\"https:\/\/hoyre.no\/content\/uploads\/sites\/375\/2026\/03\/Alliance-with-Ursula-von-der-Leyen-1024x768.jpg\",\"datePublished\":\"2025-12-18T22:16:08+00:00\",\"dateModified\":\"2026-03-16T09:52:15+00:00\",\"breadcrumb\":{\"@id\":\"https:\/\/hoyre.no\/aapne\/om-apne-hoyre\/#breadcrumb\"},\"inLanguage\":\"nb-NO\",\"potentialAction\":[{\"@type\":\"ReadAction\",\"target\":[\"https:\/\/hoyre.no\/aapne\/om-apne-hoyre\/\"]}]},{\"@type\":\"ImageObject\",\"inLanguage\":\"nb-NO\",\"@id\":\"https:\/\/hoyre.no\/aapne\/om-apne-hoyre\/#primaryimage\",\"url\":\"https:\/\/hoyre.no\/content\/uploads\/sites\/375\/2026\/03\/Alliance-with-Ursula-von-der-Leyen-1024x768.jpg\",\"contentUrl\":\"https:\/\/hoyre.no\/content\/uploads\/sites\/375\/2026\/03\/Alliance-with-Ursula-von-der-Leyen-1024x768.jpg\"},{\"@type\":\"BreadcrumbList\",\"@id\":\"https:\/\/hoyre.no\/aapne\/om-apne-hoyre\/#breadcrumb\",\"itemListElement\":[{\"@type\":\"ListItem\",\"position\":1,\"name\":\"Til hoyre.no\",\"item\":\"https:\/\/hoyre.no\"},{\"@type\":\"ListItem\",\"position\":2,\"name\":\"Hjem\",\"item\":\"https:\/\/hoyre.no\/aapne\/\"},{\"@type\":\"ListItem\",\"position\":3,\"name\":\"Om \u00c5pne H\u00f8yre\"}]},{\"@type\":\"WebSite\",\"@id\":\"https:\/\/hoyre.no\/aapne\/#website\",\"url\":\"https:\/\/hoyre.no\/aapne\/\",\"name\":\"\u00c5pne H\u00f8yre\",\"description\":\"Bare enda et H\u00f8yres nettsteder-nettsted\",\"inLanguage\":\"nb-NO\"}]}<\/script>\n<!-- \/ Yoast SEO plugin. -->","yoast_head_json":{"title":"Om \u00c5pne H\u00f8yre - \u00c5pne H\u00f8yre","robots":{"index":"index","follow":"follow","max-snippet":"max-snippet:-1","max-image-preview":"max-image-preview:large","max-video-preview":"max-video-preview:-1"},"canonical":"https:\/\/hoyre.no\/aapne\/om-apne-hoyre\/","og_locale":"nb_NO","og_type":"article","og_title":"Om \u00c5pne H\u00f8yre - \u00c5pne H\u00f8yre","og_url":"https:\/\/hoyre.no\/aapne\/om-apne-hoyre\/","og_site_name":"\u00c5pne H\u00f8yre","article_modified_time":"2026-03-16T09:52:15+00:00","og_image":[{"url":"https:\/\/hoyre.no\/content\/uploads\/sites\/375\/2026\/03\/514374900_10161070265236297_2820953793198374861_n-1024x768.jpg","width":"","height":"","type":""}],"twitter_card":"summary_large_image","twitter_misc":{"Ansl. lesetid":"3 minutter"},"schema":{"@context":"https:\/\/schema.org","@graph":[{"@type":"WebPage","@id":"https:\/\/hoyre.no\/aapne\/om-apne-hoyre\/","url":"https:\/\/hoyre.no\/aapne\/om-apne-hoyre\/","name":"Om \u00c5pne H\u00f8yre - \u00c5pne H\u00f8yre","isPartOf":{"@id":"https:\/\/hoyre.no\/aapne\/#website"},"image":{"@id":"https:\/\/hoyre.no\/aapne\/om-apne-hoyre\/#primaryimage"},"thumbnailUrl":"https:\/\/hoyre.no\/content\/uploads\/sites\/375\/2026\/03\/Alliance-with-Ursula-von-der-Leyen-1024x768.jpg","datePublished":"2025-12-18T22:16:08+00:00","dateModified":"2026-03-16T09:52:15+00:00","breadcrumb":{"@id":"https:\/\/hoyre.no\/aapne\/om-apne-hoyre\/#breadcrumb"},"inLanguage":"nb-NO","potentialAction":[{"@type":"ReadAction","target":["https:\/\/hoyre.no\/aapne\/om-apne-hoyre\/"]}]},{"@type":"ImageObject","inLanguage":"nb-NO","@id":"https:\/\/hoyre.no\/aapne\/om-apne-hoyre\/#primaryimage","url":"https:\/\/hoyre.no\/content\/uploads\/sites\/375\/2026\/03\/Alliance-with-Ursula-von-der-Leyen-1024x768.jpg","contentUrl":"https:\/\/hoyre.no\/content\/uploads\/sites\/375\/2026\/03\/Alliance-with-Ursula-von-der-Leyen-1024x768.jpg"},{"@type":"BreadcrumbList","@id":"https:\/\/hoyre.no\/aapne\/om-apne-hoyre\/#breadcrumb","itemListElement":[{"@type":"ListItem","position":1,"name":"Til hoyre.no","item":"https:\/\/hoyre.no"},{"@type":"ListItem","position":2,"name":"Hjem","item":"https:\/\/hoyre.no\/aapne\/"},{"@type":"ListItem","position":3,"name":"Om \u00c5pne H\u00f8yre"}]},{"@type":"WebSite","@id":"https:\/\/hoyre.no\/aapne\/#website","url":"https:\/\/hoyre.no\/aapne\/","name":"\u00c5pne H\u00f8yre","description":"Bare enda et H\u00f8yres nettsteder-nettsted","inLanguage":"nb-NO"}]}},"distributor_meta":false,"distributor_terms":false,"distributor_media":false,"distributor_original_site_name":"\u00c5pne H\u00f8yre","distributor_original_site_url":"https:\/\/hoyre.no\/aapne","push-errors":false,"_links":{"self":[{"href":"https:\/\/hoyre.no\/aapne\/wp-json\/wp\/v2\/pages\/285","targetHints":{"allow":["GET"]}}],"collection":[{"href":"https:\/\/hoyre.no\/aapne\/wp-json\/wp\/v2\/pages"}],"about":[{"href":"https:\/\/hoyre.no\/aapne\/wp-json\/wp\/v2\/types\/page"}],"author":[{"embeddable":true,"href":"https:\/\/hoyre.no\/aapne\/wp-json\/wp\/v2\/users\/220"}],"replies":[{"embeddable":true,"href":"https:\/\/hoyre.no\/aapne\/wp-json\/wp\/v2\/comments?post=285"}],"version-history":[{"count":7,"href":"https:\/\/hoyre.no\/aapne\/wp-json\/wp\/v2\/pages\/285\/revisions"}],"predecessor-version":[{"id":370,"href":"https:\/\/hoyre.no\/aapne\/wp-json\/wp\/v2\/pages\/285\/revisions\/370"}],"wp:attachment":[{"href":"https:\/\/hoyre.no\/aapne\/wp-json\/wp\/v2\/media?parent=285"}],"curies":[{"name":"wp","href":"https:\/\/api.w.org\/{rel}","templated":true}]}}