{"id":1826,"date":"2023-04-25T10:20:14","date_gmt":"2023-04-25T08:20:14","guid":{"rendered":"https:\/\/hoyre.no\/agder\/?page_id=1826"},"modified":"2023-04-25T10:20:15","modified_gmt":"2023-04-25T08:20:15","slug":"seks-gode-grunner-til-a-stemme-hoyre","status":"publish","type":"page","link":"https:\/\/hoyre.no\/agder\/seks-gode-grunner-til-a-stemme-hoyre\/","title":{"rendered":"Seks gode grunner til \u00e5 stemme H\u00f8yre"},"content":{"rendered":"\n<div class=\"wp-block-hoyre-hero with-image-gradient text-color-light  has-media alignfull has-background\"><div class=\"hoyre-hero has-image\"><h1 class=\"title\">Seks gode grunner til \u00e5 stemme H\u00f8yre i Agder<\/h1><figure class=\"hoyre-image-wrapper\"><div class=\"hoyre-image\"><img loading=\"lazy\" decoding=\"async\" width=\"2500\" height=\"1623\" src=\"https:\/\/hoyre.no\/content\/uploads\/sites\/6\/2023\/03\/sommer2016_23-scaled.jpg\" class=\"attachment-scaled size-scaled\" alt=\"\" style=\"object-position: 50% 50%\" srcset=\"https:\/\/hoyre.no\/content\/uploads\/sites\/6\/2023\/03\/sommer2016_23-scaled.jpg 2500w, https:\/\/hoyre.no\/content\/uploads\/sites\/6\/2023\/03\/sommer2016_23-300x195.jpg 300w, https:\/\/hoyre.no\/content\/uploads\/sites\/6\/2023\/03\/sommer2016_23-1024x665.jpg 1024w, https:\/\/hoyre.no\/content\/uploads\/sites\/6\/2023\/03\/sommer2016_23-768x499.jpg 768w, https:\/\/hoyre.no\/content\/uploads\/sites\/6\/2023\/03\/sommer2016_23-1536x997.jpg 1536w, https:\/\/hoyre.no\/content\/uploads\/sites\/6\/2023\/03\/sommer2016_23-2048x1330.jpg 2048w\" sizes=\"auto, (max-width: 2500px) 100vw, 2500px\" \/><\/div><\/figure><\/div><\/div>\n\n\n\n\n<div class=\"wp-block-hoyre-banner alignwide undefined\"><div class=\"banner-inner\"><figure class=\"hoyre-image-wrapper\"><div class=\"hoyre-image\"><img loading=\"lazy\" decoding=\"async\" width=\"2500\" height=\"1875\" src=\"https:\/\/hoyre.no\/content\/uploads\/sites\/6\/2023\/04\/IMG_8398-scaled.jpeg\" class=\"attachment-scaled size-scaled\" alt=\"\" style=\"object-position: 68% 43%\" srcset=\"https:\/\/hoyre.no\/content\/uploads\/sites\/6\/2023\/04\/IMG_8398-scaled.jpeg 2500w, https:\/\/hoyre.no\/content\/uploads\/sites\/6\/2023\/04\/IMG_8398-300x225.jpeg 300w, https:\/\/hoyre.no\/content\/uploads\/sites\/6\/2023\/04\/IMG_8398-1024x768.jpeg 1024w, https:\/\/hoyre.no\/content\/uploads\/sites\/6\/2023\/04\/IMG_8398-768x576.jpeg 768w, https:\/\/hoyre.no\/content\/uploads\/sites\/6\/2023\/04\/IMG_8398-1536x1152.jpeg 1536w, https:\/\/hoyre.no\/content\/uploads\/sites\/6\/2023\/04\/IMG_8398-2048x1536.jpeg 2048w\" sizes=\"auto, (max-width: 2500px) 100vw, 2500px\" \/><\/div><\/figure><div class=\"banner-content\"><div class=\"entry-content\">\n<p>Det skjer mye bra i Agder med H\u00f8yre ved roret, men H\u00f8yre vil ha et Agder p\u00e5 sitt beste. Flere skal fullf\u00f8re videreg\u00e5ende, tempoet p\u00e5 veibyggingen skal opp, utslippene skal ned, og vi skal spille p\u00e5 lag med jobbskaperne for f\u00e5 flere i jobb. Et Agder p\u00e5 sitt beste er et Agder med muligheter for alle.&nbsp;<\/p>\n\n\n\n<div class=\"wp-block-buttons is-layout-flex wp-block-buttons-is-layout-flex\"><\/div>\n<\/div><\/div><\/div><\/div>\n\n\n\n\n<div class=\"wp-block-media-text alignwide is-stacked-on-mobile\"><figure class=\"wp-block-media-text__media\"><img loading=\"lazy\" decoding=\"async\" width=\"1024\" height=\"683\" src=\"https:\/\/hoyre.no\/content\/uploads\/sites\/6\/2023\/04\/GettyImages-1159377116-1024x683.jpg\" alt=\"\" class=\"wp-image-1828 size-full\" srcset=\"https:\/\/hoyre.no\/content\/uploads\/sites\/6\/2023\/04\/GettyImages-1159377116-1024x683.jpg 1024w, https:\/\/hoyre.no\/content\/uploads\/sites\/6\/2023\/04\/GettyImages-1159377116-300x200.jpg 300w, https:\/\/hoyre.no\/content\/uploads\/sites\/6\/2023\/04\/GettyImages-1159377116-768x512.jpg 768w, https:\/\/hoyre.no\/content\/uploads\/sites\/6\/2023\/04\/GettyImages-1159377116-1536x1024.jpg 1536w, https:\/\/hoyre.no\/content\/uploads\/sites\/6\/2023\/04\/GettyImages-1159377116-2048x1365.jpg 2048w\" sizes=\"auto, (max-width: 1024px) 100vw, 1024px\" \/><\/figure><div class=\"wp-block-media-text__content\">\n<h2 class=\"wp-block-heading\" id=\"h-1-en-kunnskapsskole-som-gir-muligheter-for-alle\">1. En kunnskapsskole som gir muligheter for alle<\/h2>\n\n\n\n<p>H\u00f8yre vil ha en skole med muligheter for alle, uavhengig av hvilken familie du kommer fra. Vi skal ha en skole som setter den enkelte elev i sentrum. En skole som fanger opp b\u00e5de de som trenger ekstra hjelp og de som vil ha st\u00f8rre utfordringer. Elevene skal ha frihet til \u00e5 velge videreg\u00e5ende skole selv, og skal f\u00e5 rask og god oppf\u00f8lging fra skolehelsetjenesten n\u00e5r man trenger det. Skolen skal forberede elevene p\u00e5 fremtidens arbeidsliv, og H\u00f8yre vil derfor fortsette satsingen p\u00e5 yrkesfag. 9 av 10 skal fullf\u00f8re videreg\u00e5ende oppl\u00e6ring og alle skal gis best mulige forutsetninger for \u00e5 komme seg ut i jobb.<\/p>\n<\/div><\/div>\n\n\n\n<div class=\"wp-block-media-text alignwide has-media-on-the-right is-stacked-on-mobile\"><figure class=\"wp-block-media-text__media\"><img decoding=\"async\" src=\"https:\/\/hoyre.no\/content\/uploads\/sites\/28\/2022\/12\/GettyImages-516689144-1024x683.jpg\" alt=\"Barn som spiller fotball\" class=\"wp-image-553 size-full\" \/><\/figure><div class=\"wp-block-media-text__content\">\n<h2 class=\"wp-block-heading\" id=\"h-2-inkludere-flere\">2. Inkludere flere<\/h2>\n\n\n\n<p>H\u00f8yre vil ta kampen mot utenforskapet i Agder. Det er viktig for b\u00e5de den enkelte og for samfunnet at flest mulig har en jobb \u00e5 g\u00e5 til. Da m\u00e5 vi satse p\u00e5 kompetanse, god n\u00e6ringsutvikling og st\u00f8tte opp om sosiale entrepren\u00f8rer og inkluderende arbeidsplasser. Alle skal ha mulighet til \u00e5 delta p\u00e5 fritidsaktiviteter. Det f\u00e5r vi til ved \u00e5 spille p\u00e5 lag med kommunene og med frivillige lag og foreninger. H\u00f8yres m\u00e5l er et Agder med&nbsp;muligheter for alle.<\/p>\n<\/div><\/div>\n\n\n\n<div class=\"wp-block-media-text alignwide is-stacked-on-mobile\"><figure class=\"wp-block-media-text__media\"><img loading=\"lazy\" decoding=\"async\" width=\"1024\" height=\"683\" src=\"https:\/\/hoyre.no\/content\/uploads\/sites\/6\/2023\/04\/GettyImages-490607422-1024x683.jpg\" alt=\"\" class=\"wp-image-1829 size-full\" srcset=\"https:\/\/hoyre.no\/content\/uploads\/sites\/6\/2023\/04\/GettyImages-490607422-1024x683.jpg 1024w, https:\/\/hoyre.no\/content\/uploads\/sites\/6\/2023\/04\/GettyImages-490607422-300x200.jpg 300w, https:\/\/hoyre.no\/content\/uploads\/sites\/6\/2023\/04\/GettyImages-490607422-768x512.jpg 768w, https:\/\/hoyre.no\/content\/uploads\/sites\/6\/2023\/04\/GettyImages-490607422-1536x1024.jpg 1536w, https:\/\/hoyre.no\/content\/uploads\/sites\/6\/2023\/04\/GettyImages-490607422-2048x1365.jpg 2048w\" sizes=\"auto, (max-width: 1024px) 100vw, 1024px\" \/><\/figure><div class=\"wp-block-media-text__content\">\n<h2 class=\"wp-block-heading\" id=\"h-3-pa-lag-med-jobbskaperne\">3. P\u00e5 lag med jobbskaperne<\/h2>\n\n\n\n<p>Gode lokalsamfunn krever solide bedrifter. Det gir arbeidsplasser og trygghet for den enkelte. H\u00f8yre vil legge til rette for at nye jobber skapes, og at fylkeskommunen skal oppleves som en fremoverlent medspiller for n\u00e6ringslivet. Vi skal lytte til de behovene bedriftene har, drive forutsigbar n\u00e6ringspolitikk, og lete etter muligheter til \u00e5 si ja fremfor nei. Enten det handler om \u00e5 f\u00e5 tilgang p\u00e5 kvalifisert arbeidskraft, areal eller en mer effektiv saksbehandling, skal vi spille p\u00e5 lag med de som skaper jobber i Agder.<\/p>\n<\/div><\/div>\n\n\n\n<div class=\"wp-block-media-text alignwide has-media-on-the-right is-stacked-on-mobile\"><figure class=\"wp-block-media-text__media\"><img loading=\"lazy\" decoding=\"async\" width=\"1024\" height=\"684\" src=\"https:\/\/hoyre.no\/content\/uploads\/sites\/6\/2023\/02\/DSC_3012-1024x684.jpg\" alt=\"\" class=\"wp-image-1688 size-full\" srcset=\"https:\/\/hoyre.no\/content\/uploads\/sites\/6\/2023\/02\/DSC_3012-1024x684.jpg 1024w, https:\/\/hoyre.no\/content\/uploads\/sites\/6\/2023\/02\/DSC_3012-300x200.jpg 300w, https:\/\/hoyre.no\/content\/uploads\/sites\/6\/2023\/02\/DSC_3012-768x513.jpg 768w, https:\/\/hoyre.no\/content\/uploads\/sites\/6\/2023\/02\/DSC_3012-1536x1025.jpg 1536w, https:\/\/hoyre.no\/content\/uploads\/sites\/6\/2023\/02\/DSC_3012-2048x1367.jpg 2048w\" sizes=\"auto, (max-width: 1024px) 100vw, 1024px\" \/><\/figure><div class=\"wp-block-media-text__content\">\n<h2 class=\"wp-block-heading\" id=\"h-4-raskere-frem-og-tryggere-hjem\">4. Raskere frem og tryggere hjem<\/h2>\n\n\n\n<p>H\u00f8yres viktigste m\u00e5l med samferdselspolitikken er \u00e5 binde hele Agder sammen. God infrastruktur gj\u00f8r at n\u00e6ringslivet f\u00e5r varene sine raskere frem, og at flere kommer seg trygt dit de skal. Vi vil fortsette \u00e5 satse stort p\u00e5 veibygging, trygge skoleveier&nbsp;og vedlikehold av fylkesveier. H\u00f8yre vil&nbsp;jobbe for \u00e5 f\u00e5 fart p\u00e5 regjeringens utsettelser av firefeltsvei gjennom Agder. Samtidig skal vi styrke kollektivtransporten som alternativ til bilen, s\u00e6rlig i de store byomr\u00e5dene.<\/p>\n<\/div><\/div>\n\n\n\n<div class=\"wp-block-media-text alignwide is-stacked-on-mobile\"><figure class=\"wp-block-media-text__media\"><img loading=\"lazy\" decoding=\"async\" width=\"1024\" height=\"683\" src=\"https:\/\/hoyre.no\/content\/uploads\/sites\/6\/2023\/04\/GettyImages-1151450738-1024x683.jpg\" alt=\"\" class=\"wp-image-1830 size-full\" srcset=\"https:\/\/hoyre.no\/content\/uploads\/sites\/6\/2023\/04\/GettyImages-1151450738-1024x683.jpg 1024w, https:\/\/hoyre.no\/content\/uploads\/sites\/6\/2023\/04\/GettyImages-1151450738-300x200.jpg 300w, https:\/\/hoyre.no\/content\/uploads\/sites\/6\/2023\/04\/GettyImages-1151450738-768x512.jpg 768w, https:\/\/hoyre.no\/content\/uploads\/sites\/6\/2023\/04\/GettyImages-1151450738-1536x1024.jpg 1536w, https:\/\/hoyre.no\/content\/uploads\/sites\/6\/2023\/04\/GettyImages-1151450738-2048x1365.jpg 2048w\" sizes=\"auto, (max-width: 1024px) 100vw, 1024px\" \/><\/figure><div class=\"wp-block-media-text__content\">\n<h2 class=\"wp-block-heading\" id=\"h-5-kutte-utslippene-ikke-utviklingen\">5. Kutte utslippene, ikke utviklingen<\/h2>\n\n\n\n<p>H\u00f8yre vil ha en offensiv klimapolitikk som bidrar til \u00e5 kutte i utslippene, men ikke utviklingen i samfunnet. Dette gj\u00f8r vi gjennom \u00e5 gj\u00f8re det l\u00f8nnsomt for bedriftene \u00e5 omstille seg til gr\u00f8nnere l\u00f8sninger. Vi vil satse p\u00e5 nye gr\u00f8nne n\u00e6ringer som hydrogen, havvind, solkraft, ammoniakk og batterifabrikker. H\u00f8yre vil gj\u00f8re det lettere \u00e5 velge milj\u00f8vennlig, enten det er \u00e5 bedre kollektivtilbudet der du bor eller smartere energil\u00f8sninger i hjemmet.<\/p>\n<\/div><\/div>\n\n\n\n<div class=\"wp-block-media-text alignwide has-media-on-the-right is-stacked-on-mobile\"><figure class=\"wp-block-media-text__media\"><img loading=\"lazy\" decoding=\"async\" width=\"1024\" height=\"683\" src=\"https:\/\/hoyre.no\/content\/uploads\/sites\/6\/2023\/04\/GettyImages-157420343-1024x683.jpg\" alt=\"\" class=\"wp-image-1832 size-full\" srcset=\"https:\/\/hoyre.no\/content\/uploads\/sites\/6\/2023\/04\/GettyImages-157420343-1024x683.jpg 1024w, https:\/\/hoyre.no\/content\/uploads\/sites\/6\/2023\/04\/GettyImages-157420343-300x200.jpg 300w, https:\/\/hoyre.no\/content\/uploads\/sites\/6\/2023\/04\/GettyImages-157420343-768x512.jpg 768w, https:\/\/hoyre.no\/content\/uploads\/sites\/6\/2023\/04\/GettyImages-157420343-1536x1024.jpg 1536w, https:\/\/hoyre.no\/content\/uploads\/sites\/6\/2023\/04\/GettyImages-157420343-2048x1365.jpg 2048w\" sizes=\"auto, (max-width: 1024px) 100vw, 1024px\" \/><\/figure><div class=\"wp-block-media-text__content\">\n<h2 class=\"wp-block-heading\" id=\"h-6-gode-kultur-og-fritidsaktiviteter-for-alle\">6. Gode kultur- og fritidsaktiviteter for alle<\/h2>\n\n\n\n<p>Mangfold i kultur-, idretts- og fritidstilbud skaper gode m\u00f8teplasser og lokalsamfunn. H\u00f8yre \u00f8nsker \u00e5 legge til rette for st\u00f8rst mulig frivillig engasjement i b\u00e5de idrett og kulturliv. Vi vil gi alle muligheter til gode kultur- og idrettsopplevelser, uavhengig av st\u00f8rrelsen p\u00e5 lommeboka. Derfor vil vi st\u00f8tte regionale idrettsanlegg, og bidra til muligheter for friluftsliv, museumsopplevelser og kulturtilbud over hele Agder. H\u00f8yre vil st\u00f8tte opp om frivilligheten og kulturlivet, b\u00e5de for unge og eldre.<\/p>\n<\/div><\/div>\n\n\n\n<div class=\"wp-block-hoyre-banner alignwide undefined has-icon-title icon-heart is-style-blue\"><div class=\"banner-inner\"><figure class=\"hoyre-image-wrapper\"><div class=\"hoyre-image\"><img loading=\"lazy\" decoding=\"async\" width=\"1134\" height=\"1194\" src=\"https:\/\/hoyre.no\/content\/uploads\/sites\/6\/2021\/08\/agunn-og-Arne-e1630395713314.jpg\" class=\"attachment-scaled size-scaled\" alt=\"\" style=\"object-position: 50% 72%\" srcset=\"https:\/\/hoyre.no\/content\/uploads\/sites\/6\/2021\/08\/agunn-og-Arne-e1630395713314.jpg 1134w, https:\/\/hoyre.no\/content\/uploads\/sites\/6\/2021\/08\/agunn-og-Arne-e1630395713314-285x300.jpg 285w, https:\/\/hoyre.no\/content\/uploads\/sites\/6\/2021\/08\/agunn-og-Arne-e1630395713314-973x1024.jpg 973w, https:\/\/hoyre.no\/content\/uploads\/sites\/6\/2021\/08\/agunn-og-Arne-e1630395713314-768x809.jpg 768w\" sizes=\"auto, (max-width: 1134px) 100vw, 1134px\" \/><\/div><\/figure><div class=\"banner-content\"><div class=\"entry-content\">\n<h2 class=\"wp-block-heading\">Fant du ikke din hjertesak?<\/h2>\n\n\n\n<p>Det er heldigvis mange gode grunner til \u00e5 stemme H\u00f8yre i Agder. Finn ut hva vi mener om din hjertesak ved \u00e5 lese programmet v\u00e5rt!<\/p>\n\n\n\n<div class=\"wp-block-buttons is-layout-flex wp-block-buttons-is-layout-flex\">\n<div class=\"wp-block-button\"><a class=\"wp-block-button__link\" href=\"https:\/\/hoyre.no\/agder\/politikk\/\">LES Agder H\u00d8YRES VALGPROGRAM<\/a><\/div>\n<\/div>\n<\/div><\/div><\/div><\/div>\n\n\n\n<div class=\"wp-block-hoyre-banner alignwide undefined\"><div class=\"banner-inner\"><figure class=\"hoyre-image-wrapper\"><div class=\"hoyre-image\"><img loading=\"lazy\" decoding=\"async\" width=\"1667\" height=\"2500\" src=\"https:\/\/hoyre.no\/content\/uploads\/sites\/6\/2023\/03\/A1A0743_Foto_Mona_Hauglid-scaled.jpg\" class=\"attachment-scaled size-scaled\" alt=\"\" style=\"object-position: 48% 13%\" srcset=\"https:\/\/hoyre.no\/content\/uploads\/sites\/6\/2023\/03\/A1A0743_Foto_Mona_Hauglid-scaled.jpg 1667w, https:\/\/hoyre.no\/content\/uploads\/sites\/6\/2023\/03\/A1A0743_Foto_Mona_Hauglid-200x300.jpg 200w, https:\/\/hoyre.no\/content\/uploads\/sites\/6\/2023\/03\/A1A0743_Foto_Mona_Hauglid-683x1024.jpg 683w, https:\/\/hoyre.no\/content\/uploads\/sites\/6\/2023\/03\/A1A0743_Foto_Mona_Hauglid-768x1152.jpg 768w, https:\/\/hoyre.no\/content\/uploads\/sites\/6\/2023\/03\/A1A0743_Foto_Mona_Hauglid-1024x1536.jpg 1024w, https:\/\/hoyre.no\/content\/uploads\/sites\/6\/2023\/03\/A1A0743_Foto_Mona_Hauglid-1365x2048.jpg 1365w\" sizes=\"auto, (max-width: 1667px) 100vw, 1667px\" \/><\/div><\/figure><div class=\"banner-content\"><div class=\"entry-content\">\n<h2 class=\"wp-block-heading\">Bli bedre kjent med Agder H\u00f8yres ordf\u00f8rerkandidat<\/h2>\n\n\n\n<p>Arne Thomassen er v\u00e5r fylkesordf\u00f8rerkandidat for fylkestingsvalget i 2023. Bli bedre kjent med hvem han er og hva han st\u00e5r for \ud83d\udc47<\/p>\n\n\n\n<div class=\"wp-block-buttons is-layout-flex wp-block-buttons-is-layout-flex\">\n<div class=\"wp-block-button\"><a class=\"wp-block-button__link\" href=\"https:\/\/hoyre.no\/agder\/arne-thomassen-var-fylkesordforerkandidat\/\">BLI KJENT MED Arne<\/a><\/div>\n<\/div>\n<\/div><\/div><\/div><\/div>\n","protected":false},"excerpt":{"rendered":"<p>1. En kunnskapsskole som gir muligheter for alle H\u00f8yre vil ha en skole med muligheter for alle, uavhengig av hvilken familie du kommer fra. Vi skal ha en skole som setter den enkelte elev i sentrum. En skole som fanger opp b\u00e5de de som trenger ekstra hjelp og de som vil ha st\u00f8rre utfordringer. Elevene [&hellip;]<\/p>\n","protected":false},"author":347,"featured_media":0,"parent":0,"menu_order":0,"comment_status":"closed","ping_status":"closed","template":"","meta":{"teft_cards_image_url":"","teft_cards_custom_pretitle":"","teft_cards_image_id":0,"teft_cards_image_focal_point_x":0,"teft_cards_image_focal_point_y":0,"teft_cards_title":"","teft_cards_excerpt":"","teft_show_chapters":false,"footnotes":""},"class_list":["post-1826","page","type-page","status-publish","hentry"],"yoast_head":"<!-- This site is optimized with the Yoast SEO Premium plugin v26.5 (Yoast SEO v26.6) - https:\/\/yoast.com\/wordpress\/plugins\/seo\/ -->\n<title>Seks gode grunner til \u00e5 stemme H\u00f8yre - Agder H\u00f8yre<\/title>\n<meta name=\"robots\" content=\"index, follow, max-snippet:-1, max-image-preview:large, max-video-preview:-1\" \/>\n<link rel=\"canonical\" href=\"https:\/\/hoyre.no\/agder\/seks-gode-grunner-til-a-stemme-hoyre\/\" \/>\n<meta property=\"og:locale\" content=\"nb_NO\" \/>\n<meta property=\"og:type\" content=\"article\" \/>\n<meta property=\"og:title\" content=\"Seks gode grunner til \u00e5 stemme H\u00f8yre\" \/>\n<meta property=\"og:description\" content=\"1. En kunnskapsskole som gir muligheter for alle H\u00f8yre vil ha en skole med muligheter for alle, uavhengig av hvilken familie du kommer fra. Vi skal ha en skole som setter den enkelte elev i sentrum. En skole som fanger opp b\u00e5de de som trenger ekstra hjelp og de som vil ha st\u00f8rre utfordringer. Elevene [&hellip;]\" \/>\n<meta property=\"og:url\" content=\"https:\/\/hoyre.no\/agder\/seks-gode-grunner-til-a-stemme-hoyre\/\" \/>\n<meta property=\"og:site_name\" content=\"Agder H\u00f8yre\" \/>\n<meta property=\"article:modified_time\" content=\"2023-04-25T08:20:15+00:00\" \/>\n<meta property=\"og:image\" content=\"https:\/\/hoyre.no\/content\/uploads\/sites\/6\/2023\/04\/GettyImages-1159377116-1024x683.jpg\" \/>\n<meta name=\"twitter:card\" content=\"summary_large_image\" \/>\n<meta name=\"twitter:label1\" content=\"Ansl. lesetid\" \/>\n\t<meta name=\"twitter:data1\" content=\"5 minutter\" \/>\n<script type=\"application\/ld+json\" class=\"yoast-schema-graph\">{\"@context\":\"https:\/\/schema.org\",\"@graph\":[{\"@type\":\"WebPage\",\"@id\":\"https:\/\/hoyre.no\/agder\/seks-gode-grunner-til-a-stemme-hoyre\/\",\"url\":\"https:\/\/hoyre.no\/agder\/seks-gode-grunner-til-a-stemme-hoyre\/\",\"name\":\"Seks gode grunner til \u00e5 stemme H\u00f8yre - Agder H\u00f8yre\",\"isPartOf\":{\"@id\":\"https:\/\/hoyre.no\/agder\/#website\"},\"image\":{\"@id\":\"https:\/\/hoyre.no\/agder\/seks-gode-grunner-til-a-stemme-hoyre\/#primaryimage\"},\"thumbnailUrl\":\"https:\/\/hoyre.no\/content\/uploads\/sites\/6\/2023\/04\/GettyImages-1159377116-1024x683.jpg\",\"datePublished\":\"2023-04-25T08:20:14+00:00\",\"dateModified\":\"2023-04-25T08:20:15+00:00\",\"breadcrumb\":{\"@id\":\"https:\/\/hoyre.no\/agder\/seks-gode-grunner-til-a-stemme-hoyre\/#breadcrumb\"},\"inLanguage\":\"nb-NO\",\"potentialAction\":[{\"@type\":\"ReadAction\",\"target\":[\"https:\/\/hoyre.no\/agder\/seks-gode-grunner-til-a-stemme-hoyre\/\"]}]},{\"@type\":\"ImageObject\",\"inLanguage\":\"nb-NO\",\"@id\":\"https:\/\/hoyre.no\/agder\/seks-gode-grunner-til-a-stemme-hoyre\/#primaryimage\",\"url\":\"https:\/\/hoyre.no\/content\/uploads\/sites\/6\/2023\/04\/GettyImages-1159377116-1024x683.jpg\",\"contentUrl\":\"https:\/\/hoyre.no\/content\/uploads\/sites\/6\/2023\/04\/GettyImages-1159377116-1024x683.jpg\"},{\"@type\":\"BreadcrumbList\",\"@id\":\"https:\/\/hoyre.no\/agder\/seks-gode-grunner-til-a-stemme-hoyre\/#breadcrumb\",\"itemListElement\":[{\"@type\":\"ListItem\",\"position\":1,\"name\":\"Til hoyre.no\",\"item\":\"https:\/\/hoyre.no\"},{\"@type\":\"ListItem\",\"position\":2,\"name\":\"Hjem\",\"item\":\"https:\/\/hoyre.no\/agder\/\"},{\"@type\":\"ListItem\",\"position\":3,\"name\":\"Seks gode grunner til \u00e5 stemme H\u00f8yre\"}]},{\"@type\":\"WebSite\",\"@id\":\"https:\/\/hoyre.no\/agder\/#website\",\"url\":\"https:\/\/hoyre.no\/agder\/\",\"name\":\"Agder H\u00f8yre\",\"description\":\"Bare enda et H\u00f8yres nettsteder-nettsted\",\"inLanguage\":\"nb-NO\"}]}<\/script>\n<!-- \/ Yoast SEO Premium plugin. -->","yoast_head_json":{"title":"Seks gode grunner til \u00e5 stemme H\u00f8yre - Agder H\u00f8yre","robots":{"index":"index","follow":"follow","max-snippet":"max-snippet:-1","max-image-preview":"max-image-preview:large","max-video-preview":"max-video-preview:-1"},"canonical":"https:\/\/hoyre.no\/agder\/seks-gode-grunner-til-a-stemme-hoyre\/","og_locale":"nb_NO","og_type":"article","og_title":"Seks gode grunner til \u00e5 stemme H\u00f8yre","og_description":"1. En kunnskapsskole som gir muligheter for alle H\u00f8yre vil ha en skole med muligheter for alle, uavhengig av hvilken familie du kommer fra. Vi skal ha en skole som setter den enkelte elev i sentrum. En skole som fanger opp b\u00e5de de som trenger ekstra hjelp og de som vil ha st\u00f8rre utfordringer. Elevene [&hellip;]","og_url":"https:\/\/hoyre.no\/agder\/seks-gode-grunner-til-a-stemme-hoyre\/","og_site_name":"Agder H\u00f8yre","article_modified_time":"2023-04-25T08:20:15+00:00","og_image":[{"url":"https:\/\/hoyre.no\/content\/uploads\/sites\/6\/2023\/04\/GettyImages-1159377116-1024x683.jpg","type":"","width":"","height":""}],"twitter_card":"summary_large_image","twitter_misc":{"Ansl. lesetid":"5 minutter"},"schema":{"@context":"https:\/\/schema.org","@graph":[{"@type":"WebPage","@id":"https:\/\/hoyre.no\/agder\/seks-gode-grunner-til-a-stemme-hoyre\/","url":"https:\/\/hoyre.no\/agder\/seks-gode-grunner-til-a-stemme-hoyre\/","name":"Seks gode grunner til \u00e5 stemme H\u00f8yre - Agder H\u00f8yre","isPartOf":{"@id":"https:\/\/hoyre.no\/agder\/#website"},"image":{"@id":"https:\/\/hoyre.no\/agder\/seks-gode-grunner-til-a-stemme-hoyre\/#primaryimage"},"thumbnailUrl":"https:\/\/hoyre.no\/content\/uploads\/sites\/6\/2023\/04\/GettyImages-1159377116-1024x683.jpg","datePublished":"2023-04-25T08:20:14+00:00","dateModified":"2023-04-25T08:20:15+00:00","breadcrumb":{"@id":"https:\/\/hoyre.no\/agder\/seks-gode-grunner-til-a-stemme-hoyre\/#breadcrumb"},"inLanguage":"nb-NO","potentialAction":[{"@type":"ReadAction","target":["https:\/\/hoyre.no\/agder\/seks-gode-grunner-til-a-stemme-hoyre\/"]}]},{"@type":"ImageObject","inLanguage":"nb-NO","@id":"https:\/\/hoyre.no\/agder\/seks-gode-grunner-til-a-stemme-hoyre\/#primaryimage","url":"https:\/\/hoyre.no\/content\/uploads\/sites\/6\/2023\/04\/GettyImages-1159377116-1024x683.jpg","contentUrl":"https:\/\/hoyre.no\/content\/uploads\/sites\/6\/2023\/04\/GettyImages-1159377116-1024x683.jpg"},{"@type":"BreadcrumbList","@id":"https:\/\/hoyre.no\/agder\/seks-gode-grunner-til-a-stemme-hoyre\/#breadcrumb","itemListElement":[{"@type":"ListItem","position":1,"name":"Til hoyre.no","item":"https:\/\/hoyre.no"},{"@type":"ListItem","position":2,"name":"Hjem","item":"https:\/\/hoyre.no\/agder\/"},{"@type":"ListItem","position":3,"name":"Seks gode grunner til \u00e5 stemme H\u00f8yre"}]},{"@type":"WebSite","@id":"https:\/\/hoyre.no\/agder\/#website","url":"https:\/\/hoyre.no\/agder\/","name":"Agder H\u00f8yre","description":"Bare enda et H\u00f8yres nettsteder-nettsted","inLanguage":"nb-NO"}]}},"distributor_meta":false,"distributor_terms":false,"distributor_media":false,"distributor_original_site_name":"Agder H\u00f8yre","distributor_original_site_url":"https:\/\/hoyre.no\/agder","push-errors":false,"_links":{"self":[{"href":"https:\/\/hoyre.no\/agder\/wp-json\/wp\/v2\/pages\/1826","targetHints":{"allow":["GET"]}}],"collection":[{"href":"https:\/\/hoyre.no\/agder\/wp-json\/wp\/v2\/pages"}],"about":[{"href":"https:\/\/hoyre.no\/agder\/wp-json\/wp\/v2\/types\/page"}],"author":[{"embeddable":true,"href":"https:\/\/hoyre.no\/agder\/wp-json\/wp\/v2\/users\/347"}],"replies":[{"embeddable":true,"href":"https:\/\/hoyre.no\/agder\/wp-json\/wp\/v2\/comments?post=1826"}],"version-history":[{"count":2,"href":"https:\/\/hoyre.no\/agder\/wp-json\/wp\/v2\/pages\/1826\/revisions"}],"predecessor-version":[{"id":1834,"href":"https:\/\/hoyre.no\/agder\/wp-json\/wp\/v2\/pages\/1826\/revisions\/1834"}],"wp:attachment":[{"href":"https:\/\/hoyre.no\/agder\/wp-json\/wp\/v2\/media?parent=1826"}],"curies":[{"name":"wp","href":"https:\/\/api.w.org\/{rel}","templated":true}]}}