{"id":1155,"date":"2025-01-03T10:03:33","date_gmt":"2025-01-03T09:03:33","guid":{"rendered":"https:\/\/hoyre.no\/akershus\/?page_id=1155"},"modified":"2025-08-05T15:25:27","modified_gmt":"2025-08-05T13:25:27","slug":"anne-kristine-linnestad","status":"publish","type":"page","link":"https:\/\/hoyre.no\/akershus\/anne-kristine-linnestad\/","title":{"rendered":"Anne Kristine Linnestad"},"content":{"rendered":"\n<div class=\"wp-block-hoyre-hero with-image-gradient text-color-light  alignfull has-background\"><div class=\"hoyre-hero \"><h1 class=\"title\">Anne Kristine Linnestad<\/h1><p class=\"preamble\">3. kandidat for Akershus H\u00f8yre ved stortingsvalget 2025.<br><br>Les mer om Anne Kristine <a href=\"https:\/\/www.nettavisen.no\/vis\/annonse\/akershus-hoyre\/anne-kristine-linnestad\/1338001\">her<\/a><\/p><\/div><\/div>\n\n\n\n<figure class=\"wp-block-image size-large\"><img loading=\"lazy\" decoding=\"async\" width=\"1024\" height=\"683\" src=\"https:\/\/hoyre.no\/content\/uploads\/sites\/432\/2025\/06\/Anne-Kristine-Linnestad-11.-juni-2025-7-1024x683.jpg\" alt=\"\" class=\"wp-image-1516\" srcset=\"https:\/\/hoyre.no\/content\/uploads\/sites\/432\/2025\/06\/Anne-Kristine-Linnestad-11.-juni-2025-7-1024x683.jpg 1024w, https:\/\/hoyre.no\/content\/uploads\/sites\/432\/2025\/06\/Anne-Kristine-Linnestad-11.-juni-2025-7-300x200.jpg 300w, https:\/\/hoyre.no\/content\/uploads\/sites\/432\/2025\/06\/Anne-Kristine-Linnestad-11.-juni-2025-7-768x512.jpg 768w, https:\/\/hoyre.no\/content\/uploads\/sites\/432\/2025\/06\/Anne-Kristine-Linnestad-11.-juni-2025-7-1536x1024.jpg 1536w, https:\/\/hoyre.no\/content\/uploads\/sites\/432\/2025\/06\/Anne-Kristine-Linnestad-11.-juni-2025-7-2048x1365.jpg 2048w\" sizes=\"auto, (max-width: 1024px) 100vw, 1024px\" \/><figcaption class=\"wp-element-caption\">Anne Kristine Linnestad. Foto: Elias Rasch, Aura Media AS.<\/figcaption><\/figure>\n\n\n\n\n<div class=\"wp-block-hoyre-banner undefined has-icon-title icon-heart is-style-blue\"><div class=\"banner-inner\"><div class=\"banner-content\"><div class=\"entry-content\">\n<h2 class=\"wp-block-heading has-text-align-center\" id=\"h-bli-bedre-kjent-med-anne\">Bli bedre kjent med Anne Kristine!<\/h2>\n\n\n\n<p class=\"has-text-align-left\"><strong>Alder:&nbsp;<\/strong>63<strong><br>Kommune:&nbsp;<\/strong>Nordre Follo<strong><br>N\u00e5v\u00e6rende stilling:&nbsp;<\/strong>Stortingsrepresentant<\/p>\n\n\n\n<p class=\"has-text-align-left\"><strong>Hvorfor stiller du til valg for Akershus H\u00f8yre?<\/strong><br>Jeg mener H\u00f8yre har de beste l\u00f8sningene p\u00e5 de utfordringene Norge st\u00e5r overfor n\u00e5 og fremover.<br><br>3 \u00e5r med St\u00f8re-regjeringen, hvor alt for mange piler g\u00e5r i feil retning, har vist at det betyr noe hvem som styrer Norge.<br><br>Oslofjorden er i ferd med \u00e5 d\u00f8, E-18 b\u00e5de \u00f8st og vest for Oslo er enda ikke ferdigstilt, ventetidene for hjelp og behandling i spesialisthelsetjenestene er alt for lange, ungdomskriminaliteten \u00f8ker og blir stadig grovere, antallet unge som faller utenfor er alt for h\u00f8yt og Norge sl\u00f8ser med mennesker som kunne deltatt i arbeidslivet i st\u00f8rre eller mindre grad, men uansett deltatt. Digitaliseringen av offentlig sektor har bremset opp og Norge er i ferd med \u00e5 bli hengende etter i den teknologiske utviklingen sammenlignet med resten av Europa. Dette er noen av de pilene jeg mener St\u00f8re-regjeringen har f\u00f8rt i feil retning og som jeg vil v\u00e6re med \u00e5 snu.<\/p>\n\n\n\n<p class=\"has-text-align-left\"><strong>Politiske interesseomr\u00e5der:<\/strong> <br>&#8211; Kommunal- og forvaltningspolitikk, spesielt effektivisering og digitalisering av Norge.<br>&#8211; Samferdselspolitikk, helsepolitikk og n\u00e6ringspolitikk.<br><br><strong>Bakgrunn:<\/strong> Tidligere ordf\u00f8rer i Ski kommune, og har jobbet som r\u00e5dgiver i Follo Kvalifiseringssenter IKS og v\u00e6rt avdelingsleder i ISS Personalhuset.<\/p>\n\n\n\n<div class=\"wp-block-buttons is-layout-flex wp-block-buttons-is-layout-flex\">\n<div class=\"wp-block-button\"><a class=\"wp-block-button__link wp-element-button\" href=\"https:\/\/www.facebook.com\/Linnestad\">F\u00f8lg Anne Kristine p\u00e5 facebook<\/a><\/div>\n<\/div>\n<\/div><\/div><\/div><\/div>\n\n","protected":false},"excerpt":{"rendered":"","protected":false},"author":202,"featured_media":0,"parent":0,"menu_order":0,"comment_status":"closed","ping_status":"closed","template":"","meta":{"teft_cards_image_url":"","teft_cards_custom_pretitle":"","teft_cards_image_id":1516,"teft_cards_image_focal_point_x":0.52,"teft_cards_image_focal_point_y":0.27,"teft_cards_title":"","teft_cards_excerpt":"","teft_show_chapters":false,"footnotes":""},"class_list":["post-1155","page","type-page","status-publish","hentry"],"yoast_head":"<!-- This site is optimized with the Yoast SEO plugin v26.6 - https:\/\/yoast.com\/wordpress\/plugins\/seo\/ -->\n<title>Anne Kristine Linnestad - Akershus H\u00f8yre<\/title>\n<meta name=\"description\" content=\"Stortingsrepresentant fra Nordre Follo og kandidat for Akershus H\u00f8yre til stortingsvalget 2025. Medlem av kommunal- og forvaltningskomiteen.\" \/>\n<meta name=\"robots\" content=\"index, follow, max-snippet:-1, max-image-preview:large, max-video-preview:-1\" \/>\n<link rel=\"canonical\" href=\"https:\/\/hoyre.no\/akershus\/anne-kristine-linnestad\/\" \/>\n<meta property=\"og:locale\" content=\"nb_NO\" \/>\n<meta property=\"og:type\" content=\"article\" \/>\n<meta property=\"og:title\" content=\"Anne Kristine Linnestad - Akershus H\u00f8yre\" \/>\n<meta property=\"og:description\" content=\"Stortingsrepresentant fra Nordre Follo og kandidat for Akershus H\u00f8yre til stortingsvalget 2025. Medlem av kommunal- og forvaltningskomiteen.\" \/>\n<meta property=\"og:url\" content=\"https:\/\/hoyre.no\/akershus\/anne-kristine-linnestad\/\" \/>\n<meta property=\"og:site_name\" content=\"Akershus H\u00f8yre\" \/>\n<meta property=\"article:publisher\" content=\"https:\/\/www.facebook.com\/akershus.h\" \/>\n<meta property=\"article:modified_time\" content=\"2025-08-05T13:25:27+00:00\" \/>\n<meta property=\"og:image\" content=\"https:\/\/hoyre.no\/content\/uploads\/sites\/432\/2025\/06\/Anne-Kristine-Linnestad-11.-juni-2025-7-1024x683.jpg\" \/>\n<meta name=\"twitter:card\" content=\"summary_large_image\" \/>\n<meta name=\"twitter:label1\" content=\"Ansl. lesetid\" \/>\n\t<meta name=\"twitter:data1\" content=\"2 minutter\" \/>\n<script type=\"application\/ld+json\" class=\"yoast-schema-graph\">{\"@context\":\"https:\/\/schema.org\",\"@graph\":[{\"@type\":\"WebPage\",\"@id\":\"https:\/\/hoyre.no\/akershus\/anne-kristine-linnestad\/\",\"url\":\"https:\/\/hoyre.no\/akershus\/anne-kristine-linnestad\/\",\"name\":\"Anne Kristine Linnestad - Akershus H\u00f8yre\",\"isPartOf\":{\"@id\":\"https:\/\/hoyre.no\/akershus\/#website\"},\"image\":{\"@id\":\"https:\/\/hoyre.no\/akershus\/anne-kristine-linnestad\/#primaryimage\"},\"thumbnailUrl\":\"https:\/\/hoyre.no\/content\/uploads\/sites\/432\/2025\/06\/Anne-Kristine-Linnestad-11.-juni-2025-7-1024x683.jpg\",\"datePublished\":\"2025-01-03T09:03:33+00:00\",\"dateModified\":\"2025-08-05T13:25:27+00:00\",\"description\":\"Stortingsrepresentant fra Nordre Follo og kandidat for Akershus H\u00f8yre til stortingsvalget 2025. Medlem av kommunal- og forvaltningskomiteen.\",\"breadcrumb\":{\"@id\":\"https:\/\/hoyre.no\/akershus\/anne-kristine-linnestad\/#breadcrumb\"},\"inLanguage\":\"nb-NO\",\"potentialAction\":[{\"@type\":\"ReadAction\",\"target\":[\"https:\/\/hoyre.no\/akershus\/anne-kristine-linnestad\/\"]}]},{\"@type\":\"ImageObject\",\"inLanguage\":\"nb-NO\",\"@id\":\"https:\/\/hoyre.no\/akershus\/anne-kristine-linnestad\/#primaryimage\",\"url\":\"https:\/\/hoyre.no\/content\/uploads\/sites\/432\/2025\/06\/Anne-Kristine-Linnestad-11.-juni-2025-7-1024x683.jpg\",\"contentUrl\":\"https:\/\/hoyre.no\/content\/uploads\/sites\/432\/2025\/06\/Anne-Kristine-Linnestad-11.-juni-2025-7-1024x683.jpg\"},{\"@type\":\"BreadcrumbList\",\"@id\":\"https:\/\/hoyre.no\/akershus\/anne-kristine-linnestad\/#breadcrumb\",\"itemListElement\":[{\"@type\":\"ListItem\",\"position\":1,\"name\":\"Til hoyre.no\",\"item\":\"https:\/\/hoyre.no\"},{\"@type\":\"ListItem\",\"position\":2,\"name\":\"Hjem\",\"item\":\"https:\/\/hoyre.no\/akershus\/\"},{\"@type\":\"ListItem\",\"position\":3,\"name\":\"Anne Kristine Linnestad\"}]},{\"@type\":\"WebSite\",\"@id\":\"https:\/\/hoyre.no\/akershus\/#website\",\"url\":\"https:\/\/hoyre.no\/akershus\/\",\"name\":\"Akershus H\u00f8yre\",\"description\":\"Bare enda et H\u00f8yres nettsteder-nettsted\",\"publisher\":{\"@id\":\"https:\/\/hoyre.no\/akershus\/#organization\"},\"inLanguage\":\"nb-NO\"},{\"@type\":\"Organization\",\"@id\":\"https:\/\/hoyre.no\/akershus\/#organization\",\"name\":\"Akershus H\u00f8yre\",\"url\":\"https:\/\/hoyre.no\/akershus\/\",\"logo\":{\"@type\":\"ImageObject\",\"inLanguage\":\"nb-NO\",\"@id\":\"https:\/\/hoyre.no\/akershus\/#\/schema\/logo\/image\/\",\"url\":\"https:\/\/hoyre.no\/content\/uploads\/sites\/432\/2023\/02\/hoyre_logo.png\",\"contentUrl\":\"https:\/\/hoyre.no\/content\/uploads\/sites\/432\/2023\/02\/hoyre_logo.png\",\"width\":1000,\"height\":1000,\"caption\":\"Akershus H\u00f8yre\"},\"image\":{\"@id\":\"https:\/\/hoyre.no\/akershus\/#\/schema\/logo\/image\/\"},\"sameAs\":[\"https:\/\/www.facebook.com\/akershus.h\"]}]}<\/script>\n<!-- \/ Yoast SEO plugin. -->","yoast_head_json":{"title":"Anne Kristine Linnestad - Akershus H\u00f8yre","description":"Stortingsrepresentant fra Nordre Follo og kandidat for Akershus H\u00f8yre til stortingsvalget 2025. Medlem av kommunal- og forvaltningskomiteen.","robots":{"index":"index","follow":"follow","max-snippet":"max-snippet:-1","max-image-preview":"max-image-preview:large","max-video-preview":"max-video-preview:-1"},"canonical":"https:\/\/hoyre.no\/akershus\/anne-kristine-linnestad\/","og_locale":"nb_NO","og_type":"article","og_title":"Anne Kristine Linnestad - Akershus H\u00f8yre","og_description":"Stortingsrepresentant fra Nordre Follo og kandidat for Akershus H\u00f8yre til stortingsvalget 2025. Medlem av kommunal- og forvaltningskomiteen.","og_url":"https:\/\/hoyre.no\/akershus\/anne-kristine-linnestad\/","og_site_name":"Akershus H\u00f8yre","article_publisher":"https:\/\/www.facebook.com\/akershus.h","article_modified_time":"2025-08-05T13:25:27+00:00","og_image":[{"url":"https:\/\/hoyre.no\/content\/uploads\/sites\/432\/2025\/06\/Anne-Kristine-Linnestad-11.-juni-2025-7-1024x683.jpg","width":"","height":"","type":""}],"twitter_card":"summary_large_image","twitter_misc":{"Ansl. lesetid":"2 minutter"},"schema":{"@context":"https:\/\/schema.org","@graph":[{"@type":"WebPage","@id":"https:\/\/hoyre.no\/akershus\/anne-kristine-linnestad\/","url":"https:\/\/hoyre.no\/akershus\/anne-kristine-linnestad\/","name":"Anne Kristine Linnestad - Akershus H\u00f8yre","isPartOf":{"@id":"https:\/\/hoyre.no\/akershus\/#website"},"image":{"@id":"https:\/\/hoyre.no\/akershus\/anne-kristine-linnestad\/#primaryimage"},"thumbnailUrl":"https:\/\/hoyre.no\/content\/uploads\/sites\/432\/2025\/06\/Anne-Kristine-Linnestad-11.-juni-2025-7-1024x683.jpg","datePublished":"2025-01-03T09:03:33+00:00","dateModified":"2025-08-05T13:25:27+00:00","description":"Stortingsrepresentant fra Nordre Follo og kandidat for Akershus H\u00f8yre til stortingsvalget 2025. Medlem av kommunal- og forvaltningskomiteen.","breadcrumb":{"@id":"https:\/\/hoyre.no\/akershus\/anne-kristine-linnestad\/#breadcrumb"},"inLanguage":"nb-NO","potentialAction":[{"@type":"ReadAction","target":["https:\/\/hoyre.no\/akershus\/anne-kristine-linnestad\/"]}]},{"@type":"ImageObject","inLanguage":"nb-NO","@id":"https:\/\/hoyre.no\/akershus\/anne-kristine-linnestad\/#primaryimage","url":"https:\/\/hoyre.no\/content\/uploads\/sites\/432\/2025\/06\/Anne-Kristine-Linnestad-11.-juni-2025-7-1024x683.jpg","contentUrl":"https:\/\/hoyre.no\/content\/uploads\/sites\/432\/2025\/06\/Anne-Kristine-Linnestad-11.-juni-2025-7-1024x683.jpg"},{"@type":"BreadcrumbList","@id":"https:\/\/hoyre.no\/akershus\/anne-kristine-linnestad\/#breadcrumb","itemListElement":[{"@type":"ListItem","position":1,"name":"Til hoyre.no","item":"https:\/\/hoyre.no"},{"@type":"ListItem","position":2,"name":"Hjem","item":"https:\/\/hoyre.no\/akershus\/"},{"@type":"ListItem","position":3,"name":"Anne Kristine Linnestad"}]},{"@type":"WebSite","@id":"https:\/\/hoyre.no\/akershus\/#website","url":"https:\/\/hoyre.no\/akershus\/","name":"Akershus H\u00f8yre","description":"Bare enda et H\u00f8yres nettsteder-nettsted","publisher":{"@id":"https:\/\/hoyre.no\/akershus\/#organization"},"inLanguage":"nb-NO"},{"@type":"Organization","@id":"https:\/\/hoyre.no\/akershus\/#organization","name":"Akershus H\u00f8yre","url":"https:\/\/hoyre.no\/akershus\/","logo":{"@type":"ImageObject","inLanguage":"nb-NO","@id":"https:\/\/hoyre.no\/akershus\/#\/schema\/logo\/image\/","url":"https:\/\/hoyre.no\/content\/uploads\/sites\/432\/2023\/02\/hoyre_logo.png","contentUrl":"https:\/\/hoyre.no\/content\/uploads\/sites\/432\/2023\/02\/hoyre_logo.png","width":1000,"height":1000,"caption":"Akershus H\u00f8yre"},"image":{"@id":"https:\/\/hoyre.no\/akershus\/#\/schema\/logo\/image\/"},"sameAs":["https:\/\/www.facebook.com\/akershus.h"]}]}},"distributor_meta":false,"distributor_terms":false,"distributor_media":false,"distributor_original_site_name":"Akershus H\u00f8yre","distributor_original_site_url":"https:\/\/hoyre.no\/akershus","push-errors":false,"_links":{"self":[{"href":"https:\/\/hoyre.no\/akershus\/wp-json\/wp\/v2\/pages\/1155","targetHints":{"allow":["GET"]}}],"collection":[{"href":"https:\/\/hoyre.no\/akershus\/wp-json\/wp\/v2\/pages"}],"about":[{"href":"https:\/\/hoyre.no\/akershus\/wp-json\/wp\/v2\/types\/page"}],"author":[{"embeddable":true,"href":"https:\/\/hoyre.no\/akershus\/wp-json\/wp\/v2\/users\/202"}],"replies":[{"embeddable":true,"href":"https:\/\/hoyre.no\/akershus\/wp-json\/wp\/v2\/comments?post=1155"}],"version-history":[{"count":9,"href":"https:\/\/hoyre.no\/akershus\/wp-json\/wp\/v2\/pages\/1155\/revisions"}],"predecessor-version":[{"id":1643,"href":"https:\/\/hoyre.no\/akershus\/wp-json\/wp\/v2\/pages\/1155\/revisions\/1643"}],"wp:attachment":[{"href":"https:\/\/hoyre.no\/akershus\/wp-json\/wp\/v2\/media?parent=1155"}],"curies":[{"name":"wp","href":"https:\/\/api.w.org\/{rel}","templated":true}]}}