{"id":1165,"date":"2025-01-03T10:35:24","date_gmt":"2025-01-03T09:35:24","guid":{"rendered":"https:\/\/hoyre.no\/akershus\/?page_id=1165"},"modified":"2025-08-05T15:40:27","modified_gmt":"2025-08-05T13:40:27","slug":"kari-sofie-bjornsen","status":"publish","type":"page","link":"https:\/\/hoyre.no\/akershus\/kari-sofie-bjornsen\/","title":{"rendered":"Kari Sofie Bj\u00f8rnsen"},"content":{"rendered":"\n<div class=\"wp-block-hoyre-hero with-image-gradient text-color-light  alignfull has-background\"><div class=\"hoyre-hero \"><h1 class=\"title\">Kari Sofie Bj\u00f8rnsen<\/h1><p class=\"preamble\">4. kandidat for Akershus H\u00f8yre ved stortingsvalget 2025.<br><br>Les mer om Kari Sofie <a href=\"https:\/\/www.nettavisen.no\/vis\/annonse\/akershus-hoyre\/kari-sofie-bjornsen\/1338001\">her.<\/a><\/p><\/div><\/div>\n\n\n\n<figure class=\"wp-block-image size-large\"><img loading=\"lazy\" decoding=\"async\" width=\"1024\" height=\"683\" src=\"https:\/\/hoyre.no\/content\/uploads\/sites\/432\/2025\/06\/Kari-Sofie-Bjornsen-11.-mai-2025-141-1024x683.jpg\" alt=\"\" class=\"wp-image-1530\" srcset=\"https:\/\/hoyre.no\/content\/uploads\/sites\/432\/2025\/06\/Kari-Sofie-Bjornsen-11.-mai-2025-141-1024x683.jpg 1024w, https:\/\/hoyre.no\/content\/uploads\/sites\/432\/2025\/06\/Kari-Sofie-Bjornsen-11.-mai-2025-141-300x200.jpg 300w, https:\/\/hoyre.no\/content\/uploads\/sites\/432\/2025\/06\/Kari-Sofie-Bjornsen-11.-mai-2025-141-768x512.jpg 768w, https:\/\/hoyre.no\/content\/uploads\/sites\/432\/2025\/06\/Kari-Sofie-Bjornsen-11.-mai-2025-141-1536x1024.jpg 1536w, https:\/\/hoyre.no\/content\/uploads\/sites\/432\/2025\/06\/Kari-Sofie-Bjornsen-11.-mai-2025-141-2048x1365.jpg 2048w\" sizes=\"auto, (max-width: 1024px) 100vw, 1024px\" \/><figcaption class=\"wp-element-caption\">Kari Sofie Bj\u00f8rnsen. Foto: Elias Rasch, Aura Media AS.<\/figcaption><\/figure>\n\n\n\n\n<div class=\"wp-block-hoyre-banner undefined has-icon-title icon-heart is-style-blue\"><div class=\"banner-inner\"><div class=\"banner-content\"><div class=\"entry-content\">\n<h2 class=\"wp-block-heading has-text-align-center\" id=\"h-bli-bedre-kjent-med-anne\">Bli bedre kjent med Kari Sofie!<\/h2>\n\n\n\n<p class=\"has-text-align-left\"><strong>Alder:&nbsp;<\/strong>57<strong><br>Kommune:&nbsp;<\/strong>Asker<strong><br>N\u00e5v\u00e6rende stilling:&nbsp;<\/strong>Gruppeleder for H\u00f8yre i Akershus (permisjon fra stilling som advokat).<\/p>\n\n\n\n<p class=\"has-text-align-left\"><strong>Hvorfor stiller du til valg for Akershus H\u00f8yre?<\/strong><br>H\u00f8yre har den beste politikken og de beste l\u00f8sningene for \u00e5 videreutvikle Norge i \u00f8nsket retning! Skal vi l\u00f8se Norges utfordringer m\u00e5 vi f\u00e5 til best mulig samhandling, ogs\u00e5 med andre partier slik at v\u00e5re gode l\u00f8sninger st\u00e5r seg over tid. Akershus er et flott fylke med mange muligheter. Jeg vil veldig gjerne fortsette \u00e5 jobbe for fylket og landet v\u00e5rt sine interesser, sammen med andre engasjerte folk nasjonalt og lokalt.<\/p>\n\n\n\n<p class=\"has-text-align-left\"><strong>Politiske interesseomr\u00e5der:<\/strong> <br>&#8211; N\u00e6ringspolitikk, skatt, finans. <br>&#8211; Klima, milj\u00f8, natur. Samferdsel. <br>&#8211; Utenrikspolitikk (Jeg er en varm EU-tilhenger). <br>&#8211; Frivillighet, idrett, og kultur.<br><br><strong>Bakgrunn:<\/strong> Har over 30 \u00e5rs n\u00e6ringslivserfaring som advokat og leder, erfaring fra internasjonal forretningsvirksomhet, og over 10 \u00e5r med politisk arbeid og ulike politiske lederroller. <br><br>Er i dag fylkesleder i Akershus H\u00f8yre, sentralstyremedlem, gruppeleder for H\u00f8yre i fylkestinget i Akershus, og kommunestyrerepresentant i Asker.<\/p>\n\n\n\n<div class=\"wp-block-buttons is-layout-flex wp-block-buttons-is-layout-flex\">\n<div class=\"wp-block-button\"><a class=\"wp-block-button__link wp-element-button\" href=\"https:\/\/www.facebook.com\/KariSofieBjornsen\">F\u00f8lg kari Sofie p\u00e5 facebook<\/a><\/div>\n<\/div>\n<\/div><\/div><\/div><\/div>\n\n","protected":false},"excerpt":{"rendered":"","protected":false},"author":202,"featured_media":0,"parent":0,"menu_order":0,"comment_status":"closed","ping_status":"closed","template":"","meta":{"teft_cards_image_url":"","teft_cards_custom_pretitle":"","teft_cards_image_id":1530,"teft_cards_image_focal_point_x":0.52,"teft_cards_image_focal_point_y":0.36,"teft_cards_title":"","teft_cards_excerpt":"","teft_show_chapters":false,"footnotes":""},"class_list":["post-1165","page","type-page","status-publish","hentry"],"yoast_head":"<!-- This site is optimized with the Yoast SEO plugin v26.6 - https:\/\/yoast.com\/wordpress\/plugins\/seo\/ -->\n<title>Kari Sofie Bj\u00f8rnsen - Akershus H\u00f8yre<\/title>\n<meta name=\"description\" content=\"Kari Sofie Bj\u00f8rnsen er 4. kandidat for Akershus H\u00f8yre til stortingsvalget h\u00f8sten 2025. Er gruppeleder for H\u00f8yre i Akershus fylkesting.\" \/>\n<meta name=\"robots\" content=\"index, follow, max-snippet:-1, max-image-preview:large, max-video-preview:-1\" \/>\n<link rel=\"canonical\" href=\"https:\/\/hoyre.no\/akershus\/kari-sofie-bjornsen\/\" \/>\n<meta property=\"og:locale\" content=\"nb_NO\" \/>\n<meta property=\"og:type\" content=\"article\" \/>\n<meta property=\"og:title\" content=\"Kari Sofie Bj\u00f8rnsen - Akershus H\u00f8yre\" \/>\n<meta property=\"og:description\" content=\"Kari Sofie Bj\u00f8rnsen er 4. kandidat for Akershus H\u00f8yre til stortingsvalget h\u00f8sten 2025. Er gruppeleder for H\u00f8yre i Akershus fylkesting.\" \/>\n<meta property=\"og:url\" content=\"https:\/\/hoyre.no\/akershus\/kari-sofie-bjornsen\/\" \/>\n<meta property=\"og:site_name\" content=\"Akershus H\u00f8yre\" \/>\n<meta property=\"article:publisher\" content=\"https:\/\/www.facebook.com\/akershus.h\" \/>\n<meta property=\"article:modified_time\" content=\"2025-08-05T13:40:27+00:00\" \/>\n<meta property=\"og:image\" content=\"https:\/\/hoyre.no\/content\/uploads\/sites\/432\/2025\/06\/Kari-Sofie-Bjornsen-11.-mai-2025-141-1024x683.jpg\" \/>\n<meta name=\"twitter:card\" content=\"summary_large_image\" \/>\n<meta name=\"twitter:label1\" content=\"Ansl. lesetid\" \/>\n\t<meta name=\"twitter:data1\" content=\"2 minutter\" \/>\n<script type=\"application\/ld+json\" class=\"yoast-schema-graph\">{\"@context\":\"https:\/\/schema.org\",\"@graph\":[{\"@type\":\"WebPage\",\"@id\":\"https:\/\/hoyre.no\/akershus\/kari-sofie-bjornsen\/\",\"url\":\"https:\/\/hoyre.no\/akershus\/kari-sofie-bjornsen\/\",\"name\":\"Kari Sofie Bj\u00f8rnsen - Akershus H\u00f8yre\",\"isPartOf\":{\"@id\":\"https:\/\/hoyre.no\/akershus\/#website\"},\"image\":{\"@id\":\"https:\/\/hoyre.no\/akershus\/kari-sofie-bjornsen\/#primaryimage\"},\"thumbnailUrl\":\"https:\/\/hoyre.no\/content\/uploads\/sites\/432\/2025\/06\/Kari-Sofie-Bjornsen-11.-mai-2025-141-1024x683.jpg\",\"datePublished\":\"2025-01-03T09:35:24+00:00\",\"dateModified\":\"2025-08-05T13:40:27+00:00\",\"description\":\"Kari Sofie Bj\u00f8rnsen er 4. kandidat for Akershus H\u00f8yre til stortingsvalget h\u00f8sten 2025. Er gruppeleder for H\u00f8yre i Akershus fylkesting.\",\"breadcrumb\":{\"@id\":\"https:\/\/hoyre.no\/akershus\/kari-sofie-bjornsen\/#breadcrumb\"},\"inLanguage\":\"nb-NO\",\"potentialAction\":[{\"@type\":\"ReadAction\",\"target\":[\"https:\/\/hoyre.no\/akershus\/kari-sofie-bjornsen\/\"]}]},{\"@type\":\"ImageObject\",\"inLanguage\":\"nb-NO\",\"@id\":\"https:\/\/hoyre.no\/akershus\/kari-sofie-bjornsen\/#primaryimage\",\"url\":\"https:\/\/hoyre.no\/content\/uploads\/sites\/432\/2025\/06\/Kari-Sofie-Bjornsen-11.-mai-2025-141-1024x683.jpg\",\"contentUrl\":\"https:\/\/hoyre.no\/content\/uploads\/sites\/432\/2025\/06\/Kari-Sofie-Bjornsen-11.-mai-2025-141-1024x683.jpg\"},{\"@type\":\"BreadcrumbList\",\"@id\":\"https:\/\/hoyre.no\/akershus\/kari-sofie-bjornsen\/#breadcrumb\",\"itemListElement\":[{\"@type\":\"ListItem\",\"position\":1,\"name\":\"Til hoyre.no\",\"item\":\"https:\/\/hoyre.no\"},{\"@type\":\"ListItem\",\"position\":2,\"name\":\"Hjem\",\"item\":\"https:\/\/hoyre.no\/akershus\/\"},{\"@type\":\"ListItem\",\"position\":3,\"name\":\"Kari Sofie Bj\u00f8rnsen\"}]},{\"@type\":\"WebSite\",\"@id\":\"https:\/\/hoyre.no\/akershus\/#website\",\"url\":\"https:\/\/hoyre.no\/akershus\/\",\"name\":\"Akershus H\u00f8yre\",\"description\":\"Bare enda et H\u00f8yres nettsteder-nettsted\",\"publisher\":{\"@id\":\"https:\/\/hoyre.no\/akershus\/#organization\"},\"inLanguage\":\"nb-NO\"},{\"@type\":\"Organization\",\"@id\":\"https:\/\/hoyre.no\/akershus\/#organization\",\"name\":\"Akershus H\u00f8yre\",\"url\":\"https:\/\/hoyre.no\/akershus\/\",\"logo\":{\"@type\":\"ImageObject\",\"inLanguage\":\"nb-NO\",\"@id\":\"https:\/\/hoyre.no\/akershus\/#\/schema\/logo\/image\/\",\"url\":\"https:\/\/hoyre.no\/content\/uploads\/sites\/432\/2023\/02\/hoyre_logo.png\",\"contentUrl\":\"https:\/\/hoyre.no\/content\/uploads\/sites\/432\/2023\/02\/hoyre_logo.png\",\"width\":1000,\"height\":1000,\"caption\":\"Akershus H\u00f8yre\"},\"image\":{\"@id\":\"https:\/\/hoyre.no\/akershus\/#\/schema\/logo\/image\/\"},\"sameAs\":[\"https:\/\/www.facebook.com\/akershus.h\"]}]}<\/script>\n<!-- \/ Yoast SEO plugin. -->","yoast_head_json":{"title":"Kari Sofie Bj\u00f8rnsen - Akershus H\u00f8yre","description":"Kari Sofie Bj\u00f8rnsen er 4. kandidat for Akershus H\u00f8yre til stortingsvalget h\u00f8sten 2025. Er gruppeleder for H\u00f8yre i Akershus fylkesting.","robots":{"index":"index","follow":"follow","max-snippet":"max-snippet:-1","max-image-preview":"max-image-preview:large","max-video-preview":"max-video-preview:-1"},"canonical":"https:\/\/hoyre.no\/akershus\/kari-sofie-bjornsen\/","og_locale":"nb_NO","og_type":"article","og_title":"Kari Sofie Bj\u00f8rnsen - Akershus H\u00f8yre","og_description":"Kari Sofie Bj\u00f8rnsen er 4. kandidat for Akershus H\u00f8yre til stortingsvalget h\u00f8sten 2025. Er gruppeleder for H\u00f8yre i Akershus fylkesting.","og_url":"https:\/\/hoyre.no\/akershus\/kari-sofie-bjornsen\/","og_site_name":"Akershus H\u00f8yre","article_publisher":"https:\/\/www.facebook.com\/akershus.h","article_modified_time":"2025-08-05T13:40:27+00:00","og_image":[{"url":"https:\/\/hoyre.no\/content\/uploads\/sites\/432\/2025\/06\/Kari-Sofie-Bjornsen-11.-mai-2025-141-1024x683.jpg","width":"","height":"","type":""}],"twitter_card":"summary_large_image","twitter_misc":{"Ansl. lesetid":"2 minutter"},"schema":{"@context":"https:\/\/schema.org","@graph":[{"@type":"WebPage","@id":"https:\/\/hoyre.no\/akershus\/kari-sofie-bjornsen\/","url":"https:\/\/hoyre.no\/akershus\/kari-sofie-bjornsen\/","name":"Kari Sofie Bj\u00f8rnsen - Akershus H\u00f8yre","isPartOf":{"@id":"https:\/\/hoyre.no\/akershus\/#website"},"image":{"@id":"https:\/\/hoyre.no\/akershus\/kari-sofie-bjornsen\/#primaryimage"},"thumbnailUrl":"https:\/\/hoyre.no\/content\/uploads\/sites\/432\/2025\/06\/Kari-Sofie-Bjornsen-11.-mai-2025-141-1024x683.jpg","datePublished":"2025-01-03T09:35:24+00:00","dateModified":"2025-08-05T13:40:27+00:00","description":"Kari Sofie Bj\u00f8rnsen er 4. kandidat for Akershus H\u00f8yre til stortingsvalget h\u00f8sten 2025. Er gruppeleder for H\u00f8yre i Akershus fylkesting.","breadcrumb":{"@id":"https:\/\/hoyre.no\/akershus\/kari-sofie-bjornsen\/#breadcrumb"},"inLanguage":"nb-NO","potentialAction":[{"@type":"ReadAction","target":["https:\/\/hoyre.no\/akershus\/kari-sofie-bjornsen\/"]}]},{"@type":"ImageObject","inLanguage":"nb-NO","@id":"https:\/\/hoyre.no\/akershus\/kari-sofie-bjornsen\/#primaryimage","url":"https:\/\/hoyre.no\/content\/uploads\/sites\/432\/2025\/06\/Kari-Sofie-Bjornsen-11.-mai-2025-141-1024x683.jpg","contentUrl":"https:\/\/hoyre.no\/content\/uploads\/sites\/432\/2025\/06\/Kari-Sofie-Bjornsen-11.-mai-2025-141-1024x683.jpg"},{"@type":"BreadcrumbList","@id":"https:\/\/hoyre.no\/akershus\/kari-sofie-bjornsen\/#breadcrumb","itemListElement":[{"@type":"ListItem","position":1,"name":"Til hoyre.no","item":"https:\/\/hoyre.no"},{"@type":"ListItem","position":2,"name":"Hjem","item":"https:\/\/hoyre.no\/akershus\/"},{"@type":"ListItem","position":3,"name":"Kari Sofie Bj\u00f8rnsen"}]},{"@type":"WebSite","@id":"https:\/\/hoyre.no\/akershus\/#website","url":"https:\/\/hoyre.no\/akershus\/","name":"Akershus H\u00f8yre","description":"Bare enda et H\u00f8yres nettsteder-nettsted","publisher":{"@id":"https:\/\/hoyre.no\/akershus\/#organization"},"inLanguage":"nb-NO"},{"@type":"Organization","@id":"https:\/\/hoyre.no\/akershus\/#organization","name":"Akershus H\u00f8yre","url":"https:\/\/hoyre.no\/akershus\/","logo":{"@type":"ImageObject","inLanguage":"nb-NO","@id":"https:\/\/hoyre.no\/akershus\/#\/schema\/logo\/image\/","url":"https:\/\/hoyre.no\/content\/uploads\/sites\/432\/2023\/02\/hoyre_logo.png","contentUrl":"https:\/\/hoyre.no\/content\/uploads\/sites\/432\/2023\/02\/hoyre_logo.png","width":1000,"height":1000,"caption":"Akershus H\u00f8yre"},"image":{"@id":"https:\/\/hoyre.no\/akershus\/#\/schema\/logo\/image\/"},"sameAs":["https:\/\/www.facebook.com\/akershus.h"]}]}},"distributor_meta":false,"distributor_terms":false,"distributor_media":false,"distributor_original_site_name":"Akershus H\u00f8yre","distributor_original_site_url":"https:\/\/hoyre.no\/akershus","push-errors":false,"_links":{"self":[{"href":"https:\/\/hoyre.no\/akershus\/wp-json\/wp\/v2\/pages\/1165","targetHints":{"allow":["GET"]}}],"collection":[{"href":"https:\/\/hoyre.no\/akershus\/wp-json\/wp\/v2\/pages"}],"about":[{"href":"https:\/\/hoyre.no\/akershus\/wp-json\/wp\/v2\/types\/page"}],"author":[{"embeddable":true,"href":"https:\/\/hoyre.no\/akershus\/wp-json\/wp\/v2\/users\/202"}],"replies":[{"embeddable":true,"href":"https:\/\/hoyre.no\/akershus\/wp-json\/wp\/v2\/comments?post=1165"}],"version-history":[{"count":10,"href":"https:\/\/hoyre.no\/akershus\/wp-json\/wp\/v2\/pages\/1165\/revisions"}],"predecessor-version":[{"id":1655,"href":"https:\/\/hoyre.no\/akershus\/wp-json\/wp\/v2\/pages\/1165\/revisions\/1655"}],"wp:attachment":[{"href":"https:\/\/hoyre.no\/akershus\/wp-json\/wp\/v2\/media?parent=1165"}],"curies":[{"name":"wp","href":"https:\/\/api.w.org\/{rel}","templated":true}]}}