{"id":1431,"date":"2025-05-13T09:41:55","date_gmt":"2025-05-13T07:41:55","guid":{"rendered":"https:\/\/hoyre.no\/akershus\/?page_id=1431"},"modified":"2025-06-26T16:31:14","modified_gmt":"2025-06-26T14:31:14","slug":"ingen-slagord-bare-hoyres-viktigste-saker","status":"publish","type":"page","link":"https:\/\/hoyre.no\/akershus\/ingen-slagord-bare-hoyres-viktigste-saker\/","title":{"rendered":"Ingen slagord. Bare H\u00f8yres viktigste saker"},"content":{"rendered":"\n<div class=\"wp-block-hoyre-hero with-image-gradient text-color-light  has-media alignfull has-background\"><div class=\"hoyre-hero has-image\"><h1 class=\"title\">Ingen slagord.<\/h1><p class=\"preamble\">Bare lavere skatter, mer politi og sikkerhet, kortere helsek\u00f8er og bedre l\u00e6ring i skolen.<\/p>\t\t\t<div class=\"post-meta wp-block teft-byline-wrapper\">\n\t\t\t\t<div class=\"top\">\n\t\t\t\t\t<div class=\"signature\">\n\t\t\t\t\t\t<div class=\"teft-byline\">\n\t\t\t\t\t\t\t\t\t\t\t\t\t\t<div>\n\t\t\t\t\t\t\t\t<h3>H\u00f8yres redaksjon<\/h3>\t\t\t\t\t\t\t\t\n\t\t\t\t\t\t\t\t\t\t\t\t\t\t\t\t\t<span class=\"date\">Sist oppdatert: 26. juni 2025<\/span>\n\t\t\t\t\t\t\t\t\t\t\t\t\t\t\t\t\t\t\t\t\t\t\t\t\t<span class=\"reading-time\" itemprop=\"timeRequired\" content=\"PT5M\"><em>Ca. 5 minutter lesetid<\/em><\/span>\n\t\t\t\t\t\t\t\t\t\t\t\t\t\t\t<\/div>\n\t\t\t\t\t\t<\/div>\n\t\t\t\t\t<\/div>\n\t\t\t\t\t\t<div class=\"sharing\">\n\t\t<a class=\"share-button share-link copy-link\" data-copy=\"https:\/\/hoyre.no\/akershus\/ingen-slagord-bare-hoyres-viktigste-saker\/\" target=\"_blank\"><span class=\"screen-reader-text\">Del link<\/span><\/a>\n\t\t<a class=\"share-button share-twitter\" href=\"http:\/\/twitter.com\/share?text=Ingen slagord. Bare H\u00f8yres viktigste saker&#038;url=https:\/\/hoyre.no\/akershus\/ingen-slagord-bare-hoyres-viktigste-saker\/&#038;hashtags=Hoyre\" target=\"_blank\"><span class=\"screen-reader-text\">Del p\u00e5 twitter<\/span><\/a>\n\t\t<a class=\"share-button share-facebook\" href=\"https:\/\/www.facebook.com\/sharer\/sharer.php?u=https:\/\/hoyre.no\/akershus\/ingen-slagord-bare-hoyres-viktigste-saker\/\" target=\"_blank\"><span class=\"screen-reader-text\">Del p\u00e5 facebook<\/span><\/a>\n\t<\/div>\n\t\t\t\t\t<\/div>\n\t\t\t<\/div>\n\n\t\t\t<figure class=\"hoyre-image-wrapper\"><div class=\"hoyre-image\"><img loading=\"lazy\" decoding=\"async\" width=\"2500\" height=\"2500\" src=\"https:\/\/hoyre.no\/content\/uploads\/sites\/432\/2025\/05\/Topp-10-kandidater-11.-mai-2025-92-kvadrat-scaled.jpg\" class=\"attachment-scaled size-scaled\" alt=\"\" style=\"object-position: 53% 27%\" srcset=\"https:\/\/hoyre.no\/content\/uploads\/sites\/432\/2025\/05\/Topp-10-kandidater-11.-mai-2025-92-kvadrat-scaled.jpg 2500w, https:\/\/hoyre.no\/content\/uploads\/sites\/432\/2025\/05\/Topp-10-kandidater-11.-mai-2025-92-kvadrat-300x300.jpg 300w, https:\/\/hoyre.no\/content\/uploads\/sites\/432\/2025\/05\/Topp-10-kandidater-11.-mai-2025-92-kvadrat-1024x1024.jpg 1024w, https:\/\/hoyre.no\/content\/uploads\/sites\/432\/2025\/05\/Topp-10-kandidater-11.-mai-2025-92-kvadrat-150x150.jpg 150w, https:\/\/hoyre.no\/content\/uploads\/sites\/432\/2025\/05\/Topp-10-kandidater-11.-mai-2025-92-kvadrat-768x768.jpg 768w, https:\/\/hoyre.no\/content\/uploads\/sites\/432\/2025\/05\/Topp-10-kandidater-11.-mai-2025-92-kvadrat-1536x1536.jpg 1536w, https:\/\/hoyre.no\/content\/uploads\/sites\/432\/2025\/05\/Topp-10-kandidater-11.-mai-2025-92-kvadrat-2048x2048.jpg 2048w\" sizes=\"auto, (max-width: 2500px) 100vw, 2500px\" \/><\/div><\/figure><\/div><\/div>\n\n\n\n<p><strong>For de fleste av oss er Norge et godt land \u00e5 bo i. H\u00f8yre vil at landet skal v\u00e6re minst like godt \u00e5 bo i for v\u00e5re barn og barnebarn. N\u00e5 m\u00f8ter vi store utfordringer som krever at vi tar de rette valgene i dag, samtidig som vi bygger landet v\u00e5rt sterkere for i morgen.<\/strong><\/p>\n\n\n\n<p>Vi har for h\u00f8yt skatteniv\u00e5, for den enkelte og for bedriftene v\u00e5re. For mange venter for lenge p\u00e5 behandling ved sykehusene. 1 av 3 unge g\u00e5r ut av skolen uten \u00e5 kunne lese eller skrive skikkelig. Det er for f\u00e5 politifolk i gatene, samtidig som ungdomskriminaliteten \u00f8ker drastisk. Forsvaret v\u00e5rt m\u00e5 styrkes, slik at vi kan ta st\u00f8rre ansvar for v\u00e5r egen sikkerhet og fremtid.<\/p>\n\n\n\n<p>I m\u00f8te med alt dette, trenger Norge en ny regjering. En regjering med handlekraft som prioriterer det viktigste f\u00f8rst. En regjering som tar tak i folks hverdagsutfordringer, og som l\u00f8ser de store oppgavene vi st\u00e5r overfor som samfunn.<\/p>\n\n\n\n<p>H\u00f8yre velger l\u00f8sninger fremfor slagord. L\u00f8sninger som f\u00e5r opp verdiskapingen og gir Norge flere ben \u00e5 st\u00e5 p\u00e5, som gir syke raskere og bedre behandling, som styrker forsvaret og politiet, og som gj\u00f8r at barna v\u00e5re l\u00e6rer mer p\u00e5 skolen.<\/p>\n\n\n\n<p><strong>8. september kan du v\u00e6re med p\u00e5 \u00e5 velge en ny retning for Norge.<\/strong><\/p>\n\n\n\n\t\t<div class=\"has-lightest-blue-background-color is-layout-right alignwide alignwide wp-block-hoyre-media-text\">\n\t\t\t<div class=\"hoyre-media-text__media\">\n\t\t\t\t<img loading=\"lazy\" decoding=\"async\" width=\"1024\" height=\"683\" src=\"https:\/\/hoyre.no\/content\/uploads\/sites\/432\/2025\/05\/GettyImages-1155886179-1024x683.jpg\" class=\"hoyre-media-text__media-image\" alt=\"\" style=\"--focal: 75% 50%;\" srcset=\"https:\/\/hoyre.no\/content\/uploads\/sites\/432\/2025\/05\/GettyImages-1155886179-1024x683.jpg 1024w, https:\/\/hoyre.no\/content\/uploads\/sites\/432\/2025\/05\/GettyImages-1155886179-300x200.jpg 300w, https:\/\/hoyre.no\/content\/uploads\/sites\/432\/2025\/05\/GettyImages-1155886179-768x512.jpg 768w, https:\/\/hoyre.no\/content\/uploads\/sites\/432\/2025\/05\/GettyImages-1155886179-1536x1024.jpg 1536w, https:\/\/hoyre.no\/content\/uploads\/sites\/432\/2025\/05\/GettyImages-1155886179-2048x1365.jpg 2048w\" sizes=\"auto, (max-width: 1024px) 100vw, 1024px\" \/>\n\t\t\t<\/div>\n\t\t\t<div class=\"hoyre-media-text__content\">\n\t\t\t\t<div class=\"hoyre-media-text__content-inner\">\n\t\t\t\t\t\n\t\t\t<div class=\"hoyre-media-text__title-container\">\n\t\t\t\t\n\t\t\t\t<h2 class=\"hoyre-media-text__title\">Ingen slagord. Bare <br>lavere skatt<\/h2>\n\t\t\t<\/div>\n\t\t\t\n\t\t\t\t\t<div class=\"hoyre-media-text__blocks\">\n<p>H\u00f8yre vil ha lavere skatter, st\u00f8rre forutsigbarhet og mindre byr\u00e5krati. Skal vi bli sterkere og l\u00f8fte \u00f8konomien, m\u00e5 vi skape mer. Derfor vil H\u00f8yre gj\u00f8re Norge til et av verdens beste land \u00e5 starte og drive bedrift i. Det er n\u00e5 vi legger grunnlaget for det vi skal leve av i morgen. Skattene skal bli betydelig lavere for alle. Vil at du skal f\u00e5 beholde mer av det du tjener. Det m\u00e5 l\u00f8nne seg \u00e5 jobbe og gj\u00f8re en ekstra innsats.<\/p>\n<\/div>\n\t\t\t\t\t\n\t\t\t<div class=\"hoyre-media-text__buttons\">\n\t\t\t\t<a class=\"button\" href=\"https:\/\/hoyre.no\/viktigste-saker-lavere-skatter\/\">Les mer<\/a>\n\t\t\t<\/div>\n\t\t\t\n\t\t\t\t<\/div>\n\t\t\t<\/div>\n\t\t<\/div>\n\t\t\n\n\n\t\t<div class=\"has-dark-blue-background-color is-layout-left alignwide alignwide wp-block-hoyre-media-text\">\n\t\t\t<div class=\"hoyre-media-text__media\">\n\t\t\t\t<img loading=\"lazy\" decoding=\"async\" width=\"1024\" height=\"683\" src=\"https:\/\/hoyre.no\/content\/uploads\/sites\/432\/2025\/05\/Trygghet-1024x683.jpg\" class=\"hoyre-media-text__media-image\" alt=\"\" style=\"--focal: 50% 50%;\" srcset=\"https:\/\/hoyre.no\/content\/uploads\/sites\/432\/2025\/05\/Trygghet-1024x683.jpg 1024w, https:\/\/hoyre.no\/content\/uploads\/sites\/432\/2025\/05\/Trygghet-300x200.jpg 300w, https:\/\/hoyre.no\/content\/uploads\/sites\/432\/2025\/05\/Trygghet-768x512.jpg 768w, https:\/\/hoyre.no\/content\/uploads\/sites\/432\/2025\/05\/Trygghet-1536x1024.jpg 1536w, https:\/\/hoyre.no\/content\/uploads\/sites\/432\/2025\/05\/Trygghet-2048x1365.jpg 2048w\" sizes=\"auto, (max-width: 1024px) 100vw, 1024px\" \/>\n\t\t\t<\/div>\n\t\t\t<div class=\"hoyre-media-text__content\">\n\t\t\t\t<div class=\"hoyre-media-text__content-inner\">\n\t\t\t\t\t\n\t\t\t<div class=\"hoyre-media-text__title-container\">\n\t\t\t\t\n\t\t\t\t<h2 class=\"hoyre-media-text__title\">Ingen slagord. Bare mer forsvar og politi<\/h2>\n\t\t\t<\/div>\n\t\t\t\n\t\t\t\t\t<div class=\"hoyre-media-text__blocks\">\n<p>I en farligere verden m\u00e5 vi ruste oss for \u00e5 st\u00e5 imot trusler fra autorit\u00e6re regimer. Derfor vil H\u00f8yre ha et massivt l\u00f8ft for Forsvaret. Vi m\u00e5 bli sterkere, raskere og bedre forberedt for \u00e5 kunne beskytte oss selv og v\u00e5re allierte. Vi m\u00e5 produsere mer v\u00e5pen og ammunisjon i samarbeid med Europa. Samtidig m\u00e5 vi bekjempe den \u00f8kende kriminaliteten her hjemme. H\u00f8yre vil bygge et moderne politi og rettsvesen som kan forebygge bedre, avdekke mer og gi strengere straffer.<\/p>\n<\/div>\n\t\t\t\t\t\n\t\t\t<div class=\"hoyre-media-text__buttons\">\n\t\t\t\t<a class=\"button\" href=\"https:\/\/hoyre.no\/viktigste-saker-mer-forsvar-og-politi\/\">Les mer<\/a>\n\t\t\t<\/div>\n\t\t\t\n\t\t\t\t<\/div>\n\t\t\t<\/div>\n\t\t<\/div>\n\t\t\n\n\n\n\t\t<div class=\"has-pink-background-color is-layout-right alignwide alignwide wp-block-hoyre-media-text\">\n\t\t\t<div class=\"hoyre-media-text__media\">\n\t\t\t\t<img loading=\"lazy\" decoding=\"async\" width=\"1024\" height=\"683\" src=\"https:\/\/hoyre.no\/content\/uploads\/sites\/432\/2025\/05\/GettyImages-512098822-1024x683.jpg\" class=\"hoyre-media-text__media-image\" alt=\"\" style=\"--focal: 51% 34%;\" srcset=\"https:\/\/hoyre.no\/content\/uploads\/sites\/432\/2025\/05\/GettyImages-512098822-1024x683.jpg 1024w, https:\/\/hoyre.no\/content\/uploads\/sites\/432\/2025\/05\/GettyImages-512098822-300x200.jpg 300w, https:\/\/hoyre.no\/content\/uploads\/sites\/432\/2025\/05\/GettyImages-512098822-768x512.jpg 768w, https:\/\/hoyre.no\/content\/uploads\/sites\/432\/2025\/05\/GettyImages-512098822-1536x1024.jpg 1536w, https:\/\/hoyre.no\/content\/uploads\/sites\/432\/2025\/05\/GettyImages-512098822-2048x1365.jpg 2048w\" sizes=\"auto, (max-width: 1024px) 100vw, 1024px\" \/>\n\t\t\t<\/div>\n\t\t\t<div class=\"hoyre-media-text__content\">\n\t\t\t\t<div class=\"hoyre-media-text__content-inner\">\n\t\t\t\t\t\n\t\t\t<div class=\"hoyre-media-text__title-container\">\n\t\t\t\t\n\t\t\t\t<h2 class=\"hoyre-media-text__title\">Ingen slagord. Bare <br>raskere behandling<\/h2>\n\t\t\t<\/div>\n\t\t\t\n\t\t\t\t\t<div class=\"hoyre-media-text__blocks\">\n<p>N\u00e5r du eller noen du er glad i blir syke, vil H\u00f8yre at dere skal ha trygghet for \u00e5 f\u00e5 riktig behandling s\u00e5 raskt som mulig. I Norge st\u00e5r rundt 200.000 mennesker i helsek\u00f8, og for mange er ventetidene altfor lange. Mange opplever \u00e5 bli kasteballer i et stort system, og havner utenfor arbeid. Ventetidene m\u00e5 ned, flere m\u00e5 f\u00e5 riktig helsehjelp og flere m\u00e5 raskere tilbake i jobb. H\u00f8yre vil ta i bruk alle gode krefter, ogs\u00e5 private, for \u00e5 f\u00e5 til det.\u00a0<\/p>\n<\/div>\n\t\t\t\t\t\n\t\t\t<div class=\"hoyre-media-text__buttons\">\n\t\t\t\t<a class=\"button\" href=\"https:\/\/hoyre.no\/viktigste-saker-kortere-helsekoer\/\">Les mer<\/a>\n\t\t\t<\/div>\n\t\t\t\n\t\t\t\t<\/div>\n\t\t\t<\/div>\n\t\t<\/div>\n\t\t\n\n\n<p><\/p>\n\n\n\n\n\t\t<div class=\"has-pale-green-background-color is-layout-right alignwide alignwide wp-block-hoyre-media-text\">\n\t\t\t<div class=\"hoyre-media-text__media\">\n\t\t\t\t<img loading=\"lazy\" decoding=\"async\" width=\"1024\" height=\"683\" src=\"https:\/\/hoyre.no\/content\/uploads\/sites\/432\/2025\/05\/GettyImages-1358014313-1024x683.jpg\" class=\"hoyre-media-text__media-image\" alt=\"\" style=\"--focal: 65% 33%;\" srcset=\"https:\/\/hoyre.no\/content\/uploads\/sites\/432\/2025\/05\/GettyImages-1358014313-1024x683.jpg 1024w, https:\/\/hoyre.no\/content\/uploads\/sites\/432\/2025\/05\/GettyImages-1358014313-300x200.jpg 300w, https:\/\/hoyre.no\/content\/uploads\/sites\/432\/2025\/05\/GettyImages-1358014313-768x512.jpg 768w, https:\/\/hoyre.no\/content\/uploads\/sites\/432\/2025\/05\/GettyImages-1358014313-1536x1024.jpg 1536w, https:\/\/hoyre.no\/content\/uploads\/sites\/432\/2025\/05\/GettyImages-1358014313-2048x1365.jpg 2048w\" sizes=\"auto, (max-width: 1024px) 100vw, 1024px\" \/>\n\t\t\t<\/div>\n\t\t\t<div class=\"hoyre-media-text__content\">\n\t\t\t\t<div class=\"hoyre-media-text__content-inner\">\n\t\t\t\t\t\n\t\t\t<div class=\"hoyre-media-text__title-container\">\n\t\t\t\t\n\t\t\t\t<h2 class=\"hoyre-media-text__title\">Ingen slagord. Bare mer l\u00e6ring i skolen<\/h2>\n\t\t\t<\/div>\n\t\t\t\n\t\t\t\t\t<div class=\"hoyre-media-text__blocks\">\n<p>En god skole forbereder barna v\u00e5re p\u00e5 voksenlivet og arbeidslivet. H\u00f8yre vil at alle elever skal f\u00e5 tilpasset undervisning \u2013 de som sliter, m\u00e5 f\u00e5 hjelp tidlig, og de som er faglig sterke, m\u00e5 f\u00e5 utfolde seg mer. Vi vil gi l\u00e6reren tid til \u00e5 v\u00e6re l\u00e6rer og sikre ro og disiplin i klasserommet.<\/p>\n<\/div>\n\t\t\t\t\t\n\t\t\t<div class=\"hoyre-media-text__buttons\">\n\t\t\t\t<a class=\"button\" href=\"https:\/\/hoyre.no\/viktigste-saker-mer-laering-i-skolen\/\">Les mer<\/a>\n\t\t\t<\/div>\n\t\t\t\n\t\t\t\t<\/div>\n\t\t\t<\/div>\n\t\t<\/div>\n\t\t","protected":false},"excerpt":{"rendered":"<p>For de fleste av oss er Norge et godt land \u00e5 bo i. H\u00f8yre vil at landet skal v\u00e6re minst like godt \u00e5 bo i for v\u00e5re barn og barnebarn. N\u00e5 m\u00f8ter vi store utfordringer som krever at vi tar de rette valgene i dag, samtidig som vi bygger landet v\u00e5rt sterkere for i morgen. [&hellip;]<\/p>\n","protected":false},"author":202,"featured_media":0,"parent":0,"menu_order":0,"comment_status":"closed","ping_status":"closed","template":"","meta":{"teft_cards_image_url":"","teft_cards_custom_pretitle":"","teft_cards_image_id":0,"teft_cards_image_focal_point_x":0,"teft_cards_image_focal_point_y":0,"teft_cards_title":"","teft_cards_excerpt":"","teft_show_chapters":false,"footnotes":""},"class_list":["post-1431","page","type-page","status-publish","hentry"],"yoast_head":"<!-- This site is optimized with the Yoast SEO plugin v26.6 - https:\/\/yoast.com\/wordpress\/plugins\/seo\/ -->\n<title>Ingen slagord. Bare H\u00f8yres viktigste saker - Akershus H\u00f8yre<\/title>\n<meta name=\"robots\" content=\"index, follow, max-snippet:-1, max-image-preview:large, max-video-preview:-1\" \/>\n<link rel=\"canonical\" href=\"https:\/\/hoyre.no\/akershus\/ingen-slagord-bare-hoyres-viktigste-saker\/\" \/>\n<meta property=\"og:locale\" content=\"nb_NO\" \/>\n<meta property=\"og:type\" content=\"article\" \/>\n<meta property=\"og:title\" content=\"Ingen slagord. Bare H\u00f8yres viktigste saker - Akershus H\u00f8yre\" \/>\n<meta property=\"og:description\" content=\"For de fleste av oss er Norge et godt land \u00e5 bo i. H\u00f8yre vil at landet skal v\u00e6re minst like godt \u00e5 bo i for v\u00e5re barn og barnebarn. N\u00e5 m\u00f8ter vi store utfordringer som krever at vi tar de rette valgene i dag, samtidig som vi bygger landet v\u00e5rt sterkere for i morgen. [&hellip;]\" \/>\n<meta property=\"og:url\" content=\"https:\/\/hoyre.no\/akershus\/ingen-slagord-bare-hoyres-viktigste-saker\/\" \/>\n<meta property=\"og:site_name\" content=\"Akershus H\u00f8yre\" \/>\n<meta property=\"article:publisher\" content=\"https:\/\/www.facebook.com\/akershus.h\" \/>\n<meta property=\"article:modified_time\" content=\"2025-06-26T14:31:14+00:00\" \/>\n<meta name=\"twitter:card\" content=\"summary_large_image\" \/>\n<meta name=\"twitter:label1\" content=\"Ansl. lesetid\" \/>\n\t<meta name=\"twitter:data1\" content=\"3 minutter\" \/>\n<script type=\"application\/ld+json\" class=\"yoast-schema-graph\">{\"@context\":\"https:\/\/schema.org\",\"@graph\":[{\"@type\":\"WebPage\",\"@id\":\"https:\/\/hoyre.no\/akershus\/ingen-slagord-bare-hoyres-viktigste-saker\/\",\"url\":\"https:\/\/hoyre.no\/akershus\/ingen-slagord-bare-hoyres-viktigste-saker\/\",\"name\":\"Ingen slagord. Bare H\u00f8yres viktigste saker - Akershus H\u00f8yre\",\"isPartOf\":{\"@id\":\"https:\/\/hoyre.no\/akershus\/#website\"},\"datePublished\":\"2025-05-13T07:41:55+00:00\",\"dateModified\":\"2025-06-26T14:31:14+00:00\",\"breadcrumb\":{\"@id\":\"https:\/\/hoyre.no\/akershus\/ingen-slagord-bare-hoyres-viktigste-saker\/#breadcrumb\"},\"inLanguage\":\"nb-NO\",\"potentialAction\":[{\"@type\":\"ReadAction\",\"target\":[\"https:\/\/hoyre.no\/akershus\/ingen-slagord-bare-hoyres-viktigste-saker\/\"]}]},{\"@type\":\"BreadcrumbList\",\"@id\":\"https:\/\/hoyre.no\/akershus\/ingen-slagord-bare-hoyres-viktigste-saker\/#breadcrumb\",\"itemListElement\":[{\"@type\":\"ListItem\",\"position\":1,\"name\":\"Til hoyre.no\",\"item\":\"https:\/\/hoyre.no\"},{\"@type\":\"ListItem\",\"position\":2,\"name\":\"Hjem\",\"item\":\"https:\/\/hoyre.no\/akershus\/\"},{\"@type\":\"ListItem\",\"position\":3,\"name\":\"Ingen slagord. Bare H\u00f8yres viktigste saker\"}]},{\"@type\":\"WebSite\",\"@id\":\"https:\/\/hoyre.no\/akershus\/#website\",\"url\":\"https:\/\/hoyre.no\/akershus\/\",\"name\":\"Akershus H\u00f8yre\",\"description\":\"Bare enda et H\u00f8yres nettsteder-nettsted\",\"publisher\":{\"@id\":\"https:\/\/hoyre.no\/akershus\/#organization\"},\"inLanguage\":\"nb-NO\"},{\"@type\":\"Organization\",\"@id\":\"https:\/\/hoyre.no\/akershus\/#organization\",\"name\":\"Akershus H\u00f8yre\",\"url\":\"https:\/\/hoyre.no\/akershus\/\",\"logo\":{\"@type\":\"ImageObject\",\"inLanguage\":\"nb-NO\",\"@id\":\"https:\/\/hoyre.no\/akershus\/#\/schema\/logo\/image\/\",\"url\":\"https:\/\/hoyre.no\/content\/uploads\/sites\/432\/2023\/02\/hoyre_logo.png\",\"contentUrl\":\"https:\/\/hoyre.no\/content\/uploads\/sites\/432\/2023\/02\/hoyre_logo.png\",\"width\":1000,\"height\":1000,\"caption\":\"Akershus H\u00f8yre\"},\"image\":{\"@id\":\"https:\/\/hoyre.no\/akershus\/#\/schema\/logo\/image\/\"},\"sameAs\":[\"https:\/\/www.facebook.com\/akershus.h\"]}]}<\/script>\n<!-- \/ Yoast SEO plugin. -->","yoast_head_json":{"title":"Ingen slagord. Bare H\u00f8yres viktigste saker - Akershus H\u00f8yre","robots":{"index":"index","follow":"follow","max-snippet":"max-snippet:-1","max-image-preview":"max-image-preview:large","max-video-preview":"max-video-preview:-1"},"canonical":"https:\/\/hoyre.no\/akershus\/ingen-slagord-bare-hoyres-viktigste-saker\/","og_locale":"nb_NO","og_type":"article","og_title":"Ingen slagord. Bare H\u00f8yres viktigste saker - Akershus H\u00f8yre","og_description":"For de fleste av oss er Norge et godt land \u00e5 bo i. H\u00f8yre vil at landet skal v\u00e6re minst like godt \u00e5 bo i for v\u00e5re barn og barnebarn. N\u00e5 m\u00f8ter vi store utfordringer som krever at vi tar de rette valgene i dag, samtidig som vi bygger landet v\u00e5rt sterkere for i morgen. [&hellip;]","og_url":"https:\/\/hoyre.no\/akershus\/ingen-slagord-bare-hoyres-viktigste-saker\/","og_site_name":"Akershus H\u00f8yre","article_publisher":"https:\/\/www.facebook.com\/akershus.h","article_modified_time":"2025-06-26T14:31:14+00:00","twitter_card":"summary_large_image","twitter_misc":{"Ansl. lesetid":"3 minutter"},"schema":{"@context":"https:\/\/schema.org","@graph":[{"@type":"WebPage","@id":"https:\/\/hoyre.no\/akershus\/ingen-slagord-bare-hoyres-viktigste-saker\/","url":"https:\/\/hoyre.no\/akershus\/ingen-slagord-bare-hoyres-viktigste-saker\/","name":"Ingen slagord. Bare H\u00f8yres viktigste saker - Akershus H\u00f8yre","isPartOf":{"@id":"https:\/\/hoyre.no\/akershus\/#website"},"datePublished":"2025-05-13T07:41:55+00:00","dateModified":"2025-06-26T14:31:14+00:00","breadcrumb":{"@id":"https:\/\/hoyre.no\/akershus\/ingen-slagord-bare-hoyres-viktigste-saker\/#breadcrumb"},"inLanguage":"nb-NO","potentialAction":[{"@type":"ReadAction","target":["https:\/\/hoyre.no\/akershus\/ingen-slagord-bare-hoyres-viktigste-saker\/"]}]},{"@type":"BreadcrumbList","@id":"https:\/\/hoyre.no\/akershus\/ingen-slagord-bare-hoyres-viktigste-saker\/#breadcrumb","itemListElement":[{"@type":"ListItem","position":1,"name":"Til hoyre.no","item":"https:\/\/hoyre.no"},{"@type":"ListItem","position":2,"name":"Hjem","item":"https:\/\/hoyre.no\/akershus\/"},{"@type":"ListItem","position":3,"name":"Ingen slagord. Bare H\u00f8yres viktigste saker"}]},{"@type":"WebSite","@id":"https:\/\/hoyre.no\/akershus\/#website","url":"https:\/\/hoyre.no\/akershus\/","name":"Akershus H\u00f8yre","description":"Bare enda et H\u00f8yres nettsteder-nettsted","publisher":{"@id":"https:\/\/hoyre.no\/akershus\/#organization"},"inLanguage":"nb-NO"},{"@type":"Organization","@id":"https:\/\/hoyre.no\/akershus\/#organization","name":"Akershus H\u00f8yre","url":"https:\/\/hoyre.no\/akershus\/","logo":{"@type":"ImageObject","inLanguage":"nb-NO","@id":"https:\/\/hoyre.no\/akershus\/#\/schema\/logo\/image\/","url":"https:\/\/hoyre.no\/content\/uploads\/sites\/432\/2023\/02\/hoyre_logo.png","contentUrl":"https:\/\/hoyre.no\/content\/uploads\/sites\/432\/2023\/02\/hoyre_logo.png","width":1000,"height":1000,"caption":"Akershus H\u00f8yre"},"image":{"@id":"https:\/\/hoyre.no\/akershus\/#\/schema\/logo\/image\/"},"sameAs":["https:\/\/www.facebook.com\/akershus.h"]}]}},"distributor_meta":false,"distributor_terms":false,"distributor_media":false,"distributor_original_site_name":"Akershus H\u00f8yre","distributor_original_site_url":"https:\/\/hoyre.no\/akershus","push-errors":false,"_links":{"self":[{"href":"https:\/\/hoyre.no\/akershus\/wp-json\/wp\/v2\/pages\/1431","targetHints":{"allow":["GET"]}}],"collection":[{"href":"https:\/\/hoyre.no\/akershus\/wp-json\/wp\/v2\/pages"}],"about":[{"href":"https:\/\/hoyre.no\/akershus\/wp-json\/wp\/v2\/types\/page"}],"author":[{"embeddable":true,"href":"https:\/\/hoyre.no\/akershus\/wp-json\/wp\/v2\/users\/202"}],"replies":[{"embeddable":true,"href":"https:\/\/hoyre.no\/akershus\/wp-json\/wp\/v2\/comments?post=1431"}],"version-history":[{"count":18,"href":"https:\/\/hoyre.no\/akershus\/wp-json\/wp\/v2\/pages\/1431\/revisions"}],"predecessor-version":[{"id":1606,"href":"https:\/\/hoyre.no\/akershus\/wp-json\/wp\/v2\/pages\/1431\/revisions\/1606"}],"wp:attachment":[{"href":"https:\/\/hoyre.no\/akershus\/wp-json\/wp\/v2\/media?parent=1431"}],"curies":[{"name":"wp","href":"https:\/\/api.w.org\/{rel}","templated":true}]}}