{"id":2005,"date":"2026-02-27T12:26:58","date_gmt":"2026-02-27T11:26:58","guid":{"rendered":"https:\/\/hoyre.no\/akershus\/?page_id=2005"},"modified":"2026-03-10T14:22:12","modified_gmt":"2026-03-10T13:22:12","slug":"2005-2","status":"publish","type":"page","link":"https:\/\/hoyre.no\/akershus\/2005-2\/","title":{"rendered":"Akershus H\u00f8yres nominasjonsprosess \u2013 fylkestingsvalget 2027"},"content":{"rendered":"\n\n<h2 class=\"wp-block-heading\">Akershus H\u00f8yres nominasjonsprosess \u2013 fylkestingsvalget 2027<\/h2>\n\n\n\n<figure class=\"wp-block-image size-full\"><img loading=\"lazy\" decoding=\"async\" width=\"1000\" height=\"1000\" src=\"https:\/\/hoyre.no\/content\/uploads\/sites\/432\/2024\/09\/2020_RGB_hoyre_logo_profilbilde_01.png\" alt=\"\" class=\"wp-image-988\" srcset=\"https:\/\/hoyre.no\/content\/uploads\/sites\/432\/2024\/09\/2020_RGB_hoyre_logo_profilbilde_01.png 1000w, https:\/\/hoyre.no\/content\/uploads\/sites\/432\/2024\/09\/2020_RGB_hoyre_logo_profilbilde_01-300x300.png 300w, https:\/\/hoyre.no\/content\/uploads\/sites\/432\/2024\/09\/2020_RGB_hoyre_logo_profilbilde_01-150x150.png 150w, https:\/\/hoyre.no\/content\/uploads\/sites\/432\/2024\/09\/2020_RGB_hoyre_logo_profilbilde_01-768x768.png 768w\" sizes=\"auto, (max-width: 1000px) 100vw, 1000px\" \/><\/figure>\n\n\n\n<h4 class=\"wp-block-heading\">Nominasjonsprosess og datoplan<\/h4>\n\n\n\n<p>Nominasjonsprosessen for fylkestingsvalget 2027 er regulert gjennom \u00ab<em>Reglement og retningslinjer for \u00e5rs- og nominasjonsm\u00f8ter i H\u00f8yres fylkesorganisasjoner<\/em>\u00bb, vedtatt av H\u00f8yres sentralstyre.<\/p>\n\n\n\n<p><strong>Nominasjonskomiteen ble oppnevnt av fylkesstyret for Akershus H\u00f8yre den 4. mars 2026 og best\u00e5r av:<\/strong><br>Gro Langdalen, Nedre Romerike (leder)<br>Elsbeth Tronstad, B\u00e6rum (nestleder)<br>Waldemar Garntangen, Asker<br>Kristian Forslund, Follo<br>Harald Johansen, \u00d8vre Romerike<br>Julius Kvello Mellgren, Akershus Unge H\u00f8yre<br>Erik Adland, Akershus Senior H\u00f8yre<\/p>\n\n\n\n<div class=\"wp-block-teft-file icon-link-block\"><a href=\"https:\/\/hoyre.no\/content\/uploads\/sites\/432\/2026\/03\/Beregning-av-antall-delegater-til-nominasjonsmote-19.11.2026.pdf\" download><span class=\"file-title\">Beregning av antall delegater til nominasjonsm\u00f8te 19.11.2026<\/span><span class=\"file-name\"><\/span><\/a><\/div>\n\n\n\n<p>Akershus H\u00f8yres fylkesstyre har vedtatt denne datoplanen for nominasjonsprosessen:<\/p>\n\n\n\n<figure class=\"wp-block-table\"><table class=\"has-fixed-layout\"><thead><tr><th class=\"has-text-align-center\" data-align=\"center\"><strong>Dato<\/strong><\/th><th><strong>Hva<\/strong><\/th><\/tr><\/thead><tbody><tr><td class=\"has-text-align-center\" data-align=\"center\">4. mars 2026<\/td><td>Oppnevning av nominasjonskomiteen. <\/td><\/tr><tr><td class=\"has-text-align-center\" data-align=\"center\">4. mars 2026<\/td><td>Komiteen<strong> <\/strong>starter sitt arbeid<\/td><\/tr><tr><td class=\"has-text-align-center\" data-align=\"center\">5. mars 2026<\/td><td>Varsel sendes til kommuneforeningene og medlemmer<\/td><\/tr><tr><td class=\"has-text-align-center\" data-align=\"center\">1. mai 2026<\/td><td>Sittende representanter og vararepresentanter tilskrives<\/td><\/tr><tr><td class=\"has-text-align-center\" data-align=\"center\">14. juni 2026<\/td><td>Frist for sittende representanter og vararepresentanter til \u00e5 svare<\/td><\/tr><tr><td class=\"has-text-align-center\" data-align=\"center\">23. august 2026<\/td><td>Frist for \u00e5 fremme forslag p\u00e5 navn til nominasjonskomiteen<\/td><\/tr><tr><td class=\"has-text-align-center\" data-align=\"center\">31. august 2026<\/td><td>Nominasjonskomiteen presenterer en alfabetisk liste<\/td><\/tr><tr><td class=\"has-text-align-center\" data-align=\"center\">14.-25. september<br>(uke 38 og 39, som er uken f\u00f8r h\u00f8stferien).<\/td><td>Pr\u00f8venominasjon gjennomf\u00f8res i kommuneforeningene<\/td><\/tr><tr><td class=\"has-text-align-center\" data-align=\"center\">14.-25. september<br>(uke 38 og 39).<\/td><td>R\u00e5dgivende avstemning blant fylkespartiets betalende medlemmer<\/td><\/tr><tr><td class=\"has-text-align-center\" data-align=\"center\">22. oktober 2026<\/td><td>Frist for innkalling til nominasjonsm\u00f8tet<\/td><\/tr><tr><td class=\"has-text-align-center\" data-align=\"center\">5. november 2026<\/td><td>Frist for offentliggj\u00f8ring av nominasjonskomiteens innstilling<\/td><\/tr><tr><td class=\"has-text-align-center\" data-align=\"center\">19. november 2026<\/td><td>Nominasjonsm\u00f8tet<\/td><\/tr><\/tbody><\/table><\/figure>\n\n","protected":false},"excerpt":{"rendered":"","protected":false},"author":39021,"featured_media":0,"parent":0,"menu_order":0,"comment_status":"closed","ping_status":"closed","template":"","meta":{"teft_cards_image_url":"","teft_cards_custom_pretitle":"","teft_cards_image_id":0,"teft_cards_image_focal_point_x":0,"teft_cards_image_focal_point_y":0,"teft_cards_title":"","teft_cards_excerpt":"","teft_show_chapters":false,"footnotes":""},"class_list":["post-2005","page","type-page","status-publish","hentry"],"yoast_head":"<!-- This site is optimized with the Yoast SEO plugin v26.6 - https:\/\/yoast.com\/wordpress\/plugins\/seo\/ -->\n<title>Akershus H\u00f8yres nominasjonsprosess \u2013 fylkestingsvalget 2027 - Akershus H\u00f8yre<\/title>\n<meta name=\"robots\" content=\"index, follow, max-snippet:-1, max-image-preview:large, max-video-preview:-1\" \/>\n<link rel=\"canonical\" href=\"https:\/\/hoyre.no\/akershus\/2005-2\/\" \/>\n<meta property=\"og:locale\" content=\"nb_NO\" \/>\n<meta property=\"og:type\" content=\"article\" \/>\n<meta property=\"og:title\" content=\"Akershus H\u00f8yres nominasjonsprosess \u2013 fylkestingsvalget 2027 - Akershus H\u00f8yre\" \/>\n<meta property=\"og:url\" content=\"https:\/\/hoyre.no\/akershus\/2005-2\/\" \/>\n<meta property=\"og:site_name\" content=\"Akershus H\u00f8yre\" \/>\n<meta property=\"article:publisher\" content=\"https:\/\/www.facebook.com\/akershus.h\" \/>\n<meta property=\"article:modified_time\" content=\"2026-03-10T13:22:12+00:00\" \/>\n<meta property=\"og:image\" content=\"https:\/\/hoyre.no\/content\/uploads\/sites\/432\/2024\/09\/2020_RGB_hoyre_logo_profilbilde_01.png\" \/>\n\t<meta property=\"og:image:width\" content=\"1000\" \/>\n\t<meta property=\"og:image:height\" content=\"1000\" \/>\n\t<meta property=\"og:image:type\" content=\"image\/png\" \/>\n<meta name=\"twitter:card\" content=\"summary_large_image\" \/>\n<meta name=\"twitter:label1\" content=\"Ansl. lesetid\" \/>\n\t<meta name=\"twitter:data1\" content=\"2 minutter\" \/>\n<script type=\"application\/ld+json\" class=\"yoast-schema-graph\">{\"@context\":\"https:\/\/schema.org\",\"@graph\":[{\"@type\":\"WebPage\",\"@id\":\"https:\/\/hoyre.no\/akershus\/2005-2\/\",\"url\":\"https:\/\/hoyre.no\/akershus\/2005-2\/\",\"name\":\"Akershus H\u00f8yres nominasjonsprosess \u2013 fylkestingsvalget 2027 - Akershus H\u00f8yre\",\"isPartOf\":{\"@id\":\"https:\/\/hoyre.no\/akershus\/#website\"},\"image\":{\"@id\":\"https:\/\/hoyre.no\/akershus\/2005-2\/#primaryimage\"},\"thumbnailUrl\":\"https:\/\/hoyre.no\/content\/uploads\/sites\/432\/2024\/09\/2020_RGB_hoyre_logo_profilbilde_01.png\",\"datePublished\":\"2026-02-27T11:26:58+00:00\",\"dateModified\":\"2026-03-10T13:22:12+00:00\",\"breadcrumb\":{\"@id\":\"https:\/\/hoyre.no\/akershus\/2005-2\/#breadcrumb\"},\"inLanguage\":\"nb-NO\",\"potentialAction\":[{\"@type\":\"ReadAction\",\"target\":[\"https:\/\/hoyre.no\/akershus\/2005-2\/\"]}]},{\"@type\":\"ImageObject\",\"inLanguage\":\"nb-NO\",\"@id\":\"https:\/\/hoyre.no\/akershus\/2005-2\/#primaryimage\",\"url\":\"https:\/\/hoyre.no\/content\/uploads\/sites\/432\/2024\/09\/2020_RGB_hoyre_logo_profilbilde_01.png\",\"contentUrl\":\"https:\/\/hoyre.no\/content\/uploads\/sites\/432\/2024\/09\/2020_RGB_hoyre_logo_profilbilde_01.png\"},{\"@type\":\"BreadcrumbList\",\"@id\":\"https:\/\/hoyre.no\/akershus\/2005-2\/#breadcrumb\",\"itemListElement\":[{\"@type\":\"ListItem\",\"position\":1,\"name\":\"Til hoyre.no\",\"item\":\"https:\/\/hoyre.no\"},{\"@type\":\"ListItem\",\"position\":2,\"name\":\"Hjem\",\"item\":\"https:\/\/hoyre.no\/akershus\/\"},{\"@type\":\"ListItem\",\"position\":3,\"name\":\"Akershus H\u00f8yres nominasjonsprosess \u2013 fylkestingsvalget 2027\"}]},{\"@type\":\"WebSite\",\"@id\":\"https:\/\/hoyre.no\/akershus\/#website\",\"url\":\"https:\/\/hoyre.no\/akershus\/\",\"name\":\"Akershus H\u00f8yre\",\"description\":\"Bare enda et H\u00f8yres nettsteder-nettsted\",\"publisher\":{\"@id\":\"https:\/\/hoyre.no\/akershus\/#organization\"},\"inLanguage\":\"nb-NO\"},{\"@type\":\"Organization\",\"@id\":\"https:\/\/hoyre.no\/akershus\/#organization\",\"name\":\"Akershus H\u00f8yre\",\"url\":\"https:\/\/hoyre.no\/akershus\/\",\"logo\":{\"@type\":\"ImageObject\",\"inLanguage\":\"nb-NO\",\"@id\":\"https:\/\/hoyre.no\/akershus\/#\/schema\/logo\/image\/\",\"url\":\"https:\/\/hoyre.no\/content\/uploads\/sites\/432\/2023\/02\/hoyre_logo.png\",\"contentUrl\":\"https:\/\/hoyre.no\/content\/uploads\/sites\/432\/2023\/02\/hoyre_logo.png\",\"width\":1000,\"height\":1000,\"caption\":\"Akershus H\u00f8yre\"},\"image\":{\"@id\":\"https:\/\/hoyre.no\/akershus\/#\/schema\/logo\/image\/\"},\"sameAs\":[\"https:\/\/www.facebook.com\/akershus.h\"]}]}<\/script>\n<!-- \/ Yoast SEO plugin. -->","yoast_head_json":{"title":"Akershus H\u00f8yres nominasjonsprosess \u2013 fylkestingsvalget 2027 - Akershus H\u00f8yre","robots":{"index":"index","follow":"follow","max-snippet":"max-snippet:-1","max-image-preview":"max-image-preview:large","max-video-preview":"max-video-preview:-1"},"canonical":"https:\/\/hoyre.no\/akershus\/2005-2\/","og_locale":"nb_NO","og_type":"article","og_title":"Akershus H\u00f8yres nominasjonsprosess \u2013 fylkestingsvalget 2027 - Akershus H\u00f8yre","og_url":"https:\/\/hoyre.no\/akershus\/2005-2\/","og_site_name":"Akershus H\u00f8yre","article_publisher":"https:\/\/www.facebook.com\/akershus.h","article_modified_time":"2026-03-10T13:22:12+00:00","og_image":[{"width":1000,"height":1000,"url":"https:\/\/hoyre.no\/content\/uploads\/sites\/432\/2024\/09\/2020_RGB_hoyre_logo_profilbilde_01.png","type":"image\/png"}],"twitter_card":"summary_large_image","twitter_misc":{"Ansl. lesetid":"2 minutter"},"schema":{"@context":"https:\/\/schema.org","@graph":[{"@type":"WebPage","@id":"https:\/\/hoyre.no\/akershus\/2005-2\/","url":"https:\/\/hoyre.no\/akershus\/2005-2\/","name":"Akershus H\u00f8yres nominasjonsprosess \u2013 fylkestingsvalget 2027 - Akershus H\u00f8yre","isPartOf":{"@id":"https:\/\/hoyre.no\/akershus\/#website"},"image":{"@id":"https:\/\/hoyre.no\/akershus\/2005-2\/#primaryimage"},"thumbnailUrl":"https:\/\/hoyre.no\/content\/uploads\/sites\/432\/2024\/09\/2020_RGB_hoyre_logo_profilbilde_01.png","datePublished":"2026-02-27T11:26:58+00:00","dateModified":"2026-03-10T13:22:12+00:00","breadcrumb":{"@id":"https:\/\/hoyre.no\/akershus\/2005-2\/#breadcrumb"},"inLanguage":"nb-NO","potentialAction":[{"@type":"ReadAction","target":["https:\/\/hoyre.no\/akershus\/2005-2\/"]}]},{"@type":"ImageObject","inLanguage":"nb-NO","@id":"https:\/\/hoyre.no\/akershus\/2005-2\/#primaryimage","url":"https:\/\/hoyre.no\/content\/uploads\/sites\/432\/2024\/09\/2020_RGB_hoyre_logo_profilbilde_01.png","contentUrl":"https:\/\/hoyre.no\/content\/uploads\/sites\/432\/2024\/09\/2020_RGB_hoyre_logo_profilbilde_01.png"},{"@type":"BreadcrumbList","@id":"https:\/\/hoyre.no\/akershus\/2005-2\/#breadcrumb","itemListElement":[{"@type":"ListItem","position":1,"name":"Til hoyre.no","item":"https:\/\/hoyre.no"},{"@type":"ListItem","position":2,"name":"Hjem","item":"https:\/\/hoyre.no\/akershus\/"},{"@type":"ListItem","position":3,"name":"Akershus H\u00f8yres nominasjonsprosess \u2013 fylkestingsvalget 2027"}]},{"@type":"WebSite","@id":"https:\/\/hoyre.no\/akershus\/#website","url":"https:\/\/hoyre.no\/akershus\/","name":"Akershus H\u00f8yre","description":"Bare enda et H\u00f8yres nettsteder-nettsted","publisher":{"@id":"https:\/\/hoyre.no\/akershus\/#organization"},"inLanguage":"nb-NO"},{"@type":"Organization","@id":"https:\/\/hoyre.no\/akershus\/#organization","name":"Akershus H\u00f8yre","url":"https:\/\/hoyre.no\/akershus\/","logo":{"@type":"ImageObject","inLanguage":"nb-NO","@id":"https:\/\/hoyre.no\/akershus\/#\/schema\/logo\/image\/","url":"https:\/\/hoyre.no\/content\/uploads\/sites\/432\/2023\/02\/hoyre_logo.png","contentUrl":"https:\/\/hoyre.no\/content\/uploads\/sites\/432\/2023\/02\/hoyre_logo.png","width":1000,"height":1000,"caption":"Akershus H\u00f8yre"},"image":{"@id":"https:\/\/hoyre.no\/akershus\/#\/schema\/logo\/image\/"},"sameAs":["https:\/\/www.facebook.com\/akershus.h"]}]}},"distributor_meta":false,"distributor_terms":false,"distributor_media":false,"distributor_original_site_name":"Akershus H\u00f8yre","distributor_original_site_url":"https:\/\/hoyre.no\/akershus","push-errors":false,"_links":{"self":[{"href":"https:\/\/hoyre.no\/akershus\/wp-json\/wp\/v2\/pages\/2005","targetHints":{"allow":["GET"]}}],"collection":[{"href":"https:\/\/hoyre.no\/akershus\/wp-json\/wp\/v2\/pages"}],"about":[{"href":"https:\/\/hoyre.no\/akershus\/wp-json\/wp\/v2\/types\/page"}],"author":[{"embeddable":true,"href":"https:\/\/hoyre.no\/akershus\/wp-json\/wp\/v2\/users\/39021"}],"replies":[{"embeddable":true,"href":"https:\/\/hoyre.no\/akershus\/wp-json\/wp\/v2\/comments?post=2005"}],"version-history":[{"count":12,"href":"https:\/\/hoyre.no\/akershus\/wp-json\/wp\/v2\/pages\/2005\/revisions"}],"predecessor-version":[{"id":2026,"href":"https:\/\/hoyre.no\/akershus\/wp-json\/wp\/v2\/pages\/2005\/revisions\/2026"}],"wp:attachment":[{"href":"https:\/\/hoyre.no\/akershus\/wp-json\/wp\/v2\/media?parent=2005"}],"curies":[{"name":"wp","href":"https:\/\/api.w.org\/{rel}","templated":true}]}}