{"id":2075,"date":"2026-05-03T09:45:40","date_gmt":"2026-05-03T07:45:40","guid":{"rendered":"https:\/\/hoyre.no\/akershus\/?page_id=2075"},"modified":"2026-05-03T10:34:55","modified_gmt":"2026-05-03T08:34:55","slug":"forslag","status":"publish","type":"page","link":"https:\/\/hoyre.no\/akershus\/forslag\/","title":{"rendered":"Forslag"},"content":{"rendered":"<div class=\"hero-2026 is-style-corner alignwide wp-block-hoyre-hero-2026\">\n\t\t\t<div class=\"hero-2026__image\"><img decoding=\"async\" src=\"https:\/\/hoyre.no\/content\/uploads\/sites\/432\/2023\/05\/Kollektiv.png\" alt=\"\" \/><\/div>\n\t\t\t\n\t\t\t<div class=\"hero-2026__content\">\n\t\t\t\t<svg width=\"101\" height=\"480\" viewBox=\"0 0 101 480\" fill=\"none\" xmlns=\"http:\/\/www.w3.org\/2000\/svg\">\n<path d=\"M6.65616 117.334C-0.295628 76.2104 -3.77152 55.6485 6.21097 39.8114C16.1935 23.9743 36.2437 18.2415 76.3441 6.77569L100.041 0L100.042 480L67.9629 480L6.65616 117.334Z\" fill=\"currentColor\" \/>\n<\/svg>\n\n\t\t\t\t\n\t\t\t\t<h2 class=\"hero-2026__title\">Hva ville du gjort om du var fylkesr\u00e5dsleder?<\/h2>\n\t\t\t\t<div class=\"hero-2026__buttons\">\n\n<div class=\"wp-block-buttons is-content-justification-center is-layout-flex wp-container-core-buttons-is-layout-16018d1d wp-block-buttons-is-layout-flex\">\n<div class=\"wp-block-button\"><a class=\"wp-block-button__link wp-element-button\" href=\"https:\/\/response.questback.com\/hoyre\/fhysgwcjbv\">Send inn dine forslag her<\/a><\/div>\n<\/div>\n\n<\/div>\n\t\t\t<\/div>\n\t\t<\/div>\n\n\n<h2 class=\"wp-block-heading\">Vi vil h\u00f8re fra deg!<\/h2>\n\n\n\n\n<p>Hvis du hadde styrt Akershus fylkeskommune, hva ville du gjort for \u00e5 gj\u00f8re folks hverdag enklere og bedre?<\/p>\n\n\n\n<p><strong>Hva gj\u00f8r fylkeskommunen?<\/strong><br>Fylkeskommunen tar seg av oppgaver som er for store til at hver kommune i et fylke kan klare dem alene, som videreg\u00e5ende oppl\u00e6ring, samferdsel og tannhelse, eller saker som g\u00e5r p\u00e5 tvers av kommunene og trenger et mer helhetlig regionalt blikk for \u00e5 bli l\u00f8st godt.<\/p>\n\n\n\n<p>Akershus fylkeskommune har om lag 5000 ansatte. Rundt 4000 av disse jobber de videreg\u00e5ende skolene i Akershus.<\/p>\n\n\n\n<p><strong>Har du noen forslag?<\/strong><br>Hva skal til for at v\u00e5re ungdommer l\u00e6rer mer og trives bedre i den videreg\u00e5ende skolen? Hvordan kan vi styrke kollektivtilbudet i fylket? Hvordan kan vi skape trygge og gode n\u00e6rmilj\u00f8er i alle deler av fylket? Dette er bare noen av sp\u00f8rsm\u00e5lene vi gjerne vil ha ditt svar p\u00e5.<\/p>\n\n\n\n<p>Vi er i gang med \u00e5 lage v\u00e5rt nye program til fylkestingsvalget i 2027. Den beste politikken lager vi sammen, og derfor vil vi gjerne ha dine ideer og forslag.<\/p>\n\n\n\n<div class=\"wp-block-buttons is-layout-flex wp-block-buttons-is-layout-flex\">\n<div class=\"wp-block-button\"><a class=\"wp-block-button__link wp-element-button\" href=\"https:\/\/response.questback.com\/hoyre\/fhysgwcjbv\">Send inn dine forslag her<\/a><\/div>\n<\/div>\n\n","protected":false},"excerpt":{"rendered":"<p>Vi vil h\u00f8re fra deg!<\/p>\n","protected":false},"author":167,"featured_media":0,"parent":0,"menu_order":0,"comment_status":"closed","ping_status":"closed","template":"","meta":{"teft_cards_image_url":"","teft_cards_custom_pretitle":"","teft_cards_image_id":0,"teft_cards_image_focal_point_x":0,"teft_cards_image_focal_point_y":0,"teft_cards_title":"","teft_cards_excerpt":"","teft_show_chapters":false,"footnotes":""},"class_list":["post-2075","page","type-page","status-publish","hentry"],"yoast_head":"<!-- This site is optimized with the Yoast SEO plugin v26.6 - https:\/\/yoast.com\/wordpress\/plugins\/seo\/ -->\n<title>Forslag - Akershus H\u00f8yre<\/title>\n<meta name=\"robots\" content=\"index, follow, max-snippet:-1, max-image-preview:large, max-video-preview:-1\" \/>\n<link rel=\"canonical\" href=\"https:\/\/hoyre.no\/akershus\/forslag\/\" \/>\n<meta property=\"og:locale\" content=\"nb_NO\" \/>\n<meta property=\"og:type\" content=\"article\" \/>\n<meta property=\"og:title\" content=\"Forslag - Akershus H\u00f8yre\" \/>\n<meta property=\"og:description\" content=\"Vi vil h\u00f8re fra deg!\" \/>\n<meta property=\"og:url\" content=\"https:\/\/hoyre.no\/akershus\/forslag\/\" \/>\n<meta property=\"og:site_name\" content=\"Akershus H\u00f8yre\" \/>\n<meta property=\"article:publisher\" content=\"https:\/\/www.facebook.com\/akershus.h\" \/>\n<meta property=\"article:modified_time\" content=\"2026-05-03T08:34:55+00:00\" \/>\n<meta name=\"twitter:card\" content=\"summary_large_image\" \/>\n<meta name=\"twitter:label1\" content=\"Ansl. lesetid\" \/>\n\t<meta name=\"twitter:data1\" content=\"1 minutt\" \/>\n<script type=\"application\/ld+json\" class=\"yoast-schema-graph\">{\"@context\":\"https:\/\/schema.org\",\"@graph\":[{\"@type\":\"WebPage\",\"@id\":\"https:\/\/hoyre.no\/akershus\/forslag\/\",\"url\":\"https:\/\/hoyre.no\/akershus\/forslag\/\",\"name\":\"Forslag - Akershus H\u00f8yre\",\"isPartOf\":{\"@id\":\"https:\/\/hoyre.no\/akershus\/#website\"},\"datePublished\":\"2026-05-03T07:45:40+00:00\",\"dateModified\":\"2026-05-03T08:34:55+00:00\",\"breadcrumb\":{\"@id\":\"https:\/\/hoyre.no\/akershus\/forslag\/#breadcrumb\"},\"inLanguage\":\"nb-NO\",\"potentialAction\":[{\"@type\":\"ReadAction\",\"target\":[\"https:\/\/hoyre.no\/akershus\/forslag\/\"]}]},{\"@type\":\"BreadcrumbList\",\"@id\":\"https:\/\/hoyre.no\/akershus\/forslag\/#breadcrumb\",\"itemListElement\":[{\"@type\":\"ListItem\",\"position\":1,\"name\":\"Til hoyre.no\",\"item\":\"https:\/\/hoyre.no\"},{\"@type\":\"ListItem\",\"position\":2,\"name\":\"Hjem\",\"item\":\"https:\/\/hoyre.no\/akershus\/\"},{\"@type\":\"ListItem\",\"position\":3,\"name\":\"Forslag\"}]},{\"@type\":\"WebSite\",\"@id\":\"https:\/\/hoyre.no\/akershus\/#website\",\"url\":\"https:\/\/hoyre.no\/akershus\/\",\"name\":\"Akershus H\u00f8yre\",\"description\":\"Bare enda et H\u00f8yres nettsteder-nettsted\",\"publisher\":{\"@id\":\"https:\/\/hoyre.no\/akershus\/#organization\"},\"inLanguage\":\"nb-NO\"},{\"@type\":\"Organization\",\"@id\":\"https:\/\/hoyre.no\/akershus\/#organization\",\"name\":\"Akershus H\u00f8yre\",\"url\":\"https:\/\/hoyre.no\/akershus\/\",\"logo\":{\"@type\":\"ImageObject\",\"inLanguage\":\"nb-NO\",\"@id\":\"https:\/\/hoyre.no\/akershus\/#\/schema\/logo\/image\/\",\"url\":\"https:\/\/hoyre.no\/content\/uploads\/sites\/432\/2023\/02\/hoyre_logo.png\",\"contentUrl\":\"https:\/\/hoyre.no\/content\/uploads\/sites\/432\/2023\/02\/hoyre_logo.png\",\"width\":1000,\"height\":1000,\"caption\":\"Akershus H\u00f8yre\"},\"image\":{\"@id\":\"https:\/\/hoyre.no\/akershus\/#\/schema\/logo\/image\/\"},\"sameAs\":[\"https:\/\/www.facebook.com\/akershus.h\"]}]}<\/script>\n<!-- \/ Yoast SEO plugin. -->","yoast_head_json":{"title":"Forslag - Akershus H\u00f8yre","robots":{"index":"index","follow":"follow","max-snippet":"max-snippet:-1","max-image-preview":"max-image-preview:large","max-video-preview":"max-video-preview:-1"},"canonical":"https:\/\/hoyre.no\/akershus\/forslag\/","og_locale":"nb_NO","og_type":"article","og_title":"Forslag - Akershus H\u00f8yre","og_description":"Vi vil h\u00f8re fra deg!","og_url":"https:\/\/hoyre.no\/akershus\/forslag\/","og_site_name":"Akershus H\u00f8yre","article_publisher":"https:\/\/www.facebook.com\/akershus.h","article_modified_time":"2026-05-03T08:34:55+00:00","twitter_card":"summary_large_image","twitter_misc":{"Ansl. lesetid":"1 minutt"},"schema":{"@context":"https:\/\/schema.org","@graph":[{"@type":"WebPage","@id":"https:\/\/hoyre.no\/akershus\/forslag\/","url":"https:\/\/hoyre.no\/akershus\/forslag\/","name":"Forslag - Akershus H\u00f8yre","isPartOf":{"@id":"https:\/\/hoyre.no\/akershus\/#website"},"datePublished":"2026-05-03T07:45:40+00:00","dateModified":"2026-05-03T08:34:55+00:00","breadcrumb":{"@id":"https:\/\/hoyre.no\/akershus\/forslag\/#breadcrumb"},"inLanguage":"nb-NO","potentialAction":[{"@type":"ReadAction","target":["https:\/\/hoyre.no\/akershus\/forslag\/"]}]},{"@type":"BreadcrumbList","@id":"https:\/\/hoyre.no\/akershus\/forslag\/#breadcrumb","itemListElement":[{"@type":"ListItem","position":1,"name":"Til hoyre.no","item":"https:\/\/hoyre.no"},{"@type":"ListItem","position":2,"name":"Hjem","item":"https:\/\/hoyre.no\/akershus\/"},{"@type":"ListItem","position":3,"name":"Forslag"}]},{"@type":"WebSite","@id":"https:\/\/hoyre.no\/akershus\/#website","url":"https:\/\/hoyre.no\/akershus\/","name":"Akershus H\u00f8yre","description":"Bare enda et H\u00f8yres nettsteder-nettsted","publisher":{"@id":"https:\/\/hoyre.no\/akershus\/#organization"},"inLanguage":"nb-NO"},{"@type":"Organization","@id":"https:\/\/hoyre.no\/akershus\/#organization","name":"Akershus H\u00f8yre","url":"https:\/\/hoyre.no\/akershus\/","logo":{"@type":"ImageObject","inLanguage":"nb-NO","@id":"https:\/\/hoyre.no\/akershus\/#\/schema\/logo\/image\/","url":"https:\/\/hoyre.no\/content\/uploads\/sites\/432\/2023\/02\/hoyre_logo.png","contentUrl":"https:\/\/hoyre.no\/content\/uploads\/sites\/432\/2023\/02\/hoyre_logo.png","width":1000,"height":1000,"caption":"Akershus H\u00f8yre"},"image":{"@id":"https:\/\/hoyre.no\/akershus\/#\/schema\/logo\/image\/"},"sameAs":["https:\/\/www.facebook.com\/akershus.h"]}]}},"distributor_meta":false,"distributor_terms":false,"distributor_media":false,"distributor_original_site_name":"Akershus H\u00f8yre","distributor_original_site_url":"https:\/\/hoyre.no\/akershus","push-errors":false,"_links":{"self":[{"href":"https:\/\/hoyre.no\/akershus\/wp-json\/wp\/v2\/pages\/2075","targetHints":{"allow":["GET"]}}],"collection":[{"href":"https:\/\/hoyre.no\/akershus\/wp-json\/wp\/v2\/pages"}],"about":[{"href":"https:\/\/hoyre.no\/akershus\/wp-json\/wp\/v2\/types\/page"}],"author":[{"embeddable":true,"href":"https:\/\/hoyre.no\/akershus\/wp-json\/wp\/v2\/users\/167"}],"replies":[{"embeddable":true,"href":"https:\/\/hoyre.no\/akershus\/wp-json\/wp\/v2\/comments?post=2075"}],"version-history":[{"count":8,"href":"https:\/\/hoyre.no\/akershus\/wp-json\/wp\/v2\/pages\/2075\/revisions"}],"predecessor-version":[{"id":2096,"href":"https:\/\/hoyre.no\/akershus\/wp-json\/wp\/v2\/pages\/2075\/revisions\/2096"}],"wp:attachment":[{"href":"https:\/\/hoyre.no\/akershus\/wp-json\/wp\/v2\/media?parent=2075"}],"curies":[{"name":"wp","href":"https:\/\/api.w.org\/{rel}","templated":true}]}}