{"id":66,"date":"2023-08-24T13:48:15","date_gmt":"2023-08-24T11:48:15","guid":{"rendered":"https:\/\/hoyre.no\/al\/?page_id=66"},"modified":"2023-08-31T13:13:43","modified_gmt":"2023-08-31T11:13:43","slug":"fem-grunnar-til-a-royste-hogre","status":"publish","type":"page","link":"https:\/\/hoyre.no\/al\/fem-grunnar-til-a-royste-hogre\/","title":{"rendered":"Fem grunnar til \u00e5 r\u00f8yste H\u00f8gre"},"content":{"rendered":"\n<div class=\"wp-block-hoyre-hero with-image-gradient text-color-light  alignfull has-background\"><div class=\"hoyre-hero \"><h1 class=\"title\">Fem grunnar til \u00e5 r\u00f8yste H\u00f8gre i \u00c5l<\/h1><p class=\"preamble\">\u00c5l vil ha ein kommune med moglegheitar for alle! Her kan du lese fem grunnar til \u00e5 r\u00f8yste H\u00f8gre i \u00c5l.<\/p><\/div><\/div>\n\n\n\n\n\t\t<div class=\"has-transparent-background-color is-layout-left alignwide alignwide wp-block-hoyre-media-text\">\n\t\t\t<div class=\"hoyre-media-text__media\">\n\t\t\t\t<img loading=\"lazy\" decoding=\"async\" width=\"1024\" height=\"683\" src=\"https:\/\/hoyre.no\/content\/uploads\/sites\/156\/2023\/08\/GettyImages-1224332804-1-1024x683.jpg\" class=\"hoyre-media-text__media-image\" alt=\"\" style=\"--focal: 50% 50%;\" srcset=\"https:\/\/hoyre.no\/content\/uploads\/sites\/156\/2023\/08\/GettyImages-1224332804-1-1024x683.jpg 1024w, https:\/\/hoyre.no\/content\/uploads\/sites\/156\/2023\/08\/GettyImages-1224332804-1-300x200.jpg 300w, https:\/\/hoyre.no\/content\/uploads\/sites\/156\/2023\/08\/GettyImages-1224332804-1-768x513.jpg 768w, https:\/\/hoyre.no\/content\/uploads\/sites\/156\/2023\/08\/GettyImages-1224332804-1-1536x1025.jpg 1536w, https:\/\/hoyre.no\/content\/uploads\/sites\/156\/2023\/08\/GettyImages-1224332804-1-2048x1367.jpg 2048w\" sizes=\"auto, (max-width: 1024px) 100vw, 1024px\" \/>\n\t\t\t<\/div>\n\t\t\t<div class=\"hoyre-media-text__content\">\n\t\t\t\t<div class=\"hoyre-media-text__content-inner\">\n\t\t\t\t\t\n\t\t\t<div class=\"hoyre-media-text__title-container\">\n\t\t\t\t\n\t\t\t\t<h2 class=\"hoyre-media-text__title\">1. Attraktive og inkluderande<br>lokalsamfunn i vekst<\/h2>\n\t\t\t<\/div>\n\t\t\t\n\t\t\t\t\t<div class=\"hoyre-media-text__blocks\"><\/div>\n\t\t\t\t\t\n\t\t\t\t<\/div>\n\t\t\t<\/div>\n\t\t<\/div>\n\t\t\n\n\n\n\t\t<div class=\"has-transparent-background-color is-layout-right alignwide alignwide wp-block-hoyre-media-text\">\n\t\t\t<div class=\"hoyre-media-text__media\">\n\t\t\t\t<img loading=\"lazy\" decoding=\"async\" width=\"1024\" height=\"683\" src=\"https:\/\/hoyre.no\/content\/uploads\/sites\/156\/2023\/08\/GettyImages-1269296368-1024x683.jpg\" class=\"hoyre-media-text__media-image\" alt=\"\" style=\"--focal: 50% 50%;\" srcset=\"https:\/\/hoyre.no\/content\/uploads\/sites\/156\/2023\/08\/GettyImages-1269296368-1024x683.jpg 1024w, https:\/\/hoyre.no\/content\/uploads\/sites\/156\/2023\/08\/GettyImages-1269296368-300x200.jpg 300w, https:\/\/hoyre.no\/content\/uploads\/sites\/156\/2023\/08\/GettyImages-1269296368-768x512.jpg 768w, https:\/\/hoyre.no\/content\/uploads\/sites\/156\/2023\/08\/GettyImages-1269296368-1536x1024.jpg 1536w, https:\/\/hoyre.no\/content\/uploads\/sites\/156\/2023\/08\/GettyImages-1269296368-2048x1365.jpg 2048w\" sizes=\"auto, (max-width: 1024px) 100vw, 1024px\" \/>\n\t\t\t<\/div>\n\t\t\t<div class=\"hoyre-media-text__content\">\n\t\t\t\t<div class=\"hoyre-media-text__content-inner\">\n\t\t\t\t\t\n\t\t\t<div class=\"hoyre-media-text__title-container\">\n\t\t\t\t\n\t\t\t\t<h2 class=\"hoyre-media-text__title\">2. Kunnskap og meistring i kvardagen<br>for barn og unge<\/h2>\n\t\t\t<\/div>\n\t\t\t\n\t\t\t\t\t<div class=\"hoyre-media-text__blocks\"><\/div>\n\t\t\t\t\t\n\t\t\t\t<\/div>\n\t\t\t<\/div>\n\t\t<\/div>\n\t\t\n\n\n\t\t<div class=\"has-transparent-background-color is-layout-left alignwide alignwide wp-block-hoyre-media-text\">\n\t\t\t<div class=\"hoyre-media-text__media\">\n\t\t\t\t<img loading=\"lazy\" decoding=\"async\" width=\"1024\" height=\"683\" src=\"https:\/\/hoyre.no\/content\/uploads\/sites\/156\/2023\/08\/GettyImages-514112456-1024x683.jpg\" class=\"hoyre-media-text__media-image\" alt=\"\" style=\"--focal: 50% 50%;\" srcset=\"https:\/\/hoyre.no\/content\/uploads\/sites\/156\/2023\/08\/GettyImages-514112456-1024x683.jpg 1024w, https:\/\/hoyre.no\/content\/uploads\/sites\/156\/2023\/08\/GettyImages-514112456-300x200.jpg 300w, https:\/\/hoyre.no\/content\/uploads\/sites\/156\/2023\/08\/GettyImages-514112456-768x513.jpg 768w, https:\/\/hoyre.no\/content\/uploads\/sites\/156\/2023\/08\/GettyImages-514112456-1536x1025.jpg 1536w, https:\/\/hoyre.no\/content\/uploads\/sites\/156\/2023\/08\/GettyImages-514112456-2048x1367.jpg 2048w\" sizes=\"auto, (max-width: 1024px) 100vw, 1024px\" \/>\n\t\t\t<\/div>\n\t\t\t<div class=\"hoyre-media-text__content\">\n\t\t\t\t<div class=\"hoyre-media-text__content-inner\">\n\t\t\t\t\t\n\t\t\t<div class=\"hoyre-media-text__title-container\">\n\t\t\t\t\n\t\t\t\t<h2 class=\"hoyre-media-text__title\">3. Kvalitet og valfridom i omsorga<\/h2>\n\t\t\t<\/div>\n\t\t\t\n\t\t\t\t\t<div class=\"hoyre-media-text__blocks\"><\/div>\n\t\t\t\t\t\n\t\t\t\t<\/div>\n\t\t\t<\/div>\n\t\t<\/div>\n\t\t\n\n\n\t\t<div class=\"has-transparent-background-color is-layout-right alignwide alignwide wp-block-hoyre-media-text\">\n\t\t\t<div class=\"hoyre-media-text__media\">\n\t\t\t\t<img loading=\"lazy\" decoding=\"async\" width=\"1024\" height=\"768\" src=\"https:\/\/hoyre.no\/content\/uploads\/sites\/156\/2023\/08\/al-1024x768.jpg\" class=\"hoyre-media-text__media-image\" alt=\"\" style=\"--focal: 50% 50%;\" srcset=\"https:\/\/hoyre.no\/content\/uploads\/sites\/156\/2023\/08\/al-1024x768.jpg 1024w, https:\/\/hoyre.no\/content\/uploads\/sites\/156\/2023\/08\/al-300x225.jpg 300w, https:\/\/hoyre.no\/content\/uploads\/sites\/156\/2023\/08\/al-768x576.jpg 768w, https:\/\/hoyre.no\/content\/uploads\/sites\/156\/2023\/08\/al.jpg 1500w\" sizes=\"auto, (max-width: 1024px) 100vw, 1024px\" \/>\n\t\t\t<\/div>\n\t\t\t<div class=\"hoyre-media-text__content\">\n\t\t\t\t<div class=\"hoyre-media-text__content-inner\">\n\t\t\t\t\t\n\t\t\t<div class=\"hoyre-media-text__title-container\">\n\t\t\t\t\n\t\t\t\t<h2 class=\"hoyre-media-text__title\">4. N\u00e6ringsutvikling og b\u00e6rekraftig \u00f8konomi<\/h2>\n\t\t\t<\/div>\n\t\t\t\n\t\t\t\t\t<div class=\"hoyre-media-text__blocks\"><\/div>\n\t\t\t\t\t\n\t\t\t\t<\/div>\n\t\t\t<\/div>\n\t\t<\/div>\n\t\t\n\n\n\t\t<div class=\"has-transparent-background-color is-layout-left alignwide alignwide wp-block-hoyre-media-text\">\n\t\t\t<div class=\"hoyre-media-text__media\">\n\t\t\t\t<img loading=\"lazy\" decoding=\"async\" width=\"883\" height=\"718\" src=\"https:\/\/hoyre.no\/content\/uploads\/sites\/156\/2023\/08\/Vei.png\" class=\"hoyre-media-text__media-image\" alt=\"\" style=\"--focal: 50% 50%;\" srcset=\"https:\/\/hoyre.no\/content\/uploads\/sites\/156\/2023\/08\/Vei.png 883w, https:\/\/hoyre.no\/content\/uploads\/sites\/156\/2023\/08\/Vei-300x244.png 300w, https:\/\/hoyre.no\/content\/uploads\/sites\/156\/2023\/08\/Vei-768x624.png 768w\" sizes=\"auto, (max-width: 883px) 100vw, 883px\" \/>\n\t\t\t<\/div>\n\t\t\t<div class=\"hoyre-media-text__content\">\n\t\t\t\t<div class=\"hoyre-media-text__content-inner\">\n\t\t\t\t\t\n\t\t\t<div class=\"hoyre-media-text__title-container\">\n\t\t\t\t\n\t\t\t\t<h2 class=\"hoyre-media-text__title\">5. Gr\u00f8n transport og bedre vegar<\/h2>\n\t\t\t<\/div>\n\t\t\t\n\t\t\t\t\t<div class=\"hoyre-media-text__blocks\"><\/div>\n\t\t\t\t\t\n\t\t\t\t<\/div>\n\t\t\t<\/div>\n\t\t<\/div>\n\t\t","protected":false},"excerpt":{"rendered":"","protected":false},"author":20880,"featured_media":0,"parent":0,"menu_order":0,"comment_status":"closed","ping_status":"closed","template":"","meta":{"teft_cards_image_url":"","teft_cards_custom_pretitle":"","teft_cards_image_id":0,"teft_cards_image_focal_point_x":0,"teft_cards_image_focal_point_y":0,"teft_cards_title":"","teft_cards_excerpt":"","teft_show_chapters":false,"footnotes":""},"class_list":["post-66","page","type-page","status-publish","hentry"],"yoast_head":"<!-- This site is optimized with the Yoast SEO plugin v26.6 - https:\/\/yoast.com\/wordpress\/plugins\/seo\/ -->\n<title>Fem grunnar til \u00e5 r\u00f8yste H\u00f8gre - \u00c5l H\u00f8gre<\/title>\n<meta name=\"robots\" content=\"index, follow, max-snippet:-1, max-image-preview:large, max-video-preview:-1\" \/>\n<link rel=\"canonical\" href=\"https:\/\/hoyre.no\/al\/fem-grunnar-til-a-royste-hogre\/\" \/>\n<meta property=\"og:locale\" content=\"nn_NO\" \/>\n<meta property=\"og:type\" content=\"article\" \/>\n<meta property=\"og:title\" content=\"Fem grunnar til \u00e5 r\u00f8yste H\u00f8gre - \u00c5l H\u00f8gre\" \/>\n<meta property=\"og:url\" content=\"https:\/\/hoyre.no\/al\/fem-grunnar-til-a-royste-hogre\/\" \/>\n<meta property=\"og:site_name\" content=\"\u00c5l H\u00f8gre\" \/>\n<meta property=\"article:modified_time\" content=\"2023-08-31T11:13:43+00:00\" \/>\n<meta property=\"og:image\" content=\"https:\/\/hoyre.no\/content\/uploads\/sites\/156\/2022\/11\/Hoyres-logo.png\" \/>\n\t<meta property=\"og:image:width\" content=\"1000\" \/>\n\t<meta property=\"og:image:height\" content=\"1000\" \/>\n\t<meta property=\"og:image:type\" content=\"image\/png\" \/>\n<meta name=\"twitter:card\" content=\"summary_large_image\" \/>\n<meta name=\"twitter:label1\" content=\"Est. reading time\" \/>\n\t<meta name=\"twitter:data1\" content=\"1 minutt\" \/>\n<script type=\"application\/ld+json\" class=\"yoast-schema-graph\">{\"@context\":\"https:\/\/schema.org\",\"@graph\":[{\"@type\":\"WebPage\",\"@id\":\"https:\/\/hoyre.no\/al\/fem-grunnar-til-a-royste-hogre\/\",\"url\":\"https:\/\/hoyre.no\/al\/fem-grunnar-til-a-royste-hogre\/\",\"name\":\"Fem grunnar til \u00e5 r\u00f8yste H\u00f8gre - \u00c5l H\u00f8gre\",\"isPartOf\":{\"@id\":\"https:\/\/hoyre.no\/al\/#website\"},\"datePublished\":\"2023-08-24T11:48:15+00:00\",\"dateModified\":\"2023-08-31T11:13:43+00:00\",\"breadcrumb\":{\"@id\":\"https:\/\/hoyre.no\/al\/fem-grunnar-til-a-royste-hogre\/#breadcrumb\"},\"inLanguage\":\"nn-NO\",\"potentialAction\":[{\"@type\":\"ReadAction\",\"target\":[\"https:\/\/hoyre.no\/al\/fem-grunnar-til-a-royste-hogre\/\"]}]},{\"@type\":\"BreadcrumbList\",\"@id\":\"https:\/\/hoyre.no\/al\/fem-grunnar-til-a-royste-hogre\/#breadcrumb\",\"itemListElement\":[{\"@type\":\"ListItem\",\"position\":1,\"name\":\"Til hoyre.no\",\"item\":\"https:\/\/hoyre.no\"},{\"@type\":\"ListItem\",\"position\":2,\"name\":\"Hjem\",\"item\":\"https:\/\/hoyre.no\/al\/\"},{\"@type\":\"ListItem\",\"position\":3,\"name\":\"Fem grunnar til \u00e5 r\u00f8yste H\u00f8gre\"}]},{\"@type\":\"WebSite\",\"@id\":\"https:\/\/hoyre.no\/al\/#website\",\"url\":\"https:\/\/hoyre.no\/al\/\",\"name\":\"\u00c5l H\u00f8gre\",\"description\":\"Bare enda et H\u00f8yres nettsteder-nettsted\",\"inLanguage\":\"nn-NO\"}]}<\/script>\n<!-- \/ Yoast SEO plugin. -->","yoast_head_json":{"title":"Fem grunnar til \u00e5 r\u00f8yste H\u00f8gre - \u00c5l H\u00f8gre","robots":{"index":"index","follow":"follow","max-snippet":"max-snippet:-1","max-image-preview":"max-image-preview:large","max-video-preview":"max-video-preview:-1"},"canonical":"https:\/\/hoyre.no\/al\/fem-grunnar-til-a-royste-hogre\/","og_locale":"nn_NO","og_type":"article","og_title":"Fem grunnar til \u00e5 r\u00f8yste H\u00f8gre - \u00c5l H\u00f8gre","og_url":"https:\/\/hoyre.no\/al\/fem-grunnar-til-a-royste-hogre\/","og_site_name":"\u00c5l H\u00f8gre","article_modified_time":"2023-08-31T11:13:43+00:00","og_image":[{"width":1000,"height":1000,"url":"https:\/\/hoyre.no\/content\/uploads\/sites\/156\/2022\/11\/Hoyres-logo.png","type":"image\/png"}],"twitter_card":"summary_large_image","twitter_misc":{"Est. reading time":"1 minutt"},"schema":{"@context":"https:\/\/schema.org","@graph":[{"@type":"WebPage","@id":"https:\/\/hoyre.no\/al\/fem-grunnar-til-a-royste-hogre\/","url":"https:\/\/hoyre.no\/al\/fem-grunnar-til-a-royste-hogre\/","name":"Fem grunnar til \u00e5 r\u00f8yste H\u00f8gre - \u00c5l H\u00f8gre","isPartOf":{"@id":"https:\/\/hoyre.no\/al\/#website"},"datePublished":"2023-08-24T11:48:15+00:00","dateModified":"2023-08-31T11:13:43+00:00","breadcrumb":{"@id":"https:\/\/hoyre.no\/al\/fem-grunnar-til-a-royste-hogre\/#breadcrumb"},"inLanguage":"nn-NO","potentialAction":[{"@type":"ReadAction","target":["https:\/\/hoyre.no\/al\/fem-grunnar-til-a-royste-hogre\/"]}]},{"@type":"BreadcrumbList","@id":"https:\/\/hoyre.no\/al\/fem-grunnar-til-a-royste-hogre\/#breadcrumb","itemListElement":[{"@type":"ListItem","position":1,"name":"Til hoyre.no","item":"https:\/\/hoyre.no"},{"@type":"ListItem","position":2,"name":"Hjem","item":"https:\/\/hoyre.no\/al\/"},{"@type":"ListItem","position":3,"name":"Fem grunnar til \u00e5 r\u00f8yste H\u00f8gre"}]},{"@type":"WebSite","@id":"https:\/\/hoyre.no\/al\/#website","url":"https:\/\/hoyre.no\/al\/","name":"\u00c5l H\u00f8gre","description":"Bare enda et H\u00f8yres nettsteder-nettsted","inLanguage":"nn-NO"}]}},"distributor_meta":false,"distributor_terms":false,"distributor_media":false,"distributor_original_site_name":"\u00c5l H\u00f8gre","distributor_original_site_url":"https:\/\/hoyre.no\/al","push-errors":false,"_links":{"self":[{"href":"https:\/\/hoyre.no\/al\/wp-json\/wp\/v2\/pages\/66","targetHints":{"allow":["GET"]}}],"collection":[{"href":"https:\/\/hoyre.no\/al\/wp-json\/wp\/v2\/pages"}],"about":[{"href":"https:\/\/hoyre.no\/al\/wp-json\/wp\/v2\/types\/page"}],"author":[{"embeddable":true,"href":"https:\/\/hoyre.no\/al\/wp-json\/wp\/v2\/users\/20880"}],"replies":[{"embeddable":true,"href":"https:\/\/hoyre.no\/al\/wp-json\/wp\/v2\/comments?post=66"}],"version-history":[{"count":4,"href":"https:\/\/hoyre.no\/al\/wp-json\/wp\/v2\/pages\/66\/revisions"}],"predecessor-version":[{"id":101,"href":"https:\/\/hoyre.no\/al\/wp-json\/wp\/v2\/pages\/66\/revisions\/101"}],"wp:attachment":[{"href":"https:\/\/hoyre.no\/al\/wp-json\/wp\/v2\/media?parent=66"}],"curies":[{"name":"wp","href":"https:\/\/api.w.org\/{rel}","templated":true}]}}