{"id":79,"date":"2023-08-27T13:40:35","date_gmt":"2023-08-27T11:40:35","guid":{"rendered":"https:\/\/hoyre.no\/al\/?page_id=79"},"modified":"2024-12-20T16:02:32","modified_gmt":"2024-12-20T15:02:32","slug":"79-2","status":"publish","type":"page","link":"https:\/\/hoyre.no\/al\/79-2\/","title":{"rendered":"Ordf\u00f8rarkandidat"},"content":{"rendered":"\n<div class=\"wp-block-hoyre-hero with-image-gradient text-color-light  has-media alignfull has-background\"><div class=\"hoyre-hero has-image\"><h1 class=\"title\">Varaordf\u00f8rar <br>J\u00f8rund Li <\/h1><figure class=\"hoyre-image-wrapper\"><div class=\"hoyre-image\"><img loading=\"lazy\" decoding=\"async\" width=\"1657\" height=\"2209\" src=\"https:\/\/hoyre.no\/content\/uploads\/sites\/156\/2023\/08\/Jorund.jpg\" class=\"attachment-scaled size-scaled\" alt=\"\" style=\"object-position: 49% 41%\" srcset=\"https:\/\/hoyre.no\/content\/uploads\/sites\/156\/2023\/08\/Jorund.jpg 1657w, https:\/\/hoyre.no\/content\/uploads\/sites\/156\/2023\/08\/Jorund-225x300.jpg 225w, https:\/\/hoyre.no\/content\/uploads\/sites\/156\/2023\/08\/Jorund-768x1024.jpg 768w, https:\/\/hoyre.no\/content\/uploads\/sites\/156\/2023\/08\/Jorund-1152x1536.jpg 1152w, https:\/\/hoyre.no\/content\/uploads\/sites\/156\/2023\/08\/Jorund-1536x2048.jpg 1536w\" sizes=\"auto, (max-width: 1657px) 100vw, 1657px\" \/><\/div><\/figure><\/div><\/div>\n\n\n\n\n<div class=\"wp-block-hoyre-banner undefined\"><div class=\"banner-inner\"><div class=\"banner-content\"><div class=\"entry-content\">\n<h2 class=\"wp-block-heading\">Bli betre kjend med J\u00f8rund<\/h2>\n\n\n\n<p class=\"has-text-align-left\"><strong>Alder:<\/strong>&nbsp;55 \u00e5r<\/p>\n\n\n\n<p class=\"has-text-align-left\"><strong>Bosted:<\/strong>&nbsp;\u00c5l<\/p>\n\n\n\n<p class=\"has-text-align-left\"><strong>Jobb:<\/strong>&nbsp;Dagleg leiar i Torpomoen Utvikling<\/p>\n\n\n\n<p class=\"has-text-align-left\"><strong>Hjertesaker: <\/strong> 40 \u00f8re fastpris p\u00e5 straum<br>Rett kompetanse og rett kapasitet<\/p>\n\n\n\n<div class=\"wp-block-buttons is-layout-flex wp-block-buttons-is-layout-flex\"><\/div>\n<\/div><\/div><\/div><\/div>\n\n\n\n\n<p>\ud83d\udc99 <strong>Kraft<\/strong><\/p>\n\n\n\n<p>Det er no me verkeleg kan gjera ein skilnad for \u00e5 styrke bu- og blilyst, vekst og utvikling i n\u00e6ringslivet og gjera \u00c5l til Noregs mest innovative kommune. Me skal ha ein politikk p\u00e5 forvaltning av kraftressursane som innbyggjarane fortener og som gjev alle \u00e5lingar rimeleg og f\u00f8reseieleg kraftpris. \u00c5l H\u00f8gre vil at alle i \u00c5l skal f\u00e5 tilbod om 40 \u00f8re fastpris p\u00e5 straumen.<\/p>\n\n\n\n<p>\u00c5l H\u00f8gre vil setje av midlar til utgreiing av moglegheiter for ny kraftproduksjon, noko som kjem framtidige \u00e5lingar til gode.<\/p>\n\n\n\n<p>\ud83d\udc99 <strong>Vidare og etterutdanning<\/strong><\/p>\n\n\n\n<p>\u00c5l H\u00f8gre vil jobbe for \u00e5 sikre og styrke tilbodet om vidare- og etterutdanning p\u00e5 Torpomoen. Sjukepleiearutdanninga er eit bevis p\u00e5 at store behov i kommunen og i Hallingdal kan dekkjast lokalt i bygda. \u00c5l H\u00f8gre vil jobbe for fleire tilbod og s\u00f8kje samarbeid med eksisterande universitet, h\u00f8gskular og utdanningssentra.<\/p>\n\n\n\n<p>\ud83d\udc99 <strong>Betre skule i \u00c5l<\/strong><\/p>\n\n\n\n<p>\u00c5l H\u00f8gre vil ikkje leggje ned grendeskular og har tidlegare skrive om viktigheita av tilbodet i grendene.<\/p>\n\n\n\n<p>Tidleg innsats og tilpassa oppl\u00e6ring er avgjerande \u2013 dette er viktig for \u00c5l H\u00f8gre og noko me vil lyfte h\u00f8gt dei neste fire \u00e5ra. \u00c5l H\u00f8gre styrke oppvekstsektoren med auka l\u00e6rartettleik og fleire yrkesgrupper. No meiner me i H\u00f8gre at det er born og ungdom sin tur.<\/p>\n\n\n\n<p>\ud83d\udc99 <strong>Attraktive og inkluderande lokalsamfunn i vekst<\/strong><\/p>\n\n\n\n<p>Eit godt samfunn vert skapt nedanfr\u00e5, i familien, i nabolaget, og i samhandling med dei frivillige. Dei frivillige, idretten og kulturlivet gjev lokalsamfunna identitet og bidreg til inkludering. Torpo, Nordbygdan og Sundre Velforeningar kjem til \u00e5 spela ei viktigare rolle i utviklinga av dei ulike bygdene framover. \u00c5l H\u00f8gre vil styrke grendautvala og ved \u00e5 tilf\u00f8re betydelege midlar til utvikling i grendene.<\/p>\n\n\n\n<p>\ud83d\udc99 <strong>Kvalitet i omsorga<\/strong><\/p>\n\n\n\n<p>For \u00e5 gje tilsette helse og omsorg tid til \u00e5 planleggje god samhandling og ressursutnytting vil me styrke bemanninga i helse.<\/p>\n\n\n\n<p>\u00c5l H\u00f8gre vi etablere nytt behandlingsbasseng og samstundes sj\u00e5 p\u00e5 moglegheitene for nye sjukeheimsplassar og omsorgsbustader<\/p>\n\n\n\n<p>\ud83d\udc99 <strong>N\u00e6ringsutvikling og b\u00e6rekraftig \u00f8konomi<\/strong><\/p>\n\n\n\n<p>\u00c5l H\u00f8gre er for lokal og privat sj\u00f8lr\u00e5derett s\u00e5 lenge det ikkje g\u00e5r ut over samfunnsinteresser. Det blir feil \u00e5 bandleggje store potensielle omr\u00e5de der eigarane har moglegheit for \u00e5 realisere gode idear for ny vekst og utvikling i \u00c5l.<\/p>\n\n\n\n<p>\u00c5l H\u00f8gre vil ha ei effektiv, \u00e5pen og brukarvenleg kommune som set det enkelte menneske i sentrum, og som tilpassar seg den enkelte sine behov utan at kvar justering vert finansiert via auka skattar.<\/p>\n\n\n\n<p>Ny satsing p\u00e5 nydyrking skal styrke landbruket i \u00c5l. Me vil g\u00e5 inn for ei betydeleg auke i st\u00f8tta. \u00c5l H\u00f8gre vil leggje til rette for bevaring og utvikling av eit produktivt landbruk i kommunen ved \u00e5 oppretthalde tilskot til dyrking av ny jord som gjev god arrondering<\/p>\n\n\n\n<p>\ud83d\udc99 <strong>Bustadutvikling<\/strong><\/p>\n\n\n\n<p>Me i H\u00f8gre\u00a0skal jobbe for ein meir rettferdig, effektiv og treffande modell for bruken av midlar som er avsett i langtidsbudsjettet til bustadutvikling. \u00c5l H\u00f8gre vil ha vekst i folketalet i grendene.<\/p>\n\n\n\n<p>\ud83d\udc99 <strong>Betre vegar<\/strong><\/p>\n\n\n\n<p>\u00c5l H\u00f8gre vil halde fram med \u00e5 ruste opp kommunale vegar for legging av fast dekke og jobbe vidare med trafikksikker skuleveg i heile \u00c5l, slik at barn og ungdom kan koma seg trygt til og fr\u00e5 skule til fots og med sykkel.<\/p>\n","protected":false},"excerpt":{"rendered":"<p>\ud83d\udc99 Kraft Det er no me verkeleg kan gjera ein skilnad for \u00e5 styrke bu- og blilyst, vekst og utvikling i n\u00e6ringslivet og gjera \u00c5l til Noregs mest innovative kommune. Me skal ha ein politikk p\u00e5 forvaltning av kraftressursane som innbyggjarane fortener og som gjev alle \u00e5lingar rimeleg og f\u00f8reseieleg kraftpris. \u00c5l H\u00f8gre vil at [&hellip;]<\/p>\n","protected":false},"author":41875,"featured_media":0,"parent":0,"menu_order":0,"comment_status":"closed","ping_status":"closed","template":"","meta":{"teft_cards_image_url":"","teft_cards_custom_pretitle":"","teft_cards_image_id":0,"teft_cards_image_focal_point_x":0,"teft_cards_image_focal_point_y":0,"teft_cards_title":"","teft_cards_excerpt":"","teft_show_chapters":false,"footnotes":""},"class_list":["post-79","page","type-page","status-publish","hentry"],"yoast_head":"<!-- This site is optimized with the Yoast SEO plugin v26.6 - https:\/\/yoast.com\/wordpress\/plugins\/seo\/ -->\n<title>Ordf\u00f8rarkandidat - \u00c5l H\u00f8gre<\/title>\n<meta name=\"robots\" content=\"index, follow, max-snippet:-1, max-image-preview:large, max-video-preview:-1\" \/>\n<link rel=\"canonical\" href=\"https:\/\/hoyre.no\/al\/79-2\/\" \/>\n<meta property=\"og:locale\" content=\"nn_NO\" \/>\n<meta property=\"og:type\" content=\"article\" \/>\n<meta property=\"og:title\" content=\"Ordf\u00f8rarkandidat - \u00c5l H\u00f8gre\" \/>\n<meta property=\"og:description\" content=\"\ud83d\udc99 Kraft Det er no me verkeleg kan gjera ein skilnad for \u00e5 styrke bu- og blilyst, vekst og utvikling i n\u00e6ringslivet og gjera \u00c5l til Noregs mest innovative kommune. Me skal ha ein politikk p\u00e5 forvaltning av kraftressursane som innbyggjarane fortener og som gjev alle \u00e5lingar rimeleg og f\u00f8reseieleg kraftpris. \u00c5l H\u00f8gre vil at [&hellip;]\" \/>\n<meta property=\"og:url\" content=\"https:\/\/hoyre.no\/al\/79-2\/\" \/>\n<meta property=\"og:site_name\" content=\"\u00c5l H\u00f8gre\" \/>\n<meta property=\"article:modified_time\" content=\"2024-12-20T15:02:32+00:00\" \/>\n<meta property=\"og:image\" content=\"https:\/\/hoyre.no\/content\/uploads\/sites\/156\/2022\/11\/Hoyres-logo.png\" \/>\n\t<meta property=\"og:image:width\" content=\"1000\" \/>\n\t<meta property=\"og:image:height\" content=\"1000\" \/>\n\t<meta property=\"og:image:type\" content=\"image\/png\" \/>\n<meta name=\"twitter:card\" content=\"summary_large_image\" \/>\n<meta name=\"twitter:label1\" content=\"Est. reading time\" \/>\n\t<meta name=\"twitter:data1\" content=\"4 minutt\" \/>\n<script type=\"application\/ld+json\" class=\"yoast-schema-graph\">{\"@context\":\"https:\/\/schema.org\",\"@graph\":[{\"@type\":\"WebPage\",\"@id\":\"https:\/\/hoyre.no\/al\/79-2\/\",\"url\":\"https:\/\/hoyre.no\/al\/79-2\/\",\"name\":\"Ordf\u00f8rarkandidat - \u00c5l H\u00f8gre\",\"isPartOf\":{\"@id\":\"https:\/\/hoyre.no\/al\/#website\"},\"datePublished\":\"2023-08-27T11:40:35+00:00\",\"dateModified\":\"2024-12-20T15:02:32+00:00\",\"breadcrumb\":{\"@id\":\"https:\/\/hoyre.no\/al\/79-2\/#breadcrumb\"},\"inLanguage\":\"nn-NO\",\"potentialAction\":[{\"@type\":\"ReadAction\",\"target\":[\"https:\/\/hoyre.no\/al\/79-2\/\"]}]},{\"@type\":\"BreadcrumbList\",\"@id\":\"https:\/\/hoyre.no\/al\/79-2\/#breadcrumb\",\"itemListElement\":[{\"@type\":\"ListItem\",\"position\":1,\"name\":\"Til hoyre.no\",\"item\":\"https:\/\/hoyre.no\"},{\"@type\":\"ListItem\",\"position\":2,\"name\":\"Hjem\",\"item\":\"https:\/\/hoyre.no\/al\/\"},{\"@type\":\"ListItem\",\"position\":3,\"name\":\"Ordf\u00f8rarkandidat\"}]},{\"@type\":\"WebSite\",\"@id\":\"https:\/\/hoyre.no\/al\/#website\",\"url\":\"https:\/\/hoyre.no\/al\/\",\"name\":\"\u00c5l H\u00f8gre\",\"description\":\"Bare enda et H\u00f8yres nettsteder-nettsted\",\"inLanguage\":\"nn-NO\"}]}<\/script>\n<!-- \/ Yoast SEO plugin. -->","yoast_head_json":{"title":"Ordf\u00f8rarkandidat - \u00c5l H\u00f8gre","robots":{"index":"index","follow":"follow","max-snippet":"max-snippet:-1","max-image-preview":"max-image-preview:large","max-video-preview":"max-video-preview:-1"},"canonical":"https:\/\/hoyre.no\/al\/79-2\/","og_locale":"nn_NO","og_type":"article","og_title":"Ordf\u00f8rarkandidat - \u00c5l H\u00f8gre","og_description":"\ud83d\udc99 Kraft Det er no me verkeleg kan gjera ein skilnad for \u00e5 styrke bu- og blilyst, vekst og utvikling i n\u00e6ringslivet og gjera \u00c5l til Noregs mest innovative kommune. Me skal ha ein politikk p\u00e5 forvaltning av kraftressursane som innbyggjarane fortener og som gjev alle \u00e5lingar rimeleg og f\u00f8reseieleg kraftpris. \u00c5l H\u00f8gre vil at [&hellip;]","og_url":"https:\/\/hoyre.no\/al\/79-2\/","og_site_name":"\u00c5l H\u00f8gre","article_modified_time":"2024-12-20T15:02:32+00:00","og_image":[{"width":1000,"height":1000,"url":"https:\/\/hoyre.no\/content\/uploads\/sites\/156\/2022\/11\/Hoyres-logo.png","type":"image\/png"}],"twitter_card":"summary_large_image","twitter_misc":{"Est. reading time":"4 minutt"},"schema":{"@context":"https:\/\/schema.org","@graph":[{"@type":"WebPage","@id":"https:\/\/hoyre.no\/al\/79-2\/","url":"https:\/\/hoyre.no\/al\/79-2\/","name":"Ordf\u00f8rarkandidat - \u00c5l H\u00f8gre","isPartOf":{"@id":"https:\/\/hoyre.no\/al\/#website"},"datePublished":"2023-08-27T11:40:35+00:00","dateModified":"2024-12-20T15:02:32+00:00","breadcrumb":{"@id":"https:\/\/hoyre.no\/al\/79-2\/#breadcrumb"},"inLanguage":"nn-NO","potentialAction":[{"@type":"ReadAction","target":["https:\/\/hoyre.no\/al\/79-2\/"]}]},{"@type":"BreadcrumbList","@id":"https:\/\/hoyre.no\/al\/79-2\/#breadcrumb","itemListElement":[{"@type":"ListItem","position":1,"name":"Til hoyre.no","item":"https:\/\/hoyre.no"},{"@type":"ListItem","position":2,"name":"Hjem","item":"https:\/\/hoyre.no\/al\/"},{"@type":"ListItem","position":3,"name":"Ordf\u00f8rarkandidat"}]},{"@type":"WebSite","@id":"https:\/\/hoyre.no\/al\/#website","url":"https:\/\/hoyre.no\/al\/","name":"\u00c5l H\u00f8gre","description":"Bare enda et H\u00f8yres nettsteder-nettsted","inLanguage":"nn-NO"}]}},"distributor_meta":false,"distributor_terms":false,"distributor_media":false,"distributor_original_site_name":"\u00c5l H\u00f8gre","distributor_original_site_url":"https:\/\/hoyre.no\/al","push-errors":false,"_links":{"self":[{"href":"https:\/\/hoyre.no\/al\/wp-json\/wp\/v2\/pages\/79","targetHints":{"allow":["GET"]}}],"collection":[{"href":"https:\/\/hoyre.no\/al\/wp-json\/wp\/v2\/pages"}],"about":[{"href":"https:\/\/hoyre.no\/al\/wp-json\/wp\/v2\/types\/page"}],"author":[{"embeddable":true,"href":"https:\/\/hoyre.no\/al\/wp-json\/wp\/v2\/users\/41875"}],"replies":[{"embeddable":true,"href":"https:\/\/hoyre.no\/al\/wp-json\/wp\/v2\/comments?post=79"}],"version-history":[{"count":7,"href":"https:\/\/hoyre.no\/al\/wp-json\/wp\/v2\/pages\/79\/revisions"}],"predecessor-version":[{"id":134,"href":"https:\/\/hoyre.no\/al\/wp-json\/wp\/v2\/pages\/79\/revisions\/134"}],"wp:attachment":[{"href":"https:\/\/hoyre.no\/al\/wp-json\/wp\/v2\/media?parent=79"}],"curies":[{"name":"wp","href":"https:\/\/api.w.org\/{rel}","templated":true}]}}