{"id":102,"date":"2023-01-13T10:43:17","date_gmt":"2023-01-13T09:43:17","guid":{"rendered":"https:\/\/hoyre.no\/alesund\/?page_id=102"},"modified":"2025-01-20T09:27:28","modified_gmt":"2025-01-20T08:27:28","slug":"7-grunner-til-a-stemme-alesund-hoyre","status":"publish","type":"page","link":"https:\/\/hoyre.no\/alesund\/7-grunner-til-a-stemme-alesund-hoyre\/","title":{"rendered":"Syv grunner til \u00e5 stemme \u00c5lesund H\u00f8yre"},"content":{"rendered":"\n\t\t<div class=\" has-simple-highlight style-white has-mobile-text-aligned-center slogan-type-custom wp-block-hoyre-slogan\">\n\t\t\t<div class=\"slogan-container\">\n\t\t\t\t<div class=\"slogan__image\">\n\t\t\t\t\t<img loading=\"lazy\" decoding=\"async\" width=\"2048\" height=\"1152\" src=\"https:\/\/hoyre.no\/content\/uploads\/sites\/87\/2020\/11\/alesund.jpg\" class=\"slogan__background-media\" alt=\"\" style=\"--focal-point: 50% 65%;\" srcset=\"https:\/\/hoyre.no\/content\/uploads\/sites\/87\/2020\/11\/alesund.jpg 2048w, https:\/\/hoyre.no\/content\/uploads\/sites\/87\/2020\/11\/alesund-300x169.jpg 300w, https:\/\/hoyre.no\/content\/uploads\/sites\/87\/2020\/11\/alesund-1024x576.jpg 1024w, https:\/\/hoyre.no\/content\/uploads\/sites\/87\/2020\/11\/alesund-768x432.jpg 768w, https:\/\/hoyre.no\/content\/uploads\/sites\/87\/2020\/11\/alesund-1536x864.jpg 1536w\" sizes=\"auto, (max-width: 2048px) 100vw, 2048px\" \/>\n\t\t\t\t<\/div>\n\t\t\t\t<div class=\"slogan__content\">\n\t\t\t\t\t\n\t\t\t\t\t<h2 class=\"slogan__big-title\">Syv grunner til \u00e5 stemme \u00c5lesund H\u00f8yre<\/h2>\n\t\t\t\t\t<p>H\u00f8yres visjon for \u00c5lesund er et samfunn med muligheter for alle<\/p>\n\t\t\t\t\t\n\t\t\t\t<\/div>\n\t\t\t<\/div>\n\t\t\t\n\t\t<\/div>\n\t\t\n\n\n\n\n\n<div class=\"wp-block-media-text is-stacked-on-mobile is-vertically-aligned-center is-image-fill alignwide\"><figure class=\"wp-block-media-text__media\" style=\"background-image:url('https:\/\/hoyre.no\/content\/uploads\/sites\/87\/2023\/01\/PMyGEzvI-scaled.jpeg');background-position:50% 50%\"><img loading=\"lazy\" decoding=\"async\" width=\"2500\" height=\"1667\" src=\"https:\/\/hoyre.no\/content\/uploads\/sites\/87\/2023\/01\/PMyGEzvI-scaled.jpeg\" alt=\"\" class=\"wp-image-108 size-full\" srcset=\"https:\/\/hoyre.no\/content\/uploads\/sites\/87\/2023\/01\/PMyGEzvI-scaled.jpeg 2500w, https:\/\/hoyre.no\/content\/uploads\/sites\/87\/2023\/01\/PMyGEzvI-300x200.jpeg 300w, https:\/\/hoyre.no\/content\/uploads\/sites\/87\/2023\/01\/PMyGEzvI-1024x683.jpeg 1024w, https:\/\/hoyre.no\/content\/uploads\/sites\/87\/2023\/01\/PMyGEzvI-768x512.jpeg 768w, https:\/\/hoyre.no\/content\/uploads\/sites\/87\/2023\/01\/PMyGEzvI-1536x1024.jpeg 1536w, https:\/\/hoyre.no\/content\/uploads\/sites\/87\/2023\/01\/PMyGEzvI-2048x1365.jpeg 2048w\" sizes=\"auto, (max-width: 2500px) 100vw, 2500px\" \/><\/figure><div class=\"wp-block-media-text__content\">\n<h2 class=\"wp-block-heading\" id=\"h-1-vi-skal-bli-flere-bergensere\">1. <strong>Rydde opp i det \u00f8konomiske kaoset<\/strong><\/h2>\n\n\n\n<p>Regjeringens manglende bevilgninger til oppsplitting leder til usikkerhet i \u00f8konomien. <strong>H\u00f8yre vil<\/strong> rydde opp i det \u00f8konomiske kaoset og snu skuta. Kommunen kan drives mer effektivt. Vi har lang vei \u00e5 g\u00e5 og vi b\u00f8r satse enda mer p\u00e5 digitalisering som kan gj\u00f8re det enklere for folk \u00e5 f\u00e5 svar fra kommunen. Vi m\u00e5 prioritere skole og helse, fremfor bygging av blant annet ny kirke.<\/p>\n<\/div><\/div>\n\n\n\n<div class=\"wp-block-media-text has-media-on-the-right is-stacked-on-mobile is-vertically-aligned-center is-image-fill alignwide\"><div class=\"wp-block-media-text__content\">\n<h2 class=\"wp-block-heading\" id=\"h-2-hoyre-vil-fa-laerelyst-tilbake-i-bergensskolen\">2. <strong><strong>Valgfrihet og verdighet i eldreomsorgen<\/strong><\/strong><\/h2>\n\n\n\n<p><strong>H\u00f8yre vil <\/strong>ha en verdig og god eldreomsorg som gir brukerne mer valgfrihet. Vi trenger en st\u00f8rre satsing p\u00e5 bokollektiv og tilrettelagte boliger for eldre. H\u00f8yre \u00f8nsker \u00e5 spille p\u00e5 lag med et mangfold av akt\u00f8rer for \u00e5 videreutvikle eldreomsorgen og gi brukerne flere og bedre alternativer.<\/p>\n<\/div><figure class=\"wp-block-media-text__media\" style=\"background-image:url('https:\/\/hoyre.no\/content\/uploads\/sites\/87\/2023\/01\/dD0Y6qlQ-1024x683.jpeg');background-position:50% 50%\"><img loading=\"lazy\" decoding=\"async\" width=\"1024\" height=\"683\" src=\"https:\/\/hoyre.no\/content\/uploads\/sites\/87\/2023\/01\/dD0Y6qlQ-1024x683.jpeg\" alt=\"\" class=\"wp-image-109 size-full\" srcset=\"https:\/\/hoyre.no\/content\/uploads\/sites\/87\/2023\/01\/dD0Y6qlQ-1024x683.jpeg 1024w, https:\/\/hoyre.no\/content\/uploads\/sites\/87\/2023\/01\/dD0Y6qlQ-300x200.jpeg 300w, https:\/\/hoyre.no\/content\/uploads\/sites\/87\/2023\/01\/dD0Y6qlQ-768x512.jpeg 768w, https:\/\/hoyre.no\/content\/uploads\/sites\/87\/2023\/01\/dD0Y6qlQ-1536x1024.jpeg 1536w, https:\/\/hoyre.no\/content\/uploads\/sites\/87\/2023\/01\/dD0Y6qlQ-2048x1365.jpeg 2048w\" sizes=\"auto, (max-width: 1024px) 100vw, 1024px\" \/><\/figure><\/div>\n\n\n\n<div class=\"wp-block-media-text is-stacked-on-mobile is-vertically-aligned-center is-image-fill alignwide\"><figure class=\"wp-block-media-text__media\" style=\"background-image:url('https:\/\/hoyre.no\/content\/uploads\/sites\/87\/2023\/01\/2aSaH0w-1024x683.jpeg');background-position:50% 50%\"><img loading=\"lazy\" decoding=\"async\" width=\"1024\" height=\"683\" src=\"https:\/\/hoyre.no\/content\/uploads\/sites\/87\/2023\/01\/2aSaH0w-1024x683.jpeg\" alt=\"\" class=\"wp-image-110 size-full\" srcset=\"https:\/\/hoyre.no\/content\/uploads\/sites\/87\/2023\/01\/2aSaH0w-1024x683.jpeg 1024w, https:\/\/hoyre.no\/content\/uploads\/sites\/87\/2023\/01\/2aSaH0w-300x200.jpeg 300w, https:\/\/hoyre.no\/content\/uploads\/sites\/87\/2023\/01\/2aSaH0w-768x512.jpeg 768w, https:\/\/hoyre.no\/content\/uploads\/sites\/87\/2023\/01\/2aSaH0w-1536x1024.jpeg 1536w, https:\/\/hoyre.no\/content\/uploads\/sites\/87\/2023\/01\/2aSaH0w-2048x1365.jpeg 2048w\" sizes=\"auto, (max-width: 1024px) 100vw, 1024px\" \/><\/figure><div class=\"wp-block-media-text__content\">\n<h2 class=\"wp-block-heading\" id=\"h-3-bergen-hele-livet\">3. <strong><strong>En trygg skole med l\u00e6ring<\/strong><\/strong><\/h2>\n\n\n\n<p><strong>H\u00f8yre vil <\/strong>ha en skole som ruster barna for fremtiden. Skolen er den viktigste arenaen for \u00e5 utjevne sosiale forskjeller. Det er alvorlig mange elever i \u00c5lesund som melder om en skolehverdag med mobbing og t\u00f8ft milj\u00f8. H\u00f8yre vil gj\u00f8re det enklere \u00e5 melde fra om mobbing i \u00c5lesundsskolen og sikre et trygt og godt l\u00e6ringsmilj\u00f8.<\/p>\n<\/div><\/div>\n\n\n\n<div class=\"wp-block-media-text has-media-on-the-right is-stacked-on-mobile is-vertically-aligned-center is-image-fill alignwide\"><div class=\"wp-block-media-text__content\">\n<h2 class=\"wp-block-heading\">4. Redusere eiendomsskatt og utvide timesregel for bompassering<\/h2>\n\n\n\n<p><strong>H\u00f8yre vil <\/strong>at folk at folk skal f\u00e5 beholde mer av egne penger og n\u00e5 p\u00e5f\u00f8res innbyggerne mer utgifter gjennom \u00f8kte energipriser, kommunale avgifter og bompenger. Vi \u00f8nsker en gjennomgang av alle kommunale avgifter og vil redusere eiendomsskatten. M\u00e5let er \u00e5 fjerne eiendomsskatten n\u00e5r vi f\u00e5r kontroll p\u00e5 den \u00f8konomiske situasjonen i kommunen. I tillegg \u00f8nsker vi \u00e5 utvide passeringen i bomringen fra en time til tre timer.<\/p>\n<\/div><figure class=\"wp-block-media-text__media\" style=\"background-image:url('https:\/\/hoyre.no\/content\/uploads\/sites\/87\/2022\/11\/Alesund-Hoyre-foto-Hans-Kristian-Thorbjornsen-0112-1024x683.jpg');background-position:50% 50%\"><img loading=\"lazy\" decoding=\"async\" width=\"1024\" height=\"683\" src=\"https:\/\/hoyre.no\/content\/uploads\/sites\/87\/2022\/11\/Alesund-Hoyre-foto-Hans-Kristian-Thorbjornsen-0112-1024x683.jpg\" alt=\"\" class=\"wp-image-96 size-full\" srcset=\"https:\/\/hoyre.no\/content\/uploads\/sites\/87\/2022\/11\/Alesund-Hoyre-foto-Hans-Kristian-Thorbjornsen-0112-1024x683.jpg 1024w, https:\/\/hoyre.no\/content\/uploads\/sites\/87\/2022\/11\/Alesund-Hoyre-foto-Hans-Kristian-Thorbjornsen-0112-300x200.jpg 300w, https:\/\/hoyre.no\/content\/uploads\/sites\/87\/2022\/11\/Alesund-Hoyre-foto-Hans-Kristian-Thorbjornsen-0112-768x512.jpg 768w, https:\/\/hoyre.no\/content\/uploads\/sites\/87\/2022\/11\/Alesund-Hoyre-foto-Hans-Kristian-Thorbjornsen-0112-1536x1024.jpg 1536w, https:\/\/hoyre.no\/content\/uploads\/sites\/87\/2022\/11\/Alesund-Hoyre-foto-Hans-Kristian-Thorbjornsen-0112-2048x1365.jpg 2048w\" sizes=\"auto, (max-width: 1024px) 100vw, 1024px\" \/><\/figure><\/div>\n\n\n\n<div class=\"wp-block-media-text is-stacked-on-mobile is-image-fill alignwide\"><figure class=\"wp-block-media-text__media\" style=\"background-image:url('https:\/\/hoyre.no\/content\/uploads\/sites\/87\/2022\/08\/monica-stor-utsikt-1024x683.jpeg');background-position:50% 50%\"><img loading=\"lazy\" decoding=\"async\" width=\"1024\" height=\"683\" src=\"https:\/\/hoyre.no\/content\/uploads\/sites\/87\/2022\/08\/monica-stor-utsikt-1024x683.jpeg\" alt=\"\" class=\"wp-image-68 size-full\" srcset=\"https:\/\/hoyre.no\/content\/uploads\/sites\/87\/2022\/08\/monica-stor-utsikt-1024x683.jpeg 1024w, https:\/\/hoyre.no\/content\/uploads\/sites\/87\/2022\/08\/monica-stor-utsikt-300x200.jpeg 300w, https:\/\/hoyre.no\/content\/uploads\/sites\/87\/2022\/08\/monica-stor-utsikt-768x512.jpeg 768w, https:\/\/hoyre.no\/content\/uploads\/sites\/87\/2022\/08\/monica-stor-utsikt-1536x1024.jpeg 1536w, https:\/\/hoyre.no\/content\/uploads\/sites\/87\/2022\/08\/monica-stor-utsikt.jpeg 2048w\" sizes=\"auto, (max-width: 1024px) 100vw, 1024px\" \/><\/figure><div class=\"wp-block-media-text__content\">\n<h2 class=\"wp-block-heading\"><strong>5. <strong>By- og tettstedutvikling med levende lokalsamfunn<\/strong><\/strong><\/h2>\n\n\n\n<p><strong>H\u00f8yre vil<\/strong> utarbeide en plan sammen med lokalt n\u00e6ringsliv i alle kommunedeler for tettsted- og handelsstedsutvikling Realisering av S\u00f8rsida, Kulturhavna, Skutvika og Brosundtunnelen er viktig for byutviklingen. \u00c5lesund er kjent som festivalbyen med et kulturliv som har betydningene for handel, service og reiseliv gir enorme ringvirkninger for verdiskapning. Vi m\u00e5 satse p\u00e5 de tingene som gj\u00f8r oss unike og til et attraktivt sted \u00e5 bo.<\/p>\n<\/div><\/div>\n\n\n\n<div class=\"wp-block-media-text has-media-on-the-right is-stacked-on-mobile is-image-fill alignwide\"><div class=\"wp-block-media-text__content\">\n<h2 class=\"wp-block-heading\"><strong>7. <strong><strong>N\u00e6ringsvennlig kommune<\/strong><\/strong><\/strong><\/h2>\n\n\n\n<p><strong>H\u00f8yre vil <\/strong>spille p\u00e5 lag med n\u00e6ringslivet som skaper verdier, samfunnsutvikling og spennende arbeidsplasser i regionen v\u00e5r. Vi vil satse p\u00e5 digitalisere egne tjenester for \u00e5 sikre rask saksbehandling og forutsigbarhet. H\u00f8yre vil ha en tettere dialog med n\u00e6ringslivet og lage en \u00e5rlig m\u00f8teplass mellom kommune, politikere og ulike bransjer. \u00c5lesund kommune m\u00e5 kjenne sitt ansvar og ta rollen som viktigste eksport-, fiskeri- og sj\u00f8matkommune i landet p\u00e5 alvor. \u00c5lesund er ogs\u00e5 en av de viktigste reiselivskommunene i Norge og sammen med n\u00e6ringslivet vil vi lage en strategi for \u00e5 l\u00f8fte reiselivet og finne bedre l\u00f8sninger for logistikk for \u00e5 ta imot turister. &nbsp;<\/p>\n<\/div><figure class=\"wp-block-media-text__media\" style=\"background-image:url('https:\/\/hoyre.no\/content\/uploads\/sites\/87\/2023\/01\/CbPdonjc-1024x683.jpeg');background-position:50% 50%\"><img loading=\"lazy\" decoding=\"async\" width=\"1024\" height=\"683\" src=\"https:\/\/hoyre.no\/content\/uploads\/sites\/87\/2023\/01\/CbPdonjc-1024x683.jpeg\" alt=\"\" class=\"wp-image-105 size-full\" srcset=\"https:\/\/hoyre.no\/content\/uploads\/sites\/87\/2023\/01\/CbPdonjc-1024x683.jpeg 1024w, https:\/\/hoyre.no\/content\/uploads\/sites\/87\/2023\/01\/CbPdonjc-300x200.jpeg 300w, https:\/\/hoyre.no\/content\/uploads\/sites\/87\/2023\/01\/CbPdonjc-768x512.jpeg 768w, https:\/\/hoyre.no\/content\/uploads\/sites\/87\/2023\/01\/CbPdonjc-1536x1024.jpeg 1536w, https:\/\/hoyre.no\/content\/uploads\/sites\/87\/2023\/01\/CbPdonjc-2048x1365.jpeg 2048w\" sizes=\"auto, (max-width: 1024px) 100vw, 1024px\" \/><\/figure><\/div>\n\n\n\n\t\t<div class=\"has-lightest-blue-background-color is-layout-right alignwide alignwide wp-block-hoyre-media-text\">\n\t\t\t<div class=\"hoyre-media-text__media\">\n\t\t\t\t<img loading=\"lazy\" decoding=\"async\" width=\"1000\" height=\"1000\" src=\"https:\/\/hoyre.no\/content\/uploads\/sites\/87\/2022\/11\/Hoyres-logo.png\" class=\"hoyre-media-text__media-image\" alt=\"\" style=\"--focal: 50% 50%;\" srcset=\"https:\/\/hoyre.no\/content\/uploads\/sites\/87\/2022\/11\/Hoyres-logo.png 1000w, https:\/\/hoyre.no\/content\/uploads\/sites\/87\/2022\/11\/Hoyres-logo-300x300.png 300w, https:\/\/hoyre.no\/content\/uploads\/sites\/87\/2022\/11\/Hoyres-logo-150x150.png 150w, https:\/\/hoyre.no\/content\/uploads\/sites\/87\/2022\/11\/Hoyres-logo-768x768.png 768w\" sizes=\"auto, (max-width: 1000px) 100vw, 1000px\" \/>\n\t\t\t<\/div>\n\t\t\t<div class=\"hoyre-media-text__content\">\n\t\t\t\t<div class=\"hoyre-media-text__content-inner\">\n\t\t\t\t\t\n\t\t\t<div class=\"hoyre-media-text__title-container\">\n\t\t\t\t\n\t\t\t\t<h2 class=\"hoyre-media-text__title\">Fant du ikke din hjertesak?<\/h2>\n\t\t\t<\/div>\n\t\t\t\n\t\t\t\t\t<div class=\"hoyre-media-text__blocks\">\n<p>H\u00f8yre har mye god politikk for \u00c5lesund. Kanskje finner du noe om det du brenner for i programmet v\u00e5rt?<\/p>\n<\/div>\n\t\t\t\t\t\n\t\t\t<div class=\"hoyre-media-text__buttons\">\n\t\t\t\t<a class=\"button\" href=\"https:\/\/hoyre.no\/content\/uploads\/sites\/87\/2023\/07\/VEDTATT-VALGPROGRAM-ALESUND-HOYRE-2023.pdf\">Les her<\/a>\n\t\t\t<\/div>\n\t\t\t\n\t\t\t\t<\/div>\n\t\t\t<\/div>\n\t\t<\/div>\n\t\t\n\n\n\t\t<div class=\"has-dark-blue-background-color is-layout-top alignwide alignwide wp-block-hoyre-media-text\">\n\t\t\t<div class=\"hoyre-media-text__media\">\n\t\t\t\t<img loading=\"lazy\" decoding=\"async\" width=\"1024\" height=\"683\" src=\"https:\/\/hoyre.no\/content\/uploads\/sites\/87\/2022\/08\/erna-og-monica-1024x683.jpeg\" class=\"hoyre-media-text__media-image\" alt=\"\" style=\"--focal: 50% 0%;\" srcset=\"https:\/\/hoyre.no\/content\/uploads\/sites\/87\/2022\/08\/erna-og-monica-1024x683.jpeg 1024w, https:\/\/hoyre.no\/content\/uploads\/sites\/87\/2022\/08\/erna-og-monica-300x200.jpeg 300w, https:\/\/hoyre.no\/content\/uploads\/sites\/87\/2022\/08\/erna-og-monica-768x512.jpeg 768w, https:\/\/hoyre.no\/content\/uploads\/sites\/87\/2022\/08\/erna-og-monica-1536x1024.jpeg 1536w, https:\/\/hoyre.no\/content\/uploads\/sites\/87\/2022\/08\/erna-og-monica.jpeg 2048w\" sizes=\"auto, (max-width: 1024px) 100vw, 1024px\" \/>\n\t\t\t<\/div>\n\t\t\t<div class=\"hoyre-media-text__content\">\n\t\t\t\t<div class=\"hoyre-media-text__content-inner\">\n\t\t\t\t\t\n\t\t\t<div class=\"hoyre-media-text__title-container\">\n\t\t\t\t\n\t\t\t\t<h2 class=\"hoyre-media-text__title\">Bli kjent med \u00c5lesund H\u00f8yres ordf\u00f8rerkandidat Monica!<\/h2>\n\t\t\t<\/div>\n\t\t\t\n\t\t\t\t\t<div class=\"hoyre-media-text__blocks\"><\/div>\n\t\t\t\t\t\n\t\t\t<div class=\"hoyre-media-text__buttons\">\n\t\t\t\t<a class=\"button\" href=\"https:\/\/hoyre.no\/alesund\/monica-molvaer-var-ordforerkandidat\/\">trykk her for \u00e5 lese<\/a>\n\t\t\t<\/div>\n\t\t\t\n\t\t\t\t<\/div>\n\t\t\t<\/div>\n\t\t<\/div>\n\t\t\n\n\n\n\n<div class=\"wp-block hoyre-section alignfull has-background is-style-light-blue wp-block-hoyre-section\"><div class=\"inner-blocks alignwide\">\n\n<h1 class=\"wp-block-heading has-text-align-center\" id=\"h-finn-ditt-valglokale\">Finn ditt n\u00e6rmeste valglokale<\/h1>\n\n\n\n<p class=\"has-text-align-center\">Du kan forh\u00e5ndsstemme fra 10. august til og med 8. september. I denne perioden kan du stemme i valglokaler over hele landet. Se oversikt over lokale valglokaler og \u00e5pningstider her:<\/p>\n\n\n\n<div class=\"wp-block-buttons is-layout-flex wp-block-buttons-is-layout-flex\">\n<div class=\"wp-block-button is-style-fill aligncenter\"><a class=\"wp-block-button__link wp-element-button\" href=\"https:\/\/www.valg.no\/valglokaler\/valglokaler2\/stem-pa-forhand\/?mpid=1508\" target=\"_blank\" rel=\"noreferrer noopener\">lokaler for forh\u00e5ndsstemming<\/a><\/div>\n<\/div>\n\n\n\n<p class=\"has-text-align-center\">Valgdagen i \u00e5r er mandag 11. september. P\u00e5 valgdagen m\u00e5 du stemme i \u00c5lesund kommune. Se oversikt over lokale valglokaler og \u00e5pningstider her:<\/p>\n\n\n\n<div class=\"wp-block-buttons is-layout-flex wp-block-buttons-is-layout-flex\">\n<div class=\"wp-block-button aligncenter\"><a class=\"wp-block-button__link wp-element-button\" href=\"https:\/\/www.valg.no\/valglokaler\/valglokaler2\/stemme-pa-valgdagen\/?mpid=1508\" target=\"_blank\" rel=\"noreferrer noopener\">valglokaler p\u00e5 valgdagen<\/a><\/div>\n<\/div>\n\n\n\n<p class=\"has-text-align-center\"><strong>Husk \u00e5 ta med legitimasjon n\u00e5r du skal stemme. Godt valg!<\/strong><\/p>\n\n<\/div><\/div>","protected":false},"excerpt":{"rendered":"","protected":false},"author":15381,"featured_media":0,"parent":0,"menu_order":0,"comment_status":"closed","ping_status":"closed","template":"","meta":{"teft_cards_image_url":"","teft_cards_custom_pretitle":"","teft_cards_image_id":0,"teft_cards_image_focal_point_x":0,"teft_cards_image_focal_point_y":0,"teft_cards_title":"","teft_cards_excerpt":"","teft_show_chapters":false,"footnotes":""},"class_list":["post-102","page","type-page","status-publish","hentry"],"yoast_head":"<!-- This site is optimized with the Yoast SEO plugin v26.6 - https:\/\/yoast.com\/wordpress\/plugins\/seo\/ -->\n<title>Syv grunner til \u00e5 stemme \u00c5lesund H\u00f8yre - \u00c5lesund H\u00f8yre<\/title>\n<meta name=\"robots\" content=\"index, follow, max-snippet:-1, max-image-preview:large, max-video-preview:-1\" \/>\n<link rel=\"canonical\" href=\"https:\/\/hoyre.no\/alesund\/7-grunner-til-a-stemme-alesund-hoyre\/\" \/>\n<meta property=\"og:locale\" content=\"nb_NO\" \/>\n<meta property=\"og:type\" content=\"article\" \/>\n<meta property=\"og:title\" content=\"Syv grunner til \u00e5 stemme \u00c5lesund H\u00f8yre - \u00c5lesund H\u00f8yre\" \/>\n<meta property=\"og:url\" content=\"https:\/\/hoyre.no\/alesund\/7-grunner-til-a-stemme-alesund-hoyre\/\" \/>\n<meta property=\"og:site_name\" content=\"\u00c5lesund H\u00f8yre\" \/>\n<meta property=\"article:modified_time\" content=\"2025-01-20T08:27:28+00:00\" \/>\n<meta property=\"og:image\" content=\"https:\/\/hoyre.no\/content\/uploads\/sites\/87\/2023\/01\/PMyGEzvI-scaled.jpeg\" \/>\n<meta name=\"twitter:card\" content=\"summary_large_image\" \/>\n<meta name=\"twitter:label1\" content=\"Ansl. lesetid\" \/>\n\t<meta name=\"twitter:data1\" content=\"5 minutter\" \/>\n<script type=\"application\/ld+json\" class=\"yoast-schema-graph\">{\"@context\":\"https:\/\/schema.org\",\"@graph\":[{\"@type\":\"WebPage\",\"@id\":\"https:\/\/hoyre.no\/alesund\/7-grunner-til-a-stemme-alesund-hoyre\/\",\"url\":\"https:\/\/hoyre.no\/alesund\/7-grunner-til-a-stemme-alesund-hoyre\/\",\"name\":\"Syv grunner til \u00e5 stemme \u00c5lesund H\u00f8yre - \u00c5lesund H\u00f8yre\",\"isPartOf\":{\"@id\":\"https:\/\/hoyre.no\/alesund\/#website\"},\"image\":{\"@id\":\"https:\/\/hoyre.no\/alesund\/7-grunner-til-a-stemme-alesund-hoyre\/#primaryimage\"},\"thumbnailUrl\":\"https:\/\/hoyre.no\/content\/uploads\/sites\/87\/2023\/01\/PMyGEzvI-scaled.jpeg\",\"datePublished\":\"2023-01-13T09:43:17+00:00\",\"dateModified\":\"2025-01-20T08:27:28+00:00\",\"breadcrumb\":{\"@id\":\"https:\/\/hoyre.no\/alesund\/7-grunner-til-a-stemme-alesund-hoyre\/#breadcrumb\"},\"inLanguage\":\"nb-NO\",\"potentialAction\":[{\"@type\":\"ReadAction\",\"target\":[\"https:\/\/hoyre.no\/alesund\/7-grunner-til-a-stemme-alesund-hoyre\/\"]}]},{\"@type\":\"ImageObject\",\"inLanguage\":\"nb-NO\",\"@id\":\"https:\/\/hoyre.no\/alesund\/7-grunner-til-a-stemme-alesund-hoyre\/#primaryimage\",\"url\":\"https:\/\/hoyre.no\/content\/uploads\/sites\/87\/2023\/01\/PMyGEzvI-scaled.jpeg\",\"contentUrl\":\"https:\/\/hoyre.no\/content\/uploads\/sites\/87\/2023\/01\/PMyGEzvI-scaled.jpeg\"},{\"@type\":\"BreadcrumbList\",\"@id\":\"https:\/\/hoyre.no\/alesund\/7-grunner-til-a-stemme-alesund-hoyre\/#breadcrumb\",\"itemListElement\":[{\"@type\":\"ListItem\",\"position\":1,\"name\":\"Til hoyre.no\",\"item\":\"https:\/\/hoyre.no\"},{\"@type\":\"ListItem\",\"position\":2,\"name\":\"Hjem\",\"item\":\"https:\/\/hoyre.no\/alesund\/\"},{\"@type\":\"ListItem\",\"position\":3,\"name\":\"Syv grunner til \u00e5 stemme \u00c5lesund H\u00f8yre\"}]},{\"@type\":\"WebSite\",\"@id\":\"https:\/\/hoyre.no\/alesund\/#website\",\"url\":\"https:\/\/hoyre.no\/alesund\/\",\"name\":\"\u00c5lesund H\u00f8yre\",\"description\":\"Bare enda et H\u00f8yres nettsteder-nettsted\",\"inLanguage\":\"nb-NO\"}]}<\/script>\n<!-- \/ Yoast SEO plugin. -->","yoast_head_json":{"title":"Syv grunner til \u00e5 stemme \u00c5lesund H\u00f8yre - \u00c5lesund H\u00f8yre","robots":{"index":"index","follow":"follow","max-snippet":"max-snippet:-1","max-image-preview":"max-image-preview:large","max-video-preview":"max-video-preview:-1"},"canonical":"https:\/\/hoyre.no\/alesund\/7-grunner-til-a-stemme-alesund-hoyre\/","og_locale":"nb_NO","og_type":"article","og_title":"Syv grunner til \u00e5 stemme \u00c5lesund H\u00f8yre - \u00c5lesund H\u00f8yre","og_url":"https:\/\/hoyre.no\/alesund\/7-grunner-til-a-stemme-alesund-hoyre\/","og_site_name":"\u00c5lesund H\u00f8yre","article_modified_time":"2025-01-20T08:27:28+00:00","og_image":[{"url":"https:\/\/hoyre.no\/content\/uploads\/sites\/87\/2023\/01\/PMyGEzvI-scaled.jpeg","type":"","width":"","height":""}],"twitter_card":"summary_large_image","twitter_misc":{"Ansl. lesetid":"5 minutter"},"schema":{"@context":"https:\/\/schema.org","@graph":[{"@type":"WebPage","@id":"https:\/\/hoyre.no\/alesund\/7-grunner-til-a-stemme-alesund-hoyre\/","url":"https:\/\/hoyre.no\/alesund\/7-grunner-til-a-stemme-alesund-hoyre\/","name":"Syv grunner til \u00e5 stemme \u00c5lesund H\u00f8yre - \u00c5lesund H\u00f8yre","isPartOf":{"@id":"https:\/\/hoyre.no\/alesund\/#website"},"image":{"@id":"https:\/\/hoyre.no\/alesund\/7-grunner-til-a-stemme-alesund-hoyre\/#primaryimage"},"thumbnailUrl":"https:\/\/hoyre.no\/content\/uploads\/sites\/87\/2023\/01\/PMyGEzvI-scaled.jpeg","datePublished":"2023-01-13T09:43:17+00:00","dateModified":"2025-01-20T08:27:28+00:00","breadcrumb":{"@id":"https:\/\/hoyre.no\/alesund\/7-grunner-til-a-stemme-alesund-hoyre\/#breadcrumb"},"inLanguage":"nb-NO","potentialAction":[{"@type":"ReadAction","target":["https:\/\/hoyre.no\/alesund\/7-grunner-til-a-stemme-alesund-hoyre\/"]}]},{"@type":"ImageObject","inLanguage":"nb-NO","@id":"https:\/\/hoyre.no\/alesund\/7-grunner-til-a-stemme-alesund-hoyre\/#primaryimage","url":"https:\/\/hoyre.no\/content\/uploads\/sites\/87\/2023\/01\/PMyGEzvI-scaled.jpeg","contentUrl":"https:\/\/hoyre.no\/content\/uploads\/sites\/87\/2023\/01\/PMyGEzvI-scaled.jpeg"},{"@type":"BreadcrumbList","@id":"https:\/\/hoyre.no\/alesund\/7-grunner-til-a-stemme-alesund-hoyre\/#breadcrumb","itemListElement":[{"@type":"ListItem","position":1,"name":"Til hoyre.no","item":"https:\/\/hoyre.no"},{"@type":"ListItem","position":2,"name":"Hjem","item":"https:\/\/hoyre.no\/alesund\/"},{"@type":"ListItem","position":3,"name":"Syv grunner til \u00e5 stemme \u00c5lesund H\u00f8yre"}]},{"@type":"WebSite","@id":"https:\/\/hoyre.no\/alesund\/#website","url":"https:\/\/hoyre.no\/alesund\/","name":"\u00c5lesund H\u00f8yre","description":"Bare enda et H\u00f8yres nettsteder-nettsted","inLanguage":"nb-NO"}]}},"distributor_meta":false,"distributor_terms":false,"distributor_media":false,"distributor_original_site_name":"\u00c5lesund H\u00f8yre","distributor_original_site_url":"https:\/\/hoyre.no\/alesund","push-errors":false,"_links":{"self":[{"href":"https:\/\/hoyre.no\/alesund\/wp-json\/wp\/v2\/pages\/102","targetHints":{"allow":["GET"]}}],"collection":[{"href":"https:\/\/hoyre.no\/alesund\/wp-json\/wp\/v2\/pages"}],"about":[{"href":"https:\/\/hoyre.no\/alesund\/wp-json\/wp\/v2\/types\/page"}],"author":[{"embeddable":true,"href":"https:\/\/hoyre.no\/alesund\/wp-json\/wp\/v2\/users\/15381"}],"replies":[{"embeddable":true,"href":"https:\/\/hoyre.no\/alesund\/wp-json\/wp\/v2\/comments?post=102"}],"version-history":[{"count":17,"href":"https:\/\/hoyre.no\/alesund\/wp-json\/wp\/v2\/pages\/102\/revisions"}],"predecessor-version":[{"id":185,"href":"https:\/\/hoyre.no\/alesund\/wp-json\/wp\/v2\/pages\/102\/revisions\/185"}],"wp:attachment":[{"href":"https:\/\/hoyre.no\/alesund\/wp-json\/wp\/v2\/media?parent=102"}],"curies":[{"name":"wp","href":"https:\/\/api.w.org\/{rel}","templated":true}]}}