{"id":132,"date":"2023-05-02T12:45:12","date_gmt":"2023-05-02T10:45:12","guid":{"rendered":"https:\/\/hoyre.no\/alesund\/?page_id=132"},"modified":"2023-07-18T15:11:47","modified_gmt":"2023-07-18T13:11:47","slug":"politikk","status":"publish","type":"page","link":"https:\/\/hoyre.no\/alesund\/politikk\/","title":{"rendered":"Politikk"},"content":{"rendered":"\n<div class=\"wp-block-hoyre-hero with-image-gradient text-color-light  alignfull has-background\"><div class=\"hoyre-hero \"><h1 class=\"title\">Politikk<\/h1><p class=\"preamble\">N\u00e5r frivilligheten, n\u00e6ringslivet og offentlig sektor spiller p\u00e5 lag, skapes det gode lokalsamfunn. H\u00f8yre tror p\u00e5 enkeltmenneskets evne og lyst til \u00e5 st\u00e5 p\u00e5 egne ben.<br><br>Det er v\u00e5r oppgave \u00e5 s\u00f8rge for at mennesker kan leve gode liv, uansett utgangspunkt. Vi skaper ikke politikk for kommunen, men for alle som bor der. H\u00f8yre tror p\u00e5 et samfunn som gir muligheter for alle.<\/p><\/div><\/div>\n\n\n\n\n\t\t<div class=\"has-transparent-background-color is-layout-right alignwide alignwide wp-block-hoyre-media-text\">\n\t\t\t<div class=\"hoyre-media-text__media\">\n\t\t\t\t<img loading=\"lazy\" decoding=\"async\" width=\"1024\" height=\"683\" src=\"https:\/\/hoyre.no\/content\/uploads\/sites\/87\/2022\/11\/Alesund-Hoyre-foto-Hans-Kristian-Thorbjornsen-0112-1024x683.jpg\" class=\"hoyre-media-text__media-image\" alt=\"\" style=\"--focal: 50% 50%;\" srcset=\"https:\/\/hoyre.no\/content\/uploads\/sites\/87\/2022\/11\/Alesund-Hoyre-foto-Hans-Kristian-Thorbjornsen-0112-1024x683.jpg 1024w, https:\/\/hoyre.no\/content\/uploads\/sites\/87\/2022\/11\/Alesund-Hoyre-foto-Hans-Kristian-Thorbjornsen-0112-300x200.jpg 300w, https:\/\/hoyre.no\/content\/uploads\/sites\/87\/2022\/11\/Alesund-Hoyre-foto-Hans-Kristian-Thorbjornsen-0112-768x512.jpg 768w, https:\/\/hoyre.no\/content\/uploads\/sites\/87\/2022\/11\/Alesund-Hoyre-foto-Hans-Kristian-Thorbjornsen-0112-1536x1024.jpg 1536w, https:\/\/hoyre.no\/content\/uploads\/sites\/87\/2022\/11\/Alesund-Hoyre-foto-Hans-Kristian-Thorbjornsen-0112-2048x1365.jpg 2048w\" sizes=\"auto, (max-width: 1024px) 100vw, 1024px\" \/>\n\t\t\t<\/div>\n\t\t\t<div class=\"hoyre-media-text__content\">\n\t\t\t\t<div class=\"hoyre-media-text__content-inner\">\n\t\t\t\t\t\n\t\t\t<div class=\"hoyre-media-text__title-container\">\n\t\t\t\t\n\t\t\t\t<h2 class=\"hoyre-media-text__title\">Syv grunner til \u00e5 stemme H\u00f8yre i \u00c5lesund<\/h2>\n\t\t\t<\/div>\n\t\t\t\n\t\t\t\t\t<div class=\"hoyre-media-text__blocks\"><\/div>\n\t\t\t\t\t\n\t\t\t<div class=\"hoyre-media-text__buttons\">\n\t\t\t\t<a class=\"button\" href=\"https:\/\/hoyre.no\/alesund\/7-grunner-til-a-stemme-alesund-hoyre\/\">Trykk her for \u00e5 lese mer<\/a>\n\t\t\t<\/div>\n\t\t\t\n\t\t\t\t<\/div>\n\t\t\t<\/div>\n\t\t<\/div>\n\t\t\n\n\n\t\t<div class=\"has-lightest-blue-background-color is-layout-right alignwide alignwide wp-block-hoyre-media-text\">\n\t\t\t<div class=\"hoyre-media-text__media\">\n\t\t\t\t<img loading=\"lazy\" decoding=\"async\" width=\"1000\" height=\"1000\" src=\"https:\/\/hoyre.no\/content\/uploads\/sites\/87\/2022\/11\/Hoyres-logo.png\" class=\"hoyre-media-text__media-image\" alt=\"\" style=\"--focal: 50% 50%;\" srcset=\"https:\/\/hoyre.no\/content\/uploads\/sites\/87\/2022\/11\/Hoyres-logo.png 1000w, https:\/\/hoyre.no\/content\/uploads\/sites\/87\/2022\/11\/Hoyres-logo-300x300.png 300w, https:\/\/hoyre.no\/content\/uploads\/sites\/87\/2022\/11\/Hoyres-logo-150x150.png 150w, https:\/\/hoyre.no\/content\/uploads\/sites\/87\/2022\/11\/Hoyres-logo-768x768.png 768w\" sizes=\"auto, (max-width: 1000px) 100vw, 1000px\" \/>\n\t\t\t<\/div>\n\t\t\t<div class=\"hoyre-media-text__content\">\n\t\t\t\t<div class=\"hoyre-media-text__content-inner\">\n\t\t\t\t\t\n\t\t\t<div class=\"hoyre-media-text__title-container\">\n\t\t\t\t\n\t\t\t\t<h2 class=\"hoyre-media-text__title\">Fant du ikke din hjertesak?<\/h2>\n\t\t\t<\/div>\n\t\t\t\n\t\t\t\t\t<div class=\"hoyre-media-text__blocks\">\n<p>H\u00f8yre har mye god politikk for \u00c5lesund. Kanskje finner du noe om det du brenner for i programmet v\u00e5rt?<\/p>\n<\/div>\n\t\t\t\t\t\n\t\t\t<div class=\"hoyre-media-text__buttons\">\n\t\t\t\t<a class=\"button\" href=\"https:\/\/hoyre.no\/content\/uploads\/sites\/87\/2023\/07\/VEDTATT-VALGPROGRAM-ALESUND-HOYRE-2023.pdf\">Les her<\/a>\n\t\t\t<\/div>\n\t\t\t\n\t\t\t\t<\/div>\n\t\t\t<\/div>\n\t\t<\/div>\n\t\t\n\n\n\t\t<div class=\"has-dark-blue-background-color is-layout-right alignwide alignwide wp-block-hoyre-media-text\">\n\t\t\t<div class=\"hoyre-media-text__media\">\n\t\t\t\t<img loading=\"lazy\" decoding=\"async\" width=\"683\" height=\"1024\" src=\"https:\/\/hoyre.no\/content\/uploads\/sites\/87\/2022\/08\/monica-1-683x1024.jpeg\" class=\"hoyre-media-text__media-image\" alt=\"\" style=\"--focal: 49% 0%;\" srcset=\"https:\/\/hoyre.no\/content\/uploads\/sites\/87\/2022\/08\/monica-1-683x1024.jpeg 683w, https:\/\/hoyre.no\/content\/uploads\/sites\/87\/2022\/08\/monica-1-200x300.jpeg 200w, https:\/\/hoyre.no\/content\/uploads\/sites\/87\/2022\/08\/monica-1-768x1152.jpeg 768w, https:\/\/hoyre.no\/content\/uploads\/sites\/87\/2022\/08\/monica-1-1024x1536.jpeg 1024w, https:\/\/hoyre.no\/content\/uploads\/sites\/87\/2022\/08\/monica-1.jpeg 1040w\" sizes=\"auto, (max-width: 683px) 100vw, 683px\" \/>\n\t\t\t<\/div>\n\t\t\t<div class=\"hoyre-media-text__content\">\n\t\t\t\t<div class=\"hoyre-media-text__content-inner\">\n\t\t\t\t\t\n\t\t\t<div class=\"hoyre-media-text__title-container\">\n\t\t\t\t\n\t\t\t\t<h2 class=\"hoyre-media-text__title\">\u00c5lesund H\u00f8yres ordf\u00f8rerkandidat<\/h2>\n\t\t\t<\/div>\n\t\t\t\n\t\t\t\t\t<div class=\"hoyre-media-text__blocks\">\n<p>Monica Molv\u00e6r er \u00c5lesund H\u00f8yres ordf\u00f8rerkandidat. Bli bedre kjent med henne her!<\/p>\n<\/div>\n\t\t\t\t\t\n\t\t\t<div class=\"hoyre-media-text__buttons\">\n\t\t\t\t<a class=\"button\" href=\"https:\/\/hoyre.no\/alesund\/monica-molvaer-var-ordforerkandidat\/\">Trykk her for \u00e5 lese mer<\/a>\n\t\t\t<\/div>\n\t\t\t\n\t\t\t\t<\/div>\n\t\t\t<\/div>\n\t\t<\/div>\n\t\t\n","protected":false},"excerpt":{"rendered":"","protected":false},"author":31684,"featured_media":0,"parent":0,"menu_order":0,"comment_status":"closed","ping_status":"closed","template":"","meta":{"teft_cards_image_url":"","teft_cards_custom_pretitle":"","teft_cards_image_id":0,"teft_cards_image_focal_point_x":0,"teft_cards_image_focal_point_y":0,"teft_cards_title":"","teft_cards_excerpt":"","teft_show_chapters":false,"footnotes":""},"class_list":["post-132","page","type-page","status-publish","hentry"],"yoast_head":"<!-- This site is optimized with the Yoast SEO plugin v26.6 - https:\/\/yoast.com\/wordpress\/plugins\/seo\/ -->\n<title>Politikk - \u00c5lesund H\u00f8yre<\/title>\n<meta name=\"robots\" content=\"index, follow, max-snippet:-1, max-image-preview:large, max-video-preview:-1\" \/>\n<link rel=\"canonical\" href=\"https:\/\/hoyre.no\/alesund\/politikk\/\" \/>\n<meta property=\"og:locale\" content=\"nb_NO\" \/>\n<meta property=\"og:type\" content=\"article\" \/>\n<meta property=\"og:title\" content=\"Politikk - \u00c5lesund H\u00f8yre\" \/>\n<meta property=\"og:url\" content=\"https:\/\/hoyre.no\/alesund\/politikk\/\" \/>\n<meta property=\"og:site_name\" content=\"\u00c5lesund H\u00f8yre\" \/>\n<meta property=\"article:modified_time\" content=\"2023-07-18T13:11:47+00:00\" \/>\n<meta property=\"og:image\" content=\"https:\/\/hoyre.no\/content\/uploads\/sites\/87\/2022\/11\/Hoyres-logo.png\" \/>\n\t<meta property=\"og:image:width\" content=\"1000\" \/>\n\t<meta property=\"og:image:height\" content=\"1000\" \/>\n\t<meta property=\"og:image:type\" content=\"image\/png\" \/>\n<meta name=\"twitter:card\" content=\"summary_large_image\" \/>\n<script type=\"application\/ld+json\" class=\"yoast-schema-graph\">{\"@context\":\"https:\/\/schema.org\",\"@graph\":[{\"@type\":\"WebPage\",\"@id\":\"https:\/\/hoyre.no\/alesund\/politikk\/\",\"url\":\"https:\/\/hoyre.no\/alesund\/politikk\/\",\"name\":\"Politikk - \u00c5lesund H\u00f8yre\",\"isPartOf\":{\"@id\":\"https:\/\/hoyre.no\/alesund\/#website\"},\"datePublished\":\"2023-05-02T10:45:12+00:00\",\"dateModified\":\"2023-07-18T13:11:47+00:00\",\"breadcrumb\":{\"@id\":\"https:\/\/hoyre.no\/alesund\/politikk\/#breadcrumb\"},\"inLanguage\":\"nb-NO\",\"potentialAction\":[{\"@type\":\"ReadAction\",\"target\":[\"https:\/\/hoyre.no\/alesund\/politikk\/\"]}]},{\"@type\":\"BreadcrumbList\",\"@id\":\"https:\/\/hoyre.no\/alesund\/politikk\/#breadcrumb\",\"itemListElement\":[{\"@type\":\"ListItem\",\"position\":1,\"name\":\"Til hoyre.no\",\"item\":\"https:\/\/hoyre.no\"},{\"@type\":\"ListItem\",\"position\":2,\"name\":\"Hjem\",\"item\":\"https:\/\/hoyre.no\/alesund\/\"},{\"@type\":\"ListItem\",\"position\":3,\"name\":\"Politikk\"}]},{\"@type\":\"WebSite\",\"@id\":\"https:\/\/hoyre.no\/alesund\/#website\",\"url\":\"https:\/\/hoyre.no\/alesund\/\",\"name\":\"\u00c5lesund H\u00f8yre\",\"description\":\"Bare enda et H\u00f8yres nettsteder-nettsted\",\"inLanguage\":\"nb-NO\"}]}<\/script>\n<!-- \/ Yoast SEO plugin. -->","yoast_head_json":{"title":"Politikk - \u00c5lesund H\u00f8yre","robots":{"index":"index","follow":"follow","max-snippet":"max-snippet:-1","max-image-preview":"max-image-preview:large","max-video-preview":"max-video-preview:-1"},"canonical":"https:\/\/hoyre.no\/alesund\/politikk\/","og_locale":"nb_NO","og_type":"article","og_title":"Politikk - \u00c5lesund H\u00f8yre","og_url":"https:\/\/hoyre.no\/alesund\/politikk\/","og_site_name":"\u00c5lesund H\u00f8yre","article_modified_time":"2023-07-18T13:11:47+00:00","og_image":[{"width":1000,"height":1000,"url":"https:\/\/hoyre.no\/content\/uploads\/sites\/87\/2022\/11\/Hoyres-logo.png","type":"image\/png"}],"twitter_card":"summary_large_image","schema":{"@context":"https:\/\/schema.org","@graph":[{"@type":"WebPage","@id":"https:\/\/hoyre.no\/alesund\/politikk\/","url":"https:\/\/hoyre.no\/alesund\/politikk\/","name":"Politikk - \u00c5lesund H\u00f8yre","isPartOf":{"@id":"https:\/\/hoyre.no\/alesund\/#website"},"datePublished":"2023-05-02T10:45:12+00:00","dateModified":"2023-07-18T13:11:47+00:00","breadcrumb":{"@id":"https:\/\/hoyre.no\/alesund\/politikk\/#breadcrumb"},"inLanguage":"nb-NO","potentialAction":[{"@type":"ReadAction","target":["https:\/\/hoyre.no\/alesund\/politikk\/"]}]},{"@type":"BreadcrumbList","@id":"https:\/\/hoyre.no\/alesund\/politikk\/#breadcrumb","itemListElement":[{"@type":"ListItem","position":1,"name":"Til hoyre.no","item":"https:\/\/hoyre.no"},{"@type":"ListItem","position":2,"name":"Hjem","item":"https:\/\/hoyre.no\/alesund\/"},{"@type":"ListItem","position":3,"name":"Politikk"}]},{"@type":"WebSite","@id":"https:\/\/hoyre.no\/alesund\/#website","url":"https:\/\/hoyre.no\/alesund\/","name":"\u00c5lesund H\u00f8yre","description":"Bare enda et H\u00f8yres nettsteder-nettsted","inLanguage":"nb-NO"}]}},"distributor_meta":false,"distributor_terms":false,"distributor_media":false,"distributor_original_site_name":"\u00c5lesund H\u00f8yre","distributor_original_site_url":"https:\/\/hoyre.no\/alesund","push-errors":false,"_links":{"self":[{"href":"https:\/\/hoyre.no\/alesund\/wp-json\/wp\/v2\/pages\/132","targetHints":{"allow":["GET"]}}],"collection":[{"href":"https:\/\/hoyre.no\/alesund\/wp-json\/wp\/v2\/pages"}],"about":[{"href":"https:\/\/hoyre.no\/alesund\/wp-json\/wp\/v2\/types\/page"}],"author":[{"embeddable":true,"href":"https:\/\/hoyre.no\/alesund\/wp-json\/wp\/v2\/users\/31684"}],"replies":[{"embeddable":true,"href":"https:\/\/hoyre.no\/alesund\/wp-json\/wp\/v2\/comments?post=132"}],"version-history":[{"count":5,"href":"https:\/\/hoyre.no\/alesund\/wp-json\/wp\/v2\/pages\/132\/revisions"}],"predecessor-version":[{"id":171,"href":"https:\/\/hoyre.no\/alesund\/wp-json\/wp\/v2\/pages\/132\/revisions\/171"}],"wp:attachment":[{"href":"https:\/\/hoyre.no\/alesund\/wp-json\/wp\/v2\/media?parent=132"}],"curies":[{"name":"wp","href":"https:\/\/api.w.org\/{rel}","templated":true}]}}