{"id":64,"date":"2022-10-17T13:36:33","date_gmt":"2022-10-17T11:36:33","guid":{"rendered":"https:\/\/hoyre.no\/alesund\/?page_id=64"},"modified":"2025-01-20T10:01:35","modified_gmt":"2025-01-20T09:01:35","slug":"monica-molvaer-var-ordforerkandidat","status":"publish","type":"page","link":"https:\/\/hoyre.no\/alesund\/monica-molvaer-var-ordforerkandidat\/","title":{"rendered":"Monica Molv\u00e6r &#8211; v\u00e5r ordf\u00f8rerkandidat"},"content":{"rendered":"\n<div class=\"wp-block-hoyre-hero with-image-gradient text-color-light  has-media alignfull has-background\"><div class=\"hoyre-hero has-image\"><h1 class=\"title\">Monica Molv\u00e6r &#8211; varaordf\u00f8rer<\/h1><p class=\"preamble\">Hvorfor du skal gi H\u00f8yre og meg din stemme i \u00c5lesund kommune?<\/p>\t\t\t<div class=\"post-meta wp-block teft-byline-wrapper\">\n\t\t\t\t<div class=\"top\">\n\t\t\t\t\t<div class=\"signature\">\n\t\t\t\t\t\t<div class=\"teft-byline\">\n\t\t\t\t\t\t\t\t\t\t\t\t\t\t<div>\n\t\t\t\t\t\t\t\t<h3>H\u00f8yres redaksjon<\/h3>\t\t\t\t\t\t\t\t\n\t\t\t\t\t\t\t\t\t\t\t\t\t\t\t\t\t<span class=\"date\">Sist oppdatert: 20. januar 2025<\/span>\n\t\t\t\t\t\t\t\t\t\t\t\t\t\t\t\t\t\t\t\t\t\t\t\t\t<span class=\"reading-time\" itemprop=\"timeRequired\" content=\"PT8M\"><em>Ca. 8 minutter lesetid<\/em><\/span>\n\t\t\t\t\t\t\t\t\t\t\t\t\t\t\t<\/div>\n\t\t\t\t\t\t<\/div>\n\t\t\t\t\t<\/div>\n\t\t\t\t\t\t<div class=\"sharing\">\n\t\t<a class=\"share-button share-link copy-link\" data-copy=\"https:\/\/hoyre.no\/alesund\/monica-molvaer-var-ordforerkandidat\/\" target=\"_blank\"><span class=\"screen-reader-text\">Del link<\/span><\/a>\n\t\t<a class=\"share-button share-twitter\" href=\"http:\/\/twitter.com\/share?text=Monica Molv\u00e6r &#8211; v\u00e5r ordf\u00f8rerkandidat&#038;url=https:\/\/hoyre.no\/alesund\/monica-molvaer-var-ordforerkandidat\/&#038;hashtags=Hoyre\" target=\"_blank\"><span class=\"screen-reader-text\">Del p\u00e5 twitter<\/span><\/a>\n\t\t<a class=\"share-button share-facebook\" href=\"https:\/\/www.facebook.com\/sharer\/sharer.php?u=https:\/\/hoyre.no\/alesund\/monica-molvaer-var-ordforerkandidat\/\" target=\"_blank\"><span class=\"screen-reader-text\">Del p\u00e5 facebook<\/span><\/a>\n\t<\/div>\n\t\t\t\t\t<\/div>\n\t\t\t<\/div>\n\n\t\t\t<figure class=\"hoyre-image-wrapper\"><div class=\"hoyre-image\"><img loading=\"lazy\" decoding=\"async\" width=\"2048\" height=\"1365\" src=\"https:\/\/hoyre.no\/content\/uploads\/sites\/87\/2022\/08\/monica-stor-utsikt.jpeg\" class=\"attachment-scaled size-scaled\" alt=\"\" style=\"object-position: 50% 50%\" srcset=\"https:\/\/hoyre.no\/content\/uploads\/sites\/87\/2022\/08\/monica-stor-utsikt.jpeg 2048w, https:\/\/hoyre.no\/content\/uploads\/sites\/87\/2022\/08\/monica-stor-utsikt-300x200.jpeg 300w, https:\/\/hoyre.no\/content\/uploads\/sites\/87\/2022\/08\/monica-stor-utsikt-1024x683.jpeg 1024w, https:\/\/hoyre.no\/content\/uploads\/sites\/87\/2022\/08\/monica-stor-utsikt-768x512.jpeg 768w, https:\/\/hoyre.no\/content\/uploads\/sites\/87\/2022\/08\/monica-stor-utsikt-1536x1024.jpeg 1536w\" sizes=\"auto, (max-width: 2048px) 100vw, 2048px\" \/><\/div><\/figure><\/div><\/div>\n\n\n\n\n<div class=\"wp-block-buttons is-layout-flex wp-block-buttons-is-layout-flex\">\n<div class=\"wp-block-button\"><a class=\"wp-block-button__link wp-element-button\" href=\"https:\/\/hoyre.no\/nyhetsbrev\/\">abonner p\u00e5 h\u00f8yres nyhetsbrev<\/a><\/div>\n\n\n\n<div class=\"wp-block-button\"><a class=\"wp-block-button__link wp-element-button\" href=\"https:\/\/hoyre.no\/personprofiler\/monica-molvaer\/\">kom i kontakt med monica<\/a><\/div>\n\n\n\n<div class=\"wp-block-button\"><a class=\"wp-block-button__link wp-element-button\" href=\"https:\/\/www.facebook.com\/aalesundhoyre\" target=\"_blank\" rel=\"noreferrer noopener\">f\u00f8lg \u00e5lesund h\u00f8yre p\u00e5 facebook<\/a><\/div>\n<\/div>\n\n\n\n<div class=\"wp-block-hoyre-banner undefined has-icon-title icon-heart\"><div class=\"banner-inner\"><figure class=\"hoyre-image-wrapper\"><div class=\"hoyre-image\"><img loading=\"lazy\" decoding=\"async\" width=\"2500\" height=\"1667\" src=\"https:\/\/hoyre.no\/content\/uploads\/sites\/87\/2023\/07\/Alesund-Foto-Hans-Kristian-Thorbjornsen-3-scaled.jpg\" class=\"attachment-scaled size-scaled\" alt=\"\" style=\"object-position: 50% 50%\" srcset=\"https:\/\/hoyre.no\/content\/uploads\/sites\/87\/2023\/07\/Alesund-Foto-Hans-Kristian-Thorbjornsen-3-scaled.jpg 2500w, https:\/\/hoyre.no\/content\/uploads\/sites\/87\/2023\/07\/Alesund-Foto-Hans-Kristian-Thorbjornsen-3-300x200.jpg 300w, https:\/\/hoyre.no\/content\/uploads\/sites\/87\/2023\/07\/Alesund-Foto-Hans-Kristian-Thorbjornsen-3-1024x683.jpg 1024w, https:\/\/hoyre.no\/content\/uploads\/sites\/87\/2023\/07\/Alesund-Foto-Hans-Kristian-Thorbjornsen-3-768x512.jpg 768w, https:\/\/hoyre.no\/content\/uploads\/sites\/87\/2023\/07\/Alesund-Foto-Hans-Kristian-Thorbjornsen-3-1536x1024.jpg 1536w, https:\/\/hoyre.no\/content\/uploads\/sites\/87\/2023\/07\/Alesund-Foto-Hans-Kristian-Thorbjornsen-3-2048x1365.jpg 2048w\" sizes=\"auto, (max-width: 2500px) 100vw, 2500px\" \/><\/div><\/figure><div class=\"banner-content\"><div class=\"entry-content\">\n<h2 class=\"wp-block-heading has-text-align-center\">Bli bedre kjent med Monica!<\/h2>\n\n\n\n<p class=\"has-text-align-left\"><strong>Bosted:<\/strong> \u00c5lesund sentrum<\/p>\n\n\n\n<p class=\"has-text-align-left\"><\/p>\n\n\n\n<p class=\"has-text-align-left\"><strong>Politisk erfaring:<\/strong><\/p>\n\n\n\n<p class=\"has-text-align-left\">Monica Molv\u00e6r har lang politisk erfaring fra b\u00e5de lokal, regional og nasjonal politikk. Hun har jobbet i Solberg-regjeringen som politisk r\u00e5dgiver for arbeids- og sosialministeren og sitter i dag i H\u00f8yres sentralstyre som leder av M\u00f8re og Romsdal H\u00f8yre. V\u00e5ren 2023 ledet hun H\u00f8yres \u00abkystoppr\u00f8r\u00bb i forbindelse med landsm\u00f8tet og fikk betydelig gjennomslag i partiet med et tydelig standpunkt mot grunnrenteskatt p\u00e5 havbruk. Hun har ogs\u00e5 hatt andre nasjonale verv og v\u00e6rt oppnevnt av regjeringen som styremedlem i Forbrukerr\u00e5det.&nbsp;<\/p>\n\n\n\n<p class=\"has-text-align-left\">Monica ble valgt inn i \u00c5lesund bystyre i 2011 og har hatt en rekke verv som gruppeleder, fungerende varaordf\u00f8rer, styreleder i \u00c5lesund brannvesen KF og medlem i helse- og omsorgskomiteen.&nbsp;<\/p>\n\n\n\n<p class=\"has-text-align-left\">I 2015 ble hun valgt inn p\u00e5 fylkestinget og sitter n\u00e5 i fylkesutvalget og er medlem i utdannings- og kompetanseutvalget og sitter i styret til Fagskolen i M\u00f8re og Romsdal.&nbsp;<\/p>\n\n\n\n<p class=\"has-text-align-left\">Hun har ogs\u00e5 v\u00e6rt ansatt i H\u00f8yres Hovedorganisasjon i flere valgkamper, med hovedansvar for h\u00e5ndtering av alle statsr\u00e5dbes\u00f8k og har har et stort nettverk til partiet sentralt.&nbsp;F\u00f8r stortingsvalget 2025 er Monica f\u00f8rstekandidat for H\u00f8yre i M\u00f8re og Romsdal.<\/p>\n\n\n\n<p class=\"has-text-align-left\"><strong>Hvorfor H\u00f8yre?<\/strong> <\/p>\n\n\n\n<p class=\"has-text-align-left\">Fordi det er partiet som forst\u00e5r at folk er forskjellige og gir oss mer valgfrihet. Samtidig som H\u00f8yre forst\u00e5r at verdiene som n\u00e6ringslivet skaper, m\u00e5 skapes f\u00f8r de kan fordeles. <\/p>\n\n\n\n<p><\/p>\n\n\n\n<p class=\"has-text-align-left\"><strong>Et stort hjerte<\/strong><\/p>\n\n\n\n<p class=\"has-text-align-left\">Et av Monicas st\u00f8rste hjertesaker er opprettelsen av Fontenehuset i \u00c5lesund. Hun er stifter og styreleder av Fontenehuset som \u00e5pnet d\u00f8rene i 2022 etter forslag fra H\u00f8yre i kommunestyret.&nbsp;<\/p>\n\n\n\n<p class=\"has-text-align-left\">Fontenehuset er et arbeidsfellesskap for de som har falt utenfor med psykiske helseutfordringer. P\u00e5gangen viser et enormt behov for lavterskeltilbud innen psykisk helse.&nbsp;&nbsp;<\/p>\n\n\n\n<p><\/p>\n\n\n\n<p class=\"has-text-align-left\"><strong>Arbeid og utdanning&nbsp;<\/strong><\/p>\n\n\n\n<p class=\"has-text-align-left\">Monicas engasjement startet i elevr\u00e5det p\u00e5 Latinskolen, og kort tid etter ble hun elevr\u00e5dsleder og senere ogs\u00e5 leder for Elevorganisasjonen i M\u00f8re og Romsdal.&nbsp;<\/p>\n\n\n\n<p class=\"has-text-align-left\">Hun&nbsp; tok fagbrev i IKT-driftsfag som l\u00e6rling p\u00e5 Latinskolen etter hun var ferdig med allmennfaglig p\u00e5bygging. Med sitt store engasjement gjennom Elevorganisasjonen kom hun gjennom n\u00e5l\u00f8yet, uten h\u00f8yere utdanning, og fikk jobb som det f\u00f8rste elev- og l\u00e6rlingombudet i M\u00f8re og Romsdal fylkeskommune i 2006. En stilling som hun selv hadde kjempet for at politikerne skulle opprette for \u00e5 ivareta elevers og l\u00e6rlingers rettigheter.<\/p>\n\n\n\n<p class=\"has-text-align-left\">Parallelt med ny stilling som 20-\u00e5ring, startet hun like gjerne p\u00e5 en bachelor i jus og administrasjon som hun tok ved siden av studier p\u00e5 H\u00f8gskolen i Molde. Senere fylte hun p\u00e5 med studier i prosjektledelse p\u00e5 H\u00f8yskolen i \u00c5lesund, og videre med studier om offentlig innovasjon og ledelse p\u00e5 H\u00f8gskolen i Volda.&nbsp;<\/p>\n\n\n\n<p class=\"has-text-align-left\">Alle studier har hun tatt ved siden av full jobb og har en enorm evne til \u00e5 sjonglere flere baller i luften samtidig n\u00e5r det virkelig gjelder.&nbsp;<\/p>\n\n\n\n<p><\/p>\n\n\n\n<p class=\"has-text-align-left\"><strong>Brenner for \u00c5lesund&nbsp;<\/strong><\/p>\n\n\n\n<p class=\"has-text-align-left\">Det er ikke tvil om hva Monica brenner for n\u00e5r vi h\u00f8rer hva hun har gjort siden 2016.&nbsp; Hun har v\u00e6rt arbeidende styreleder for \u00c5lesund Sentrumsforening som i perioden nesten har doblet medlemsmassen av nye bedrifter i sentrum. Hun har hatt ansvar for store prosjekter og utviklet foreningen videre med blant annet byl\u00f8rdager og digitalt bygavekort.&nbsp;<\/p>\n\n\n\n<p class=\"has-text-align-left\">Gjennom dette vervet har hun blant annet hatt ansvar for \u00abBrosundet brenner\u00bb som samler tusenvis av mennesker i byen i januar hvert \u00e5r for \u00e5 markere bybrannen. Hun har v\u00e6rt med som prosjektleder i \u00c5lesund B\u00e5tfestival og bidratt som akkrediteringsansvarlig p\u00e5 Jugendfest. I tillegg har hun sammen med Lions Club Borgund\/\u00c5lesund st\u00e5tt for pynting av byen i adventstiden og fylt byen med ulike aktiviteter.&nbsp;<\/p>\n\n\n\n<p class=\"has-text-align-left\">Monica brenner for mangfold og inkludering, og i 2018 tok hun initiativ til at \u00c5lesund skulle arrangere Pride for f\u00f8rste gang. Det var overveldende \u00e5 se at tusenvis av mennesker fylte gatene med kj\u00e6rlighet og regnbuens farger for \u00e5 vise at \u00c5lesund skal v\u00e6re en plass for alle!&nbsp;<\/p>\n\n\n\n<p class=\"has-text-align-left\">Hun er ogs\u00e5 veldig opptatt av lokal krigshistorie og at historien m\u00e5 fortelles videre. Hun har gjennom \u00c5lesund Sentrumsforening tatt initiativ til et omfattende prosjekt med \u00e5 f\u00e5 renovere og sette i stand den gamle kommandosentralen som tyskerne bygde under andre verdenskrig. Prosjektet har f\u00e5tt enorm oppmerksomhet og det kan gi en helt ny hel\u00e5rsopplevelse for \u00c5lesund sentrum, uavhengig av v\u00e6r og vind.&nbsp;<\/p>\n\n\n\n<p class=\"has-text-align-left\">Det siste \u00e5ret har hun ogs\u00e5 gjennom \u00c5lesund Sentrumsforening v\u00e6rt daglig leder for Den Norske Matfestivalen i \u00c5lesund AS som har lange og viktige tradisjoner i \u00c5lesund.&nbsp;<\/p>\n\n\n\n<p class=\"has-text-align-left\">I tillegg til alt dette har hun samtidig funnet enda en lidenskap gjennom \u00e5 jobbe p\u00e5 Vino Bar AS siden oppstarten i 2018. I 2021 tok hun ogs\u00e5 den prestisjefylte og krevende utdanningen som sommelier og ivrer for \u00e5 spre kunnskap gjennom spennende vinkurs.&nbsp;<\/p>\n\n\n\n<p class=\"has-text-align-left\"><strong>Drill &#8211; den st\u00f8rste delen av livet&nbsp;<\/strong><\/p>\n\n\n\n<p class=\"has-text-align-left\">Selv med ung alder og et langt liv i politikken, har lidenskapen for drill alltid v\u00e6rt den st\u00f8rste delen av livet til Monica. Hun startet selv \u00e5 drille i \u00c5se skolekorps, og startet i tillegg i \u00c5lesund sportsdrill noen \u00e5r senere. Med satsing p\u00e5 sportsdrill, har hun flere Norgesmestertitler med seg, utdannet dommer p\u00e5 b\u00e5de nasjonalt og internasjonalt niv\u00e5 og har reist rundt i verden for \u00e5 d\u00f8mme b\u00e5de EM og VM i sportsdrill. Hun har ogs\u00e5 v\u00e6rt leder for Sportsdrillen i Norge i syv \u00e5r og v\u00e6rt visepresident i Norges Danseforbund. Gjennom mange \u00e5r hadde hun ogs\u00e5 nasjonalt verv som medlem i den internasjonale dommerkomiteen p\u00e5 vegne av Norge.&nbsp;<\/p>\n\n\n\n<p class=\"has-text-align-left\">I tillegg har hun engasjert seg som trener for blant annet \u00c5lesund sportsdrill og for korpsdrill i mange ulike korps: Langev\u00e5gen, Volsdalen, God\u00f8ya, Hustad og Hauk\u00e5s.&nbsp;<\/p>\n\n\n\n<p class=\"has-text-align-left\">Hun er kanskje ikke s\u00e5 myk og utf\u00f8rer like mange turnelementer som f\u00f8r, men gir du henne en drillstav, klarer hun ikke holde den i ro og kan fortsatt vise noen gamle kunster.&nbsp;<\/p>\n\n\n\n<p><\/p>\n\n\n\n<p class=\"has-text-align-left\"><strong>Fun facts<\/strong><\/p>\n\n\n\n<p class=\"has-text-align-left\">Monica tok dykkersertifikat som 12-\u00e5ring p\u00e5 reise rundt jorda p\u00e5 Fiji. Senere tok hun sertifikat p\u00e5 lett MC da hun var 16 \u00e5r og har ogs\u00e5 lappen p\u00e5 tung MC. Hun har vokst opp mellom \u00f8yer og skj\u00e6r i Ellings\u00f8yfjorden og har b\u00e5tf\u00f8rerbevis og h\u00f8yhastighetsbevis for vannscooter.&nbsp; Monica st\u00e5r gjerne opp f\u00f8r fuglene kvitrer og sykler seg en tur f\u00f8r resten av verden har v\u00e5knet.<\/p>\n\n\n\n<p class=\"has-text-align-left\"><strong>Favorittmat<\/strong> <\/p>\n\n\n\n<p class=\"has-text-align-left\">Monica elsker mango og sweet chilli saus, s\u00e5 alt som kan kombineres med det er et godt utgangspunkt. Sushi, taco og grillmat er blant favorittene. Men det aller beste er \u00e5 lage egen laksetartar med gr\u00f8nnsaker og urter \u2013 selvdyrket fra egen veranda eller fra hytta.<\/p>\n\n\n\n<p class=\"has-text-align-left\"><strong>Favorittplassen <\/strong><\/p>\n\n\n\n<p class=\"has-text-align-left\">I hengek\u00f8ya p\u00e5 hytta som ligger p\u00e5 Lang\u00f8ya i Ellings\u00f8yfjorden. Ellers har Monica en plass p\u00e5 Aksla og en p\u00e5 Tueneset som hun gjerne tar med matpakken og sykler til for \u00e5 finne roen med en god bok. Hun finner ogs\u00e5 roen i havgapet p\u00e5 Finn\u00f8ya.<\/p>\n\n\n\n<p class=\"has-text-align-left\"><\/p>\n\n\n\n<div class=\"wp-block-buttons is-layout-flex wp-block-buttons-is-layout-flex\"><\/div>\n<\/div><\/div><\/div><\/div>\n\n\n\n<figure class=\"wp-block-teft-gallery columns-2 count-2 rows-2 is-cropped\"><ul class=\"teft-gallery-grid\"><li class=\"teft-gallery-item \"><figure><a href=\"https:\/\/hoyre.no\/content\/uploads\/sites\/87\/2022\/08\/erna-og-monica.jpeg\" data-size=\"2048x1365\"><img loading=\"lazy\" decoding=\"async\" width=\"1024\" height=\"683\" src=\"https:\/\/hoyre.no\/content\/uploads\/sites\/87\/2022\/08\/erna-og-monica-1024x683.jpeg\" class=\"attachment-large size-large\" alt=\"\" srcset=\"https:\/\/hoyre.no\/content\/uploads\/sites\/87\/2022\/08\/erna-og-monica-1024x683.jpeg 1024w, https:\/\/hoyre.no\/content\/uploads\/sites\/87\/2022\/08\/erna-og-monica-300x200.jpeg 300w, https:\/\/hoyre.no\/content\/uploads\/sites\/87\/2022\/08\/erna-og-monica-768x512.jpeg 768w, https:\/\/hoyre.no\/content\/uploads\/sites\/87\/2022\/08\/erna-og-monica-1536x1024.jpeg 1536w, https:\/\/hoyre.no\/content\/uploads\/sites\/87\/2022\/08\/erna-og-monica.jpeg 2048w\" sizes=\"auto, (max-width: 1024px) 100vw, 1024px\" \/ data-full-url=\"https:\/\/hoyre.no\/content\/uploads\/sites\/87\/2022\/08\/erna-og-monica.jpeg\" data-id=\"69\" data-caption=\"69\"\/><\/a><\/figure><\/li><li class=\"teft-gallery-item \"><figure><a href=\"https:\/\/hoyre.no\/content\/uploads\/sites\/87\/2022\/08\/monica-1.jpeg\" data-size=\"1040x1560\"><img loading=\"lazy\" decoding=\"async\" width=\"683\" height=\"1024\" src=\"https:\/\/hoyre.no\/content\/uploads\/sites\/87\/2022\/08\/monica-1-683x1024.jpeg\" class=\"attachment-large size-large\" alt=\"\" srcset=\"https:\/\/hoyre.no\/content\/uploads\/sites\/87\/2022\/08\/monica-1-683x1024.jpeg 683w, https:\/\/hoyre.no\/content\/uploads\/sites\/87\/2022\/08\/monica-1-200x300.jpeg 200w, https:\/\/hoyre.no\/content\/uploads\/sites\/87\/2022\/08\/monica-1-768x1152.jpeg 768w, https:\/\/hoyre.no\/content\/uploads\/sites\/87\/2022\/08\/monica-1-1024x1536.jpeg 1024w, https:\/\/hoyre.no\/content\/uploads\/sites\/87\/2022\/08\/monica-1.jpeg 1040w\" sizes=\"auto, (max-width: 683px) 100vw, 683px\" \/ data-full-url=\"https:\/\/hoyre.no\/content\/uploads\/sites\/87\/2022\/08\/monica-1.jpeg\" data-id=\"70\" data-caption=\"70\"\/><\/a><\/figure><\/li><\/ul><\/figure>\n\n\n\n<h2 class=\"wp-block-heading has-text-align-center\">Monica sin hjertesak<\/h2>\n\n\n\n<p class=\"is-style-default\">\ud83d\udc99 <strong>\u00c5lesund skal bli en JA-kommune!<\/strong><\/p>\n\n\n\n<p class=\"is-style-default\">\u2013 Noe av det som engasjerer meg aller mest, er \u00e5 finne bedre l\u00f8sninger for at \u00c5lesund skal v\u00e6re en \u00abJA-kommune\u00bb og spille p\u00e5 lag med n\u00e6ringslivet, innbyggerne og frivilligheten. Jeg er brennende engasjert i by- og n\u00e6ringsutvikling og hvordan vi kan bygge videre p\u00e5 den kraften som bor i en kommune i vekst. Det ligger et stort potensiale i v\u00e5r region, og jeg er klar for \u00e5 jobbe til det beste for hele regionen. Jeg vil l\u00e6re mer om hele kommunen, s\u00e5 inviter meg gjerne til \u00e5 l\u00e6re mer om det som opptar deg! <\/p>\n\n\n\n<p><strong>Noen av \u00c5lesund H\u00f8yres viktigste saker: <\/strong><\/p>\n\n\n\n<ul class=\"wp-block-list\">\n<li>\u00c5lesund skal v\u00e6re en <strong>JA-kommune<\/strong> som spiller p\u00e5 lage med n\u00e6ringsliv, innbyggere og frivillighet.<\/li>\n\n\n\n<li>Vi skal drive en <strong>effektiv kommune<\/strong> som gir gode tjenester i hele kommunen.<\/li>\n\n\n\n<li>H\u00f8yre vil gi innbyggere <strong>valgfrihet<\/strong> til \u00e5 velge mellom offentlig og private tjenester.<\/li>\n<\/ul>\n\n\n\n<p><\/p>\n\n\n\n<p>Send oss gjerne dine innspill til alesund.hoyre@gmail.com <\/p>\n\n\n\n<p><\/p>\n\n\n\n<section class=\"wp-block-hoyre-branch-contact-person alignwide\">\n\t<div class=\"block-inner\">\n\t\t\n<div class=\"politician-info-wrapper\">\n\t<div class=\"politician-image-wrapper\">\n\t\t<div class=\"politician-image\">\n\t\t\t\t\t\t\t\t\t\t\t<a href=\"https:\/\/res.cloudinary.com\/hoyre\/image\/upload\/g_face:center,d_defaultprofileimg3.jpg,fl_lossy,f_auto\/v200902\/50523349.jpg\">\n\t\t\t\t\t<img decoding=\"async\" src=\"https:\/\/res.cloudinary.com\/hoyre\/image\/upload\/c_thumb,g_face:center,h_500,w_500,d_defaultprofileimg3.jpg,fl_lossy,f_auto\/w_500\/v20230420\/50523349.jpg\" alt=\"Profilbilde\" style=\"object-position: 50% 50%\" \/>\n\t\t\t\t<\/a>\n\t\t\t\t\t<\/div>\n\t\t\t<\/div>\n\t<div class=\"politician-details\">\n\t\t\t\t\t<h1 class=\"politician-name\"><a href=\"https:\/\/hoyre.no\/personprofiler\/jessica-gartner\/\">Jessica G\u00e4rtner<\/a><\/h1>\n\t\t\t\t\t\t\t\t<h2 class=\"politician-title\">Varaordf\u00f8rer<\/h2>\n\t\t\t\t\t<\/div>\n<\/div>\n\t<\/div>\n<\/section>\n\n","protected":false},"excerpt":{"rendered":"","protected":false},"author":31684,"featured_media":0,"parent":0,"menu_order":0,"comment_status":"closed","ping_status":"closed","template":"","meta":{"teft_cards_image_url":"","teft_cards_custom_pretitle":"","teft_cards_image_id":0,"teft_cards_image_focal_point_x":0,"teft_cards_image_focal_point_y":0,"teft_cards_title":"","teft_cards_excerpt":"","teft_show_chapters":false,"footnotes":""},"class_list":["post-64","page","type-page","status-publish","hentry"],"yoast_head":"<!-- This site is optimized with the Yoast SEO plugin v26.6 - https:\/\/yoast.com\/wordpress\/plugins\/seo\/ -->\n<title>Monica Molv\u00e6r - v\u00e5r ordf\u00f8rerkandidat - \u00c5lesund H\u00f8yre<\/title>\n<meta name=\"robots\" content=\"index, follow, max-snippet:-1, max-image-preview:large, max-video-preview:-1\" \/>\n<link rel=\"canonical\" href=\"https:\/\/hoyre.no\/alesund\/monica-molvaer-var-ordforerkandidat\/\" \/>\n<meta property=\"og:locale\" content=\"nb_NO\" \/>\n<meta property=\"og:type\" content=\"article\" \/>\n<meta property=\"og:title\" content=\"Monica Molv\u00e6r - v\u00e5r ordf\u00f8rerkandidat - \u00c5lesund H\u00f8yre\" \/>\n<meta property=\"og:url\" content=\"https:\/\/hoyre.no\/alesund\/monica-molvaer-var-ordforerkandidat\/\" \/>\n<meta property=\"og:site_name\" content=\"\u00c5lesund H\u00f8yre\" \/>\n<meta property=\"article:modified_time\" content=\"2025-01-20T09:01:35+00:00\" \/>\n<meta property=\"og:image\" content=\"https:\/\/hoyre.no\/content\/uploads\/sites\/87\/2022\/11\/Hoyres-logo.png\" \/>\n\t<meta property=\"og:image:width\" content=\"1000\" \/>\n\t<meta property=\"og:image:height\" content=\"1000\" \/>\n\t<meta property=\"og:image:type\" content=\"image\/png\" \/>\n<meta name=\"twitter:card\" content=\"summary_large_image\" \/>\n<meta name=\"twitter:label1\" content=\"Ansl. lesetid\" \/>\n\t<meta name=\"twitter:data1\" content=\"8 minutter\" \/>\n<script type=\"application\/ld+json\" class=\"yoast-schema-graph\">{\"@context\":\"https:\/\/schema.org\",\"@graph\":[{\"@type\":\"WebPage\",\"@id\":\"https:\/\/hoyre.no\/alesund\/monica-molvaer-var-ordforerkandidat\/\",\"url\":\"https:\/\/hoyre.no\/alesund\/monica-molvaer-var-ordforerkandidat\/\",\"name\":\"Monica Molv\u00e6r - v\u00e5r ordf\u00f8rerkandidat - \u00c5lesund H\u00f8yre\",\"isPartOf\":{\"@id\":\"https:\/\/hoyre.no\/alesund\/#website\"},\"datePublished\":\"2022-10-17T11:36:33+00:00\",\"dateModified\":\"2025-01-20T09:01:35+00:00\",\"breadcrumb\":{\"@id\":\"https:\/\/hoyre.no\/alesund\/monica-molvaer-var-ordforerkandidat\/#breadcrumb\"},\"inLanguage\":\"nb-NO\",\"potentialAction\":[{\"@type\":\"ReadAction\",\"target\":[\"https:\/\/hoyre.no\/alesund\/monica-molvaer-var-ordforerkandidat\/\"]}]},{\"@type\":\"BreadcrumbList\",\"@id\":\"https:\/\/hoyre.no\/alesund\/monica-molvaer-var-ordforerkandidat\/#breadcrumb\",\"itemListElement\":[{\"@type\":\"ListItem\",\"position\":1,\"name\":\"Til hoyre.no\",\"item\":\"https:\/\/hoyre.no\"},{\"@type\":\"ListItem\",\"position\":2,\"name\":\"Hjem\",\"item\":\"https:\/\/hoyre.no\/alesund\/\"},{\"@type\":\"ListItem\",\"position\":3,\"name\":\"Monica Molv\u00e6r &#8211; v\u00e5r ordf\u00f8rerkandidat\"}]},{\"@type\":\"WebSite\",\"@id\":\"https:\/\/hoyre.no\/alesund\/#website\",\"url\":\"https:\/\/hoyre.no\/alesund\/\",\"name\":\"\u00c5lesund H\u00f8yre\",\"description\":\"Bare enda et H\u00f8yres nettsteder-nettsted\",\"inLanguage\":\"nb-NO\"}]}<\/script>\n<!-- \/ Yoast SEO plugin. -->","yoast_head_json":{"title":"Monica Molv\u00e6r - v\u00e5r ordf\u00f8rerkandidat - \u00c5lesund H\u00f8yre","robots":{"index":"index","follow":"follow","max-snippet":"max-snippet:-1","max-image-preview":"max-image-preview:large","max-video-preview":"max-video-preview:-1"},"canonical":"https:\/\/hoyre.no\/alesund\/monica-molvaer-var-ordforerkandidat\/","og_locale":"nb_NO","og_type":"article","og_title":"Monica Molv\u00e6r - v\u00e5r ordf\u00f8rerkandidat - \u00c5lesund H\u00f8yre","og_url":"https:\/\/hoyre.no\/alesund\/monica-molvaer-var-ordforerkandidat\/","og_site_name":"\u00c5lesund H\u00f8yre","article_modified_time":"2025-01-20T09:01:35+00:00","og_image":[{"width":1000,"height":1000,"url":"https:\/\/hoyre.no\/content\/uploads\/sites\/87\/2022\/11\/Hoyres-logo.png","type":"image\/png"}],"twitter_card":"summary_large_image","twitter_misc":{"Ansl. lesetid":"8 minutter"},"schema":{"@context":"https:\/\/schema.org","@graph":[{"@type":"WebPage","@id":"https:\/\/hoyre.no\/alesund\/monica-molvaer-var-ordforerkandidat\/","url":"https:\/\/hoyre.no\/alesund\/monica-molvaer-var-ordforerkandidat\/","name":"Monica Molv\u00e6r - v\u00e5r ordf\u00f8rerkandidat - \u00c5lesund H\u00f8yre","isPartOf":{"@id":"https:\/\/hoyre.no\/alesund\/#website"},"datePublished":"2022-10-17T11:36:33+00:00","dateModified":"2025-01-20T09:01:35+00:00","breadcrumb":{"@id":"https:\/\/hoyre.no\/alesund\/monica-molvaer-var-ordforerkandidat\/#breadcrumb"},"inLanguage":"nb-NO","potentialAction":[{"@type":"ReadAction","target":["https:\/\/hoyre.no\/alesund\/monica-molvaer-var-ordforerkandidat\/"]}]},{"@type":"BreadcrumbList","@id":"https:\/\/hoyre.no\/alesund\/monica-molvaer-var-ordforerkandidat\/#breadcrumb","itemListElement":[{"@type":"ListItem","position":1,"name":"Til hoyre.no","item":"https:\/\/hoyre.no"},{"@type":"ListItem","position":2,"name":"Hjem","item":"https:\/\/hoyre.no\/alesund\/"},{"@type":"ListItem","position":3,"name":"Monica Molv\u00e6r &#8211; v\u00e5r ordf\u00f8rerkandidat"}]},{"@type":"WebSite","@id":"https:\/\/hoyre.no\/alesund\/#website","url":"https:\/\/hoyre.no\/alesund\/","name":"\u00c5lesund H\u00f8yre","description":"Bare enda et H\u00f8yres nettsteder-nettsted","inLanguage":"nb-NO"}]}},"distributor_meta":false,"distributor_terms":false,"distributor_media":false,"distributor_original_site_name":"\u00c5lesund H\u00f8yre","distributor_original_site_url":"https:\/\/hoyre.no\/alesund","push-errors":false,"_links":{"self":[{"href":"https:\/\/hoyre.no\/alesund\/wp-json\/wp\/v2\/pages\/64","targetHints":{"allow":["GET"]}}],"collection":[{"href":"https:\/\/hoyre.no\/alesund\/wp-json\/wp\/v2\/pages"}],"about":[{"href":"https:\/\/hoyre.no\/alesund\/wp-json\/wp\/v2\/types\/page"}],"author":[{"embeddable":true,"href":"https:\/\/hoyre.no\/alesund\/wp-json\/wp\/v2\/users\/31684"}],"replies":[{"embeddable":true,"href":"https:\/\/hoyre.no\/alesund\/wp-json\/wp\/v2\/comments?post=64"}],"version-history":[{"count":12,"href":"https:\/\/hoyre.no\/alesund\/wp-json\/wp\/v2\/pages\/64\/revisions"}],"predecessor-version":[{"id":189,"href":"https:\/\/hoyre.no\/alesund\/wp-json\/wp\/v2\/pages\/64\/revisions\/189"}],"wp:attachment":[{"href":"https:\/\/hoyre.no\/alesund\/wp-json\/wp\/v2\/media?parent=64"}],"curies":[{"name":"wp","href":"https:\/\/api.w.org\/{rel}","templated":true}]}}