{"id":79,"date":"2023-01-11T11:05:23","date_gmt":"2023-01-11T10:05:23","guid":{"rendered":"https:\/\/hoyre.no\/alta\/?page_id=79"},"modified":"2023-04-10T18:29:52","modified_gmt":"2023-04-10T16:29:52","slug":"alex-bjorkmann-var-ordforerkandidat","status":"publish","type":"page","link":"https:\/\/hoyre.no\/alta\/alex-bjorkmann-var-ordforerkandidat\/","title":{"rendered":"Alex Bj\u00f8rkmann &#8211; v\u00e5r ordf\u00f8rerkandidat"},"content":{"rendered":"\n<div class=\"wp-block-hoyre-hero with-image-gradient text-color-light  has-media alignfull has-background\"><div class=\"hoyre-hero has-image\"><h1 class=\"title\">Alex Bj\u00f8rkmann &#8211; ordf\u00f8rerkandidat<\/h1><p class=\"preamble\">Hvorfor du skal gi H\u00f8yre og meg din stemme i Alta kommune<\/p>\t\t\t<div class=\"post-meta wp-block teft-byline-wrapper\">\n\t\t\t\t<div class=\"top\">\n\t\t\t\t\t<div class=\"signature\">\n\t\t\t\t\t\t<div class=\"teft-byline\">\n\t\t\t\t\t\t\t\t\t\t\t\t\t\t<div>\n\t\t\t\t\t\t\t\t<h3>H\u00f8yres redaksjon<\/h3>\t\t\t\t\t\t\t\t\n\t\t\t\t\t\t\t\t\t\t\t\t\t\t\t\t\t<span class=\"date\">Sist oppdatert: 10. april 2023<\/span>\n\t\t\t\t\t\t\t\t\t\t\t\t\t\t\t\t\t\t\t\t\t\t\t\t\t<span class=\"reading-time\" itemprop=\"timeRequired\" content=\"PT3M\"><em>Ca. 3 minutter lesetid<\/em><\/span>\n\t\t\t\t\t\t\t\t\t\t\t\t\t\t\t<\/div>\n\t\t\t\t\t\t<\/div>\n\t\t\t\t\t<\/div>\n\t\t\t\t\t\t<div class=\"sharing\">\n\t\t<a class=\"share-button share-link copy-link\" data-copy=\"https:\/\/hoyre.no\/alta\/alex-bjorkmann-var-ordforerkandidat\/\" target=\"_blank\"><span class=\"screen-reader-text\">Del link<\/span><\/a>\n\t\t<a class=\"share-button share-twitter\" href=\"http:\/\/twitter.com\/share?text=Alex Bj\u00f8rkmann &#8211; v\u00e5r ordf\u00f8rerkandidat&#038;url=https:\/\/hoyre.no\/alta\/alex-bjorkmann-var-ordforerkandidat\/&#038;hashtags=Hoyre\" target=\"_blank\"><span class=\"screen-reader-text\">Del p\u00e5 twitter<\/span><\/a>\n\t\t<a class=\"share-button share-facebook\" href=\"https:\/\/www.facebook.com\/sharer\/sharer.php?u=https:\/\/hoyre.no\/alta\/alex-bjorkmann-var-ordforerkandidat\/\" target=\"_blank\"><span class=\"screen-reader-text\">Del p\u00e5 facebook<\/span><\/a>\n\t<\/div>\n\t\t\t\t\t<\/div>\n\t\t\t<\/div>\n\n\t\t\t<figure class=\"hoyre-image-wrapper\"><div class=\"hoyre-image\"><img loading=\"lazy\" decoding=\"async\" width=\"2500\" height=\"2311\" src=\"https:\/\/hoyre.no\/content\/uploads\/sites\/267\/2023\/01\/Alex-B-Valgbilde-beskaret-Foto-Hans-Kristian-Thorbjornsen-3950-scaled.jpg\" class=\"attachment-scaled size-scaled\" alt=\"\" style=\"object-position: 51% 26%\" srcset=\"https:\/\/hoyre.no\/content\/uploads\/sites\/267\/2023\/01\/Alex-B-Valgbilde-beskaret-Foto-Hans-Kristian-Thorbjornsen-3950-scaled.jpg 2500w, https:\/\/hoyre.no\/content\/uploads\/sites\/267\/2023\/01\/Alex-B-Valgbilde-beskaret-Foto-Hans-Kristian-Thorbjornsen-3950-300x277.jpg 300w, https:\/\/hoyre.no\/content\/uploads\/sites\/267\/2023\/01\/Alex-B-Valgbilde-beskaret-Foto-Hans-Kristian-Thorbjornsen-3950-1024x947.jpg 1024w, https:\/\/hoyre.no\/content\/uploads\/sites\/267\/2023\/01\/Alex-B-Valgbilde-beskaret-Foto-Hans-Kristian-Thorbjornsen-3950-768x710.jpg 768w, https:\/\/hoyre.no\/content\/uploads\/sites\/267\/2023\/01\/Alex-B-Valgbilde-beskaret-Foto-Hans-Kristian-Thorbjornsen-3950-1536x1420.jpg 1536w, https:\/\/hoyre.no\/content\/uploads\/sites\/267\/2023\/01\/Alex-B-Valgbilde-beskaret-Foto-Hans-Kristian-Thorbjornsen-3950-2048x1893.jpg 2048w\" sizes=\"auto, (max-width: 2500px) 100vw, 2500px\" \/><\/div><\/figure><\/div><\/div>\n\n\n\n\n<div class=\"wp-block-buttons alignwide is-content-justification-center is-layout-flex wp-container-core-buttons-is-layout-16018d1d wp-block-buttons-is-layout-flex\">\n<div class=\"wp-block-button\"><a class=\"wp-block-button__link\" href=\"https:\/\/hoyre.no\/nyhetsbrev\/\">abonner p\u00e5 h\u00f8yres nyhetsbrev<\/a><\/div>\n\n\n\n<div class=\"wp-block-button\"><a class=\"wp-block-button__link\" href=\"https:\/\/hoyre.no\/personprofiler\/alex-bjorkmann\/\">kom i kontakt med alex<\/a><\/div>\n\n\n\n<div class=\"wp-block-button\"><a class=\"wp-block-button__link\" href=\"https:\/\/www.facebook.com\/Altahoyre\">f\u00f8lg alta h\u00f8yre p\u00e5 facebook<\/a><\/div>\n<\/div>\n\n\n\n<div class=\"wp-block-hoyre-banner undefined has-icon-title icon-heart\"><div class=\"banner-inner\"><figure class=\"hoyre-image-wrapper\"><div class=\"hoyre-image\"><img loading=\"lazy\" decoding=\"async\" width=\"2048\" height=\"1365\" src=\"https:\/\/hoyre.no\/content\/uploads\/sites\/267\/2023\/01\/ZuxLCSI8.jpeg\" class=\"attachment-scaled size-scaled\" alt=\"\" style=\"object-position: 60% 14.000000000000002%\" srcset=\"https:\/\/hoyre.no\/content\/uploads\/sites\/267\/2023\/01\/ZuxLCSI8.jpeg 2048w, https:\/\/hoyre.no\/content\/uploads\/sites\/267\/2023\/01\/ZuxLCSI8-300x200.jpeg 300w, https:\/\/hoyre.no\/content\/uploads\/sites\/267\/2023\/01\/ZuxLCSI8-1024x683.jpeg 1024w, https:\/\/hoyre.no\/content\/uploads\/sites\/267\/2023\/01\/ZuxLCSI8-768x512.jpeg 768w, https:\/\/hoyre.no\/content\/uploads\/sites\/267\/2023\/01\/ZuxLCSI8-1536x1024.jpeg 1536w\" sizes=\"auto, (max-width: 2048px) 100vw, 2048px\" \/><\/div><\/figure><div class=\"banner-content\"><div class=\"entry-content\">\n<h2 class=\"has-text-align-center wp-block-heading\">Bli bedre kjent med Alex!<\/h2>\n\n\n\n<p class=\"has-text-align-left is-style-large\"><strong>Alder:<\/strong> 53 \u00e5r<\/p>\n\n\n\n<p class=\"has-text-align-left is-style-large\"><strong>Bosted:<\/strong> Aronnes<\/p>\n\n\n\n<p class=\"has-text-align-left\"><strong>Jobb:<\/strong> Ordf\u00f8rerkandidat og daglig leder i Bj\u00f8rkmanns AS som er en veletablert grafisk bedrift her i Alta.<\/p>\n\n\n\n<p class=\"has-text-align-left\"><strong>Bakgrunn: <\/strong>Oppvokst p\u00e5 \u00ab\u00c6lbakken\u00bb. Bodd noen \u00e5r i Raipas og Kaiskuru f\u00f8r jeg flyttet til Aronnes i 2001<\/p>\n\n\n\n<p class=\"has-text-align-left\"><strong>Politisk erfaring:<\/strong> 12 \u00e5r i kommunestyret i Alta som fast representant, 12 \u00e5r som vararepresentant. Erfaring fra hovedutvalg for Oppvekst og kultur samt formannskapet, planutvalget og \u00f8konomiutvalget.<\/p>\n\n\n\n<p class=\"has-text-align-left\"><strong>Hvorfor er H\u00f8yre rett parti for deg?<\/strong> Fordi H\u00f8yre har troen p\u00e5 enkeltmennesket og at&nbsp;samfunnet bygges nedenifra og opp.&nbsp;H\u00f8yre er \u00e5pen for flere l\u00f8sninger p\u00e5 v\u00e5re utfordringer og slipper gjerne til gode og innovative l\u00f8sninger p\u00e5 de fleste omr\u00e5der man kan bidra.<\/p>\n\n\n\n<p class=\"has-text-align-left\"><strong>Det er l\u00f8rdag, klokka n\u00e6rmer seg 19.00. Hva spiser du helst til middag?<\/strong> Noe godt fra panna med gode gr\u00f8nnsaker til.<\/p>\n\n\n\n<p class=\"has-text-align-left\"><strong>Konsert eller idrettsarrangement?<\/strong> Begge deler faktisk. \u00abAulasus\u00bb og gode musikere er like artig.<\/p>\n\n\n\n<p class=\"has-text-align-left\"><strong>Hvis du skulle valgt en, hva er din favorittartist?<\/strong> Akkurat n\u00e5 er det Halestorm som er et r\u00e5t\u00f8ft band fra USA<\/p>\n\n\n\n<p class=\"has-text-align-left\"><strong>Funfact?<\/strong> Jeg har smakt og laget logg p\u00e5 nesten 600 forskjellige typer \u00f8l fra hele verden.<\/p>\n\n\n\n<p class=\"has-text-align-left\"><strong>Hva er din favorittplass i Alta og utenfor Alta?<\/strong>&nbsp;I Alta m\u00e5 det v\u00e6re bredden av Altaelva med familie og venner p\u00e5 fisketur. Utenfor byen v\u00e5r er en fin strand i Kroatia ikke \u00e5 forakte.<\/p>\n\n\n\n<p class=\"has-text-align-left\"><strong>Hvilket r\u00e5d vil du gi til noen som vokser opp i Alta i dag?<br><\/strong>Ta utdanning og etabler deg i Alta. Vi er heldige som bor her!<\/p>\n\n\n\n<p class=\"has-text-align-left\"><strong>Hva skulle du selv \u00f8nske du visste for 10 \u00e5r siden som du har erfart til i dag?<br><\/strong>Prioriter mer tid med venner og kjente. Inviter dem hjem og ha den gode samtalen.<\/p>\n\n\n\n<p class=\"has-text-align-left\"><\/p>\n<\/div><\/div><\/div><\/div>\n\n\n\n<div class=\"wp-block-teft-accentuated-link undefined has-image\"><div class=\"kf-link__wrapper\"><div class=\"kf-link__tagline\"><\/div><a class=\"kf-link__link\" href=\"https:\/\/hoyre.no\/personprofiler\/alex-bjorkmann\/\" rel=\"noreferrer noopener\" target=\"_blank\">Kom i kontakt med Alex Bj\u00f8rkmann<span class=\"kf-link__link-source\">hoyre.no<svg width=\"10\" height=\"10\" xmlns=\"http:\/\/www.w3.org\/2000\/svg\" viewBox=\"0 0 24 24\" aria-hidden=\"true\"><path d=\"M8.251 16.498a.752.752 0 0 1-.53-1.281l13.72-13.72h-4.939a.75.75 0 0 1 0-1.5h6.75a.735.735 0 0 1 .293.06.75.75 0 0 1 .4.404l.01.026a.73.73 0 0 1 .047.26v6.75a.75.75 0 0 1-1.5 0V2.559l-13.72 13.72a.75.75 0 0 1-.531.219z\"><\/path><path d=\"M2.251 23.998a2.252 2.252 0 0 1-2.25-2.25v-15a2.252 2.252 0 0 1 2.25-2.25h9a.75.75 0 0 1 0 1.5h-9a.75.75 0 0 0-.75.75v15c0 .414.336.75.75.75h15a.75.75 0 0 0 .75-.75v-9a.75.75 0 0 1 1.5 0v9a2.252 2.252 0 0 1-2.25 2.25h-15z\"><\/path><\/svg><\/span><\/a><\/div><figure class=\"hoyre-image-wrapper\"><div class=\"hoyre-image\"><img loading=\"lazy\" decoding=\"async\" width=\"601\" height=\"604\" src=\"https:\/\/hoyre.no\/content\/uploads\/sites\/267\/2022\/08\/Skjermbilde-2022-08-12-kl.-00.24.07.png\" class=\"attachment-scaled size-scaled\" alt=\"\" style=\"object-position: 53% 27%\" srcset=\"https:\/\/hoyre.no\/content\/uploads\/sites\/267\/2022\/08\/Skjermbilde-2022-08-12-kl.-00.24.07.png 601w, https:\/\/hoyre.no\/content\/uploads\/sites\/267\/2022\/08\/Skjermbilde-2022-08-12-kl.-00.24.07-300x300.png 300w, https:\/\/hoyre.no\/content\/uploads\/sites\/267\/2022\/08\/Skjermbilde-2022-08-12-kl.-00.24.07-150x150.png 150w\" sizes=\"auto, (max-width: 601px) 100vw, 601px\" \/><\/div><\/figure><\/div>\n\n\n\n<figure class=\"wp-block-teft-gallery columns-3 count-3 rows-2 is-cropped\"><ul class=\"teft-gallery-grid\"><li class=\"teft-gallery-item \"><figure><a href=\"https:\/\/hoyre.no\/content\/uploads\/sites\/267\/2022\/08\/alex-bjorkmann.jpeg\" data-size=\"1836x1836\"><img loading=\"lazy\" decoding=\"async\" width=\"1024\" height=\"1024\" src=\"https:\/\/hoyre.no\/content\/uploads\/sites\/267\/2022\/08\/alex-bjorkmann-1024x1024.jpeg\" class=\"attachment-large size-large\" alt=\"\" srcset=\"https:\/\/hoyre.no\/content\/uploads\/sites\/267\/2022\/08\/alex-bjorkmann-1024x1024.jpeg 1024w, https:\/\/hoyre.no\/content\/uploads\/sites\/267\/2022\/08\/alex-bjorkmann-300x300.jpeg 300w, https:\/\/hoyre.no\/content\/uploads\/sites\/267\/2022\/08\/alex-bjorkmann-150x150.jpeg 150w, https:\/\/hoyre.no\/content\/uploads\/sites\/267\/2022\/08\/alex-bjorkmann-768x768.jpeg 768w, https:\/\/hoyre.no\/content\/uploads\/sites\/267\/2022\/08\/alex-bjorkmann-1536x1536.jpeg 1536w, https:\/\/hoyre.no\/content\/uploads\/sites\/267\/2022\/08\/alex-bjorkmann.jpeg 1836w\" sizes=\"auto, (max-width: 1024px) 100vw, 1024px\" \/ data-full-url=\"https:\/\/hoyre.no\/content\/uploads\/sites\/267\/2022\/08\/alex-bjorkmann.jpeg\" data-id=\"82\" data-caption=\"82\"\/><\/a><\/figure><\/li><li class=\"teft-gallery-item \"><figure><a href=\"https:\/\/hoyre.no\/content\/uploads\/sites\/267\/2022\/08\/Skjermbilde-2022-08-12-kl.-00.24.07.png\" data-size=\"601x604\"><img loading=\"lazy\" decoding=\"async\" width=\"601\" height=\"604\" src=\"https:\/\/hoyre.no\/content\/uploads\/sites\/267\/2022\/08\/Skjermbilde-2022-08-12-kl.-00.24.07.png\" class=\"attachment-large size-large\" alt=\"\" srcset=\"https:\/\/hoyre.no\/content\/uploads\/sites\/267\/2022\/08\/Skjermbilde-2022-08-12-kl.-00.24.07.png 601w, https:\/\/hoyre.no\/content\/uploads\/sites\/267\/2022\/08\/Skjermbilde-2022-08-12-kl.-00.24.07-300x300.png 300w, https:\/\/hoyre.no\/content\/uploads\/sites\/267\/2022\/08\/Skjermbilde-2022-08-12-kl.-00.24.07-150x150.png 150w\" sizes=\"auto, (max-width: 601px) 100vw, 601px\" \/ data-full-url=\"https:\/\/hoyre.no\/content\/uploads\/sites\/267\/2022\/08\/Skjermbilde-2022-08-12-kl.-00.24.07.png\" data-id=\"81\" data-caption=\"81\"\/><\/a><\/figure><\/li><li class=\"teft-gallery-item \"><figure><a href=\"https:\/\/hoyre.no\/content\/uploads\/sites\/267\/2022\/05\/Alex-Bjorkmann-Ordforerkandiat.jpg\" data-size=\"1125x902\"><img loading=\"lazy\" decoding=\"async\" width=\"1024\" height=\"821\" src=\"https:\/\/hoyre.no\/content\/uploads\/sites\/267\/2022\/05\/Alex-Bjorkmann-Ordforerkandiat-1024x821.jpg\" class=\"attachment-large size-large\" alt=\"\" srcset=\"https:\/\/hoyre.no\/content\/uploads\/sites\/267\/2022\/05\/Alex-Bjorkmann-Ordforerkandiat-1024x821.jpg 1024w, https:\/\/hoyre.no\/content\/uploads\/sites\/267\/2022\/05\/Alex-Bjorkmann-Ordforerkandiat-300x241.jpg 300w, https:\/\/hoyre.no\/content\/uploads\/sites\/267\/2022\/05\/Alex-Bjorkmann-Ordforerkandiat-768x616.jpg 768w, https:\/\/hoyre.no\/content\/uploads\/sites\/267\/2022\/05\/Alex-Bjorkmann-Ordforerkandiat.jpg 1125w\" sizes=\"auto, (max-width: 1024px) 100vw, 1024px\" \/ data-full-url=\"https:\/\/hoyre.no\/content\/uploads\/sites\/267\/2022\/05\/Alex-Bjorkmann-Ordforerkandiat.jpg\" data-id=\"76\" data-caption=\"76\"\/><\/a><\/figure><\/li><\/ul><\/figure>\n\n\n\n<h2 class=\"has-text-align-center is-style-large wp-block-heading\">Alex sin hjertesak<\/h2>\n\n\n\n<p>Utvikling, ikke reversering! Alta har lykkes s\u00e5 langt grunnet utrolige gr\u00fcndere, dugnads\u00e5nd og st\u00e5 p\u00e5 vilje som samlet sett skaper en utrolig bolyst. Vi m\u00e5 fortsette tilrettelegging for vekst innen privat sektor og slippe til alle gode krefter som kan bidra til nye l\u00f8sninger, nye impulser og nye arbeidsplasser.<\/p>\n\n\n\n<section class=\"wp-block-hoyre-branch-contact-person alignwide\">\n\t<div class=\"block-inner\">\n\t\t\n<div class=\"politician-info-wrapper\">\n\t<div class=\"politician-image-wrapper\">\n\t\t<div class=\"politician-image\">\n\t\t\t\t\t\t\t\t\t\t\t<a href=\"https:\/\/res.cloudinary.com\/hoyre\/image\/upload\/g_face:center,d_defaultprofileimg3.jpg,fl_lossy,f_auto\/v200902\/11791324.jpg\">\n\t\t\t\t\t<img decoding=\"async\" src=\"https:\/\/res.cloudinary.com\/hoyre\/image\/upload\/c_thumb,g_face:center,h_500,w_500,d_defaultprofileimg3.jpg,fl_lossy,f_auto\/w_500\/v20230420\/11791324.jpg\" alt=\"Profilbilde\" style=\"object-position: 50% 50%\" \/>\n\t\t\t\t<\/a>\n\t\t\t\t\t<\/div>\n\t\t\t<\/div>\n\t<div class=\"politician-details\">\n\t\t\t\t\t<h1 class=\"politician-name\"><a href=\"https:\/\/hoyre.no\/personprofiler\/alex-bjorkmann\/\">Alex Bj\u00f8rkmann<\/a><\/h1>\n\t\t\t\t\t\t\t\t<h2 class=\"politician-title\">Gruppeleder<\/h2>\n\t\t\t\t\t<\/div>\n<\/div>\n\t<\/div>\n<\/section>\n\n","protected":false},"excerpt":{"rendered":"","protected":false},"author":31684,"featured_media":0,"parent":0,"menu_order":0,"comment_status":"closed","ping_status":"closed","template":"","meta":{"teft_cards_image_url":"","teft_cards_custom_pretitle":"","teft_cards_image_id":0,"teft_cards_image_focal_point_x":0,"teft_cards_image_focal_point_y":0,"teft_cards_title":"","teft_cards_excerpt":"","teft_show_chapters":false,"footnotes":""},"class_list":["post-79","page","type-page","status-publish","hentry"],"yoast_head":"<!-- This site is optimized with the Yoast SEO plugin v26.6 - https:\/\/yoast.com\/wordpress\/plugins\/seo\/ -->\n<title>Alex Bj\u00f8rkmann - v\u00e5r ordf\u00f8rerkandidat - Alta H\u00f8yre<\/title>\n<meta name=\"robots\" content=\"index, follow, max-snippet:-1, max-image-preview:large, max-video-preview:-1\" \/>\n<link rel=\"canonical\" href=\"https:\/\/hoyre.no\/alta\/alex-bjorkmann-var-ordforerkandidat\/\" \/>\n<meta property=\"og:locale\" content=\"nb_NO\" \/>\n<meta property=\"og:type\" content=\"article\" \/>\n<meta property=\"og:title\" content=\"Alex Bj\u00f8rkmann - v\u00e5r ordf\u00f8rerkandidat - Alta H\u00f8yre\" \/>\n<meta property=\"og:url\" content=\"https:\/\/hoyre.no\/alta\/alex-bjorkmann-var-ordforerkandidat\/\" \/>\n<meta property=\"og:site_name\" content=\"Alta H\u00f8yre\" \/>\n<meta property=\"article:modified_time\" content=\"2023-04-10T16:29:52+00:00\" \/>\n<meta property=\"og:image\" content=\"https:\/\/hoyre.no\/content\/uploads\/sites\/267\/2022\/11\/Hoyres-logo.png\" \/>\n\t<meta property=\"og:image:width\" content=\"1000\" \/>\n\t<meta property=\"og:image:height\" content=\"1000\" \/>\n\t<meta property=\"og:image:type\" content=\"image\/png\" \/>\n<meta name=\"twitter:card\" content=\"summary_large_image\" \/>\n<meta name=\"twitter:label1\" content=\"Ansl. lesetid\" \/>\n\t<meta name=\"twitter:data1\" content=\"3 minutter\" \/>\n<script type=\"application\/ld+json\" class=\"yoast-schema-graph\">{\"@context\":\"https:\/\/schema.org\",\"@graph\":[{\"@type\":\"WebPage\",\"@id\":\"https:\/\/hoyre.no\/alta\/alex-bjorkmann-var-ordforerkandidat\/\",\"url\":\"https:\/\/hoyre.no\/alta\/alex-bjorkmann-var-ordforerkandidat\/\",\"name\":\"Alex Bj\u00f8rkmann - v\u00e5r ordf\u00f8rerkandidat - Alta H\u00f8yre\",\"isPartOf\":{\"@id\":\"https:\/\/hoyre.no\/alta\/#website\"},\"datePublished\":\"2023-01-11T10:05:23+00:00\",\"dateModified\":\"2023-04-10T16:29:52+00:00\",\"breadcrumb\":{\"@id\":\"https:\/\/hoyre.no\/alta\/alex-bjorkmann-var-ordforerkandidat\/#breadcrumb\"},\"inLanguage\":\"nb-NO\",\"potentialAction\":[{\"@type\":\"ReadAction\",\"target\":[\"https:\/\/hoyre.no\/alta\/alex-bjorkmann-var-ordforerkandidat\/\"]}]},{\"@type\":\"BreadcrumbList\",\"@id\":\"https:\/\/hoyre.no\/alta\/alex-bjorkmann-var-ordforerkandidat\/#breadcrumb\",\"itemListElement\":[{\"@type\":\"ListItem\",\"position\":1,\"name\":\"Til hoyre.no\",\"item\":\"https:\/\/hoyre.no\"},{\"@type\":\"ListItem\",\"position\":2,\"name\":\"Hjem\",\"item\":\"https:\/\/hoyre.no\/alta\/\"},{\"@type\":\"ListItem\",\"position\":3,\"name\":\"Alex Bj\u00f8rkmann &#8211; v\u00e5r ordf\u00f8rerkandidat\"}]},{\"@type\":\"WebSite\",\"@id\":\"https:\/\/hoyre.no\/alta\/#website\",\"url\":\"https:\/\/hoyre.no\/alta\/\",\"name\":\"Alta H\u00f8yre\",\"description\":\"Bare enda et H\u00f8yres nettsteder-nettsted\",\"inLanguage\":\"nb-NO\"}]}<\/script>\n<!-- \/ Yoast SEO plugin. -->","yoast_head_json":{"title":"Alex Bj\u00f8rkmann - v\u00e5r ordf\u00f8rerkandidat - Alta H\u00f8yre","robots":{"index":"index","follow":"follow","max-snippet":"max-snippet:-1","max-image-preview":"max-image-preview:large","max-video-preview":"max-video-preview:-1"},"canonical":"https:\/\/hoyre.no\/alta\/alex-bjorkmann-var-ordforerkandidat\/","og_locale":"nb_NO","og_type":"article","og_title":"Alex Bj\u00f8rkmann - v\u00e5r ordf\u00f8rerkandidat - Alta H\u00f8yre","og_url":"https:\/\/hoyre.no\/alta\/alex-bjorkmann-var-ordforerkandidat\/","og_site_name":"Alta H\u00f8yre","article_modified_time":"2023-04-10T16:29:52+00:00","og_image":[{"width":1000,"height":1000,"url":"https:\/\/hoyre.no\/content\/uploads\/sites\/267\/2022\/11\/Hoyres-logo.png","type":"image\/png"}],"twitter_card":"summary_large_image","twitter_misc":{"Ansl. lesetid":"3 minutter"},"schema":{"@context":"https:\/\/schema.org","@graph":[{"@type":"WebPage","@id":"https:\/\/hoyre.no\/alta\/alex-bjorkmann-var-ordforerkandidat\/","url":"https:\/\/hoyre.no\/alta\/alex-bjorkmann-var-ordforerkandidat\/","name":"Alex Bj\u00f8rkmann - v\u00e5r ordf\u00f8rerkandidat - Alta H\u00f8yre","isPartOf":{"@id":"https:\/\/hoyre.no\/alta\/#website"},"datePublished":"2023-01-11T10:05:23+00:00","dateModified":"2023-04-10T16:29:52+00:00","breadcrumb":{"@id":"https:\/\/hoyre.no\/alta\/alex-bjorkmann-var-ordforerkandidat\/#breadcrumb"},"inLanguage":"nb-NO","potentialAction":[{"@type":"ReadAction","target":["https:\/\/hoyre.no\/alta\/alex-bjorkmann-var-ordforerkandidat\/"]}]},{"@type":"BreadcrumbList","@id":"https:\/\/hoyre.no\/alta\/alex-bjorkmann-var-ordforerkandidat\/#breadcrumb","itemListElement":[{"@type":"ListItem","position":1,"name":"Til hoyre.no","item":"https:\/\/hoyre.no"},{"@type":"ListItem","position":2,"name":"Hjem","item":"https:\/\/hoyre.no\/alta\/"},{"@type":"ListItem","position":3,"name":"Alex Bj\u00f8rkmann &#8211; v\u00e5r ordf\u00f8rerkandidat"}]},{"@type":"WebSite","@id":"https:\/\/hoyre.no\/alta\/#website","url":"https:\/\/hoyre.no\/alta\/","name":"Alta H\u00f8yre","description":"Bare enda et H\u00f8yres nettsteder-nettsted","inLanguage":"nb-NO"}]}},"distributor_meta":false,"distributor_terms":false,"distributor_media":false,"distributor_original_site_name":"Alta H\u00f8yre","distributor_original_site_url":"https:\/\/hoyre.no\/alta","push-errors":false,"_links":{"self":[{"href":"https:\/\/hoyre.no\/alta\/wp-json\/wp\/v2\/pages\/79","targetHints":{"allow":["GET"]}}],"collection":[{"href":"https:\/\/hoyre.no\/alta\/wp-json\/wp\/v2\/pages"}],"about":[{"href":"https:\/\/hoyre.no\/alta\/wp-json\/wp\/v2\/types\/page"}],"author":[{"embeddable":true,"href":"https:\/\/hoyre.no\/alta\/wp-json\/wp\/v2\/users\/31684"}],"replies":[{"embeddable":true,"href":"https:\/\/hoyre.no\/alta\/wp-json\/wp\/v2\/comments?post=79"}],"version-history":[{"count":12,"href":"https:\/\/hoyre.no\/alta\/wp-json\/wp\/v2\/pages\/79\/revisions"}],"predecessor-version":[{"id":142,"href":"https:\/\/hoyre.no\/alta\/wp-json\/wp\/v2\/pages\/79\/revisions\/142"}],"wp:attachment":[{"href":"https:\/\/hoyre.no\/alta\/wp-json\/wp\/v2\/media?parent=79"}],"curies":[{"name":"wp","href":"https:\/\/api.w.org\/{rel}","templated":true}]}}