{"id":96,"date":"2023-01-13T10:45:35","date_gmt":"2023-01-13T09:45:35","guid":{"rendered":"https:\/\/hoyre.no\/alta\/?page_id=96"},"modified":"2025-01-02T14:11:12","modified_gmt":"2025-01-02T13:11:12","slug":"5-grunner-til-a-stemme-alta-hoyre","status":"publish","type":"page","link":"https:\/\/hoyre.no\/alta\/forsiden\/5-grunner-til-a-stemme-alta-hoyre\/","title":{"rendered":"Fem grunner til \u00e5 stemme Alta H\u00f8yre"},"content":{"rendered":"\n<div class=\"wp-block-hoyre-hero with-image-gradient text-color-light  has-media alignfull has-background\"><div class=\"hoyre-hero has-image\"><h1 class=\"title\">Fem grunner til \u00e5 stemme Alta H\u00f8yre <\/h1><figure class=\"hoyre-image-wrapper\"><div class=\"hoyre-image\"><img loading=\"lazy\" decoding=\"async\" width=\"2048\" height=\"1365\" src=\"https:\/\/hoyre.no\/content\/uploads\/sites\/267\/2023\/01\/ZuxLCSI8.jpeg\" class=\"attachment-scaled size-scaled\" alt=\"\" style=\"object-position: 57.99999999999999% 23%\" srcset=\"https:\/\/hoyre.no\/content\/uploads\/sites\/267\/2023\/01\/ZuxLCSI8.jpeg 2048w, https:\/\/hoyre.no\/content\/uploads\/sites\/267\/2023\/01\/ZuxLCSI8-300x200.jpeg 300w, https:\/\/hoyre.no\/content\/uploads\/sites\/267\/2023\/01\/ZuxLCSI8-1024x683.jpeg 1024w, https:\/\/hoyre.no\/content\/uploads\/sites\/267\/2023\/01\/ZuxLCSI8-768x512.jpeg 768w, https:\/\/hoyre.no\/content\/uploads\/sites\/267\/2023\/01\/ZuxLCSI8-1536x1024.jpeg 1536w\" sizes=\"auto, (max-width: 2048px) 100vw, 2048px\" \/><\/div><\/figure><\/div><\/div>\n\n\n\n\n\n\n<div class=\"wp-block-media-text is-stacked-on-mobile is-vertically-aligned-center is-image-fill alignwide\"><figure class=\"wp-block-media-text__media\" style=\"background-image:url('https:\/\/hoyre.no\/content\/uploads\/sites\/267\/2023\/01\/w5OHPr4c-1024x683.jpeg');background-position:50% 50%\"><img loading=\"lazy\" decoding=\"async\" width=\"1024\" height=\"683\" src=\"https:\/\/hoyre.no\/content\/uploads\/sites\/267\/2023\/01\/w5OHPr4c-1024x683.jpeg\" alt=\"\" class=\"wp-image-98 size-full\" srcset=\"https:\/\/hoyre.no\/content\/uploads\/sites\/267\/2023\/01\/w5OHPr4c-1024x683.jpeg 1024w, https:\/\/hoyre.no\/content\/uploads\/sites\/267\/2023\/01\/w5OHPr4c-300x200.jpeg 300w, https:\/\/hoyre.no\/content\/uploads\/sites\/267\/2023\/01\/w5OHPr4c-768x512.jpeg 768w, https:\/\/hoyre.no\/content\/uploads\/sites\/267\/2023\/01\/w5OHPr4c-1536x1024.jpeg 1536w, https:\/\/hoyre.no\/content\/uploads\/sites\/267\/2023\/01\/w5OHPr4c-2048x1365.jpeg 2048w\" sizes=\"auto, (max-width: 1024px) 100vw, 1024px\" \/><\/figure><div class=\"wp-block-media-text__content\">\n<h2 class=\"wp-block-heading\" id=\"h-1-vi-skal-bli-flere-bergensere\">1. <strong><strong>Altaskolen m\u00e5 bli bedre!<\/strong><\/strong><\/h2>\n\n\n\n<p>Alta har i mange \u00e5r ligget blant de d\u00e5rligste i Norge p\u00e5 skoleresultat. Mer enn 1 av 3 elever g\u00e5r ut av barneskolen uten \u00e5 kunne lese og skrive skikkelig. Ungene v\u00e5re fortjener bedre. En sammensl\u00e5ing av skoler i sentrale deler av Alta vil gi bedre l\u00e6rertetthet og ikke minst bedre tilgang til skolehelsetjenesten. H\u00f8yre vil starte med en ny sentrumsskole p\u00e5 Komsa.<\/p>\n<\/div><\/div>\n\n\n\n<div class=\"wp-block-media-text has-media-on-the-right is-stacked-on-mobile is-vertically-aligned-center is-image-fill alignwide\"><div class=\"wp-block-media-text__content\">\n<h2 class=\"wp-block-heading\" id=\"h-2-hoyre-vil-fa-laerelyst-tilbake-i-bergensskolen\">2. <strong><strong><strong>P\u00e5 lag med folk og n\u00e6ringsliv<\/strong><\/strong>&nbsp;&nbsp;<\/strong><\/h2>\n\n\n\n<p>H\u00f8yre vil samarbeide med det fremoverlente n\u00e6ringslivet i Alta. Vi heier p\u00e5 jobbskaperne og vil gj\u00f8re det attraktivt \u00e5 videreutvikle og etablere seg i Alta. Blant annet \u00f8nsker vi \u00e5 bygge ny cruise- og flerbrukskai i Bukta!<\/p>\n<\/div><figure class=\"wp-block-media-text__media\" style=\"background-image:url('https:\/\/hoyre.no\/content\/uploads\/sites\/267\/2023\/01\/CbPdonjc-1024x683.jpeg');background-position:50% 50%\"><img loading=\"lazy\" decoding=\"async\" width=\"1024\" height=\"683\" src=\"https:\/\/hoyre.no\/content\/uploads\/sites\/267\/2023\/01\/CbPdonjc-1024x683.jpeg\" alt=\"\" class=\"wp-image-116 size-full\" srcset=\"https:\/\/hoyre.no\/content\/uploads\/sites\/267\/2023\/01\/CbPdonjc-1024x683.jpeg 1024w, https:\/\/hoyre.no\/content\/uploads\/sites\/267\/2023\/01\/CbPdonjc-300x200.jpeg 300w, https:\/\/hoyre.no\/content\/uploads\/sites\/267\/2023\/01\/CbPdonjc-768x512.jpeg 768w, https:\/\/hoyre.no\/content\/uploads\/sites\/267\/2023\/01\/CbPdonjc-1536x1024.jpeg 1536w, https:\/\/hoyre.no\/content\/uploads\/sites\/267\/2023\/01\/CbPdonjc-2048x1365.jpeg 2048w\" sizes=\"auto, (max-width: 1024px) 100vw, 1024px\" \/><\/figure><\/div>\n\n\n\n<div class=\"wp-block-media-text is-stacked-on-mobile is-vertically-aligned-center is-image-fill alignwide\"><figure class=\"wp-block-media-text__media\" style=\"background-image:url('https:\/\/hoyre.no\/content\/uploads\/sites\/267\/2023\/01\/m347xAnU-1024x682.jpeg');background-position:50% 50%\"><img loading=\"lazy\" decoding=\"async\" width=\"1024\" height=\"682\" src=\"https:\/\/hoyre.no\/content\/uploads\/sites\/267\/2023\/01\/m347xAnU-1024x682.jpeg\" alt=\"\" class=\"wp-image-117 size-full\" srcset=\"https:\/\/hoyre.no\/content\/uploads\/sites\/267\/2023\/01\/m347xAnU-1024x682.jpeg 1024w, https:\/\/hoyre.no\/content\/uploads\/sites\/267\/2023\/01\/m347xAnU-300x200.jpeg 300w, https:\/\/hoyre.no\/content\/uploads\/sites\/267\/2023\/01\/m347xAnU-768x511.jpeg 768w, https:\/\/hoyre.no\/content\/uploads\/sites\/267\/2023\/01\/m347xAnU-1536x1022.jpeg 1536w, https:\/\/hoyre.no\/content\/uploads\/sites\/267\/2023\/01\/m347xAnU.jpeg 2048w\" sizes=\"auto, (max-width: 1024px) 100vw, 1024px\" \/><\/figure><div class=\"wp-block-media-text__content\">\n<h2 class=\"wp-block-heading\" id=\"h-3-bergen-hele-livet\">3. <strong>H\u00f8yre vil m\u00f8te de eldre med engasjert omsorg!<\/strong><\/h2>\n\n\n\n<p>I 2030 vil vi v\u00e6re nesten 3500 eldre i Alta, som alle fortjener et verdig omsorgstilbud. Alta H\u00f8yre vil ta alle gode krefter i bruk, alle som kan v\u00e6re med p\u00e5 \u00e5 gi en verdig eldreomsorg. Valgfriheten n\u00e5r du eller dine trenger litt ekstra hjelp er en verdi vi m\u00e5 ta vare p\u00e5. Det m\u00e5 stilles krav til kvalitet og forutsigbarhet, uavhengig av hvem som leverer tilbudet. \u00c5 bo i eget hjem er velferd \u2013 de som vil, m\u00e5 f\u00e5 bo hjemme lenger. For \u00e5 f\u00e5 til dette vil Alta H\u00f8yre ta i bruk ny velferdsteknologi, som gj\u00f8r det enklere \u00e5 bo hjemme.&nbsp;&nbsp;<\/p>\n<\/div><\/div>\n\n\n\n<div class=\"wp-block-media-text has-media-on-the-right is-stacked-on-mobile is-vertically-aligned-center is-image-fill alignwide\"><div class=\"wp-block-media-text__content\">\n<h2 class=\"wp-block-heading\">4. <strong><strong>Du skal f\u00e5 beholde mer av egne penger!<\/strong><\/strong><\/h2>\n\n\n\n<p>Det blir stadig dyrere \u00e5 bo i Alta. Avgiftene \u00f8ker, og eiendomsskatten ble ved siste lokalvalg satt opp med over 60 %. H\u00f8yre vil holde skatte- og avgiftsniv\u00e5et nede, slik at den enkelte familie beholder mer av sine egne penger. Du vet selv hva som er velferd for deg!<\/p>\n\n\n\n<p>&nbsp;<\/p>\n<\/div><figure class=\"wp-block-media-text__media\" style=\"background-image:url('https:\/\/hoyre.no\/content\/uploads\/sites\/267\/2023\/01\/lBuDewZb-1024x447.jpeg');background-position:50% 50%\"><img loading=\"lazy\" decoding=\"async\" width=\"1024\" height=\"447\" src=\"https:\/\/hoyre.no\/content\/uploads\/sites\/267\/2023\/01\/lBuDewZb-1024x447.jpeg\" alt=\"\" class=\"wp-image-118 size-full\" srcset=\"https:\/\/hoyre.no\/content\/uploads\/sites\/267\/2023\/01\/lBuDewZb-1024x447.jpeg 1024w, https:\/\/hoyre.no\/content\/uploads\/sites\/267\/2023\/01\/lBuDewZb-300x131.jpeg 300w, https:\/\/hoyre.no\/content\/uploads\/sites\/267\/2023\/01\/lBuDewZb-768x335.jpeg 768w, https:\/\/hoyre.no\/content\/uploads\/sites\/267\/2023\/01\/lBuDewZb-1536x670.jpeg 1536w, https:\/\/hoyre.no\/content\/uploads\/sites\/267\/2023\/01\/lBuDewZb.jpeg 2048w\" sizes=\"auto, (max-width: 1024px) 100vw, 1024px\" \/><\/figure><\/div>\n\n\n\n<div class=\"wp-block-media-text alignwide is-stacked-on-mobile\"><figure class=\"wp-block-media-text__media\"><img loading=\"lazy\" decoding=\"async\" width=\"1024\" height=\"719\" src=\"https:\/\/hoyre.no\/content\/uploads\/sites\/267\/2023\/01\/m3YpokJ2-1024x719.jpeg\" alt=\"\" class=\"wp-image-121 size-full\" srcset=\"https:\/\/hoyre.no\/content\/uploads\/sites\/267\/2023\/01\/m3YpokJ2-1024x719.jpeg 1024w, https:\/\/hoyre.no\/content\/uploads\/sites\/267\/2023\/01\/m3YpokJ2-300x211.jpeg 300w, https:\/\/hoyre.no\/content\/uploads\/sites\/267\/2023\/01\/m3YpokJ2-768x539.jpeg 768w, https:\/\/hoyre.no\/content\/uploads\/sites\/267\/2023\/01\/m3YpokJ2-1536x1079.jpeg 1536w, https:\/\/hoyre.no\/content\/uploads\/sites\/267\/2023\/01\/m3YpokJ2.jpeg 2048w\" sizes=\"auto, (max-width: 1024px) 100vw, 1024px\" \/><\/figure><div class=\"wp-block-media-text__content\">\n<h2 class=\"wp-block-heading\"><strong>5. <strong><strong>Pr\u00f8veprosjekt med friomr\u00e5de for sn\u00f8scooter<\/strong><\/strong><\/strong><\/h2>\n\n\n\n<p>Alta H\u00f8yre vil g\u00e5 i bresjen for et pr\u00f8veprosjekt som gir st\u00f8rre frihet ved bruk av sn\u00f8scooter, hvor man i noen omr\u00e5der fjerner reglene om hvor langt man kan kj\u00f8re fra l\u00f8ypa. Alta H\u00f8yre \u00f8nsker et enda tettere samarbeid med nabokommunene om sn\u00f8scooterl\u00f8yper slik kan de knyttes bedre sammen og gi et bedre tilbud til innbyggerne.<\/p>\n<\/div><\/div>\n\n\n\n\n\n","protected":false},"excerpt":{"rendered":"","protected":false},"author":15381,"featured_media":0,"parent":3,"menu_order":0,"comment_status":"closed","ping_status":"closed","template":"","meta":{"teft_cards_image_url":"","teft_cards_custom_pretitle":"","teft_cards_image_id":0,"teft_cards_image_focal_point_x":0,"teft_cards_image_focal_point_y":0,"teft_cards_title":"","teft_cards_excerpt":"","teft_show_chapters":false,"footnotes":""},"class_list":["post-96","page","type-page","status-publish","hentry"],"yoast_head":"<!-- This site is optimized with the Yoast SEO plugin v26.6 - https:\/\/yoast.com\/wordpress\/plugins\/seo\/ -->\n<title>Fem grunner til \u00e5 stemme Alta H\u00f8yre - Alta H\u00f8yre<\/title>\n<meta name=\"robots\" content=\"index, follow, max-snippet:-1, max-image-preview:large, max-video-preview:-1\" \/>\n<link rel=\"canonical\" href=\"https:\/\/hoyre.no\/alta\/forsiden\/5-grunner-til-a-stemme-alta-hoyre\/\" \/>\n<meta property=\"og:locale\" content=\"nb_NO\" \/>\n<meta property=\"og:type\" content=\"article\" \/>\n<meta property=\"og:title\" content=\"Fem grunner til \u00e5 stemme Alta H\u00f8yre - Alta H\u00f8yre\" \/>\n<meta property=\"og:url\" content=\"https:\/\/hoyre.no\/alta\/forsiden\/5-grunner-til-a-stemme-alta-hoyre\/\" \/>\n<meta property=\"og:site_name\" content=\"Alta H\u00f8yre\" \/>\n<meta property=\"article:modified_time\" content=\"2025-01-02T13:11:12+00:00\" \/>\n<meta property=\"og:image\" content=\"https:\/\/hoyre.no\/content\/uploads\/sites\/267\/2023\/01\/w5OHPr4c-1024x683.jpeg\" \/>\n<meta name=\"twitter:card\" content=\"summary_large_image\" \/>\n<meta name=\"twitter:label1\" content=\"Ansl. lesetid\" \/>\n\t<meta name=\"twitter:data1\" content=\"4 minutter\" \/>\n<script type=\"application\/ld+json\" class=\"yoast-schema-graph\">{\"@context\":\"https:\/\/schema.org\",\"@graph\":[{\"@type\":\"WebPage\",\"@id\":\"https:\/\/hoyre.no\/alta\/forsiden\/5-grunner-til-a-stemme-alta-hoyre\/\",\"url\":\"https:\/\/hoyre.no\/alta\/forsiden\/5-grunner-til-a-stemme-alta-hoyre\/\",\"name\":\"Fem grunner til \u00e5 stemme Alta H\u00f8yre - Alta H\u00f8yre\",\"isPartOf\":{\"@id\":\"https:\/\/hoyre.no\/alta\/#website\"},\"image\":{\"@id\":\"https:\/\/hoyre.no\/alta\/forsiden\/5-grunner-til-a-stemme-alta-hoyre\/#primaryimage\"},\"thumbnailUrl\":\"https:\/\/hoyre.no\/content\/uploads\/sites\/267\/2023\/01\/w5OHPr4c-1024x683.jpeg\",\"datePublished\":\"2023-01-13T09:45:35+00:00\",\"dateModified\":\"2025-01-02T13:11:12+00:00\",\"breadcrumb\":{\"@id\":\"https:\/\/hoyre.no\/alta\/forsiden\/5-grunner-til-a-stemme-alta-hoyre\/#breadcrumb\"},\"inLanguage\":\"nb-NO\",\"potentialAction\":[{\"@type\":\"ReadAction\",\"target\":[\"https:\/\/hoyre.no\/alta\/forsiden\/5-grunner-til-a-stemme-alta-hoyre\/\"]}]},{\"@type\":\"ImageObject\",\"inLanguage\":\"nb-NO\",\"@id\":\"https:\/\/hoyre.no\/alta\/forsiden\/5-grunner-til-a-stemme-alta-hoyre\/#primaryimage\",\"url\":\"https:\/\/hoyre.no\/content\/uploads\/sites\/267\/2023\/01\/w5OHPr4c-1024x683.jpeg\",\"contentUrl\":\"https:\/\/hoyre.no\/content\/uploads\/sites\/267\/2023\/01\/w5OHPr4c-1024x683.jpeg\"},{\"@type\":\"BreadcrumbList\",\"@id\":\"https:\/\/hoyre.no\/alta\/forsiden\/5-grunner-til-a-stemme-alta-hoyre\/#breadcrumb\",\"itemListElement\":[{\"@type\":\"ListItem\",\"position\":1,\"name\":\"Til hoyre.no\",\"item\":\"https:\/\/hoyre.no\"},{\"@type\":\"ListItem\",\"position\":2,\"name\":\"Hjem\",\"item\":\"https:\/\/hoyre.no\/alta\/\"},{\"@type\":\"ListItem\",\"position\":3,\"name\":\"Forsiden\",\"item\":\"https:\/\/hoyre.no\/alta\/\"},{\"@type\":\"ListItem\",\"position\":4,\"name\":\"Fem grunner til \u00e5 stemme Alta H\u00f8yre\"}]},{\"@type\":\"WebSite\",\"@id\":\"https:\/\/hoyre.no\/alta\/#website\",\"url\":\"https:\/\/hoyre.no\/alta\/\",\"name\":\"Alta H\u00f8yre\",\"description\":\"Bare enda et H\u00f8yres nettsteder-nettsted\",\"inLanguage\":\"nb-NO\"}]}<\/script>\n<!-- \/ Yoast SEO plugin. -->","yoast_head_json":{"title":"Fem grunner til \u00e5 stemme Alta H\u00f8yre - Alta H\u00f8yre","robots":{"index":"index","follow":"follow","max-snippet":"max-snippet:-1","max-image-preview":"max-image-preview:large","max-video-preview":"max-video-preview:-1"},"canonical":"https:\/\/hoyre.no\/alta\/forsiden\/5-grunner-til-a-stemme-alta-hoyre\/","og_locale":"nb_NO","og_type":"article","og_title":"Fem grunner til \u00e5 stemme Alta H\u00f8yre - Alta H\u00f8yre","og_url":"https:\/\/hoyre.no\/alta\/forsiden\/5-grunner-til-a-stemme-alta-hoyre\/","og_site_name":"Alta H\u00f8yre","article_modified_time":"2025-01-02T13:11:12+00:00","og_image":[{"url":"https:\/\/hoyre.no\/content\/uploads\/sites\/267\/2023\/01\/w5OHPr4c-1024x683.jpeg","type":"","width":"","height":""}],"twitter_card":"summary_large_image","twitter_misc":{"Ansl. lesetid":"4 minutter"},"schema":{"@context":"https:\/\/schema.org","@graph":[{"@type":"WebPage","@id":"https:\/\/hoyre.no\/alta\/forsiden\/5-grunner-til-a-stemme-alta-hoyre\/","url":"https:\/\/hoyre.no\/alta\/forsiden\/5-grunner-til-a-stemme-alta-hoyre\/","name":"Fem grunner til \u00e5 stemme Alta H\u00f8yre - Alta H\u00f8yre","isPartOf":{"@id":"https:\/\/hoyre.no\/alta\/#website"},"image":{"@id":"https:\/\/hoyre.no\/alta\/forsiden\/5-grunner-til-a-stemme-alta-hoyre\/#primaryimage"},"thumbnailUrl":"https:\/\/hoyre.no\/content\/uploads\/sites\/267\/2023\/01\/w5OHPr4c-1024x683.jpeg","datePublished":"2023-01-13T09:45:35+00:00","dateModified":"2025-01-02T13:11:12+00:00","breadcrumb":{"@id":"https:\/\/hoyre.no\/alta\/forsiden\/5-grunner-til-a-stemme-alta-hoyre\/#breadcrumb"},"inLanguage":"nb-NO","potentialAction":[{"@type":"ReadAction","target":["https:\/\/hoyre.no\/alta\/forsiden\/5-grunner-til-a-stemme-alta-hoyre\/"]}]},{"@type":"ImageObject","inLanguage":"nb-NO","@id":"https:\/\/hoyre.no\/alta\/forsiden\/5-grunner-til-a-stemme-alta-hoyre\/#primaryimage","url":"https:\/\/hoyre.no\/content\/uploads\/sites\/267\/2023\/01\/w5OHPr4c-1024x683.jpeg","contentUrl":"https:\/\/hoyre.no\/content\/uploads\/sites\/267\/2023\/01\/w5OHPr4c-1024x683.jpeg"},{"@type":"BreadcrumbList","@id":"https:\/\/hoyre.no\/alta\/forsiden\/5-grunner-til-a-stemme-alta-hoyre\/#breadcrumb","itemListElement":[{"@type":"ListItem","position":1,"name":"Til hoyre.no","item":"https:\/\/hoyre.no"},{"@type":"ListItem","position":2,"name":"Hjem","item":"https:\/\/hoyre.no\/alta\/"},{"@type":"ListItem","position":3,"name":"Forsiden","item":"https:\/\/hoyre.no\/alta\/"},{"@type":"ListItem","position":4,"name":"Fem grunner til \u00e5 stemme Alta H\u00f8yre"}]},{"@type":"WebSite","@id":"https:\/\/hoyre.no\/alta\/#website","url":"https:\/\/hoyre.no\/alta\/","name":"Alta H\u00f8yre","description":"Bare enda et H\u00f8yres nettsteder-nettsted","inLanguage":"nb-NO"}]}},"distributor_meta":false,"distributor_terms":false,"distributor_media":false,"distributor_original_site_name":"Alta H\u00f8yre","distributor_original_site_url":"https:\/\/hoyre.no\/alta","push-errors":false,"_links":{"self":[{"href":"https:\/\/hoyre.no\/alta\/wp-json\/wp\/v2\/pages\/96","targetHints":{"allow":["GET"]}}],"collection":[{"href":"https:\/\/hoyre.no\/alta\/wp-json\/wp\/v2\/pages"}],"about":[{"href":"https:\/\/hoyre.no\/alta\/wp-json\/wp\/v2\/types\/page"}],"author":[{"embeddable":true,"href":"https:\/\/hoyre.no\/alta\/wp-json\/wp\/v2\/users\/15381"}],"replies":[{"embeddable":true,"href":"https:\/\/hoyre.no\/alta\/wp-json\/wp\/v2\/comments?post=96"}],"version-history":[{"count":16,"href":"https:\/\/hoyre.no\/alta\/wp-json\/wp\/v2\/pages\/96\/revisions"}],"predecessor-version":[{"id":195,"href":"https:\/\/hoyre.no\/alta\/wp-json\/wp\/v2\/pages\/96\/revisions\/195"}],"up":[{"embeddable":true,"href":"https:\/\/hoyre.no\/alta\/wp-json\/wp\/v2\/pages\/3"}],"wp:attachment":[{"href":"https:\/\/hoyre.no\/alta\/wp-json\/wp\/v2\/media?parent=96"}],"curies":[{"name":"wp","href":"https:\/\/api.w.org\/{rel}","templated":true}]}}