{"id":58,"date":"2023-06-21T18:07:21","date_gmt":"2023-06-21T16:07:21","guid":{"rendered":"https:\/\/hoyre.no\/alver\/?page_id=58"},"modified":"2025-02-14T12:27:04","modified_gmt":"2025-02-14T11:27:04","slug":"58-2","status":"publish","type":"page","link":"https:\/\/hoyre.no\/alver\/58-2\/","title":{"rendered":"7 grunnar til \u00e5 r\u00f8yste H\u00f8gre i Alver"},"content":{"rendered":"\n<div class=\"wp-block-hoyre-hero with-image-gradient text-color-light  has-media alignfull has-background\"><div class=\"hoyre-hero has-image\"><h1 class=\"title\">7 grunnar til \u00e5 r\u00f8yste H\u00f8gre i Alver<\/h1><figure class=\"hoyre-image-wrapper\"><div class=\"hoyre-image\"><img loading=\"lazy\" decoding=\"async\" width=\"2500\" height=\"1667\" src=\"https:\/\/hoyre.no\/content\/uploads\/sites\/351\/2023\/06\/GettyImages-1304356424-scaled.jpg\" class=\"attachment-scaled size-scaled\" alt=\"\" style=\"object-position: 50% 50%\" srcset=\"https:\/\/hoyre.no\/content\/uploads\/sites\/351\/2023\/06\/GettyImages-1304356424-scaled.jpg 2500w, https:\/\/hoyre.no\/content\/uploads\/sites\/351\/2023\/06\/GettyImages-1304356424-300x200.jpg 300w, https:\/\/hoyre.no\/content\/uploads\/sites\/351\/2023\/06\/GettyImages-1304356424-1024x683.jpg 1024w, https:\/\/hoyre.no\/content\/uploads\/sites\/351\/2023\/06\/GettyImages-1304356424-768x512.jpg 768w, https:\/\/hoyre.no\/content\/uploads\/sites\/351\/2023\/06\/GettyImages-1304356424-1536x1024.jpg 1536w, https:\/\/hoyre.no\/content\/uploads\/sites\/351\/2023\/06\/GettyImages-1304356424-2048x1365.jpg 2048w\" sizes=\"auto, (max-width: 2500px) 100vw, 2500px\" \/><\/div><\/figure><\/div><\/div>\n\n\n\n\n<div class=\"wp-block-hoyre-banner alignwide undefined  is-style-light\"><div class=\"banner-inner\"><figure class=\"hoyre-image-wrapper\"><div class=\"hoyre-image\"><img loading=\"lazy\" decoding=\"async\" width=\"2500\" height=\"1667\" src=\"https:\/\/hoyre.no\/content\/uploads\/sites\/351\/2023\/06\/GettyImages-1339196477-scaled.jpg\" class=\"attachment-scaled size-scaled\" alt=\"\" style=\"object-position: 35% 21%\" srcset=\"https:\/\/hoyre.no\/content\/uploads\/sites\/351\/2023\/06\/GettyImages-1339196477-scaled.jpg 2500w, https:\/\/hoyre.no\/content\/uploads\/sites\/351\/2023\/06\/GettyImages-1339196477-300x200.jpg 300w, https:\/\/hoyre.no\/content\/uploads\/sites\/351\/2023\/06\/GettyImages-1339196477-1024x683.jpg 1024w, https:\/\/hoyre.no\/content\/uploads\/sites\/351\/2023\/06\/GettyImages-1339196477-768x512.jpg 768w, https:\/\/hoyre.no\/content\/uploads\/sites\/351\/2023\/06\/GettyImages-1339196477-1536x1024.jpg 1536w, https:\/\/hoyre.no\/content\/uploads\/sites\/351\/2023\/06\/GettyImages-1339196477-2048x1365.jpg 2048w\" sizes=\"auto, (max-width: 2500px) 100vw, 2500px\" \/><\/div><\/figure><div class=\"banner-content\"><div class=\"entry-content\">\n<h2 class=\"wp-block-heading\">1. Trygg og god styring<\/h2>\n\n\n\n<p>Gjennom dei siste \u00e5ra har vi dessverre sett at den administrative og politiske styringa av Alver kommune ikkje har vore god nok. Ei god \u00f8konomistyring er ein viktig f\u00f8resetnad for \u00e5 gje gode og stabile tenester til innbyggjarane i Alver. Difor vil H\u00f8gre setje inn tiltak for \u00e5 sikra ei trygg og god styring av kommunen. Vi m\u00e5 setje kl\u00e5re politiske m\u00e5l for utvikling og styring av kommunen, og gjennomf\u00f8re uavhengige brukarunders\u00f8kingar for \u00e5 m\u00e5le kvalitet i dei ulike tenesteomr\u00e5da.<\/p>\n<\/div><\/div><\/div><\/div>\n\n\n\n<div class=\"wp-block-hoyre-banner alignwide undefined  is-style-blue\"><div class=\"banner-inner\"><figure class=\"hoyre-image-wrapper\"><div class=\"hoyre-image\"><img loading=\"lazy\" decoding=\"async\" width=\"2500\" height=\"1668\" src=\"https:\/\/hoyre.no\/content\/uploads\/sites\/351\/2023\/06\/GettyImages-514112456-scaled.jpg\" class=\"attachment-scaled size-scaled\" alt=\"\" style=\"object-position: 43% 44%\" srcset=\"https:\/\/hoyre.no\/content\/uploads\/sites\/351\/2023\/06\/GettyImages-514112456-scaled.jpg 2500w, https:\/\/hoyre.no\/content\/uploads\/sites\/351\/2023\/06\/GettyImages-514112456-300x200.jpg 300w, https:\/\/hoyre.no\/content\/uploads\/sites\/351\/2023\/06\/GettyImages-514112456-1024x683.jpg 1024w, https:\/\/hoyre.no\/content\/uploads\/sites\/351\/2023\/06\/GettyImages-514112456-768x513.jpg 768w, https:\/\/hoyre.no\/content\/uploads\/sites\/351\/2023\/06\/GettyImages-514112456-1536x1025.jpg 1536w, https:\/\/hoyre.no\/content\/uploads\/sites\/351\/2023\/06\/GettyImages-514112456-2048x1367.jpg 2048w\" sizes=\"auto, (max-width: 2500px) 100vw, 2500px\" \/><\/div><\/figure><div class=\"banner-content\"><div class=\"entry-content\">\n<h2 class=\"wp-block-heading\">2. Betre tenester til dei som treng det mest<\/h2>\n\n\n\n<p>Vi vert stadig eldre, ogs\u00e5 i Alver. Det er positivt, men vil ogs\u00e5 inne bere ei end\u00e5 st\u00f8rre satsing fr\u00e5 kommunen si sida. Vi vil prioritere eldreomsorg og arbeide for \u00e5 sikre at v\u00e5re eldre innbyggjarar f\u00e5r den omsorga dei treng for \u00e5 leva eit godt og verdig liv, blant anna ved \u00e5 gi meir valfridom til brukarane.<\/p>\n<\/div><\/div><\/div><\/div>\n\n\n\n<div class=\"wp-block-hoyre-banner alignwide undefined  is-style-dark\"><div class=\"banner-inner\"><figure class=\"hoyre-image-wrapper\"><div class=\"hoyre-image\"><img loading=\"lazy\" decoding=\"async\" width=\"2500\" height=\"1667\" src=\"https:\/\/hoyre.no\/content\/uploads\/sites\/351\/2023\/06\/GettyImages-1216408189-scaled.jpg\" class=\"attachment-scaled size-scaled\" alt=\"\" style=\"object-position: 50% 35%\" srcset=\"https:\/\/hoyre.no\/content\/uploads\/sites\/351\/2023\/06\/GettyImages-1216408189-scaled.jpg 2500w, https:\/\/hoyre.no\/content\/uploads\/sites\/351\/2023\/06\/GettyImages-1216408189-300x200.jpg 300w, https:\/\/hoyre.no\/content\/uploads\/sites\/351\/2023\/06\/GettyImages-1216408189-1024x683.jpg 1024w, https:\/\/hoyre.no\/content\/uploads\/sites\/351\/2023\/06\/GettyImages-1216408189-768x512.jpg 768w, https:\/\/hoyre.no\/content\/uploads\/sites\/351\/2023\/06\/GettyImages-1216408189-1536x1024.jpg 1536w, https:\/\/hoyre.no\/content\/uploads\/sites\/351\/2023\/06\/GettyImages-1216408189-2048x1365.jpg 2048w\" sizes=\"auto, (max-width: 2500px) 100vw, 2500px\" \/><\/div><\/figure><div class=\"banner-content\"><div class=\"entry-content\">\n<h2 class=\"wp-block-heading\">3. Verdas beste skule<\/h2>\n\n\n\n<p>I Alver er det altfor mange born som g\u00e5r ut av skulen utan \u00e5 kunne lese, skrive og rekne godt nok. Det vil H\u00f8gre gjere noko med. Me ynskjer tilpassa undervisning, tidleg innsats og \u00e5 nytta best praksis i norsk, mattematikk og engelsk. Me treng dyktige og kvalifiserte l\u00e6rarar som f\u00e5r den vidareutdanninga dei treng, og ei god skulehelseteneste. Eit godt og variert l\u00e6ringsmilj\u00f8 med nulltoleranse for mobbing, nytenking og trivsel er viktige faktorar for \u00e5 skape l\u00e6relyst, meistring og ein trygg kvardag.<\/p>\n<\/div><\/div><\/div><\/div>\n\n\n\n\n<div class=\"wp-block-hoyre-banner alignwide undefined  is-style-light\"><div class=\"banner-inner\"><figure class=\"hoyre-image-wrapper\"><div class=\"hoyre-image\"><img loading=\"lazy\" decoding=\"async\" width=\"2500\" height=\"1667\" src=\"https:\/\/hoyre.no\/content\/uploads\/sites\/351\/2023\/06\/GettyImages-1203724130-scaled.jpg\" class=\"attachment-scaled size-scaled\" alt=\"\" style=\"object-position: 49% 38%\" srcset=\"https:\/\/hoyre.no\/content\/uploads\/sites\/351\/2023\/06\/GettyImages-1203724130-scaled.jpg 2500w, https:\/\/hoyre.no\/content\/uploads\/sites\/351\/2023\/06\/GettyImages-1203724130-300x200.jpg 300w, https:\/\/hoyre.no\/content\/uploads\/sites\/351\/2023\/06\/GettyImages-1203724130-1024x683.jpg 1024w, https:\/\/hoyre.no\/content\/uploads\/sites\/351\/2023\/06\/GettyImages-1203724130-768x512.jpg 768w, https:\/\/hoyre.no\/content\/uploads\/sites\/351\/2023\/06\/GettyImages-1203724130-1536x1024.jpg 1536w, https:\/\/hoyre.no\/content\/uploads\/sites\/351\/2023\/06\/GettyImages-1203724130-2048x1365.jpg 2048w\" sizes=\"auto, (max-width: 2500px) 100vw, 2500px\" \/><\/div><\/figure><div class=\"banner-content\"><div class=\"entry-content\">\n<h2 class=\"wp-block-heading\">4. P\u00e5 lag med n\u00e6ringslivet<\/h2>\n\n\n\n<p>Alver kommune har i dag lang saks-handsamingstid, lite tilrettelagt n\u00e6ringsareal og for f\u00e5 m\u00f8teplassar mellom kommune, politikare og n\u00e6ringsliv. H\u00f8gre skal arbeida m\u00e5lretta for at Alver skal vera ein attraktiv kommune \u00e5 bu, arbeide og drive n\u00e6ring i. Alver m\u00e5 bli ein JA-kommune med fokus p\u00e5 \u00e5 leggje til rette for fleire arbeidsplassar og etablering av nye verksemder, meir dialog med n\u00e6ringslivet, meir fleksible planar og kortare sakshandsamingstid.<\/p>\n<\/div><\/div><\/div><\/div>\n\n\n\n<div class=\"wp-block-hoyre-banner alignwide undefined  is-style-blue\"><div class=\"banner-inner\"><figure class=\"hoyre-image-wrapper\"><div class=\"hoyre-image\"><img loading=\"lazy\" decoding=\"async\" width=\"2500\" height=\"1667\" src=\"https:\/\/hoyre.no\/content\/uploads\/sites\/351\/2023\/06\/GettyImages-648946906-scaled.jpg\" class=\"attachment-scaled size-scaled\" alt=\"\" style=\"object-position: 23% 44%\" srcset=\"https:\/\/hoyre.no\/content\/uploads\/sites\/351\/2023\/06\/GettyImages-648946906-scaled.jpg 2500w, https:\/\/hoyre.no\/content\/uploads\/sites\/351\/2023\/06\/GettyImages-648946906-300x200.jpg 300w, https:\/\/hoyre.no\/content\/uploads\/sites\/351\/2023\/06\/GettyImages-648946906-1024x683.jpg 1024w, https:\/\/hoyre.no\/content\/uploads\/sites\/351\/2023\/06\/GettyImages-648946906-768x512.jpg 768w, https:\/\/hoyre.no\/content\/uploads\/sites\/351\/2023\/06\/GettyImages-648946906-1536x1024.jpg 1536w, https:\/\/hoyre.no\/content\/uploads\/sites\/351\/2023\/06\/GettyImages-648946906-2048x1365.jpg 2048w\" sizes=\"auto, (max-width: 2500px) 100vw, 2500px\" \/><\/div><\/figure><div class=\"banner-content\"><div class=\"entry-content\">\n<h2 class=\"wp-block-heading\">5. St\u00f8tte kultur og frivilligheit<\/h2>\n\n\n\n<p>Kultur og frivilligheit er avgjerande for \u00e5 skape eit godt samfunn. Vi vil st\u00f8tte opp om kulturtilboda i kommunen v\u00e5r, og arbeide for ar frivillige organisasjonar kan blomstre og utf\u00f8re viktige oppg\u00e5ver.<\/p>\n<\/div><\/div><\/div><\/div>\n\n\n\n<div class=\"wp-block-hoyre-banner alignwide undefined\"><div class=\"banner-inner\"><figure class=\"hoyre-image-wrapper\"><div class=\"hoyre-image\"><img loading=\"lazy\" decoding=\"async\" width=\"2500\" height=\"1667\" src=\"https:\/\/hoyre.no\/content\/uploads\/sites\/351\/2023\/06\/GettyImages-487409512-1-scaled.jpg\" class=\"attachment-scaled size-scaled\" alt=\"\" style=\"object-position: 3% 47%\" srcset=\"https:\/\/hoyre.no\/content\/uploads\/sites\/351\/2023\/06\/GettyImages-487409512-1-scaled.jpg 2500w, https:\/\/hoyre.no\/content\/uploads\/sites\/351\/2023\/06\/GettyImages-487409512-1-300x200.jpg 300w, https:\/\/hoyre.no\/content\/uploads\/sites\/351\/2023\/06\/GettyImages-487409512-1-1024x683.jpg 1024w, https:\/\/hoyre.no\/content\/uploads\/sites\/351\/2023\/06\/GettyImages-487409512-1-768x512.jpg 768w, https:\/\/hoyre.no\/content\/uploads\/sites\/351\/2023\/06\/GettyImages-487409512-1-1536x1024.jpg 1536w, https:\/\/hoyre.no\/content\/uploads\/sites\/351\/2023\/06\/GettyImages-487409512-1-2048x1365.jpg 2048w\" sizes=\"auto, (max-width: 2500px) 100vw, 2500px\" \/><\/div><\/figure><div class=\"banner-content\"><div class=\"entry-content\">\n<h2 class=\"wp-block-heading\">6. Trygge vegar og eit godt kollektivtilbod<\/h2>\n\n\n\n<p>Alver har for mange d\u00e5rlege og utrygge vegar, og eit for svakt kollektivtilbod. Derfor vil H\u00f8gre arbeide for \u00e5 rusta opp vegnettet, betra kollektivtilbodet og sikre god infrastruktur i heile kommunen. Alversund bru og ny veg p\u00e5  E39 mellom Klauvaneset og V\u00e5gsbotn m\u00e5 realiserast snarast. I tillegg m\u00e5 vi utbetre og vedlikehalde kommunale vegar, og ikkje minst sikre at alle born og unge har ein trygg skuleveg. I tillegg vil vi jobba for hyppigare avgangar med kollektivrutene i distrikta.<\/p>\n<\/div><\/div><\/div><\/div>\n\n\n\n<div class=\"wp-block-hoyre-banner alignwide undefined  is-style-blue\"><div class=\"banner-inner\"><figure class=\"hoyre-image-wrapper\"><div class=\"hoyre-image\"><img loading=\"lazy\" decoding=\"async\" width=\"2500\" height=\"1667\" src=\"https:\/\/hoyre.no\/content\/uploads\/sites\/351\/2023\/06\/GettyImages-484739594-scaled.jpg\" class=\"attachment-scaled size-scaled\" alt=\"\" style=\"object-position: 66% 49%\" srcset=\"https:\/\/hoyre.no\/content\/uploads\/sites\/351\/2023\/06\/GettyImages-484739594-scaled.jpg 2500w, https:\/\/hoyre.no\/content\/uploads\/sites\/351\/2023\/06\/GettyImages-484739594-300x200.jpg 300w, https:\/\/hoyre.no\/content\/uploads\/sites\/351\/2023\/06\/GettyImages-484739594-1024x683.jpg 1024w, https:\/\/hoyre.no\/content\/uploads\/sites\/351\/2023\/06\/GettyImages-484739594-768x512.jpg 768w, https:\/\/hoyre.no\/content\/uploads\/sites\/351\/2023\/06\/GettyImages-484739594-1536x1024.jpg 1536w, https:\/\/hoyre.no\/content\/uploads\/sites\/351\/2023\/06\/GettyImages-484739594-2048x1365.jpg 2048w\" sizes=\"auto, (max-width: 2500px) 100vw, 2500px\" \/><\/div><\/figure><div class=\"banner-content\"><div class=\"entry-content\">\n<h2 class=\"wp-block-heading\">7. Nei til vindm\u00f8ller i fjellheimen<\/h2>\n\n\n\n<p>Alver H\u00f8gre seier eit tydeleg nei til vindm\u00f8ller i fjellheimen og me vil generelt seie nei til vindm\u00f8ller i tur- og friluftsomr\u00e5de.<\/p>\n\n\n\n<p>H\u00f8gre vil at Noreg skal vere eit f\u00f8regangsland innan fornybar energi og det er n\u00f8dvendig \u00e5 sikre energi til b\u00e5de n\u00e6ring og bustader i framtida, s\u00e5 difor kan me vurdere vindm\u00f8ller i til d\u00f8mes n\u00e6ringsparkar.<\/p>\n<\/div><\/div><\/div><\/div>\n\n\n\n<p><a href=\"https:\/\/www.alverhogre.no\/program\">Trykk her for \u00e5 v\u00e5rt komplette valgprogram for valget 2023<\/a><\/p>\n","protected":false},"excerpt":{"rendered":"<p>Trykk her for \u00e5 v\u00e5rt komplette valgprogram for valget 2023<\/p>\n","protected":false},"author":29319,"featured_media":0,"parent":0,"menu_order":0,"comment_status":"closed","ping_status":"closed","template":"","meta":{"teft_cards_image_url":"","teft_cards_custom_pretitle":"","teft_cards_image_id":0,"teft_cards_image_focal_point_x":0,"teft_cards_image_focal_point_y":0,"teft_cards_title":"","teft_cards_excerpt":"","teft_show_chapters":false,"footnotes":""},"class_list":["post-58","page","type-page","status-publish","hentry"],"yoast_head":"<!-- This site is optimized with the Yoast SEO plugin v26.6 - https:\/\/yoast.com\/wordpress\/plugins\/seo\/ -->\n<title>7 grunnar til \u00e5 r\u00f8yste H\u00f8gre i Alver - Alver H\u00f8gre<\/title>\n<meta name=\"description\" content=\"Her er 7 gode grunnar til \u00e5 r\u00f8yste H\u00f8gre i Alver kommune.\" \/>\n<meta name=\"robots\" content=\"index, follow, max-snippet:-1, max-image-preview:large, max-video-preview:-1\" \/>\n<link rel=\"canonical\" href=\"https:\/\/hoyre.no\/alver\/58-2\/\" \/>\n<meta property=\"og:locale\" content=\"nn_NO\" \/>\n<meta property=\"og:type\" content=\"article\" \/>\n<meta property=\"og:title\" content=\"7 grunnar til \u00e5 r\u00f8yste H\u00f8gre i Alver - Alver H\u00f8gre\" \/>\n<meta property=\"og:description\" content=\"Her er 7 gode grunnar til \u00e5 r\u00f8yste H\u00f8gre i Alver kommune.\" \/>\n<meta property=\"og:url\" content=\"https:\/\/hoyre.no\/alver\/58-2\/\" \/>\n<meta property=\"og:site_name\" content=\"Alver H\u00f8gre\" \/>\n<meta property=\"article:modified_time\" content=\"2025-02-14T11:27:04+00:00\" \/>\n<meta property=\"og:image\" content=\"https:\/\/hoyre.no\/content\/uploads\/sites\/351\/2022\/11\/Hoyres-logo.png\" \/>\n\t<meta property=\"og:image:width\" content=\"1000\" \/>\n\t<meta property=\"og:image:height\" content=\"1000\" \/>\n\t<meta property=\"og:image:type\" content=\"image\/png\" \/>\n<meta name=\"twitter:card\" content=\"summary_large_image\" \/>\n<meta name=\"twitter:label1\" content=\"Est. reading time\" \/>\n\t<meta name=\"twitter:data1\" content=\"4 minutt\" \/>\n<script type=\"application\/ld+json\" class=\"yoast-schema-graph\">{\"@context\":\"https:\/\/schema.org\",\"@graph\":[{\"@type\":\"WebPage\",\"@id\":\"https:\/\/hoyre.no\/alver\/58-2\/\",\"url\":\"https:\/\/hoyre.no\/alver\/58-2\/\",\"name\":\"7 grunnar til \u00e5 r\u00f8yste H\u00f8gre i Alver - Alver H\u00f8gre\",\"isPartOf\":{\"@id\":\"https:\/\/hoyre.no\/alver\/#website\"},\"datePublished\":\"2023-06-21T16:07:21+00:00\",\"dateModified\":\"2025-02-14T11:27:04+00:00\",\"description\":\"Her er 7 gode grunnar til \u00e5 r\u00f8yste H\u00f8gre i Alver kommune.\",\"breadcrumb\":{\"@id\":\"https:\/\/hoyre.no\/alver\/58-2\/#breadcrumb\"},\"inLanguage\":\"nn-NO\",\"potentialAction\":[{\"@type\":\"ReadAction\",\"target\":[\"https:\/\/hoyre.no\/alver\/58-2\/\"]}]},{\"@type\":\"BreadcrumbList\",\"@id\":\"https:\/\/hoyre.no\/alver\/58-2\/#breadcrumb\",\"itemListElement\":[{\"@type\":\"ListItem\",\"position\":1,\"name\":\"Til hoyre.no\",\"item\":\"https:\/\/hoyre.no\"},{\"@type\":\"ListItem\",\"position\":2,\"name\":\"Hjem\",\"item\":\"https:\/\/hoyre.no\/alver\/\"},{\"@type\":\"ListItem\",\"position\":3,\"name\":\"7 grunnar til \u00e5 r\u00f8yste H\u00f8gre i Alver\"}]},{\"@type\":\"WebSite\",\"@id\":\"https:\/\/hoyre.no\/alver\/#website\",\"url\":\"https:\/\/hoyre.no\/alver\/\",\"name\":\"Alver H\u00f8gre\",\"description\":\"Bare enda et H\u00f8yres nettsteder-nettsted\",\"inLanguage\":\"nn-NO\"}]}<\/script>\n<!-- \/ Yoast SEO plugin. -->","yoast_head_json":{"title":"7 grunnar til \u00e5 r\u00f8yste H\u00f8gre i Alver - Alver H\u00f8gre","description":"Her er 7 gode grunnar til \u00e5 r\u00f8yste H\u00f8gre i Alver kommune.","robots":{"index":"index","follow":"follow","max-snippet":"max-snippet:-1","max-image-preview":"max-image-preview:large","max-video-preview":"max-video-preview:-1"},"canonical":"https:\/\/hoyre.no\/alver\/58-2\/","og_locale":"nn_NO","og_type":"article","og_title":"7 grunnar til \u00e5 r\u00f8yste H\u00f8gre i Alver - Alver H\u00f8gre","og_description":"Her er 7 gode grunnar til \u00e5 r\u00f8yste H\u00f8gre i Alver kommune.","og_url":"https:\/\/hoyre.no\/alver\/58-2\/","og_site_name":"Alver H\u00f8gre","article_modified_time":"2025-02-14T11:27:04+00:00","og_image":[{"width":1000,"height":1000,"url":"https:\/\/hoyre.no\/content\/uploads\/sites\/351\/2022\/11\/Hoyres-logo.png","type":"image\/png"}],"twitter_card":"summary_large_image","twitter_misc":{"Est. reading time":"4 minutt"},"schema":{"@context":"https:\/\/schema.org","@graph":[{"@type":"WebPage","@id":"https:\/\/hoyre.no\/alver\/58-2\/","url":"https:\/\/hoyre.no\/alver\/58-2\/","name":"7 grunnar til \u00e5 r\u00f8yste H\u00f8gre i Alver - Alver H\u00f8gre","isPartOf":{"@id":"https:\/\/hoyre.no\/alver\/#website"},"datePublished":"2023-06-21T16:07:21+00:00","dateModified":"2025-02-14T11:27:04+00:00","description":"Her er 7 gode grunnar til \u00e5 r\u00f8yste H\u00f8gre i Alver kommune.","breadcrumb":{"@id":"https:\/\/hoyre.no\/alver\/58-2\/#breadcrumb"},"inLanguage":"nn-NO","potentialAction":[{"@type":"ReadAction","target":["https:\/\/hoyre.no\/alver\/58-2\/"]}]},{"@type":"BreadcrumbList","@id":"https:\/\/hoyre.no\/alver\/58-2\/#breadcrumb","itemListElement":[{"@type":"ListItem","position":1,"name":"Til hoyre.no","item":"https:\/\/hoyre.no"},{"@type":"ListItem","position":2,"name":"Hjem","item":"https:\/\/hoyre.no\/alver\/"},{"@type":"ListItem","position":3,"name":"7 grunnar til \u00e5 r\u00f8yste H\u00f8gre i Alver"}]},{"@type":"WebSite","@id":"https:\/\/hoyre.no\/alver\/#website","url":"https:\/\/hoyre.no\/alver\/","name":"Alver H\u00f8gre","description":"Bare enda et H\u00f8yres nettsteder-nettsted","inLanguage":"nn-NO"}]}},"distributor_meta":false,"distributor_terms":false,"distributor_media":false,"distributor_original_site_name":"Alver H\u00f8gre","distributor_original_site_url":"https:\/\/hoyre.no\/alver","push-errors":false,"_links":{"self":[{"href":"https:\/\/hoyre.no\/alver\/wp-json\/wp\/v2\/pages\/58","targetHints":{"allow":["GET"]}}],"collection":[{"href":"https:\/\/hoyre.no\/alver\/wp-json\/wp\/v2\/pages"}],"about":[{"href":"https:\/\/hoyre.no\/alver\/wp-json\/wp\/v2\/types\/page"}],"author":[{"embeddable":true,"href":"https:\/\/hoyre.no\/alver\/wp-json\/wp\/v2\/users\/29319"}],"replies":[{"embeddable":true,"href":"https:\/\/hoyre.no\/alver\/wp-json\/wp\/v2\/comments?post=58"}],"version-history":[{"count":4,"href":"https:\/\/hoyre.no\/alver\/wp-json\/wp\/v2\/pages\/58\/revisions"}],"predecessor-version":[{"id":217,"href":"https:\/\/hoyre.no\/alver\/wp-json\/wp\/v2\/pages\/58\/revisions\/217"}],"wp:attachment":[{"href":"https:\/\/hoyre.no\/alver\/wp-json\/wp\/v2\/media?parent=58"}],"curies":[{"name":"wp","href":"https:\/\/api.w.org\/{rel}","templated":true}]}}