{"id":32,"date":"2023-05-02T12:43:47","date_gmt":"2023-05-02T10:43:47","guid":{"rendered":"https:\/\/hoyre.no\/amli\/?page_id=32"},"modified":"2023-07-03T12:48:44","modified_gmt":"2023-07-03T10:48:44","slug":"politikk","status":"publish","type":"page","link":"https:\/\/hoyre.no\/amli\/politikk\/","title":{"rendered":"Politikk"},"content":{"rendered":"\n<div class=\"wp-block-hoyre-hero with-image-gradient text-color-light  alignfull has-background\"><div class=\"hoyre-hero \"><h1 class=\"title\">Politikk<\/h1><p class=\"preamble\">N\u00e5r frivilligheten, n\u00e6ringslivet og offentlig sektor spiller p\u00e5 lag, skapes det gode lokalsamfunn. H\u00f8yre tror p\u00e5 enkeltmenneskets evne og lyst til \u00e5 st\u00e5 p\u00e5 egne ben.<br><br>Det er v\u00e5r oppgave \u00e5 s\u00f8rge for at mennesker kan leve gode liv, uansett utgangspunkt. Vi skaper ikke politikk for kommunen, men for alle som bor der. H\u00f8yre tror p\u00e5 et samfunn som gir muligheter for alle.<\/p><\/div><\/div>\n\n\n\n\n\n<h2 class=\"wp-block-heading\">Les programmet vi g\u00e5r til valg p\u00e5<\/h2>\n\n\n\n<p>Her kan du laste ned \u00c5mli H\u00f8yres valgprogram for 2023 \u2013 2027:<\/p>\n\n\n\n<div class=\"wp-block-teft-file icon-link-block\"><a href=\"https:\/\/hoyre.no\/content\/uploads\/sites\/16\/2023\/07\/Endelig-program-A\u030amli-Hoyre-A5-24-sider26.pdf\" download><span class=\"file-title\">\u00c5mli H\u00f8yres valgprogram 2023 &#8211; 2027<\/span><span class=\"file-name\"><\/span><\/a><\/div>\n","protected":false},"excerpt":{"rendered":"<p>Les programmet vi g\u00e5r til valg p\u00e5 Her kan du laste ned \u00c5mli H\u00f8yres valgprogram for 2023 \u2013 2027:<\/p>\n","protected":false},"author":347,"featured_media":0,"parent":0,"menu_order":0,"comment_status":"closed","ping_status":"closed","template":"","meta":{"teft_cards_image_url":"","teft_cards_custom_pretitle":"","teft_cards_image_id":0,"teft_cards_image_focal_point_x":0,"teft_cards_image_focal_point_y":0,"teft_cards_title":"","teft_cards_excerpt":"","teft_show_chapters":false,"footnotes":""},"class_list":["post-32","page","type-page","status-publish","hentry"],"yoast_head":"<!-- This site is optimized with the Yoast SEO plugin v26.6 - https:\/\/yoast.com\/wordpress\/plugins\/seo\/ -->\n<title>Politikk - \u00c5mli H\u00f8yre<\/title>\n<meta name=\"robots\" content=\"index, follow, max-snippet:-1, max-image-preview:large, max-video-preview:-1\" \/>\n<link rel=\"canonical\" href=\"https:\/\/hoyre.no\/amli\/politikk\/\" \/>\n<meta property=\"og:locale\" content=\"nb_NO\" \/>\n<meta property=\"og:type\" content=\"article\" \/>\n<meta property=\"og:title\" content=\"Politikk - \u00c5mli H\u00f8yre\" \/>\n<meta property=\"og:description\" content=\"Les programmet vi g\u00e5r til valg p\u00e5 Her kan du laste ned \u00c5mli H\u00f8yres valgprogram for 2023 \u2013 2027:\" \/>\n<meta property=\"og:url\" content=\"https:\/\/hoyre.no\/amli\/politikk\/\" \/>\n<meta property=\"og:site_name\" content=\"\u00c5mli H\u00f8yre\" \/>\n<meta property=\"article:modified_time\" content=\"2023-07-03T10:48:44+00:00\" \/>\n<meta property=\"og:image\" content=\"https:\/\/hoyre.no\/content\/uploads\/sites\/16\/2022\/11\/2020_RGB_hoyre_logo_profilbilde_011.png\" \/>\n\t<meta property=\"og:image:width\" content=\"1000\" \/>\n\t<meta property=\"og:image:height\" content=\"1000\" \/>\n\t<meta property=\"og:image:type\" content=\"image\/png\" \/>\n<meta name=\"twitter:card\" content=\"summary_large_image\" \/>\n<meta name=\"twitter:label1\" content=\"Ansl. lesetid\" \/>\n\t<meta name=\"twitter:data1\" content=\"1 minutt\" \/>\n<script type=\"application\/ld+json\" class=\"yoast-schema-graph\">{\"@context\":\"https:\/\/schema.org\",\"@graph\":[{\"@type\":\"WebPage\",\"@id\":\"https:\/\/hoyre.no\/amli\/politikk\/\",\"url\":\"https:\/\/hoyre.no\/amli\/politikk\/\",\"name\":\"Politikk - \u00c5mli H\u00f8yre\",\"isPartOf\":{\"@id\":\"https:\/\/hoyre.no\/amli\/#website\"},\"datePublished\":\"2023-05-02T10:43:47+00:00\",\"dateModified\":\"2023-07-03T10:48:44+00:00\",\"breadcrumb\":{\"@id\":\"https:\/\/hoyre.no\/amli\/politikk\/#breadcrumb\"},\"inLanguage\":\"nb-NO\",\"potentialAction\":[{\"@type\":\"ReadAction\",\"target\":[\"https:\/\/hoyre.no\/amli\/politikk\/\"]}]},{\"@type\":\"BreadcrumbList\",\"@id\":\"https:\/\/hoyre.no\/amli\/politikk\/#breadcrumb\",\"itemListElement\":[{\"@type\":\"ListItem\",\"position\":1,\"name\":\"Til hoyre.no\",\"item\":\"https:\/\/hoyre.no\"},{\"@type\":\"ListItem\",\"position\":2,\"name\":\"Hjem\",\"item\":\"https:\/\/hoyre.no\/amli\/\"},{\"@type\":\"ListItem\",\"position\":3,\"name\":\"Politikk\"}]},{\"@type\":\"WebSite\",\"@id\":\"https:\/\/hoyre.no\/amli\/#website\",\"url\":\"https:\/\/hoyre.no\/amli\/\",\"name\":\"\u00c5mli H\u00f8yre\",\"description\":\"Bare enda et H\u00f8yres nettsteder-nettsted\",\"inLanguage\":\"nb-NO\"}]}<\/script>\n<!-- \/ Yoast SEO plugin. -->","yoast_head_json":{"title":"Politikk - \u00c5mli H\u00f8yre","robots":{"index":"index","follow":"follow","max-snippet":"max-snippet:-1","max-image-preview":"max-image-preview:large","max-video-preview":"max-video-preview:-1"},"canonical":"https:\/\/hoyre.no\/amli\/politikk\/","og_locale":"nb_NO","og_type":"article","og_title":"Politikk - \u00c5mli H\u00f8yre","og_description":"Les programmet vi g\u00e5r til valg p\u00e5 Her kan du laste ned \u00c5mli H\u00f8yres valgprogram for 2023 \u2013 2027:","og_url":"https:\/\/hoyre.no\/amli\/politikk\/","og_site_name":"\u00c5mli H\u00f8yre","article_modified_time":"2023-07-03T10:48:44+00:00","og_image":[{"width":1000,"height":1000,"url":"https:\/\/hoyre.no\/content\/uploads\/sites\/16\/2022\/11\/2020_RGB_hoyre_logo_profilbilde_011.png","type":"image\/png"}],"twitter_card":"summary_large_image","twitter_misc":{"Ansl. lesetid":"1 minutt"},"schema":{"@context":"https:\/\/schema.org","@graph":[{"@type":"WebPage","@id":"https:\/\/hoyre.no\/amli\/politikk\/","url":"https:\/\/hoyre.no\/amli\/politikk\/","name":"Politikk - \u00c5mli H\u00f8yre","isPartOf":{"@id":"https:\/\/hoyre.no\/amli\/#website"},"datePublished":"2023-05-02T10:43:47+00:00","dateModified":"2023-07-03T10:48:44+00:00","breadcrumb":{"@id":"https:\/\/hoyre.no\/amli\/politikk\/#breadcrumb"},"inLanguage":"nb-NO","potentialAction":[{"@type":"ReadAction","target":["https:\/\/hoyre.no\/amli\/politikk\/"]}]},{"@type":"BreadcrumbList","@id":"https:\/\/hoyre.no\/amli\/politikk\/#breadcrumb","itemListElement":[{"@type":"ListItem","position":1,"name":"Til hoyre.no","item":"https:\/\/hoyre.no"},{"@type":"ListItem","position":2,"name":"Hjem","item":"https:\/\/hoyre.no\/amli\/"},{"@type":"ListItem","position":3,"name":"Politikk"}]},{"@type":"WebSite","@id":"https:\/\/hoyre.no\/amli\/#website","url":"https:\/\/hoyre.no\/amli\/","name":"\u00c5mli H\u00f8yre","description":"Bare enda et H\u00f8yres nettsteder-nettsted","inLanguage":"nb-NO"}]}},"distributor_meta":false,"distributor_terms":false,"distributor_media":false,"distributor_original_site_name":"\u00c5mli H\u00f8yre","distributor_original_site_url":"https:\/\/hoyre.no\/amli","push-errors":false,"_links":{"self":[{"href":"https:\/\/hoyre.no\/amli\/wp-json\/wp\/v2\/pages\/32","targetHints":{"allow":["GET"]}}],"collection":[{"href":"https:\/\/hoyre.no\/amli\/wp-json\/wp\/v2\/pages"}],"about":[{"href":"https:\/\/hoyre.no\/amli\/wp-json\/wp\/v2\/types\/page"}],"author":[{"embeddable":true,"href":"https:\/\/hoyre.no\/amli\/wp-json\/wp\/v2\/users\/347"}],"replies":[{"embeddable":true,"href":"https:\/\/hoyre.no\/amli\/wp-json\/wp\/v2\/comments?post=32"}],"version-history":[{"count":5,"href":"https:\/\/hoyre.no\/amli\/wp-json\/wp\/v2\/pages\/32\/revisions"}],"predecessor-version":[{"id":54,"href":"https:\/\/hoyre.no\/amli\/wp-json\/wp\/v2\/pages\/32\/revisions\/54"}],"wp:attachment":[{"href":"https:\/\/hoyre.no\/amli\/wp-json\/wp\/v2\/media?parent=32"}],"curies":[{"name":"wp","href":"https:\/\/api.w.org\/{rel}","templated":true}]}}