{"id":33,"date":"2023-09-02T19:48:33","date_gmt":"2023-09-02T17:48:33","guid":{"rendered":"https:\/\/hoyre.no\/ardal\/?page_id=33"},"modified":"2025-02-18T15:45:02","modified_gmt":"2025-02-18T14:45:02","slug":"6-gode-grunnar","status":"publish","type":"page","link":"https:\/\/hoyre.no\/ardal\/6-gode-grunnar\/","title":{"rendered":"6 gode grunnar"},"content":{"rendered":"\n<div class=\"wp-block-hoyre-hero with-image-gradient text-color-light  has-media alignfull has-background\"><div class=\"hoyre-hero has-image\"><h1 class=\"title\">6 gode grunnar til \u00e5 r\u00f8yste H\u00f8gre i \u00c5rdal<\/h1><figure class=\"hoyre-image-wrapper\"><div class=\"hoyre-image\"><img loading=\"lazy\" decoding=\"async\" width=\"2500\" height=\"1667\" src=\"https:\/\/hoyre.no\/content\/uploads\/sites\/309\/2023\/09\/Indre-Sogn-turne\u0301-A\u030ardal-foto-Agathe-Steen-44-scaled.jpg\" class=\"attachment-scaled size-scaled\" alt=\"\" style=\"object-position: 77% 52%\" srcset=\"https:\/\/hoyre.no\/content\/uploads\/sites\/309\/2023\/09\/Indre-Sogn-turne\u0301-A\u030ardal-foto-Agathe-Steen-44-scaled.jpg 2500w, https:\/\/hoyre.no\/content\/uploads\/sites\/309\/2023\/09\/Indre-Sogn-turne\u0301-A\u030ardal-foto-Agathe-Steen-44-300x200.jpg 300w, https:\/\/hoyre.no\/content\/uploads\/sites\/309\/2023\/09\/Indre-Sogn-turne\u0301-A\u030ardal-foto-Agathe-Steen-44-1024x683.jpg 1024w, https:\/\/hoyre.no\/content\/uploads\/sites\/309\/2023\/09\/Indre-Sogn-turne\u0301-A\u030ardal-foto-Agathe-Steen-44-768x512.jpg 768w, https:\/\/hoyre.no\/content\/uploads\/sites\/309\/2023\/09\/Indre-Sogn-turne\u0301-A\u030ardal-foto-Agathe-Steen-44-1536x1024.jpg 1536w, https:\/\/hoyre.no\/content\/uploads\/sites\/309\/2023\/09\/Indre-Sogn-turne\u0301-A\u030ardal-foto-Agathe-Steen-44-2048x1365.jpg 2048w\" sizes=\"auto, (max-width: 2500px) 100vw, 2500px\" \/><\/div><\/figure><\/div><\/div>\n\n\n\n\n\t\t<div class=\"has-pale-blue-background-color is-layout-left alignwide alignwide wp-block-hoyre-media-text\">\n\t\t\t<div class=\"hoyre-media-text__media\">\n\t\t\t\t<img loading=\"lazy\" decoding=\"async\" width=\"1024\" height=\"683\" src=\"https:\/\/hoyre.no\/content\/uploads\/sites\/309\/2023\/09\/Indre-Sogn-turne\u0301-A\u030ardal-foto-Agathe-Steen-39-1024x683.jpg\" class=\"hoyre-media-text__media-image\" alt=\"\" style=\"--focal: 50% 50%;\" srcset=\"https:\/\/hoyre.no\/content\/uploads\/sites\/309\/2023\/09\/Indre-Sogn-turne\u0301-A\u030ardal-foto-Agathe-Steen-39-1024x683.jpg 1024w, https:\/\/hoyre.no\/content\/uploads\/sites\/309\/2023\/09\/Indre-Sogn-turne\u0301-A\u030ardal-foto-Agathe-Steen-39-300x200.jpg 300w, https:\/\/hoyre.no\/content\/uploads\/sites\/309\/2023\/09\/Indre-Sogn-turne\u0301-A\u030ardal-foto-Agathe-Steen-39-768x512.jpg 768w, https:\/\/hoyre.no\/content\/uploads\/sites\/309\/2023\/09\/Indre-Sogn-turne\u0301-A\u030ardal-foto-Agathe-Steen-39-1536x1024.jpg 1536w, https:\/\/hoyre.no\/content\/uploads\/sites\/309\/2023\/09\/Indre-Sogn-turne\u0301-A\u030ardal-foto-Agathe-Steen-39-2048x1365.jpg 2048w\" sizes=\"auto, (max-width: 1024px) 100vw, 1024px\" \/>\n\t\t\t<\/div>\n\t\t\t<div class=\"hoyre-media-text__content\">\n\t\t\t\t<div class=\"hoyre-media-text__content-inner\">\n\t\t\t\t\t\n\t\t\t<div class=\"hoyre-media-text__title-container\">\n\t\t\t\t\n\t\t\t\t<h2 class=\"hoyre-media-text__title\">1. Me skal vere garantist for eit levande demokrati<\/h2>\n\t\t\t<\/div>\n\t\t\t\n\t\t\t\t\t<div class=\"hoyre-media-text__blocks\">\n<p>\ud83d\udc99 H\u00f8yra p\u00e5 innbyggjarane.<\/p><p>\ud83d\udc99 Gode og opne prosessar.<\/p>\n<\/div>\n\t\t\t\t\t\n\t\t\t\t<\/div>\n\t\t\t<\/div>\n\t\t<\/div>\n\t\t\n\n\n\n\t\t<div class=\"has-dark-blue-background-color is-layout-right alignwide alignwide wp-block-hoyre-media-text\">\n\t\t\t<div class=\"hoyre-media-text__media\">\n\t\t\t\t<img loading=\"lazy\" decoding=\"async\" width=\"1024\" height=\"683\" src=\"https:\/\/hoyre.no\/content\/uploads\/sites\/309\/2023\/09\/GettyImages-484739594-1024x683.jpg\" class=\"hoyre-media-text__media-image\" alt=\"\" style=\"--focal: 82% 98%;\" srcset=\"https:\/\/hoyre.no\/content\/uploads\/sites\/309\/2023\/09\/GettyImages-484739594-1024x683.jpg 1024w, https:\/\/hoyre.no\/content\/uploads\/sites\/309\/2023\/09\/GettyImages-484739594-300x200.jpg 300w, https:\/\/hoyre.no\/content\/uploads\/sites\/309\/2023\/09\/GettyImages-484739594-768x512.jpg 768w, https:\/\/hoyre.no\/content\/uploads\/sites\/309\/2023\/09\/GettyImages-484739594-1536x1024.jpg 1536w, https:\/\/hoyre.no\/content\/uploads\/sites\/309\/2023\/09\/GettyImages-484739594-2048x1365.jpg 2048w\" sizes=\"auto, (max-width: 1024px) 100vw, 1024px\" \/>\n\t\t\t<\/div>\n\t\t\t<div class=\"hoyre-media-text__content\">\n\t\t\t\t<div class=\"hoyre-media-text__content-inner\">\n\t\t\t\t\t\n\t\t\t<div class=\"hoyre-media-text__title-container\">\n\t\t\t\t\n\t\t\t\t<h2 class=\"hoyre-media-text__title\">2. Nei til vindm\u00f8ller i \u00c5rdal<\/h2>\n\t\t\t<\/div>\n\t\t\t\n\t\t\t\t\t<div class=\"hoyre-media-text__blocks\"><\/div>\n\t\t\t\t\t\n\t\t\t\t<\/div>\n\t\t\t<\/div>\n\t\t<\/div>\n\t\t\n\n\n\t\t<div class=\"has-pale-green-background-color is-layout-left alignwide alignwide wp-block-hoyre-media-text\">\n\t\t\t<div class=\"hoyre-media-text__media\">\n\t\t\t\t<img loading=\"lazy\" decoding=\"async\" width=\"1024\" height=\"683\" src=\"https:\/\/hoyre.no\/content\/uploads\/sites\/309\/2023\/09\/GettyImages-1151450738-1024x683.jpg\" class=\"hoyre-media-text__media-image\" alt=\"\" style=\"--focal: 50% 50%;\" srcset=\"https:\/\/hoyre.no\/content\/uploads\/sites\/309\/2023\/09\/GettyImages-1151450738-1024x683.jpg 1024w, https:\/\/hoyre.no\/content\/uploads\/sites\/309\/2023\/09\/GettyImages-1151450738-300x200.jpg 300w, https:\/\/hoyre.no\/content\/uploads\/sites\/309\/2023\/09\/GettyImages-1151450738-768x512.jpg 768w, https:\/\/hoyre.no\/content\/uploads\/sites\/309\/2023\/09\/GettyImages-1151450738-1536x1024.jpg 1536w, https:\/\/hoyre.no\/content\/uploads\/sites\/309\/2023\/09\/GettyImages-1151450738-2048x1365.jpg 2048w\" sizes=\"auto, (max-width: 1024px) 100vw, 1024px\" \/>\n\t\t\t<\/div>\n\t\t\t<div class=\"hoyre-media-text__content\">\n\t\t\t\t<div class=\"hoyre-media-text__content-inner\">\n\t\t\t\t\t\n\t\t\t<div class=\"hoyre-media-text__title-container\">\n\t\t\t\t\n\t\t\t\t<h2 class=\"hoyre-media-text__title\">3. Ja til meir fornybar energi i form av vatn og nye linjer, samt bruk av spillvarme<\/h2>\n\t\t\t<\/div>\n\t\t\t\n\t\t\t\t\t<div class=\"hoyre-media-text__blocks\"><\/div>\n\t\t\t\t\t\n\t\t\t\t<\/div>\n\t\t\t<\/div>\n\t\t<\/div>\n\t\t\n\n\n\t\t<div class=\"has-pale-blue-background-color is-layout-right alignwide alignwide wp-block-hoyre-media-text\">\n\t\t\t<div class=\"hoyre-media-text__media\">\n\t\t\t\t<img loading=\"lazy\" decoding=\"async\" width=\"1024\" height=\"552\" src=\"https:\/\/hoyre.no\/content\/uploads\/sites\/309\/2023\/09\/GettyImages-673304934-1024x552.jpg\" class=\"hoyre-media-text__media-image\" alt=\"\" style=\"--focal: 37% 43%;\" srcset=\"https:\/\/hoyre.no\/content\/uploads\/sites\/309\/2023\/09\/GettyImages-673304934-1024x552.jpg 1024w, https:\/\/hoyre.no\/content\/uploads\/sites\/309\/2023\/09\/GettyImages-673304934-300x162.jpg 300w, https:\/\/hoyre.no\/content\/uploads\/sites\/309\/2023\/09\/GettyImages-673304934-768x414.jpg 768w, https:\/\/hoyre.no\/content\/uploads\/sites\/309\/2023\/09\/GettyImages-673304934-1536x828.jpg 1536w, https:\/\/hoyre.no\/content\/uploads\/sites\/309\/2023\/09\/GettyImages-673304934-2048x1103.jpg 2048w\" sizes=\"auto, (max-width: 1024px) 100vw, 1024px\" \/>\n\t\t\t<\/div>\n\t\t\t<div class=\"hoyre-media-text__content\">\n\t\t\t\t<div class=\"hoyre-media-text__content-inner\">\n\t\t\t\t\t\n\t\t\t<div class=\"hoyre-media-text__title-container\">\n\t\t\t\t\n\t\t\t\t<h2 class=\"hoyre-media-text__title\">4. Me skal ha eit omsorgssenter som inneheld alle helsetenester<\/h2>\n\t\t\t<\/div>\n\t\t\t\n\t\t\t\t\t<div class=\"hoyre-media-text__blocks\"><\/div>\n\t\t\t\t\t\n\t\t\t\t<\/div>\n\t\t\t<\/div>\n\t\t<\/div>\n\t\t\n\n\n\t\t<div class=\"has-pale-purple-background-color is-layout-left alignwide alignwide wp-block-hoyre-media-text\">\n\t\t\t<div class=\"hoyre-media-text__media\">\n\t\t\t\t<img loading=\"lazy\" decoding=\"async\" width=\"1024\" height=\"566\" src=\"https:\/\/hoyre.no\/content\/uploads\/sites\/309\/2023\/09\/GettyImages-473032112-1024x566.jpg\" class=\"hoyre-media-text__media-image\" alt=\"\" style=\"--focal: 50% 50%;\" srcset=\"https:\/\/hoyre.no\/content\/uploads\/sites\/309\/2023\/09\/GettyImages-473032112-1024x566.jpg 1024w, https:\/\/hoyre.no\/content\/uploads\/sites\/309\/2023\/09\/GettyImages-473032112-300x166.jpg 300w, https:\/\/hoyre.no\/content\/uploads\/sites\/309\/2023\/09\/GettyImages-473032112-768x425.jpg 768w, https:\/\/hoyre.no\/content\/uploads\/sites\/309\/2023\/09\/GettyImages-473032112-1536x850.jpg 1536w, https:\/\/hoyre.no\/content\/uploads\/sites\/309\/2023\/09\/GettyImages-473032112-2048x1133.jpg 2048w\" sizes=\"auto, (max-width: 1024px) 100vw, 1024px\" \/>\n\t\t\t<\/div>\n\t\t\t<div class=\"hoyre-media-text__content\">\n\t\t\t\t<div class=\"hoyre-media-text__content-inner\">\n\t\t\t\t\t\n\t\t\t<div class=\"hoyre-media-text__title-container\">\n\t\t\t\t\n\t\t\t\t<h2 class=\"hoyre-media-text__title\">5. Barn og unge skal ha gode k\u00e5r i barnehage og skule, og i aktivitetar p\u00e5 fritida<\/h2>\n\t\t\t<\/div>\n\t\t\t\n\t\t\t\t\t<div class=\"hoyre-media-text__blocks\"><\/div>\n\t\t\t\t\t\n\t\t\t\t<\/div>\n\t\t\t<\/div>\n\t\t<\/div>\n\t\t\n\n\n\t\t<div class=\"has-lightest-blue-background-color is-layout-right alignwide alignwide wp-block-hoyre-media-text\">\n\t\t\t<div class=\"hoyre-media-text__media\">\n\t\t\t\t<img loading=\"lazy\" decoding=\"async\" width=\"683\" height=\"1024\" src=\"https:\/\/hoyre.no\/content\/uploads\/sites\/309\/2023\/09\/GettyImages-519087624-683x1024.jpg\" class=\"hoyre-media-text__media-image\" alt=\"\" style=\"--focal: 50% 50%;\" srcset=\"https:\/\/hoyre.no\/content\/uploads\/sites\/309\/2023\/09\/GettyImages-519087624-683x1024.jpg 683w, https:\/\/hoyre.no\/content\/uploads\/sites\/309\/2023\/09\/GettyImages-519087624-200x300.jpg 200w, https:\/\/hoyre.no\/content\/uploads\/sites\/309\/2023\/09\/GettyImages-519087624-768x1152.jpg 768w, https:\/\/hoyre.no\/content\/uploads\/sites\/309\/2023\/09\/GettyImages-519087624-1024x1536.jpg 1024w, https:\/\/hoyre.no\/content\/uploads\/sites\/309\/2023\/09\/GettyImages-519087624-1365x2048.jpg 1365w, https:\/\/hoyre.no\/content\/uploads\/sites\/309\/2023\/09\/GettyImages-519087624-scaled.jpg 1667w\" sizes=\"auto, (max-width: 683px) 100vw, 683px\" \/>\n\t\t\t<\/div>\n\t\t\t<div class=\"hoyre-media-text__content\">\n\t\t\t\t<div class=\"hoyre-media-text__content-inner\">\n\t\t\t\t\t\n\t\t\t<div class=\"hoyre-media-text__title-container\">\n\t\t\t\t\n\t\t\t\t<h2 class=\"hoyre-media-text__title\">6. Me skal st\u00f8tte opp om eldsjeler, lag og organisasjonar<\/h2>\n\t\t\t<\/div>\n\t\t\t\n\t\t\t\t\t<div class=\"hoyre-media-text__blocks\"><\/div>\n\t\t\t\t\t\n\t\t\t\t<\/div>\n\t\t\t<\/div>\n\t\t<\/div>\n\t\t","protected":false},"excerpt":{"rendered":"","protected":false},"author":29319,"featured_media":0,"parent":0,"menu_order":0,"comment_status":"closed","ping_status":"closed","template":"","meta":{"teft_cards_image_url":"","teft_cards_custom_pretitle":"","teft_cards_image_id":0,"teft_cards_image_focal_point_x":0,"teft_cards_image_focal_point_y":0,"teft_cards_title":"","teft_cards_excerpt":"","teft_show_chapters":false,"footnotes":""},"class_list":["post-33","page","type-page","status-publish","hentry"],"yoast_head":"<!-- This site is optimized with the Yoast SEO plugin v26.6 - https:\/\/yoast.com\/wordpress\/plugins\/seo\/ -->\n<title>6 gode grunnar - \u00c5rdal H\u00f8gre<\/title>\n<meta name=\"description\" content=\"6 gode grunnar til \u00e5 r\u00f8yste H\u00f8gre om du bur i \u00c5rdal.\" \/>\n<meta name=\"robots\" content=\"index, follow, max-snippet:-1, max-image-preview:large, max-video-preview:-1\" \/>\n<link rel=\"canonical\" href=\"https:\/\/hoyre.no\/ardal\/6-gode-grunnar\/\" \/>\n<meta property=\"og:locale\" content=\"nn_NO\" \/>\n<meta property=\"og:type\" content=\"article\" \/>\n<meta property=\"og:title\" content=\"6 gode grunnar - \u00c5rdal H\u00f8gre\" \/>\n<meta property=\"og:description\" content=\"6 gode grunnar til \u00e5 r\u00f8yste H\u00f8gre om du bur i \u00c5rdal.\" \/>\n<meta property=\"og:url\" content=\"https:\/\/hoyre.no\/ardal\/6-gode-grunnar\/\" \/>\n<meta property=\"og:site_name\" content=\"\u00c5rdal H\u00f8gre\" \/>\n<meta property=\"article:modified_time\" content=\"2025-02-18T14:45:02+00:00\" \/>\n<meta property=\"og:image\" content=\"https:\/\/hoyre.no\/content\/uploads\/sites\/309\/2022\/11\/Hoyres-logo.png\" \/>\n\t<meta property=\"og:image:width\" content=\"1000\" \/>\n\t<meta property=\"og:image:height\" content=\"1000\" \/>\n\t<meta property=\"og:image:type\" content=\"image\/png\" \/>\n<meta name=\"twitter:card\" content=\"summary_large_image\" \/>\n<meta name=\"twitter:label1\" content=\"Est. reading time\" \/>\n\t<meta name=\"twitter:data1\" content=\"1 minutt\" \/>\n<script type=\"application\/ld+json\" class=\"yoast-schema-graph\">{\"@context\":\"https:\/\/schema.org\",\"@graph\":[{\"@type\":\"WebPage\",\"@id\":\"https:\/\/hoyre.no\/ardal\/6-gode-grunnar\/\",\"url\":\"https:\/\/hoyre.no\/ardal\/6-gode-grunnar\/\",\"name\":\"6 gode grunnar - \u00c5rdal H\u00f8gre\",\"isPartOf\":{\"@id\":\"https:\/\/hoyre.no\/ardal\/#website\"},\"datePublished\":\"2023-09-02T17:48:33+00:00\",\"dateModified\":\"2025-02-18T14:45:02+00:00\",\"description\":\"6 gode grunnar til \u00e5 r\u00f8yste H\u00f8gre om du bur i \u00c5rdal.\",\"breadcrumb\":{\"@id\":\"https:\/\/hoyre.no\/ardal\/6-gode-grunnar\/#breadcrumb\"},\"inLanguage\":\"nn-NO\",\"potentialAction\":[{\"@type\":\"ReadAction\",\"target\":[\"https:\/\/hoyre.no\/ardal\/6-gode-grunnar\/\"]}]},{\"@type\":\"BreadcrumbList\",\"@id\":\"https:\/\/hoyre.no\/ardal\/6-gode-grunnar\/#breadcrumb\",\"itemListElement\":[{\"@type\":\"ListItem\",\"position\":1,\"name\":\"Til hoyre.no\",\"item\":\"https:\/\/hoyre.no\"},{\"@type\":\"ListItem\",\"position\":2,\"name\":\"Hjem\",\"item\":\"https:\/\/hoyre.no\/ardal\/\"},{\"@type\":\"ListItem\",\"position\":3,\"name\":\"6 gode grunnar\"}]},{\"@type\":\"WebSite\",\"@id\":\"https:\/\/hoyre.no\/ardal\/#website\",\"url\":\"https:\/\/hoyre.no\/ardal\/\",\"name\":\"\u00c5rdal H\u00f8gre\",\"description\":\"Bare enda et H\u00f8yres nettsteder-nettsted\",\"inLanguage\":\"nn-NO\"}]}<\/script>\n<!-- \/ Yoast SEO plugin. -->","yoast_head_json":{"title":"6 gode grunnar - \u00c5rdal H\u00f8gre","description":"6 gode grunnar til \u00e5 r\u00f8yste H\u00f8gre om du bur i \u00c5rdal.","robots":{"index":"index","follow":"follow","max-snippet":"max-snippet:-1","max-image-preview":"max-image-preview:large","max-video-preview":"max-video-preview:-1"},"canonical":"https:\/\/hoyre.no\/ardal\/6-gode-grunnar\/","og_locale":"nn_NO","og_type":"article","og_title":"6 gode grunnar - \u00c5rdal H\u00f8gre","og_description":"6 gode grunnar til \u00e5 r\u00f8yste H\u00f8gre om du bur i \u00c5rdal.","og_url":"https:\/\/hoyre.no\/ardal\/6-gode-grunnar\/","og_site_name":"\u00c5rdal H\u00f8gre","article_modified_time":"2025-02-18T14:45:02+00:00","og_image":[{"width":1000,"height":1000,"url":"https:\/\/hoyre.no\/content\/uploads\/sites\/309\/2022\/11\/Hoyres-logo.png","type":"image\/png"}],"twitter_card":"summary_large_image","twitter_misc":{"Est. reading time":"1 minutt"},"schema":{"@context":"https:\/\/schema.org","@graph":[{"@type":"WebPage","@id":"https:\/\/hoyre.no\/ardal\/6-gode-grunnar\/","url":"https:\/\/hoyre.no\/ardal\/6-gode-grunnar\/","name":"6 gode grunnar - \u00c5rdal H\u00f8gre","isPartOf":{"@id":"https:\/\/hoyre.no\/ardal\/#website"},"datePublished":"2023-09-02T17:48:33+00:00","dateModified":"2025-02-18T14:45:02+00:00","description":"6 gode grunnar til \u00e5 r\u00f8yste H\u00f8gre om du bur i \u00c5rdal.","breadcrumb":{"@id":"https:\/\/hoyre.no\/ardal\/6-gode-grunnar\/#breadcrumb"},"inLanguage":"nn-NO","potentialAction":[{"@type":"ReadAction","target":["https:\/\/hoyre.no\/ardal\/6-gode-grunnar\/"]}]},{"@type":"BreadcrumbList","@id":"https:\/\/hoyre.no\/ardal\/6-gode-grunnar\/#breadcrumb","itemListElement":[{"@type":"ListItem","position":1,"name":"Til hoyre.no","item":"https:\/\/hoyre.no"},{"@type":"ListItem","position":2,"name":"Hjem","item":"https:\/\/hoyre.no\/ardal\/"},{"@type":"ListItem","position":3,"name":"6 gode grunnar"}]},{"@type":"WebSite","@id":"https:\/\/hoyre.no\/ardal\/#website","url":"https:\/\/hoyre.no\/ardal\/","name":"\u00c5rdal H\u00f8gre","description":"Bare enda et H\u00f8yres nettsteder-nettsted","inLanguage":"nn-NO"}]}},"distributor_meta":false,"distributor_terms":false,"distributor_media":false,"distributor_original_site_name":"\u00c5rdal H\u00f8gre","distributor_original_site_url":"https:\/\/hoyre.no\/ardal","push-errors":false,"_links":{"self":[{"href":"https:\/\/hoyre.no\/ardal\/wp-json\/wp\/v2\/pages\/33","targetHints":{"allow":["GET"]}}],"collection":[{"href":"https:\/\/hoyre.no\/ardal\/wp-json\/wp\/v2\/pages"}],"about":[{"href":"https:\/\/hoyre.no\/ardal\/wp-json\/wp\/v2\/types\/page"}],"author":[{"embeddable":true,"href":"https:\/\/hoyre.no\/ardal\/wp-json\/wp\/v2\/users\/29319"}],"replies":[{"embeddable":true,"href":"https:\/\/hoyre.no\/ardal\/wp-json\/wp\/v2\/comments?post=33"}],"version-history":[{"count":3,"href":"https:\/\/hoyre.no\/ardal\/wp-json\/wp\/v2\/pages\/33\/revisions"}],"predecessor-version":[{"id":50,"href":"https:\/\/hoyre.no\/ardal\/wp-json\/wp\/v2\/pages\/33\/revisions\/50"}],"wp:attachment":[{"href":"https:\/\/hoyre.no\/ardal\/wp-json\/wp\/v2\/media?parent=33"}],"curies":[{"name":"wp","href":"https:\/\/api.w.org\/{rel}","templated":true}]}}