{"id":3,"date":"2021-02-17T10:37:32","date_gmt":"2021-02-17T09:37:32","guid":{"rendered":"https:\/\/hoyre.no\/arna\/forsiden\/"},"modified":"2026-03-05T14:41:00","modified_gmt":"2026-03-05T13:41:00","slug":"forsiden","status":"publish","type":"page","link":"https:\/\/hoyre.no\/arna\/","title":{"rendered":"Arna H\u00f8yre"},"content":{"rendered":"<div class=\"hero-2026 alignwide is-style-corner wp-block-hoyre-hero-2026\">\n\t\t\t<div class=\"hero-2026__image\"><img decoding=\"async\" src=\"https:\/\/hoyre.no\/content\/uploads\/sites\/382\/2022\/06\/janne-gro-scaled.jpeg\" alt=\"Janne Gro\" \/><\/div>\n\t\t\t\n\t\t\t<div class=\"hero-2026__content\">\n\t\t\t\t<svg width=\"101\" height=\"480\" viewBox=\"0 0 101 480\" fill=\"none\" xmlns=\"http:\/\/www.w3.org\/2000\/svg\">\n<path d=\"M6.65616 117.334C-0.295628 76.2104 -3.77152 55.6485 6.21097 39.8114C16.1935 23.9743 36.2437 18.2415 76.3441 6.77569L100.041 0L100.042 480L67.9629 480L6.65616 117.334Z\" fill=\"currentColor\" \/>\n<\/svg>\n\n\t\t\t\t<p class=\"hero-2026__subtitle\">Arna H\u00f8yre<\/p>\n\t\t\t\t<h2 class=\"hero-2026__title\">Muligheter for alle<\/h2>\n\t\t\t\t<div class=\"hero-2026__buttons\">\n\n<div class=\"wp-block-buttons is-content-justification-center is-layout-flex wp-container-core-buttons-is-layout-16018d1d wp-block-buttons-is-layout-flex\">\n<div class=\"wp-block-button\"><a class=\"wp-block-button__link wp-element-button\" href=\"https:\/\/hoyre.no\/bli-med\/bli-medlem\/\">Bli medlem<\/a><\/div>\n<\/div>\n\n<\/div>\n\t\t\t<\/div>\n\t\t<\/div>\n\n\n<p><em>Janne Gro Rasmussen er leder for bydelsforeningen, og er ogs\u00e5 Arna sin representant i H\u00f8yres gruppe i Bergen bystyre. Hun er fast medlem i utvalg for milj\u00f8 og byutvikling. Robert Mjelde Flat\u00e5s fra samme bydel er bystyregruppens vara i utvalget for barnehage, skole og idrett. <\/em><\/p>\n\n\n\n\n\n\n<section class=\"wp-block-hoyre-latest-grid\">\n\t<div class=\"block-inner\">\n\t\t<header>\n\t\t\t<h2>Nyheter<\/h2>\n\t\t\t\t\t\t\t<a href=\"https:\/\/hoyre.no\/arna\/nyheter\/\">Vis alle<\/a>\n\t\t\t\t\t<\/header>\n\t\t<div class=\"teft-cards-grid default-size-4\">\n\t\t\t<div class=\"teft-cards-item has-12-columns is-style-two-columns is-vertically-aligned-center is-aligned-center is-card-hoyre\">\n\t<div class=\"teft-card hoyre-teft-card post-teft-card\">\n\t\t<a href=\"https:\/\/hoyre.no\/arna\/aktuelt\/facebook\/\" class=\"teft-card__primary-action\">\n\n\t\t\t\t\t<div class=\"teft-card__media teft-card__media--16-9\">\n\t\t\t\t\t\t<img loading=\"lazy\" decoding=\"async\" width=\"768\" height=\"452\" src=\"https:\/\/hoyre.no\/content\/uploads\/sites\/382\/2023\/02\/arnakandidater2023-768x452.jpeg\" class=\"attachment-medium_large size-medium_large\" alt=\"Arnakandidater 2023\" \/>\t\t<\/div>\n\t\t\n\t\t\t<div class=\"teft-card__content-wrapper\">\n\t\t\t\t<div class=\"teft-card__secondary\">\n\t\t\t\t\t<p>F\u00f8lg oss for dagsaktuelle saker.<\/p>\n\t\t\t\t\t\t\t\t<div class=\"teft-card__meta\">\n\t\t\t\t\t\t\t\t\t<span class=\"post-date\">21. okt 2025<\/span>\n\n\t\t\t\t\t\t\t\t\t\t\t\t\t\t\t\t\t<\/div>\n\t\t\t\t\t\t\t\t\t\t\t<\/div>\n\n\t\t\t\t<div class=\"teft-card__primary\">\n\t\t\t\t\t<h2 class=\"teft-card__title\">Se siste nytt p\u00e5 Facebook-siden v\u00e5r&nbsp;<span class=\"teft-card__primary-title-append\"><\/span><\/h2>\t\t\t\t<\/div>\n\t\t\t<\/div>\n\t\t<\/a>\n\t<\/div>\n\n\t<\/div>\t\t\t<div class=\"teft-cards-item has-6-columns  is-card-hoyre\">\n\t<div class=\"teft-card hoyre-teft-card post-teft-card\">\n\t\t<a href=\"https:\/\/hoyre.no\/2026\/04\/08\/rentelofter-pa-tilliten-los\/\" class=\"teft-card__primary-action\">\n\n\t\t\t\t\t<div class=\"teft-card__media teft-card__media--16-9\">\n\t\t\t<span class=\"sticker\">Nasjonal<\/span>\t\t\t<img loading=\"lazy\" decoding=\"async\" width=\"768\" height=\"512\" src=\"https:\/\/hoyre.no\/content\/uploads\/2026\/04\/fW2QD6jA-768x512.jpeg\" class=\"attachment-medium_large size-medium_large\" alt=\"Ola\" \/>\t\t<\/div>\n\t\t\n\t\t\t<div class=\"teft-card__content-wrapper\">\n\t\t\t\t<div class=\"teft-card__secondary\">\n\t\t\t\t\t\n\t\t\t\t\t\t\t\t<div class=\"teft-card__meta\">\n\t\t\t\t\t\t\t\t\t<span class=\"post-date\">8. apr 2026<\/span>\n\n\t\t\t\t\t\t\t\t\t\t\t\t\t\t\t\t\t<\/div>\n\t\t\t\t\t\t\t\t\t\t\t<\/div>\n\n\t\t\t\t<div class=\"teft-card__primary\">\n\t\t\t\t\t<h2 class=\"teft-card__title\">Aps rentel\u00f8fter g\u00e5r p\u00e5 tilliten l\u00f8s&nbsp;<span class=\"teft-card__primary-title-append\"><\/span><\/h2>\t\t\t\t<\/div>\n\t\t\t<\/div>\n\t\t<\/a>\n\t<\/div>\n\n\t<!-- From network 1 382--><!-- From card class --><\/div>\t\t\t<div class=\"teft-cards-item has-6-columns  is-card-hoyre\">\n\t<div class=\"teft-card hoyre-teft-card post-teft-card\">\n\t\t<a href=\"https:\/\/hoyre.no\/2026\/04\/08\/ikke-rart-ting-tar-tid-nar-vi-aldri-kommer-i-gang\/\" class=\"teft-card__primary-action\">\n\n\t\t\t\t\t<div class=\"teft-card__media teft-card__media--16-9\">\n\t\t\t<span class=\"sticker\">Nasjonal<\/span>\t\t\t<img loading=\"lazy\" decoding=\"async\" width=\"768\" height=\"512\" src=\"https:\/\/hoyre.no\/content\/uploads\/2026\/04\/54869252921_ca84910bdc_k-768x512.jpg\" class=\"attachment-medium_large size-medium_large\" alt=\"Stokkeb\u00f8\" \/>\t\t<\/div>\n\t\t\n\t\t\t<div class=\"teft-card__content-wrapper\">\n\t\t\t\t<div class=\"teft-card__secondary\">\n\t\t\t\t\t\n\t\t\t\t\t\t\t\t<div class=\"teft-card__meta\">\n\t\t\t\t\t\t\t\t\t<span class=\"post-date\">8. apr 2026<\/span>\n\n\t\t\t\t\t\t\t\t\t\t\t\t\t\t\t\t\t<\/div>\n\t\t\t\t\t\t\t\t\t\t\t<\/div>\n\n\t\t\t\t<div class=\"teft-card__primary\">\n\t\t\t\t\t<h2 class=\"teft-card__title\">Lei av at tid brukes som unnskyldning&nbsp;<span class=\"teft-card__primary-title-append\"><\/span><\/h2>\t\t\t\t<\/div>\n\t\t\t<\/div>\n\t\t<\/a>\n\t<\/div>\n\n\t<!-- From network 1 382--><!-- From card class --><\/div>\t\t\t<div class=\"teft-cards-item has-4-columns is-card-hoyre\">\n\t<div class=\"teft-card hoyre-teft-card post-teft-card\">\n\t\t<a href=\"https:\/\/hoyre.no\/2026\/04\/07\/kvinnehelseloft-far-flertall-har-ventet-lenge-nok\/\" class=\"teft-card__primary-action\">\n\n\t\t\t\t\t<div class=\"teft-card__media teft-card__media--16-9\">\n\t\t\t<span class=\"sticker\">Nasjonal<\/span>\t\t\t<img loading=\"lazy\" decoding=\"async\" width=\"768\" height=\"507\" src=\"https:\/\/hoyre.no\/content\/uploads\/2026\/03\/Skjermbilde-2026-03-24-kl.-10.44.17-768x507.png\" class=\"attachment-medium_large size-medium_large\" alt=\"Margret\" \/>\t\t<\/div>\n\t\t\n\t\t\t<div class=\"teft-card__content-wrapper\">\n\t\t\t\t<div class=\"teft-card__secondary\">\n\t\t\t\t\t\n\t\t\t\t\t\t\t\t<div class=\"teft-card__meta\">\n\t\t\t\t\t\t\t\t\t<span class=\"post-date\">7. apr 2026<\/span>\n\n\t\t\t\t\t\t\t\t\t\t\t\t\t\t\t\t\t<\/div>\n\t\t\t\t\t\t\t\t\t\t\t<\/div>\n\n\t\t\t\t<div class=\"teft-card__primary\">\n\t\t\t\t\t<h2 class=\"teft-card__title\">\u2013 Kvinner har ventet lenge nok&nbsp;<span class=\"teft-card__primary-title-append\"><\/span><\/h2>\t\t\t\t<\/div>\n\t\t\t<\/div>\n\t\t<\/a>\n\t<\/div>\n\n\t<!-- From network 1 382--><!-- From card class --><\/div>\t\t\t<div class=\"teft-cards-item has-4-columns is-card-hoyre\">\n\t<div class=\"teft-card hoyre-teft-card post-teft-card\">\n\t\t<a href=\"https:\/\/hoyre.no\/2026\/03\/27\/dronestrategi-til-a-bli-flau-av\/\" class=\"teft-card__primary-action\">\n\n\t\t\t\t\t<div class=\"teft-card__media teft-card__media--16-9\">\n\t\t\t<span class=\"sticker\">Nasjonal<\/span>\t\t\t<img loading=\"lazy\" decoding=\"async\" width=\"728\" height=\"483\" src=\"https:\/\/hoyre.no\/content\/uploads\/2026\/03\/Skjermbilde-2026-03-27-kl.-14.21.48.png\" class=\"attachment-medium_large size-medium_large\" alt=\"Fr\u00f8lich\" \/>\t\t<\/div>\n\t\t\n\t\t\t<div class=\"teft-card__content-wrapper\">\n\t\t\t\t<div class=\"teft-card__secondary\">\n\t\t\t\t\t\n\t\t\t\t\t\t\t\t<div class=\"teft-card__meta\">\n\t\t\t\t\t\t\t\t\t<span class=\"post-date\">1. apr 2026<\/span>\n\n\t\t\t\t\t\t\t\t\t\t\t\t\t\t\t\t\t<\/div>\n\t\t\t\t\t\t\t\t\t\t\t<\/div>\n\n\t\t\t\t<div class=\"teft-card__primary\">\n\t\t\t\t\t<h2 class=\"teft-card__title\">Varsler knallharde forhandlinger&nbsp;<span class=\"teft-card__primary-title-append\"><\/span><\/h2>\t\t\t\t<\/div>\n\t\t\t<\/div>\n\t\t<\/a>\n\t<\/div>\n\n\t<!-- From network 1 382--><!-- From card class --><\/div>\t\t\t<div class=\"teft-cards-item has-4-columns is-card-hoyre\">\n\t<div class=\"teft-card hoyre-teft-card post-teft-card\">\n\t\t<a href=\"https:\/\/hoyre.no\/2026\/03\/27\/1000-barn-pa-sykehus-hvert-ar-na-tar-hoyre-grep\/\" class=\"teft-card__primary-action\">\n\n\t\t\t\t\t<div class=\"teft-card__media teft-card__media--16-9\">\n\t\t\t<span class=\"sticker\">Nasjonal<\/span>\t\t\t<img loading=\"lazy\" decoding=\"async\" width=\"768\" height=\"629\" src=\"https:\/\/hoyre.no\/content\/uploads\/2026\/03\/631349645_1501314168669416_8240977278426584374_n-768x629.jpg\" class=\"attachment-medium_large size-medium_large\" alt=\"Svardal B\u00f8e\" \/>\t\t<\/div>\n\t\t\n\t\t\t<div class=\"teft-card__content-wrapper\">\n\t\t\t\t<div class=\"teft-card__secondary\">\n\t\t\t\t\t\n\t\t\t\t\t\t\t\t<div class=\"teft-card__meta\">\n\t\t\t\t\t\t\t\t\t<span class=\"post-date\">27. mar 2026<\/span>\n\n\t\t\t\t\t\t\t\t\t\t\t\t\t\t\t\t\t<\/div>\n\t\t\t\t\t\t\t\t\t\t\t<\/div>\n\n\t\t\t\t<div class=\"teft-card__primary\">\n\t\t\t\t\t<h2 class=\"teft-card__title\">Krever en mer offensiv vaksinepolitikk&nbsp;<span class=\"teft-card__primary-title-append\"><\/span><\/h2>\t\t\t\t<\/div>\n\t\t\t<\/div>\n\t\t<\/a>\n\t<\/div>\n\n\t<!-- From network 1 382--><!-- From card class --><\/div>\t\t\t\t\t<\/div>\n\t<\/div>\n<\/section>\n\n\n\n\n\n\n\n\n<div class=\"wp-block-hoyre-banner alignwide undefined  is-style-light\"><div class=\"banner-inner\"><figure class=\"hoyre-image-wrapper\"><div class=\"hoyre-image\"><img decoding=\"async\" loading=\"lazy\" width=\"2048\" height=\"1365\" src=\"https:\/\/hoyre.no\/content\/uploads\/2020\/09\/54483135358_f67d549a0f_k.jpg\" class=\"attachment-scaled size-scaled\" alt=\"Ine\" style=\"object-position: 47% 42%\" \/><\/div><\/figure><div class=\"banner-content\"><div class=\"entry-content\">\n<h2 class=\"wp-block-heading\" id=\"h-bli-medlem-i-hoyre\">Bli medlem i H\u00f8yre<\/h2>\n\n\n\n<p>Vil du v\u00e6re med p\u00e5 \u00e5 skape et samfunn med muligheter for alle? Bli med p\u00e5 laget. Ditt bidrag gj\u00f8r oss enda sterkere.<\/p>\n\n\n\n<div class=\"wp-block-buttons is-layout-flex wp-block-buttons-is-layout-flex\">\n<div class=\"wp-block-button\"><a class=\"wp-block-button__link wp-element-button\" href=\"https:\/\/hoyre.no\/bli-med\/bli-medlem\/\">bli medlem i h\u00f8yre<\/a><\/div>\n<\/div>\n<\/div><\/div><\/div><\/div>\n\n\n\n\n","protected":false},"excerpt":{"rendered":"<p>Janne Gro Rasmussen er leder for bydelsforeningen, og er ogs\u00e5 Arna sin representant i H\u00f8yres gruppe i Bergen bystyre. Hun er fast medlem i utvalg for milj\u00f8 og byutvikling. Robert Mjelde Flat\u00e5s fra samme bydel er bystyregruppens vara i utvalget for barnehage, skole og idrett.<\/p>\n","protected":false},"author":27751,"featured_media":0,"parent":0,"menu_order":0,"comment_status":"closed","ping_status":"closed","template":"","meta":{"teft_cards_image_url":"","teft_cards_custom_pretitle":"","teft_cards_image_id":79,"teft_cards_image_focal_point_x":0.64,"teft_cards_image_focal_point_y":0.42,"teft_cards_title":"","teft_cards_excerpt":"","teft_show_chapters":false,"footnotes":""},"class_list":["post-3","page","type-page","status-publish","hentry"],"yoast_head":"<!-- This site is optimized with the Yoast SEO plugin v26.6 - https:\/\/yoast.com\/wordpress\/plugins\/seo\/ -->\n<title>Arna H\u00f8yre - Arna H\u00f8yre<\/title>\n<meta name=\"robots\" content=\"index, follow, max-snippet:-1, max-image-preview:large, max-video-preview:-1\" \/>\n<link rel=\"canonical\" href=\"https:\/\/hoyre.no\/arna\/\" \/>\n<meta property=\"og:locale\" content=\"nb_NO\" \/>\n<meta property=\"og:type\" content=\"article\" \/>\n<meta property=\"og:title\" content=\"Arna H\u00f8yre - Arna H\u00f8yre\" \/>\n<meta property=\"og:description\" content=\"Janne Gro Rasmussen er leder for bydelsforeningen, og er ogs\u00e5 Arna sin representant i H\u00f8yres gruppe i Bergen bystyre. Hun er fast medlem i utvalg for milj\u00f8 og byutvikling. Robert Mjelde Flat\u00e5s fra samme bydel er bystyregruppens vara i utvalget for barnehage, skole og idrett.\" \/>\n<meta property=\"og:url\" content=\"https:\/\/hoyre.no\/arna\/\" \/>\n<meta property=\"og:site_name\" content=\"Arna H\u00f8yre\" \/>\n<meta property=\"article:modified_time\" content=\"2026-03-05T13:41:00+00:00\" \/>\n<meta property=\"og:image\" content=\"https:\/\/hoyre.no\/content\/uploads\/sites\/382\/2022\/06\/jorgen_janne-gro_sverre-scaled.jpeg\" \/>\n\t<meta property=\"og:image:width\" content=\"2500\" \/>\n\t<meta property=\"og:image:height\" content=\"1505\" \/>\n\t<meta property=\"og:image:type\" content=\"image\/jpeg\" \/>\n<meta name=\"twitter:card\" content=\"summary_large_image\" \/>\n<meta name=\"twitter:image\" content=\"https:\/\/hoyre.no\/content\/uploads\/sites\/382\/2022\/06\/jorgen_janne-gro_sverre-scaled.jpeg\" \/>\n<meta name=\"twitter:label1\" content=\"Ansl. lesetid\" \/>\n\t<meta name=\"twitter:data1\" content=\"1 minutt\" \/>\n<script type=\"application\/ld+json\" class=\"yoast-schema-graph\">{\"@context\":\"https:\/\/schema.org\",\"@graph\":[{\"@type\":\"WebPage\",\"@id\":\"https:\/\/hoyre.no\/arna\/\",\"url\":\"https:\/\/hoyre.no\/arna\/\",\"name\":\"Arna H\u00f8yre - Arna H\u00f8yre\",\"isPartOf\":{\"@id\":\"https:\/\/hoyre.no\/arna\/#website\"},\"datePublished\":\"2021-02-17T09:37:32+00:00\",\"dateModified\":\"2026-03-05T13:41:00+00:00\",\"breadcrumb\":{\"@id\":\"https:\/\/hoyre.no\/arna\/#breadcrumb\"},\"inLanguage\":\"nb-NO\",\"potentialAction\":[{\"@type\":\"ReadAction\",\"target\":[\"https:\/\/hoyre.no\/arna\/\"]}]},{\"@type\":\"BreadcrumbList\",\"@id\":\"https:\/\/hoyre.no\/arna\/#breadcrumb\",\"itemListElement\":[{\"@type\":\"ListItem\",\"position\":1,\"name\":\"Til hoyre.no\",\"item\":\"https:\/\/hoyre.no\"},{\"@type\":\"ListItem\",\"position\":2,\"name\":\"Arna H\u00f8yre\"}]},{\"@type\":\"WebSite\",\"@id\":\"https:\/\/hoyre.no\/arna\/#website\",\"url\":\"https:\/\/hoyre.no\/arna\/\",\"name\":\"Arna H\u00f8yre\",\"description\":\"Bare enda et H\u00f8yres nettsteder-nettsted\",\"inLanguage\":\"nb-NO\"}]}<\/script>\n<!-- \/ Yoast SEO plugin. -->","yoast_head_json":{"title":"Arna H\u00f8yre - Arna H\u00f8yre","robots":{"index":"index","follow":"follow","max-snippet":"max-snippet:-1","max-image-preview":"max-image-preview:large","max-video-preview":"max-video-preview:-1"},"canonical":"https:\/\/hoyre.no\/arna\/","og_locale":"nb_NO","og_type":"article","og_title":"Arna H\u00f8yre - Arna H\u00f8yre","og_description":"Janne Gro Rasmussen er leder for bydelsforeningen, og er ogs\u00e5 Arna sin representant i H\u00f8yres gruppe i Bergen bystyre. Hun er fast medlem i utvalg for milj\u00f8 og byutvikling. Robert Mjelde Flat\u00e5s fra samme bydel er bystyregruppens vara i utvalget for barnehage, skole og idrett.","og_url":"https:\/\/hoyre.no\/arna\/","og_site_name":"Arna H\u00f8yre","article_modified_time":"2026-03-05T13:41:00+00:00","og_image":[{"width":2500,"height":1505,"url":"https:\/\/hoyre.no\/content\/uploads\/sites\/382\/2022\/06\/jorgen_janne-gro_sverre-scaled.jpeg","type":"image\/jpeg"}],"twitter_card":"summary_large_image","twitter_image":"https:\/\/hoyre.no\/content\/uploads\/sites\/382\/2022\/06\/jorgen_janne-gro_sverre-scaled.jpeg","twitter_misc":{"Ansl. lesetid":"1 minutt"},"schema":{"@context":"https:\/\/schema.org","@graph":[{"@type":"WebPage","@id":"https:\/\/hoyre.no\/arna\/","url":"https:\/\/hoyre.no\/arna\/","name":"Arna H\u00f8yre - Arna H\u00f8yre","isPartOf":{"@id":"https:\/\/hoyre.no\/arna\/#website"},"datePublished":"2021-02-17T09:37:32+00:00","dateModified":"2026-03-05T13:41:00+00:00","breadcrumb":{"@id":"https:\/\/hoyre.no\/arna\/#breadcrumb"},"inLanguage":"nb-NO","potentialAction":[{"@type":"ReadAction","target":["https:\/\/hoyre.no\/arna\/"]}]},{"@type":"BreadcrumbList","@id":"https:\/\/hoyre.no\/arna\/#breadcrumb","itemListElement":[{"@type":"ListItem","position":1,"name":"Til hoyre.no","item":"https:\/\/hoyre.no"},{"@type":"ListItem","position":2,"name":"Arna H\u00f8yre"}]},{"@type":"WebSite","@id":"https:\/\/hoyre.no\/arna\/#website","url":"https:\/\/hoyre.no\/arna\/","name":"Arna H\u00f8yre","description":"Bare enda et H\u00f8yres nettsteder-nettsted","inLanguage":"nb-NO"}]}},"distributor_meta":false,"distributor_terms":false,"distributor_media":false,"distributor_original_site_name":"Arna H\u00f8yre","distributor_original_site_url":"https:\/\/hoyre.no\/arna","push-errors":false,"_links":{"self":[{"href":"https:\/\/hoyre.no\/arna\/wp-json\/wp\/v2\/pages\/3","targetHints":{"allow":["GET"]}}],"collection":[{"href":"https:\/\/hoyre.no\/arna\/wp-json\/wp\/v2\/pages"}],"about":[{"href":"https:\/\/hoyre.no\/arna\/wp-json\/wp\/v2\/types\/page"}],"author":[{"embeddable":true,"href":"https:\/\/hoyre.no\/arna\/wp-json\/wp\/v2\/users\/27751"}],"replies":[{"embeddable":true,"href":"https:\/\/hoyre.no\/arna\/wp-json\/wp\/v2\/comments?post=3"}],"version-history":[{"count":23,"href":"https:\/\/hoyre.no\/arna\/wp-json\/wp\/v2\/pages\/3\/revisions"}],"predecessor-version":[{"id":322,"href":"https:\/\/hoyre.no\/arna\/wp-json\/wp\/v2\/pages\/3\/revisions\/322"}],"wp:attachment":[{"href":"https:\/\/hoyre.no\/arna\/wp-json\/wp\/v2\/media?parent=3"}],"curies":[{"name":"wp","href":"https:\/\/api.w.org\/{rel}","templated":true}]}}