{"id":17,"date":"2022-07-20T06:06:44","date_gmt":"2022-07-20T04:06:44","guid":{"rendered":"https:\/\/hoyre.no\/aseral\/continue-with-vipps\/"},"modified":"2023-05-02T12:43:48","modified_gmt":"2023-05-02T10:43:48","slug":"continue-with-vipps","status":"publish","type":"page","link":"https:\/\/hoyre.no\/aseral\/politikk\/continue-with-vipps\/","title":{"rendered":"Continue with Vipps"},"content":{"rendered":"","protected":false},"excerpt":{"rendered":"","protected":false},"author":31444,"featured_media":0,"parent":24,"menu_order":0,"comment_status":"closed","ping_status":"closed","template":"","meta":{"teft_cards_image_url":"","teft_cards_custom_pretitle":"","teft_cards_image_id":0,"teft_cards_image_focal_point_x":0,"teft_cards_image_focal_point_y":0,"teft_cards_title":"","teft_cards_excerpt":"","teft_show_chapters":false,"footnotes":""},"class_list":["post-17","page","type-page","status-publish","hentry"],"yoast_head":"<!-- This site is optimized with the Yoast SEO plugin v26.6 - https:\/\/yoast.com\/wordpress\/plugins\/seo\/ -->\n<title>Continue with Vipps - \u00c5seral H\u00f8gre<\/title>\n<meta name=\"robots\" content=\"index, follow, max-snippet:-1, max-image-preview:large, max-video-preview:-1\" \/>\n<link rel=\"canonical\" href=\"https:\/\/hoyre.no\/aseral\/continue-with-vipps\/\" \/>\n<meta property=\"og:locale\" content=\"nn_NO\" \/>\n<meta property=\"og:type\" content=\"article\" \/>\n<meta property=\"og:title\" content=\"Continue with Vipps - \u00c5seral H\u00f8gre\" \/>\n<meta property=\"og:url\" content=\"https:\/\/hoyre.no\/aseral\/politikk\/continue-with-vipps\/\" \/>\n<meta property=\"og:site_name\" content=\"\u00c5seral H\u00f8gre\" \/>\n<meta property=\"article:modified_time\" content=\"2023-05-02T10:43:48+00:00\" \/>\n<meta property=\"og:image\" content=\"https:\/\/hoyre.no\/content\/uploads\/sites\/17\/2022\/11\/2020_RGB_hoyre_logo_profilbilde_011.png\" \/>\n\t<meta property=\"og:image:width\" content=\"1000\" \/>\n\t<meta property=\"og:image:height\" content=\"1000\" \/>\n\t<meta property=\"og:image:type\" content=\"image\/png\" \/>\n<meta name=\"twitter:card\" content=\"summary_large_image\" \/>\n<script type=\"application\/ld+json\" class=\"yoast-schema-graph\">{\"@context\":\"https:\/\/schema.org\",\"@graph\":[{\"@type\":\"WebPage\",\"@id\":\"https:\/\/hoyre.no\/aseral\/continue-with-vipps\/\",\"url\":\"https:\/\/hoyre.no\/aseral\/continue-with-vipps\/\",\"name\":\"Continue with Vipps - \u00c5seral H\u00f8gre\",\"isPartOf\":{\"@id\":\"https:\/\/hoyre.no\/aseral\/#website\"},\"datePublished\":\"2022-07-20T04:06:44+00:00\",\"dateModified\":\"2023-05-02T10:43:48+00:00\",\"breadcrumb\":{\"@id\":\"https:\/\/hoyre.no\/aseral\/continue-with-vipps\/#breadcrumb\"},\"inLanguage\":\"nn-NO\",\"potentialAction\":[{\"@type\":\"ReadAction\",\"target\":[\"https:\/\/hoyre.no\/aseral\/continue-with-vipps\/\"]}]},{\"@type\":\"BreadcrumbList\",\"@id\":\"https:\/\/hoyre.no\/aseral\/continue-with-vipps\/#breadcrumb\",\"itemListElement\":[{\"@type\":\"ListItem\",\"position\":1,\"name\":\"Til hoyre.no\",\"item\":\"https:\/\/hoyre.no\"},{\"@type\":\"ListItem\",\"position\":2,\"name\":\"Hjem\",\"item\":\"https:\/\/hoyre.no\/aseral\/\"},{\"@type\":\"ListItem\",\"position\":3,\"name\":\"Continue with Vipps\"}]},{\"@type\":\"WebSite\",\"@id\":\"https:\/\/hoyre.no\/aseral\/#website\",\"url\":\"https:\/\/hoyre.no\/aseral\/\",\"name\":\"\u00c5seral H\u00f8gre\",\"description\":\"Bare enda et H\u00f8yres nettsteder-nettsted\",\"inLanguage\":\"nn-NO\"}]}<\/script>\n<!-- \/ Yoast SEO plugin. -->","yoast_head_json":{"title":"Continue with Vipps - \u00c5seral H\u00f8gre","robots":{"index":"index","follow":"follow","max-snippet":"max-snippet:-1","max-image-preview":"max-image-preview:large","max-video-preview":"max-video-preview:-1"},"canonical":"https:\/\/hoyre.no\/aseral\/continue-with-vipps\/","og_locale":"nn_NO","og_type":"article","og_title":"Continue with Vipps - \u00c5seral H\u00f8gre","og_url":"https:\/\/hoyre.no\/aseral\/politikk\/continue-with-vipps\/","og_site_name":"\u00c5seral H\u00f8gre","article_modified_time":"2023-05-02T10:43:48+00:00","og_image":[{"width":1000,"height":1000,"url":"https:\/\/hoyre.no\/content\/uploads\/sites\/17\/2022\/11\/2020_RGB_hoyre_logo_profilbilde_011.png","type":"image\/png"}],"twitter_card":"summary_large_image","schema":{"@context":"https:\/\/schema.org","@graph":[{"@type":"WebPage","@id":"https:\/\/hoyre.no\/aseral\/continue-with-vipps\/","url":"https:\/\/hoyre.no\/aseral\/continue-with-vipps\/","name":"Continue with Vipps - \u00c5seral H\u00f8gre","isPartOf":{"@id":"https:\/\/hoyre.no\/aseral\/#website"},"datePublished":"2022-07-20T04:06:44+00:00","dateModified":"2023-05-02T10:43:48+00:00","breadcrumb":{"@id":"https:\/\/hoyre.no\/aseral\/continue-with-vipps\/#breadcrumb"},"inLanguage":"nn-NO","potentialAction":[{"@type":"ReadAction","target":["https:\/\/hoyre.no\/aseral\/continue-with-vipps\/"]}]},{"@type":"BreadcrumbList","@id":"https:\/\/hoyre.no\/aseral\/continue-with-vipps\/#breadcrumb","itemListElement":[{"@type":"ListItem","position":1,"name":"Til hoyre.no","item":"https:\/\/hoyre.no"},{"@type":"ListItem","position":2,"name":"Hjem","item":"https:\/\/hoyre.no\/aseral\/"},{"@type":"ListItem","position":3,"name":"Continue with Vipps"}]},{"@type":"WebSite","@id":"https:\/\/hoyre.no\/aseral\/#website","url":"https:\/\/hoyre.no\/aseral\/","name":"\u00c5seral H\u00f8gre","description":"Bare enda et H\u00f8yres nettsteder-nettsted","inLanguage":"nn-NO"}]}},"distributor_meta":false,"distributor_terms":false,"distributor_media":false,"distributor_original_site_name":"\u00c5seral H\u00f8gre","distributor_original_site_url":"https:\/\/hoyre.no\/aseral","push-errors":false,"_links":{"self":[{"href":"https:\/\/hoyre.no\/aseral\/wp-json\/wp\/v2\/pages\/17","targetHints":{"allow":["GET"]}}],"collection":[{"href":"https:\/\/hoyre.no\/aseral\/wp-json\/wp\/v2\/pages"}],"about":[{"href":"https:\/\/hoyre.no\/aseral\/wp-json\/wp\/v2\/types\/page"}],"author":[{"embeddable":true,"href":"https:\/\/hoyre.no\/aseral\/wp-json\/wp\/v2\/users\/31444"}],"replies":[{"embeddable":true,"href":"https:\/\/hoyre.no\/aseral\/wp-json\/wp\/v2\/comments?post=17"}],"version-history":[{"count":1,"href":"https:\/\/hoyre.no\/aseral\/wp-json\/wp\/v2\/pages\/17\/revisions"}],"predecessor-version":[{"id":27,"href":"https:\/\/hoyre.no\/aseral\/wp-json\/wp\/v2\/pages\/17\/revisions\/27"}],"up":[{"embeddable":true,"href":"https:\/\/hoyre.no\/aseral\/wp-json\/wp\/v2\/pages\/24"}],"wp:attachment":[{"href":"https:\/\/hoyre.no\/aseral\/wp-json\/wp\/v2\/media?parent=17"}],"curies":[{"name":"wp","href":"https:\/\/api.w.org\/{rel}","templated":true}]}}