{"id":588,"date":"2023-05-16T13:02:35","date_gmt":"2023-05-16T11:02:35","guid":{"rendered":"https:\/\/hoyre.no\/asker\/?page_id=588"},"modified":"2023-11-21T14:05:26","modified_gmt":"2023-11-21T13:05:26","slug":"10-gode-grunner-til-a-stemme-hoyre-i-asker","status":"publish","type":"page","link":"https:\/\/hoyre.no\/asker\/10-gode-grunner-til-a-stemme-hoyre-i-asker\/","title":{"rendered":"10 gode grunner til \u00e5 stemme H\u00f8yre i Asker"},"content":{"rendered":"\n<div class=\"wp-block-hoyre-hero with-image-gradient text-color-light  has-media alignfull has-background\"><div class=\"hoyre-hero has-image\"><h1 class=\"title\">10 gode grunner til \u00e5 stemme H\u00f8yre i Asker<\/h1><p class=\"preamble\">Her har du ti gode grunner til \u00e5 stemme H\u00f8yre i Asker.<\/p>\t\t\t<div class=\"post-meta wp-block teft-byline-wrapper\">\n\t\t\t\t<div class=\"top\">\n\t\t\t\t\t<div class=\"signature\">\n\t\t\t\t\t\t<div class=\"teft-byline\">\n\t\t\t\t\t\t\t\t\t\t\t\t\t\t<div>\n\t\t\t\t\t\t\t\t<h3>H\u00f8yres redaksjon<\/h3>\t\t\t\t\t\t\t\t\n\t\t\t\t\t\t\t\t\t\t\t\t\t\t\t\t\t<span class=\"date\">Sist oppdatert: 21. november 2023<\/span>\n\t\t\t\t\t\t\t\t\t\t\t\t\t\t\t\t\t\t\t\t\t\t\t\t\t<span class=\"reading-time\" itemprop=\"timeRequired\" content=\"PT4M\"><em>Ca. 4 minutter lesetid<\/em><\/span>\n\t\t\t\t\t\t\t\t\t\t\t\t\t\t\t<\/div>\n\t\t\t\t\t\t<\/div>\n\t\t\t\t\t<\/div>\n\t\t\t\t\t\t<div class=\"sharing\">\n\t\t<a class=\"share-button share-link copy-link\" data-copy=\"https:\/\/hoyre.no\/asker\/10-gode-grunner-til-a-stemme-hoyre-i-asker\/\" target=\"_blank\"><span class=\"screen-reader-text\">Del link<\/span><\/a>\n\t\t<a class=\"share-button share-twitter\" href=\"http:\/\/twitter.com\/share?text=10 gode grunner til \u00e5 stemme H\u00f8yre i Asker&#038;url=https:\/\/hoyre.no\/asker\/10-gode-grunner-til-a-stemme-hoyre-i-asker\/&#038;hashtags=Hoyre\" target=\"_blank\"><span class=\"screen-reader-text\">Del p\u00e5 twitter<\/span><\/a>\n\t\t<a class=\"share-button share-facebook\" href=\"https:\/\/www.facebook.com\/sharer\/sharer.php?u=https:\/\/hoyre.no\/asker\/10-gode-grunner-til-a-stemme-hoyre-i-asker\/\" target=\"_blank\"><span class=\"screen-reader-text\">Del p\u00e5 facebook<\/span><\/a>\n\t<\/div>\n\t\t\t\t\t<\/div>\n\t\t\t<\/div>\n\n\t\t\t<figure class=\"hoyre-image-wrapper\"><div class=\"hoyre-image\"><img loading=\"lazy\" decoding=\"async\" width=\"2500\" height=\"1874\" src=\"https:\/\/hoyre.no\/content\/uploads\/sites\/204\/2023\/05\/Asker-scaled.jpg\" class=\"attachment-scaled size-scaled\" alt=\"\" style=\"object-position: 50% 50%\" srcset=\"https:\/\/hoyre.no\/content\/uploads\/sites\/204\/2023\/05\/Asker-scaled.jpg 2500w, https:\/\/hoyre.no\/content\/uploads\/sites\/204\/2023\/05\/Asker-300x225.jpg 300w, https:\/\/hoyre.no\/content\/uploads\/sites\/204\/2023\/05\/Asker-1024x768.jpg 1024w, https:\/\/hoyre.no\/content\/uploads\/sites\/204\/2023\/05\/Asker-768x576.jpg 768w, https:\/\/hoyre.no\/content\/uploads\/sites\/204\/2023\/05\/Asker-1536x1152.jpg 1536w, https:\/\/hoyre.no\/content\/uploads\/sites\/204\/2023\/05\/Asker-2048x1535.jpg 2048w\" sizes=\"auto, (max-width: 2500px) 100vw, 2500px\" \/><\/div><\/figure><\/div><\/div>\n\n\n\n\n<div class=\"wp-block-media-text alignwide is-stacked-on-mobile\"><figure class=\"wp-block-media-text__media\"><img loading=\"lazy\" decoding=\"async\" width=\"1024\" height=\"768\" src=\"https:\/\/hoyre.no\/content\/uploads\/sites\/204\/2023\/05\/1.-Lene-2-1024x768.jpg\" alt=\"\" class=\"wp-image-602 size-full\" srcset=\"https:\/\/hoyre.no\/content\/uploads\/sites\/204\/2023\/05\/1.-Lene-2-1024x768.jpg 1024w, https:\/\/hoyre.no\/content\/uploads\/sites\/204\/2023\/05\/1.-Lene-2-300x225.jpg 300w, https:\/\/hoyre.no\/content\/uploads\/sites\/204\/2023\/05\/1.-Lene-2-768x576.jpg 768w, https:\/\/hoyre.no\/content\/uploads\/sites\/204\/2023\/05\/1.-Lene-2-1536x1151.jpg 1536w, https:\/\/hoyre.no\/content\/uploads\/sites\/204\/2023\/05\/1.-Lene-2-2048x1535.jpg 2048w\" sizes=\"auto, (max-width: 1024px) 100vw, 1024px\" \/><\/figure><div class=\"wp-block-media-text__content\">\n<h2 class=\"wp-block-heading\" id=\"h-1-fortsatt-trygg-ledelse-og-okonomistyring-av-kommunen-uten-kommunal-eiendomsskatt\">1. Fortsatt trygg ledelse og \u00f8konomistyring av kommunen, uten kommunal eiendomsskatt<\/h2>\n\n\n\n<p>Vi trenger nye l\u00f8sninger og alle gode krefter, b\u00e5de offentlige, private og frivillige, for \u00e5 utvikle velferdstjenestene fremover.<\/p>\n<\/div><\/div>\n\n\n\n<div class=\"wp-block-media-text alignwide has-media-on-the-right is-stacked-on-mobile\"><div class=\"wp-block-media-text__content\">\n<h2 class=\"wp-block-heading\" id=\"h-2-alle-barn-skal-fa-en-god-start-pa-livet\">2. Alle barn skal f\u00e5 en god start p\u00e5 livet<\/h2>\n\n\n\n<p>Asker skal v\u00e6re et godt sted \u00e5 vokse opp, der det er trygge barnehager, gode helsetjenester, og godt samarbeid mellom kommune og hjem.<\/p>\n<\/div><figure class=\"wp-block-media-text__media\"><img loading=\"lazy\" decoding=\"async\" width=\"1024\" height=\"768\" src=\"https:\/\/hoyre.no\/content\/uploads\/sites\/204\/2023\/05\/2.-Havard-1024x768.jpg\" alt=\"\" class=\"wp-image-593 size-full\" srcset=\"https:\/\/hoyre.no\/content\/uploads\/sites\/204\/2023\/05\/2.-Havard-1024x768.jpg 1024w, https:\/\/hoyre.no\/content\/uploads\/sites\/204\/2023\/05\/2.-Havard-300x225.jpg 300w, https:\/\/hoyre.no\/content\/uploads\/sites\/204\/2023\/05\/2.-Havard-768x576.jpg 768w, https:\/\/hoyre.no\/content\/uploads\/sites\/204\/2023\/05\/2.-Havard-1536x1152.jpg 1536w, https:\/\/hoyre.no\/content\/uploads\/sites\/204\/2023\/05\/2.-Havard-2048x1536.jpg 2048w\" sizes=\"auto, (max-width: 1024px) 100vw, 1024px\" \/><\/figure><\/div>\n\n\n\n<div class=\"wp-block-media-text alignwide is-stacked-on-mobile\"><figure class=\"wp-block-media-text__media\"><img loading=\"lazy\" decoding=\"async\" width=\"1024\" height=\"768\" src=\"https:\/\/hoyre.no\/content\/uploads\/sites\/204\/2023\/05\/3.-Monica-1024x768.jpg\" alt=\"\" class=\"wp-image-594 size-full\" srcset=\"https:\/\/hoyre.no\/content\/uploads\/sites\/204\/2023\/05\/3.-Monica-1024x768.jpg 1024w, https:\/\/hoyre.no\/content\/uploads\/sites\/204\/2023\/05\/3.-Monica-300x225.jpg 300w, https:\/\/hoyre.no\/content\/uploads\/sites\/204\/2023\/05\/3.-Monica-768x576.jpg 768w, https:\/\/hoyre.no\/content\/uploads\/sites\/204\/2023\/05\/3.-Monica-1536x1152.jpg 1536w, https:\/\/hoyre.no\/content\/uploads\/sites\/204\/2023\/05\/3.-Monica-2048x1536.jpg 2048w\" sizes=\"auto, (max-width: 1024px) 100vw, 1024px\" \/><\/figure><div class=\"wp-block-media-text__content\">\n<h2 class=\"wp-block-heading\" id=\"h-3-askerskolen-skal-vaere-av-hoy-kvalitet-og-gi-muligheter-for-alle\">3. Askerskolen skal v\u00e6re av h\u00f8y kvalitet og gi muligheter for alle<\/h2>\n\n\n\n<p>Barn og unge skal glede seg til \u00e5 g\u00e5 p\u00e5 skolen, f\u00e5 mulighet til \u00e5 utvikle seg, oppleve mestring og v\u00e6re del av et fellesskap.<\/p>\n<\/div><\/div>\n\n\n\n<div class=\"wp-block-media-text alignwide has-media-on-the-right is-stacked-on-mobile\"><div class=\"wp-block-media-text__content\">\n<h2 class=\"wp-block-heading\" id=\"h-4-alle-skal-fa-god-helsehjelp-nar-de-trenger-det\">4. Alle skal f\u00e5 god helsehjelp n\u00e5r de trenger det<\/h2>\n\n\n\n<p>Asker H\u00f8yre vil fortsette \u00e5 styrke kvaliteten i helsetilbudet og satse enda mer p\u00e5 forebygging og rehabilitering.<\/p>\n<\/div><figure class=\"wp-block-media-text__media\"><img loading=\"lazy\" decoding=\"async\" width=\"1024\" height=\"768\" src=\"https:\/\/hoyre.no\/content\/uploads\/sites\/204\/2023\/05\/4.-Cecilie-2-1024x768.jpeg\" alt=\"\" class=\"wp-image-603 size-full\" srcset=\"https:\/\/hoyre.no\/content\/uploads\/sites\/204\/2023\/05\/4.-Cecilie-2-1024x768.jpeg 1024w, https:\/\/hoyre.no\/content\/uploads\/sites\/204\/2023\/05\/4.-Cecilie-2-300x225.jpeg 300w, https:\/\/hoyre.no\/content\/uploads\/sites\/204\/2023\/05\/4.-Cecilie-2-768x576.jpeg 768w, https:\/\/hoyre.no\/content\/uploads\/sites\/204\/2023\/05\/4.-Cecilie-2-1536x1152.jpeg 1536w, https:\/\/hoyre.no\/content\/uploads\/sites\/204\/2023\/05\/4.-Cecilie-2.jpeg 1869w\" sizes=\"auto, (max-width: 1024px) 100vw, 1024px\" \/><\/figure><\/div>\n\n\n\n<div class=\"wp-block-media-text alignwide is-stacked-on-mobile\"><figure class=\"wp-block-media-text__media\"><img loading=\"lazy\" decoding=\"async\" width=\"1024\" height=\"768\" src=\"https:\/\/hoyre.no\/content\/uploads\/sites\/204\/2023\/05\/5.-Tormod-2-1024x768.jpg\" alt=\"\" class=\"wp-image-604 size-full\" srcset=\"https:\/\/hoyre.no\/content\/uploads\/sites\/204\/2023\/05\/5.-Tormod-2-1024x768.jpg 1024w, https:\/\/hoyre.no\/content\/uploads\/sites\/204\/2023\/05\/5.-Tormod-2-300x225.jpg 300w, https:\/\/hoyre.no\/content\/uploads\/sites\/204\/2023\/05\/5.-Tormod-2-768x576.jpg 768w, https:\/\/hoyre.no\/content\/uploads\/sites\/204\/2023\/05\/5.-Tormod-2-1536x1152.jpg 1536w, https:\/\/hoyre.no\/content\/uploads\/sites\/204\/2023\/05\/5.-Tormod-2-2048x1536.jpg 2048w\" sizes=\"auto, (max-width: 1024px) 100vw, 1024px\" \/><\/figure><div class=\"wp-block-media-text__content\">\n<h2 class=\"wp-block-heading\" id=\"h-5-alle-skal-ha-mulighet-til-a-vaere-aktive-og-a-delta-pa-fritidsaktiviteter\">5. Alle skal ha mulighet til \u00e5 v\u00e6re aktive og \u00e5 delta p\u00e5 fritidsaktiviteter<\/h2>\n\n\n\n<p>Asker har flotte friluftsomr\u00e5der, er kjent som en sterk idrettskommune og vi har et rikt kulturliv.<\/p>\n<\/div><\/div>\n\n\n\n<div class=\"wp-block-media-text alignwide has-media-on-the-right is-stacked-on-mobile\"><div class=\"wp-block-media-text__content\">\n<h2 class=\"wp-block-heading\" id=\"h-6-asker-hoyre-er-pa-lag-med-de-som-skaper-lokale-arbeidsplasser\">6. Asker H\u00f8yre er p\u00e5 lag med de som skaper lokale arbeidsplasser<\/h2>\n\n\n\n<p>Asker H\u00f8yre heier p\u00e5 mennesker som \u00f8nsker \u00e5 skape noe, og vi vil s\u00f8rge for at Asker har de beste vilk\u00e5rene for n\u00e6ringsliv, nyskapning og vekst.<\/p>\n<\/div><figure class=\"wp-block-media-text__media\"><img loading=\"lazy\" decoding=\"async\" width=\"1024\" height=\"768\" src=\"https:\/\/hoyre.no\/content\/uploads\/sites\/204\/2023\/05\/6.-Lars-1024x768.jpg\" alt=\"\" class=\"wp-image-597 size-full\" srcset=\"https:\/\/hoyre.no\/content\/uploads\/sites\/204\/2023\/05\/6.-Lars-1024x768.jpg 1024w, https:\/\/hoyre.no\/content\/uploads\/sites\/204\/2023\/05\/6.-Lars-300x225.jpg 300w, https:\/\/hoyre.no\/content\/uploads\/sites\/204\/2023\/05\/6.-Lars-768x576.jpg 768w, https:\/\/hoyre.no\/content\/uploads\/sites\/204\/2023\/05\/6.-Lars-1536x1152.jpg 1536w, https:\/\/hoyre.no\/content\/uploads\/sites\/204\/2023\/05\/6.-Lars-2048x1536.jpg 2048w\" sizes=\"auto, (max-width: 1024px) 100vw, 1024px\" \/><\/figure><\/div>\n\n\n\n<div class=\"wp-block-media-text alignwide is-stacked-on-mobile\"><figure class=\"wp-block-media-text__media\"><img loading=\"lazy\" decoding=\"async\" width=\"1024\" height=\"768\" src=\"https:\/\/hoyre.no\/content\/uploads\/sites\/204\/2023\/05\/7.-Stig-1024x768.jpg\" alt=\"\" class=\"wp-image-598 size-full\" srcset=\"https:\/\/hoyre.no\/content\/uploads\/sites\/204\/2023\/05\/7.-Stig-1024x768.jpg 1024w, https:\/\/hoyre.no\/content\/uploads\/sites\/204\/2023\/05\/7.-Stig-300x225.jpg 300w, https:\/\/hoyre.no\/content\/uploads\/sites\/204\/2023\/05\/7.-Stig-768x576.jpg 768w, https:\/\/hoyre.no\/content\/uploads\/sites\/204\/2023\/05\/7.-Stig.jpg 1280w\" sizes=\"auto, (max-width: 1024px) 100vw, 1024px\" \/><\/figure><div class=\"wp-block-media-text__content\">\n<h2 class=\"wp-block-heading\" id=\"h-7-asker-skal-ligge-i-front-i-den-gronne-omstillingen\">7. Asker skal ligge i front i den gr\u00f8nne omstillingen<\/h2>\n\n\n\n<p>Asker H\u00f8yre mener vi kan n\u00e5 lokale og nasjonale klima- og milj\u00f8m\u00e5l uten \u00e5 stanse utviklingen.<\/p>\n<\/div><\/div>\n\n\n\n<div class=\"wp-block-media-text alignwide has-media-on-the-right is-stacked-on-mobile\"><div class=\"wp-block-media-text__content\">\n<h2 class=\"wp-block-heading\" id=\"h-8-vi-vil-ta-vare-pa-askers-bla-og-gronne-kulturlandskap\">8. Vi vil ta vare p\u00e5 Askers bl\u00e5 og gr\u00f8nne kulturlandskap<\/h2>\n\n\n\n<p>Det skal v\u00e6re god balanse mellom vekst og vern i arealpolitikken slik at vi tar vare p\u00e5 Askers naturgitte og historiske kvaliteter, samt v\u00e5rt unike naturmangfold.<\/p>\n<\/div><figure class=\"wp-block-media-text__media\"><img loading=\"lazy\" decoding=\"async\" width=\"1024\" height=\"768\" src=\"https:\/\/hoyre.no\/content\/uploads\/sites\/204\/2023\/05\/8.-Line-2-1024x768.jpg\" alt=\"\" class=\"wp-image-605 size-full\" srcset=\"https:\/\/hoyre.no\/content\/uploads\/sites\/204\/2023\/05\/8.-Line-2-1024x768.jpg 1024w, https:\/\/hoyre.no\/content\/uploads\/sites\/204\/2023\/05\/8.-Line-2-300x225.jpg 300w, https:\/\/hoyre.no\/content\/uploads\/sites\/204\/2023\/05\/8.-Line-2-768x576.jpg 768w, https:\/\/hoyre.no\/content\/uploads\/sites\/204\/2023\/05\/8.-Line-2-1536x1152.jpg 1536w, https:\/\/hoyre.no\/content\/uploads\/sites\/204\/2023\/05\/8.-Line-2-2048x1536.jpg 2048w\" sizes=\"auto, (max-width: 1024px) 100vw, 1024px\" \/><\/figure><\/div>\n\n\n\n<div class=\"wp-block-media-text alignwide is-stacked-on-mobile\"><figure class=\"wp-block-media-text__media\"><img loading=\"lazy\" decoding=\"async\" width=\"1024\" height=\"768\" src=\"https:\/\/hoyre.no\/content\/uploads\/sites\/204\/2023\/05\/9.-Vanessa-og-Marcus-1024x768.jpg\" alt=\"\" class=\"wp-image-600 size-full\" srcset=\"https:\/\/hoyre.no\/content\/uploads\/sites\/204\/2023\/05\/9.-Vanessa-og-Marcus-1024x768.jpg 1024w, https:\/\/hoyre.no\/content\/uploads\/sites\/204\/2023\/05\/9.-Vanessa-og-Marcus-300x225.jpg 300w, https:\/\/hoyre.no\/content\/uploads\/sites\/204\/2023\/05\/9.-Vanessa-og-Marcus-768x576.jpg 768w, https:\/\/hoyre.no\/content\/uploads\/sites\/204\/2023\/05\/9.-Vanessa-og-Marcus-1536x1152.jpg 1536w, https:\/\/hoyre.no\/content\/uploads\/sites\/204\/2023\/05\/9.-Vanessa-og-Marcus-2048x1536.jpg 2048w\" sizes=\"auto, (max-width: 1024px) 100vw, 1024px\" \/><\/figure><div class=\"wp-block-media-text__content\">\n<h2 class=\"wp-block-heading\" id=\"h-9-vi-vil-jobbe-for-miljovennlig-transport-og-trygge-veier\">9. Vi vil jobbe for milj\u00f8vennlig transport og trygge veier<\/h2>\n\n\n\n<p>Asker H\u00f8yre vil jobbe for et styrket tilbud med buss, tog og b\u00e5t, legge til rette for flere innfartsparkeringsplasser og utvikle sykkelveinettet.<\/p>\n<\/div><\/div>\n\n\n\n<div class=\"wp-block-media-text alignwide has-media-on-the-right is-stacked-on-mobile\"><div class=\"wp-block-media-text__content\">\n<h2 class=\"wp-block-heading\" id=\"h-10-vi-vil-styrke-fellesskapet-i-asker-og-fore-en-politikk-for-inkluderende-lokalsamfunn-og-gode-bomiljoer\">10. Vi vil styrke fellesskapet i Asker og f\u00f8re en politikk for inkluderende lokalsamfunn og gode bomilj\u00f8er<\/h2>\n\n\n\n<p>For \u00e5 sikre gode bomilj\u00f8er vil vi fortsette utviklingen av v\u00e5re tettsteder med et mangfold av kultur, handel og service.<\/p>\n<\/div><figure class=\"wp-block-media-text__media\"><img loading=\"lazy\" decoding=\"async\" width=\"1024\" height=\"768\" src=\"https:\/\/hoyre.no\/content\/uploads\/sites\/204\/2023\/05\/10.-Heidi-Merete-2-1024x768.jpg\" alt=\"\" class=\"wp-image-606 size-full\" srcset=\"https:\/\/hoyre.no\/content\/uploads\/sites\/204\/2023\/05\/10.-Heidi-Merete-2-1024x768.jpg 1024w, https:\/\/hoyre.no\/content\/uploads\/sites\/204\/2023\/05\/10.-Heidi-Merete-2-300x225.jpg 300w, https:\/\/hoyre.no\/content\/uploads\/sites\/204\/2023\/05\/10.-Heidi-Merete-2-768x576.jpg 768w, https:\/\/hoyre.no\/content\/uploads\/sites\/204\/2023\/05\/10.-Heidi-Merete-2.jpg 1533w\" sizes=\"auto, (max-width: 1024px) 100vw, 1024px\" \/><\/figure><\/div>\n\n\n\n<p><strong>N\u00e5 har du lest ti gode grunner til \u00e5 stemme H\u00f8yre i Asker, men det finnes mange flere! Dersom du ikke fant din hjertesak p\u00e5 listen, kan vi anbefale deg \u00e5 ta en kikk i programmet v\u00e5rt. Her kan du finne ut hva H\u00f8yre mener om det som er viktigst for deg<\/strong>:<\/p>\n\n\n\n<div class=\"wp-block-teft-accentuated-link undefined has-image\"><div class=\"kf-link__wrapper\"><div class=\"kf-link__tagline\">Dette g\u00e5r H\u00f8yre til valg p\u00e5 i 2023:<\/div><a class=\"kf-link__link\" href=\"https:\/\/hoyre.no\/asker\/politikk\/\" rel=\"https:\/\/hoyre.no\/asker\/politikk\/\">Asker H\u00f8yres valgprogram 2023-2027<span class=\"kf-link__link-source\">hoyre.no<\/span><\/a><\/div><figure class=\"hoyre-image-wrapper\"><div class=\"hoyre-image\"><\/div><\/figure><\/div>\n\n","protected":false},"excerpt":{"rendered":"","protected":false},"author":11570,"featured_media":0,"parent":0,"menu_order":0,"comment_status":"closed","ping_status":"closed","template":"","meta":{"teft_cards_image_url":"","teft_cards_custom_pretitle":"","teft_cards_image_id":0,"teft_cards_image_focal_point_x":0,"teft_cards_image_focal_point_y":0,"teft_cards_title":"10 gode grunner til \u00e5 stemme H\u00f8yre i Asker","teft_cards_excerpt":"","teft_show_chapters":false,"footnotes":""},"class_list":["post-588","page","type-page","status-publish","hentry"],"yoast_head":"<!-- This site is optimized with the Yoast SEO plugin v26.6 - https:\/\/yoast.com\/wordpress\/plugins\/seo\/ -->\n<title>10 gode grunner til \u00e5 stemme H\u00f8yre i Asker - Asker H\u00f8yre<\/title>\n<meta name=\"robots\" content=\"index, follow, max-snippet:-1, max-image-preview:large, max-video-preview:-1\" \/>\n<link rel=\"canonical\" href=\"https:\/\/hoyre.no\/asker\/10-gode-grunner-til-a-stemme-hoyre-i-asker\/\" \/>\n<meta property=\"og:locale\" content=\"nb_NO\" \/>\n<meta property=\"og:type\" content=\"article\" \/>\n<meta property=\"og:title\" content=\"10 gode grunner til \u00e5 stemme H\u00f8yre i Asker - Asker H\u00f8yre\" \/>\n<meta property=\"og:url\" content=\"https:\/\/hoyre.no\/asker\/10-gode-grunner-til-a-stemme-hoyre-i-asker\/\" \/>\n<meta property=\"og:site_name\" content=\"Asker H\u00f8yre\" \/>\n<meta property=\"article:modified_time\" content=\"2023-11-21T13:05:26+00:00\" \/>\n<meta property=\"og:image\" content=\"https:\/\/hoyre.no\/content\/uploads\/sites\/204\/2023\/05\/1.-Lene-2-1024x768.jpg\" \/>\n<meta name=\"twitter:card\" content=\"summary_large_image\" \/>\n<meta name=\"twitter:label1\" content=\"Ansl. lesetid\" \/>\n\t<meta name=\"twitter:data1\" content=\"5 minutter\" \/>\n<script type=\"application\/ld+json\" class=\"yoast-schema-graph\">{\"@context\":\"https:\/\/schema.org\",\"@graph\":[{\"@type\":\"WebPage\",\"@id\":\"https:\/\/hoyre.no\/asker\/10-gode-grunner-til-a-stemme-hoyre-i-asker\/\",\"url\":\"https:\/\/hoyre.no\/asker\/10-gode-grunner-til-a-stemme-hoyre-i-asker\/\",\"name\":\"10 gode grunner til \u00e5 stemme H\u00f8yre i Asker - Asker H\u00f8yre\",\"isPartOf\":{\"@id\":\"https:\/\/hoyre.no\/asker\/#website\"},\"image\":{\"@id\":\"https:\/\/hoyre.no\/asker\/10-gode-grunner-til-a-stemme-hoyre-i-asker\/#primaryimage\"},\"thumbnailUrl\":\"https:\/\/hoyre.no\/content\/uploads\/sites\/204\/2023\/05\/1.-Lene-2-1024x768.jpg\",\"datePublished\":\"2023-05-16T11:02:35+00:00\",\"dateModified\":\"2023-11-21T13:05:26+00:00\",\"breadcrumb\":{\"@id\":\"https:\/\/hoyre.no\/asker\/10-gode-grunner-til-a-stemme-hoyre-i-asker\/#breadcrumb\"},\"inLanguage\":\"nb-NO\",\"potentialAction\":[{\"@type\":\"ReadAction\",\"target\":[\"https:\/\/hoyre.no\/asker\/10-gode-grunner-til-a-stemme-hoyre-i-asker\/\"]}]},{\"@type\":\"ImageObject\",\"inLanguage\":\"nb-NO\",\"@id\":\"https:\/\/hoyre.no\/asker\/10-gode-grunner-til-a-stemme-hoyre-i-asker\/#primaryimage\",\"url\":\"https:\/\/hoyre.no\/content\/uploads\/sites\/204\/2023\/05\/1.-Lene-2-1024x768.jpg\",\"contentUrl\":\"https:\/\/hoyre.no\/content\/uploads\/sites\/204\/2023\/05\/1.-Lene-2-1024x768.jpg\"},{\"@type\":\"BreadcrumbList\",\"@id\":\"https:\/\/hoyre.no\/asker\/10-gode-grunner-til-a-stemme-hoyre-i-asker\/#breadcrumb\",\"itemListElement\":[{\"@type\":\"ListItem\",\"position\":1,\"name\":\"Til hoyre.no\",\"item\":\"https:\/\/hoyre.no\"},{\"@type\":\"ListItem\",\"position\":2,\"name\":\"Hjem\",\"item\":\"https:\/\/hoyre.no\/asker\/\"},{\"@type\":\"ListItem\",\"position\":3,\"name\":\"10 gode grunner til \u00e5 stemme H\u00f8yre i Asker\"}]},{\"@type\":\"WebSite\",\"@id\":\"https:\/\/hoyre.no\/asker\/#website\",\"url\":\"https:\/\/hoyre.no\/asker\/\",\"name\":\"Asker H\u00f8yre\",\"description\":\"Bare enda et H\u00f8yres nettsteder-nettsted\",\"inLanguage\":\"nb-NO\"}]}<\/script>\n<!-- \/ Yoast SEO plugin. -->","yoast_head_json":{"title":"10 gode grunner til \u00e5 stemme H\u00f8yre i Asker - Asker H\u00f8yre","robots":{"index":"index","follow":"follow","max-snippet":"max-snippet:-1","max-image-preview":"max-image-preview:large","max-video-preview":"max-video-preview:-1"},"canonical":"https:\/\/hoyre.no\/asker\/10-gode-grunner-til-a-stemme-hoyre-i-asker\/","og_locale":"nb_NO","og_type":"article","og_title":"10 gode grunner til \u00e5 stemme H\u00f8yre i Asker - Asker H\u00f8yre","og_url":"https:\/\/hoyre.no\/asker\/10-gode-grunner-til-a-stemme-hoyre-i-asker\/","og_site_name":"Asker H\u00f8yre","article_modified_time":"2023-11-21T13:05:26+00:00","og_image":[{"url":"https:\/\/hoyre.no\/content\/uploads\/sites\/204\/2023\/05\/1.-Lene-2-1024x768.jpg","type":"","width":"","height":""}],"twitter_card":"summary_large_image","twitter_misc":{"Ansl. lesetid":"5 minutter"},"schema":{"@context":"https:\/\/schema.org","@graph":[{"@type":"WebPage","@id":"https:\/\/hoyre.no\/asker\/10-gode-grunner-til-a-stemme-hoyre-i-asker\/","url":"https:\/\/hoyre.no\/asker\/10-gode-grunner-til-a-stemme-hoyre-i-asker\/","name":"10 gode grunner til \u00e5 stemme H\u00f8yre i Asker - Asker H\u00f8yre","isPartOf":{"@id":"https:\/\/hoyre.no\/asker\/#website"},"image":{"@id":"https:\/\/hoyre.no\/asker\/10-gode-grunner-til-a-stemme-hoyre-i-asker\/#primaryimage"},"thumbnailUrl":"https:\/\/hoyre.no\/content\/uploads\/sites\/204\/2023\/05\/1.-Lene-2-1024x768.jpg","datePublished":"2023-05-16T11:02:35+00:00","dateModified":"2023-11-21T13:05:26+00:00","breadcrumb":{"@id":"https:\/\/hoyre.no\/asker\/10-gode-grunner-til-a-stemme-hoyre-i-asker\/#breadcrumb"},"inLanguage":"nb-NO","potentialAction":[{"@type":"ReadAction","target":["https:\/\/hoyre.no\/asker\/10-gode-grunner-til-a-stemme-hoyre-i-asker\/"]}]},{"@type":"ImageObject","inLanguage":"nb-NO","@id":"https:\/\/hoyre.no\/asker\/10-gode-grunner-til-a-stemme-hoyre-i-asker\/#primaryimage","url":"https:\/\/hoyre.no\/content\/uploads\/sites\/204\/2023\/05\/1.-Lene-2-1024x768.jpg","contentUrl":"https:\/\/hoyre.no\/content\/uploads\/sites\/204\/2023\/05\/1.-Lene-2-1024x768.jpg"},{"@type":"BreadcrumbList","@id":"https:\/\/hoyre.no\/asker\/10-gode-grunner-til-a-stemme-hoyre-i-asker\/#breadcrumb","itemListElement":[{"@type":"ListItem","position":1,"name":"Til hoyre.no","item":"https:\/\/hoyre.no"},{"@type":"ListItem","position":2,"name":"Hjem","item":"https:\/\/hoyre.no\/asker\/"},{"@type":"ListItem","position":3,"name":"10 gode grunner til \u00e5 stemme H\u00f8yre i Asker"}]},{"@type":"WebSite","@id":"https:\/\/hoyre.no\/asker\/#website","url":"https:\/\/hoyre.no\/asker\/","name":"Asker H\u00f8yre","description":"Bare enda et H\u00f8yres nettsteder-nettsted","inLanguage":"nb-NO"}]}},"distributor_meta":false,"distributor_terms":false,"distributor_media":false,"distributor_original_site_name":"Asker H\u00f8yre","distributor_original_site_url":"https:\/\/hoyre.no\/asker","push-errors":false,"_links":{"self":[{"href":"https:\/\/hoyre.no\/asker\/wp-json\/wp\/v2\/pages\/588","targetHints":{"allow":["GET"]}}],"collection":[{"href":"https:\/\/hoyre.no\/asker\/wp-json\/wp\/v2\/pages"}],"about":[{"href":"https:\/\/hoyre.no\/asker\/wp-json\/wp\/v2\/types\/page"}],"author":[{"embeddable":true,"href":"https:\/\/hoyre.no\/asker\/wp-json\/wp\/v2\/users\/11570"}],"replies":[{"embeddable":true,"href":"https:\/\/hoyre.no\/asker\/wp-json\/wp\/v2\/comments?post=588"}],"version-history":[{"count":5,"href":"https:\/\/hoyre.no\/asker\/wp-json\/wp\/v2\/pages\/588\/revisions"}],"predecessor-version":[{"id":765,"href":"https:\/\/hoyre.no\/asker\/wp-json\/wp\/v2\/pages\/588\/revisions\/765"}],"wp:attachment":[{"href":"https:\/\/hoyre.no\/asker\/wp-json\/wp\/v2\/media?parent=588"}],"curies":[{"name":"wp","href":"https:\/\/api.w.org\/{rel}","templated":true}]}}