{"id":753,"date":"2023-09-05T12:25:03","date_gmt":"2023-09-05T10:25:03","guid":{"rendered":"https:\/\/hoyre.no\/asker\/?page_id=753"},"modified":"2023-11-21T14:05:45","modified_gmt":"2023-11-21T13:05:45","slug":"bli-bedre-kjent-med-lene","status":"publish","type":"page","link":"https:\/\/hoyre.no\/asker\/bli-bedre-kjent-med-lene\/","title":{"rendered":"Bli bedre kjent med Lene"},"content":{"rendered":"\n<h1 class=\"wp-block-heading\">Bli bedre kjent med Lene!<\/h1>\n\n\n\n<p><strong>Lene har v\u00e6rt ordf\u00f8rer i Asker i hele 16 \u00e5r, og stiller n\u00e5 til gjenvalg. Hun h\u00e5per p\u00e5 din stemme og tillit 11. september!<\/strong><\/p>\n\n\n\n<figure class=\"wp-block-image size-large\"><img loading=\"lazy\" decoding=\"async\" width=\"1024\" height=\"1024\" src=\"https:\/\/hoyre.no\/content\/uploads\/sites\/204\/2023\/09\/Hoyre-29-1024x1024.jpg\" alt=\"\" class=\"wp-image-751\" srcset=\"https:\/\/hoyre.no\/content\/uploads\/sites\/204\/2023\/09\/Hoyre-29-1024x1024.jpg 1024w, https:\/\/hoyre.no\/content\/uploads\/sites\/204\/2023\/09\/Hoyre-29-300x300.jpg 300w, https:\/\/hoyre.no\/content\/uploads\/sites\/204\/2023\/09\/Hoyre-29-150x150.jpg 150w, https:\/\/hoyre.no\/content\/uploads\/sites\/204\/2023\/09\/Hoyre-29-768x768.jpg 768w, https:\/\/hoyre.no\/content\/uploads\/sites\/204\/2023\/09\/Hoyre-29-1536x1536.jpg 1536w, https:\/\/hoyre.no\/content\/uploads\/sites\/204\/2023\/09\/Hoyre-29-2048x2048.jpg 2048w\" sizes=\"auto, (max-width: 1024px) 100vw, 1024px\" \/><figcaption class=\"wp-element-caption\">Vil du beholde Lene som ordf\u00f8rer? Da m\u00e5 du stemme H\u00f8yre!<\/figcaption><\/figure>\n\n\n\n\n<div class=\"wp-block-hoyre-banner undefined has-icon-title icon-heart\"><div class=\"banner-inner\"><div class=\"banner-content\"><div class=\"entry-content\">\n<h2 class=\"wp-block-heading has-text-align-center\">Bli bedre kjent med Lene!<\/h2>\n\n\n\n<p class=\"has-text-align-left\"><strong>Alder:<\/strong> 53 \u00e5r<\/p>\n\n\n\n<p class=\"has-text-align-left\"><strong>Bosted:<\/strong> Nesbru<\/p>\n\n\n\n<p class=\"has-text-align-left\"><strong>Sivilstatus:<\/strong> Gift med Jacob, og har tre barn: Jenny, Tom Fredrik og Hanna<\/p>\n\n\n\n<p class=\"has-text-align-left\"><strong>Jobb:<\/strong> Ordf\u00f8rer i 16 \u00e5r<\/p>\n\n\n\n<p class=\"has-text-align-left\"><strong>Utdanning:<\/strong> Jurist ved UiO<\/p>\n\n\n\n<p class=\"has-text-align-left\"><strong>Politisk erfaring:<\/strong> Politisk r\u00e5dgiver for ordf\u00f8rer Per Ditlev-Simonsen i Oslo, kommunestyrerepresentant for H\u00f8yre i Asker fra 1995, gruppeleder Asker H\u00f8yre, ordf\u00f8rer&nbsp;fra 2007<\/p>\n\n\n\n<div class=\"wp-block-buttons is-layout-flex wp-block-buttons-is-layout-flex\"><\/div>\n<\/div><\/div><\/div><\/div>\n\n\n\n\n<p><strong>Hvorfor er H\u00f8yre rett parti for deg?<\/strong><\/p>\n\n\n\n<p>For meg handler det om&nbsp;verdigrunnlaget tuftet p\u00e5 troen p\u00e5 enkeltmennesket, mangfold, valgfrihet, ansvar og ansvarlighet. H\u00f8yre vil l\u00f8se de store samfunnsutfordringene i samarbeid med frivilligheten og private akt\u00f8rer. Offentlig styring og regulering skal begrenses, h\u00f8yre mener du vet best hva som passer for deg. Vi skal m\u00e5les p\u00e5 v\u00e5r evne til \u00e5 ta vare p\u00e5 de mest s\u00e5rbare, men alltid fokusere p\u00e5 den enkeltes muligheter til \u00e5 delta og bidra.&nbsp;<\/p>\n\n\n\n<p><strong>Hvis du inviterer til middag hva serveres da?<\/strong><\/p>\n\n\n\n<p>Jeg m\u00e5 jo innr\u00f8mme at det ofte er Jacob som kokkelerer, og at vi er veldig glad i grillmat. Jeg er mer p\u00e5 de enkle, raske l\u00f8sningene som kyllingvinger og salat, tom kha gai suppe og taco. Aller viktigst og det beste er n\u00e5r vi samler familie og venner til middag &#8211; da er det egentlig litt underordnet hva som serveres. Hver s\u00f8ndag er en slik dag &#8211; for da er Tom Fredrik hjemme og vi samler oss s\u00e5 mange vi kan da for \u00e5 v\u00e6re sammen.&nbsp;<\/p>\n\n\n\n<p><strong>Beste konsertminne?<\/strong><\/p>\n\n\n\n<p>Konserten med Sammy David i Oslo konserthus i 1982 var en enorm opplevelse for en 12-\u00e5ring! Tony Bennett i Operaen var ogs\u00e5 en sjelsettende opplevelse, 86 \u00e5r gammel legendarisk artist med en fantastisk stemme og formidlingsevne. Ellers kunne jeg jo hatt tidenes konsertminne p\u00e5 Billy Joel-konsert ifjor sommer i Paris, hadde det bare ikke v\u00e6rt for at konserten fant sted i USA p\u00e5 Paris stadium i Indiana.<\/p>\n\n\n\n<p><strong>Idrettsminne?<\/strong><\/p>\n\n\n\n<p>Jeg stortrives p\u00e5 mange ulike tribuner og fors\u00f8ker \u00e5 f\u00e5 med meg lokale kamper og stevner med v\u00e5re lag som spiller p\u00e5 h\u00f8yt niv\u00e5, ishockey, basket, h\u00e5ndball, fotball, turn og sk\u00f8yter. Et h\u00f8ydepunkt var da Frisk ble seriemester i 2007\/2008 &#8211; da var det elektrisk stemning i hallen og jeg var fysisk uvel av nerv\u00f8sitet! Tilsvarende stas da de ble Noegesmestere i 2019. V\u00e5r \u00e5relange tradisjon med mesterlunsj i r\u00e5dhuset for gullmedaljevinnere er et av \u00e5rets h\u00f8ydepunkt.&nbsp;<\/p>\n\n\n\n<p><strong>Hvis du skulle valgt en, hva er din favorittartist?<\/strong><\/p>\n\n\n\n<p>Det er jo min mann som formidler sangen og historien om Elvis Presleys liv. Skulle jeg velge en profesjonell artist, da velger jeg Sigvart Dagsland.<\/p>\n\n\n\n<p><strong>Personlige egenskaper du vil fremheve?<\/strong><\/p>\n\n\n\n<p>Leken, godt hum\u00f8r, direkte, samlende, uh\u00f8ytidelig, familiekj\u00e6r, stor arbeidskapasitet.&nbsp;<\/p>\n\n\n\n<h2 class=\"wp-block-heading\"><strong>Mine hjertesaker<\/strong><\/h2>\n\n\n\n<p><strong>Ta vare p\u00e5 de mest s\u00e5rbare i samfunnet<\/strong><\/p>\n\n\n\n<p>Et velferdssamfunn skal m\u00e5les p\u00e5 hvordan det evner \u00e5 ta vare p\u00e5 de som av ulike \u00e5rsaker ikke kan klare seg selv. Du skal ha trygghet for \u00e5 f\u00e5 hjelp n\u00e5r du trenger det. Kjerneoppgavene trygg og god oppvekst og en verdig eldreomsorg skal prioriteres.<\/p>\n\n\n\n<p><strong>Tettstedsutvikling, balanse mellom vekst og vern og hensyn til milj\u00f8 og klima<\/strong><\/p>\n\n\n\n<p>N\u00e5r vi skal utvikle kommunen videre skal vi ta vare p\u00e5 v\u00e5re gr\u00f8nne identitet og tettstedenes s\u00e6rpreg og historie. Vi skal verne naturomr\u00e5der, marka og landbruksjord. Vi skal ta et s\u00e6rskilt ansvar for \u00e5 redde Oslofjorden.<\/p>\n\n\n\n<p><strong>Mer samarbeid mellom det offentlige, private n\u00e6ringslivet og frivilligheten<\/strong><\/p>\n\n\n\n<p>Med mindre offentlige inntekter og en demografi som tilsier at vi blir f\u00e6rre yrkesaktive per pensjonist m\u00e5 vi jobbe annerledes for \u00e5 fortsatt kunne levere trygghet for hjelp n\u00e5r du trenger det. Vi m\u00e5 samarbeide MER med samfunnet rundt oss, v\u00e6re \u00e5pne for private l\u00f8sninger og \u00f8kt samarbeid med frivilligheten.&nbsp;<\/p>\n\n\n\n<figure class=\"wp-block-image size-large\"><img loading=\"lazy\" decoding=\"async\" width=\"768\" height=\"1024\" src=\"https:\/\/hoyre.no\/content\/uploads\/sites\/204\/2023\/03\/Lene-Erna-768x1024.jpg\" alt=\"\" class=\"wp-image-405\" srcset=\"https:\/\/hoyre.no\/content\/uploads\/sites\/204\/2023\/03\/Lene-Erna-768x1024.jpg 768w, https:\/\/hoyre.no\/content\/uploads\/sites\/204\/2023\/03\/Lene-Erna-225x300.jpg 225w, https:\/\/hoyre.no\/content\/uploads\/sites\/204\/2023\/03\/Lene-Erna-1152x1536.jpg 1152w, https:\/\/hoyre.no\/content\/uploads\/sites\/204\/2023\/03\/Lene-Erna-1536x2048.jpg 1536w, https:\/\/hoyre.no\/content\/uploads\/sites\/204\/2023\/03\/Lene-Erna-scaled.jpg 1875w\" sizes=\"auto, (max-width: 768px) 100vw, 768px\" \/><\/figure>\n\n\n\n<h2 class=\"wp-block-heading\">Vil du komme i kontakt med Lene?<\/h2>\n\n\n\n<p><strong>Mobil:<\/strong> <a href=\"tel:91308369\">91308369<\/a><\/p>\n\n\n\n<p><strong>E-post:<\/strong> Lene.conradi@asker.kommune.no<\/p>\n\n\n\n\t\t<div class=\"has-pale-blue-background-color is-layout-left alignwide alignwide wp-block-hoyre-media-text\">\n\t\t\t<div class=\"hoyre-media-text__media\">\n\t\t\t\t<img loading=\"lazy\" decoding=\"async\" width=\"1024\" height=\"768\" src=\"https:\/\/hoyre.no\/content\/uploads\/sites\/204\/2023\/05\/Asker-1024x768.jpg\" class=\"hoyre-media-text__media-image\" alt=\"\" style=\"--focal: 69% 82%;\" srcset=\"https:\/\/hoyre.no\/content\/uploads\/sites\/204\/2023\/05\/Asker-1024x768.jpg 1024w, https:\/\/hoyre.no\/content\/uploads\/sites\/204\/2023\/05\/Asker-300x225.jpg 300w, https:\/\/hoyre.no\/content\/uploads\/sites\/204\/2023\/05\/Asker-768x576.jpg 768w, https:\/\/hoyre.no\/content\/uploads\/sites\/204\/2023\/05\/Asker-1536x1152.jpg 1536w, https:\/\/hoyre.no\/content\/uploads\/sites\/204\/2023\/05\/Asker-2048x1535.jpg 2048w\" sizes=\"auto, (max-width: 1024px) 100vw, 1024px\" \/>\n\t\t\t<\/div>\n\t\t\t<div class=\"hoyre-media-text__content\">\n\t\t\t\t<div class=\"hoyre-media-text__content-inner\">\n\t\t\t\t\t\n\t\t\t<div class=\"hoyre-media-text__title-container\">\n\t\t\t\t\n\t\t\t\t<h2 class=\"hoyre-media-text__title\">Ti gode grunner til<br>\u00e5 stemme H\u00f8yre i Asker<\/h2>\n\t\t\t<\/div>\n\t\t\t\n\t\t\t\t\t<div class=\"hoyre-media-text__blocks\">\n<p><\/p>\n<\/div>\n\t\t\t\t\t\n\t\t\t<div class=\"hoyre-media-text__buttons\">\n\t\t\t\t<a class=\"button\" href=\"https:\/\/hoyre.no\/asker\/10-gode-grunner-til-a-stemme-hoyre-i-asker\/\">Les mer<\/a>\n\t\t\t<\/div>\n\t\t\t\n\t\t\t\t<\/div>\n\t\t\t<\/div>\n\t\t<\/div>\n\t\t","protected":false},"excerpt":{"rendered":"<p>Bli bedre kjent med Lene! Lene har v\u00e6rt ordf\u00f8rer i Asker i hele 16 \u00e5r, og stiller n\u00e5 til gjenvalg. Hun h\u00e5per p\u00e5 din stemme og tillit 11. september! Hvorfor er H\u00f8yre rett parti for deg? For meg handler det om&nbsp;verdigrunnlaget tuftet p\u00e5 troen p\u00e5 enkeltmennesket, mangfold, valgfrihet, ansvar og ansvarlighet. H\u00f8yre vil l\u00f8se de [&hellip;]<\/p>\n","protected":false},"author":11570,"featured_media":0,"parent":0,"menu_order":0,"comment_status":"closed","ping_status":"closed","template":"","meta":{"teft_cards_image_url":"","teft_cards_custom_pretitle":"","teft_cards_image_id":751,"teft_cards_image_focal_point_x":0.5,"teft_cards_image_focal_point_y":0.5,"teft_cards_title":"Bli bedre kjent med Lene!","teft_cards_excerpt":"","teft_show_chapters":false,"footnotes":""},"class_list":["post-753","page","type-page","status-publish","hentry"],"yoast_head":"<!-- This site is optimized with the Yoast SEO plugin v26.6 - https:\/\/yoast.com\/wordpress\/plugins\/seo\/ -->\n<title>Bli bedre kjent med Lene - Asker H\u00f8yre<\/title>\n<meta name=\"robots\" content=\"index, follow, max-snippet:-1, max-image-preview:large, max-video-preview:-1\" \/>\n<link rel=\"canonical\" href=\"https:\/\/hoyre.no\/asker\/bli-bedre-kjent-med-lene\/\" \/>\n<meta property=\"og:locale\" content=\"nb_NO\" \/>\n<meta property=\"og:type\" content=\"article\" \/>\n<meta property=\"og:title\" content=\"Bli bedre kjent med Lene!\" \/>\n<meta property=\"og:description\" content=\"Vil du ha fire nye \u00e5r med Lene? Stem H\u00f8yre!\" \/>\n<meta property=\"og:url\" content=\"https:\/\/hoyre.no\/asker\/bli-bedre-kjent-med-lene\/\" \/>\n<meta property=\"og:site_name\" content=\"Asker H\u00f8yre\" \/>\n<meta property=\"article:modified_time\" content=\"2023-11-21T13:05:45+00:00\" \/>\n<meta property=\"og:image\" content=\"https:\/\/hoyre.no\/content\/uploads\/sites\/204\/2023\/09\/Hoyre-29-scaled.jpg\" \/>\n\t<meta property=\"og:image:width\" content=\"2500\" \/>\n\t<meta property=\"og:image:height\" content=\"2500\" \/>\n\t<meta property=\"og:image:type\" content=\"image\/jpeg\" \/>\n<meta name=\"twitter:card\" content=\"summary_large_image\" \/>\n<meta name=\"twitter:label1\" content=\"Ansl. lesetid\" \/>\n\t<meta name=\"twitter:data1\" content=\"4 minutter\" \/>\n<script type=\"application\/ld+json\" class=\"yoast-schema-graph\">{\"@context\":\"https:\/\/schema.org\",\"@graph\":[{\"@type\":\"WebPage\",\"@id\":\"https:\/\/hoyre.no\/asker\/bli-bedre-kjent-med-lene\/\",\"url\":\"https:\/\/hoyre.no\/asker\/bli-bedre-kjent-med-lene\/\",\"name\":\"Bli bedre kjent med Lene - Asker H\u00f8yre\",\"isPartOf\":{\"@id\":\"https:\/\/hoyre.no\/asker\/#website\"},\"image\":{\"@id\":\"https:\/\/hoyre.no\/asker\/bli-bedre-kjent-med-lene\/#primaryimage\"},\"thumbnailUrl\":\"https:\/\/hoyre.no\/content\/uploads\/sites\/204\/2023\/09\/Hoyre-29-1024x1024.jpg\",\"datePublished\":\"2023-09-05T10:25:03+00:00\",\"dateModified\":\"2023-11-21T13:05:45+00:00\",\"breadcrumb\":{\"@id\":\"https:\/\/hoyre.no\/asker\/bli-bedre-kjent-med-lene\/#breadcrumb\"},\"inLanguage\":\"nb-NO\",\"potentialAction\":[{\"@type\":\"ReadAction\",\"target\":[\"https:\/\/hoyre.no\/asker\/bli-bedre-kjent-med-lene\/\"]}]},{\"@type\":\"ImageObject\",\"inLanguage\":\"nb-NO\",\"@id\":\"https:\/\/hoyre.no\/asker\/bli-bedre-kjent-med-lene\/#primaryimage\",\"url\":\"https:\/\/hoyre.no\/content\/uploads\/sites\/204\/2023\/09\/Hoyre-29-1024x1024.jpg\",\"contentUrl\":\"https:\/\/hoyre.no\/content\/uploads\/sites\/204\/2023\/09\/Hoyre-29-1024x1024.jpg\"},{\"@type\":\"BreadcrumbList\",\"@id\":\"https:\/\/hoyre.no\/asker\/bli-bedre-kjent-med-lene\/#breadcrumb\",\"itemListElement\":[{\"@type\":\"ListItem\",\"position\":1,\"name\":\"Til hoyre.no\",\"item\":\"https:\/\/hoyre.no\"},{\"@type\":\"ListItem\",\"position\":2,\"name\":\"Hjem\",\"item\":\"https:\/\/hoyre.no\/asker\/\"},{\"@type\":\"ListItem\",\"position\":3,\"name\":\"Bli bedre kjent med Lene\"}]},{\"@type\":\"WebSite\",\"@id\":\"https:\/\/hoyre.no\/asker\/#website\",\"url\":\"https:\/\/hoyre.no\/asker\/\",\"name\":\"Asker H\u00f8yre\",\"description\":\"Bare enda et H\u00f8yres nettsteder-nettsted\",\"inLanguage\":\"nb-NO\"}]}<\/script>\n<!-- \/ Yoast SEO plugin. -->","yoast_head_json":{"title":"Bli bedre kjent med Lene - Asker H\u00f8yre","robots":{"index":"index","follow":"follow","max-snippet":"max-snippet:-1","max-image-preview":"max-image-preview:large","max-video-preview":"max-video-preview:-1"},"canonical":"https:\/\/hoyre.no\/asker\/bli-bedre-kjent-med-lene\/","og_locale":"nb_NO","og_type":"article","og_title":"Bli bedre kjent med Lene!","og_description":"Vil du ha fire nye \u00e5r med Lene? Stem H\u00f8yre!","og_url":"https:\/\/hoyre.no\/asker\/bli-bedre-kjent-med-lene\/","og_site_name":"Asker H\u00f8yre","article_modified_time":"2023-11-21T13:05:45+00:00","og_image":[{"width":2500,"height":2500,"url":"https:\/\/hoyre.no\/content\/uploads\/sites\/204\/2023\/09\/Hoyre-29-scaled.jpg","type":"image\/jpeg"}],"twitter_card":"summary_large_image","twitter_misc":{"Ansl. lesetid":"4 minutter"},"schema":{"@context":"https:\/\/schema.org","@graph":[{"@type":"WebPage","@id":"https:\/\/hoyre.no\/asker\/bli-bedre-kjent-med-lene\/","url":"https:\/\/hoyre.no\/asker\/bli-bedre-kjent-med-lene\/","name":"Bli bedre kjent med Lene - Asker H\u00f8yre","isPartOf":{"@id":"https:\/\/hoyre.no\/asker\/#website"},"image":{"@id":"https:\/\/hoyre.no\/asker\/bli-bedre-kjent-med-lene\/#primaryimage"},"thumbnailUrl":"https:\/\/hoyre.no\/content\/uploads\/sites\/204\/2023\/09\/Hoyre-29-1024x1024.jpg","datePublished":"2023-09-05T10:25:03+00:00","dateModified":"2023-11-21T13:05:45+00:00","breadcrumb":{"@id":"https:\/\/hoyre.no\/asker\/bli-bedre-kjent-med-lene\/#breadcrumb"},"inLanguage":"nb-NO","potentialAction":[{"@type":"ReadAction","target":["https:\/\/hoyre.no\/asker\/bli-bedre-kjent-med-lene\/"]}]},{"@type":"ImageObject","inLanguage":"nb-NO","@id":"https:\/\/hoyre.no\/asker\/bli-bedre-kjent-med-lene\/#primaryimage","url":"https:\/\/hoyre.no\/content\/uploads\/sites\/204\/2023\/09\/Hoyre-29-1024x1024.jpg","contentUrl":"https:\/\/hoyre.no\/content\/uploads\/sites\/204\/2023\/09\/Hoyre-29-1024x1024.jpg"},{"@type":"BreadcrumbList","@id":"https:\/\/hoyre.no\/asker\/bli-bedre-kjent-med-lene\/#breadcrumb","itemListElement":[{"@type":"ListItem","position":1,"name":"Til hoyre.no","item":"https:\/\/hoyre.no"},{"@type":"ListItem","position":2,"name":"Hjem","item":"https:\/\/hoyre.no\/asker\/"},{"@type":"ListItem","position":3,"name":"Bli bedre kjent med Lene"}]},{"@type":"WebSite","@id":"https:\/\/hoyre.no\/asker\/#website","url":"https:\/\/hoyre.no\/asker\/","name":"Asker H\u00f8yre","description":"Bare enda et H\u00f8yres nettsteder-nettsted","inLanguage":"nb-NO"}]}},"distributor_meta":false,"distributor_terms":false,"distributor_media":false,"distributor_original_site_name":"Asker H\u00f8yre","distributor_original_site_url":"https:\/\/hoyre.no\/asker","push-errors":false,"_links":{"self":[{"href":"https:\/\/hoyre.no\/asker\/wp-json\/wp\/v2\/pages\/753","targetHints":{"allow":["GET"]}}],"collection":[{"href":"https:\/\/hoyre.no\/asker\/wp-json\/wp\/v2\/pages"}],"about":[{"href":"https:\/\/hoyre.no\/asker\/wp-json\/wp\/v2\/types\/page"}],"author":[{"embeddable":true,"href":"https:\/\/hoyre.no\/asker\/wp-json\/wp\/v2\/users\/11570"}],"replies":[{"embeddable":true,"href":"https:\/\/hoyre.no\/asker\/wp-json\/wp\/v2\/comments?post=753"}],"version-history":[{"count":3,"href":"https:\/\/hoyre.no\/asker\/wp-json\/wp\/v2\/pages\/753\/revisions"}],"predecessor-version":[{"id":766,"href":"https:\/\/hoyre.no\/asker\/wp-json\/wp\/v2\/pages\/753\/revisions\/766"}],"wp:attachment":[{"href":"https:\/\/hoyre.no\/asker\/wp-json\/wp\/v2\/media?parent=753"}],"curies":[{"name":"wp","href":"https:\/\/api.w.org\/{rel}","templated":true}]}}