{"id":37,"date":"2023-08-28T18:40:06","date_gmt":"2023-08-28T16:40:06","guid":{"rendered":"https:\/\/hoyre.no\/asnes\/?page_id=37"},"modified":"2025-01-14T14:09:17","modified_gmt":"2025-01-14T13:09:17","slug":"5-grunner-til-a-stemme-asnes-hoyre","status":"publish","type":"page","link":"https:\/\/hoyre.no\/asnes\/politikk\/5-grunner-til-a-stemme-asnes-hoyre\/","title":{"rendered":"5 grunner til \u00e5 stemme \u00c5snes H\u00f8yre"},"content":{"rendered":"\n<div class=\"wp-block-hoyre-hero with-image-gradient text-color-light  has-media alignfull has-background\"><div class=\"hoyre-hero has-image\"><h1 class=\"title\">5 grunner til \u00e5 stemme \u00c5snes H\u00f8yre<\/h1><figure class=\"hoyre-image-wrapper\"><div class=\"hoyre-image\"><img loading=\"lazy\" decoding=\"async\" width=\"1346\" height=\"1009\" src=\"https:\/\/hoyre.no\/content\/uploads\/sites\/43\/2023\/08\/Bilde1-Asnes.jpg\" class=\"attachment-scaled size-scaled\" alt=\"\" style=\"object-position: 50% 50%\" srcset=\"https:\/\/hoyre.no\/content\/uploads\/sites\/43\/2023\/08\/Bilde1-Asnes.jpg 1346w, https:\/\/hoyre.no\/content\/uploads\/sites\/43\/2023\/08\/Bilde1-Asnes-300x225.jpg 300w, https:\/\/hoyre.no\/content\/uploads\/sites\/43\/2023\/08\/Bilde1-Asnes-1024x768.jpg 1024w, https:\/\/hoyre.no\/content\/uploads\/sites\/43\/2023\/08\/Bilde1-Asnes-768x576.jpg 768w\" sizes=\"auto, (max-width: 1346px) 100vw, 1346px\" \/><\/div><\/figure><\/div><\/div>\n\n\n\n\n<div class=\"wp-block-hoyre-banner alignwide undefined\"><div class=\"banner-inner\"><figure class=\"hoyre-image-wrapper\"><div class=\"hoyre-image\"><img loading=\"lazy\" decoding=\"async\" width=\"2500\" height=\"1669\" src=\"https:\/\/hoyre.no\/content\/uploads\/sites\/43\/2023\/08\/GettyImages-1224332804-scaled.jpg\" class=\"attachment-scaled size-scaled\" alt=\"\" style=\"object-position: 50% 50%\" srcset=\"https:\/\/hoyre.no\/content\/uploads\/sites\/43\/2023\/08\/GettyImages-1224332804-scaled.jpg 2500w, https:\/\/hoyre.no\/content\/uploads\/sites\/43\/2023\/08\/GettyImages-1224332804-300x200.jpg 300w, https:\/\/hoyre.no\/content\/uploads\/sites\/43\/2023\/08\/GettyImages-1224332804-1024x683.jpg 1024w, https:\/\/hoyre.no\/content\/uploads\/sites\/43\/2023\/08\/GettyImages-1224332804-768x513.jpg 768w, https:\/\/hoyre.no\/content\/uploads\/sites\/43\/2023\/08\/GettyImages-1224332804-1536x1025.jpg 1536w, https:\/\/hoyre.no\/content\/uploads\/sites\/43\/2023\/08\/GettyImages-1224332804-2048x1367.jpg 2048w\" sizes=\"auto, (max-width: 2500px) 100vw, 2500px\" \/><\/div><\/figure><div class=\"banner-content\"><div class=\"entry-content\">\n<h2 class=\"wp-block-heading\"><\/h2>\n\n\n\n<p>For \u00c5snes H\u00f8yre er det viktig \u00e5 fortsette \u00e5 ha en politikk preget av forutsigbarhet. Vi skal t\u00f8rre \u00e5 skru det hele ned til det grunnleggende. Dette gir en solid og fremtidsrettet politikk for \u00e5 \u00f8ke distriktets attraktivitet. Trygghet, \u00e6rlighet og forutsigbarhet er v\u00e5rt fundament.<\/p>\n\n\n\n<div class=\"wp-block-buttons is-layout-flex wp-block-buttons-is-layout-flex\"><\/div>\n<\/div><\/div><\/div><\/div>\n\n\n\n\n<div class=\"wp-block-media-text is-stacked-on-mobile is-image-fill alignwide\"><figure class=\"wp-block-media-text__media\" style=\"background-image:url('https:\/\/hoyre.no\/content\/uploads\/sites\/43\/2023\/08\/GettyImages-1269296368-1024x683.jpg');background-position:50% 50%\"><img loading=\"lazy\" decoding=\"async\" width=\"1024\" height=\"683\" src=\"https:\/\/hoyre.no\/content\/uploads\/sites\/43\/2023\/08\/GettyImages-1269296368-1024x683.jpg\" alt=\"\" class=\"wp-image-39 size-full\" srcset=\"https:\/\/hoyre.no\/content\/uploads\/sites\/43\/2023\/08\/GettyImages-1269296368-1024x683.jpg 1024w, https:\/\/hoyre.no\/content\/uploads\/sites\/43\/2023\/08\/GettyImages-1269296368-300x200.jpg 300w, https:\/\/hoyre.no\/content\/uploads\/sites\/43\/2023\/08\/GettyImages-1269296368-768x512.jpg 768w, https:\/\/hoyre.no\/content\/uploads\/sites\/43\/2023\/08\/GettyImages-1269296368-1536x1024.jpg 1536w, https:\/\/hoyre.no\/content\/uploads\/sites\/43\/2023\/08\/GettyImages-1269296368-2048x1365.jpg 2048w\" sizes=\"auto, (max-width: 1024px) 100vw, 1024px\" \/><\/figure><div class=\"wp-block-media-text__content\">\n<h2 class=\"wp-block-heading\">1. <strong>En skole med muligheter for alle<\/strong><\/h2>\n\n\n\n<p>\u00c5snes H\u00f8yre mener at skolen m\u00e5 skape muligheter for alle, uavhengig av bosted eller familiens bakgrunn. Satsing p\u00e5 tidlig innsats i skolen vil redusere frafall og utenforskap, og s\u00f8rge for at alle elever kjenner p\u00e5 mestring og l\u00e6ringsglede. \u00c5snes-skolen skal forberede elevene v\u00e5re p\u00e5 fremtiden.<\/p>\n<\/div><\/div>\n\n\n\n<div class=\"wp-block-media-text has-media-on-the-right is-stacked-on-mobile is-image-fill alignwide\"><div class=\"wp-block-media-text__content\">\n<h2 class=\"wp-block-heading\">2. <strong>Det skal v\u00e6re godt \u00e5 bli eldre i \u00c5snes<\/strong><\/h2>\n\n\n\n<p>Utgangspunktet for H\u00f8yres politikk er hensynet til og omsorgen for enkeltmennesket. Derfor vil vi sikre at det er brukeren, ikke systemet, som st\u00e5r i sentrum av helse- og omsorgstjenestene. Eldre skal s\u00e5 langt det g\u00e5r f\u00e5 muligheten til \u00e5 bo i sitt eget hjem eller tilrettelagte boliger. Vi vil sikre alle en god og verdig eldreomsorg med Individuelt tilpassede tilbud som skal bidra til valgfrihet, livsglede og trygghet.<\/p>\n<\/div><figure class=\"wp-block-media-text__media\" style=\"background-image:url('https:\/\/hoyre.no\/content\/uploads\/sites\/43\/2023\/08\/GettyImages-1205244545-1-1024x683.jpg');background-position:50% 50%\"><img loading=\"lazy\" decoding=\"async\" width=\"1024\" height=\"683\" src=\"https:\/\/hoyre.no\/content\/uploads\/sites\/43\/2023\/08\/GettyImages-1205244545-1-1024x683.jpg\" alt=\"\" class=\"wp-image-40 size-full\" srcset=\"https:\/\/hoyre.no\/content\/uploads\/sites\/43\/2023\/08\/GettyImages-1205244545-1-1024x683.jpg 1024w, https:\/\/hoyre.no\/content\/uploads\/sites\/43\/2023\/08\/GettyImages-1205244545-1-300x200.jpg 300w, https:\/\/hoyre.no\/content\/uploads\/sites\/43\/2023\/08\/GettyImages-1205244545-1-768x512.jpg 768w, https:\/\/hoyre.no\/content\/uploads\/sites\/43\/2023\/08\/GettyImages-1205244545-1-1536x1024.jpg 1536w, https:\/\/hoyre.no\/content\/uploads\/sites\/43\/2023\/08\/GettyImages-1205244545-1-2048x1365.jpg 2048w\" sizes=\"auto, (max-width: 1024px) 100vw, 1024px\" \/><\/figure><\/div>\n\n\n\n<div class=\"wp-block-media-text is-stacked-on-mobile is-image-fill alignwide\"><figure class=\"wp-block-media-text__media\" style=\"background-image:url('https:\/\/hoyre.no\/content\/uploads\/sites\/43\/2023\/08\/GettyImages-1266994968-1-1024x683.jpg');background-position:50% 50%\"><img loading=\"lazy\" decoding=\"async\" width=\"1024\" height=\"683\" src=\"https:\/\/hoyre.no\/content\/uploads\/sites\/43\/2023\/08\/GettyImages-1266994968-1-1024x683.jpg\" alt=\"\" class=\"wp-image-41 size-full\" srcset=\"https:\/\/hoyre.no\/content\/uploads\/sites\/43\/2023\/08\/GettyImages-1266994968-1-1024x683.jpg 1024w, https:\/\/hoyre.no\/content\/uploads\/sites\/43\/2023\/08\/GettyImages-1266994968-1-300x200.jpg 300w, https:\/\/hoyre.no\/content\/uploads\/sites\/43\/2023\/08\/GettyImages-1266994968-1-768x512.jpg 768w, https:\/\/hoyre.no\/content\/uploads\/sites\/43\/2023\/08\/GettyImages-1266994968-1-1536x1024.jpg 1536w, https:\/\/hoyre.no\/content\/uploads\/sites\/43\/2023\/08\/GettyImages-1266994968-1-2048x1365.jpg 2048w\" sizes=\"auto, (max-width: 1024px) 100vw, 1024px\" \/><\/figure><div class=\"wp-block-media-text__content\">\n<h2 class=\"wp-block-heading\">3. <strong>\u00c5snes skal v\u00e6re en JA-kommune<\/strong><\/h2>\n\n\n\n<p>Muligheter det har blitt sagt nei til tidligere kommer ikke tilbake. \u00c5snes H\u00f8yre vil utvikle \u00c5snes som en JA-kommune. Vi vil jobbe for at kommunen skal v\u00e6re en rask og p\u00e5litelig st\u00f8ttespiller, slik at bedrifter og gr\u00fcndere opplever effektive saksbehandlinger og n\u00f8dvendig hjelp. \u00c5snes H\u00f8yre vil v\u00e6re en p\u00e5driver og jobbe for at kapasiteten i str\u00f8mnettet skal bygges ut, slik at nye virksomheter velger \u00e5 etablere seg her.<\/p>\n<\/div><\/div>\n\n\n\n<div class=\"wp-block-media-text has-media-on-the-right is-stacked-on-mobile is-image-fill alignwide\"><div class=\"wp-block-media-text__content\">\n<h2 class=\"wp-block-heading\">4. <strong>Krafttak mot utenforskap<\/strong><\/h2>\n\n\n\n<p>For \u00c5snes H\u00f8yre er det viktig \u00e5 skape samfunn og lokalsamfunn som er \u00e5pne, inkluderende og mangfoldige. Vi er positive til tiltak som kulturutveksling, felles aktiviteter og dialogplattformer for \u00e5 fremme sosial integrasjon og samarbeid p\u00e5 tvers av ulikheter. En god skole og et \u00e5pent arbeidsmarked er viktige tiltak for \u00e5 gi flere en sjanse til \u00e5 realisere sine ambisjoner og bidra til fellesskapet.<\/p>\n<\/div><figure class=\"wp-block-media-text__media\" style=\"background-image:url('https:\/\/hoyre.no\/content\/uploads\/sites\/43\/2023\/08\/GettyImages-626964604-1024x683.jpg');background-position:50% 50%\"><img loading=\"lazy\" decoding=\"async\" width=\"1024\" height=\"683\" src=\"https:\/\/hoyre.no\/content\/uploads\/sites\/43\/2023\/08\/GettyImages-626964604-1024x683.jpg\" alt=\"\" class=\"wp-image-42 size-full\" srcset=\"https:\/\/hoyre.no\/content\/uploads\/sites\/43\/2023\/08\/GettyImages-626964604-1024x683.jpg 1024w, https:\/\/hoyre.no\/content\/uploads\/sites\/43\/2023\/08\/GettyImages-626964604-300x200.jpg 300w, https:\/\/hoyre.no\/content\/uploads\/sites\/43\/2023\/08\/GettyImages-626964604-768x512.jpg 768w, https:\/\/hoyre.no\/content\/uploads\/sites\/43\/2023\/08\/GettyImages-626964604-1536x1024.jpg 1536w, https:\/\/hoyre.no\/content\/uploads\/sites\/43\/2023\/08\/GettyImages-626964604-2048x1365.jpg 2048w\" sizes=\"auto, (max-width: 1024px) 100vw, 1024px\" \/><\/figure><\/div>\n\n\n\n<div class=\"wp-block-media-text is-stacked-on-mobile is-image-fill alignwide\"><figure class=\"wp-block-media-text__media\" style=\"background-image:url('https:\/\/hoyre.no\/content\/uploads\/sites\/43\/2023\/08\/GettyImages-637781432-1024x683.jpg');background-position:50% 50%\"><img loading=\"lazy\" decoding=\"async\" width=\"1024\" height=\"683\" src=\"https:\/\/hoyre.no\/content\/uploads\/sites\/43\/2023\/08\/GettyImages-637781432-1024x683.jpg\" alt=\"\" class=\"wp-image-43 size-full\" srcset=\"https:\/\/hoyre.no\/content\/uploads\/sites\/43\/2023\/08\/GettyImages-637781432-1024x683.jpg 1024w, https:\/\/hoyre.no\/content\/uploads\/sites\/43\/2023\/08\/GettyImages-637781432-300x200.jpg 300w, https:\/\/hoyre.no\/content\/uploads\/sites\/43\/2023\/08\/GettyImages-637781432-768x512.jpg 768w, https:\/\/hoyre.no\/content\/uploads\/sites\/43\/2023\/08\/GettyImages-637781432-1536x1024.jpg 1536w, https:\/\/hoyre.no\/content\/uploads\/sites\/43\/2023\/08\/GettyImages-637781432-2048x1365.jpg 2048w\" sizes=\"auto, (max-width: 1024px) 100vw, 1024px\" \/><\/figure><div class=\"wp-block-media-text__content\">\n<h2 class=\"wp-block-heading\">5. <strong>Et idretts- og kulturliv med muligheter for alle<\/strong><\/h2>\n\n\n\n<p>Frivilligheten er b\u00e6rebjelken i sm\u00e5 og store lokalsamfunn, og den frivillige innsatsen i kultur og idrett, utgj\u00f8r Norges st\u00f8rste folkebevegelse. Noen faller utenfor enten p\u00e5 grunn av \u00f8konomi, spr\u00e5k eller geografi. \u00c5snes H\u00f8yre vil jobbe for at alle har like muligheter til \u00e5 lykkes og delta i idretts- og kulturlivet.<\/p>\n<\/div><\/div>\n","protected":false},"excerpt":{"rendered":"<p>1. En skole med muligheter for alle \u00c5snes H\u00f8yre mener at skolen m\u00e5 skape muligheter for alle, uavhengig av bosted eller familiens bakgrunn. Satsing p\u00e5 tidlig innsats i skolen vil redusere frafall og utenforskap, og s\u00f8rge for at alle elever kjenner p\u00e5 mestring og l\u00e6ringsglede. \u00c5snes-skolen skal forberede elevene v\u00e5re p\u00e5 fremtiden. 2. Det skal [&hellip;]<\/p>\n","protected":false},"author":38359,"featured_media":0,"parent":20,"menu_order":0,"comment_status":"closed","ping_status":"closed","template":"","meta":{"teft_cards_image_url":"","teft_cards_custom_pretitle":"","teft_cards_image_id":0,"teft_cards_image_focal_point_x":0,"teft_cards_image_focal_point_y":0,"teft_cards_title":"","teft_cards_excerpt":"","teft_show_chapters":false,"footnotes":""},"class_list":["post-37","page","type-page","status-publish","hentry"],"yoast_head":"<!-- This site is optimized with the Yoast SEO plugin v26.6 - https:\/\/yoast.com\/wordpress\/plugins\/seo\/ -->\n<title>5 grunner til \u00e5 stemme \u00c5snes H\u00f8yre - \u00c5snes H\u00f8yre<\/title>\n<meta name=\"robots\" content=\"index, follow, max-snippet:-1, max-image-preview:large, max-video-preview:-1\" \/>\n<link rel=\"canonical\" href=\"https:\/\/hoyre.no\/asnes\/politikk\/5-grunner-til-a-stemme-asnes-hoyre\/\" \/>\n<meta property=\"og:locale\" content=\"nb_NO\" \/>\n<meta property=\"og:type\" content=\"article\" \/>\n<meta property=\"og:title\" content=\"5 grunner til \u00e5 stemme \u00c5snes H\u00f8yre - \u00c5snes H\u00f8yre\" \/>\n<meta property=\"og:description\" content=\"1. En skole med muligheter for alle \u00c5snes H\u00f8yre mener at skolen m\u00e5 skape muligheter for alle, uavhengig av bosted eller familiens bakgrunn. Satsing p\u00e5 tidlig innsats i skolen vil redusere frafall og utenforskap, og s\u00f8rge for at alle elever kjenner p\u00e5 mestring og l\u00e6ringsglede. \u00c5snes-skolen skal forberede elevene v\u00e5re p\u00e5 fremtiden. 2. Det skal [&hellip;]\" \/>\n<meta property=\"og:url\" content=\"https:\/\/hoyre.no\/asnes\/politikk\/5-grunner-til-a-stemme-asnes-hoyre\/\" \/>\n<meta property=\"og:site_name\" content=\"\u00c5snes H\u00f8yre\" \/>\n<meta property=\"article:modified_time\" content=\"2025-01-14T13:09:17+00:00\" \/>\n<meta property=\"og:image\" content=\"https:\/\/hoyre.no\/content\/uploads\/sites\/43\/2023\/08\/GettyImages-1269296368-1024x683.jpg\" \/>\n<meta name=\"twitter:card\" content=\"summary_large_image\" \/>\n<meta name=\"twitter:label1\" content=\"Ansl. lesetid\" \/>\n\t<meta name=\"twitter:data1\" content=\"4 minutter\" \/>\n<script type=\"application\/ld+json\" class=\"yoast-schema-graph\">{\"@context\":\"https:\/\/schema.org\",\"@graph\":[{\"@type\":\"WebPage\",\"@id\":\"https:\/\/hoyre.no\/asnes\/politikk\/5-grunner-til-a-stemme-asnes-hoyre\/\",\"url\":\"https:\/\/hoyre.no\/asnes\/politikk\/5-grunner-til-a-stemme-asnes-hoyre\/\",\"name\":\"5 grunner til \u00e5 stemme \u00c5snes H\u00f8yre - \u00c5snes H\u00f8yre\",\"isPartOf\":{\"@id\":\"https:\/\/hoyre.no\/asnes\/#website\"},\"image\":{\"@id\":\"https:\/\/hoyre.no\/asnes\/politikk\/5-grunner-til-a-stemme-asnes-hoyre\/#primaryimage\"},\"thumbnailUrl\":\"https:\/\/hoyre.no\/content\/uploads\/sites\/43\/2023\/08\/GettyImages-1269296368-1024x683.jpg\",\"datePublished\":\"2023-08-28T16:40:06+00:00\",\"dateModified\":\"2025-01-14T13:09:17+00:00\",\"breadcrumb\":{\"@id\":\"https:\/\/hoyre.no\/asnes\/politikk\/5-grunner-til-a-stemme-asnes-hoyre\/#breadcrumb\"},\"inLanguage\":\"nb-NO\",\"potentialAction\":[{\"@type\":\"ReadAction\",\"target\":[\"https:\/\/hoyre.no\/asnes\/politikk\/5-grunner-til-a-stemme-asnes-hoyre\/\"]}]},{\"@type\":\"ImageObject\",\"inLanguage\":\"nb-NO\",\"@id\":\"https:\/\/hoyre.no\/asnes\/politikk\/5-grunner-til-a-stemme-asnes-hoyre\/#primaryimage\",\"url\":\"https:\/\/hoyre.no\/content\/uploads\/sites\/43\/2023\/08\/GettyImages-1269296368-1024x683.jpg\",\"contentUrl\":\"https:\/\/hoyre.no\/content\/uploads\/sites\/43\/2023\/08\/GettyImages-1269296368-1024x683.jpg\"},{\"@type\":\"BreadcrumbList\",\"@id\":\"https:\/\/hoyre.no\/asnes\/politikk\/5-grunner-til-a-stemme-asnes-hoyre\/#breadcrumb\",\"itemListElement\":[{\"@type\":\"ListItem\",\"position\":1,\"name\":\"Til hoyre.no\",\"item\":\"https:\/\/hoyre.no\"},{\"@type\":\"ListItem\",\"position\":2,\"name\":\"Hjem\",\"item\":\"https:\/\/hoyre.no\/asnes\/\"},{\"@type\":\"ListItem\",\"position\":3,\"name\":\"Politikk\",\"item\":\"https:\/\/hoyre.no\/asnes\/politikk\/\"},{\"@type\":\"ListItem\",\"position\":4,\"name\":\"5 grunner til \u00e5 stemme \u00c5snes H\u00f8yre\"}]},{\"@type\":\"WebSite\",\"@id\":\"https:\/\/hoyre.no\/asnes\/#website\",\"url\":\"https:\/\/hoyre.no\/asnes\/\",\"name\":\"\u00c5snes H\u00f8yre\",\"description\":\"Bare enda et H\u00f8yres nettsteder-nettsted\",\"inLanguage\":\"nb-NO\"}]}<\/script>\n<!-- \/ Yoast SEO plugin. -->","yoast_head_json":{"title":"5 grunner til \u00e5 stemme \u00c5snes H\u00f8yre - \u00c5snes H\u00f8yre","robots":{"index":"index","follow":"follow","max-snippet":"max-snippet:-1","max-image-preview":"max-image-preview:large","max-video-preview":"max-video-preview:-1"},"canonical":"https:\/\/hoyre.no\/asnes\/politikk\/5-grunner-til-a-stemme-asnes-hoyre\/","og_locale":"nb_NO","og_type":"article","og_title":"5 grunner til \u00e5 stemme \u00c5snes H\u00f8yre - \u00c5snes H\u00f8yre","og_description":"1. En skole med muligheter for alle \u00c5snes H\u00f8yre mener at skolen m\u00e5 skape muligheter for alle, uavhengig av bosted eller familiens bakgrunn. Satsing p\u00e5 tidlig innsats i skolen vil redusere frafall og utenforskap, og s\u00f8rge for at alle elever kjenner p\u00e5 mestring og l\u00e6ringsglede. \u00c5snes-skolen skal forberede elevene v\u00e5re p\u00e5 fremtiden. 2. Det skal [&hellip;]","og_url":"https:\/\/hoyre.no\/asnes\/politikk\/5-grunner-til-a-stemme-asnes-hoyre\/","og_site_name":"\u00c5snes H\u00f8yre","article_modified_time":"2025-01-14T13:09:17+00:00","og_image":[{"url":"https:\/\/hoyre.no\/content\/uploads\/sites\/43\/2023\/08\/GettyImages-1269296368-1024x683.jpg","type":"","width":"","height":""}],"twitter_card":"summary_large_image","twitter_misc":{"Ansl. lesetid":"4 minutter"},"schema":{"@context":"https:\/\/schema.org","@graph":[{"@type":"WebPage","@id":"https:\/\/hoyre.no\/asnes\/politikk\/5-grunner-til-a-stemme-asnes-hoyre\/","url":"https:\/\/hoyre.no\/asnes\/politikk\/5-grunner-til-a-stemme-asnes-hoyre\/","name":"5 grunner til \u00e5 stemme \u00c5snes H\u00f8yre - \u00c5snes H\u00f8yre","isPartOf":{"@id":"https:\/\/hoyre.no\/asnes\/#website"},"image":{"@id":"https:\/\/hoyre.no\/asnes\/politikk\/5-grunner-til-a-stemme-asnes-hoyre\/#primaryimage"},"thumbnailUrl":"https:\/\/hoyre.no\/content\/uploads\/sites\/43\/2023\/08\/GettyImages-1269296368-1024x683.jpg","datePublished":"2023-08-28T16:40:06+00:00","dateModified":"2025-01-14T13:09:17+00:00","breadcrumb":{"@id":"https:\/\/hoyre.no\/asnes\/politikk\/5-grunner-til-a-stemme-asnes-hoyre\/#breadcrumb"},"inLanguage":"nb-NO","potentialAction":[{"@type":"ReadAction","target":["https:\/\/hoyre.no\/asnes\/politikk\/5-grunner-til-a-stemme-asnes-hoyre\/"]}]},{"@type":"ImageObject","inLanguage":"nb-NO","@id":"https:\/\/hoyre.no\/asnes\/politikk\/5-grunner-til-a-stemme-asnes-hoyre\/#primaryimage","url":"https:\/\/hoyre.no\/content\/uploads\/sites\/43\/2023\/08\/GettyImages-1269296368-1024x683.jpg","contentUrl":"https:\/\/hoyre.no\/content\/uploads\/sites\/43\/2023\/08\/GettyImages-1269296368-1024x683.jpg"},{"@type":"BreadcrumbList","@id":"https:\/\/hoyre.no\/asnes\/politikk\/5-grunner-til-a-stemme-asnes-hoyre\/#breadcrumb","itemListElement":[{"@type":"ListItem","position":1,"name":"Til hoyre.no","item":"https:\/\/hoyre.no"},{"@type":"ListItem","position":2,"name":"Hjem","item":"https:\/\/hoyre.no\/asnes\/"},{"@type":"ListItem","position":3,"name":"Politikk","item":"https:\/\/hoyre.no\/asnes\/politikk\/"},{"@type":"ListItem","position":4,"name":"5 grunner til \u00e5 stemme \u00c5snes H\u00f8yre"}]},{"@type":"WebSite","@id":"https:\/\/hoyre.no\/asnes\/#website","url":"https:\/\/hoyre.no\/asnes\/","name":"\u00c5snes H\u00f8yre","description":"Bare enda et H\u00f8yres nettsteder-nettsted","inLanguage":"nb-NO"}]}},"distributor_meta":false,"distributor_terms":false,"distributor_media":false,"distributor_original_site_name":"\u00c5snes H\u00f8yre","distributor_original_site_url":"https:\/\/hoyre.no\/asnes","push-errors":false,"_links":{"self":[{"href":"https:\/\/hoyre.no\/asnes\/wp-json\/wp\/v2\/pages\/37","targetHints":{"allow":["GET"]}}],"collection":[{"href":"https:\/\/hoyre.no\/asnes\/wp-json\/wp\/v2\/pages"}],"about":[{"href":"https:\/\/hoyre.no\/asnes\/wp-json\/wp\/v2\/types\/page"}],"author":[{"embeddable":true,"href":"https:\/\/hoyre.no\/asnes\/wp-json\/wp\/v2\/users\/38359"}],"replies":[{"embeddable":true,"href":"https:\/\/hoyre.no\/asnes\/wp-json\/wp\/v2\/comments?post=37"}],"version-history":[{"count":3,"href":"https:\/\/hoyre.no\/asnes\/wp-json\/wp\/v2\/pages\/37\/revisions"}],"predecessor-version":[{"id":55,"href":"https:\/\/hoyre.no\/asnes\/wp-json\/wp\/v2\/pages\/37\/revisions\/55"}],"up":[{"embeddable":true,"href":"https:\/\/hoyre.no\/asnes\/wp-json\/wp\/v2\/pages\/20"}],"wp:attachment":[{"href":"https:\/\/hoyre.no\/asnes\/wp-json\/wp\/v2\/media?parent=37"}],"curies":[{"name":"wp","href":"https:\/\/api.w.org\/{rel}","templated":true}]}}