{"id":80,"date":"2023-02-27T20:18:15","date_gmt":"2023-02-27T19:18:15","guid":{"rendered":"https:\/\/hoyre.no\/aukra\/?page_id=80"},"modified":"2025-01-23T12:40:03","modified_gmt":"2025-01-23T11:40:03","slug":"8-grunner-til-a-stemme-aukra-hoyre","status":"publish","type":"page","link":"https:\/\/hoyre.no\/aukra\/8-grunner-til-a-stemme-aukra-hoyre\/","title":{"rendered":"8 grunner til \u00e5 stemme Aukra H\u00f8yre"},"content":{"rendered":"\n<div class=\"wp-block-hoyre-hero with-image-gradient text-color-light  has-media alignfull has-background\"><div class=\"hoyre-hero has-image\"><h1 class=\"title\">8 grunner til \u00e5 stemme Aukra H\u00f8yre<\/h1><p class=\"preamble\">Les noen av v\u00e5re viktigste punkt fra programmet!<\/p>\t\t\t<div class=\"post-meta wp-block teft-byline-wrapper\">\n\t\t\t\t<div class=\"top\">\n\t\t\t\t\t<div class=\"signature\">\n\t\t\t\t\t\t<div class=\"teft-byline\">\n\t\t\t\t\t\t\t\t\t\t\t\t\t\t<div>\n\t\t\t\t\t\t\t\t<h3>H\u00f8yres redaksjon<\/h3>\t\t\t\t\t\t\t\t\n\t\t\t\t\t\t\t\t\t\t\t\t\t\t\t\t\t<span class=\"date\">Sist oppdatert: 23. januar 2025<\/span>\n\t\t\t\t\t\t\t\t\t\t\t\t\t\t\t\t\t\t\t\t\t\t\t\t\t<span class=\"reading-time\" itemprop=\"timeRequired\" content=\"PT3M\"><em>Ca. 3 minutter lesetid<\/em><\/span>\n\t\t\t\t\t\t\t\t\t\t\t\t\t\t\t<\/div>\n\t\t\t\t\t\t<\/div>\n\t\t\t\t\t<\/div>\n\t\t\t\t\t\t<div class=\"sharing\">\n\t\t<a class=\"share-button share-link copy-link\" data-copy=\"https:\/\/hoyre.no\/aukra\/8-grunner-til-a-stemme-aukra-hoyre\/\" target=\"_blank\"><span class=\"screen-reader-text\">Del link<\/span><\/a>\n\t\t<a class=\"share-button share-twitter\" href=\"http:\/\/twitter.com\/share?text=8 grunner til \u00e5 stemme Aukra H\u00f8yre&#038;url=https:\/\/hoyre.no\/aukra\/8-grunner-til-a-stemme-aukra-hoyre\/&#038;hashtags=Hoyre\" target=\"_blank\"><span class=\"screen-reader-text\">Del p\u00e5 twitter<\/span><\/a>\n\t\t<a class=\"share-button share-facebook\" href=\"https:\/\/www.facebook.com\/sharer\/sharer.php?u=https:\/\/hoyre.no\/aukra\/8-grunner-til-a-stemme-aukra-hoyre\/\" target=\"_blank\"><span class=\"screen-reader-text\">Del p\u00e5 facebook<\/span><\/a>\n\t<\/div>\n\t\t\t\t\t<\/div>\n\t\t\t<\/div>\n\n\t\t\t<figure class=\"hoyre-image-wrapper\"><div class=\"hoyre-image\"><img loading=\"lazy\" decoding=\"async\" width=\"2500\" height=\"1406\" src=\"https:\/\/hoyre.no\/content\/uploads\/sites\/111\/2023\/02\/GettyImages-1269149995-scaled.jpg\" class=\"attachment-scaled size-scaled\" alt=\"\" style=\"object-position: 50% 50%\" srcset=\"https:\/\/hoyre.no\/content\/uploads\/sites\/111\/2023\/02\/GettyImages-1269149995-scaled.jpg 2500w, https:\/\/hoyre.no\/content\/uploads\/sites\/111\/2023\/02\/GettyImages-1269149995-300x169.jpg 300w, https:\/\/hoyre.no\/content\/uploads\/sites\/111\/2023\/02\/GettyImages-1269149995-1024x576.jpg 1024w, https:\/\/hoyre.no\/content\/uploads\/sites\/111\/2023\/02\/GettyImages-1269149995-768x432.jpg 768w, https:\/\/hoyre.no\/content\/uploads\/sites\/111\/2023\/02\/GettyImages-1269149995-1536x864.jpg 1536w, https:\/\/hoyre.no\/content\/uploads\/sites\/111\/2023\/02\/GettyImages-1269149995-2048x1152.jpg 2048w\" sizes=\"auto, (max-width: 2500px) 100vw, 2500px\" \/><\/div><\/figure><\/div><\/div>\n\n\n\n\n<div class=\"wp-block-media-text alignwide is-stacked-on-mobile\"><figure class=\"wp-block-media-text__media\"><img loading=\"lazy\" decoding=\"async\" width=\"1024\" height=\"683\" src=\"https:\/\/hoyre.no\/content\/uploads\/sites\/111\/2023\/02\/GettyImages-176979540-1024x683.jpg\" alt=\"\" class=\"wp-image-82 size-full\" srcset=\"https:\/\/hoyre.no\/content\/uploads\/sites\/111\/2023\/02\/GettyImages-176979540-1024x683.jpg 1024w, https:\/\/hoyre.no\/content\/uploads\/sites\/111\/2023\/02\/GettyImages-176979540-300x200.jpg 300w, https:\/\/hoyre.no\/content\/uploads\/sites\/111\/2023\/02\/GettyImages-176979540-768x513.jpg 768w, https:\/\/hoyre.no\/content\/uploads\/sites\/111\/2023\/02\/GettyImages-176979540-1536x1025.jpg 1536w, https:\/\/hoyre.no\/content\/uploads\/sites\/111\/2023\/02\/GettyImages-176979540-2048x1367.jpg 2048w\" sizes=\"auto, (max-width: 1024px) 100vw, 1024px\" \/><\/figure><div class=\"wp-block-media-text__content\">\n<h2 class=\"wp-block-heading\">1. Gratis barnehage til 3. barn i barnehage<\/h2>\n\n\n\n<p>Vi \u00f8nsker \u00e5 bel\u00f8nne de som bidrar til befolkningsvekst i kommunen v\u00e5r! Har du tre barn samtidig i barnehagen, foresl\u00e5r Aukra H\u00f8yre at det betales bare for to.<\/p>\n<\/div><\/div>\n\n\n\n<div class=\"wp-block-media-text alignwide has-media-on-the-right is-stacked-on-mobile\"><div class=\"wp-block-media-text__content\">\n<h2 class=\"wp-block-heading\">2. N\u00e6ringslivets st\u00f8ttespiller<\/h2>\n\n\n\n<p>Vi vil bidra til innovasjon og arbeider for \u00e5 skape arbeidsplasser i Aukra, samtidig som vi aktivt st\u00f8tter opp om det eksisterende n\u00e6ringslivet. Aukra H\u00f8yre heier frem gr\u00fcndere, jobber for \u00e5 skape gode rammebetingelser for n\u00e6ringslivet og skal v\u00e6re n\u00e6ringslivets f\u00f8rstevalg.<\/p>\n<\/div><figure class=\"wp-block-media-text__media\"><img loading=\"lazy\" decoding=\"async\" width=\"1024\" height=\"683\" src=\"https:\/\/hoyre.no\/content\/uploads\/sites\/111\/2023\/02\/GettyImages-508406872-1024x683.jpg\" alt=\"\" class=\"wp-image-83 size-full\" srcset=\"https:\/\/hoyre.no\/content\/uploads\/sites\/111\/2023\/02\/GettyImages-508406872-1024x683.jpg 1024w, https:\/\/hoyre.no\/content\/uploads\/sites\/111\/2023\/02\/GettyImages-508406872-300x200.jpg 300w, https:\/\/hoyre.no\/content\/uploads\/sites\/111\/2023\/02\/GettyImages-508406872-768x512.jpg 768w, https:\/\/hoyre.no\/content\/uploads\/sites\/111\/2023\/02\/GettyImages-508406872-1536x1024.jpg 1536w, https:\/\/hoyre.no\/content\/uploads\/sites\/111\/2023\/02\/GettyImages-508406872-2048x1365.jpg 2048w\" sizes=\"auto, (max-width: 1024px) 100vw, 1024px\" \/><\/figure><\/div>\n\n\n\n<div class=\"wp-block-media-text alignwide is-stacked-on-mobile\"><figure class=\"wp-block-media-text__media\"><img loading=\"lazy\" decoding=\"async\" width=\"1024\" height=\"446\" src=\"https:\/\/hoyre.no\/content\/uploads\/sites\/111\/2023\/02\/GettyImages-1170634010-1024x446.jpg\" alt=\"\" class=\"wp-image-84 size-full\" srcset=\"https:\/\/hoyre.no\/content\/uploads\/sites\/111\/2023\/02\/GettyImages-1170634010-1024x446.jpg 1024w, https:\/\/hoyre.no\/content\/uploads\/sites\/111\/2023\/02\/GettyImages-1170634010-300x131.jpg 300w, https:\/\/hoyre.no\/content\/uploads\/sites\/111\/2023\/02\/GettyImages-1170634010-768x335.jpg 768w, https:\/\/hoyre.no\/content\/uploads\/sites\/111\/2023\/02\/GettyImages-1170634010-1536x669.jpg 1536w, https:\/\/hoyre.no\/content\/uploads\/sites\/111\/2023\/02\/GettyImages-1170634010-2048x893.jpg 2048w\" sizes=\"auto, (max-width: 1024px) 100vw, 1024px\" \/><\/figure><div class=\"wp-block-media-text__content\">\n<h2 class=\"wp-block-heading\">3. Utvikling av Nerb\u00f8v\u00e5gen<\/h2>\n\n\n\n<p>Vi \u00f8nsker at Nerb\u00f8v\u00e5gen tilrettelegges for jobbskaping innenfor fiskeryrket. Aukra H\u00f8yre vil at ungdom f\u00e5r gode muligheter for arbeidserfaring innenfor tradisjonsyrker.<\/p>\n<\/div><\/div>\n\n\n\n<div class=\"wp-block-media-text alignwide has-media-on-the-right is-stacked-on-mobile\"><div class=\"wp-block-media-text__content\">\n<h2 class=\"wp-block-heading\">4. Bofellesskap for eldre<\/h2>\n\n\n\n<p>Det blir stadig flere eldre i kommunen v\u00e5r, og vi vil jobbe for at det skal opprettes bofellesskap for eldre i Julsundet og p\u00e5 Gossen. \u00c5 ha tilrettelagte boliger for dem som er friske nok til stort sett \u00e5 klare seg selv, vil gi en bedre alderdom og frigj\u00f8r kapasitet p\u00e5 omsorgssenteret.<\/p>\n<\/div><figure class=\"wp-block-media-text__media\"><img loading=\"lazy\" decoding=\"async\" width=\"1024\" height=\"683\" src=\"https:\/\/hoyre.no\/content\/uploads\/sites\/111\/2023\/02\/GettyImages-1346862774-1024x683.jpg\" alt=\"\" class=\"wp-image-85 size-full\" srcset=\"https:\/\/hoyre.no\/content\/uploads\/sites\/111\/2023\/02\/GettyImages-1346862774-1024x683.jpg 1024w, https:\/\/hoyre.no\/content\/uploads\/sites\/111\/2023\/02\/GettyImages-1346862774-300x200.jpg 300w, https:\/\/hoyre.no\/content\/uploads\/sites\/111\/2023\/02\/GettyImages-1346862774-768x512.jpg 768w, https:\/\/hoyre.no\/content\/uploads\/sites\/111\/2023\/02\/GettyImages-1346862774-1536x1024.jpg 1536w, https:\/\/hoyre.no\/content\/uploads\/sites\/111\/2023\/02\/GettyImages-1346862774-2048x1365.jpg 2048w\" sizes=\"auto, (max-width: 1024px) 100vw, 1024px\" \/><\/figure><\/div>\n\n\n\n\n\n<div class=\"wp-block-media-text alignwide is-stacked-on-mobile\"><figure class=\"wp-block-media-text__media\"><img loading=\"lazy\" decoding=\"async\" width=\"1024\" height=\"683\" src=\"https:\/\/hoyre.no\/content\/uploads\/sites\/111\/2023\/02\/GettyImages-1355106962-1024x683.jpg\" alt=\"\" class=\"wp-image-87 size-full\" srcset=\"https:\/\/hoyre.no\/content\/uploads\/sites\/111\/2023\/02\/GettyImages-1355106962-1024x683.jpg 1024w, https:\/\/hoyre.no\/content\/uploads\/sites\/111\/2023\/02\/GettyImages-1355106962-300x200.jpg 300w, https:\/\/hoyre.no\/content\/uploads\/sites\/111\/2023\/02\/GettyImages-1355106962-768x512.jpg 768w, https:\/\/hoyre.no\/content\/uploads\/sites\/111\/2023\/02\/GettyImages-1355106962-1536x1025.jpg 1536w, https:\/\/hoyre.no\/content\/uploads\/sites\/111\/2023\/02\/GettyImages-1355106962-2048x1366.jpg 2048w\" sizes=\"auto, (max-width: 1024px) 100vw, 1024px\" \/><\/figure><div class=\"wp-block-media-text__content\">\n<h2 class=\"wp-block-heading\">5. Leie-til-eie<\/h2>\n\n\n\n<p>Vi vil innf\u00f8re Leie-til-eie i Aukra for \u00e5 hjelpe flere som ikke har oppspart egenkapital inn p\u00e5 boligmarkedet. Leie-til-eie er en ordning hvor du forplikter deg til \u00e5 spare imens du leier, slik at du har opparbeidet egenkapital og kan kj\u00f8pe leiligheten du har bodd i n\u00e5r leieperioden er over!<\/p>\n<\/div><\/div>\n\n\n\n\n\n<div class=\"wp-block-media-text alignwide has-media-on-the-right is-stacked-on-mobile\"><div class=\"wp-block-media-text__content\">\n<h2 class=\"wp-block-heading\">6. Ungdomsskole-samarbeid<\/h2>\n\n\n\n<p>Vi vil fortsette samarbeidet med Hustadvika kommune, slik at elevene fra S\u00f8re Hustadvika kan fortsette \u00e5 g\u00e5 p\u00e5 Julsundet Skole. Dette gagner alle, vi vil videref\u00f8re avtalen som skal reforhandles i 2025.<\/p>\n<\/div><figure class=\"wp-block-media-text__media\"><img loading=\"lazy\" decoding=\"async\" width=\"1024\" height=\"683\" src=\"https:\/\/hoyre.no\/content\/uploads\/sites\/111\/2023\/02\/GettyImages-1306765660-1024x683.jpg\" alt=\"\" class=\"wp-image-92 size-full\" srcset=\"https:\/\/hoyre.no\/content\/uploads\/sites\/111\/2023\/02\/GettyImages-1306765660-1024x683.jpg 1024w, https:\/\/hoyre.no\/content\/uploads\/sites\/111\/2023\/02\/GettyImages-1306765660-300x200.jpg 300w, https:\/\/hoyre.no\/content\/uploads\/sites\/111\/2023\/02\/GettyImages-1306765660-768x512.jpg 768w, https:\/\/hoyre.no\/content\/uploads\/sites\/111\/2023\/02\/GettyImages-1306765660-1536x1025.jpg 1536w, https:\/\/hoyre.no\/content\/uploads\/sites\/111\/2023\/02\/GettyImages-1306765660-2048x1366.jpg 2048w\" sizes=\"auto, (max-width: 1024px) 100vw, 1024px\" \/><\/figure><\/div>\n\n\n\n<div class=\"wp-block-media-text alignwide is-stacked-on-mobile\"><figure class=\"wp-block-media-text__media\"><img loading=\"lazy\" decoding=\"async\" width=\"1024\" height=\"683\" src=\"https:\/\/hoyre.no\/content\/uploads\/sites\/111\/2023\/02\/GettyImages-626964604-1024x683.jpg\" alt=\"\" class=\"wp-image-89 size-full\" srcset=\"https:\/\/hoyre.no\/content\/uploads\/sites\/111\/2023\/02\/GettyImages-626964604-1024x683.jpg 1024w, https:\/\/hoyre.no\/content\/uploads\/sites\/111\/2023\/02\/GettyImages-626964604-300x200.jpg 300w, https:\/\/hoyre.no\/content\/uploads\/sites\/111\/2023\/02\/GettyImages-626964604-768x512.jpg 768w, https:\/\/hoyre.no\/content\/uploads\/sites\/111\/2023\/02\/GettyImages-626964604-1536x1024.jpg 1536w, https:\/\/hoyre.no\/content\/uploads\/sites\/111\/2023\/02\/GettyImages-626964604-2048x1365.jpg 2048w\" sizes=\"auto, (max-width: 1024px) 100vw, 1024px\" \/><\/figure><div class=\"wp-block-media-text__content\">\n<h2 class=\"wp-block-heading\">7. Kommunalt fritidskort<\/h2>\n\n\n\n<p>Vi \u00f8nsker \u00e5 innf\u00f8re en kommunal l\u00f8sning slik at alle barn i Aukra skal kunne delta p\u00e5 en fritidsaktivitet. Dette forebygger utenforskap og fremmer helse, vi vil at kommunen overtar kostnadene fra staten, s\u00e5 lenge tilbudet ikke finnes nasjonalt.<\/p>\n<\/div><\/div>\n\n\n\n<div class=\"wp-block-media-text alignwide has-media-on-the-right is-stacked-on-mobile\"><div class=\"wp-block-media-text__content\">\n<h2 class=\"wp-block-heading\">8. Flere fergeavganger, s\u00e5 bro!<\/h2>\n\n\n\n<p>Vi vil jobbe for \u00e5 f\u00e5 tilbake avganger vi har mistet. Disse trenger vi frem til vi f\u00e5r realisert bro over Kjerringsundet! For at mennesker og bedrifter skal ville etablere seg p\u00e5 en \u00f8y m\u00e5 det v\u00e6re et tilfredsstillende fergetilbud!<\/p>\n<\/div><figure class=\"wp-block-media-text__media\"><img loading=\"lazy\" decoding=\"async\" width=\"1024\" height=\"674\" src=\"https:\/\/hoyre.no\/content\/uploads\/sites\/111\/2023\/02\/GettyImages-637816934-1024x674.jpg\" alt=\"\" class=\"wp-image-90 size-full\" srcset=\"https:\/\/hoyre.no\/content\/uploads\/sites\/111\/2023\/02\/GettyImages-637816934-1024x674.jpg 1024w, https:\/\/hoyre.no\/content\/uploads\/sites\/111\/2023\/02\/GettyImages-637816934-300x197.jpg 300w, https:\/\/hoyre.no\/content\/uploads\/sites\/111\/2023\/02\/GettyImages-637816934-768x505.jpg 768w, https:\/\/hoyre.no\/content\/uploads\/sites\/111\/2023\/02\/GettyImages-637816934-1536x1011.jpg 1536w, https:\/\/hoyre.no\/content\/uploads\/sites\/111\/2023\/02\/GettyImages-637816934-2048x1347.jpg 2048w\" sizes=\"auto, (max-width: 1024px) 100vw, 1024px\" \/><\/figure><\/div>\n\n","protected":false},"excerpt":{"rendered":"","protected":false},"author":9467,"featured_media":0,"parent":0,"menu_order":0,"comment_status":"closed","ping_status":"closed","template":"","meta":{"teft_cards_image_url":"","teft_cards_custom_pretitle":"","teft_cards_image_id":0,"teft_cards_image_focal_point_x":0,"teft_cards_image_focal_point_y":0,"teft_cards_title":"","teft_cards_excerpt":"","teft_show_chapters":false,"footnotes":""},"class_list":["post-80","page","type-page","status-publish","hentry"],"yoast_head":"<!-- This site is optimized with the Yoast SEO plugin v26.6 - https:\/\/yoast.com\/wordpress\/plugins\/seo\/ -->\n<title>8 grunner til \u00e5 stemme Aukra H\u00f8yre - Aukra H\u00f8yre<\/title>\n<meta name=\"robots\" content=\"index, follow, max-snippet:-1, max-image-preview:large, max-video-preview:-1\" \/>\n<link rel=\"canonical\" href=\"https:\/\/hoyre.no\/aukra\/8-grunner-til-a-stemme-aukra-hoyre\/\" \/>\n<meta property=\"og:locale\" content=\"nb_NO\" \/>\n<meta property=\"og:type\" content=\"article\" \/>\n<meta property=\"og:title\" content=\"8 grunner til \u00e5 stemme Aukra H\u00f8yre - Aukra H\u00f8yre\" \/>\n<meta property=\"og:url\" content=\"https:\/\/hoyre.no\/aukra\/8-grunner-til-a-stemme-aukra-hoyre\/\" \/>\n<meta property=\"og:site_name\" content=\"Aukra H\u00f8yre\" \/>\n<meta property=\"article:modified_time\" content=\"2025-01-23T11:40:03+00:00\" \/>\n<meta property=\"og:image\" content=\"https:\/\/hoyre.no\/content\/uploads\/sites\/111\/2023\/02\/GettyImages-176979540-1024x683.jpg\" \/>\n<meta name=\"twitter:card\" content=\"summary_large_image\" \/>\n<meta name=\"twitter:label1\" content=\"Ansl. lesetid\" \/>\n\t<meta name=\"twitter:data1\" content=\"5 minutter\" \/>\n<script type=\"application\/ld+json\" class=\"yoast-schema-graph\">{\"@context\":\"https:\/\/schema.org\",\"@graph\":[{\"@type\":\"WebPage\",\"@id\":\"https:\/\/hoyre.no\/aukra\/8-grunner-til-a-stemme-aukra-hoyre\/\",\"url\":\"https:\/\/hoyre.no\/aukra\/8-grunner-til-a-stemme-aukra-hoyre\/\",\"name\":\"8 grunner til \u00e5 stemme Aukra H\u00f8yre - Aukra H\u00f8yre\",\"isPartOf\":{\"@id\":\"https:\/\/hoyre.no\/aukra\/#website\"},\"image\":{\"@id\":\"https:\/\/hoyre.no\/aukra\/8-grunner-til-a-stemme-aukra-hoyre\/#primaryimage\"},\"thumbnailUrl\":\"https:\/\/hoyre.no\/content\/uploads\/sites\/111\/2023\/02\/GettyImages-176979540-1024x683.jpg\",\"datePublished\":\"2023-02-27T19:18:15+00:00\",\"dateModified\":\"2025-01-23T11:40:03+00:00\",\"breadcrumb\":{\"@id\":\"https:\/\/hoyre.no\/aukra\/8-grunner-til-a-stemme-aukra-hoyre\/#breadcrumb\"},\"inLanguage\":\"nb-NO\",\"potentialAction\":[{\"@type\":\"ReadAction\",\"target\":[\"https:\/\/hoyre.no\/aukra\/8-grunner-til-a-stemme-aukra-hoyre\/\"]}]},{\"@type\":\"ImageObject\",\"inLanguage\":\"nb-NO\",\"@id\":\"https:\/\/hoyre.no\/aukra\/8-grunner-til-a-stemme-aukra-hoyre\/#primaryimage\",\"url\":\"https:\/\/hoyre.no\/content\/uploads\/sites\/111\/2023\/02\/GettyImages-176979540-1024x683.jpg\",\"contentUrl\":\"https:\/\/hoyre.no\/content\/uploads\/sites\/111\/2023\/02\/GettyImages-176979540-1024x683.jpg\"},{\"@type\":\"BreadcrumbList\",\"@id\":\"https:\/\/hoyre.no\/aukra\/8-grunner-til-a-stemme-aukra-hoyre\/#breadcrumb\",\"itemListElement\":[{\"@type\":\"ListItem\",\"position\":1,\"name\":\"Til hoyre.no\",\"item\":\"https:\/\/hoyre.no\"},{\"@type\":\"ListItem\",\"position\":2,\"name\":\"Hjem\",\"item\":\"https:\/\/hoyre.no\/aukra\/\"},{\"@type\":\"ListItem\",\"position\":3,\"name\":\"8 grunner til \u00e5 stemme Aukra H\u00f8yre\"}]},{\"@type\":\"WebSite\",\"@id\":\"https:\/\/hoyre.no\/aukra\/#website\",\"url\":\"https:\/\/hoyre.no\/aukra\/\",\"name\":\"Aukra H\u00f8yre\",\"description\":\"Bare enda et H\u00f8yres nettsteder-nettsted\",\"inLanguage\":\"nb-NO\"}]}<\/script>\n<!-- \/ Yoast SEO plugin. -->","yoast_head_json":{"title":"8 grunner til \u00e5 stemme Aukra H\u00f8yre - Aukra H\u00f8yre","robots":{"index":"index","follow":"follow","max-snippet":"max-snippet:-1","max-image-preview":"max-image-preview:large","max-video-preview":"max-video-preview:-1"},"canonical":"https:\/\/hoyre.no\/aukra\/8-grunner-til-a-stemme-aukra-hoyre\/","og_locale":"nb_NO","og_type":"article","og_title":"8 grunner til \u00e5 stemme Aukra H\u00f8yre - Aukra H\u00f8yre","og_url":"https:\/\/hoyre.no\/aukra\/8-grunner-til-a-stemme-aukra-hoyre\/","og_site_name":"Aukra H\u00f8yre","article_modified_time":"2025-01-23T11:40:03+00:00","og_image":[{"url":"https:\/\/hoyre.no\/content\/uploads\/sites\/111\/2023\/02\/GettyImages-176979540-1024x683.jpg","type":"","width":"","height":""}],"twitter_card":"summary_large_image","twitter_misc":{"Ansl. lesetid":"5 minutter"},"schema":{"@context":"https:\/\/schema.org","@graph":[{"@type":"WebPage","@id":"https:\/\/hoyre.no\/aukra\/8-grunner-til-a-stemme-aukra-hoyre\/","url":"https:\/\/hoyre.no\/aukra\/8-grunner-til-a-stemme-aukra-hoyre\/","name":"8 grunner til \u00e5 stemme Aukra H\u00f8yre - Aukra H\u00f8yre","isPartOf":{"@id":"https:\/\/hoyre.no\/aukra\/#website"},"image":{"@id":"https:\/\/hoyre.no\/aukra\/8-grunner-til-a-stemme-aukra-hoyre\/#primaryimage"},"thumbnailUrl":"https:\/\/hoyre.no\/content\/uploads\/sites\/111\/2023\/02\/GettyImages-176979540-1024x683.jpg","datePublished":"2023-02-27T19:18:15+00:00","dateModified":"2025-01-23T11:40:03+00:00","breadcrumb":{"@id":"https:\/\/hoyre.no\/aukra\/8-grunner-til-a-stemme-aukra-hoyre\/#breadcrumb"},"inLanguage":"nb-NO","potentialAction":[{"@type":"ReadAction","target":["https:\/\/hoyre.no\/aukra\/8-grunner-til-a-stemme-aukra-hoyre\/"]}]},{"@type":"ImageObject","inLanguage":"nb-NO","@id":"https:\/\/hoyre.no\/aukra\/8-grunner-til-a-stemme-aukra-hoyre\/#primaryimage","url":"https:\/\/hoyre.no\/content\/uploads\/sites\/111\/2023\/02\/GettyImages-176979540-1024x683.jpg","contentUrl":"https:\/\/hoyre.no\/content\/uploads\/sites\/111\/2023\/02\/GettyImages-176979540-1024x683.jpg"},{"@type":"BreadcrumbList","@id":"https:\/\/hoyre.no\/aukra\/8-grunner-til-a-stemme-aukra-hoyre\/#breadcrumb","itemListElement":[{"@type":"ListItem","position":1,"name":"Til hoyre.no","item":"https:\/\/hoyre.no"},{"@type":"ListItem","position":2,"name":"Hjem","item":"https:\/\/hoyre.no\/aukra\/"},{"@type":"ListItem","position":3,"name":"8 grunner til \u00e5 stemme Aukra H\u00f8yre"}]},{"@type":"WebSite","@id":"https:\/\/hoyre.no\/aukra\/#website","url":"https:\/\/hoyre.no\/aukra\/","name":"Aukra H\u00f8yre","description":"Bare enda et H\u00f8yres nettsteder-nettsted","inLanguage":"nb-NO"}]}},"distributor_meta":false,"distributor_terms":false,"distributor_media":false,"distributor_original_site_name":"Aukra H\u00f8yre","distributor_original_site_url":"https:\/\/hoyre.no\/aukra","push-errors":false,"_links":{"self":[{"href":"https:\/\/hoyre.no\/aukra\/wp-json\/wp\/v2\/pages\/80","targetHints":{"allow":["GET"]}}],"collection":[{"href":"https:\/\/hoyre.no\/aukra\/wp-json\/wp\/v2\/pages"}],"about":[{"href":"https:\/\/hoyre.no\/aukra\/wp-json\/wp\/v2\/types\/page"}],"author":[{"embeddable":true,"href":"https:\/\/hoyre.no\/aukra\/wp-json\/wp\/v2\/users\/9467"}],"replies":[{"embeddable":true,"href":"https:\/\/hoyre.no\/aukra\/wp-json\/wp\/v2\/comments?post=80"}],"version-history":[{"count":9,"href":"https:\/\/hoyre.no\/aukra\/wp-json\/wp\/v2\/pages\/80\/revisions"}],"predecessor-version":[{"id":161,"href":"https:\/\/hoyre.no\/aukra\/wp-json\/wp\/v2\/pages\/80\/revisions\/161"}],"wp:attachment":[{"href":"https:\/\/hoyre.no\/aukra\/wp-json\/wp\/v2\/media?parent=80"}],"curies":[{"name":"wp","href":"https:\/\/api.w.org\/{rel}","templated":true}]}}