{"id":907,"date":"2023-09-01T12:23:52","date_gmt":"2023-09-01T10:23:52","guid":{"rendered":"https:\/\/hoyre.no\/austevoll\/?page_id=907"},"modified":"2025-02-18T15:47:52","modified_gmt":"2025-02-18T14:47:52","slug":"10-gode-grunnar","status":"publish","type":"page","link":"https:\/\/hoyre.no\/austevoll\/10-gode-grunnar\/","title":{"rendered":"10 gode grunnar"},"content":{"rendered":"\n<div class=\"wp-block-hoyre-hero with-image-gradient text-color-light  has-media alignfull has-background\"><div class=\"hoyre-hero has-image\"><h1 class=\"title\">10 grunnar til \u00e5 r\u00f8yste H\u00f8gre i Austevoll<\/h1><figure class=\"hoyre-image-wrapper\"><div class=\"hoyre-image\"><img loading=\"lazy\" decoding=\"async\" width=\"2500\" height=\"1670\" src=\"https:\/\/hoyre.no\/content\/uploads\/sites\/350\/2023\/08\/GettyImages-175384875-scaled.jpg\" class=\"attachment-scaled size-scaled\" alt=\"\" style=\"object-position: 50% 50%\" srcset=\"https:\/\/hoyre.no\/content\/uploads\/sites\/350\/2023\/08\/GettyImages-175384875-scaled.jpg 2500w, https:\/\/hoyre.no\/content\/uploads\/sites\/350\/2023\/08\/GettyImages-175384875-300x200.jpg 300w, https:\/\/hoyre.no\/content\/uploads\/sites\/350\/2023\/08\/GettyImages-175384875-1024x684.jpg 1024w, https:\/\/hoyre.no\/content\/uploads\/sites\/350\/2023\/08\/GettyImages-175384875-768x513.jpg 768w, https:\/\/hoyre.no\/content\/uploads\/sites\/350\/2023\/08\/GettyImages-175384875-1536x1026.jpg 1536w, https:\/\/hoyre.no\/content\/uploads\/sites\/350\/2023\/08\/GettyImages-175384875-2048x1368.jpg 2048w\" sizes=\"auto, (max-width: 2500px) 100vw, 2500px\" \/><\/div><\/figure><\/div><\/div>\n\n\n\n\n\n\t\t<div class=\"has-pale-blue-background-color is-layout-left alignwide alignwide wp-block-hoyre-media-text\">\n\t\t\t<div class=\"hoyre-media-text__media\">\n\t\t\t\t<img loading=\"lazy\" decoding=\"async\" width=\"1024\" height=\"768\" src=\"https:\/\/hoyre.no\/content\/uploads\/sites\/350\/2023\/08\/IMG_1786.jpeg\" class=\"hoyre-media-text__media-image\" alt=\"\" style=\"--focal: 50% 50%;\" srcset=\"https:\/\/hoyre.no\/content\/uploads\/sites\/350\/2023\/08\/IMG_1786.jpeg 1024w, https:\/\/hoyre.no\/content\/uploads\/sites\/350\/2023\/08\/IMG_1786-300x225.jpeg 300w, https:\/\/hoyre.no\/content\/uploads\/sites\/350\/2023\/08\/IMG_1786-768x576.jpeg 768w\" sizes=\"auto, (max-width: 1024px) 100vw, 1024px\" \/>\n\t\t\t<\/div>\n\t\t\t<div class=\"hoyre-media-text__content\">\n\t\t\t\t<div class=\"hoyre-media-text__content-inner\">\n\t\t\t\t\t\n\t\t\t<div class=\"hoyre-media-text__title-container\">\n\t\t\t\t\n\t\t\t\t<h2 class=\"hoyre-media-text__title\">1. Ein skule som gjev moglegheiter for alle<\/h2>\n\t\t\t<\/div>\n\t\t\t\n\t\t\t\t\t<div class=\"hoyre-media-text__blocks\"><\/div>\n\t\t\t\t\t\n\t\t\t\t<\/div>\n\t\t\t<\/div>\n\t\t<\/div>\n\t\t\n\n\n\t\t<div class=\"has-lightest-blue-background-color is-layout-right alignwide alignwide wp-block-hoyre-media-text\">\n\t\t\t<div class=\"hoyre-media-text__media\">\n\t\t\t\t<img loading=\"lazy\" decoding=\"async\" width=\"956\" height=\"717\" src=\"https:\/\/hoyre.no\/content\/uploads\/sites\/350\/2023\/06\/348360451_215072188009116_7611581321918736352_n-edited.jpg\" class=\"hoyre-media-text__media-image\" alt=\"\" style=\"--focal: 50% 50%;\" srcset=\"https:\/\/hoyre.no\/content\/uploads\/sites\/350\/2023\/06\/348360451_215072188009116_7611581321918736352_n-edited.jpg 956w, https:\/\/hoyre.no\/content\/uploads\/sites\/350\/2023\/06\/348360451_215072188009116_7611581321918736352_n-edited-300x225.jpg 300w, https:\/\/hoyre.no\/content\/uploads\/sites\/350\/2023\/06\/348360451_215072188009116_7611581321918736352_n-edited-768x576.jpg 768w\" sizes=\"auto, (max-width: 956px) 100vw, 956px\" \/>\n\t\t\t<\/div>\n\t\t\t<div class=\"hoyre-media-text__content\">\n\t\t\t\t<div class=\"hoyre-media-text__content-inner\">\n\t\t\t\t\t\n\t\t\t<div class=\"hoyre-media-text__title-container\">\n\t\t\t\t\n\t\t\t\t<h2 class=\"hoyre-media-text__title\">2. Gode omsorgstenester og ein trygg og innhaldsrik alderdom<\/h2>\n\t\t\t<\/div>\n\t\t\t\n\t\t\t\t\t<div class=\"hoyre-media-text__blocks\"><\/div>\n\t\t\t\t\t\n\t\t\t\t<\/div>\n\t\t\t<\/div>\n\t\t<\/div>\n\t\t\n\n\n\t\t<div class=\"has-pale-green-background-color is-layout-left alignwide alignwide wp-block-hoyre-media-text\">\n\t\t\t<div class=\"hoyre-media-text__media\">\n\t\t\t\t<img loading=\"lazy\" decoding=\"async\" width=\"1024\" height=\"768\" src=\"https:\/\/hoyre.no\/content\/uploads\/sites\/350\/2023\/08\/IMG_7730.jpeg\" class=\"hoyre-media-text__media-image\" alt=\"\" style=\"--focal: 50% 50%;\" srcset=\"https:\/\/hoyre.no\/content\/uploads\/sites\/350\/2023\/08\/IMG_7730.jpeg 1024w, https:\/\/hoyre.no\/content\/uploads\/sites\/350\/2023\/08\/IMG_7730-300x225.jpeg 300w, https:\/\/hoyre.no\/content\/uploads\/sites\/350\/2023\/08\/IMG_7730-768x576.jpeg 768w\" sizes=\"auto, (max-width: 1024px) 100vw, 1024px\" \/>\n\t\t\t<\/div>\n\t\t\t<div class=\"hoyre-media-text__content\">\n\t\t\t\t<div class=\"hoyre-media-text__content-inner\">\n\t\t\t\t\t\n\t\t\t<div class=\"hoyre-media-text__title-container\">\n\t\t\t\t\n\t\t\t\t<h2 class=\"hoyre-media-text__title\">3. Arbeidsplassar og stabile rammevilk\u00e5r for n\u00e6ringslivet<\/h2>\n\t\t\t<\/div>\n\t\t\t\n\t\t\t\t\t<div class=\"hoyre-media-text__blocks\"><\/div>\n\t\t\t\t\t\n\t\t\t\t<\/div>\n\t\t\t<\/div>\n\t\t<\/div>\n\t\t\n\n\n\t\t<div class=\"has-pale-blue-background-color is-layout-right alignwide alignwide wp-block-hoyre-media-text\">\n\t\t\t<div class=\"hoyre-media-text__media\">\n\t\t\t\t<img loading=\"lazy\" decoding=\"async\" width=\"1024\" height=\"768\" src=\"https:\/\/hoyre.no\/content\/uploads\/sites\/350\/2023\/08\/IMG_0036-1024x768.jpeg\" class=\"hoyre-media-text__media-image\" alt=\"\" style=\"--focal: 50% 50%;\" srcset=\"https:\/\/hoyre.no\/content\/uploads\/sites\/350\/2023\/08\/IMG_0036-1024x768.jpeg 1024w, https:\/\/hoyre.no\/content\/uploads\/sites\/350\/2023\/08\/IMG_0036-300x225.jpeg 300w, https:\/\/hoyre.no\/content\/uploads\/sites\/350\/2023\/08\/IMG_0036-768x576.jpeg 768w, https:\/\/hoyre.no\/content\/uploads\/sites\/350\/2023\/08\/IMG_0036-1536x1152.jpeg 1536w, https:\/\/hoyre.no\/content\/uploads\/sites\/350\/2023\/08\/IMG_0036-2048x1536.jpeg 2048w\" sizes=\"auto, (max-width: 1024px) 100vw, 1024px\" \/>\n\t\t\t<\/div>\n\t\t\t<div class=\"hoyre-media-text__content\">\n\t\t\t\t<div class=\"hoyre-media-text__content-inner\">\n\t\t\t\t\t\n\t\t\t<div class=\"hoyre-media-text__title-container\">\n\t\t\t\t\n\t\t\t\t<h2 class=\"hoyre-media-text__title\">4. Vidaref\u00f8re prim\u00e6rhelseteamet etter at statsst\u00f8tta fell bort<\/h2>\n\t\t\t<\/div>\n\t\t\t\n\t\t\t\t\t<div class=\"hoyre-media-text__blocks\"><\/div>\n\t\t\t\t\t\n\t\t\t\t<\/div>\n\t\t\t<\/div>\n\t\t<\/div>\n\t\t\n\n\n\t\t<div class=\"has-pink-background-color is-layout-left alignwide alignwide wp-block-hoyre-media-text\">\n\t\t\t<div class=\"hoyre-media-text__media\">\n\t\t\t\t<img loading=\"lazy\" decoding=\"async\" width=\"1024\" height=\"768\" src=\"https:\/\/hoyre.no\/content\/uploads\/sites\/350\/2023\/08\/IMG_0899-1024x768.jpeg\" class=\"hoyre-media-text__media-image\" alt=\"\" style=\"--focal: 25% 56%;\" srcset=\"https:\/\/hoyre.no\/content\/uploads\/sites\/350\/2023\/08\/IMG_0899-1024x768.jpeg 1024w, https:\/\/hoyre.no\/content\/uploads\/sites\/350\/2023\/08\/IMG_0899-300x225.jpeg 300w, https:\/\/hoyre.no\/content\/uploads\/sites\/350\/2023\/08\/IMG_0899-768x576.jpeg 768w, https:\/\/hoyre.no\/content\/uploads\/sites\/350\/2023\/08\/IMG_0899-1536x1152.jpeg 1536w, https:\/\/hoyre.no\/content\/uploads\/sites\/350\/2023\/08\/IMG_0899-2048x1536.jpeg 2048w\" sizes=\"auto, (max-width: 1024px) 100vw, 1024px\" \/>\n\t\t\t<\/div>\n\t\t\t<div class=\"hoyre-media-text__content\">\n\t\t\t\t<div class=\"hoyre-media-text__content-inner\">\n\t\t\t\t\t\n\t\t\t<div class=\"hoyre-media-text__title-container\">\n\t\t\t\t\n\t\t\t\t<h2 class=\"hoyre-media-text__title\">5. Gode bustadomr\u00e5de i alle bygdene v\u00e5re<\/h2>\n\t\t\t<\/div>\n\t\t\t\n\t\t\t\t\t<div class=\"hoyre-media-text__blocks\"><\/div>\n\t\t\t\t\t\n\t\t\t\t<\/div>\n\t\t\t<\/div>\n\t\t<\/div>\n\t\t\n\n\n\t\t<div class=\"has-pale-blue-background-color is-layout-right alignwide alignwide wp-block-hoyre-media-text\">\n\t\t\t<div class=\"hoyre-media-text__media\">\n\t\t\t\t<img loading=\"lazy\" decoding=\"async\" width=\"1024\" height=\"768\" src=\"https:\/\/hoyre.no\/content\/uploads\/sites\/350\/2023\/08\/IMG_0708-1024x768.jpeg\" class=\"hoyre-media-text__media-image\" alt=\"\" style=\"--focal: 50% 50%;\" srcset=\"https:\/\/hoyre.no\/content\/uploads\/sites\/350\/2023\/08\/IMG_0708-1024x768.jpeg 1024w, https:\/\/hoyre.no\/content\/uploads\/sites\/350\/2023\/08\/IMG_0708-300x225.jpeg 300w, https:\/\/hoyre.no\/content\/uploads\/sites\/350\/2023\/08\/IMG_0708-768x576.jpeg 768w, https:\/\/hoyre.no\/content\/uploads\/sites\/350\/2023\/08\/IMG_0708-1536x1152.jpeg 1536w, https:\/\/hoyre.no\/content\/uploads\/sites\/350\/2023\/08\/IMG_0708-2048x1536.jpeg 2048w\" sizes=\"auto, (max-width: 1024px) 100vw, 1024px\" \/>\n\t\t\t<\/div>\n\t\t\t<div class=\"hoyre-media-text__content\">\n\t\t\t\t<div class=\"hoyre-media-text__content-inner\">\n\t\t\t\t\t\n\t\t\t<div class=\"hoyre-media-text__title-container\">\n\t\t\t\t\n\t\t\t\t<h2 class=\"hoyre-media-text__title\">6. Bruke havbruksfondet til \u00e5 finansiere veg<\/h2>\n\t\t\t<\/div>\n\t\t\t\n\t\t\t\t\t<div class=\"hoyre-media-text__blocks\"><\/div>\n\t\t\t\t\t\n\t\t\t\t<\/div>\n\t\t\t<\/div>\n\t\t<\/div>\n\t\t\n\n\n\t\t<div class=\"has-lightest-blue-background-color is-layout-left alignwide alignwide wp-block-hoyre-media-text\">\n\t\t\t<div class=\"hoyre-media-text__media\">\n\t\t\t\t<img loading=\"lazy\" decoding=\"async\" width=\"1024\" height=\"487\" src=\"https:\/\/hoyre.no\/content\/uploads\/sites\/350\/2023\/09\/Skjermbilde-2023-09-01-kl.-12.12.28-1024x487.png\" class=\"hoyre-media-text__media-image\" alt=\"\" style=\"--focal: 50% 50%;\" srcset=\"https:\/\/hoyre.no\/content\/uploads\/sites\/350\/2023\/09\/Skjermbilde-2023-09-01-kl.-12.12.28-1024x487.png 1024w, https:\/\/hoyre.no\/content\/uploads\/sites\/350\/2023\/09\/Skjermbilde-2023-09-01-kl.-12.12.28-300x143.png 300w, https:\/\/hoyre.no\/content\/uploads\/sites\/350\/2023\/09\/Skjermbilde-2023-09-01-kl.-12.12.28-768x365.png 768w, https:\/\/hoyre.no\/content\/uploads\/sites\/350\/2023\/09\/Skjermbilde-2023-09-01-kl.-12.12.28-1536x730.png 1536w, https:\/\/hoyre.no\/content\/uploads\/sites\/350\/2023\/09\/Skjermbilde-2023-09-01-kl.-12.12.28.png 1842w\" sizes=\"auto, (max-width: 1024px) 100vw, 1024px\" \/>\n\t\t\t<\/div>\n\t\t\t<div class=\"hoyre-media-text__content\">\n\t\t\t\t<div class=\"hoyre-media-text__content-inner\">\n\t\t\t\t\t\n\t\t\t<div class=\"hoyre-media-text__title-container\">\n\t\t\t\t\n\t\t\t\t<h2 class=\"hoyre-media-text__title\">7. St\u00f8tte idrett, kultur og frivilligheit gjennom gode tilskotsordningar<\/h2>\n\t\t\t<\/div>\n\t\t\t\n\t\t\t\t\t<div class=\"hoyre-media-text__blocks\"><\/div>\n\t\t\t\t\t\n\t\t\t\t<\/div>\n\t\t\t<\/div>\n\t\t<\/div>\n\t\t\n\n\n\t\t<div class=\"has-pale-green-background-color is-layout-right alignwide alignwide wp-block-hoyre-media-text\">\n\t\t\t<div class=\"hoyre-media-text__media\">\n\t\t\t\t<img loading=\"lazy\" decoding=\"async\" width=\"1024\" height=\"768\" src=\"https:\/\/hoyre.no\/content\/uploads\/sites\/350\/2023\/08\/IMG_0734-1024x768.jpeg\" class=\"hoyre-media-text__media-image\" alt=\"\" style=\"--focal: 50% 50%;\" srcset=\"https:\/\/hoyre.no\/content\/uploads\/sites\/350\/2023\/08\/IMG_0734-1024x768.jpeg 1024w, https:\/\/hoyre.no\/content\/uploads\/sites\/350\/2023\/08\/IMG_0734-300x225.jpeg 300w, https:\/\/hoyre.no\/content\/uploads\/sites\/350\/2023\/08\/IMG_0734-768x576.jpeg 768w, https:\/\/hoyre.no\/content\/uploads\/sites\/350\/2023\/08\/IMG_0734-1536x1152.jpeg 1536w, https:\/\/hoyre.no\/content\/uploads\/sites\/350\/2023\/08\/IMG_0734-2048x1536.jpeg 2048w\" sizes=\"auto, (max-width: 1024px) 100vw, 1024px\" \/>\n\t\t\t<\/div>\n\t\t\t<div class=\"hoyre-media-text__content\">\n\t\t\t\t<div class=\"hoyre-media-text__content-inner\">\n\t\t\t\t\t\n\t\t\t<div class=\"hoyre-media-text__title-container\">\n\t\t\t\t\n\t\t\t\t<h2 class=\"hoyre-media-text__title\">8. Utarbeide klimaplan-og budsjett med m\u00e5l, rapportering og oppf\u00f8lging<\/h2>\n\t\t\t<\/div>\n\t\t\t\n\t\t\t\t\t<div class=\"hoyre-media-text__blocks\"><\/div>\n\t\t\t\t\t\n\t\t\t\t<\/div>\n\t\t\t<\/div>\n\t\t<\/div>\n\t\t\n\n\n\t\t<div class=\"has-pale-purple-background-color is-layout-left alignwide alignwide wp-block-hoyre-media-text\">\n\t\t\t<div class=\"hoyre-media-text__media\">\n\t\t\t\t<img loading=\"lazy\" decoding=\"async\" width=\"1024\" height=\"768\" src=\"https:\/\/hoyre.no\/content\/uploads\/sites\/350\/2023\/08\/IMG_3497-1024x768.jpeg\" class=\"hoyre-media-text__media-image\" alt=\"\" style=\"--focal: 50% 50%;\" srcset=\"https:\/\/hoyre.no\/content\/uploads\/sites\/350\/2023\/08\/IMG_3497-1024x768.jpeg 1024w, https:\/\/hoyre.no\/content\/uploads\/sites\/350\/2023\/08\/IMG_3497-300x225.jpeg 300w, https:\/\/hoyre.no\/content\/uploads\/sites\/350\/2023\/08\/IMG_3497-768x576.jpeg 768w, https:\/\/hoyre.no\/content\/uploads\/sites\/350\/2023\/08\/IMG_3497-1536x1152.jpeg 1536w, https:\/\/hoyre.no\/content\/uploads\/sites\/350\/2023\/08\/IMG_3497-2048x1536.jpeg 2048w\" sizes=\"auto, (max-width: 1024px) 100vw, 1024px\" \/>\n\t\t\t<\/div>\n\t\t\t<div class=\"hoyre-media-text__content\">\n\t\t\t\t<div class=\"hoyre-media-text__content-inner\">\n\t\t\t\t\t\n\t\t\t<div class=\"hoyre-media-text__title-container\">\n\t\t\t\t\n\t\t\t\t<h2 class=\"hoyre-media-text__title\">9. Sunn og god \u00f8konomisk styring av kommunen<\/h2>\n\t\t\t<\/div>\n\t\t\t\n\t\t\t\t\t<div class=\"hoyre-media-text__blocks\"><\/div>\n\t\t\t\t\t\n\t\t\t\t<\/div>\n\t\t\t<\/div>\n\t\t<\/div>\n\t\t\n\n\n\t\t<div class=\"has-pale-blue-background-color is-layout-right alignwide alignwide wp-block-hoyre-media-text\">\n\t\t\t<div class=\"hoyre-media-text__media\">\n\t\t\t\t<img loading=\"lazy\" decoding=\"async\" width=\"1024\" height=\"683\" src=\"https:\/\/hoyre.no\/content\/uploads\/sites\/350\/2023\/08\/Kandidatar-1-1024x683.jpg\" class=\"hoyre-media-text__media-image\" alt=\"\" style=\"--focal: 50% 50%;\" srcset=\"https:\/\/hoyre.no\/content\/uploads\/sites\/350\/2023\/08\/Kandidatar-1-1024x683.jpg 1024w, https:\/\/hoyre.no\/content\/uploads\/sites\/350\/2023\/08\/Kandidatar-1-300x200.jpg 300w, https:\/\/hoyre.no\/content\/uploads\/sites\/350\/2023\/08\/Kandidatar-1-768x512.jpg 768w, https:\/\/hoyre.no\/content\/uploads\/sites\/350\/2023\/08\/Kandidatar-1-1536x1024.jpg 1536w, https:\/\/hoyre.no\/content\/uploads\/sites\/350\/2023\/08\/Kandidatar-1-2048x1365.jpg 2048w\" sizes=\"auto, (max-width: 1024px) 100vw, 1024px\" \/>\n\t\t\t<\/div>\n\t\t\t<div class=\"hoyre-media-text__content\">\n\t\t\t\t<div class=\"hoyre-media-text__content-inner\">\n\t\t\t\t\t\n\t\t\t<div class=\"hoyre-media-text__title-container\">\n\t\t\t\t\n\t\t\t\t<h2 class=\"hoyre-media-text__title\">10. 27 kandidatar med solid erfaring og eit stort hjarte for Austevoll!<\/h2>\n\t\t\t<\/div>\n\t\t\t\n\t\t\t\t\t<div class=\"hoyre-media-text__blocks\"><\/div>\n\t\t\t\t\t\n\t\t\t\t<\/div>\n\t\t\t<\/div>\n\t\t<\/div>\n\t\t\n\n\n<div class=\"wp-block-hoyre-banner alignwide undefined\"><div class=\"banner-inner\"><figure class=\"hoyre-image-wrapper\"><div class=\"hoyre-image\"><img loading=\"lazy\" decoding=\"async\" width=\"2500\" height=\"1668\" src=\"https:\/\/hoyre.no\/content\/uploads\/sites\/350\/2023\/08\/Y9A4500-scaled.jpg\" class=\"attachment-scaled size-scaled\" alt=\"\" style=\"object-position: 50% 50%\" srcset=\"https:\/\/hoyre.no\/content\/uploads\/sites\/350\/2023\/08\/Y9A4500-scaled.jpg 2500w, https:\/\/hoyre.no\/content\/uploads\/sites\/350\/2023\/08\/Y9A4500-300x200.jpg 300w, https:\/\/hoyre.no\/content\/uploads\/sites\/350\/2023\/08\/Y9A4500-1024x683.jpg 1024w, https:\/\/hoyre.no\/content\/uploads\/sites\/350\/2023\/08\/Y9A4500-768x512.jpg 768w, https:\/\/hoyre.no\/content\/uploads\/sites\/350\/2023\/08\/Y9A4500-1536x1025.jpg 1536w, https:\/\/hoyre.no\/content\/uploads\/sites\/350\/2023\/08\/Y9A4500-2048x1366.jpg 2048w\" sizes=\"auto, (max-width: 2500px) 100vw, 2500px\" \/><\/div><\/figure><div class=\"banner-content\"><div class=\"entry-content\">\n<h2 class=\"wp-block-heading\">Vil du vite meir?<\/h2>\n\n\n\n<p>Les heile valprogrammet v\u00e5rt her \ud83d\udc47<\/p>\n\n\n\n<div class=\"wp-block-buttons is-layout-flex wp-block-buttons-is-layout-flex\">\n<div class=\"wp-block-button\"><a class=\"wp-block-button__link\" href=\"https:\/\/hoyre.no\/austevoll\/valprogram-2023-2027\/\">les meir<\/a><\/div>\n<\/div>\n<\/div><\/div><\/div><\/div>\n","protected":false},"excerpt":{"rendered":"","protected":false},"author":29319,"featured_media":0,"parent":0,"menu_order":0,"comment_status":"closed","ping_status":"closed","template":"","meta":{"teft_cards_image_url":"","teft_cards_custom_pretitle":"","teft_cards_image_id":0,"teft_cards_image_focal_point_x":0,"teft_cards_image_focal_point_y":0,"teft_cards_title":"","teft_cards_excerpt":"","teft_show_chapters":false,"footnotes":""},"class_list":["post-907","page","type-page","status-publish","hentry"],"yoast_head":"<!-- This site is optimized with the Yoast SEO plugin v26.6 - https:\/\/yoast.com\/wordpress\/plugins\/seo\/ -->\n<title>10 gode grunnar - Austevoll H\u00f8gre<\/title>\n<meta name=\"description\" content=\"10 grunnar til \u00e5 r\u00f8yste H\u00f8gre om du bur i Austevoll kommune.\" \/>\n<meta name=\"robots\" content=\"index, follow, max-snippet:-1, max-image-preview:large, max-video-preview:-1\" \/>\n<link rel=\"canonical\" href=\"https:\/\/hoyre.no\/austevoll\/10-gode-grunnar\/\" \/>\n<meta property=\"og:locale\" content=\"nn_NO\" \/>\n<meta property=\"og:type\" content=\"article\" \/>\n<meta property=\"og:title\" content=\"10 gode grunnar - Austevoll H\u00f8gre\" \/>\n<meta property=\"og:description\" content=\"10 grunnar til \u00e5 r\u00f8yste H\u00f8gre om du bur i Austevoll kommune.\" \/>\n<meta property=\"og:url\" content=\"https:\/\/hoyre.no\/austevoll\/10-gode-grunnar\/\" \/>\n<meta property=\"og:site_name\" content=\"Austevoll H\u00f8gre\" \/>\n<meta property=\"article:modified_time\" content=\"2025-02-18T14:47:52+00:00\" \/>\n<meta property=\"og:image\" content=\"https:\/\/hoyre.no\/content\/uploads\/sites\/350\/2022\/11\/Hoyres-logo.png\" \/>\n\t<meta property=\"og:image:width\" content=\"1000\" \/>\n\t<meta property=\"og:image:height\" content=\"1000\" \/>\n\t<meta property=\"og:image:type\" content=\"image\/png\" \/>\n<meta name=\"twitter:card\" content=\"summary_large_image\" \/>\n<meta name=\"twitter:label1\" content=\"Est. reading time\" \/>\n\t<meta name=\"twitter:data1\" content=\"1 minutt\" \/>\n<script type=\"application\/ld+json\" class=\"yoast-schema-graph\">{\"@context\":\"https:\/\/schema.org\",\"@graph\":[{\"@type\":\"WebPage\",\"@id\":\"https:\/\/hoyre.no\/austevoll\/10-gode-grunnar\/\",\"url\":\"https:\/\/hoyre.no\/austevoll\/10-gode-grunnar\/\",\"name\":\"10 gode grunnar - Austevoll H\u00f8gre\",\"isPartOf\":{\"@id\":\"https:\/\/hoyre.no\/austevoll\/#website\"},\"datePublished\":\"2023-09-01T10:23:52+00:00\",\"dateModified\":\"2025-02-18T14:47:52+00:00\",\"description\":\"10 grunnar til \u00e5 r\u00f8yste H\u00f8gre om du bur i Austevoll kommune.\",\"breadcrumb\":{\"@id\":\"https:\/\/hoyre.no\/austevoll\/10-gode-grunnar\/#breadcrumb\"},\"inLanguage\":\"nn-NO\",\"potentialAction\":[{\"@type\":\"ReadAction\",\"target\":[\"https:\/\/hoyre.no\/austevoll\/10-gode-grunnar\/\"]}]},{\"@type\":\"BreadcrumbList\",\"@id\":\"https:\/\/hoyre.no\/austevoll\/10-gode-grunnar\/#breadcrumb\",\"itemListElement\":[{\"@type\":\"ListItem\",\"position\":1,\"name\":\"Til hoyre.no\",\"item\":\"https:\/\/hoyre.no\"},{\"@type\":\"ListItem\",\"position\":2,\"name\":\"Hjem\",\"item\":\"https:\/\/hoyre.no\/austevoll\/\"},{\"@type\":\"ListItem\",\"position\":3,\"name\":\"10 gode grunnar\"}]},{\"@type\":\"WebSite\",\"@id\":\"https:\/\/hoyre.no\/austevoll\/#website\",\"url\":\"https:\/\/hoyre.no\/austevoll\/\",\"name\":\"Austevoll H\u00f8gre\",\"description\":\"Bare enda et H\u00f8yres nettsteder-nettsted\",\"inLanguage\":\"nn-NO\"}]}<\/script>\n<!-- \/ Yoast SEO plugin. -->","yoast_head_json":{"title":"10 gode grunnar - Austevoll H\u00f8gre","description":"10 grunnar til \u00e5 r\u00f8yste H\u00f8gre om du bur i Austevoll kommune.","robots":{"index":"index","follow":"follow","max-snippet":"max-snippet:-1","max-image-preview":"max-image-preview:large","max-video-preview":"max-video-preview:-1"},"canonical":"https:\/\/hoyre.no\/austevoll\/10-gode-grunnar\/","og_locale":"nn_NO","og_type":"article","og_title":"10 gode grunnar - Austevoll H\u00f8gre","og_description":"10 grunnar til \u00e5 r\u00f8yste H\u00f8gre om du bur i Austevoll kommune.","og_url":"https:\/\/hoyre.no\/austevoll\/10-gode-grunnar\/","og_site_name":"Austevoll H\u00f8gre","article_modified_time":"2025-02-18T14:47:52+00:00","og_image":[{"width":1000,"height":1000,"url":"https:\/\/hoyre.no\/content\/uploads\/sites\/350\/2022\/11\/Hoyres-logo.png","type":"image\/png"}],"twitter_card":"summary_large_image","twitter_misc":{"Est. reading time":"1 minutt"},"schema":{"@context":"https:\/\/schema.org","@graph":[{"@type":"WebPage","@id":"https:\/\/hoyre.no\/austevoll\/10-gode-grunnar\/","url":"https:\/\/hoyre.no\/austevoll\/10-gode-grunnar\/","name":"10 gode grunnar - Austevoll H\u00f8gre","isPartOf":{"@id":"https:\/\/hoyre.no\/austevoll\/#website"},"datePublished":"2023-09-01T10:23:52+00:00","dateModified":"2025-02-18T14:47:52+00:00","description":"10 grunnar til \u00e5 r\u00f8yste H\u00f8gre om du bur i Austevoll kommune.","breadcrumb":{"@id":"https:\/\/hoyre.no\/austevoll\/10-gode-grunnar\/#breadcrumb"},"inLanguage":"nn-NO","potentialAction":[{"@type":"ReadAction","target":["https:\/\/hoyre.no\/austevoll\/10-gode-grunnar\/"]}]},{"@type":"BreadcrumbList","@id":"https:\/\/hoyre.no\/austevoll\/10-gode-grunnar\/#breadcrumb","itemListElement":[{"@type":"ListItem","position":1,"name":"Til hoyre.no","item":"https:\/\/hoyre.no"},{"@type":"ListItem","position":2,"name":"Hjem","item":"https:\/\/hoyre.no\/austevoll\/"},{"@type":"ListItem","position":3,"name":"10 gode grunnar"}]},{"@type":"WebSite","@id":"https:\/\/hoyre.no\/austevoll\/#website","url":"https:\/\/hoyre.no\/austevoll\/","name":"Austevoll H\u00f8gre","description":"Bare enda et H\u00f8yres nettsteder-nettsted","inLanguage":"nn-NO"}]}},"distributor_meta":false,"distributor_terms":false,"distributor_media":false,"distributor_original_site_name":"Austevoll H\u00f8gre","distributor_original_site_url":"https:\/\/hoyre.no\/austevoll","push-errors":false,"_links":{"self":[{"href":"https:\/\/hoyre.no\/austevoll\/wp-json\/wp\/v2\/pages\/907","targetHints":{"allow":["GET"]}}],"collection":[{"href":"https:\/\/hoyre.no\/austevoll\/wp-json\/wp\/v2\/pages"}],"about":[{"href":"https:\/\/hoyre.no\/austevoll\/wp-json\/wp\/v2\/types\/page"}],"author":[{"embeddable":true,"href":"https:\/\/hoyre.no\/austevoll\/wp-json\/wp\/v2\/users\/29319"}],"replies":[{"embeddable":true,"href":"https:\/\/hoyre.no\/austevoll\/wp-json\/wp\/v2\/comments?post=907"}],"version-history":[{"count":2,"href":"https:\/\/hoyre.no\/austevoll\/wp-json\/wp\/v2\/pages\/907\/revisions"}],"predecessor-version":[{"id":932,"href":"https:\/\/hoyre.no\/austevoll\/wp-json\/wp\/v2\/pages\/907\/revisions\/932"}],"wp:attachment":[{"href":"https:\/\/hoyre.no\/austevoll\/wp-json\/wp\/v2\/media?parent=907"}],"curies":[{"name":"wp","href":"https:\/\/api.w.org\/{rel}","templated":true}]}}