{"id":52,"date":"2023-08-09T20:10:02","date_gmt":"2023-08-09T18:10:02","guid":{"rendered":"https:\/\/hoyre.no\/austrheim\/?page_id=52"},"modified":"2023-08-09T20:16:01","modified_gmt":"2023-08-09T18:16:01","slug":"valprogram-2023-2027","status":"publish","type":"page","link":"https:\/\/hoyre.no\/austrheim\/valprogram-2023-2027\/","title":{"rendered":"Valprogram 2023-2027"},"content":{"rendered":"\n<div class=\"wp-block-hoyre-hero with-image-gradient text-color-light  has-media alignfull has-background\"><div class=\"hoyre-hero has-image\"><h1 class=\"title\">Valprogram<br>2023-2027<\/h1><p class=\"preamble\">Sj\u00e5 kva me g\u00e5r til val p\u00e5 i Austrheim i komande periode!<\/p>\t\t\t<div class=\"post-meta wp-block teft-byline-wrapper\">\n\t\t\t\t<div class=\"top\">\n\t\t\t\t\t<div class=\"signature\">\n\t\t\t\t\t\t<div class=\"teft-byline\">\n\t\t\t\t\t\t\t\t\t\t\t\t\t\t<div>\n\t\t\t\t\t\t\t\t<h3>H\u00f8yres redaksjon<\/h3>\t\t\t\t\t\t\t\t\n\t\t\t\t\t\t\t\t\t\t\t\t\t\t\t\t\t<span class=\"date\">Sist oppdatert: 9. august 2023<\/span>\n\t\t\t\t\t\t\t\t\t\t\t\t\t\t\t\t\t\t\t\t\t\t\t\t\t<span class=\"reading-time\" itemprop=\"timeRequired\" content=\"PT1M\"><em>Ca. 1 minutter lesetid<\/em><\/span>\n\t\t\t\t\t\t\t\t\t\t\t\t\t\t\t<\/div>\n\t\t\t\t\t\t<\/div>\n\t\t\t\t\t<\/div>\n\t\t\t\t\t\t<div class=\"sharing\">\n\t\t<a class=\"share-button share-link copy-link\" data-copy=\"https:\/\/hoyre.no\/austrheim\/valprogram-2023-2027\/\" target=\"_blank\"><span class=\"screen-reader-text\">Del link<\/span><\/a>\n\t\t<a class=\"share-button share-twitter\" href=\"http:\/\/twitter.com\/share?text=Valprogram 2023-2027&#038;url=https:\/\/hoyre.no\/austrheim\/valprogram-2023-2027\/&#038;hashtags=Hoyre\" target=\"_blank\"><span class=\"screen-reader-text\">Del p\u00e5 twitter<\/span><\/a>\n\t\t<a class=\"share-button share-facebook\" href=\"https:\/\/www.facebook.com\/sharer\/sharer.php?u=https:\/\/hoyre.no\/austrheim\/valprogram-2023-2027\/\" target=\"_blank\"><span class=\"screen-reader-text\">Del p\u00e5 facebook<\/span><\/a>\n\t<\/div>\n\t\t\t\t\t<\/div>\n\t\t\t<\/div>\n\n\t\t\t<figure class=\"hoyre-image-wrapper\"><div class=\"hoyre-image\"><img loading=\"lazy\" decoding=\"async\" width=\"1748\" height=\"1165\" src=\"https:\/\/hoyre.no\/content\/uploads\/sites\/346\/2020\/11\/sjo2.jpg\" class=\"attachment-scaled size-scaled\" alt=\"\" style=\"object-position: 40% 32%\" srcset=\"https:\/\/hoyre.no\/content\/uploads\/sites\/346\/2020\/11\/sjo2.jpg 1748w, https:\/\/hoyre.no\/content\/uploads\/sites\/346\/2020\/11\/sjo2-300x200.jpg 300w, https:\/\/hoyre.no\/content\/uploads\/sites\/346\/2020\/11\/sjo2-1024x682.jpg 1024w, https:\/\/hoyre.no\/content\/uploads\/sites\/346\/2020\/11\/sjo2-768x512.jpg 768w, https:\/\/hoyre.no\/content\/uploads\/sites\/346\/2020\/11\/sjo2-1536x1024.jpg 1536w\" sizes=\"auto, (max-width: 1748px) 100vw, 1748px\" \/><\/div><\/figure><\/div><\/div>\n\n\n\n\n<p>Austrheim skal v\u00e6re ein attraktiv, god og trygg kommune \u00e5 bu igjennom heile livet. Derfor m\u00e5 vi tilrettelegge for auka tilflytting.<\/p>\n\n\n\n<h4 class=\"wp-block-heading\">Austrheim H\u00f8gre vil spesielt jobbe for:<\/h4>\n\n\n\n<ul class=\"wp-block-list\"><li>Gode skular og oppl\u00e6ringssenter som kan tilby kompetanseheving for b\u00e5de gamal og ung.<\/li><li>Ein god og verdig eldreomsorg.<\/li><li>Eit betre aktivitetstilbod for alle aldersgrupper.<\/li><li>Betre og tryggare vegar.<\/li><li>Fleire ferjeavgangar mellom Austrheim og v\u00e5re nabokommunar Gulen og Fedje.<\/li><\/ul>\n\n\n\n<figure class=\"wp-block-image size-large\"><img loading=\"lazy\" decoding=\"async\" width=\"1024\" height=\"681\" src=\"https:\/\/hoyre.no\/content\/uploads\/sites\/346\/2023\/08\/Austrheim-valglista-2023-2027-1024x681.jpg\" alt=\"\" class=\"wp-image-72\" srcset=\"https:\/\/hoyre.no\/content\/uploads\/sites\/346\/2023\/08\/Austrheim-valglista-2023-2027-1024x681.jpg 1024w, https:\/\/hoyre.no\/content\/uploads\/sites\/346\/2023\/08\/Austrheim-valglista-2023-2027-300x199.jpg 300w, https:\/\/hoyre.no\/content\/uploads\/sites\/346\/2023\/08\/Austrheim-valglista-2023-2027-768x511.jpg 768w, https:\/\/hoyre.no\/content\/uploads\/sites\/346\/2023\/08\/Austrheim-valglista-2023-2027-1536x1021.jpg 1536w, https:\/\/hoyre.no\/content\/uploads\/sites\/346\/2023\/08\/Austrheim-valglista-2023-2027-2048x1362.jpg 2048w\" sizes=\"auto, (max-width: 1024px) 100vw, 1024px\" \/><figcaption>Foto: Knut Torkilsen Horvei<\/figcaption><\/figure>\n\n\n\n<h3 class=\"wp-block-heading\">Les heile v\u00e5rt valprogram her:<\/h3>\n\n\n\n\n<div class=\"wp-block-teft-file icon-link-block\"><a href=\"https:\/\/hoyre.no\/content\/uploads\/sites\/346\/2023\/08\/Austrheim-Hogre-program-2023-2027-1.pdf\" download><span class=\"file-title\">Austrheim H\u00f8gre valprogram 2023-2027<\/span><span class=\"file-name\"><\/span><\/a><\/div>\n","protected":false},"excerpt":{"rendered":"","protected":false},"author":29319,"featured_media":0,"parent":0,"menu_order":0,"comment_status":"closed","ping_status":"closed","template":"","meta":{"teft_cards_image_url":"","teft_cards_custom_pretitle":"","teft_cards_image_id":0,"teft_cards_image_focal_point_x":0,"teft_cards_image_focal_point_y":0,"teft_cards_title":"","teft_cards_excerpt":"","teft_show_chapters":false,"footnotes":""},"class_list":["post-52","page","type-page","status-publish","hentry"],"yoast_head":"<!-- This site is optimized with the Yoast SEO plugin v26.6 - https:\/\/yoast.com\/wordpress\/plugins\/seo\/ -->\n<title>Valprogram 2023-2027 - Austrheim H\u00f8gre<\/title>\n<meta name=\"robots\" content=\"index, follow, max-snippet:-1, max-image-preview:large, max-video-preview:-1\" \/>\n<link rel=\"canonical\" href=\"https:\/\/hoyre.no\/austrheim\/valprogram-2023-2027\/\" \/>\n<meta property=\"og:locale\" content=\"nn_NO\" \/>\n<meta property=\"og:type\" content=\"article\" \/>\n<meta property=\"og:title\" content=\"Valprogram 2023-2027 - Austrheim H\u00f8gre\" \/>\n<meta property=\"og:url\" content=\"https:\/\/hoyre.no\/austrheim\/valprogram-2023-2027\/\" \/>\n<meta property=\"og:site_name\" content=\"Austrheim H\u00f8gre\" \/>\n<meta property=\"article:modified_time\" content=\"2023-08-09T18:16:01+00:00\" \/>\n<meta property=\"og:image\" content=\"https:\/\/hoyre.no\/content\/uploads\/sites\/346\/2023\/08\/Austrheim-valglista-2023-2027-1024x681.jpg\" \/>\n<meta name=\"twitter:card\" content=\"summary_large_image\" \/>\n<meta name=\"twitter:label1\" content=\"Est. reading time\" \/>\n\t<meta name=\"twitter:data1\" content=\"1 minutt\" \/>\n<script type=\"application\/ld+json\" class=\"yoast-schema-graph\">{\"@context\":\"https:\/\/schema.org\",\"@graph\":[{\"@type\":\"WebPage\",\"@id\":\"https:\/\/hoyre.no\/austrheim\/valprogram-2023-2027\/\",\"url\":\"https:\/\/hoyre.no\/austrheim\/valprogram-2023-2027\/\",\"name\":\"Valprogram 2023-2027 - Austrheim H\u00f8gre\",\"isPartOf\":{\"@id\":\"https:\/\/hoyre.no\/austrheim\/#website\"},\"image\":{\"@id\":\"https:\/\/hoyre.no\/austrheim\/valprogram-2023-2027\/#primaryimage\"},\"thumbnailUrl\":\"https:\/\/hoyre.no\/content\/uploads\/sites\/346\/2023\/08\/Austrheim-valglista-2023-2027-1024x681.jpg\",\"datePublished\":\"2023-08-09T18:10:02+00:00\",\"dateModified\":\"2023-08-09T18:16:01+00:00\",\"breadcrumb\":{\"@id\":\"https:\/\/hoyre.no\/austrheim\/valprogram-2023-2027\/#breadcrumb\"},\"inLanguage\":\"nn-NO\",\"potentialAction\":[{\"@type\":\"ReadAction\",\"target\":[\"https:\/\/hoyre.no\/austrheim\/valprogram-2023-2027\/\"]}]},{\"@type\":\"ImageObject\",\"inLanguage\":\"nn-NO\",\"@id\":\"https:\/\/hoyre.no\/austrheim\/valprogram-2023-2027\/#primaryimage\",\"url\":\"https:\/\/hoyre.no\/content\/uploads\/sites\/346\/2023\/08\/Austrheim-valglista-2023-2027-1024x681.jpg\",\"contentUrl\":\"https:\/\/hoyre.no\/content\/uploads\/sites\/346\/2023\/08\/Austrheim-valglista-2023-2027-1024x681.jpg\"},{\"@type\":\"BreadcrumbList\",\"@id\":\"https:\/\/hoyre.no\/austrheim\/valprogram-2023-2027\/#breadcrumb\",\"itemListElement\":[{\"@type\":\"ListItem\",\"position\":1,\"name\":\"Til hoyre.no\",\"item\":\"https:\/\/hoyre.no\"},{\"@type\":\"ListItem\",\"position\":2,\"name\":\"Hjem\",\"item\":\"https:\/\/hoyre.no\/austrheim\/\"},{\"@type\":\"ListItem\",\"position\":3,\"name\":\"Valprogram 2023-2027\"}]},{\"@type\":\"WebSite\",\"@id\":\"https:\/\/hoyre.no\/austrheim\/#website\",\"url\":\"https:\/\/hoyre.no\/austrheim\/\",\"name\":\"Austrheim H\u00f8gre\",\"description\":\"Bare enda et H\u00f8yres nettsteder-nettsted\",\"inLanguage\":\"nn-NO\"}]}<\/script>\n<!-- \/ Yoast SEO plugin. -->","yoast_head_json":{"title":"Valprogram 2023-2027 - Austrheim H\u00f8gre","robots":{"index":"index","follow":"follow","max-snippet":"max-snippet:-1","max-image-preview":"max-image-preview:large","max-video-preview":"max-video-preview:-1"},"canonical":"https:\/\/hoyre.no\/austrheim\/valprogram-2023-2027\/","og_locale":"nn_NO","og_type":"article","og_title":"Valprogram 2023-2027 - Austrheim H\u00f8gre","og_url":"https:\/\/hoyre.no\/austrheim\/valprogram-2023-2027\/","og_site_name":"Austrheim H\u00f8gre","article_modified_time":"2023-08-09T18:16:01+00:00","og_image":[{"url":"https:\/\/hoyre.no\/content\/uploads\/sites\/346\/2023\/08\/Austrheim-valglista-2023-2027-1024x681.jpg","type":"","width":"","height":""}],"twitter_card":"summary_large_image","twitter_misc":{"Est. reading time":"1 minutt"},"schema":{"@context":"https:\/\/schema.org","@graph":[{"@type":"WebPage","@id":"https:\/\/hoyre.no\/austrheim\/valprogram-2023-2027\/","url":"https:\/\/hoyre.no\/austrheim\/valprogram-2023-2027\/","name":"Valprogram 2023-2027 - Austrheim H\u00f8gre","isPartOf":{"@id":"https:\/\/hoyre.no\/austrheim\/#website"},"image":{"@id":"https:\/\/hoyre.no\/austrheim\/valprogram-2023-2027\/#primaryimage"},"thumbnailUrl":"https:\/\/hoyre.no\/content\/uploads\/sites\/346\/2023\/08\/Austrheim-valglista-2023-2027-1024x681.jpg","datePublished":"2023-08-09T18:10:02+00:00","dateModified":"2023-08-09T18:16:01+00:00","breadcrumb":{"@id":"https:\/\/hoyre.no\/austrheim\/valprogram-2023-2027\/#breadcrumb"},"inLanguage":"nn-NO","potentialAction":[{"@type":"ReadAction","target":["https:\/\/hoyre.no\/austrheim\/valprogram-2023-2027\/"]}]},{"@type":"ImageObject","inLanguage":"nn-NO","@id":"https:\/\/hoyre.no\/austrheim\/valprogram-2023-2027\/#primaryimage","url":"https:\/\/hoyre.no\/content\/uploads\/sites\/346\/2023\/08\/Austrheim-valglista-2023-2027-1024x681.jpg","contentUrl":"https:\/\/hoyre.no\/content\/uploads\/sites\/346\/2023\/08\/Austrheim-valglista-2023-2027-1024x681.jpg"},{"@type":"BreadcrumbList","@id":"https:\/\/hoyre.no\/austrheim\/valprogram-2023-2027\/#breadcrumb","itemListElement":[{"@type":"ListItem","position":1,"name":"Til hoyre.no","item":"https:\/\/hoyre.no"},{"@type":"ListItem","position":2,"name":"Hjem","item":"https:\/\/hoyre.no\/austrheim\/"},{"@type":"ListItem","position":3,"name":"Valprogram 2023-2027"}]},{"@type":"WebSite","@id":"https:\/\/hoyre.no\/austrheim\/#website","url":"https:\/\/hoyre.no\/austrheim\/","name":"Austrheim H\u00f8gre","description":"Bare enda et H\u00f8yres nettsteder-nettsted","inLanguage":"nn-NO"}]}},"distributor_meta":false,"distributor_terms":false,"distributor_media":false,"distributor_original_site_name":"Austrheim H\u00f8gre","distributor_original_site_url":"https:\/\/hoyre.no\/austrheim","push-errors":false,"_links":{"self":[{"href":"https:\/\/hoyre.no\/austrheim\/wp-json\/wp\/v2\/pages\/52","targetHints":{"allow":["GET"]}}],"collection":[{"href":"https:\/\/hoyre.no\/austrheim\/wp-json\/wp\/v2\/pages"}],"about":[{"href":"https:\/\/hoyre.no\/austrheim\/wp-json\/wp\/v2\/types\/page"}],"author":[{"embeddable":true,"href":"https:\/\/hoyre.no\/austrheim\/wp-json\/wp\/v2\/users\/29319"}],"replies":[{"embeddable":true,"href":"https:\/\/hoyre.no\/austrheim\/wp-json\/wp\/v2\/comments?post=52"}],"version-history":[{"count":3,"href":"https:\/\/hoyre.no\/austrheim\/wp-json\/wp\/v2\/pages\/52\/revisions"}],"predecessor-version":[{"id":84,"href":"https:\/\/hoyre.no\/austrheim\/wp-json\/wp\/v2\/pages\/52\/revisions\/84"}],"wp:attachment":[{"href":"https:\/\/hoyre.no\/austrheim\/wp-json\/wp\/v2\/media?parent=52"}],"curies":[{"name":"wp","href":"https:\/\/api.w.org\/{rel}","templated":true}]}}