{"id":86,"date":"2023-09-08T10:32:29","date_gmt":"2023-09-08T08:32:29","guid":{"rendered":"https:\/\/hoyre.no\/austrheim\/?page_id=86"},"modified":"2025-02-14T12:32:29","modified_gmt":"2025-02-14T11:32:29","slug":"5-gode-grunnar","status":"publish","type":"page","link":"https:\/\/hoyre.no\/austrheim\/5-gode-grunnar\/","title":{"rendered":"5 gode grunnar"},"content":{"rendered":"\n<div class=\"wp-block-hoyre-hero with-image-gradient text-color-light  has-media alignfull has-background\"><div class=\"hoyre-hero has-image\"><h1 class=\"title\">5 gode grunnar til \u00e5 r\u00f8yste H\u00f8gre i Austrheim<\/h1><figure class=\"hoyre-image-wrapper\"><div class=\"hoyre-image\"><img loading=\"lazy\" decoding=\"async\" width=\"2500\" height=\"1077\" src=\"https:\/\/hoyre.no\/content\/uploads\/sites\/346\/2023\/08\/Austrheim-varde-foto-Knut-Torkilsen-Horvei-scaled.jpg\" class=\"attachment-scaled size-scaled\" alt=\"\" style=\"object-position: 60% 20%\" srcset=\"https:\/\/hoyre.no\/content\/uploads\/sites\/346\/2023\/08\/Austrheim-varde-foto-Knut-Torkilsen-Horvei-scaled.jpg 2500w, https:\/\/hoyre.no\/content\/uploads\/sites\/346\/2023\/08\/Austrheim-varde-foto-Knut-Torkilsen-Horvei-300x129.jpg 300w, https:\/\/hoyre.no\/content\/uploads\/sites\/346\/2023\/08\/Austrheim-varde-foto-Knut-Torkilsen-Horvei-1024x441.jpg 1024w, https:\/\/hoyre.no\/content\/uploads\/sites\/346\/2023\/08\/Austrheim-varde-foto-Knut-Torkilsen-Horvei-768x331.jpg 768w, https:\/\/hoyre.no\/content\/uploads\/sites\/346\/2023\/08\/Austrheim-varde-foto-Knut-Torkilsen-Horvei-1536x662.jpg 1536w, https:\/\/hoyre.no\/content\/uploads\/sites\/346\/2023\/08\/Austrheim-varde-foto-Knut-Torkilsen-Horvei-2048x883.jpg 2048w\" sizes=\"auto, (max-width: 2500px) 100vw, 2500px\" \/><\/div><\/figure><\/div><\/div>\n\n\n\n\n\t\t<div class=\"has-pale-blue-background-color is-layout-left alignwide alignwide wp-block-hoyre-media-text\">\n\t\t\t<div class=\"hoyre-media-text__media\">\n\t\t\t\t<img loading=\"lazy\" decoding=\"async\" width=\"1024\" height=\"676\" src=\"https:\/\/hoyre.no\/content\/uploads\/sites\/346\/2023\/09\/GettyImages-1160692980-1024x676.jpg\" class=\"hoyre-media-text__media-image\" alt=\"\" style=\"--focal: 50% 50%;\" srcset=\"https:\/\/hoyre.no\/content\/uploads\/sites\/346\/2023\/09\/GettyImages-1160692980-1024x676.jpg 1024w, https:\/\/hoyre.no\/content\/uploads\/sites\/346\/2023\/09\/GettyImages-1160692980-300x198.jpg 300w, https:\/\/hoyre.no\/content\/uploads\/sites\/346\/2023\/09\/GettyImages-1160692980-768x507.jpg 768w, https:\/\/hoyre.no\/content\/uploads\/sites\/346\/2023\/09\/GettyImages-1160692980-1536x1014.jpg 1536w, https:\/\/hoyre.no\/content\/uploads\/sites\/346\/2023\/09\/GettyImages-1160692980-2048x1352.jpg 2048w\" sizes=\"auto, (max-width: 1024px) 100vw, 1024px\" \/>\n\t\t\t<\/div>\n\t\t\t<div class=\"hoyre-media-text__content\">\n\t\t\t\t<div class=\"hoyre-media-text__content-inner\">\n\t\t\t\t\t\n\t\t\t<div class=\"hoyre-media-text__title-container\">\n\t\t\t\t\n\t\t\t\t<h2 class=\"hoyre-media-text__title\">1. Me vil ha gode skular og oppl\u00e6ringssenter som kan tilby kompetanseheving for gamal og ung.<\/h2>\n\t\t\t<\/div>\n\t\t\t\n\t\t\t\t\t<div class=\"hoyre-media-text__blocks\"><\/div>\n\t\t\t\t\t\n\t\t\t\t<\/div>\n\t\t\t<\/div>\n\t\t<\/div>\n\t\t\n\n\n\n\t\t<div class=\"has-lightest-blue-background-color is-layout-right alignwide alignwide wp-block-hoyre-media-text\">\n\t\t\t<div class=\"hoyre-media-text__media\">\n\t\t\t\t<img loading=\"lazy\" decoding=\"async\" width=\"1024\" height=\"683\" src=\"https:\/\/hoyre.no\/content\/uploads\/sites\/346\/2023\/09\/GettyImages-594379807-1-1024x683.jpg\" class=\"hoyre-media-text__media-image\" alt=\"\" style=\"--focal: 50% 50%;\" srcset=\"https:\/\/hoyre.no\/content\/uploads\/sites\/346\/2023\/09\/GettyImages-594379807-1-1024x683.jpg 1024w, https:\/\/hoyre.no\/content\/uploads\/sites\/346\/2023\/09\/GettyImages-594379807-1-300x200.jpg 300w, https:\/\/hoyre.no\/content\/uploads\/sites\/346\/2023\/09\/GettyImages-594379807-1-768x512.jpg 768w, https:\/\/hoyre.no\/content\/uploads\/sites\/346\/2023\/09\/GettyImages-594379807-1-1536x1024.jpg 1536w, https:\/\/hoyre.no\/content\/uploads\/sites\/346\/2023\/09\/GettyImages-594379807-1-2048x1365.jpg 2048w\" sizes=\"auto, (max-width: 1024px) 100vw, 1024px\" \/>\n\t\t\t<\/div>\n\t\t\t<div class=\"hoyre-media-text__content\">\n\t\t\t\t<div class=\"hoyre-media-text__content-inner\">\n\t\t\t\t\t\n\t\t\t<div class=\"hoyre-media-text__title-container\">\n\t\t\t\t\n\t\t\t\t<h2 class=\"hoyre-media-text__title\">2. Ein god og verdig eldreomsorg.<\/h2>\n\t\t\t<\/div>\n\t\t\t\n\t\t\t\t\t<div class=\"hoyre-media-text__blocks\"><\/div>\n\t\t\t\t\t\n\t\t\t\t<\/div>\n\t\t\t<\/div>\n\t\t<\/div>\n\t\t\n\n\n\t\t<div class=\"has-pale-purple-background-color is-layout-left alignwide alignwide wp-block-hoyre-media-text\">\n\t\t\t<div class=\"hoyre-media-text__media\">\n\t\t\t\t<img loading=\"lazy\" decoding=\"async\" width=\"1024\" height=\"683\" src=\"https:\/\/hoyre.no\/content\/uploads\/sites\/346\/2023\/09\/GettyImages-661997000-1024x683.jpg\" class=\"hoyre-media-text__media-image\" alt=\"\" style=\"--focal: 67% 63%;\" srcset=\"https:\/\/hoyre.no\/content\/uploads\/sites\/346\/2023\/09\/GettyImages-661997000-1024x683.jpg 1024w, https:\/\/hoyre.no\/content\/uploads\/sites\/346\/2023\/09\/GettyImages-661997000-300x200.jpg 300w, https:\/\/hoyre.no\/content\/uploads\/sites\/346\/2023\/09\/GettyImages-661997000-768x512.jpg 768w, https:\/\/hoyre.no\/content\/uploads\/sites\/346\/2023\/09\/GettyImages-661997000-1536x1024.jpg 1536w, https:\/\/hoyre.no\/content\/uploads\/sites\/346\/2023\/09\/GettyImages-661997000-2048x1365.jpg 2048w\" sizes=\"auto, (max-width: 1024px) 100vw, 1024px\" \/>\n\t\t\t<\/div>\n\t\t\t<div class=\"hoyre-media-text__content\">\n\t\t\t\t<div class=\"hoyre-media-text__content-inner\">\n\t\t\t\t\t\n\t\t\t<div class=\"hoyre-media-text__title-container\">\n\t\t\t\t\n\t\t\t\t<h2 class=\"hoyre-media-text__title\">3. Eit betre aktivitetstilbod for alle aldersgrupper.<\/h2>\n\t\t\t<\/div>\n\t\t\t\n\t\t\t\t\t<div class=\"hoyre-media-text__blocks\"><\/div>\n\t\t\t\t\t\n\t\t\t\t<\/div>\n\t\t\t<\/div>\n\t\t<\/div>\n\t\t\n\n\n\t\t<div class=\"has-pale-green-background-color is-layout-right alignwide alignwide wp-block-hoyre-media-text\">\n\t\t\t<div class=\"hoyre-media-text__media\">\n\t\t\t\t<img loading=\"lazy\" decoding=\"async\" width=\"1024\" height=\"684\" src=\"https:\/\/hoyre.no\/content\/uploads\/sites\/346\/2023\/09\/GettyImages-585791656-1024x684.jpg\" class=\"hoyre-media-text__media-image\" alt=\"\" style=\"--focal: 50% 50%;\" srcset=\"https:\/\/hoyre.no\/content\/uploads\/sites\/346\/2023\/09\/GettyImages-585791656-1024x684.jpg 1024w, https:\/\/hoyre.no\/content\/uploads\/sites\/346\/2023\/09\/GettyImages-585791656-300x200.jpg 300w, https:\/\/hoyre.no\/content\/uploads\/sites\/346\/2023\/09\/GettyImages-585791656-768x513.jpg 768w, https:\/\/hoyre.no\/content\/uploads\/sites\/346\/2023\/09\/GettyImages-585791656-1536x1025.jpg 1536w, https:\/\/hoyre.no\/content\/uploads\/sites\/346\/2023\/09\/GettyImages-585791656-2048x1367.jpg 2048w\" sizes=\"auto, (max-width: 1024px) 100vw, 1024px\" \/>\n\t\t\t<\/div>\n\t\t\t<div class=\"hoyre-media-text__content\">\n\t\t\t\t<div class=\"hoyre-media-text__content-inner\">\n\t\t\t\t\t\n\t\t\t<div class=\"hoyre-media-text__title-container\">\n\t\t\t\t\n\t\t\t\t<h2 class=\"hoyre-media-text__title\">4. Betre og tryggare vegar.<\/h2>\n\t\t\t<\/div>\n\t\t\t\n\t\t\t\t\t<div class=\"hoyre-media-text__blocks\"><\/div>\n\t\t\t\t\t\n\t\t\t\t<\/div>\n\t\t\t<\/div>\n\t\t<\/div>\n\t\t\n\n\n\t\t<div class=\"has-pale-blue-background-color is-layout-left alignwide alignwide wp-block-hoyre-media-text\">\n\t\t\t<div class=\"hoyre-media-text__media\">\n\t\t\t\t<img loading=\"lazy\" decoding=\"async\" width=\"1024\" height=\"683\" src=\"https:\/\/hoyre.no\/content\/uploads\/sites\/346\/2023\/09\/GettyImages-1305286523-1-1024x683.jpg\" class=\"hoyre-media-text__media-image\" alt=\"\" style=\"--focal: 50% 50%;\" srcset=\"https:\/\/hoyre.no\/content\/uploads\/sites\/346\/2023\/09\/GettyImages-1305286523-1-1024x683.jpg 1024w, https:\/\/hoyre.no\/content\/uploads\/sites\/346\/2023\/09\/GettyImages-1305286523-1-300x200.jpg 300w, https:\/\/hoyre.no\/content\/uploads\/sites\/346\/2023\/09\/GettyImages-1305286523-1-768x512.jpg 768w, https:\/\/hoyre.no\/content\/uploads\/sites\/346\/2023\/09\/GettyImages-1305286523-1-1536x1024.jpg 1536w, https:\/\/hoyre.no\/content\/uploads\/sites\/346\/2023\/09\/GettyImages-1305286523-1-2048x1365.jpg 2048w\" sizes=\"auto, (max-width: 1024px) 100vw, 1024px\" \/>\n\t\t\t<\/div>\n\t\t\t<div class=\"hoyre-media-text__content\">\n\t\t\t\t<div class=\"hoyre-media-text__content-inner\">\n\t\t\t\t\t\n\t\t\t<div class=\"hoyre-media-text__title-container\">\n\t\t\t\t\n\t\t\t\t<h2 class=\"hoyre-media-text__title\">5. Fleire ferjeavgangar mellom Austrheim og v\u00e5re nabokommunar Gulen og Fedje.<\/h2>\n\t\t\t<\/div>\n\t\t\t\n\t\t\t\t\t<div class=\"hoyre-media-text__blocks\"><\/div>\n\t\t\t\t\t\n\t\t\t\t<\/div>\n\t\t\t<\/div>\n\t\t<\/div>\n\t\t\n\n\n<div class=\"wp-block-hoyre-banner alignwide undefined\"><div class=\"banner-inner\"><figure class=\"hoyre-image-wrapper\"><div class=\"hoyre-image\"><img loading=\"lazy\" decoding=\"async\" width=\"1662\" height=\"2500\" src=\"https:\/\/hoyre.no\/content\/uploads\/sites\/346\/2023\/08\/1-Morten-Sognnes-profil-scaled.jpg\" class=\"attachment-scaled size-scaled\" alt=\"\" style=\"object-position: 50% 50%\" srcset=\"https:\/\/hoyre.no\/content\/uploads\/sites\/346\/2023\/08\/1-Morten-Sognnes-profil-scaled.jpg 1662w, https:\/\/hoyre.no\/content\/uploads\/sites\/346\/2023\/08\/1-Morten-Sognnes-profil-199x300.jpg 199w, https:\/\/hoyre.no\/content\/uploads\/sites\/346\/2023\/08\/1-Morten-Sognnes-profil-681x1024.jpg 681w, https:\/\/hoyre.no\/content\/uploads\/sites\/346\/2023\/08\/1-Morten-Sognnes-profil-768x1155.jpg 768w, https:\/\/hoyre.no\/content\/uploads\/sites\/346\/2023\/08\/1-Morten-Sognnes-profil-1021x1536.jpg 1021w, https:\/\/hoyre.no\/content\/uploads\/sites\/346\/2023\/08\/1-Morten-Sognnes-profil-1362x2048.jpg 1362w\" sizes=\"auto, (max-width: 1662px) 100vw, 1662px\" \/><\/div><\/figure><div class=\"banner-content\"><div class=\"entry-content\">\n<h2 class=\"wp-block-heading\">Vil du vite meir?<\/h2>\n\n\n\n<p>Les heile v\u00e5rt valprogram for komande periode, her \ud83d\udc47<\/p>\n\n\n\n<div class=\"wp-block-buttons is-layout-flex wp-block-buttons-is-layout-flex\">\n<div class=\"wp-block-button\"><a class=\"wp-block-button__link\" href=\"https:\/\/hoyre.no\/austrheim\/valprogram-2023-2027\/\">trykk her for \u00e5 lese meir<\/a><\/div>\n<\/div>\n<\/div><\/div><\/div><\/div>\n","protected":false},"excerpt":{"rendered":"","protected":false},"author":29319,"featured_media":0,"parent":0,"menu_order":0,"comment_status":"closed","ping_status":"closed","template":"","meta":{"teft_cards_image_url":"","teft_cards_custom_pretitle":"","teft_cards_image_id":0,"teft_cards_image_focal_point_x":0,"teft_cards_image_focal_point_y":0,"teft_cards_title":"","teft_cards_excerpt":"","teft_show_chapters":false,"footnotes":""},"class_list":["post-86","page","type-page","status-publish","hentry"],"yoast_head":"<!-- This site is optimized with the Yoast SEO plugin v26.6 - https:\/\/yoast.com\/wordpress\/plugins\/seo\/ -->\n<title>5 gode grunnar - Austrheim H\u00f8gre<\/title>\n<meta name=\"description\" content=\"Her f\u00e5r du 5 gode grunnar til \u00e5 r\u00f8yste H\u00f8gre i Austrheim.\" \/>\n<meta name=\"robots\" content=\"index, follow, max-snippet:-1, max-image-preview:large, max-video-preview:-1\" \/>\n<link rel=\"canonical\" href=\"https:\/\/hoyre.no\/austrheim\/5-gode-grunnar\/\" \/>\n<meta property=\"og:locale\" content=\"nn_NO\" \/>\n<meta property=\"og:type\" content=\"article\" \/>\n<meta property=\"og:title\" content=\"5 gode grunnar - Austrheim H\u00f8gre\" \/>\n<meta property=\"og:description\" content=\"Her f\u00e5r du 5 gode grunnar til \u00e5 r\u00f8yste H\u00f8gre i Austrheim.\" \/>\n<meta property=\"og:url\" content=\"https:\/\/hoyre.no\/austrheim\/5-gode-grunnar\/\" \/>\n<meta property=\"og:site_name\" content=\"Austrheim H\u00f8gre\" \/>\n<meta property=\"article:modified_time\" content=\"2025-02-14T11:32:29+00:00\" \/>\n<meta property=\"og:image\" content=\"https:\/\/hoyre.no\/content\/uploads\/sites\/346\/2022\/11\/Hoyres-logo.png\" \/>\n\t<meta property=\"og:image:width\" content=\"1000\" \/>\n\t<meta property=\"og:image:height\" content=\"1000\" \/>\n\t<meta property=\"og:image:type\" content=\"image\/png\" \/>\n<meta name=\"twitter:card\" content=\"summary_large_image\" \/>\n<meta name=\"twitter:label1\" content=\"Est. reading time\" \/>\n\t<meta name=\"twitter:data1\" content=\"1 minutt\" \/>\n<script type=\"application\/ld+json\" class=\"yoast-schema-graph\">{\"@context\":\"https:\/\/schema.org\",\"@graph\":[{\"@type\":\"WebPage\",\"@id\":\"https:\/\/hoyre.no\/austrheim\/5-gode-grunnar\/\",\"url\":\"https:\/\/hoyre.no\/austrheim\/5-gode-grunnar\/\",\"name\":\"5 gode grunnar - Austrheim H\u00f8gre\",\"isPartOf\":{\"@id\":\"https:\/\/hoyre.no\/austrheim\/#website\"},\"datePublished\":\"2023-09-08T08:32:29+00:00\",\"dateModified\":\"2025-02-14T11:32:29+00:00\",\"description\":\"Her f\u00e5r du 5 gode grunnar til \u00e5 r\u00f8yste H\u00f8gre i Austrheim.\",\"breadcrumb\":{\"@id\":\"https:\/\/hoyre.no\/austrheim\/5-gode-grunnar\/#breadcrumb\"},\"inLanguage\":\"nn-NO\",\"potentialAction\":[{\"@type\":\"ReadAction\",\"target\":[\"https:\/\/hoyre.no\/austrheim\/5-gode-grunnar\/\"]}]},{\"@type\":\"BreadcrumbList\",\"@id\":\"https:\/\/hoyre.no\/austrheim\/5-gode-grunnar\/#breadcrumb\",\"itemListElement\":[{\"@type\":\"ListItem\",\"position\":1,\"name\":\"Til hoyre.no\",\"item\":\"https:\/\/hoyre.no\"},{\"@type\":\"ListItem\",\"position\":2,\"name\":\"Hjem\",\"item\":\"https:\/\/hoyre.no\/austrheim\/\"},{\"@type\":\"ListItem\",\"position\":3,\"name\":\"5 gode grunnar\"}]},{\"@type\":\"WebSite\",\"@id\":\"https:\/\/hoyre.no\/austrheim\/#website\",\"url\":\"https:\/\/hoyre.no\/austrheim\/\",\"name\":\"Austrheim H\u00f8gre\",\"description\":\"Bare enda et H\u00f8yres nettsteder-nettsted\",\"inLanguage\":\"nn-NO\"}]}<\/script>\n<!-- \/ Yoast SEO plugin. -->","yoast_head_json":{"title":"5 gode grunnar - Austrheim H\u00f8gre","description":"Her f\u00e5r du 5 gode grunnar til \u00e5 r\u00f8yste H\u00f8gre i Austrheim.","robots":{"index":"index","follow":"follow","max-snippet":"max-snippet:-1","max-image-preview":"max-image-preview:large","max-video-preview":"max-video-preview:-1"},"canonical":"https:\/\/hoyre.no\/austrheim\/5-gode-grunnar\/","og_locale":"nn_NO","og_type":"article","og_title":"5 gode grunnar - Austrheim H\u00f8gre","og_description":"Her f\u00e5r du 5 gode grunnar til \u00e5 r\u00f8yste H\u00f8gre i Austrheim.","og_url":"https:\/\/hoyre.no\/austrheim\/5-gode-grunnar\/","og_site_name":"Austrheim H\u00f8gre","article_modified_time":"2025-02-14T11:32:29+00:00","og_image":[{"width":1000,"height":1000,"url":"https:\/\/hoyre.no\/content\/uploads\/sites\/346\/2022\/11\/Hoyres-logo.png","type":"image\/png"}],"twitter_card":"summary_large_image","twitter_misc":{"Est. reading time":"1 minutt"},"schema":{"@context":"https:\/\/schema.org","@graph":[{"@type":"WebPage","@id":"https:\/\/hoyre.no\/austrheim\/5-gode-grunnar\/","url":"https:\/\/hoyre.no\/austrheim\/5-gode-grunnar\/","name":"5 gode grunnar - Austrheim H\u00f8gre","isPartOf":{"@id":"https:\/\/hoyre.no\/austrheim\/#website"},"datePublished":"2023-09-08T08:32:29+00:00","dateModified":"2025-02-14T11:32:29+00:00","description":"Her f\u00e5r du 5 gode grunnar til \u00e5 r\u00f8yste H\u00f8gre i Austrheim.","breadcrumb":{"@id":"https:\/\/hoyre.no\/austrheim\/5-gode-grunnar\/#breadcrumb"},"inLanguage":"nn-NO","potentialAction":[{"@type":"ReadAction","target":["https:\/\/hoyre.no\/austrheim\/5-gode-grunnar\/"]}]},{"@type":"BreadcrumbList","@id":"https:\/\/hoyre.no\/austrheim\/5-gode-grunnar\/#breadcrumb","itemListElement":[{"@type":"ListItem","position":1,"name":"Til hoyre.no","item":"https:\/\/hoyre.no"},{"@type":"ListItem","position":2,"name":"Hjem","item":"https:\/\/hoyre.no\/austrheim\/"},{"@type":"ListItem","position":3,"name":"5 gode grunnar"}]},{"@type":"WebSite","@id":"https:\/\/hoyre.no\/austrheim\/#website","url":"https:\/\/hoyre.no\/austrheim\/","name":"Austrheim H\u00f8gre","description":"Bare enda et H\u00f8yres nettsteder-nettsted","inLanguage":"nn-NO"}]}},"distributor_meta":false,"distributor_terms":false,"distributor_media":false,"distributor_original_site_name":"Austrheim H\u00f8gre","distributor_original_site_url":"https:\/\/hoyre.no\/austrheim","push-errors":false,"_links":{"self":[{"href":"https:\/\/hoyre.no\/austrheim\/wp-json\/wp\/v2\/pages\/86","targetHints":{"allow":["GET"]}}],"collection":[{"href":"https:\/\/hoyre.no\/austrheim\/wp-json\/wp\/v2\/pages"}],"about":[{"href":"https:\/\/hoyre.no\/austrheim\/wp-json\/wp\/v2\/types\/page"}],"author":[{"embeddable":true,"href":"https:\/\/hoyre.no\/austrheim\/wp-json\/wp\/v2\/users\/29319"}],"replies":[{"embeddable":true,"href":"https:\/\/hoyre.no\/austrheim\/wp-json\/wp\/v2\/comments?post=86"}],"version-history":[{"count":3,"href":"https:\/\/hoyre.no\/austrheim\/wp-json\/wp\/v2\/pages\/86\/revisions"}],"predecessor-version":[{"id":96,"href":"https:\/\/hoyre.no\/austrheim\/wp-json\/wp\/v2\/pages\/86\/revisions\/96"}],"wp:attachment":[{"href":"https:\/\/hoyre.no\/austrheim\/wp-json\/wp\/v2\/media?parent=86"}],"curies":[{"name":"wp","href":"https:\/\/api.w.org\/{rel}","templated":true}]}}