{"id":2404,"date":"2023-06-01T08:25:57","date_gmt":"2023-06-01T06:25:57","guid":{"rendered":"https:\/\/hoyre.no\/baerum\/?page_id=2404"},"modified":"2026-02-05T15:21:06","modified_gmt":"2026-02-05T14:21:06","slug":"ordforerkandidat","status":"publish","type":"page","link":"https:\/\/hoyre.no\/baerum\/ordforerkandidat\/","title":{"rendered":"Ordf\u00f8rer"},"content":{"rendered":"\n<div class=\"wp-block-hoyre-hero with-image-gradient text-color-light  has-media alignfull has-background \"><div class=\"hoyre-hero has-image\"><h1 class=\"title\">Bli kjent med Lisbeth<\/h1><figure class=\"hoyre-image-wrapper\"><div class=\"hoyre-image\"><img loading=\"lazy\" decoding=\"async\" width=\"2500\" height=\"1875\" src=\"https:\/\/hoyre.no\/content\/uploads\/sites\/200\/2023\/06\/Lisbeth-8.-mai-2-scaled.jpeg\" class=\"attachment-scaled size-scaled\" alt=\"\" style=\"object-position: 50% 50%\" srcset=\"https:\/\/hoyre.no\/content\/uploads\/sites\/200\/2023\/06\/Lisbeth-8.-mai-2-scaled.jpeg 2500w, https:\/\/hoyre.no\/content\/uploads\/sites\/200\/2023\/06\/Lisbeth-8.-mai-2-300x225.jpeg 300w, https:\/\/hoyre.no\/content\/uploads\/sites\/200\/2023\/06\/Lisbeth-8.-mai-2-1024x768.jpeg 1024w, https:\/\/hoyre.no\/content\/uploads\/sites\/200\/2023\/06\/Lisbeth-8.-mai-2-768x576.jpeg 768w, https:\/\/hoyre.no\/content\/uploads\/sites\/200\/2023\/06\/Lisbeth-8.-mai-2-1536x1152.jpeg 1536w, https:\/\/hoyre.no\/content\/uploads\/sites\/200\/2023\/06\/Lisbeth-8.-mai-2-2048x1536.jpeg 2048w\" sizes=\"auto, (max-width: 2500px) 100vw, 2500px\" \/><\/div><\/figure><\/div><\/div>\n\n\n\n\n<div class=\"wp-block-buttons alignwide is-content-justification-center is-layout-flex wp-container-core-buttons-is-layout-16018d1d wp-block-buttons-is-layout-flex\">\n<div class=\"wp-block-button\"><a class=\"wp-block-button__link wp-element-button\" href=\"https:\/\/hoyre.no\/nyhetsbrev\/\">abonner p\u00e5 h\u00f8yres nyhetsbrev<\/a><\/div>\n\n\n\n<div class=\"wp-block-button\"><a class=\"wp-block-button__link wp-element-button\" href=\"https:\/\/hoyre.no\/personprofiler\/lisbeth-hammer-krog\/\">kom i kontakt med Lisbeth<\/a><\/div>\n\n\n\n<div class=\"wp-block-button\"><a class=\"wp-block-button__link wp-element-button\" href=\"https:\/\/www.facebook.com\/BaerumHoyre\">f\u00f8lg B\u00e6rum h\u00f8yre p\u00e5 facebook<\/a><\/div>\n<\/div>\n\n\n\n<div class=\"wp-block-hoyre-banner undefined has-icon-title icon-heart is-style-blue\"><div class=\"banner-inner\"><div class=\"banner-content\"><div class=\"entry-content\">\n<h2 class=\"wp-block-heading has-text-align-center\" id=\"h-bli-bedre-kjent-med-navn\">Bli bedre kjent med Lisbeth!<\/h2>\n\n\n\n<p class=\"has-text-align-left\"><strong>Alder:<\/strong> 61<\/p>\n\n\n\n<p class=\"has-text-align-left\"><strong>Bosted:<\/strong> Eiksmarka<\/p>\n\n\n\n<p class=\"has-text-align-left\"><strong>Sivilstatus:<\/strong> Gift med Helge. Vi har tre barn, Per Aksel, Karl Erik og Nora, og tre barnebarn, Selma,  Jakob og Erik<\/p>\n\n\n\n<p class=\"has-text-align-left\"><strong>Jobb:<\/strong> Ordf\u00f8rer i 12 \u00e5r<\/p>\n\n\n\n<p class=\"has-text-align-left\"><strong>Bakgrunn:<\/strong> Konsulent, bonde og l\u00e6rer. Utdannet Cand. Mag med sosiologi, offentlig rett og offentlig administrasjon og organisasjonskunnskap mellomfag, pluss en rekke fag fra BI.<\/p>\n\n\n\n<p class=\"has-text-align-left\"><strong>Politisk erfaring:<\/strong> Flere interessante \u00e5r i Unge H\u00f8yre, satt i styret i BUH, leder i Stor Elvdal H\u00f8yre p\u00e5 90-tallet og varaordf\u00f8rer i Stor Elvdal. Kvinnepolitisk leder i BH fra 2002 til 2004, foreningsleder i B\u00e6rum H\u00f8yre fra 2004 til 2007, folkevalgt i B\u00e6rum fra 2007, ble da leder av Hovedutvalg for bistand og omsorg og varaordf\u00f8rer. F\u00f8rste kvinnelige ordf\u00f8rer i B\u00e6rum i 2011.<\/p>\n\n\n\n<p class=\"has-text-align-left\"><strong>Hvorfor er H\u00f8yre rett parti for deg?<\/strong> Jeg synes visjonen v\u00e5r MULIGHETER FOR ALLE sier mer enn 1000 ord. Vi setter tillit til og respekt for enkeltmennesket h\u00f8yt. Det handler om frihet under ansvar og at vi ser og benytter alle gode krefter i videre utvikling av v\u00e5rt velferdssamfunn. V\u00e5r n\u00e6ringspolitikk ser n\u00e6ringslivets behov.<\/p>\n\n\n\n<p class=\"has-text-align-left\"><strong>Det er l\u00f8rdag, klokka n\u00e6rmer seg 19.00. Hva spiser du helst til middag?<\/strong> Om sommeren er det gjerne sj\u00f8mat eller en chevresalat, med serrano, pinjekjerner og mye godt. Om vinteren er det gjerne familieskutt vilt.<\/p>\n\n\n\n<p class=\"has-text-align-left\"><strong>Konsertminne?<\/strong> Stemningen p\u00e5 Ullev\u00e5l med Kygo i fjor sommer var enorm. M\u00e5 jo \u00absladre\u00bb om at Erna og Sindre&nbsp;selvf\u00f8lgelig var hjertelig til stede.<\/p>\n\n\n\n<p class=\"has-text-align-left\"><strong>Idrettsminne?<\/strong> Da m\u00e5 jeg ta p\u00e5 meg ordf\u00f8rerhatten og si NM i friidrett i v\u00e5r fantastiske B\u00e6rum Idrettspark denne v\u00e5ren. B\u00e6rum har s\u00e5 mange r\u00e5gode idrettshelter, en stor honn\u00f8r til milj\u00f8et i alle klubbene.<\/p>\n\n\n\n<p class=\"has-text-align-left\"><strong>Hvis du skulle valgt en, hvem er din favorittartist?<\/strong> &nbsp;Jo Nesb\u00f8, ogs\u00e5 fordi han er en multikunstner i livet. Ellers er jeg veldig svak for de mange dyktige norske kvinnelige artistene de siste \u00e5rene. Men en sang m\u00e5 jeg nevne og det er Flowers av Miley Cyrus, da M\u00c5 jeg bare danse.<\/p>\n\n\n\n<p class=\"has-text-align-left\"><strong>Funfact?<\/strong> Kj\u00f8rer traktor og h\u00e5ndterer elgokser p\u00e5 en ganske grei m\u00e5te. Elsker \u00e5 bade, men ikke med alt for tykk is rundt meg. (\u00c5 bo alene p\u00e5 g\u00e5rden i \u00d8sterdalen, med Helge som ukependlet, krevde jo sitt \u2013 i et gammelt hus fra 1790, uten isolasjon. Det gikk helt fint). Skateshow i kommunestyresalen for \u00e5 promotere Erik &amp; Kriss, hva gj\u00f8r man ikke?<\/p>\n\n\n\n<p class=\"has-text-align-left\"><strong>Hva er din favorittplass i kommunen og utenfor kommunen?<\/strong>&nbsp;Det m\u00e5 bli badebryggen p\u00e5 \u00d8sternvann og v\u00e5rt vakre R\u00e5dhus. Utenfor kommunen er det nok N\u00f8tter\u00f8y og g\u00e5rden v\u00e5r i \u00d8sterdalen.<\/p>\n\n\n\n<p class=\"has-text-align-left\"><strong>Sommerferieplaner?<\/strong> Da blir det Molde-tur med Helge til gode venner og konsert med (selvf\u00f8lgelig) Jo Nesb\u00f8 og Di Derre p\u00e5 jazzfestivalen! Men f\u00f8rst N\u00f8tter\u00f8-helg sammen med Helge og gamle gode venner fra skoletiden og nostalgi-konsert med Smokie i T\u00f8nsberg. Tradisjonen tro, tilbringes for\u00f8vrig somrene i \u00d8sterdalen, b\u00e5de p\u00e5 g\u00e5rden, setra og langt inni fjellheimen ved noen fine \u00f8rretvann der vi otrer og spiser \u00f8rret i alle varianter. Ikke str\u00f8m og vann, men hva gj\u00f8r vel det n\u00e5r man kan bade i S\u00f8kkunsj\u00f8en og har propan. Der blir det tid til \u00e5 bake og lage god mat.<\/p>\n\n\n\n<div class=\"wp-block-buttons is-layout-flex wp-block-buttons-is-layout-flex\"><\/div>\n<\/div><\/div><\/div><\/div>\n\n\n\n<h2 class=\"wp-block-heading\">En lyttende ordf\u00f8rer<\/h2>\n\n\n\n<p>Innholdet i en ordf\u00f8reres hverdag er utrolig variert. Ingen dag er lik. Jeg stortrives med alle de gode menneskem\u00f8tene. Bes\u00f8k til alle v\u00e5re innbyggere som fyller 100 \u00e5r er stor stas. Det er nok en jubilant annen hver uke i snitt.&nbsp;<\/p>\n\n\n\n<p>Jeg h\u00e5per selvf\u00f8lgelig v\u00e5re innbyggere ogs\u00e5 opplever en ordf\u00f8rer som evner \u00e5 lytte. Jeg tror jeg fornemmer ganske raskt hvis det er sp\u00f8rsm\u00e5l og omr\u00e5der som en innbygger \u00f8nsker \u00e5 snakke med meg om, for eksempel etter et foredrag eller et innlegg. Da inviterer jeg vedkommende til en samtale p\u00e5 kontoret. Evne til empati og forst\u00e5else er viktig, tillegg til \u00e5 stille sp\u00f8rsm\u00e5l. Alle disse innspillene l\u00f8fter jeg videre politisk eller administrativt for \u00e5 utvikle en enda bedre kommune \u00e5 bo i.&nbsp;<\/p>\n\n\n\n<p>P\u00e5 fredager er det bedriftsbes\u00f8k: Sp\u00f8rre, lytte og handle \u2013 det er det politikk handler om; \u00e5 gj\u00f8re en forskjell.&nbsp;<\/p>\n\n\n\n<figure class=\"wp-block-teft-gallery columns-2 count-5 rows-2 is-cropped\"><ul class=\"teft-gallery-grid\"><li class=\"teft-gallery-item \"><figure><a href=\"https:\/\/hoyre.no\/content\/uploads\/sites\/200\/2022\/08\/Lisbeth-og-Odd-002-scaled.jpg\" data-size=\"2500x1660\"><img loading=\"lazy\" decoding=\"async\" width=\"1024\" height=\"680\" src=\"https:\/\/hoyre.no\/content\/uploads\/sites\/200\/2022\/08\/Lisbeth-og-Odd-002-1024x680.jpg\" class=\"attachment-large size-large\" alt=\"\" srcset=\"https:\/\/hoyre.no\/content\/uploads\/sites\/200\/2022\/08\/Lisbeth-og-Odd-002-1024x680.jpg 1024w, https:\/\/hoyre.no\/content\/uploads\/sites\/200\/2022\/08\/Lisbeth-og-Odd-002-300x199.jpg 300w, https:\/\/hoyre.no\/content\/uploads\/sites\/200\/2022\/08\/Lisbeth-og-Odd-002-768x510.jpg 768w, https:\/\/hoyre.no\/content\/uploads\/sites\/200\/2022\/08\/Lisbeth-og-Odd-002-1536x1020.jpg 1536w, https:\/\/hoyre.no\/content\/uploads\/sites\/200\/2022\/08\/Lisbeth-og-Odd-002-2048x1360.jpg 2048w\" sizes=\"auto, (max-width: 1024px) 100vw, 1024px\" \/ data-full-url=\"https:\/\/hoyre.no\/content\/uploads\/sites\/200\/2022\/08\/Lisbeth-og-Odd-002-scaled.jpg\" data-id=\"2063\" data-caption=\"2063\"\/><\/a><\/figure><\/li><li class=\"teft-gallery-item \"><figure><a href=\"https:\/\/hoyre.no\/content\/uploads\/sites\/200\/2020\/11\/h_v_frp_og_krf_1_16x9-1.jpg\" data-size=\"2016x1133\"><img loading=\"lazy\" decoding=\"async\" width=\"1024\" height=\"575\" src=\"https:\/\/hoyre.no\/content\/uploads\/sites\/200\/2020\/11\/h_v_frp_og_krf_1_16x9-1-1024x575.jpg\" class=\"attachment-large size-large\" alt=\"\" srcset=\"https:\/\/hoyre.no\/content\/uploads\/sites\/200\/2020\/11\/h_v_frp_og_krf_1_16x9-1-1024x575.jpg 1024w, https:\/\/hoyre.no\/content\/uploads\/sites\/200\/2020\/11\/h_v_frp_og_krf_1_16x9-1-300x169.jpg 300w, https:\/\/hoyre.no\/content\/uploads\/sites\/200\/2020\/11\/h_v_frp_og_krf_1_16x9-1-768x432.jpg 768w, https:\/\/hoyre.no\/content\/uploads\/sites\/200\/2020\/11\/h_v_frp_og_krf_1_16x9-1-1536x863.jpg 1536w, https:\/\/hoyre.no\/content\/uploads\/sites\/200\/2020\/11\/h_v_frp_og_krf_1_16x9-1.jpg 2016w\" sizes=\"auto, (max-width: 1024px) 100vw, 1024px\" \/ data-full-url=\"https:\/\/hoyre.no\/content\/uploads\/sites\/200\/2020\/11\/h_v_frp_og_krf_1_16x9-1.jpg\" data-id=\"784\" data-caption=\"784\"\/><\/a><\/figure><\/li><li class=\"teft-gallery-item \"><figure><a href=\"https:\/\/hoyre.no\/content\/uploads\/sites\/200\/2023\/05\/Lene-Conradi-og-Lisbeth-Hammer-Krog-red.jpg\" data-size=\"640x393\"><img loading=\"lazy\" decoding=\"async\" width=\"640\" height=\"393\" src=\"https:\/\/hoyre.no\/content\/uploads\/sites\/200\/2023\/05\/Lene-Conradi-og-Lisbeth-Hammer-Krog-red.jpg\" class=\"attachment-large size-large\" alt=\"\" srcset=\"https:\/\/hoyre.no\/content\/uploads\/sites\/200\/2023\/05\/Lene-Conradi-og-Lisbeth-Hammer-Krog-red.jpg 640w, https:\/\/hoyre.no\/content\/uploads\/sites\/200\/2023\/05\/Lene-Conradi-og-Lisbeth-Hammer-Krog-red-300x184.jpg 300w\" sizes=\"auto, (max-width: 640px) 100vw, 640px\" \/ data-full-url=\"https:\/\/hoyre.no\/content\/uploads\/sites\/200\/2023\/05\/Lene-Conradi-og-Lisbeth-Hammer-Krog-red.jpg\" data-id=\"2467\" data-caption=\"2467\"\/><span class=\"teft-gallery-more\">Se mer (2)<\/span><\/a><\/figure><\/li><li class=\"teft-gallery-item is-hidden\"><figure><a href=\"https:\/\/hoyre.no\/content\/uploads\/sites\/200\/2023\/05\/Lisbeth-Hammer-Krog-Baerum-Hoyre-foto-Hans-Kristian-Thorbjornsen-1938-scaled.jpg\" data-size=\"2500x1667\"><img loading=\"lazy\" decoding=\"async\" width=\"1024\" height=\"683\" src=\"https:\/\/hoyre.no\/content\/uploads\/sites\/200\/2023\/05\/Lisbeth-Hammer-Krog-Baerum-Hoyre-foto-Hans-Kristian-Thorbjornsen-1938-1024x683.jpg\" class=\"attachment-large size-large\" alt=\"\" srcset=\"https:\/\/hoyre.no\/content\/uploads\/sites\/200\/2023\/05\/Lisbeth-Hammer-Krog-Baerum-Hoyre-foto-Hans-Kristian-Thorbjornsen-1938-1024x683.jpg 1024w, https:\/\/hoyre.no\/content\/uploads\/sites\/200\/2023\/05\/Lisbeth-Hammer-Krog-Baerum-Hoyre-foto-Hans-Kristian-Thorbjornsen-1938-300x200.jpg 300w, https:\/\/hoyre.no\/content\/uploads\/sites\/200\/2023\/05\/Lisbeth-Hammer-Krog-Baerum-Hoyre-foto-Hans-Kristian-Thorbjornsen-1938-768x512.jpg 768w, https:\/\/hoyre.no\/content\/uploads\/sites\/200\/2023\/05\/Lisbeth-Hammer-Krog-Baerum-Hoyre-foto-Hans-Kristian-Thorbjornsen-1938-1536x1024.jpg 1536w, https:\/\/hoyre.no\/content\/uploads\/sites\/200\/2023\/05\/Lisbeth-Hammer-Krog-Baerum-Hoyre-foto-Hans-Kristian-Thorbjornsen-1938-2048x1365.jpg 2048w\" sizes=\"auto, (max-width: 1024px) 100vw, 1024px\" \/ data-full-url=\"https:\/\/hoyre.no\/content\/uploads\/sites\/200\/2023\/05\/Lisbeth-Hammer-Krog-Baerum-Hoyre-foto-Hans-Kristian-Thorbjornsen-1938-scaled.jpg\" data-id=\"2446\" data-caption=\"2446\"\/><\/a><\/figure><\/li><li class=\"teft-gallery-item is-hidden\"><figure><a href=\"https:\/\/hoyre.no\/content\/uploads\/sites\/200\/2020\/11\/lisbeth-hammer-korg.jpg\" data-size=\"770x573\"><img loading=\"lazy\" decoding=\"async\" width=\"770\" height=\"573\" src=\"https:\/\/hoyre.no\/content\/uploads\/sites\/200\/2020\/11\/lisbeth-hammer-korg.jpg\" class=\"attachment-large size-large\" alt=\"\" srcset=\"https:\/\/hoyre.no\/content\/uploads\/sites\/200\/2020\/11\/lisbeth-hammer-korg.jpg 770w, https:\/\/hoyre.no\/content\/uploads\/sites\/200\/2020\/11\/lisbeth-hammer-korg-300x223.jpg 300w, https:\/\/hoyre.no\/content\/uploads\/sites\/200\/2020\/11\/lisbeth-hammer-korg-768x572.jpg 768w\" sizes=\"auto, (max-width: 770px) 100vw, 770px\" \/ data-full-url=\"https:\/\/hoyre.no\/content\/uploads\/sites\/200\/2020\/11\/lisbeth-hammer-korg.jpg\" data-id=\"956\" data-caption=\"956\"\/><\/a><\/figure><\/li><\/ul><\/figure>\n\n\n\n<h2 class=\"wp-block-heading has-text-align-center\">Lisbeths hjertesaker<\/h2>\n\n\n\n<p>\ud83d\udc99 Som ordf\u00f8rer er jeg opptatt av at det skal v\u00e6re godt \u00e5 bo i B\u00e6rum. Vi skal v\u00e6re en kommune som ser n\u00e6ringslivets behov og som ogs\u00e5 ser behovet for et velordnet arbeidsliv.&nbsp;<\/p>\n\n\n\n<p>\ud83d\udc99 Jeg brenner for en god og respektfull eldreomsorg, men ogs\u00e5 utpr\u00f8ving av nye, spennende boformer i et generasjonsperspektiv. Vi skal arbeide for god psykisk helse for gammel og ung, og gi tilbud som er godt koordinerte slik at innbyggerne v\u00e5re m\u00f8ter et s\u00f8ml\u00f8st hjelpeapparat. Et p\u00e5r\u00f8rendesenter i den nye kommuneg\u00e5rden, der vi virkelig ser de mange ulike p\u00e5r\u00f8rende, er en fanesak for meg.&nbsp;<\/p>\n\n\n\n<p>\ud83d\udc99 E18 under bakken, slik at blant annet Sandvika f\u00e5r direkte tilgang til sj\u00f8en, har v\u00e6rt v\u00e5r kampsak i alle \u00e5r. N\u00e5 ser vi resultatene fra Lysaker til Ramstadsletta. En videref\u00f8ring forbi Sandvika er avgj\u00f8rende for \u00e5 sikre klimaklok bolig- og arbeidsplassutvikling. Vi skal s\u00f8rge for et fortsatt gr\u00f8nt B\u00e6rum, med gode skoler og barnehager, og et arbeids- og n\u00e6ringsliv der vi som kommune forst\u00e5r n\u00e6ringslivets behov. Partnerskap og samarbeid for \u00e5 oppn\u00e5 klimam\u00e5lene gjennom bla. Smart City B\u00e6rum har jeg stor tro p\u00e5.&nbsp;<\/p>\n\n","protected":false},"excerpt":{"rendered":"","protected":false},"author":15381,"featured_media":0,"parent":0,"menu_order":0,"comment_status":"closed","ping_status":"closed","template":"","meta":{"teft_cards_image_url":"","teft_cards_custom_pretitle":"","teft_cards_image_id":0,"teft_cards_image_focal_point_x":0,"teft_cards_image_focal_point_y":0,"teft_cards_title":"","teft_cards_excerpt":"","teft_show_chapters":false,"footnotes":""},"class_list":["post-2404","page","type-page","status-publish","hentry"],"yoast_head":"<!-- This site is optimized with the Yoast SEO plugin v26.6 - https:\/\/yoast.com\/wordpress\/plugins\/seo\/ -->\n<title>Ordf\u00f8rer - B\u00e6rum H\u00f8yre<\/title>\n<meta name=\"robots\" content=\"index, follow, max-snippet:-1, max-image-preview:large, max-video-preview:-1\" \/>\n<link rel=\"canonical\" href=\"https:\/\/hoyre.no\/baerum\/ordforerkandidat\/\" \/>\n<meta property=\"og:locale\" content=\"nb_NO\" \/>\n<meta property=\"og:type\" content=\"article\" \/>\n<meta property=\"og:title\" content=\"Ordf\u00f8rer - B\u00e6rum H\u00f8yre\" \/>\n<meta property=\"og:url\" content=\"https:\/\/hoyre.no\/baerum\/ordforerkandidat\/\" \/>\n<meta property=\"og:site_name\" content=\"B\u00e6rum H\u00f8yre\" \/>\n<meta property=\"article:modified_time\" content=\"2026-02-05T14:21:06+00:00\" \/>\n<meta property=\"og:image\" content=\"https:\/\/hoyre.no\/content\/uploads\/sites\/200\/2022\/11\/Hoyres-logo.png\" \/>\n\t<meta property=\"og:image:width\" content=\"1000\" \/>\n\t<meta property=\"og:image:height\" content=\"1000\" \/>\n\t<meta property=\"og:image:type\" content=\"image\/png\" \/>\n<meta name=\"twitter:card\" content=\"summary_large_image\" \/>\n<meta name=\"twitter:label1\" content=\"Ansl. lesetid\" \/>\n\t<meta name=\"twitter:data1\" content=\"5 minutter\" \/>\n<script type=\"application\/ld+json\" class=\"yoast-schema-graph\">{\"@context\":\"https:\/\/schema.org\",\"@graph\":[{\"@type\":\"WebPage\",\"@id\":\"https:\/\/hoyre.no\/baerum\/ordforerkandidat\/\",\"url\":\"https:\/\/hoyre.no\/baerum\/ordforerkandidat\/\",\"name\":\"Ordf\u00f8rer - B\u00e6rum H\u00f8yre\",\"isPartOf\":{\"@id\":\"https:\/\/hoyre.no\/baerum\/#website\"},\"datePublished\":\"2023-06-01T06:25:57+00:00\",\"dateModified\":\"2026-02-05T14:21:06+00:00\",\"breadcrumb\":{\"@id\":\"https:\/\/hoyre.no\/baerum\/ordforerkandidat\/#breadcrumb\"},\"inLanguage\":\"nb-NO\",\"potentialAction\":[{\"@type\":\"ReadAction\",\"target\":[\"https:\/\/hoyre.no\/baerum\/ordforerkandidat\/\"]}]},{\"@type\":\"BreadcrumbList\",\"@id\":\"https:\/\/hoyre.no\/baerum\/ordforerkandidat\/#breadcrumb\",\"itemListElement\":[{\"@type\":\"ListItem\",\"position\":1,\"name\":\"Til hoyre.no\",\"item\":\"https:\/\/hoyre.no\"},{\"@type\":\"ListItem\",\"position\":2,\"name\":\"Hjem\",\"item\":\"https:\/\/hoyre.no\/baerum\/\"},{\"@type\":\"ListItem\",\"position\":3,\"name\":\"Ordf\u00f8rer\"}]},{\"@type\":\"WebSite\",\"@id\":\"https:\/\/hoyre.no\/baerum\/#website\",\"url\":\"https:\/\/hoyre.no\/baerum\/\",\"name\":\"B\u00e6rum H\u00f8yre\",\"description\":\"Bare enda et H\u00f8yres nettsteder-nettsted\",\"inLanguage\":\"nb-NO\"}]}<\/script>\n<!-- \/ Yoast SEO plugin. -->","yoast_head_json":{"title":"Ordf\u00f8rer - B\u00e6rum H\u00f8yre","robots":{"index":"index","follow":"follow","max-snippet":"max-snippet:-1","max-image-preview":"max-image-preview:large","max-video-preview":"max-video-preview:-1"},"canonical":"https:\/\/hoyre.no\/baerum\/ordforerkandidat\/","og_locale":"nb_NO","og_type":"article","og_title":"Ordf\u00f8rer - B\u00e6rum H\u00f8yre","og_url":"https:\/\/hoyre.no\/baerum\/ordforerkandidat\/","og_site_name":"B\u00e6rum H\u00f8yre","article_modified_time":"2026-02-05T14:21:06+00:00","og_image":[{"width":1000,"height":1000,"url":"https:\/\/hoyre.no\/content\/uploads\/sites\/200\/2022\/11\/Hoyres-logo.png","type":"image\/png"}],"twitter_card":"summary_large_image","twitter_misc":{"Ansl. lesetid":"5 minutter"},"schema":{"@context":"https:\/\/schema.org","@graph":[{"@type":"WebPage","@id":"https:\/\/hoyre.no\/baerum\/ordforerkandidat\/","url":"https:\/\/hoyre.no\/baerum\/ordforerkandidat\/","name":"Ordf\u00f8rer - B\u00e6rum H\u00f8yre","isPartOf":{"@id":"https:\/\/hoyre.no\/baerum\/#website"},"datePublished":"2023-06-01T06:25:57+00:00","dateModified":"2026-02-05T14:21:06+00:00","breadcrumb":{"@id":"https:\/\/hoyre.no\/baerum\/ordforerkandidat\/#breadcrumb"},"inLanguage":"nb-NO","potentialAction":[{"@type":"ReadAction","target":["https:\/\/hoyre.no\/baerum\/ordforerkandidat\/"]}]},{"@type":"BreadcrumbList","@id":"https:\/\/hoyre.no\/baerum\/ordforerkandidat\/#breadcrumb","itemListElement":[{"@type":"ListItem","position":1,"name":"Til hoyre.no","item":"https:\/\/hoyre.no"},{"@type":"ListItem","position":2,"name":"Hjem","item":"https:\/\/hoyre.no\/baerum\/"},{"@type":"ListItem","position":3,"name":"Ordf\u00f8rer"}]},{"@type":"WebSite","@id":"https:\/\/hoyre.no\/baerum\/#website","url":"https:\/\/hoyre.no\/baerum\/","name":"B\u00e6rum H\u00f8yre","description":"Bare enda et H\u00f8yres nettsteder-nettsted","inLanguage":"nb-NO"}]}},"distributor_meta":false,"distributor_terms":false,"distributor_media":false,"distributor_original_site_name":"B\u00e6rum H\u00f8yre","distributor_original_site_url":"https:\/\/hoyre.no\/baerum","push-errors":false,"_links":{"self":[{"href":"https:\/\/hoyre.no\/baerum\/wp-json\/wp\/v2\/pages\/2404","targetHints":{"allow":["GET"]}}],"collection":[{"href":"https:\/\/hoyre.no\/baerum\/wp-json\/wp\/v2\/pages"}],"about":[{"href":"https:\/\/hoyre.no\/baerum\/wp-json\/wp\/v2\/types\/page"}],"author":[{"embeddable":true,"href":"https:\/\/hoyre.no\/baerum\/wp-json\/wp\/v2\/users\/15381"}],"replies":[{"embeddable":true,"href":"https:\/\/hoyre.no\/baerum\/wp-json\/wp\/v2\/comments?post=2404"}],"version-history":[{"count":9,"href":"https:\/\/hoyre.no\/baerum\/wp-json\/wp\/v2\/pages\/2404\/revisions"}],"predecessor-version":[{"id":4063,"href":"https:\/\/hoyre.no\/baerum\/wp-json\/wp\/v2\/pages\/2404\/revisions\/4063"}],"wp:attachment":[{"href":"https:\/\/hoyre.no\/baerum\/wp-json\/wp\/v2\/media?parent=2404"}],"curies":[{"name":"wp","href":"https:\/\/api.w.org\/{rel}","templated":true}]}}