{"id":2554,"date":"2023-06-23T13:32:57","date_gmt":"2023-06-23T11:32:57","guid":{"rendered":"https:\/\/hoyre.no\/baerum\/?page_id=2554"},"modified":"2025-10-29T11:54:05","modified_gmt":"2025-10-29T10:54:05","slug":"syv-grunner-til-a-stemme-baerum-hoyre","status":"publish","type":"page","link":"https:\/\/hoyre.no\/baerum\/syv-grunner-til-a-stemme-baerum-hoyre\/","title":{"rendered":"Syv grunner til \u00e5 stemme H\u00f8yre i B\u00e6rum"},"content":{"rendered":"\n\t\t<div class=\" has-simple-highlight style-white has-mobile-text-aligned-center slogan-type-custom wp-block-hoyre-slogan\">\n\t\t\t<div class=\"slogan-container\">\n\t\t\t\t<div class=\"slogan__image\">\n\t\t\t\t\t<img loading=\"lazy\" decoding=\"async\" width=\"2500\" height=\"1667\" src=\"https:\/\/hoyre.no\/content\/uploads\/sites\/200\/2023\/06\/MG_1042-scaled.jpg\" class=\"slogan__background-media\" alt=\"\" style=\"--focal-point: 31% 100%;\" srcset=\"https:\/\/hoyre.no\/content\/uploads\/sites\/200\/2023\/06\/MG_1042-scaled.jpg 2500w, https:\/\/hoyre.no\/content\/uploads\/sites\/200\/2023\/06\/MG_1042-300x200.jpg 300w, https:\/\/hoyre.no\/content\/uploads\/sites\/200\/2023\/06\/MG_1042-1024x683.jpg 1024w, https:\/\/hoyre.no\/content\/uploads\/sites\/200\/2023\/06\/MG_1042-768x512.jpg 768w, https:\/\/hoyre.no\/content\/uploads\/sites\/200\/2023\/06\/MG_1042-1536x1024.jpg 1536w, https:\/\/hoyre.no\/content\/uploads\/sites\/200\/2023\/06\/MG_1042-2048x1365.jpg 2048w\" sizes=\"auto, (max-width: 2500px) 100vw, 2500px\" \/>\n\t\t\t\t<\/div>\n\t\t\t\t<div class=\"slogan__content\">\n\t\t\t\t\t\n\t\t\t\t\t<h2 class=\"slogan__big-title\">Syv grunner til \u00e5 stemme H\u00f8yre i B\u00e6rum<\/h2>\n\t\t\t\t\t<p>H\u00f8yres visjon for B\u00e6rum er et samfunn med muligheter for alle<\/p>\n\t\t\t\t\t\n\t\t\t\t<\/div>\n\t\t\t<\/div>\n\t\t\t\n\t\t<\/div>\n\t\t\n\n\n\t\t<div class=\"has-transparent-background-color is-layout-left alignwide alignwide wp-block-hoyre-media-text\">\n\t\t\t<div class=\"hoyre-media-text__media\">\n\t\t\t\t<img loading=\"lazy\" decoding=\"async\" width=\"1024\" height=\"683\" src=\"https:\/\/hoyre.no\/content\/uploads\/sites\/200\/2023\/06\/MG_1255-1024x683.jpg\" class=\"hoyre-media-text__media-image\" alt=\"\" style=\"--focal: 38% 49%;\" srcset=\"https:\/\/hoyre.no\/content\/uploads\/sites\/200\/2023\/06\/MG_1255-1024x683.jpg 1024w, https:\/\/hoyre.no\/content\/uploads\/sites\/200\/2023\/06\/MG_1255-300x200.jpg 300w, https:\/\/hoyre.no\/content\/uploads\/sites\/200\/2023\/06\/MG_1255-768x512.jpg 768w, https:\/\/hoyre.no\/content\/uploads\/sites\/200\/2023\/06\/MG_1255-1536x1024.jpg 1536w, https:\/\/hoyre.no\/content\/uploads\/sites\/200\/2023\/06\/MG_1255-2048x1365.jpg 2048w\" sizes=\"auto, (max-width: 1024px) 100vw, 1024px\" \/>\n\t\t\t<\/div>\n\t\t\t<div class=\"hoyre-media-text__content\">\n\t\t\t\t<div class=\"hoyre-media-text__content-inner\">\n\t\t\t\t\t\n\t\t\t<div class=\"hoyre-media-text__title-container\">\n\t\t\t\t\n\t\t\t\t<h2 class=\"hoyre-media-text__title\">Muligheter for B\u00e6rum!<\/h2>\n\t\t\t<\/div>\n\t\t\t\n\t\t\t\t\t<div class=\"hoyre-media-text__blocks\">\n<p>B\u00e6rum er en av landets beste kommuner. Det er vi stolte av, men vi har fortsatt mye vi kan bli bedre p\u00e5. De neste \u00e5rene skal vi fortsette satsningen p\u00e5 skole, eldreomsorg og n\u00e6rmilj\u00f8ene v\u00e5re. Det gir muligheter for alle.<\/p>\n<\/div>\n\t\t\t\t\t\n\t\t\t\t<\/div>\n\t\t\t<\/div>\n\t\t<\/div>\n\t\t\n\n\n\t\t<div class=\"has-lightest-blue-background-color is-layout-right alignwide alignwide wp-block-hoyre-media-text\">\n\t\t\t<div class=\"hoyre-media-text__media\">\n\t\t\t\t<img loading=\"lazy\" decoding=\"async\" width=\"1024\" height=\"682\" src=\"https:\/\/hoyre.no\/content\/uploads\/sites\/200\/2023\/06\/m347xAnU-1024x682.jpeg\" class=\"hoyre-media-text__media-image\" alt=\"\" style=\"--focal: 50% 50%;\" srcset=\"https:\/\/hoyre.no\/content\/uploads\/sites\/200\/2023\/06\/m347xAnU-1024x682.jpeg 1024w, https:\/\/hoyre.no\/content\/uploads\/sites\/200\/2023\/06\/m347xAnU-300x200.jpeg 300w, https:\/\/hoyre.no\/content\/uploads\/sites\/200\/2023\/06\/m347xAnU-768x511.jpeg 768w, https:\/\/hoyre.no\/content\/uploads\/sites\/200\/2023\/06\/m347xAnU-1536x1022.jpeg 1536w, https:\/\/hoyre.no\/content\/uploads\/sites\/200\/2023\/06\/m347xAnU.jpeg 2048w\" sizes=\"auto, (max-width: 1024px) 100vw, 1024px\" \/>\n\t\t\t<\/div>\n\t\t\t<div class=\"hoyre-media-text__content\">\n\t\t\t\t<div class=\"hoyre-media-text__content-inner\">\n\t\t\t\t\t\n\t\t\t<div class=\"hoyre-media-text__title-container\">\n\t\t\t\t\n\t\t\t\t<h2 class=\"hoyre-media-text__title\">1. <strong>Godt \u00e5 bli gammel i B\u00e6rum<\/strong><\/h2>\n\t\t\t<\/div>\n\t\t\t\n\t\t\t\t\t<div class=\"hoyre-media-text__blocks\">\n<p>Respekten for enkeltindividet er grunnleggende for B\u00e6rum H\u00f8yre, og vi \u00f8nsker at v\u00e5re innbyggere skal leve et godt liv ogs\u00e5 n\u00e5r helsen svikter. Egenmestring og tidlig innsats er viktig i dette arbeidet. \u00abHva er viktig for deg?\u00bb er et sp\u00f8rsm\u00e5l som skal kjennetegne B\u00e6rum H\u00f8yres seniorpolitikk.<\/p>\n<\/div>\n\t\t\t\t\t\n\t\t\t\t<\/div>\n\t\t\t<\/div>\n\t\t<\/div>\n\t\t\n\n\n\t\t<div class=\"has-lightest-blue-background-color is-layout-left alignwide alignwide wp-block-hoyre-media-text\">\n\t\t\t<div class=\"hoyre-media-text__media\">\n\t\t\t\t<img loading=\"lazy\" decoding=\"async\" width=\"1024\" height=\"683\" src=\"https:\/\/hoyre.no\/content\/uploads\/sites\/200\/2023\/06\/Eiksmarka-skole-1024x683.jpg\" class=\"hoyre-media-text__media-image\" alt=\"\" style=\"--focal: 94% 40%;\" srcset=\"https:\/\/hoyre.no\/content\/uploads\/sites\/200\/2023\/06\/Eiksmarka-skole-1024x683.jpg 1024w, https:\/\/hoyre.no\/content\/uploads\/sites\/200\/2023\/06\/Eiksmarka-skole-300x200.jpg 300w, https:\/\/hoyre.no\/content\/uploads\/sites\/200\/2023\/06\/Eiksmarka-skole-768x512.jpg 768w, https:\/\/hoyre.no\/content\/uploads\/sites\/200\/2023\/06\/Eiksmarka-skole-1536x1024.jpg 1536w, https:\/\/hoyre.no\/content\/uploads\/sites\/200\/2023\/06\/Eiksmarka-skole-2048x1365.jpg 2048w\" sizes=\"auto, (max-width: 1024px) 100vw, 1024px\" \/>\n\t\t\t<\/div>\n\t\t\t<div class=\"hoyre-media-text__content\">\n\t\t\t\t<div class=\"hoyre-media-text__content-inner\">\n\t\t\t\t\t\n\t\t\t<div class=\"hoyre-media-text__title-container\">\n\t\t\t\t\n\t\t\t\t<h2 class=\"hoyre-media-text__title\">2. <strong><strong>Verdens beste skole<\/strong><\/strong><\/h2>\n\t\t\t<\/div>\n\t\t\t\n\t\t\t\t\t<div class=\"hoyre-media-text__blocks\">\n<p>B\u00e6rumsskolen er blant landets beste. Satsingen p\u00e5 kunnskap og forskningsbasert skolepolitikk over mange \u00e5r har gitt resultater. B\u00e6rum H\u00f8yre er sv\u00e6rt stolt av resultatene, men \u00f8nsker likevel mer. Derfor skal vi satse videre p\u00e5 skolen som en av hj\u00f8rnestenene i kommunens velferdstilbud. Alle barn har lik rett til gode, tilrettelagte og ikke-diskriminerende skoletilbud.<\/p>\n<\/div>\n\t\t\t\t\t\n\t\t\t\t<\/div>\n\t\t\t<\/div>\n\t\t<\/div>\n\t\t\n\n\n\t\t<div class=\"has-lightest-blue-background-color is-layout-right alignwide alignwide wp-block-hoyre-media-text\">\n\t\t\t<div class=\"hoyre-media-text__media\">\n\t\t\t\t<img loading=\"lazy\" decoding=\"async\" width=\"1024\" height=\"683\" src=\"https:\/\/hoyre.no\/content\/uploads\/sites\/200\/2023\/06\/Baerum-Radhus-2-1024x683.jpg\" class=\"hoyre-media-text__media-image\" alt=\"\" style=\"--focal: 70% 49%;\" srcset=\"https:\/\/hoyre.no\/content\/uploads\/sites\/200\/2023\/06\/Baerum-Radhus-2-1024x683.jpg 1024w, https:\/\/hoyre.no\/content\/uploads\/sites\/200\/2023\/06\/Baerum-Radhus-2-300x200.jpg 300w, https:\/\/hoyre.no\/content\/uploads\/sites\/200\/2023\/06\/Baerum-Radhus-2-768x512.jpg 768w, https:\/\/hoyre.no\/content\/uploads\/sites\/200\/2023\/06\/Baerum-Radhus-2-1536x1024.jpg 1536w, https:\/\/hoyre.no\/content\/uploads\/sites\/200\/2023\/06\/Baerum-Radhus-2-2048x1365.jpg 2048w\" sizes=\"auto, (max-width: 1024px) 100vw, 1024px\" \/>\n\t\t\t<\/div>\n\t\t\t<div class=\"hoyre-media-text__content\">\n\t\t\t\t<div class=\"hoyre-media-text__content-inner\">\n\t\t\t\t\t\n\t\t\t<div class=\"hoyre-media-text__title-container\">\n\t\t\t\t\n\t\t\t\t<h2 class=\"hoyre-media-text__title\">3. <strong>Attraktiv og milj\u00f8vennlig<\/strong><\/h2>\n\t\t\t<\/div>\n\t\t\t\n\t\t\t\t\t<div class=\"hoyre-media-text__blocks\">\n<p>Klimaendringene er en av v\u00e5r tids st\u00f8rste trusler. B\u00e6rum H\u00f8yre vil at kommunen skal tenke klima i enhver sammenheng, og alle kommunale enheter skal jobbe for \u00e5 redusere klimagassutslipp. Dette skal vi f\u00e5 til med et tett samarbeid mellom kommune, n\u00e6ringsliv og innbyggere.<\/p>\n<\/div>\n\t\t\t\t\t\n\t\t\t\t<\/div>\n\t\t\t<\/div>\n\t\t<\/div>\n\t\t\n\n\n\t\t<div class=\"has-lightest-blue-background-color is-layout-left alignwide alignwide wp-block-hoyre-media-text\">\n\t\t\t<div class=\"hoyre-media-text__media\">\n\t\t\t\t<img loading=\"lazy\" decoding=\"async\" width=\"1024\" height=\"683\" src=\"https:\/\/hoyre.no\/content\/uploads\/sites\/200\/2023\/06\/Hundsund-kunstgressbane-3-1024x683.jpg\" class=\"hoyre-media-text__media-image\" alt=\"\" style=\"--focal: 50% 50%;\" srcset=\"https:\/\/hoyre.no\/content\/uploads\/sites\/200\/2023\/06\/Hundsund-kunstgressbane-3-1024x683.jpg 1024w, https:\/\/hoyre.no\/content\/uploads\/sites\/200\/2023\/06\/Hundsund-kunstgressbane-3-300x200.jpg 300w, https:\/\/hoyre.no\/content\/uploads\/sites\/200\/2023\/06\/Hundsund-kunstgressbane-3-768x512.jpg 768w, https:\/\/hoyre.no\/content\/uploads\/sites\/200\/2023\/06\/Hundsund-kunstgressbane-3-1536x1024.jpg 1536w, https:\/\/hoyre.no\/content\/uploads\/sites\/200\/2023\/06\/Hundsund-kunstgressbane-3-2048x1365.jpg 2048w\" sizes=\"auto, (max-width: 1024px) 100vw, 1024px\" \/>\n\t\t\t<\/div>\n\t\t\t<div class=\"hoyre-media-text__content\">\n\t\t\t\t<div class=\"hoyre-media-text__content-inner\">\n\t\t\t\t\t\n\t\t\t<div class=\"hoyre-media-text__title-container\">\n\t\t\t\t\n\t\t\t\t<h2 class=\"hoyre-media-text__title\">4. <strong>En god og aktiv oppvekst<\/strong><\/h2>\n\t\t\t<\/div>\n\t\t\t\n\t\t\t\t\t<div class=\"hoyre-media-text__blocks\">\n<p>B\u00e6rum H\u00f8yre vil arbeide for at alle barn og unge f\u00e5r et trygt og godt oppvekstmilj\u00f8 med like muligheter for alle barn og unge, uavhengig av funksjonsvariasjon. B\u00e6rum kommune skal v\u00e6re en \u00e5pen, mangfoldig, likestilt og inkluderende kommune. Derfor vil vi styrke fritidsstipendet slik at alle barn har mulighet til \u00e5 delta p\u00e5 fritidsaktiviteter.<\/p>\n<\/div>\n\t\t\t\t\t\n\t\t\t\t<\/div>\n\t\t\t<\/div>\n\t\t<\/div>\n\t\t\n\n\n\t\t<div class=\"has-lightest-blue-background-color is-layout-right alignwide alignwide wp-block-hoyre-media-text\">\n\t\t\t<div class=\"hoyre-media-text__media\">\n\t\t\t\t<img loading=\"lazy\" decoding=\"async\" width=\"683\" height=\"1024\" src=\"https:\/\/hoyre.no\/content\/uploads\/sites\/200\/2023\/06\/Bekkestua-bibliotek-7-683x1024.jpg\" class=\"hoyre-media-text__media-image\" alt=\"\" style=\"--focal: 50% 50%;\" srcset=\"https:\/\/hoyre.no\/content\/uploads\/sites\/200\/2023\/06\/Bekkestua-bibliotek-7-683x1024.jpg 683w, https:\/\/hoyre.no\/content\/uploads\/sites\/200\/2023\/06\/Bekkestua-bibliotek-7-200x300.jpg 200w, https:\/\/hoyre.no\/content\/uploads\/sites\/200\/2023\/06\/Bekkestua-bibliotek-7-768x1152.jpg 768w, https:\/\/hoyre.no\/content\/uploads\/sites\/200\/2023\/06\/Bekkestua-bibliotek-7-1024x1536.jpg 1024w, https:\/\/hoyre.no\/content\/uploads\/sites\/200\/2023\/06\/Bekkestua-bibliotek-7-1365x2048.jpg 1365w, https:\/\/hoyre.no\/content\/uploads\/sites\/200\/2023\/06\/Bekkestua-bibliotek-7-scaled.jpg 1667w\" sizes=\"auto, (max-width: 683px) 100vw, 683px\" \/>\n\t\t\t<\/div>\n\t\t\t<div class=\"hoyre-media-text__content\">\n\t\t\t\t<div class=\"hoyre-media-text__content-inner\">\n\t\t\t\t\t\n\t\t\t<div class=\"hoyre-media-text__title-container\">\n\t\t\t\t\n\t\t\t\t<h2 class=\"hoyre-media-text__title\">5. <strong>Flere sosiale m\u00f8teplasser<\/strong><\/h2>\n\t\t\t<\/div>\n\t\t\t\n\t\t\t\t\t<div class=\"hoyre-media-text__blocks\">\n<p>Mange opplever ensomhet, og B\u00e6rum H\u00f8yre vil at kommunen skal legge til rette for gode m\u00f8teplasser og fellesomr\u00e5der som gir \u00f8kt sosial kontakt. Dette skal gjelde uavhengig av alder, men vi vil s\u00e6rlig satse p\u00e5 unge og eldre. <strong>\u00a0<\/strong><\/p>\n<\/div>\n\t\t\t\t\t\n\t\t\t\t<\/div>\n\t\t\t<\/div>\n\t\t<\/div>\n\t\t\n\n\n\t\t<div class=\"has-lightest-blue-background-color is-layout-left alignwide alignwide wp-block-hoyre-media-text\">\n\t\t\t<div class=\"hoyre-media-text__media\">\n\t\t\t\t<img loading=\"lazy\" decoding=\"async\" width=\"800\" height=\"599\" src=\"https:\/\/hoyre.no\/content\/uploads\/sites\/200\/2021\/07\/Sandvika-E18-drone.png\" class=\"hoyre-media-text__media-image\" alt=\"\" style=\"--focal: 49% 37%;\" srcset=\"https:\/\/hoyre.no\/content\/uploads\/sites\/200\/2021\/07\/Sandvika-E18-drone.png 800w, https:\/\/hoyre.no\/content\/uploads\/sites\/200\/2021\/07\/Sandvika-E18-drone-300x225.png 300w, https:\/\/hoyre.no\/content\/uploads\/sites\/200\/2021\/07\/Sandvika-E18-drone-768x575.png 768w\" sizes=\"auto, (max-width: 800px) 100vw, 800px\" \/>\n\t\t\t<\/div>\n\t\t\t<div class=\"hoyre-media-text__content\">\n\t\t\t\t<div class=\"hoyre-media-text__content-inner\">\n\t\t\t\t\t\n\t\t\t<div class=\"hoyre-media-text__title-container\">\n\t\t\t\t\n\t\t\t\t<h2 class=\"hoyre-media-text__title\">6. <strong>Ferdigstille E18 og Fornebubanen<\/strong><\/h2>\n\t\t\t<\/div>\n\t\t\t\n\t\t\t\t\t<div class=\"hoyre-media-text__blocks\">\n<p>God samferdsel er viktig for folk, n\u00e6ringsliv og klima. Derfor m\u00e5 vi ferdigstille viktige prosjekter. B\u00e6rum H\u00f8yre jobber daglig med \u00e5 legge press p\u00e5 statlige og fylkeskommunale akt\u00f8rer for at E18 og Fornebubanen blir bygd etter plan og tidsskjema. <\/p>\n<\/div>\n\t\t\t\t\t\n\t\t\t\t<\/div>\n\t\t\t<\/div>\n\t\t<\/div>\n\t\t\n\n\n\t\t<div class=\"has-lightest-blue-background-color is-layout-right alignwide alignwide wp-block-hoyre-media-text\">\n\t\t\t<div class=\"hoyre-media-text__media\">\n\t\t\t\t<img loading=\"lazy\" decoding=\"async\" width=\"683\" height=\"1024\" src=\"https:\/\/hoyre.no\/content\/uploads\/sites\/200\/2023\/06\/Stand-pa-Kadettangen-4-683x1024.jpg\" class=\"hoyre-media-text__media-image\" alt=\"\" style=\"--focal: 50% 50%;\" srcset=\"https:\/\/hoyre.no\/content\/uploads\/sites\/200\/2023\/06\/Stand-pa-Kadettangen-4-683x1024.jpg 683w, https:\/\/hoyre.no\/content\/uploads\/sites\/200\/2023\/06\/Stand-pa-Kadettangen-4-200x300.jpg 200w, https:\/\/hoyre.no\/content\/uploads\/sites\/200\/2023\/06\/Stand-pa-Kadettangen-4-768x1152.jpg 768w, https:\/\/hoyre.no\/content\/uploads\/sites\/200\/2023\/06\/Stand-pa-Kadettangen-4-1024x1536.jpg 1024w, https:\/\/hoyre.no\/content\/uploads\/sites\/200\/2023\/06\/Stand-pa-Kadettangen-4-1365x2048.jpg 1365w, https:\/\/hoyre.no\/content\/uploads\/sites\/200\/2023\/06\/Stand-pa-Kadettangen-4-scaled.jpg 1667w\" sizes=\"auto, (max-width: 683px) 100vw, 683px\" \/>\n\t\t\t<\/div>\n\t\t\t<div class=\"hoyre-media-text__content\">\n\t\t\t\t<div class=\"hoyre-media-text__content-inner\">\n\t\t\t\t\t\n\t\t\t<div class=\"hoyre-media-text__title-container\">\n\t\t\t\t\n\t\t\t\t<h2 class=\"hoyre-media-text__title\">7. <strong>Garantisten mot eiendomsskatt<\/strong><\/h2>\n\t\t\t<\/div>\n\t\t\t\n\t\t\t\t\t<div class=\"hoyre-media-text__blocks\">\n<p>H\u00f8yre vil ikke innf\u00f8re eiendomsskatt. Det siste innbyggerne i B\u00e6rum trenger er en ny skatt p\u00e5 hjemmene deres. Du f\u00e5r beholde mer av dine egne penger med H\u00f8yre i posisjon.<\/p>\n<\/div>\n\t\t\t\t\t\n\t\t\t\t<\/div>\n\t\t\t<\/div>\n\t\t<\/div>\n\t\t\n\n\n\t\t<div class=\"has-dark-blue-background-color is-layout-left alignwide alignwide wp-block-hoyre-media-text\">\n\t\t\t<div class=\"hoyre-media-text__media\">\n\t\t\t\t<img loading=\"lazy\" decoding=\"async\" width=\"800\" height=\"599\" src=\"https:\/\/hoyre.no\/content\/uploads\/sites\/200\/2023\/04\/Kadettangen-og-Kalvoya.png\" class=\"hoyre-media-text__media-image\" alt=\"\" style=\"--focal: 70% 44%;\" srcset=\"https:\/\/hoyre.no\/content\/uploads\/sites\/200\/2023\/04\/Kadettangen-og-Kalvoya.png 800w, https:\/\/hoyre.no\/content\/uploads\/sites\/200\/2023\/04\/Kadettangen-og-Kalvoya-300x225.png 300w, https:\/\/hoyre.no\/content\/uploads\/sites\/200\/2023\/04\/Kadettangen-og-Kalvoya-768x575.png 768w\" sizes=\"auto, (max-width: 800px) 100vw, 800px\" \/>\n\t\t\t<\/div>\n\t\t\t<div class=\"hoyre-media-text__content\">\n\t\t\t\t<div class=\"hoyre-media-text__content-inner\">\n\t\t\t\t\t\n\t\t\t<div class=\"hoyre-media-text__title-container\">\n\t\t\t\t\n\t\t\t\t<h2 class=\"hoyre-media-text__title\">Fant du ikke din hjertesak?<\/h2>\n\t\t\t<\/div>\n\t\t\t\n\t\t\t\t\t<div class=\"hoyre-media-text__blocks\">\n<p>H\u00f8sten 2022 vedtok vi nytt program for kommunevalget i 2023. Trykk p\u00e5 knappen under for \u00e5 lese \ud83d\udc47<\/p>\n<\/div>\n\t\t\t\t\t\n\t\t\t<div class=\"hoyre-media-text__buttons\">\n\t\t\t\t<a class=\"button\" href=\"https:\/\/hoyre.no\/content\/uploads\/sites\/200\/2023\/02\/Baerum-Hoyres-program-2023-27.pdf\">les programmet her<\/a>\n\t\t\t<\/div>\n\t\t\t\n\t\t\t\t<\/div>\n\t\t\t<\/div>\n\t\t<\/div>\n\t\t\n\n\n\t\t<div class=\"has-dark-blue-background-color is-layout-left alignwide alignwide wp-block-hoyre-media-text\">\n\t\t\t<div class=\"hoyre-media-text__media\">\n\t\t\t\t<img loading=\"lazy\" decoding=\"async\" width=\"1024\" height=\"683\" src=\"https:\/\/hoyre.no\/content\/uploads\/sites\/200\/2023\/05\/Lisbeth-Hammer-Krog-Baerum-Hoyre-foto-Hans-Kristian-Thorbjornsen-1938-1024x683.jpg\" class=\"hoyre-media-text__media-image\" alt=\"\" style=\"--focal: 50% 50%;\" srcset=\"https:\/\/hoyre.no\/content\/uploads\/sites\/200\/2023\/05\/Lisbeth-Hammer-Krog-Baerum-Hoyre-foto-Hans-Kristian-Thorbjornsen-1938-1024x683.jpg 1024w, https:\/\/hoyre.no\/content\/uploads\/sites\/200\/2023\/05\/Lisbeth-Hammer-Krog-Baerum-Hoyre-foto-Hans-Kristian-Thorbjornsen-1938-300x200.jpg 300w, https:\/\/hoyre.no\/content\/uploads\/sites\/200\/2023\/05\/Lisbeth-Hammer-Krog-Baerum-Hoyre-foto-Hans-Kristian-Thorbjornsen-1938-768x512.jpg 768w, https:\/\/hoyre.no\/content\/uploads\/sites\/200\/2023\/05\/Lisbeth-Hammer-Krog-Baerum-Hoyre-foto-Hans-Kristian-Thorbjornsen-1938-1536x1024.jpg 1536w, https:\/\/hoyre.no\/content\/uploads\/sites\/200\/2023\/05\/Lisbeth-Hammer-Krog-Baerum-Hoyre-foto-Hans-Kristian-Thorbjornsen-1938-2048x1365.jpg 2048w\" sizes=\"auto, (max-width: 1024px) 100vw, 1024px\" \/>\n\t\t\t<\/div>\n\t\t\t<div class=\"hoyre-media-text__content\">\n\t\t\t\t<div class=\"hoyre-media-text__content-inner\">\n\t\t\t\t\t\n\t\t\t<div class=\"hoyre-media-text__title-container\">\n\t\t\t\t\n\t\t\t\t<h2 class=\"hoyre-media-text__title\">Bli kjent med Lisbeth<\/h2>\n\t\t\t<\/div>\n\t\t\t\n\t\t\t\t\t<div class=\"hoyre-media-text__blocks\">\n<p>Lisbeth er B\u00e6rums ordf\u00f8rer. Her kan du bli bedre kjent med b\u00e5de politikeren og personen Lisbeth Hammer Krog\ud83d\udc47<\/p>\n<\/div>\n\t\t\t\t\t\n\t\t\t<div class=\"hoyre-media-text__buttons\">\n\t\t\t\t<a class=\"button\" href=\"https:\/\/hoyre.no\/baerum\/ordforerkandidat\/\">Les mer<\/a>\n\t\t\t<\/div>\n\t\t\t\n\t\t\t\t<\/div>\n\t\t\t<\/div>\n\t\t<\/div>\n\t\t","protected":false},"excerpt":{"rendered":"","protected":false},"author":15381,"featured_media":0,"parent":0,"menu_order":0,"comment_status":"closed","ping_status":"closed","template":"","meta":{"teft_cards_image_url":"","teft_cards_custom_pretitle":"","teft_cards_image_id":0,"teft_cards_image_focal_point_x":0,"teft_cards_image_focal_point_y":0,"teft_cards_title":"","teft_cards_excerpt":"","teft_show_chapters":false,"footnotes":""},"class_list":["post-2554","page","type-page","status-publish","hentry"],"yoast_head":"<!-- This site is optimized with the Yoast SEO plugin v26.6 - https:\/\/yoast.com\/wordpress\/plugins\/seo\/ -->\n<title>Syv grunner til \u00e5 stemme H\u00f8yre i B\u00e6rum - B\u00e6rum H\u00f8yre<\/title>\n<meta name=\"robots\" content=\"index, follow, max-snippet:-1, max-image-preview:large, max-video-preview:-1\" \/>\n<link rel=\"canonical\" href=\"https:\/\/hoyre.no\/baerum\/syv-grunner-til-a-stemme-baerum-hoyre\/\" \/>\n<meta property=\"og:locale\" content=\"nb_NO\" \/>\n<meta property=\"og:type\" content=\"article\" \/>\n<meta property=\"og:title\" content=\"Syv grunner til \u00e5 stemme H\u00f8yre i B\u00e6rum - B\u00e6rum H\u00f8yre\" \/>\n<meta property=\"og:url\" content=\"https:\/\/hoyre.no\/baerum\/syv-grunner-til-a-stemme-baerum-hoyre\/\" \/>\n<meta property=\"og:site_name\" content=\"B\u00e6rum H\u00f8yre\" \/>\n<meta property=\"article:modified_time\" content=\"2025-10-29T10:54:05+00:00\" \/>\n<meta property=\"og:image\" content=\"https:\/\/hoyre.no\/content\/uploads\/sites\/200\/2022\/11\/Hoyres-logo.png\" \/>\n\t<meta property=\"og:image:width\" content=\"1000\" \/>\n\t<meta property=\"og:image:height\" content=\"1000\" \/>\n\t<meta property=\"og:image:type\" content=\"image\/png\" \/>\n<meta name=\"twitter:card\" content=\"summary_large_image\" \/>\n<meta name=\"twitter:label1\" content=\"Ansl. lesetid\" \/>\n\t<meta name=\"twitter:data1\" content=\"3 minutter\" \/>\n<script type=\"application\/ld+json\" class=\"yoast-schema-graph\">{\"@context\":\"https:\/\/schema.org\",\"@graph\":[{\"@type\":\"WebPage\",\"@id\":\"https:\/\/hoyre.no\/baerum\/syv-grunner-til-a-stemme-baerum-hoyre\/\",\"url\":\"https:\/\/hoyre.no\/baerum\/syv-grunner-til-a-stemme-baerum-hoyre\/\",\"name\":\"Syv grunner til \u00e5 stemme H\u00f8yre i B\u00e6rum - B\u00e6rum H\u00f8yre\",\"isPartOf\":{\"@id\":\"https:\/\/hoyre.no\/baerum\/#website\"},\"datePublished\":\"2023-06-23T11:32:57+00:00\",\"dateModified\":\"2025-10-29T10:54:05+00:00\",\"breadcrumb\":{\"@id\":\"https:\/\/hoyre.no\/baerum\/syv-grunner-til-a-stemme-baerum-hoyre\/#breadcrumb\"},\"inLanguage\":\"nb-NO\",\"potentialAction\":[{\"@type\":\"ReadAction\",\"target\":[\"https:\/\/hoyre.no\/baerum\/syv-grunner-til-a-stemme-baerum-hoyre\/\"]}]},{\"@type\":\"BreadcrumbList\",\"@id\":\"https:\/\/hoyre.no\/baerum\/syv-grunner-til-a-stemme-baerum-hoyre\/#breadcrumb\",\"itemListElement\":[{\"@type\":\"ListItem\",\"position\":1,\"name\":\"Til hoyre.no\",\"item\":\"https:\/\/hoyre.no\"},{\"@type\":\"ListItem\",\"position\":2,\"name\":\"Hjem\",\"item\":\"https:\/\/hoyre.no\/baerum\/\"},{\"@type\":\"ListItem\",\"position\":3,\"name\":\"Syv grunner til \u00e5 stemme H\u00f8yre i B\u00e6rum\"}]},{\"@type\":\"WebSite\",\"@id\":\"https:\/\/hoyre.no\/baerum\/#website\",\"url\":\"https:\/\/hoyre.no\/baerum\/\",\"name\":\"B\u00e6rum H\u00f8yre\",\"description\":\"Bare enda et H\u00f8yres nettsteder-nettsted\",\"inLanguage\":\"nb-NO\"}]}<\/script>\n<!-- \/ Yoast SEO plugin. -->","yoast_head_json":{"title":"Syv grunner til \u00e5 stemme H\u00f8yre i B\u00e6rum - B\u00e6rum H\u00f8yre","robots":{"index":"index","follow":"follow","max-snippet":"max-snippet:-1","max-image-preview":"max-image-preview:large","max-video-preview":"max-video-preview:-1"},"canonical":"https:\/\/hoyre.no\/baerum\/syv-grunner-til-a-stemme-baerum-hoyre\/","og_locale":"nb_NO","og_type":"article","og_title":"Syv grunner til \u00e5 stemme H\u00f8yre i B\u00e6rum - B\u00e6rum H\u00f8yre","og_url":"https:\/\/hoyre.no\/baerum\/syv-grunner-til-a-stemme-baerum-hoyre\/","og_site_name":"B\u00e6rum H\u00f8yre","article_modified_time":"2025-10-29T10:54:05+00:00","og_image":[{"width":1000,"height":1000,"url":"https:\/\/hoyre.no\/content\/uploads\/sites\/200\/2022\/11\/Hoyres-logo.png","type":"image\/png"}],"twitter_card":"summary_large_image","twitter_misc":{"Ansl. lesetid":"3 minutter"},"schema":{"@context":"https:\/\/schema.org","@graph":[{"@type":"WebPage","@id":"https:\/\/hoyre.no\/baerum\/syv-grunner-til-a-stemme-baerum-hoyre\/","url":"https:\/\/hoyre.no\/baerum\/syv-grunner-til-a-stemme-baerum-hoyre\/","name":"Syv grunner til \u00e5 stemme H\u00f8yre i B\u00e6rum - B\u00e6rum H\u00f8yre","isPartOf":{"@id":"https:\/\/hoyre.no\/baerum\/#website"},"datePublished":"2023-06-23T11:32:57+00:00","dateModified":"2025-10-29T10:54:05+00:00","breadcrumb":{"@id":"https:\/\/hoyre.no\/baerum\/syv-grunner-til-a-stemme-baerum-hoyre\/#breadcrumb"},"inLanguage":"nb-NO","potentialAction":[{"@type":"ReadAction","target":["https:\/\/hoyre.no\/baerum\/syv-grunner-til-a-stemme-baerum-hoyre\/"]}]},{"@type":"BreadcrumbList","@id":"https:\/\/hoyre.no\/baerum\/syv-grunner-til-a-stemme-baerum-hoyre\/#breadcrumb","itemListElement":[{"@type":"ListItem","position":1,"name":"Til hoyre.no","item":"https:\/\/hoyre.no"},{"@type":"ListItem","position":2,"name":"Hjem","item":"https:\/\/hoyre.no\/baerum\/"},{"@type":"ListItem","position":3,"name":"Syv grunner til \u00e5 stemme H\u00f8yre i B\u00e6rum"}]},{"@type":"WebSite","@id":"https:\/\/hoyre.no\/baerum\/#website","url":"https:\/\/hoyre.no\/baerum\/","name":"B\u00e6rum H\u00f8yre","description":"Bare enda et H\u00f8yres nettsteder-nettsted","inLanguage":"nb-NO"}]}},"distributor_meta":false,"distributor_terms":false,"distributor_media":false,"distributor_original_site_name":"B\u00e6rum H\u00f8yre","distributor_original_site_url":"https:\/\/hoyre.no\/baerum","push-errors":false,"_links":{"self":[{"href":"https:\/\/hoyre.no\/baerum\/wp-json\/wp\/v2\/pages\/2554","targetHints":{"allow":["GET"]}}],"collection":[{"href":"https:\/\/hoyre.no\/baerum\/wp-json\/wp\/v2\/pages"}],"about":[{"href":"https:\/\/hoyre.no\/baerum\/wp-json\/wp\/v2\/types\/page"}],"author":[{"embeddable":true,"href":"https:\/\/hoyre.no\/baerum\/wp-json\/wp\/v2\/users\/15381"}],"replies":[{"embeddable":true,"href":"https:\/\/hoyre.no\/baerum\/wp-json\/wp\/v2\/comments?post=2554"}],"version-history":[{"count":11,"href":"https:\/\/hoyre.no\/baerum\/wp-json\/wp\/v2\/pages\/2554\/revisions"}],"predecessor-version":[{"id":3815,"href":"https:\/\/hoyre.no\/baerum\/wp-json\/wp\/v2\/pages\/2554\/revisions\/3815"}],"wp:attachment":[{"href":"https:\/\/hoyre.no\/baerum\/wp-json\/wp\/v2\/media?parent=2554"}],"curies":[{"name":"wp","href":"https:\/\/api.w.org\/{rel}","templated":true}]}}