{"id":38,"date":"2023-05-02T12:48:17","date_gmt":"2023-05-02T10:48:17","guid":{"rendered":"https:\/\/hoyre.no\/balsfjord\/?page_id=38"},"modified":"2023-08-10T14:54:36","modified_gmt":"2023-08-10T12:54:36","slug":"politikk","status":"publish","type":"page","link":"https:\/\/hoyre.no\/balsfjord\/politikk\/","title":{"rendered":"Politikk"},"content":{"rendered":"\n<div class=\"wp-block-hoyre-hero with-image-gradient text-color-light  alignfull has-background\"><div class=\"hoyre-hero \"><h1 class=\"title\">Politikk<\/h1><p class=\"preamble\">\u2022 Styrke kommunens \u00f8konomi<br>Historisk er Balsfjord s\u00e5rbar for \u00f8konomiske svingninger i tilskuddet fra staten. Lav gjeld og h\u00f8y<br>\u00f8konomisk s\u00e5rbarheten tyder p\u00e5 at Balsfjord over lang tid har hatt for lav inntekt. Balsfjord H\u00f8yre<br>\u00f8nsker \u00e5 \u00f8ke kommunens inntekter for v\u00e6re mindre s\u00e5rbare for \u00f8konomiske svingninger i<br>fremtiden.<br>\u2022 P\u00e5 lag med jobbskaperne<br>Gode lokalsamfunn krever sterke bedrifter. Det gir arbeidsplasser og velstand. H\u00f8yre vil legge til<br>rette for at nye jobber skapes. Vi skal lytte til de behovene bedriftene har, og komme med konkrete<br>l\u00f8sninger p\u00e5 hvordan kommunene kan bli mer n\u00e6ringsvennlige. Enten det handler om \u00e5 f\u00e5 tilgang<br>p\u00e5 kvalifisert arbeidskraft, areal eller en mer effektiv saksbehandling.<br>\u2022 En god skole som ser enkelteleven<br>Ingen b\u00f8r g\u00e5 ut av skolen uten \u00e5 kunne lese, skrive og regne skikkelig. Elever som trenger hjelp m\u00e5<br>fanges opp tidlig. Det vil gi mindre frafall og mindre utenforskap. For \u00e5 f\u00e5 til det m\u00e5 vi satse p\u00e5<br>kompetanse i skolen. Ansatte er den viktigste enkeltfaktoren for elevers l\u00e6ring. De m\u00e5 gis tid til \u00e5<br>se hver enkelt elev slik at de kan gi tilpasset undervisning.<br>\u2022 En trygg eldreomsorg<br>Eldre som mottar tjenester i hjemmet skal oppleve trygghet, trivsel og kvalitet i tjenestene.<br>Omsorgsboligene og sykehjemmene ikke bare skal v\u00e6re et oppholdssted for behandling og pleie,<br>men ogs\u00e5 et sted for \u00e5 leve et godt liv med aktivitet og fellesskap.<br>\u2022 Beholde mer av egen inntekt<br>Eiendomsskatt og kommunale avgifter skal holdes nede. N\u00e5r det meste blir dyrere og renten \u00f8ker,<br>m\u00e5 politikere prioritere bedre fremfor \u00e5 \u00f8ke skatter og avgifter. Dine skattepenger skal brukes p\u00e5 en<br>klok m\u00e5te.<\/p><\/div><\/div>\n\n\n\n\n<div class=\"wp-block-teft-file icon-link-block\"><a href=\"https:\/\/hoyre.no\/content\/uploads\/sites\/265\/2023\/08\/Program-Balsfjord-final-edition-002.pdf\" download><span class=\"file-title\">Her kan du lese valgprogrammet v\u00e5rt for 2023-2027<\/span><span class=\"file-name\"><\/span><\/a><\/div>\n\n","protected":false},"excerpt":{"rendered":"","protected":false},"author":453,"featured_media":0,"parent":0,"menu_order":0,"comment_status":"closed","ping_status":"closed","template":"","meta":{"teft_cards_image_url":"","teft_cards_custom_pretitle":"","teft_cards_image_id":0,"teft_cards_image_focal_point_x":0,"teft_cards_image_focal_point_y":0,"teft_cards_title":"","teft_cards_excerpt":"","teft_show_chapters":false,"footnotes":""},"class_list":["post-38","page","type-page","status-publish","hentry"],"yoast_head":"<!-- This site is optimized with the Yoast SEO plugin v26.6 - https:\/\/yoast.com\/wordpress\/plugins\/seo\/ -->\n<title>Politikk - Balsfjord H\u00f8yre<\/title>\n<meta name=\"robots\" content=\"index, follow, max-snippet:-1, max-image-preview:large, max-video-preview:-1\" \/>\n<link rel=\"canonical\" href=\"https:\/\/hoyre.no\/balsfjord\/politikk\/\" \/>\n<meta property=\"og:locale\" content=\"nb_NO\" \/>\n<meta property=\"og:type\" content=\"article\" \/>\n<meta property=\"og:title\" content=\"Politikk - Balsfjord H\u00f8yre\" \/>\n<meta property=\"og:url\" content=\"https:\/\/hoyre.no\/balsfjord\/politikk\/\" \/>\n<meta property=\"og:site_name\" content=\"Balsfjord H\u00f8yre\" \/>\n<meta property=\"article:modified_time\" content=\"2023-08-10T12:54:36+00:00\" \/>\n<meta property=\"og:image\" content=\"https:\/\/hoyre.no\/content\/uploads\/sites\/265\/2022\/11\/Hoyres-logo.png\" \/>\n\t<meta property=\"og:image:width\" content=\"1000\" \/>\n\t<meta property=\"og:image:height\" content=\"1000\" \/>\n\t<meta property=\"og:image:type\" content=\"image\/png\" \/>\n<meta name=\"twitter:card\" content=\"summary_large_image\" \/>\n<meta name=\"twitter:label1\" content=\"Ansl. lesetid\" \/>\n\t<meta name=\"twitter:data1\" content=\"2 minutter\" \/>\n<script type=\"application\/ld+json\" class=\"yoast-schema-graph\">{\"@context\":\"https:\/\/schema.org\",\"@graph\":[{\"@type\":\"WebPage\",\"@id\":\"https:\/\/hoyre.no\/balsfjord\/politikk\/\",\"url\":\"https:\/\/hoyre.no\/balsfjord\/politikk\/\",\"name\":\"Politikk - Balsfjord H\u00f8yre\",\"isPartOf\":{\"@id\":\"https:\/\/hoyre.no\/balsfjord\/#website\"},\"datePublished\":\"2023-05-02T10:48:17+00:00\",\"dateModified\":\"2023-08-10T12:54:36+00:00\",\"breadcrumb\":{\"@id\":\"https:\/\/hoyre.no\/balsfjord\/politikk\/#breadcrumb\"},\"inLanguage\":\"nb-NO\",\"potentialAction\":[{\"@type\":\"ReadAction\",\"target\":[\"https:\/\/hoyre.no\/balsfjord\/politikk\/\"]}]},{\"@type\":\"BreadcrumbList\",\"@id\":\"https:\/\/hoyre.no\/balsfjord\/politikk\/#breadcrumb\",\"itemListElement\":[{\"@type\":\"ListItem\",\"position\":1,\"name\":\"Til hoyre.no\",\"item\":\"https:\/\/hoyre.no\"},{\"@type\":\"ListItem\",\"position\":2,\"name\":\"Hjem\",\"item\":\"https:\/\/hoyre.no\/balsfjord\/\"},{\"@type\":\"ListItem\",\"position\":3,\"name\":\"Politikk\"}]},{\"@type\":\"WebSite\",\"@id\":\"https:\/\/hoyre.no\/balsfjord\/#website\",\"url\":\"https:\/\/hoyre.no\/balsfjord\/\",\"name\":\"Balsfjord H\u00f8yre\",\"description\":\"Bare enda et H\u00f8yres nettsteder-nettsted\",\"inLanguage\":\"nb-NO\"}]}<\/script>\n<!-- \/ Yoast SEO plugin. -->","yoast_head_json":{"title":"Politikk - Balsfjord H\u00f8yre","robots":{"index":"index","follow":"follow","max-snippet":"max-snippet:-1","max-image-preview":"max-image-preview:large","max-video-preview":"max-video-preview:-1"},"canonical":"https:\/\/hoyre.no\/balsfjord\/politikk\/","og_locale":"nb_NO","og_type":"article","og_title":"Politikk - Balsfjord H\u00f8yre","og_url":"https:\/\/hoyre.no\/balsfjord\/politikk\/","og_site_name":"Balsfjord H\u00f8yre","article_modified_time":"2023-08-10T12:54:36+00:00","og_image":[{"width":1000,"height":1000,"url":"https:\/\/hoyre.no\/content\/uploads\/sites\/265\/2022\/11\/Hoyres-logo.png","type":"image\/png"}],"twitter_card":"summary_large_image","twitter_misc":{"Ansl. lesetid":"2 minutter"},"schema":{"@context":"https:\/\/schema.org","@graph":[{"@type":"WebPage","@id":"https:\/\/hoyre.no\/balsfjord\/politikk\/","url":"https:\/\/hoyre.no\/balsfjord\/politikk\/","name":"Politikk - Balsfjord H\u00f8yre","isPartOf":{"@id":"https:\/\/hoyre.no\/balsfjord\/#website"},"datePublished":"2023-05-02T10:48:17+00:00","dateModified":"2023-08-10T12:54:36+00:00","breadcrumb":{"@id":"https:\/\/hoyre.no\/balsfjord\/politikk\/#breadcrumb"},"inLanguage":"nb-NO","potentialAction":[{"@type":"ReadAction","target":["https:\/\/hoyre.no\/balsfjord\/politikk\/"]}]},{"@type":"BreadcrumbList","@id":"https:\/\/hoyre.no\/balsfjord\/politikk\/#breadcrumb","itemListElement":[{"@type":"ListItem","position":1,"name":"Til hoyre.no","item":"https:\/\/hoyre.no"},{"@type":"ListItem","position":2,"name":"Hjem","item":"https:\/\/hoyre.no\/balsfjord\/"},{"@type":"ListItem","position":3,"name":"Politikk"}]},{"@type":"WebSite","@id":"https:\/\/hoyre.no\/balsfjord\/#website","url":"https:\/\/hoyre.no\/balsfjord\/","name":"Balsfjord H\u00f8yre","description":"Bare enda et H\u00f8yres nettsteder-nettsted","inLanguage":"nb-NO"}]}},"distributor_meta":false,"distributor_terms":false,"distributor_media":false,"distributor_original_site_name":"Balsfjord H\u00f8yre","distributor_original_site_url":"https:\/\/hoyre.no\/balsfjord","push-errors":false,"_links":{"self":[{"href":"https:\/\/hoyre.no\/balsfjord\/wp-json\/wp\/v2\/pages\/38","targetHints":{"allow":["GET"]}}],"collection":[{"href":"https:\/\/hoyre.no\/balsfjord\/wp-json\/wp\/v2\/pages"}],"about":[{"href":"https:\/\/hoyre.no\/balsfjord\/wp-json\/wp\/v2\/types\/page"}],"author":[{"embeddable":true,"href":"https:\/\/hoyre.no\/balsfjord\/wp-json\/wp\/v2\/users\/453"}],"replies":[{"embeddable":true,"href":"https:\/\/hoyre.no\/balsfjord\/wp-json\/wp\/v2\/comments?post=38"}],"version-history":[{"count":2,"href":"https:\/\/hoyre.no\/balsfjord\/wp-json\/wp\/v2\/pages\/38\/revisions"}],"predecessor-version":[{"id":44,"href":"https:\/\/hoyre.no\/balsfjord\/wp-json\/wp\/v2\/pages\/38\/revisions\/44"}],"wp:attachment":[{"href":"https:\/\/hoyre.no\/balsfjord\/wp-json\/wp\/v2\/media?parent=38"}],"curies":[{"name":"wp","href":"https:\/\/api.w.org\/{rel}","templated":true}]}}