{"id":30,"date":"2023-06-28T10:23:33","date_gmt":"2023-06-28T08:23:33","guid":{"rendered":"https:\/\/hoyre.no\/bardu\/?page_id=30"},"modified":"2025-02-04T15:45:11","modified_gmt":"2025-02-04T14:45:11","slug":"5-grunner-til-a-stemme-hoyre-i-bardu","status":"publish","type":"page","link":"https:\/\/hoyre.no\/bardu\/politikk\/5-grunner-til-a-stemme-hoyre-i-bardu\/","title":{"rendered":"5 grunner til \u00e5 stemme H\u00f8yre i Bardu"},"content":{"rendered":"\n<div class=\"wp-block-hoyre-hero with-image-gradient text-color-light  has-media alignfull has-background\"><div class=\"hoyre-hero has-image\"><h1 class=\"title\">5 grunner til \u00e5 stemme H\u00f8yre i Bardu<\/h1><figure class=\"hoyre-image-wrapper\"><div class=\"hoyre-image\"><img loading=\"lazy\" decoding=\"async\" width=\"2500\" height=\"1667\" src=\"https:\/\/hoyre.no\/content\/uploads\/sites\/266\/2023\/06\/5-grunner-Bardu-scaled.jpeg\" class=\"attachment-scaled size-scaled\" alt=\"\" style=\"object-position: 50% 50%\" srcset=\"https:\/\/hoyre.no\/content\/uploads\/sites\/266\/2023\/06\/5-grunner-Bardu-scaled.jpeg 2500w, https:\/\/hoyre.no\/content\/uploads\/sites\/266\/2023\/06\/5-grunner-Bardu-300x200.jpeg 300w, https:\/\/hoyre.no\/content\/uploads\/sites\/266\/2023\/06\/5-grunner-Bardu-1024x683.jpeg 1024w, https:\/\/hoyre.no\/content\/uploads\/sites\/266\/2023\/06\/5-grunner-Bardu-768x512.jpeg 768w, https:\/\/hoyre.no\/content\/uploads\/sites\/266\/2023\/06\/5-grunner-Bardu-1536x1024.jpeg 1536w, https:\/\/hoyre.no\/content\/uploads\/sites\/266\/2023\/06\/5-grunner-Bardu-2048x1365.jpeg 2048w\" sizes=\"auto, (max-width: 2500px) 100vw, 2500px\" \/><\/div><\/figure><\/div><\/div>\n\n\n\n\n<div class=\"wp-block-hoyre-banner alignwide undefined\"><div class=\"banner-inner\"><figure class=\"hoyre-image-wrapper\"><div class=\"hoyre-image\"><img loading=\"lazy\" decoding=\"async\" width=\"2500\" height=\"1664\" src=\"https:\/\/hoyre.no\/content\/uploads\/sites\/266\/2023\/06\/si-ja-scaled.jpeg\" class=\"attachment-scaled size-scaled\" alt=\"\" style=\"object-position: 50% 50%\" srcset=\"https:\/\/hoyre.no\/content\/uploads\/sites\/266\/2023\/06\/si-ja-scaled.jpeg 2500w, https:\/\/hoyre.no\/content\/uploads\/sites\/266\/2023\/06\/si-ja-300x200.jpeg 300w, https:\/\/hoyre.no\/content\/uploads\/sites\/266\/2023\/06\/si-ja-1024x681.jpeg 1024w, https:\/\/hoyre.no\/content\/uploads\/sites\/266\/2023\/06\/si-ja-768x511.jpeg 768w, https:\/\/hoyre.no\/content\/uploads\/sites\/266\/2023\/06\/si-ja-1536x1022.jpeg 1536w, https:\/\/hoyre.no\/content\/uploads\/sites\/266\/2023\/06\/si-ja-2048x1363.jpeg 2048w\" sizes=\"auto, (max-width: 2500px) 100vw, 2500px\" \/><\/div><\/figure><div class=\"banner-content\"><div class=\"entry-content\">\n<h2 class=\"wp-block-heading\"><strong>I Bardu skal H\u00f8yre si ja n\u00e5r vi kan og nei n\u00e5r vi m\u00e5<\/strong><\/h2>\n\n\n\n<p>H\u00f8yre vil leter muligheter til \u00e5 si ja, i stede for nei. Vi \u00f8nsker \u00e5 v\u00e6re p\u00e5 lag med folk og n\u00e6ringsliv. <\/p>\n<\/div><\/div><\/div><\/div>\n\n\n\n\n<div class=\"wp-block-media-text alignwide is-stacked-on-mobile is-image-fill\"><figure class=\"wp-block-media-text__media\" style=\"background-image:url('https:\/\/hoyre.no\/content\/uploads\/sites\/266\/2023\/06\/Eiendomskatt-1024x576.jpg');background-position:50% 50%\"><img loading=\"lazy\" decoding=\"async\" width=\"1024\" height=\"576\" src=\"https:\/\/hoyre.no\/content\/uploads\/sites\/266\/2023\/06\/Eiendomskatt-1024x576.jpg\" alt=\"\" class=\"wp-image-32 size-full\" srcset=\"https:\/\/hoyre.no\/content\/uploads\/sites\/266\/2023\/06\/Eiendomskatt-1024x576.jpg 1024w, https:\/\/hoyre.no\/content\/uploads\/sites\/266\/2023\/06\/Eiendomskatt-300x169.jpg 300w, https:\/\/hoyre.no\/content\/uploads\/sites\/266\/2023\/06\/Eiendomskatt-768x432.jpg 768w, https:\/\/hoyre.no\/content\/uploads\/sites\/266\/2023\/06\/Eiendomskatt.jpg 1140w\" sizes=\"auto, (max-width: 1024px) 100vw, 1024px\" \/><\/figure><div class=\"wp-block-media-text__content\">\n<h2 class=\"wp-block-heading\">1. <strong>Skatter og avgifter skal holdes nede<\/strong><\/h2>\n\n\n\n<p>Kommunale avgifter, gebyrer og skatter skal holdes p\u00e5 laveste niv\u00e5. Den usosiale eiendomsskatten p\u00e5 boliger skal stoppes og reduseres. M\u00e5lsettingen er \u00e5 fjerne den i l\u00f8pet av perioden.<\/p>\n<\/div><\/div>\n\n\n\n<div class=\"wp-block-media-text alignwide has-media-on-the-right is-stacked-on-mobile is-image-fill\"><div class=\"wp-block-media-text__content\">\n<h2 class=\"wp-block-heading alignwide\">2. <strong>N\u00e5 m\u00e5 de eldre prioriteres<\/strong><\/h2>\n\n\n\n<p>Vi vil gjennomf\u00f8re \u00abforebyggende hjemmebes\u00f8k\u00bb hos eldre for tidlig \u00e5 kartlegge fremtidige \u00f8nsker og behov,&nbsp; satse p\u00e5 gode og fleksible hjemmehjelpsordninger og at boformen tilpasses brukerne. Vi \u00f8nsker personsentrert omsorg, og vil jobbe for \u00e5 sertifisere Barduheimen som livsgledesykehjem.<\/p>\n<\/div><figure class=\"wp-block-media-text__media\" style=\"background-image:url('https:\/\/hoyre.no\/content\/uploads\/sites\/266\/2023\/06\/Hjemmebesok-Bardu-1024x683.jpeg');background-position:50% 50%\"><img loading=\"lazy\" decoding=\"async\" width=\"1024\" height=\"683\" src=\"https:\/\/hoyre.no\/content\/uploads\/sites\/266\/2023\/06\/Hjemmebesok-Bardu-1024x683.jpeg\" alt=\"\" class=\"wp-image-33 size-full\" srcset=\"https:\/\/hoyre.no\/content\/uploads\/sites\/266\/2023\/06\/Hjemmebesok-Bardu-1024x683.jpeg 1024w, https:\/\/hoyre.no\/content\/uploads\/sites\/266\/2023\/06\/Hjemmebesok-Bardu-300x200.jpeg 300w, https:\/\/hoyre.no\/content\/uploads\/sites\/266\/2023\/06\/Hjemmebesok-Bardu-768x512.jpeg 768w, https:\/\/hoyre.no\/content\/uploads\/sites\/266\/2023\/06\/Hjemmebesok-Bardu-1536x1024.jpeg 1536w, https:\/\/hoyre.no\/content\/uploads\/sites\/266\/2023\/06\/Hjemmebesok-Bardu.jpeg 1800w\" sizes=\"auto, (max-width: 1024px) 100vw, 1024px\" \/><\/figure><\/div>\n\n\n\n<div class=\"wp-block-media-text alignwide is-stacked-on-mobile is-image-fill\"><figure class=\"wp-block-media-text__media\" style=\"background-image:url('https:\/\/hoyre.no\/content\/uploads\/sites\/266\/2023\/06\/demensvennlig-kommune-1024x683.jpeg');background-position:50% 50%\"><img loading=\"lazy\" decoding=\"async\" width=\"1024\" height=\"683\" src=\"https:\/\/hoyre.no\/content\/uploads\/sites\/266\/2023\/06\/demensvennlig-kommune-1024x683.jpeg\" alt=\"\" class=\"wp-image-34 size-full\" srcset=\"https:\/\/hoyre.no\/content\/uploads\/sites\/266\/2023\/06\/demensvennlig-kommune-1024x683.jpeg 1024w, https:\/\/hoyre.no\/content\/uploads\/sites\/266\/2023\/06\/demensvennlig-kommune-300x200.jpeg 300w, https:\/\/hoyre.no\/content\/uploads\/sites\/266\/2023\/06\/demensvennlig-kommune-768x513.jpeg 768w, https:\/\/hoyre.no\/content\/uploads\/sites\/266\/2023\/06\/demensvennlig-kommune-1536x1025.jpeg 1536w, https:\/\/hoyre.no\/content\/uploads\/sites\/266\/2023\/06\/demensvennlig-kommune-2048x1367.jpeg 2048w\" sizes=\"auto, (max-width: 1024px) 100vw, 1024px\" \/><\/figure><div class=\"wp-block-media-text__content\">\n<h2 class=\"wp-block-heading\">3. <strong>Demensvennlig kommune<\/strong><\/h2>\n\n\n\n<p>H\u00f8yre vil at Bardu skal v\u00e6re en demensvennlig kommune, og vil tilrettelegge for fremtidig bygging av en ny og fremtidsrettet demensavdeling.<\/p>\n<\/div><\/div>\n\n\n\n<div class=\"wp-block-media-text alignwide has-media-on-the-right is-stacked-on-mobile is-image-fill\"><div class=\"wp-block-media-text__content\">\n<h2 class=\"wp-block-heading\">4. <strong>P\u00e5 lag med jobbskaperne<\/strong><\/h2>\n\n\n\n<p>Vi vil v\u00e6re partiet p\u00e5 lag med jobbskaperne og s\u00f8rge for n\u00f8dvendige tilrettelegginger, og fjerne hindringer for videre utvikling av kommunen som n\u00e6ringsvennlig.<\/p>\n<\/div><figure class=\"wp-block-media-text__media\" style=\"background-image:url('https:\/\/hoyre.no\/content\/uploads\/sites\/266\/2023\/06\/Jobbskapere-1024x683.jpeg');background-position:50% 50%\"><img loading=\"lazy\" decoding=\"async\" width=\"1024\" height=\"683\" src=\"https:\/\/hoyre.no\/content\/uploads\/sites\/266\/2023\/06\/Jobbskapere-1024x683.jpeg\" alt=\"\" class=\"wp-image-35 size-full\" srcset=\"https:\/\/hoyre.no\/content\/uploads\/sites\/266\/2023\/06\/Jobbskapere-1024x683.jpeg 1024w, https:\/\/hoyre.no\/content\/uploads\/sites\/266\/2023\/06\/Jobbskapere-300x200.jpeg 300w, https:\/\/hoyre.no\/content\/uploads\/sites\/266\/2023\/06\/Jobbskapere-768x512.jpeg 768w, https:\/\/hoyre.no\/content\/uploads\/sites\/266\/2023\/06\/Jobbskapere-1536x1024.jpeg 1536w, https:\/\/hoyre.no\/content\/uploads\/sites\/266\/2023\/06\/Jobbskapere-2048x1365.jpeg 2048w\" sizes=\"auto, (max-width: 1024px) 100vw, 1024px\" \/><\/figure><\/div>\n\n\n\n<div class=\"wp-block-media-text alignwide is-stacked-on-mobile is-image-fill\"><figure class=\"wp-block-media-text__media\" style=\"background-image:url('https:\/\/hoyre.no\/content\/uploads\/sites\/266\/2023\/06\/Rus-og-psyk-1024x683.jpeg');background-position:50% 50%\"><img loading=\"lazy\" decoding=\"async\" width=\"1024\" height=\"683\" src=\"https:\/\/hoyre.no\/content\/uploads\/sites\/266\/2023\/06\/Rus-og-psyk-1024x683.jpeg\" alt=\"\" class=\"wp-image-36 size-full\" srcset=\"https:\/\/hoyre.no\/content\/uploads\/sites\/266\/2023\/06\/Rus-og-psyk-1024x683.jpeg 1024w, https:\/\/hoyre.no\/content\/uploads\/sites\/266\/2023\/06\/Rus-og-psyk-300x200.jpeg 300w, https:\/\/hoyre.no\/content\/uploads\/sites\/266\/2023\/06\/Rus-og-psyk-768x513.jpeg 768w, https:\/\/hoyre.no\/content\/uploads\/sites\/266\/2023\/06\/Rus-og-psyk-1536x1025.jpeg 1536w, https:\/\/hoyre.no\/content\/uploads\/sites\/266\/2023\/06\/Rus-og-psyk-2048x1367.jpeg 2048w\" sizes=\"auto, (max-width: 1024px) 100vw, 1024px\" \/><\/figure><div class=\"wp-block-media-text__content\">\n<h2 class=\"wp-block-heading\">5. <strong>Styrke rus og psykisk helse<\/strong><\/h2>\n\n\n\n<p>H\u00f8yre vil styrke avdeling rus og psykisk helse i kommunen med ruskonsulent og ny kompetanse.<\/p>\n<\/div><\/div>\n","protected":false},"excerpt":{"rendered":"<p>1. Skatter og avgifter skal holdes nede Kommunale avgifter, gebyrer og skatter skal holdes p\u00e5 laveste niv\u00e5. Den usosiale eiendomsskatten p\u00e5 boliger skal stoppes og reduseres. M\u00e5lsettingen er \u00e5 fjerne den i l\u00f8pet av perioden. 2. N\u00e5 m\u00e5 de eldre prioriteres Vi vil gjennomf\u00f8re \u00abforebyggende hjemmebes\u00f8k\u00bb hos eldre for tidlig \u00e5 kartlegge fremtidige \u00f8nsker og [&hellip;]<\/p>\n","protected":false},"author":442,"featured_media":0,"parent":24,"menu_order":0,"comment_status":"closed","ping_status":"closed","template":"","meta":{"teft_cards_image_url":"","teft_cards_custom_pretitle":"","teft_cards_image_id":0,"teft_cards_image_focal_point_x":0,"teft_cards_image_focal_point_y":0,"teft_cards_title":"","teft_cards_excerpt":"","teft_show_chapters":false,"footnotes":""},"class_list":["post-30","page","type-page","status-publish","hentry"],"yoast_head":"<!-- This site is optimized with the Yoast SEO plugin v26.6 - https:\/\/yoast.com\/wordpress\/plugins\/seo\/ -->\n<title>5 grunner til \u00e5 stemme H\u00f8yre i Bardu - Bardu H\u00f8yre<\/title>\n<meta name=\"description\" content=\"Her er fem gode grunner til hvorfor du b\u00f8r gi H\u00f8yre din stemme i Bardu.\" \/>\n<meta name=\"robots\" content=\"index, follow, max-snippet:-1, max-image-preview:large, max-video-preview:-1\" \/>\n<link rel=\"canonical\" href=\"https:\/\/hoyre.no\/bardu\/politikk\/5-grunner-til-a-stemme-hoyre-i-bardu\/\" \/>\n<meta property=\"og:locale\" content=\"nb_NO\" \/>\n<meta property=\"og:type\" content=\"article\" \/>\n<meta property=\"og:title\" content=\"5 grunner til \u00e5 stemme H\u00f8yre i Bardu - Bardu H\u00f8yre\" \/>\n<meta property=\"og:description\" content=\"Her er fem gode grunner til hvorfor du b\u00f8r gi H\u00f8yre din stemme i Bardu.\" \/>\n<meta property=\"og:url\" content=\"https:\/\/hoyre.no\/bardu\/politikk\/5-grunner-til-a-stemme-hoyre-i-bardu\/\" \/>\n<meta property=\"og:site_name\" content=\"Bardu H\u00f8yre\" \/>\n<meta property=\"article:modified_time\" content=\"2025-02-04T14:45:11+00:00\" \/>\n<meta property=\"og:image\" content=\"https:\/\/hoyre.no\/content\/uploads\/sites\/266\/2023\/06\/Eiendomskatt-1024x576.jpg\" \/>\n<meta name=\"twitter:card\" content=\"summary_large_image\" \/>\n<meta name=\"twitter:label1\" content=\"Ansl. lesetid\" \/>\n\t<meta name=\"twitter:data1\" content=\"3 minutter\" \/>\n<script type=\"application\/ld+json\" class=\"yoast-schema-graph\">{\"@context\":\"https:\/\/schema.org\",\"@graph\":[{\"@type\":\"WebPage\",\"@id\":\"https:\/\/hoyre.no\/bardu\/politikk\/5-grunner-til-a-stemme-hoyre-i-bardu\/\",\"url\":\"https:\/\/hoyre.no\/bardu\/politikk\/5-grunner-til-a-stemme-hoyre-i-bardu\/\",\"name\":\"5 grunner til \u00e5 stemme H\u00f8yre i Bardu - Bardu H\u00f8yre\",\"isPartOf\":{\"@id\":\"https:\/\/hoyre.no\/bardu\/#website\"},\"image\":{\"@id\":\"https:\/\/hoyre.no\/bardu\/politikk\/5-grunner-til-a-stemme-hoyre-i-bardu\/#primaryimage\"},\"thumbnailUrl\":\"https:\/\/hoyre.no\/content\/uploads\/sites\/266\/2023\/06\/Eiendomskatt-1024x576.jpg\",\"datePublished\":\"2023-06-28T08:23:33+00:00\",\"dateModified\":\"2025-02-04T14:45:11+00:00\",\"description\":\"Her er fem gode grunner til hvorfor du b\u00f8r gi H\u00f8yre din stemme i Bardu.\",\"breadcrumb\":{\"@id\":\"https:\/\/hoyre.no\/bardu\/politikk\/5-grunner-til-a-stemme-hoyre-i-bardu\/#breadcrumb\"},\"inLanguage\":\"nb-NO\",\"potentialAction\":[{\"@type\":\"ReadAction\",\"target\":[\"https:\/\/hoyre.no\/bardu\/politikk\/5-grunner-til-a-stemme-hoyre-i-bardu\/\"]}]},{\"@type\":\"ImageObject\",\"inLanguage\":\"nb-NO\",\"@id\":\"https:\/\/hoyre.no\/bardu\/politikk\/5-grunner-til-a-stemme-hoyre-i-bardu\/#primaryimage\",\"url\":\"https:\/\/hoyre.no\/content\/uploads\/sites\/266\/2023\/06\/Eiendomskatt-1024x576.jpg\",\"contentUrl\":\"https:\/\/hoyre.no\/content\/uploads\/sites\/266\/2023\/06\/Eiendomskatt-1024x576.jpg\"},{\"@type\":\"BreadcrumbList\",\"@id\":\"https:\/\/hoyre.no\/bardu\/politikk\/5-grunner-til-a-stemme-hoyre-i-bardu\/#breadcrumb\",\"itemListElement\":[{\"@type\":\"ListItem\",\"position\":1,\"name\":\"Til hoyre.no\",\"item\":\"https:\/\/hoyre.no\"},{\"@type\":\"ListItem\",\"position\":2,\"name\":\"Hjem\",\"item\":\"https:\/\/hoyre.no\/bardu\/\"},{\"@type\":\"ListItem\",\"position\":3,\"name\":\"Politikk\",\"item\":\"https:\/\/hoyre.no\/bardu\/politikk\/\"},{\"@type\":\"ListItem\",\"position\":4,\"name\":\"5 grunner til \u00e5 stemme H\u00f8yre i Bardu\"}]},{\"@type\":\"WebSite\",\"@id\":\"https:\/\/hoyre.no\/bardu\/#website\",\"url\":\"https:\/\/hoyre.no\/bardu\/\",\"name\":\"Bardu H\u00f8yre\",\"description\":\"Bare enda et H\u00f8yres nettsteder-nettsted\",\"inLanguage\":\"nb-NO\"}]}<\/script>\n<!-- \/ Yoast SEO plugin. -->","yoast_head_json":{"title":"5 grunner til \u00e5 stemme H\u00f8yre i Bardu - Bardu H\u00f8yre","description":"Her er fem gode grunner til hvorfor du b\u00f8r gi H\u00f8yre din stemme i Bardu.","robots":{"index":"index","follow":"follow","max-snippet":"max-snippet:-1","max-image-preview":"max-image-preview:large","max-video-preview":"max-video-preview:-1"},"canonical":"https:\/\/hoyre.no\/bardu\/politikk\/5-grunner-til-a-stemme-hoyre-i-bardu\/","og_locale":"nb_NO","og_type":"article","og_title":"5 grunner til \u00e5 stemme H\u00f8yre i Bardu - Bardu H\u00f8yre","og_description":"Her er fem gode grunner til hvorfor du b\u00f8r gi H\u00f8yre din stemme i Bardu.","og_url":"https:\/\/hoyre.no\/bardu\/politikk\/5-grunner-til-a-stemme-hoyre-i-bardu\/","og_site_name":"Bardu H\u00f8yre","article_modified_time":"2025-02-04T14:45:11+00:00","og_image":[{"url":"https:\/\/hoyre.no\/content\/uploads\/sites\/266\/2023\/06\/Eiendomskatt-1024x576.jpg","type":"","width":"","height":""}],"twitter_card":"summary_large_image","twitter_misc":{"Ansl. lesetid":"3 minutter"},"schema":{"@context":"https:\/\/schema.org","@graph":[{"@type":"WebPage","@id":"https:\/\/hoyre.no\/bardu\/politikk\/5-grunner-til-a-stemme-hoyre-i-bardu\/","url":"https:\/\/hoyre.no\/bardu\/politikk\/5-grunner-til-a-stemme-hoyre-i-bardu\/","name":"5 grunner til \u00e5 stemme H\u00f8yre i Bardu - Bardu H\u00f8yre","isPartOf":{"@id":"https:\/\/hoyre.no\/bardu\/#website"},"image":{"@id":"https:\/\/hoyre.no\/bardu\/politikk\/5-grunner-til-a-stemme-hoyre-i-bardu\/#primaryimage"},"thumbnailUrl":"https:\/\/hoyre.no\/content\/uploads\/sites\/266\/2023\/06\/Eiendomskatt-1024x576.jpg","datePublished":"2023-06-28T08:23:33+00:00","dateModified":"2025-02-04T14:45:11+00:00","description":"Her er fem gode grunner til hvorfor du b\u00f8r gi H\u00f8yre din stemme i Bardu.","breadcrumb":{"@id":"https:\/\/hoyre.no\/bardu\/politikk\/5-grunner-til-a-stemme-hoyre-i-bardu\/#breadcrumb"},"inLanguage":"nb-NO","potentialAction":[{"@type":"ReadAction","target":["https:\/\/hoyre.no\/bardu\/politikk\/5-grunner-til-a-stemme-hoyre-i-bardu\/"]}]},{"@type":"ImageObject","inLanguage":"nb-NO","@id":"https:\/\/hoyre.no\/bardu\/politikk\/5-grunner-til-a-stemme-hoyre-i-bardu\/#primaryimage","url":"https:\/\/hoyre.no\/content\/uploads\/sites\/266\/2023\/06\/Eiendomskatt-1024x576.jpg","contentUrl":"https:\/\/hoyre.no\/content\/uploads\/sites\/266\/2023\/06\/Eiendomskatt-1024x576.jpg"},{"@type":"BreadcrumbList","@id":"https:\/\/hoyre.no\/bardu\/politikk\/5-grunner-til-a-stemme-hoyre-i-bardu\/#breadcrumb","itemListElement":[{"@type":"ListItem","position":1,"name":"Til hoyre.no","item":"https:\/\/hoyre.no"},{"@type":"ListItem","position":2,"name":"Hjem","item":"https:\/\/hoyre.no\/bardu\/"},{"@type":"ListItem","position":3,"name":"Politikk","item":"https:\/\/hoyre.no\/bardu\/politikk\/"},{"@type":"ListItem","position":4,"name":"5 grunner til \u00e5 stemme H\u00f8yre i Bardu"}]},{"@type":"WebSite","@id":"https:\/\/hoyre.no\/bardu\/#website","url":"https:\/\/hoyre.no\/bardu\/","name":"Bardu H\u00f8yre","description":"Bare enda et H\u00f8yres nettsteder-nettsted","inLanguage":"nb-NO"}]}},"distributor_meta":false,"distributor_terms":false,"distributor_media":false,"distributor_original_site_name":"Bardu H\u00f8yre","distributor_original_site_url":"https:\/\/hoyre.no\/bardu","push-errors":false,"_links":{"self":[{"href":"https:\/\/hoyre.no\/bardu\/wp-json\/wp\/v2\/pages\/30","targetHints":{"allow":["GET"]}}],"collection":[{"href":"https:\/\/hoyre.no\/bardu\/wp-json\/wp\/v2\/pages"}],"about":[{"href":"https:\/\/hoyre.no\/bardu\/wp-json\/wp\/v2\/types\/page"}],"author":[{"embeddable":true,"href":"https:\/\/hoyre.no\/bardu\/wp-json\/wp\/v2\/users\/442"}],"replies":[{"embeddable":true,"href":"https:\/\/hoyre.no\/bardu\/wp-json\/wp\/v2\/comments?post=30"}],"version-history":[{"count":5,"href":"https:\/\/hoyre.no\/bardu\/wp-json\/wp\/v2\/pages\/30\/revisions"}],"predecessor-version":[{"id":60,"href":"https:\/\/hoyre.no\/bardu\/wp-json\/wp\/v2\/pages\/30\/revisions\/60"}],"up":[{"embeddable":true,"href":"https:\/\/hoyre.no\/bardu\/wp-json\/wp\/v2\/pages\/24"}],"wp:attachment":[{"href":"https:\/\/hoyre.no\/bardu\/wp-json\/wp\/v2\/media?parent=30"}],"curies":[{"name":"wp","href":"https:\/\/api.w.org\/{rel}","templated":true}]}}