{"id":1406,"date":"2023-05-02T12:49:26","date_gmt":"2023-05-02T10:49:26","guid":{"rendered":"https:\/\/hoyre.no\/bergen\/?page_id=1406"},"modified":"2023-05-02T18:10:29","modified_gmt":"2023-05-02T16:10:29","slug":"politikk","status":"publish","type":"page","link":"https:\/\/hoyre.no\/bergen\/politikk\/","title":{"rendered":"Politikk"},"content":{"rendered":"\n<div class=\"wp-block-hoyre-hero with-image-gradient text-color-light  alignfull has-background\"><div class=\"hoyre-hero \"><h1 class=\"title\">Politikk<\/h1><p class=\"preamble\">H\u00f8yre vil ha Bergen p\u00e5 sitt beste. Det betyr muligheter for alle og en skole som satser p\u00e5 lesing, skriving og regning. Det betyr kvalitet og valgfrihet i eldreomsorgen, og ja til dem som vil bygge og bo i byen v\u00e5r.<br><br>Bergen er p\u00e5 sitt beste n\u00e5r vi er en kommune som sier ja fremfor \u00e5 lete etter grunner til \u00e5 si nei. H\u00f8yre skal sikre lavere eiendomsskatt og bedre byutvikling. Det er Bergen p\u00e5 sitt beste.<\/p><\/div><\/div>\n\n\n\n\n<div class=\"wp-block-teft-file icon-link-block\"><a href=\"https:\/\/hoyre.no\/content\/uploads\/sites\/344\/2023\/04\/Bergen-Hoyres-kommunevalgprogram-2023-2027-20.03.pdf\" download><span class=\"file-title\">Her kan du lese valgprogrammet v\u00e5rt for 2023-2027<\/span><span class=\"file-name\">Bergen-Hoyres-kommunevalgprogram-2023-2027-20.03.pdf [49.4kb]<\/span><\/a><\/div>\n\n","protected":false},"excerpt":{"rendered":"","protected":false},"author":51320,"featured_media":0,"parent":0,"menu_order":0,"comment_status":"closed","ping_status":"closed","template":"","meta":{"teft_cards_image_url":"","teft_cards_custom_pretitle":"","teft_cards_image_id":0,"teft_cards_image_focal_point_x":0,"teft_cards_image_focal_point_y":0,"teft_cards_title":"","teft_cards_excerpt":"","teft_show_chapters":false,"footnotes":""},"class_list":["post-1406","page","type-page","status-publish","hentry"],"yoast_head":"<!-- This site is optimized with the Yoast SEO plugin v26.6 - https:\/\/yoast.com\/wordpress\/plugins\/seo\/ -->\n<title>Politikk - Bergen H\u00f8yre<\/title>\n<meta name=\"robots\" content=\"index, follow, max-snippet:-1, max-image-preview:large, max-video-preview:-1\" \/>\n<link rel=\"canonical\" href=\"https:\/\/hoyre.no\/bergen\/politikk\/\" \/>\n<meta property=\"og:locale\" content=\"nb_NO\" \/>\n<meta property=\"og:type\" content=\"article\" \/>\n<meta property=\"og:title\" content=\"Politikk - Bergen H\u00f8yre\" \/>\n<meta property=\"og:url\" content=\"https:\/\/hoyre.no\/bergen\/politikk\/\" \/>\n<meta property=\"og:site_name\" content=\"Bergen H\u00f8yre\" \/>\n<meta property=\"article:modified_time\" content=\"2023-05-02T16:10:29+00:00\" \/>\n<meta property=\"og:image\" content=\"https:\/\/hoyre.no\/content\/uploads\/sites\/344\/2022\/11\/Hoyres-logo.png\" \/>\n\t<meta property=\"og:image:width\" content=\"1000\" \/>\n\t<meta property=\"og:image:height\" content=\"1000\" \/>\n\t<meta property=\"og:image:type\" content=\"image\/png\" \/>\n<meta name=\"twitter:card\" content=\"summary_large_image\" \/>\n<meta name=\"twitter:label1\" content=\"Ansl. lesetid\" \/>\n\t<meta name=\"twitter:data1\" content=\"1 minutt\" \/>\n<script type=\"application\/ld+json\" class=\"yoast-schema-graph\">{\"@context\":\"https:\/\/schema.org\",\"@graph\":[{\"@type\":\"WebPage\",\"@id\":\"https:\/\/hoyre.no\/bergen\/politikk\/\",\"url\":\"https:\/\/hoyre.no\/bergen\/politikk\/\",\"name\":\"Politikk - Bergen H\u00f8yre\",\"isPartOf\":{\"@id\":\"https:\/\/hoyre.no\/bergen\/#website\"},\"datePublished\":\"2023-05-02T10:49:26+00:00\",\"dateModified\":\"2023-05-02T16:10:29+00:00\",\"breadcrumb\":{\"@id\":\"https:\/\/hoyre.no\/bergen\/politikk\/#breadcrumb\"},\"inLanguage\":\"nb-NO\",\"potentialAction\":[{\"@type\":\"ReadAction\",\"target\":[\"https:\/\/hoyre.no\/bergen\/politikk\/\"]}]},{\"@type\":\"BreadcrumbList\",\"@id\":\"https:\/\/hoyre.no\/bergen\/politikk\/#breadcrumb\",\"itemListElement\":[{\"@type\":\"ListItem\",\"position\":1,\"name\":\"Til hoyre.no\",\"item\":\"https:\/\/hoyre.no\"},{\"@type\":\"ListItem\",\"position\":2,\"name\":\"Hjem\",\"item\":\"https:\/\/hoyre.no\/bergen\/\"},{\"@type\":\"ListItem\",\"position\":3,\"name\":\"Politikk\"}]},{\"@type\":\"WebSite\",\"@id\":\"https:\/\/hoyre.no\/bergen\/#website\",\"url\":\"https:\/\/hoyre.no\/bergen\/\",\"name\":\"Bergen H\u00f8yre\",\"description\":\"Bare enda et H\u00f8yres nettsteder-nettsted\",\"inLanguage\":\"nb-NO\"}]}<\/script>\n<!-- \/ Yoast SEO plugin. -->","yoast_head_json":{"title":"Politikk - Bergen H\u00f8yre","robots":{"index":"index","follow":"follow","max-snippet":"max-snippet:-1","max-image-preview":"max-image-preview:large","max-video-preview":"max-video-preview:-1"},"canonical":"https:\/\/hoyre.no\/bergen\/politikk\/","og_locale":"nb_NO","og_type":"article","og_title":"Politikk - Bergen H\u00f8yre","og_url":"https:\/\/hoyre.no\/bergen\/politikk\/","og_site_name":"Bergen H\u00f8yre","article_modified_time":"2023-05-02T16:10:29+00:00","og_image":[{"width":1000,"height":1000,"url":"https:\/\/hoyre.no\/content\/uploads\/sites\/344\/2022\/11\/Hoyres-logo.png","type":"image\/png"}],"twitter_card":"summary_large_image","twitter_misc":{"Ansl. lesetid":"1 minutt"},"schema":{"@context":"https:\/\/schema.org","@graph":[{"@type":"WebPage","@id":"https:\/\/hoyre.no\/bergen\/politikk\/","url":"https:\/\/hoyre.no\/bergen\/politikk\/","name":"Politikk - Bergen H\u00f8yre","isPartOf":{"@id":"https:\/\/hoyre.no\/bergen\/#website"},"datePublished":"2023-05-02T10:49:26+00:00","dateModified":"2023-05-02T16:10:29+00:00","breadcrumb":{"@id":"https:\/\/hoyre.no\/bergen\/politikk\/#breadcrumb"},"inLanguage":"nb-NO","potentialAction":[{"@type":"ReadAction","target":["https:\/\/hoyre.no\/bergen\/politikk\/"]}]},{"@type":"BreadcrumbList","@id":"https:\/\/hoyre.no\/bergen\/politikk\/#breadcrumb","itemListElement":[{"@type":"ListItem","position":1,"name":"Til hoyre.no","item":"https:\/\/hoyre.no"},{"@type":"ListItem","position":2,"name":"Hjem","item":"https:\/\/hoyre.no\/bergen\/"},{"@type":"ListItem","position":3,"name":"Politikk"}]},{"@type":"WebSite","@id":"https:\/\/hoyre.no\/bergen\/#website","url":"https:\/\/hoyre.no\/bergen\/","name":"Bergen H\u00f8yre","description":"Bare enda et H\u00f8yres nettsteder-nettsted","inLanguage":"nb-NO"}]}},"distributor_meta":false,"distributor_terms":false,"distributor_media":false,"distributor_original_site_name":"Bergen H\u00f8yre","distributor_original_site_url":"https:\/\/hoyre.no\/bergen","push-errors":false,"_links":{"self":[{"href":"https:\/\/hoyre.no\/bergen\/wp-json\/wp\/v2\/pages\/1406","targetHints":{"allow":["GET"]}}],"collection":[{"href":"https:\/\/hoyre.no\/bergen\/wp-json\/wp\/v2\/pages"}],"about":[{"href":"https:\/\/hoyre.no\/bergen\/wp-json\/wp\/v2\/types\/page"}],"author":[{"embeddable":true,"href":"https:\/\/hoyre.no\/bergen\/wp-json\/wp\/v2\/users\/51320"}],"replies":[{"embeddable":true,"href":"https:\/\/hoyre.no\/bergen\/wp-json\/wp\/v2\/comments?post=1406"}],"version-history":[{"count":2,"href":"https:\/\/hoyre.no\/bergen\/wp-json\/wp\/v2\/pages\/1406\/revisions"}],"predecessor-version":[{"id":1415,"href":"https:\/\/hoyre.no\/bergen\/wp-json\/wp\/v2\/pages\/1406\/revisions\/1415"}],"wp:attachment":[{"href":"https:\/\/hoyre.no\/bergen\/wp-json\/wp\/v2\/media?parent=1406"}],"curies":[{"name":"wp","href":"https:\/\/api.w.org\/{rel}","templated":true}]}}