{"id":157,"date":"2023-06-07T12:28:37","date_gmt":"2023-06-07T10:28:37","guid":{"rendered":"https:\/\/hoyre.no\/birkenes\/?page_id=157"},"modified":"2023-06-07T12:28:38","modified_gmt":"2023-06-07T10:28:38","slug":"arild-windsland-var-ordforerkandidat","status":"publish","type":"page","link":"https:\/\/hoyre.no\/birkenes\/arild-windsland-var-ordforerkandidat\/","title":{"rendered":"Arild Windsland &#8211; v\u00e5r ordf\u00f8rerkandidat"},"content":{"rendered":"\n<div class=\"wp-block-hoyre-hero with-image-gradient text-color-light  has-media alignfull has-background\"><div class=\"hoyre-hero has-image\"><h1 class=\"title\">Bli kjent med Arild<\/h1><p class=\"preamble\">Birkenes H\u00f8yres ordf\u00f8rerkandidat<\/p>\t\t\t<div class=\"post-meta wp-block teft-byline-wrapper\">\n\t\t\t\t<div class=\"top\">\n\t\t\t\t\t<div class=\"signature\">\n\t\t\t\t\t\t<div class=\"teft-byline\">\n\t\t\t\t\t\t\t\t\t\t\t\t\t\t<div>\n\t\t\t\t\t\t\t\t<h3>H\u00f8yres redaksjon<\/h3>\t\t\t\t\t\t\t\t\n\t\t\t\t\t\t\t\t\t\t\t\t\t\t\t\t\t<span class=\"date\">Sist oppdatert: 7. juni 2023<\/span>\n\t\t\t\t\t\t\t\t\t\t\t\t\t\t\t\t\t\t\t\t\t\t\t\t\t<span class=\"reading-time\" itemprop=\"timeRequired\" content=\"PT4M\"><em>Ca. 4 minutter lesetid<\/em><\/span>\n\t\t\t\t\t\t\t\t\t\t\t\t\t\t\t<\/div>\n\t\t\t\t\t\t<\/div>\n\t\t\t\t\t<\/div>\n\t\t\t\t\t\t<div class=\"sharing\">\n\t\t<a class=\"share-button share-link copy-link\" data-copy=\"https:\/\/hoyre.no\/birkenes\/arild-windsland-var-ordforerkandidat\/\" target=\"_blank\"><span class=\"screen-reader-text\">Del link<\/span><\/a>\n\t\t<a class=\"share-button share-twitter\" href=\"http:\/\/twitter.com\/share?text=Arild Windsland &#8211; v\u00e5r ordf\u00f8rerkandidat&#038;url=https:\/\/hoyre.no\/birkenes\/arild-windsland-var-ordforerkandidat\/&#038;hashtags=Hoyre\" target=\"_blank\"><span class=\"screen-reader-text\">Del p\u00e5 twitter<\/span><\/a>\n\t\t<a class=\"share-button share-facebook\" href=\"https:\/\/www.facebook.com\/sharer\/sharer.php?u=https:\/\/hoyre.no\/birkenes\/arild-windsland-var-ordforerkandidat\/\" target=\"_blank\"><span class=\"screen-reader-text\">Del p\u00e5 facebook<\/span><\/a>\n\t<\/div>\n\t\t\t\t\t<\/div>\n\t\t\t<\/div>\n\n\t\t\t<figure class=\"hoyre-image-wrapper\"><div class=\"hoyre-image\"><img loading=\"lazy\" decoding=\"async\" width=\"2000\" height=\"2000\" src=\"https:\/\/hoyre.no\/content\/uploads\/sites\/40\/2023\/05\/BIRKENES-Arild-Windsland.jpg\" class=\"attachment-scaled size-scaled\" alt=\"\" style=\"object-position: 50% 50%\" srcset=\"https:\/\/hoyre.no\/content\/uploads\/sites\/40\/2023\/05\/BIRKENES-Arild-Windsland.jpg 2000w, https:\/\/hoyre.no\/content\/uploads\/sites\/40\/2023\/05\/BIRKENES-Arild-Windsland-300x300.jpg 300w, https:\/\/hoyre.no\/content\/uploads\/sites\/40\/2023\/05\/BIRKENES-Arild-Windsland-1024x1024.jpg 1024w, https:\/\/hoyre.no\/content\/uploads\/sites\/40\/2023\/05\/BIRKENES-Arild-Windsland-150x150.jpg 150w, https:\/\/hoyre.no\/content\/uploads\/sites\/40\/2023\/05\/BIRKENES-Arild-Windsland-768x768.jpg 768w, https:\/\/hoyre.no\/content\/uploads\/sites\/40\/2023\/05\/BIRKENES-Arild-Windsland-1536x1536.jpg 1536w\" sizes=\"auto, (max-width: 2000px) 100vw, 2000px\" \/><\/div><\/figure><\/div><\/div>\n\n\n\n\n<div class=\"wp-block-buttons is-content-justification-center is-layout-flex wp-container-core-buttons-is-layout-16018d1d wp-block-buttons-is-layout-flex\">\n<div class=\"wp-block-button\"><a class=\"wp-block-button__link\" href=\"https:\/\/hoyre.no\/nyhetsbrev\/\">abonner p\u00e5 h\u00f8yres nyhetsbrev<\/a><\/div>\n\n\n\n<div class=\"wp-block-button\"><a class=\"wp-block-button__link\" href=\"https:\/\/www.facebook.com\/arild.windsland\">F\u00f8lg Arild p\u00e5 Facebook<\/a><\/div>\n\n\n\n<div class=\"wp-block-button\"><a class=\"wp-block-button__link\" href=\"https:\/\/www.facebook.com\/BirkenesHoyre\">f\u00f8lg Birkenes h\u00f8yre p\u00e5 facebook<\/a><\/div>\n<\/div>\n\n\n\n<div class=\"wp-block-hoyre-banner undefined has-icon-title icon-heart is-style-blue\"><div class=\"banner-inner\"><div class=\"banner-content\"><div class=\"entry-content\">\n<h2 class=\"has-text-align-center wp-block-heading\" id=\"h-bli-bedre-kjent-med-navn\">Bli bedre kjent med Arild!<\/h2>\n\n\n\n<p class=\"has-text-align-left\"><strong>Alder:<\/strong> 63 \u00e5r<\/p>\n\n\n\n<p class=\"has-text-align-left\"><strong>Bosted:<\/strong> Rugsland<\/p>\n\n\n\n<p class=\"has-text-align-left\"><strong>Sivilstatus:<\/strong> Gift med \u00c5se Turid, to barn Christian og Anne Birgitte<\/p>\n\n\n\n<p class=\"has-text-align-left\"><strong>Jobb:<\/strong> Ekspedit\u00f8r hos Byggtorget<\/p>\n\n\n\n<p class=\"has-text-align-left\"><strong>Bakgrunn:<\/strong> F\u00f8dt og oppvokst i Birkenes. Utover grunnskole har jeg videreg\u00e5ende skole og\u00a0 befalsskole. Har jobbet i industrien p\u00e5 Birkeland. De siste 30 \u00e5r i salg og service innen byggevarer.<\/p>\n\n\n\n<p class=\"has-text-align-left\"><strong>Politisk erfaring:<\/strong> Hatt verv i kommune \/ fylket siden 1980. V\u00e6rt innom samtlige fagomr\u00e5der i kommunepolitikken. Har v\u00e6rt varaordf\u00f8rer og ordf\u00f8rer. Sittet en periode i fylkestinget.<\/p>\n\n\n\n<p class=\"has-text-align-left\"><strong>Hvorfor er H\u00f8yre rett parti for deg?<\/strong> H\u00f8yre setter enkeltmennesket i sentrum og gir oss\u00a0 retten til \u00e5 velge.<\/p>\n\n\n\n<p class=\"has-text-align-left\"><strong>Det er l\u00f8rdag, klokka n\u00e6rmer seg 19.00. Hva spiser du helst til middag?<\/strong> Det kommer an p\u00e5 \u00e5rstid, men en god fiskesuppe med br\u00f8d og hvitvin smaker fortreffelig i sommervarmen<\/p>\n\n\n\n<p class=\"has-text-align-left\"><strong>Konsert eller idrettsarrangement?<\/strong> Mitt hjerte er i musikkens verden, men gode prestasjoner i idrett er ogs\u00e5 flott \u00e5 se p\u00e5<\/p>\n\n\n\n<p class=\"has-text-align-left\"><strong>Hvis du skulle valgt en, hva er din favorittartist?<\/strong> Fikk nettop en ny &#8211; Emma Steinbakken, en ung artist med en fantastisk stemme! Av de eldre s\u00e5 er Kris Kristoffersen en favoritt. Han har noen fantastisk tekster og melodier.<\/p>\n\n\n\n<p class=\"has-text-align-left\"><strong>Funfact?<\/strong> Jeg har spilt duett med Wenche Myre foran 1000 mennesker<\/p>\n\n\n\n<p class=\"has-text-align-left\"><strong>Hva er din favorittplass i kommunen og utenfor kommunen?<\/strong>\u00a0M\u00e5 v\u00e6re Rugsland\u00a0og Haviksanden p\u00e5 Lista<\/p>\n\n\n\n<div class=\"wp-block-buttons is-layout-flex wp-block-buttons-is-layout-flex\"><\/div>\n<\/div><\/div><\/div><\/div>\n\n\n\n<div class=\"wp-block-teft-accentuated-link undefined has-image\"><div class=\"kf-link__wrapper\"><div class=\"kf-link__tagline\"><\/div><a class=\"kf-link__link\" href=\"https:\/\/hoyre.no\/personprofiler\/arild-windsland\/\" rel=\"noreferrer noopener\" target=\"_blank\">Kom i kontakt med Arild Windsland<span class=\"kf-link__link-source\">hoyre.no<\/span><\/a><\/div><figure class=\"hoyre-image-wrapper\"><div class=\"hoyre-image\"><img loading=\"lazy\" decoding=\"async\" width=\"2000\" height=\"2000\" src=\"https:\/\/hoyre.no\/content\/uploads\/sites\/40\/2023\/05\/BIRKENES-Arild-Windsland.jpg\" class=\"attachment-scaled size-scaled\" alt=\"\" style=\"object-position: 51% 3%\" srcset=\"https:\/\/hoyre.no\/content\/uploads\/sites\/40\/2023\/05\/BIRKENES-Arild-Windsland.jpg 2000w, https:\/\/hoyre.no\/content\/uploads\/sites\/40\/2023\/05\/BIRKENES-Arild-Windsland-300x300.jpg 300w, https:\/\/hoyre.no\/content\/uploads\/sites\/40\/2023\/05\/BIRKENES-Arild-Windsland-1024x1024.jpg 1024w, https:\/\/hoyre.no\/content\/uploads\/sites\/40\/2023\/05\/BIRKENES-Arild-Windsland-150x150.jpg 150w, https:\/\/hoyre.no\/content\/uploads\/sites\/40\/2023\/05\/BIRKENES-Arild-Windsland-768x768.jpg 768w, https:\/\/hoyre.no\/content\/uploads\/sites\/40\/2023\/05\/BIRKENES-Arild-Windsland-1536x1536.jpg 1536w\" sizes=\"auto, (max-width: 2000px) 100vw, 2000px\" \/><\/div><\/figure><\/div>\n\n\n\n<figure class=\"wp-block-teft-gallery columns-3 count-3 rows-2 is-cropped\"><ul class=\"teft-gallery-grid\"><li class=\"teft-gallery-item \"><figure><a href=\"https:\/\/hoyre.no\/content\/uploads\/sites\/40\/2023\/04\/74A58784-DC13-48CA-80D4-F7165700FC6E-scaled.jpeg\" data-size=\"2126x2500\"><img loading=\"lazy\" decoding=\"async\" width=\"871\" height=\"1024\" src=\"https:\/\/hoyre.no\/content\/uploads\/sites\/40\/2023\/04\/74A58784-DC13-48CA-80D4-F7165700FC6E-871x1024.jpeg\" class=\"attachment-large size-large\" alt=\"\" srcset=\"https:\/\/hoyre.no\/content\/uploads\/sites\/40\/2023\/04\/74A58784-DC13-48CA-80D4-F7165700FC6E-871x1024.jpeg 871w, https:\/\/hoyre.no\/content\/uploads\/sites\/40\/2023\/04\/74A58784-DC13-48CA-80D4-F7165700FC6E-255x300.jpeg 255w, https:\/\/hoyre.no\/content\/uploads\/sites\/40\/2023\/04\/74A58784-DC13-48CA-80D4-F7165700FC6E-768x903.jpeg 768w, https:\/\/hoyre.no\/content\/uploads\/sites\/40\/2023\/04\/74A58784-DC13-48CA-80D4-F7165700FC6E-1307x1536.jpeg 1307w, https:\/\/hoyre.no\/content\/uploads\/sites\/40\/2023\/04\/74A58784-DC13-48CA-80D4-F7165700FC6E-1742x2048.jpeg 1742w\" sizes=\"auto, (max-width: 871px) 100vw, 871px\" \/ data-full-url=\"https:\/\/hoyre.no\/content\/uploads\/sites\/40\/2023\/04\/74A58784-DC13-48CA-80D4-F7165700FC6E-scaled.jpeg\" data-id=\"70\" data-caption=\"70\"\/><\/a><\/figure><\/li><li class=\"teft-gallery-item \"><figure><a href=\"https:\/\/hoyre.no\/content\/uploads\/sites\/40\/2023\/04\/F60F10D2-AA9D-4B4A-A530-92D996F30BC1-scaled.jpeg\" data-size=\"2096x2500\"><img loading=\"lazy\" decoding=\"async\" width=\"859\" height=\"1024\" src=\"https:\/\/hoyre.no\/content\/uploads\/sites\/40\/2023\/04\/F60F10D2-AA9D-4B4A-A530-92D996F30BC1-859x1024.jpeg\" class=\"attachment-large size-large\" alt=\"\" srcset=\"https:\/\/hoyre.no\/content\/uploads\/sites\/40\/2023\/04\/F60F10D2-AA9D-4B4A-A530-92D996F30BC1-859x1024.jpeg 859w, https:\/\/hoyre.no\/content\/uploads\/sites\/40\/2023\/04\/F60F10D2-AA9D-4B4A-A530-92D996F30BC1-252x300.jpeg 252w, https:\/\/hoyre.no\/content\/uploads\/sites\/40\/2023\/04\/F60F10D2-AA9D-4B4A-A530-92D996F30BC1-768x916.jpeg 768w, https:\/\/hoyre.no\/content\/uploads\/sites\/40\/2023\/04\/F60F10D2-AA9D-4B4A-A530-92D996F30BC1-1288x1536.jpeg 1288w, https:\/\/hoyre.no\/content\/uploads\/sites\/40\/2023\/04\/F60F10D2-AA9D-4B4A-A530-92D996F30BC1-1717x2048.jpeg 1717w\" sizes=\"auto, (max-width: 859px) 100vw, 859px\" \/ data-full-url=\"https:\/\/hoyre.no\/content\/uploads\/sites\/40\/2023\/04\/F60F10D2-AA9D-4B4A-A530-92D996F30BC1-scaled.jpeg\" data-id=\"128\" data-caption=\"128\"\/><\/a><\/figure><\/li><li class=\"teft-gallery-item \"><figure><a href=\"https:\/\/hoyre.no\/content\/uploads\/sites\/40\/2023\/05\/BIRKENES-Arild-Windsland.jpg\" data-size=\"2000x2000\"><img loading=\"lazy\" decoding=\"async\" width=\"1024\" height=\"1024\" src=\"https:\/\/hoyre.no\/content\/uploads\/sites\/40\/2023\/05\/BIRKENES-Arild-Windsland-1024x1024.jpg\" class=\"attachment-large size-large\" alt=\"\" srcset=\"https:\/\/hoyre.no\/content\/uploads\/sites\/40\/2023\/05\/BIRKENES-Arild-Windsland-1024x1024.jpg 1024w, https:\/\/hoyre.no\/content\/uploads\/sites\/40\/2023\/05\/BIRKENES-Arild-Windsland-300x300.jpg 300w, https:\/\/hoyre.no\/content\/uploads\/sites\/40\/2023\/05\/BIRKENES-Arild-Windsland-150x150.jpg 150w, https:\/\/hoyre.no\/content\/uploads\/sites\/40\/2023\/05\/BIRKENES-Arild-Windsland-768x768.jpg 768w, https:\/\/hoyre.no\/content\/uploads\/sites\/40\/2023\/05\/BIRKENES-Arild-Windsland-1536x1536.jpg 1536w, https:\/\/hoyre.no\/content\/uploads\/sites\/40\/2023\/05\/BIRKENES-Arild-Windsland.jpg 2000w\" sizes=\"auto, (max-width: 1024px) 100vw, 1024px\" \/ data-full-url=\"https:\/\/hoyre.no\/content\/uploads\/sites\/40\/2023\/05\/BIRKENES-Arild-Windsland.jpg\" data-id=\"163\" data-caption=\"163\"\/><\/a><\/figure><\/li><\/ul><\/figure>\n\n\n\n<h2 class=\"has-text-align-center wp-block-heading\">Arilds hjertesak<\/h2>\n\n\n\n<h3 class=\"wp-block-heading\"><strong>Enkeltmennesket i sentrum<\/strong><\/h3>\n\n\n\n<p>Min hjertesak er \u00e5 se det enkelte mennesket. Som kommune skal vi gi tjenester til befolkningen fra vugge til grav. Derfor er det like viktig at barn unge har det bra som at de eldre f\u00e5r dekket sine behov.<\/p>\n\n\n\n<p>Tjenestene skal ha kvalitet, men m\u00e5 ogs\u00e5 gi rom for valgfrihet. Enkeltmennesket foran systemet.<\/p>\n\n\n\n<p>Alle mennesker har sine dr\u00f8mmer og m\u00e5l. Da m\u00e5 vi som politikere gj\u00f8re det vi kan for at deres dr\u00f8mmer g\u00e5r i oppfyllelse. Det kan v\u00e6re dr\u00f8mmehuset de \u00f8nsker \u00e5 bygge , eller det er bedriften de \u00f8nsker \u00e5 etablere. &nbsp;<\/p>\n\n\n\n<p>Birkenes er en god kommune \u00e5 bo i. Vi har mange arbeidsplasser flott natur og et yrende lag og foreningsliv, basert p\u00e5 dugnad. Som kommune kan vi ikke ta dette som en selvf\u00f8lge og vi m\u00e5 derfor spille p\u00e5 lag med n\u00e6ringslivet og de frivillige. Det handler ikke bare om penger, men ogs\u00e5 \u00e5 samarbeide som en aktiv st\u00f8ttespiller.<\/p>\n\n\n\n<p>For \u00e5 lykkes m\u00e5 ogs\u00e5 \u00f8konomien v\u00e6re p\u00e5 plass. Birkenes har en utfordring med \u00e5 f\u00e5 nok midler til alle krav som stilles og oppgavene som skal l\u00f8ses. Derfor er \u00f8konomistyring og konstnadskontroll av vesentlig betydning. Vi m\u00e5 velge smart og kreativt og spille p\u00e5 de ressursene vi har rundt oss. For H\u00f8yre er det ikke viktig hvem som utf\u00f8rer tjenesten , det viktige er at den blir utf\u00f8rt . Da er det private n\u00e6ringsliv og frivilligheten den beste samarbeidspartner vi kan f\u00e5.<\/p>\n\n\n\n<p>Det er i kommunen folk bor . Hver og en av dere m\u00f8ter kommunen i forskjellige faser av livet.I barnehagen, p\u00e5 skolen og i helsesektoren og noen ganger m\u00e5 dere sp\u00f8r kommunen om lov . Da blir det en hjertesak for meg \u00e5 se , h\u00f8re og forst\u00e5 nettop dine \u00f8nsker og behov.<\/p>\n\n\n\n<div class=\"wp-block-hoyre-banner alignwide undefined  is-style-blue\"><div class=\"banner-inner\"><figure class=\"hoyre-image-wrapper\"><div class=\"hoyre-image\"><img loading=\"lazy\" decoding=\"async\" width=\"2000\" height=\"2000\" src=\"https:\/\/hoyre.no\/content\/uploads\/sites\/40\/2023\/05\/BIRKENES-Arild-Windsland.jpg\" class=\"attachment-scaled size-scaled\" alt=\"\" style=\"object-position: 48% 0%\" srcset=\"https:\/\/hoyre.no\/content\/uploads\/sites\/40\/2023\/05\/BIRKENES-Arild-Windsland.jpg 2000w, https:\/\/hoyre.no\/content\/uploads\/sites\/40\/2023\/05\/BIRKENES-Arild-Windsland-300x300.jpg 300w, https:\/\/hoyre.no\/content\/uploads\/sites\/40\/2023\/05\/BIRKENES-Arild-Windsland-1024x1024.jpg 1024w, https:\/\/hoyre.no\/content\/uploads\/sites\/40\/2023\/05\/BIRKENES-Arild-Windsland-150x150.jpg 150w, https:\/\/hoyre.no\/content\/uploads\/sites\/40\/2023\/05\/BIRKENES-Arild-Windsland-768x768.jpg 768w, https:\/\/hoyre.no\/content\/uploads\/sites\/40\/2023\/05\/BIRKENES-Arild-Windsland-1536x1536.jpg 1536w\" sizes=\"auto, (max-width: 2000px) 100vw, 2000px\" \/><\/div><\/figure><div class=\"banner-content\"><div class=\"entry-content\">\n<h2 class=\"wp-block-heading\" id=\"h-ti-gode-grunner\">Kom i kontakt med Arild<\/h2>\n\n\n\n<ul class=\"wp-block-list\"><li>E-post: <a href=\"mailto:windsl@online.no\">windsl@online.no<\/a><\/li><li>Telefon: <a href=\"tel:92646119\">926 46 119<\/a><\/li><\/ul>\n\n\n\n<div class=\"wp-block-buttons is-layout-flex wp-block-buttons-is-layout-flex\">\n<div class=\"wp-block-button\"><a class=\"wp-block-button__link\" href=\"https:\/\/www.facebook.com\/arild.windsland\" target=\"_blank\" rel=\"noreferrer noopener\">F\u00d8LG Arild P\u00c5 FACEBOOK<\/a><\/div>\n<\/div>\n<\/div><\/div><\/div><\/div>\n\n","protected":false},"excerpt":{"rendered":"","protected":false},"author":347,"featured_media":0,"parent":0,"menu_order":0,"comment_status":"closed","ping_status":"closed","template":"","meta":{"teft_cards_image_url":"","teft_cards_custom_pretitle":"","teft_cards_image_id":163,"teft_cards_image_focal_point_x":0.5,"teft_cards_image_focal_point_y":0.28,"teft_cards_title":"","teft_cards_excerpt":"","teft_show_chapters":false,"footnotes":""},"class_list":["post-157","page","type-page","status-publish","hentry"],"yoast_head":"<!-- This site is optimized with the Yoast SEO plugin v26.6 - https:\/\/yoast.com\/wordpress\/plugins\/seo\/ -->\n<title>Arild Windsland - v\u00e5r ordf\u00f8rerkandidat - Birkenes H\u00f8yre<\/title>\n<meta name=\"robots\" content=\"index, follow, max-snippet:-1, max-image-preview:large, max-video-preview:-1\" \/>\n<link rel=\"canonical\" href=\"https:\/\/hoyre.no\/birkenes\/arild-windsland-var-ordforerkandidat\/\" \/>\n<meta property=\"og:locale\" content=\"nb_NO\" \/>\n<meta property=\"og:type\" content=\"article\" \/>\n<meta property=\"og:title\" content=\"Arild Windsland - v\u00e5r ordf\u00f8rerkandidat - Birkenes H\u00f8yre\" \/>\n<meta property=\"og:url\" content=\"https:\/\/hoyre.no\/birkenes\/arild-windsland-var-ordforerkandidat\/\" \/>\n<meta property=\"og:site_name\" content=\"Birkenes H\u00f8yre\" \/>\n<meta property=\"article:modified_time\" content=\"2023-06-07T10:28:38+00:00\" \/>\n<meta property=\"og:image\" content=\"https:\/\/hoyre.no\/content\/uploads\/sites\/40\/2023\/05\/BIRKENES-Arild-Windsland-1024x1024.jpg\" \/>\n\t<meta property=\"og:image:width\" content=\"1024\" \/>\n\t<meta property=\"og:image:height\" content=\"1024\" \/>\n\t<meta property=\"og:image:type\" content=\"image\/jpeg\" \/>\n<meta name=\"twitter:card\" content=\"summary_large_image\" \/>\n<meta name=\"twitter:label1\" content=\"Ansl. lesetid\" \/>\n\t<meta name=\"twitter:data1\" content=\"4 minutter\" \/>\n<script type=\"application\/ld+json\" class=\"yoast-schema-graph\">{\"@context\":\"https:\/\/schema.org\",\"@graph\":[{\"@type\":\"WebPage\",\"@id\":\"https:\/\/hoyre.no\/birkenes\/arild-windsland-var-ordforerkandidat\/\",\"url\":\"https:\/\/hoyre.no\/birkenes\/arild-windsland-var-ordforerkandidat\/\",\"name\":\"Arild Windsland - v\u00e5r ordf\u00f8rerkandidat - Birkenes H\u00f8yre\",\"isPartOf\":{\"@id\":\"https:\/\/hoyre.no\/birkenes\/#website\"},\"datePublished\":\"2023-06-07T10:28:37+00:00\",\"dateModified\":\"2023-06-07T10:28:38+00:00\",\"breadcrumb\":{\"@id\":\"https:\/\/hoyre.no\/birkenes\/arild-windsland-var-ordforerkandidat\/#breadcrumb\"},\"inLanguage\":\"nb-NO\",\"potentialAction\":[{\"@type\":\"ReadAction\",\"target\":[\"https:\/\/hoyre.no\/birkenes\/arild-windsland-var-ordforerkandidat\/\"]}]},{\"@type\":\"BreadcrumbList\",\"@id\":\"https:\/\/hoyre.no\/birkenes\/arild-windsland-var-ordforerkandidat\/#breadcrumb\",\"itemListElement\":[{\"@type\":\"ListItem\",\"position\":1,\"name\":\"Til hoyre.no\",\"item\":\"https:\/\/hoyre.no\"},{\"@type\":\"ListItem\",\"position\":2,\"name\":\"Hjem\",\"item\":\"https:\/\/hoyre.no\/birkenes\/\"},{\"@type\":\"ListItem\",\"position\":3,\"name\":\"Arild Windsland &#8211; v\u00e5r ordf\u00f8rerkandidat\"}]},{\"@type\":\"WebSite\",\"@id\":\"https:\/\/hoyre.no\/birkenes\/#website\",\"url\":\"https:\/\/hoyre.no\/birkenes\/\",\"name\":\"Birkenes H\u00f8yre\",\"description\":\"Bare enda et H\u00f8yres nettsteder-nettsted\",\"inLanguage\":\"nb-NO\"}]}<\/script>\n<!-- \/ Yoast SEO plugin. -->","yoast_head_json":{"title":"Arild Windsland - v\u00e5r ordf\u00f8rerkandidat - Birkenes H\u00f8yre","robots":{"index":"index","follow":"follow","max-snippet":"max-snippet:-1","max-image-preview":"max-image-preview:large","max-video-preview":"max-video-preview:-1"},"canonical":"https:\/\/hoyre.no\/birkenes\/arild-windsland-var-ordforerkandidat\/","og_locale":"nb_NO","og_type":"article","og_title":"Arild Windsland - v\u00e5r ordf\u00f8rerkandidat - Birkenes H\u00f8yre","og_url":"https:\/\/hoyre.no\/birkenes\/arild-windsland-var-ordforerkandidat\/","og_site_name":"Birkenes H\u00f8yre","article_modified_time":"2023-06-07T10:28:38+00:00","og_image":[{"width":1024,"height":1024,"url":"https:\/\/hoyre.no\/content\/uploads\/sites\/40\/2023\/05\/BIRKENES-Arild-Windsland-1024x1024.jpg","type":"image\/jpeg"}],"twitter_card":"summary_large_image","twitter_misc":{"Ansl. lesetid":"4 minutter"},"schema":{"@context":"https:\/\/schema.org","@graph":[{"@type":"WebPage","@id":"https:\/\/hoyre.no\/birkenes\/arild-windsland-var-ordforerkandidat\/","url":"https:\/\/hoyre.no\/birkenes\/arild-windsland-var-ordforerkandidat\/","name":"Arild Windsland - v\u00e5r ordf\u00f8rerkandidat - Birkenes H\u00f8yre","isPartOf":{"@id":"https:\/\/hoyre.no\/birkenes\/#website"},"datePublished":"2023-06-07T10:28:37+00:00","dateModified":"2023-06-07T10:28:38+00:00","breadcrumb":{"@id":"https:\/\/hoyre.no\/birkenes\/arild-windsland-var-ordforerkandidat\/#breadcrumb"},"inLanguage":"nb-NO","potentialAction":[{"@type":"ReadAction","target":["https:\/\/hoyre.no\/birkenes\/arild-windsland-var-ordforerkandidat\/"]}]},{"@type":"BreadcrumbList","@id":"https:\/\/hoyre.no\/birkenes\/arild-windsland-var-ordforerkandidat\/#breadcrumb","itemListElement":[{"@type":"ListItem","position":1,"name":"Til hoyre.no","item":"https:\/\/hoyre.no"},{"@type":"ListItem","position":2,"name":"Hjem","item":"https:\/\/hoyre.no\/birkenes\/"},{"@type":"ListItem","position":3,"name":"Arild Windsland &#8211; v\u00e5r ordf\u00f8rerkandidat"}]},{"@type":"WebSite","@id":"https:\/\/hoyre.no\/birkenes\/#website","url":"https:\/\/hoyre.no\/birkenes\/","name":"Birkenes H\u00f8yre","description":"Bare enda et H\u00f8yres nettsteder-nettsted","inLanguage":"nb-NO"}]}},"distributor_meta":false,"distributor_terms":false,"distributor_media":false,"distributor_original_site_name":"Birkenes H\u00f8yre","distributor_original_site_url":"https:\/\/hoyre.no\/birkenes","push-errors":false,"_links":{"self":[{"href":"https:\/\/hoyre.no\/birkenes\/wp-json\/wp\/v2\/pages\/157","targetHints":{"allow":["GET"]}}],"collection":[{"href":"https:\/\/hoyre.no\/birkenes\/wp-json\/wp\/v2\/pages"}],"about":[{"href":"https:\/\/hoyre.no\/birkenes\/wp-json\/wp\/v2\/types\/page"}],"author":[{"embeddable":true,"href":"https:\/\/hoyre.no\/birkenes\/wp-json\/wp\/v2\/users\/347"}],"replies":[{"embeddable":true,"href":"https:\/\/hoyre.no\/birkenes\/wp-json\/wp\/v2\/comments?post=157"}],"version-history":[{"count":1,"href":"https:\/\/hoyre.no\/birkenes\/wp-json\/wp\/v2\/pages\/157\/revisions"}],"predecessor-version":[{"id":176,"href":"https:\/\/hoyre.no\/birkenes\/wp-json\/wp\/v2\/pages\/157\/revisions\/176"}],"wp:attachment":[{"href":"https:\/\/hoyre.no\/birkenes\/wp-json\/wp\/v2\/media?parent=157"}],"curies":[{"name":"wp","href":"https:\/\/api.w.org\/{rel}","templated":true}]}}