{"id":28,"date":"2023-05-02T12:50:34","date_gmt":"2023-05-02T10:50:34","guid":{"rendered":"https:\/\/hoyre.no\/bjerke\/?page_id=28"},"modified":"2023-10-03T12:44:36","modified_gmt":"2023-10-03T10:44:36","slug":"politikk","status":"publish","type":"page","link":"https:\/\/hoyre.no\/bjerke\/politikk\/","title":{"rendered":"Politikk"},"content":{"rendered":"\n<div class=\"wp-block-hoyre-hero with-image-gradient text-color-light  has-media alignfull has-background\"><div class=\"hoyre-hero has-image\"><h1 class=\"title\">Politikk<\/h1><p class=\"preamble\">N\u00e5r frivilligheten, n\u00e6ringslivet og offentlig sektor spiller p\u00e5 lag, skapes det gode lokalsamfunn. H\u00f8yre tror p\u00e5 enkeltmenneskets evne og lyst til \u00e5 st\u00e5 p\u00e5 egne ben.<br><br>Det er v\u00e5r oppgave \u00e5 s\u00f8rge for at mennesker kan leve gode liv, uansett utgangspunkt. Vi skaper ikke politikk for kommunen, men for alle som bor der. H\u00f8yre tror p\u00e5 et samfunn som gir muligheter for alle.<\/p>\t\t\t<div class=\"post-meta wp-block teft-byline-wrapper\">\n\t\t\t\t<div class=\"top\">\n\t\t\t\t\t<div class=\"signature\">\n\t\t\t\t\t\t<div class=\"teft-byline\">\n\t\t\t\t\t\t\t\t\t\t\t\t\t\t<div>\n\t\t\t\t\t\t\t\t<h3>H\u00f8yres redaksjon<\/h3>\t\t\t\t\t\t\t\t\n\t\t\t\t\t\t\t\t\t\t\t\t\t\t\t\t\t<span class=\"date\">Sist oppdatert: 3. oktober 2023<\/span>\n\t\t\t\t\t\t\t\t\t\t\t\t\t\t\t\t\t\t\t\t\t\t\t\t\t<span class=\"reading-time\" itemprop=\"timeRequired\" content=\"PT5M\"><em>Ca. 5 minutter lesetid<\/em><\/span>\n\t\t\t\t\t\t\t\t\t\t\t\t\t\t\t<\/div>\n\t\t\t\t\t\t<\/div>\n\t\t\t\t\t<\/div>\n\t\t\t\t\t\t<div class=\"sharing\">\n\t\t<a class=\"share-button share-link copy-link\" data-copy=\"https:\/\/hoyre.no\/bjerke\/politikk\/\" target=\"_blank\"><span class=\"screen-reader-text\">Del link<\/span><\/a>\n\t\t<a class=\"share-button share-twitter\" href=\"http:\/\/twitter.com\/share?text=Politikk&#038;url=https:\/\/hoyre.no\/bjerke\/politikk\/&#038;hashtags=Hoyre\" target=\"_blank\"><span class=\"screen-reader-text\">Del p\u00e5 twitter<\/span><\/a>\n\t\t<a class=\"share-button share-facebook\" href=\"https:\/\/www.facebook.com\/sharer\/sharer.php?u=https:\/\/hoyre.no\/bjerke\/politikk\/\" target=\"_blank\"><span class=\"screen-reader-text\">Del p\u00e5 facebook<\/span><\/a>\n\t<\/div>\n\t\t\t\t\t<\/div>\n\t\t\t<\/div>\n\n\t\t\t<figure class=\"hoyre-image-wrapper\"><div class=\"hoyre-image\"><img loading=\"lazy\" decoding=\"async\" width=\"2500\" height=\"1406\" src=\"https:\/\/hoyre.no\/content\/uploads\/sites\/418\/2023\/10\/s01_Bjerke-Hoyre-2019-glade-fjes-farger-bor-forsterkes-scaled.jpg\" class=\"attachment-scaled size-scaled\" alt=\"Bilde av aktive i Bjerke H\u00f8yre\" style=\"object-position: 50% 50%\" srcset=\"https:\/\/hoyre.no\/content\/uploads\/sites\/418\/2023\/10\/s01_Bjerke-Hoyre-2019-glade-fjes-farger-bor-forsterkes-scaled.jpg 2500w, https:\/\/hoyre.no\/content\/uploads\/sites\/418\/2023\/10\/s01_Bjerke-Hoyre-2019-glade-fjes-farger-bor-forsterkes-300x169.jpg 300w, https:\/\/hoyre.no\/content\/uploads\/sites\/418\/2023\/10\/s01_Bjerke-Hoyre-2019-glade-fjes-farger-bor-forsterkes-1024x576.jpg 1024w, https:\/\/hoyre.no\/content\/uploads\/sites\/418\/2023\/10\/s01_Bjerke-Hoyre-2019-glade-fjes-farger-bor-forsterkes-768x432.jpg 768w, https:\/\/hoyre.no\/content\/uploads\/sites\/418\/2023\/10\/s01_Bjerke-Hoyre-2019-glade-fjes-farger-bor-forsterkes-1536x864.jpg 1536w, https:\/\/hoyre.no\/content\/uploads\/sites\/418\/2023\/10\/s01_Bjerke-Hoyre-2019-glade-fjes-farger-bor-forsterkes-2048x1152.jpg 2048w\" sizes=\"auto, (max-width: 2500px) 100vw, 2500px\" \/><\/div><\/figure><\/div><\/div>\n\n\n\n\n<div class=\"wp-block-teft-file icon-link-block\"><a href=\"https:\/\/drive.google.com\/file\/d\/1fnyKyFb_F6MXdmQPmGFj4E3C_V9Sy6N-\/view?usp=sharing\" download><span class=\"file-title\">Her kan du laste ned valgprogrammet v\u00e5rt for 2023-2027 som PDF<\/span><\/a><\/div>\n\n\n\n\n<p class=\"is-style-large\">Bjerke H\u00f8yres program 2023-2027:<\/p>\n\n\n\n<p><strong>Bjerke skal v\u00e6re en bydel med muligheter for alle<\/strong><\/p>\n\n\n\n<p><\/p>\n\n\n\n<p class=\"is-style-large\"><strong>Transport og samferdel<\/strong><\/p>\n\n\n\n<p>Bjerke H\u00f8yre vil gj\u00f8re kollektivtransport til et attraktivt alternativ, og gi fotgjengere prioritet blant myke trafikanter. I ytre by trenger mange, s\u00e6rlig barnefamilier, fortsatt bilen for \u00e5 f\u00e5 hverdagen til \u00e5 g\u00e5 opp. Det vil H\u00f8yre ta hensyn til.<\/p>\n\n\n\n<p><em>Bjerke H\u00f8yre vil:<\/em><\/p>\n\n\n\n<ul class=\"wp-block-list\">\n<li>Ha hyppigere avganger p\u00e5 T-banen med bedre ruteopplysning og mer rettferdig kollektivpris etter hvor langt du reiser<\/li>\n\n\n\n<li>Ha mer bruk av fleksible bestillingsbusser i Bjerke og bedre bussforbindelser p\u00e5 tvers i Groruddalen<\/li>\n\n\n\n<li>Bygge ut sykkelveinettet i bydelen etter en helhetlig behovsvurdering, fremfor dagens klattvise utbygging<\/li>\n\n\n\n<li>Ha god fremkommelighet ved at veivedlikehold, br\u00f8yting og str\u00f8ing prioriteres<\/li>\n\n\n\n<li>Skille klart mellom sykkelvei og gangvei og gi fotgjengere forrang<\/li>\n\n\n\n<li>Ha billigere beboerparkering i Bydel Bjerke som f\u00f8lger beboeren og ikke bilen. Fremmedparkering skal ikke v\u00e6re gratis<\/li>\n\n\n\n<li>Sikre nok parkeringsplasser for nye boliger, i nye utbyggingsprosjekter og der folk samles som skole, barnehage, sykehjem og idretts- og kulturanlegg. Biler skal s\u00e5 langt som mulig st\u00e5 i egne parkeringsanlegg<\/li>\n\n\n\n<li>Lede trafikk i Groruddalen over til E6 s\u00e5 tidlig som mulig, slik at Rv4 (Trondheimsveien) p\u00e5 sikt kan nedgraderes. Endringer skal ikke gi \u00f8kt trafikk i eksisterende bomilj\u00f8er og skoleveier<\/li>\n<\/ul>\n\n\n\n<p><\/p>\n\n\n\n<p class=\"is-style-large\"><strong>Byutvikling<\/strong><\/p>\n\n\n\n<p>De neste ti \u00e5rene planlegges det for ti tusen flere innbyggere og mange tusen nye arbeidsplasser i v\u00e5r bydel. Bjerke H\u00f8yre vil ha byutvikling som setter av nok plass og gr\u00f8ntarealer til at innbyggerne kan leve aktive liv i en bydel med plass til aktiviteter og rekreasjon.<\/p>\n\n\n\n<p><em>Bjerke H\u00f8yre vil:<\/em><\/p>\n\n\n\n<ul class=\"wp-block-list\">\n<li>S\u00f8rge for en byutvikling som bygger nok sosial og gr\u00f8nn infrastruktur for kultur, idrett og rekreasjon<\/li>\n\n\n\n<li>Ha et eget utbyggingskontor for \u00d8kernutbyggingen som koordinerer kommunens etater, slik man hadde for Fjordbyen i Bj\u00f8rvika<\/li>\n\n\n\n<li>At nye byggeprosjekter har f\u00f8rsteetasjer med fellesfunksjoner som gir levende byrom<\/li>\n\n\n\n<li>Prioritere renhold og vedlikehold av gater, parker og plasser med tilpasset belysning og trygge badedammer i bydelen<\/li>\n\n\n\n<li>Ha Aker sykehus som lokalsykehus for Bjerke og bydelene i Groruddalen<\/li>\n<\/ul>\n\n\n\n<p><\/p>\n\n\n\n<p class=\"is-style-large\"><strong>God skole<\/strong><\/p>\n\n\n\n<p>Osloskolen skal v\u00e6re best p\u00e5 \u00e5 l\u00f8fte alle elevene og la de kjenne mestring og l\u00e6ringsglede. H\u00f8yre vil beholde fritt skolevalg, ha egen frav\u00e6rsgrense i Osloskolen for \u00e5 redusere frafall, og \u00e5pne flere skolebygg etter skoledagen og kombinere fritidstilbud med l\u00e6ring. Bydelen er viktig for gode rammer rundt skolehverdagen.<\/p>\n\n\n\n<p><em>Bjerke H\u00f8yre vil:<\/em><\/p>\n\n\n\n<ul class=\"wp-block-list\">\n<li>Sikre trygge skoleveier med fotgjengeroverganger, lyskryss og fartshumper der det trengs<\/li>\n\n\n\n<li>Ha mer stabile skolekretser som gir forutsigbarhet for barn og foreldre<\/li>\n\n\n\n<li>Ha rekkef\u00f8lgebestemmelser som sikrer nok skoler og barnehager f\u00f8r boliger bygges<\/li>\n\n\n\n<li>Prioritere rehabilitering av skolebygg og sikre elevene gode utearealer<\/li>\n<\/ul>\n\n\n\n<p><\/p>\n\n\n\n<p class=\"is-style-large\"><strong>Trygg oppvekst<\/strong><\/p>\n\n\n\n<p>I Bydel Bjerke skal alle f\u00e5 leve frie liv, uten mobbing, utenforskap eller negativ sosial kontroll.<\/p>\n\n\n\n<p><em>Bjerke H\u00f8yre vil:<\/em><\/p>\n\n\n\n<ul class=\"wp-block-list\">\n<li>At alle barn skal f\u00e5 delta p\u00e5 minst \u00e9n organisert fritidsaktivitet, f.eks. gjennom et fritidskort<\/li>\n\n\n\n<li>Sikre \u00d8kern b\u00e5de ungdomsklubb, aktivitetshus og kulturhus<\/li>\n\n\n\n<li>Sikre gode midlertidige l\u00f8sninger for idrettsanlegg og annen sosial infrastruktur ved store byutviklingsprosjekter i bydelen<\/li>\n\n\n\n<li>Gj\u00f8re det enkelt for b\u00e5de frivillige og egenorganisert aktivitet \u00e5 l\u00e5ne eller leie alle kommunale lokaler i bydelen. L\u00e5neren skal selv kunne ta ansvar for renhold og tilsyn<\/li>\n\n\n\n<li>Ha en samlet oversikt over lokaler og fellesarealer i skoler, flerbrukshaller og andre bygg i bydelen, som frivillige og andre kan l\u00e5ne til kultur, idrett og annen egenorganisert aktivitet<\/li>\n\n\n\n<li>At Grefsenkleiva alpinanlegg skal rustes opp og utvides, med n\u00f8dvendig parkering<\/li>\n<\/ul>\n\n\n\n<p><\/p>\n\n\n\n<p class=\"is-style-large\"><strong>Aktiv alderdom<\/strong><\/p>\n\n\n\n<p>Bjerke H\u00f8yre vil at eldre selv skal f\u00e5 velge hvor de skal bo og hvem som skal levere tjenester hjemme.<\/p>\n\n\n\n<p><em>Bjerke H\u00f8yre vil:<\/em><\/p>\n\n\n\n<ul class=\"wp-block-list\">\n<li>Ha \u00e5penhet om faktiske ventelister p\u00e5 sykehjem og brukerunders\u00f8kelser for sykehjem og hjemmetjenester<\/li>\n\n\n\n<li>At eldre skal f\u00e5 rask behandling av s\u00f8knader til sykehjemsplass og hjemmehjelpstjenester<\/li>\n\n\n\n<li>At eldre skal f\u00e5 velge selv mellom offentlige og private omsorgstilbud<\/li>\n\n\n\n<li>At eldre skal f\u00e5 st\u00f8rre trygghet og frihet gjennom satsing p\u00e5 velferdsteknologi<\/li>\n\n\n\n<li>At eldre skal f\u00e5 god ern\u00e6ring der m\u00e5ltider i bydelen serveres p\u00e5 fornuftige tidspunkter<\/li>\n\n\n\n<li>At eldre og p\u00e5r\u00f8rende skal f\u00e5 gode m\u00f8tearenaer med gode k\u00e5r for frivillig arbeid for eldre<\/li>\n<\/ul>\n","protected":false},"excerpt":{"rendered":"<p>Bjerke H\u00f8yres program 2023-2027: Bjerke skal v\u00e6re en bydel med muligheter for alle Transport og samferdel Bjerke H\u00f8yre vil gj\u00f8re kollektivtransport til et attraktivt alternativ, og gi fotgjengere prioritet blant myke trafikanter. I ytre by trenger mange, s\u00e6rlig barnefamilier, fortsatt bilen for \u00e5 f\u00e5 hverdagen til \u00e5 g\u00e5 opp. Det vil H\u00f8yre ta hensyn til. [&hellip;]<\/p>\n","protected":false},"author":4470,"featured_media":0,"parent":0,"menu_order":0,"comment_status":"closed","ping_status":"closed","template":"","meta":{"teft_cards_image_url":"","teft_cards_custom_pretitle":"","teft_cards_image_id":0,"teft_cards_image_focal_point_x":0,"teft_cards_image_focal_point_y":0,"teft_cards_title":"","teft_cards_excerpt":"","teft_show_chapters":false,"footnotes":""},"class_list":["post-28","page","type-page","status-publish","hentry"],"yoast_head":"<!-- This site is optimized with the Yoast SEO plugin v26.6 - https:\/\/yoast.com\/wordpress\/plugins\/seo\/ -->\n<title>Politikk - Bjerke H\u00f8yre<\/title>\n<meta name=\"robots\" content=\"index, follow, max-snippet:-1, max-image-preview:large, max-video-preview:-1\" \/>\n<link rel=\"canonical\" href=\"https:\/\/hoyre.no\/bjerke\/politikk\/\" \/>\n<meta property=\"og:locale\" content=\"nb_NO\" \/>\n<meta property=\"og:type\" content=\"article\" \/>\n<meta property=\"og:title\" content=\"Politikk - Bjerke H\u00f8yre\" \/>\n<meta property=\"og:description\" content=\"Bjerke H\u00f8yres program 2023-2027: Bjerke skal v\u00e6re en bydel med muligheter for alle Transport og samferdel Bjerke H\u00f8yre vil gj\u00f8re kollektivtransport til et attraktivt alternativ, og gi fotgjengere prioritet blant myke trafikanter. I ytre by trenger mange, s\u00e6rlig barnefamilier, fortsatt bilen for \u00e5 f\u00e5 hverdagen til \u00e5 g\u00e5 opp. Det vil H\u00f8yre ta hensyn til. [&hellip;]\" \/>\n<meta property=\"og:url\" content=\"https:\/\/hoyre.no\/bjerke\/politikk\/\" \/>\n<meta property=\"og:site_name\" content=\"Bjerke H\u00f8yre\" \/>\n<meta property=\"article:modified_time\" content=\"2023-10-03T10:44:36+00:00\" \/>\n<meta property=\"og:image\" content=\"https:\/\/hoyre.no\/content\/uploads\/sites\/418\/2022\/11\/Hoyres-logo.png\" \/>\n\t<meta property=\"og:image:width\" content=\"1000\" \/>\n\t<meta property=\"og:image:height\" content=\"1000\" \/>\n\t<meta property=\"og:image:type\" content=\"image\/png\" \/>\n<meta name=\"twitter:card\" content=\"summary_large_image\" \/>\n<meta name=\"twitter:label1\" content=\"Ansl. lesetid\" \/>\n\t<meta name=\"twitter:data1\" content=\"4 minutter\" \/>\n<script type=\"application\/ld+json\" class=\"yoast-schema-graph\">{\"@context\":\"https:\/\/schema.org\",\"@graph\":[{\"@type\":\"WebPage\",\"@id\":\"https:\/\/hoyre.no\/bjerke\/politikk\/\",\"url\":\"https:\/\/hoyre.no\/bjerke\/politikk\/\",\"name\":\"Politikk - Bjerke H\u00f8yre\",\"isPartOf\":{\"@id\":\"https:\/\/hoyre.no\/bjerke\/#website\"},\"datePublished\":\"2023-05-02T10:50:34+00:00\",\"dateModified\":\"2023-10-03T10:44:36+00:00\",\"breadcrumb\":{\"@id\":\"https:\/\/hoyre.no\/bjerke\/politikk\/#breadcrumb\"},\"inLanguage\":\"nb-NO\",\"potentialAction\":[{\"@type\":\"ReadAction\",\"target\":[\"https:\/\/hoyre.no\/bjerke\/politikk\/\"]}]},{\"@type\":\"BreadcrumbList\",\"@id\":\"https:\/\/hoyre.no\/bjerke\/politikk\/#breadcrumb\",\"itemListElement\":[{\"@type\":\"ListItem\",\"position\":1,\"name\":\"Til hoyre.no\",\"item\":\"https:\/\/hoyre.no\"},{\"@type\":\"ListItem\",\"position\":2,\"name\":\"Hjem\",\"item\":\"https:\/\/hoyre.no\/bjerke\/\"},{\"@type\":\"ListItem\",\"position\":3,\"name\":\"Politikk\"}]},{\"@type\":\"WebSite\",\"@id\":\"https:\/\/hoyre.no\/bjerke\/#website\",\"url\":\"https:\/\/hoyre.no\/bjerke\/\",\"name\":\"Bjerke H\u00f8yre\",\"description\":\"Bare enda et H\u00f8yres nettsteder-nettsted\",\"inLanguage\":\"nb-NO\"}]}<\/script>\n<!-- \/ Yoast SEO plugin. -->","yoast_head_json":{"title":"Politikk - Bjerke H\u00f8yre","robots":{"index":"index","follow":"follow","max-snippet":"max-snippet:-1","max-image-preview":"max-image-preview:large","max-video-preview":"max-video-preview:-1"},"canonical":"https:\/\/hoyre.no\/bjerke\/politikk\/","og_locale":"nb_NO","og_type":"article","og_title":"Politikk - Bjerke H\u00f8yre","og_description":"Bjerke H\u00f8yres program 2023-2027: Bjerke skal v\u00e6re en bydel med muligheter for alle Transport og samferdel Bjerke H\u00f8yre vil gj\u00f8re kollektivtransport til et attraktivt alternativ, og gi fotgjengere prioritet blant myke trafikanter. I ytre by trenger mange, s\u00e6rlig barnefamilier, fortsatt bilen for \u00e5 f\u00e5 hverdagen til \u00e5 g\u00e5 opp. Det vil H\u00f8yre ta hensyn til. [&hellip;]","og_url":"https:\/\/hoyre.no\/bjerke\/politikk\/","og_site_name":"Bjerke H\u00f8yre","article_modified_time":"2023-10-03T10:44:36+00:00","og_image":[{"width":1000,"height":1000,"url":"https:\/\/hoyre.no\/content\/uploads\/sites\/418\/2022\/11\/Hoyres-logo.png","type":"image\/png"}],"twitter_card":"summary_large_image","twitter_misc":{"Ansl. lesetid":"4 minutter"},"schema":{"@context":"https:\/\/schema.org","@graph":[{"@type":"WebPage","@id":"https:\/\/hoyre.no\/bjerke\/politikk\/","url":"https:\/\/hoyre.no\/bjerke\/politikk\/","name":"Politikk - Bjerke H\u00f8yre","isPartOf":{"@id":"https:\/\/hoyre.no\/bjerke\/#website"},"datePublished":"2023-05-02T10:50:34+00:00","dateModified":"2023-10-03T10:44:36+00:00","breadcrumb":{"@id":"https:\/\/hoyre.no\/bjerke\/politikk\/#breadcrumb"},"inLanguage":"nb-NO","potentialAction":[{"@type":"ReadAction","target":["https:\/\/hoyre.no\/bjerke\/politikk\/"]}]},{"@type":"BreadcrumbList","@id":"https:\/\/hoyre.no\/bjerke\/politikk\/#breadcrumb","itemListElement":[{"@type":"ListItem","position":1,"name":"Til hoyre.no","item":"https:\/\/hoyre.no"},{"@type":"ListItem","position":2,"name":"Hjem","item":"https:\/\/hoyre.no\/bjerke\/"},{"@type":"ListItem","position":3,"name":"Politikk"}]},{"@type":"WebSite","@id":"https:\/\/hoyre.no\/bjerke\/#website","url":"https:\/\/hoyre.no\/bjerke\/","name":"Bjerke H\u00f8yre","description":"Bare enda et H\u00f8yres nettsteder-nettsted","inLanguage":"nb-NO"}]}},"distributor_meta":false,"distributor_terms":false,"distributor_media":false,"distributor_original_site_name":"Bjerke H\u00f8yre","distributor_original_site_url":"https:\/\/hoyre.no\/bjerke","push-errors":false,"_links":{"self":[{"href":"https:\/\/hoyre.no\/bjerke\/wp-json\/wp\/v2\/pages\/28","targetHints":{"allow":["GET"]}}],"collection":[{"href":"https:\/\/hoyre.no\/bjerke\/wp-json\/wp\/v2\/pages"}],"about":[{"href":"https:\/\/hoyre.no\/bjerke\/wp-json\/wp\/v2\/types\/page"}],"author":[{"embeddable":true,"href":"https:\/\/hoyre.no\/bjerke\/wp-json\/wp\/v2\/users\/4470"}],"replies":[{"embeddable":true,"href":"https:\/\/hoyre.no\/bjerke\/wp-json\/wp\/v2\/comments?post=28"}],"version-history":[{"count":4,"href":"https:\/\/hoyre.no\/bjerke\/wp-json\/wp\/v2\/pages\/28\/revisions"}],"predecessor-version":[{"id":39,"href":"https:\/\/hoyre.no\/bjerke\/wp-json\/wp\/v2\/pages\/28\/revisions\/39"}],"wp:attachment":[{"href":"https:\/\/hoyre.no\/bjerke\/wp-json\/wp\/v2\/media?parent=28"}],"curies":[{"name":"wp","href":"https:\/\/api.w.org\/{rel}","templated":true}]}}