{"id":3,"date":"2022-09-15T15:58:55","date_gmt":"2022-09-15T13:58:55","guid":{"rendered":"https:\/\/hoyre.no\/bjerke\/forsiden\/"},"modified":"2026-02-11T10:58:38","modified_gmt":"2026-02-11T09:58:38","slug":"forsiden","status":"publish","type":"page","link":"https:\/\/hoyre.no\/bjerke\/","title":{"rendered":"Forsiden"},"content":{"rendered":"<div class=\"hero-2026 is-style-corner alignwide wp-block-hoyre-hero-2026\">\n\t\t\t<div class=\"hero-2026__image\"><img decoding=\"async\" src=\"https:\/\/hoyre.no\/content\/uploads\/sites\/418\/2022\/10\/DSC0347_filFB-beskj-1024x688-1.jpg\" alt=\"Bjerkedalen ballspill\" \/><\/div>\n\t\t\t\n\t\t\t<div class=\"hero-2026__content\">\n\t\t\t\t<svg width=\"101\" height=\"480\" viewBox=\"0 0 101 480\" fill=\"none\" xmlns=\"http:\/\/www.w3.org\/2000\/svg\">\n<path d=\"M6.65616 117.334C-0.295628 76.2104 -3.77152 55.6485 6.21097 39.8114C16.1935 23.9743 36.2437 18.2415 76.3441 6.77569L100.041 0L100.042 480L67.9629 480L6.65616 117.334Z\" fill=\"currentColor\" \/>\n<\/svg>\n\n\t\t\t\t<p class=\"hero-2026__subtitle\">Bjerke H\u00f8yre<\/p>\n\t\t\t\t<h2 class=\"hero-2026__title\">Muligheter for alle<\/h2>\n\t\t\t\t<div class=\"hero-2026__buttons\">\n\n<div class=\"wp-block-buttons is-content-justification-center is-layout-flex wp-container-core-buttons-is-layout-16018d1d wp-block-buttons-is-layout-flex\">\n<div class=\"wp-block-button\"><a class=\"wp-block-button__link wp-element-button\" href=\"https:\/\/hoyre.no\/bli-med\/bli-medlem\/\">Bli medlem<\/a><\/div>\n<\/div>\n\n<\/div>\n\t\t\t<\/div>\n\t\t<\/div>\n\n\n<div class=\"wp-block-media-text alignwide has-media-on-the-right is-stacked-on-mobile is-image-fill-element is-style-pale-blue\"><div class=\"wp-block-media-text__content\">\n<h2 class=\"wp-block-heading\" id=\"h-bli-med-pa-laget\">Bli med p\u00e5 laget!<\/h2>\n\n\n\n<p>Hvert eneste medlem gj\u00f8r oss sterkere. Som medlem i Oslo H\u00f8yre kan du p\u00e5virke politikken v\u00e5r, engasjere deg i lokalsamfunnet ditt og bli kjent med mange hyggelige og dyktige mennesker. <\/p>\n\n\n\n<p>Uansett aktivitetsniv\u00e5, vil ditt medlemskap hjelpe oss p\u00e5 veien til valgseier&nbsp;\ud83d\udc99<\/p>\n\n\n\n<div class=\"wp-block-buttons is-layout-flex wp-block-buttons-is-layout-flex\">\n<div class=\"wp-block-button is-style-fill\"><a class=\"wp-block-button__link wp-element-button\" href=\"https:\/\/hoyre.no\/bli-med\/bli-medlem\/\">Bli medlem<\/a><\/div>\n<\/div>\n<\/div><figure class=\"wp-block-media-text__media\"><img decoding=\"async\" src=\"https:\/\/hoyre.no\/content\/uploads\/sites\/408\/2026\/01\/IMG_8484-3-1024x683.jpg\" alt=\"\" class=\"wp-image-9613 size-full\" style=\"object-position:15% 55%\" \/><\/figure><\/div>\n\n\n\n<div class=\"wp-block-media-text alignwide is-stacked-on-mobile is-image-fill-element is-style-dark-blue\"><figure class=\"wp-block-media-text__media\"><img loading=\"lazy\" decoding=\"async\" width=\"1024\" height=\"576\" src=\"https:\/\/hoyre.no\/content\/uploads\/sites\/418\/2023\/10\/s01_Bjerke-Hoyre-2019-glade-fjes-farger-bor-forsterkes-1024x576.jpg\" alt=\"Bilde av aktive i Bjerke H\u00f8yre\" class=\"wp-image-37 size-full\" style=\"object-position:58% 77%\" srcset=\"https:\/\/hoyre.no\/content\/uploads\/sites\/418\/2023\/10\/s01_Bjerke-Hoyre-2019-glade-fjes-farger-bor-forsterkes-1024x576.jpg 1024w, https:\/\/hoyre.no\/content\/uploads\/sites\/418\/2023\/10\/s01_Bjerke-Hoyre-2019-glade-fjes-farger-bor-forsterkes-300x169.jpg 300w, https:\/\/hoyre.no\/content\/uploads\/sites\/418\/2023\/10\/s01_Bjerke-Hoyre-2019-glade-fjes-farger-bor-forsterkes-768x432.jpg 768w, https:\/\/hoyre.no\/content\/uploads\/sites\/418\/2023\/10\/s01_Bjerke-Hoyre-2019-glade-fjes-farger-bor-forsterkes-1536x864.jpg 1536w, https:\/\/hoyre.no\/content\/uploads\/sites\/418\/2023\/10\/s01_Bjerke-Hoyre-2019-glade-fjes-farger-bor-forsterkes-2048x1152.jpg 2048w\" sizes=\"auto, (max-width: 1024px) 100vw, 1024px\" \/><\/figure><div class=\"wp-block-media-text__content\">\n<h2 class=\"wp-block-heading\" id=\"h-bli-med-pa-laget\">Bl\u00e5gr\u00f8nn samarbeidsavtale<\/h2>\n\n\n\n<p>Partiene H\u00f8yre, MDG, Venstre og Fremskrittspartiet er enige om \u00e5 forvalte flertallet i Bydel Bjerke i valgperioden 2023-2027.<\/p>\n\n\n\n<p>Avtalen er et historisk samarbeid som for f\u00f8rste gang sikrer et folkevalgt bl\u00e5gr\u00f8nt bydelsutvalg i Groruddalen \ud83d\udc99<\/p>\n<\/div><\/div>\n\n\n\n\n<section class=\"wp-block-hoyre-branch-contact-person alignwide\">\n\t<div class=\"block-inner\">\n\t\t\n<div class=\"politician-info-wrapper\">\n\t<div class=\"politician-image-wrapper\">\n\t\t<div class=\"politician-image\">\n\t\t\t\t\t\t\t\t\t\t\t<a href=\"https:\/\/res.cloudinary.com\/hoyre\/image\/upload\/g_face:center,d_defaultprofileimg3.jpg,fl_lossy,f_auto\/v200902\/12194676.jpg\">\n\t\t\t\t\t<img decoding=\"async\" src=\"https:\/\/res.cloudinary.com\/hoyre\/image\/upload\/c_thumb,g_face:center,h_500,w_500,d_defaultprofileimg3.jpg,fl_lossy,f_auto\/w_500\/v20230420\/12194676.jpg\" alt=\"Profilbilde\" style=\"object-position: 50% 50%\" \/>\n\t\t\t\t<\/a>\n\t\t\t\t\t<\/div>\n\t\t\t<\/div>\n\t<div class=\"politician-details\">\n\t\t\t\t\t<h1 class=\"politician-name\"><a href=\"https:\/\/hoyre.no\/personprofiler\/egil-husmo\/\">Egil Husmo<\/a><\/h1>\n\t\t\t\t\t\t\t\t<h2 class=\"politician-title\">Gruppeleder<\/h2>\n\t\t\t\t\t<\/div>\n<\/div>\n\t<\/div>\n<\/section>\n\n\n\n<section class=\"wp-block-hoyre-latest-grid\">\n\t<div class=\"block-inner\">\n\t\t<header>\n\t\t\t<h2>Nyheter<\/h2>\n\t\t\t\t\t\t\t<a href=\"https:\/\/hoyre.no\/bjerke\/nyheter\/\">Vis alle<\/a>\n\t\t\t\t\t<\/header>\n\t\t<div class=\"teft-cards-grid default-size-4\">\n\t\t\t<div class=\"teft-cards-item has-12-columns is-style-two-columns is-vertically-aligned-center is-aligned-center is-card-hoyre\">\n\t<div class=\"teft-card hoyre-teft-card post-teft-card\">\n\t\t<a href=\"https:\/\/hoyre.no\/2026\/04\/10\/jeg-blir-provosert\/\" class=\"teft-card__primary-action\">\n\n\t\t\t\t\t<div class=\"teft-card__media teft-card__media--16-9\">\n\t\t\t<span class=\"sticker\">Nasjonal<\/span>\t\t\t<img loading=\"lazy\" decoding=\"async\" width=\"768\" height=\"512\" src=\"https:\/\/hoyre.no\/content\/uploads\/2026\/04\/Ine-Eriksen-Soreide-budsjett-foto-Hans-Kristian-Thorbjornsen-8982-768x512.jpg\" class=\"attachment-medium_large size-medium_large\" alt=\"Ine\" \/>\t\t<\/div>\n\t\t\n\t\t\t<div class=\"teft-card__content-wrapper\">\n\t\t\t\t<div class=\"teft-card__secondary\">\n\t\t\t\t\t\n\t\t\t\t\t\t\t\t<div class=\"teft-card__meta\">\n\t\t\t\t\t\t\t\t\t<span class=\"post-date\">10. apr 2026<\/span>\n\n\t\t\t\t\t\t\t\t\t\t\t\t\t\t\t\t\t<\/div>\n\t\t\t\t\t\t\t\t\t\t\t<\/div>\n\n\t\t\t\t<div class=\"teft-card__primary\">\n\t\t\t\t\t<h2 class=\"teft-card__title\">&#8211; De burde rose, ikke kritisere&nbsp;<span class=\"teft-card__primary-title-append\"><\/span><\/h2>\t\t\t\t<\/div>\n\t\t\t<\/div>\n\t\t<\/a>\n\t<\/div>\n\n\t<!-- From network 1 418--><!-- From card class --><\/div>\t\t\t<div class=\"teft-cards-item has-6-columns  is-card-hoyre\">\n\t<div class=\"teft-card hoyre-teft-card post-teft-card\">\n\t\t<a href=\"https:\/\/hoyre.no\/2026\/04\/10\/her-er-hoyres-kjernekraftpakke\/\" class=\"teft-card__primary-action\">\n\n\t\t\t\t\t<div class=\"teft-card__media teft-card__media--16-9\">\n\t\t\t<span class=\"sticker\">Nasjonal<\/span>\t\t\t<img loading=\"lazy\" decoding=\"async\" width=\"768\" height=\"449\" src=\"https:\/\/hoyre.no\/content\/uploads\/2026\/04\/Skjermbilde-2026-04-10-kl.-11.18.25-768x449.png\" class=\"attachment-medium_large size-medium_large\" alt=\"Energi\" \/>\t\t<\/div>\n\t\t\n\t\t\t<div class=\"teft-card__content-wrapper\">\n\t\t\t\t<div class=\"teft-card__secondary\">\n\t\t\t\t\t\n\t\t\t\t\t\t\t\t<div class=\"teft-card__meta\">\n\t\t\t\t\t\t\t\t\t<span class=\"post-date\">10. apr 2026<\/span>\n\n\t\t\t\t\t\t\t\t\t\t\t\t\t\t\t\t\t<\/div>\n\t\t\t\t\t\t\t\t\t\t\t<\/div>\n\n\t\t\t\t<div class=\"teft-card__primary\">\n\t\t\t\t\t<h2 class=\"teft-card__title\">&#8211; Staten skal legge til rette, ikke ta regningen&nbsp;<span class=\"teft-card__primary-title-append\"><\/span><\/h2>\t\t\t\t<\/div>\n\t\t\t<\/div>\n\t\t<\/a>\n\t<\/div>\n\n\t<!-- From network 1 418--><!-- From card class --><\/div>\t\t\t<div class=\"teft-cards-item has-6-columns  is-card-hoyre\">\n\t<div class=\"teft-card hoyre-teft-card post-teft-card\">\n\t\t<a href=\"https:\/\/hoyre.no\/2026\/04\/09\/vil-kjempe-til-jeg-blir-pensjonist\/\" class=\"teft-card__primary-action\">\n\n\t\t\t\t\t<div class=\"teft-card__media teft-card__media--16-9\">\n\t\t\t<span class=\"sticker\">Nasjonal<\/span>\t\t\t<img loading=\"lazy\" decoding=\"async\" width=\"768\" height=\"512\" src=\"https:\/\/hoyre.no\/content\/uploads\/2026\/04\/Erna-apner-valgkampsentralen-foto-Hans-Kristian-Thorbjornsen-1181_43235870b92-768x512.avif\" class=\"attachment-medium_large size-medium_large\" alt=\"Erna fylker\" \/>\t\t<\/div>\n\t\t\n\t\t\t<div class=\"teft-card__content-wrapper\">\n\t\t\t\t<div class=\"teft-card__secondary\">\n\t\t\t\t\t\n\t\t\t\t\t\t\t\t<div class=\"teft-card__meta\">\n\t\t\t\t\t\t\t\t\t<span class=\"post-date\">9. apr 2026<\/span>\n\n\t\t\t\t\t\t\t\t\t\t\t\t\t\t\t\t\t<\/div>\n\t\t\t\t\t\t\t\t\t\t\t<\/div>\n\n\t\t\t\t<div class=\"teft-card__primary\">\n\t\t\t\t\t<h2 class=\"teft-card__title\">&#8211; Lukker \u00f8ynene for at det er un\u00f8dvendig og dyrt&nbsp;<span class=\"teft-card__primary-title-append\"><\/span><\/h2>\t\t\t\t<\/div>\n\t\t\t<\/div>\n\t\t<\/a>\n\t<\/div>\n\n\t<!-- From network 1 418--><!-- From card class --><\/div>\t\t\t<div class=\"teft-cards-item has-4-columns is-card-hoyre\">\n\t<div class=\"teft-card hoyre-teft-card post-teft-card\">\n\t\t<a href=\"https:\/\/hoyre.no\/2026\/04\/09\/nar-prisene-stenger-doren-for-unge\/\" class=\"teft-card__primary-action\">\n\n\t\t\t\t\t<div class=\"teft-card__media teft-card__media--16-9\">\n\t\t\t<span class=\"sticker\">Nasjonal<\/span>\t\t\t<img loading=\"lazy\" decoding=\"async\" width=\"768\" height=\"512\" src=\"https:\/\/hoyre.no\/content\/uploads\/2026\/04\/GettyImages-2258268691-768x512.jpg\" class=\"attachment-medium_large size-medium_large\" alt=\"Oslo\" \/>\t\t<\/div>\n\t\t\n\t\t\t<div class=\"teft-card__content-wrapper\">\n\t\t\t\t<div class=\"teft-card__secondary\">\n\t\t\t\t\t\n\t\t\t\t\t\t\t\t<div class=\"teft-card__meta\">\n\t\t\t\t\t\t\t\t\t<span class=\"post-date\">9. apr 2026<\/span>\n\n\t\t\t\t\t\t\t\t\t\t\t\t\t\t\t\t\t<\/div>\n\t\t\t\t\t\t\t\t\t\t\t<\/div>\n\n\t\t\t\t<div class=\"teft-card__primary\">\n\t\t\t\t\t<h2 class=\"teft-card__title\">Er du en som trekker stigen opp etter deg?&nbsp;<span class=\"teft-card__primary-title-append\"><\/span><\/h2>\t\t\t\t<\/div>\n\t\t\t<\/div>\n\t\t<\/a>\n\t<\/div>\n\n\t<!-- From network 1 418--><!-- From card class --><\/div>\t\t\t<div class=\"teft-cards-item has-4-columns is-card-hoyre\">\n\t<div class=\"teft-card hoyre-teft-card post-teft-card\">\n\t\t<a href=\"https:\/\/hoyre.no\/2026\/04\/09\/dette-ser-ut-som-en-skandale\/\" class=\"teft-card__primary-action\">\n\n\t\t\t\t\t<div class=\"teft-card__media teft-card__media--16-9\">\n\t\t\t<span class=\"sticker\">Nasjonal<\/span>\t\t\t<img loading=\"lazy\" decoding=\"async\" width=\"768\" height=\"512\" src=\"https:\/\/hoyre.no\/content\/uploads\/2026\/04\/Y9A1717-768x512.jpg\" class=\"attachment-medium_large size-medium_large\" alt=\"Peter\" \/>\t\t<\/div>\n\t\t\n\t\t\t<div class=\"teft-card__content-wrapper\">\n\t\t\t\t<div class=\"teft-card__secondary\">\n\t\t\t\t\t\n\t\t\t\t\t\t\t\t<div class=\"teft-card__meta\">\n\t\t\t\t\t\t\t\t\t<span class=\"post-date\">9. apr 2026<\/span>\n\n\t\t\t\t\t\t\t\t\t\t\t\t\t\t\t\t\t<\/div>\n\t\t\t\t\t\t\t\t\t\t\t<\/div>\n\n\t\t\t\t<div class=\"teft-card__primary\">\n\t\t\t\t\t<h2 class=\"teft-card__title\">F-16-donasjon til Ukraina st\u00e5r demontert i Belgia: &#8211; En skandale&nbsp;<span class=\"teft-card__primary-title-append\"><\/span><\/h2>\t\t\t\t<\/div>\n\t\t\t<\/div>\n\t\t<\/a>\n\t<\/div>\n\n\t<!-- From network 1 418--><!-- From card class --><\/div>\t\t\t<div class=\"teft-cards-item has-4-columns is-card-hoyre\">\n\t<div class=\"teft-card hoyre-teft-card post-teft-card\">\n\t\t<a href=\"https:\/\/hoyre.no\/2026\/04\/08\/rentelofter-pa-tilliten-los\/\" class=\"teft-card__primary-action\">\n\n\t\t\t\t\t<div class=\"teft-card__media teft-card__media--16-9\">\n\t\t\t<span class=\"sticker\">Nasjonal<\/span>\t\t\t<img loading=\"lazy\" decoding=\"async\" width=\"768\" height=\"512\" src=\"https:\/\/hoyre.no\/content\/uploads\/2026\/04\/fW2QD6jA-768x512.jpeg\" class=\"attachment-medium_large size-medium_large\" alt=\"Ola\" \/>\t\t<\/div>\n\t\t\n\t\t\t<div class=\"teft-card__content-wrapper\">\n\t\t\t\t<div class=\"teft-card__secondary\">\n\t\t\t\t\t\n\t\t\t\t\t\t\t\t<div class=\"teft-card__meta\">\n\t\t\t\t\t\t\t\t\t<span class=\"post-date\">9. apr 2026<\/span>\n\n\t\t\t\t\t\t\t\t\t\t\t\t\t\t\t\t\t<\/div>\n\t\t\t\t\t\t\t\t\t\t\t<\/div>\n\n\t\t\t\t<div class=\"teft-card__primary\">\n\t\t\t\t\t<h2 class=\"teft-card__title\">Aps rentel\u00f8fter g\u00e5r p\u00e5 tilliten l\u00f8s&nbsp;<span class=\"teft-card__primary-title-append\"><\/span><\/h2>\t\t\t\t<\/div>\n\t\t\t<\/div>\n\t\t<\/a>\n\t<\/div>\n\n\t<!-- From network 1 418--><!-- From card class --><\/div>\t\t\t\t\t<\/div>\n\t<\/div>\n<\/section>\n\n\n\n\n\n","protected":false},"excerpt":{"rendered":"<p>Bl\u00e5gr\u00f8nn samarbeidsavtale Partiene H\u00f8yre, MDG, Venstre og Fremskrittspartiet er enige om \u00e5 forvalte flertallet i Bydel Bjerke i valgperioden 2023-2027. Avtalen er et historisk samarbeid som for f\u00f8rste gang sikrer et folkevalgt bl\u00e5gr\u00f8nt bydelsutvalg i Groruddalen \ud83d\udc99<\/p>\n","protected":false},"author":51320,"featured_media":0,"parent":0,"menu_order":0,"comment_status":"closed","ping_status":"closed","template":"","meta":{"teft_cards_image_url":"","teft_cards_custom_pretitle":"","teft_cards_image_id":16,"teft_cards_image_focal_point_x":0.48,"teft_cards_image_focal_point_y":0.6,"teft_cards_title":"","teft_cards_excerpt":"","teft_show_chapters":false,"footnotes":""},"class_list":["post-3","page","type-page","status-publish","hentry"],"yoast_head":"<!-- This site is optimized with the Yoast SEO plugin v26.6 - https:\/\/yoast.com\/wordpress\/plugins\/seo\/ -->\n<title>Forsiden - Bjerke H\u00f8yre<\/title>\n<meta name=\"robots\" content=\"index, follow, max-snippet:-1, max-image-preview:large, max-video-preview:-1\" \/>\n<link rel=\"canonical\" href=\"https:\/\/hoyre.no\/bjerke\/\" \/>\n<meta property=\"og:locale\" content=\"nb_NO\" \/>\n<meta property=\"og:type\" content=\"article\" \/>\n<meta property=\"og:title\" content=\"Forsiden - Bjerke H\u00f8yre\" \/>\n<meta property=\"og:description\" content=\"Bl\u00e5gr\u00f8nn samarbeidsavtale Partiene H\u00f8yre, MDG, Venstre og Fremskrittspartiet er enige om \u00e5 forvalte flertallet i Bydel Bjerke i valgperioden 2023-2027. Avtalen er et historisk samarbeid som for f\u00f8rste gang sikrer et folkevalgt bl\u00e5gr\u00f8nt bydelsutvalg i Groruddalen \ud83d\udc99\" \/>\n<meta property=\"og:url\" content=\"https:\/\/hoyre.no\/bjerke\/\" \/>\n<meta property=\"og:site_name\" content=\"Bjerke H\u00f8yre\" \/>\n<meta property=\"article:modified_time\" content=\"2026-02-11T09:58:38+00:00\" \/>\n<meta property=\"og:image\" content=\"https:\/\/hoyre.no\/content\/uploads\/sites\/418\/2022\/10\/Bjerke-hovedbilde.jpg\" \/>\n<meta name=\"twitter:card\" content=\"summary_large_image\" \/>\n<meta name=\"twitter:label1\" content=\"Ansl. lesetid\" \/>\n\t<meta name=\"twitter:data1\" content=\"1 minutt\" \/>\n<script type=\"application\/ld+json\" class=\"yoast-schema-graph\">{\"@context\":\"https:\/\/schema.org\",\"@graph\":[{\"@type\":\"WebPage\",\"@id\":\"https:\/\/hoyre.no\/bjerke\/\",\"url\":\"https:\/\/hoyre.no\/bjerke\/\",\"name\":\"Forsiden - Bjerke H\u00f8yre\",\"isPartOf\":{\"@id\":\"https:\/\/hoyre.no\/bjerke\/#website\"},\"image\":{\"@id\":\"https:\/\/hoyre.no\/bjerke\/#primaryimage\"},\"thumbnailUrl\":\"https:\/\/hoyre.no\/content\/uploads\/sites\/408\/2026\/01\/IMG_8484-3-1024x683.jpg\",\"datePublished\":\"2022-09-15T13:58:55+00:00\",\"dateModified\":\"2026-02-11T09:58:38+00:00\",\"breadcrumb\":{\"@id\":\"https:\/\/hoyre.no\/bjerke\/#breadcrumb\"},\"inLanguage\":\"nb-NO\",\"potentialAction\":[{\"@type\":\"ReadAction\",\"target\":[\"https:\/\/hoyre.no\/bjerke\/\"]}]},{\"@type\":\"ImageObject\",\"inLanguage\":\"nb-NO\",\"@id\":\"https:\/\/hoyre.no\/bjerke\/#primaryimage\",\"url\":\"https:\/\/hoyre.no\/content\/uploads\/sites\/408\/2026\/01\/IMG_8484-3-1024x683.jpg\",\"contentUrl\":\"https:\/\/hoyre.no\/content\/uploads\/sites\/408\/2026\/01\/IMG_8484-3-1024x683.jpg\"},{\"@type\":\"BreadcrumbList\",\"@id\":\"https:\/\/hoyre.no\/bjerke\/#breadcrumb\",\"itemListElement\":[{\"@type\":\"ListItem\",\"position\":1,\"name\":\"Til hoyre.no\",\"item\":\"https:\/\/hoyre.no\"},{\"@type\":\"ListItem\",\"position\":2,\"name\":\"Hjem\",\"item\":\"https:\/\/hoyre.no\/bjerke\/\"},{\"@type\":\"ListItem\",\"position\":3,\"name\":\"Forsiden\"}]},{\"@type\":\"WebSite\",\"@id\":\"https:\/\/hoyre.no\/bjerke\/#website\",\"url\":\"https:\/\/hoyre.no\/bjerke\/\",\"name\":\"Bjerke H\u00f8yre\",\"description\":\"Bare enda et H\u00f8yres nettsteder-nettsted\",\"inLanguage\":\"nb-NO\"}]}<\/script>\n<!-- \/ Yoast SEO plugin. -->","yoast_head_json":{"title":"Forsiden - Bjerke H\u00f8yre","robots":{"index":"index","follow":"follow","max-snippet":"max-snippet:-1","max-image-preview":"max-image-preview:large","max-video-preview":"max-video-preview:-1"},"canonical":"https:\/\/hoyre.no\/bjerke\/","og_locale":"nb_NO","og_type":"article","og_title":"Forsiden - Bjerke H\u00f8yre","og_description":"Bl\u00e5gr\u00f8nn samarbeidsavtale Partiene H\u00f8yre, MDG, Venstre og Fremskrittspartiet er enige om \u00e5 forvalte flertallet i Bydel Bjerke i valgperioden 2023-2027. Avtalen er et historisk samarbeid som for f\u00f8rste gang sikrer et folkevalgt bl\u00e5gr\u00f8nt bydelsutvalg i Groruddalen \ud83d\udc99","og_url":"https:\/\/hoyre.no\/bjerke\/","og_site_name":"Bjerke H\u00f8yre","article_modified_time":"2026-02-11T09:58:38+00:00","og_image":[{"url":"https:\/\/hoyre.no\/content\/uploads\/sites\/418\/2022\/10\/Bjerke-hovedbilde.jpg","width":"","height":"","type":""}],"twitter_card":"summary_large_image","twitter_misc":{"Ansl. lesetid":"1 minutt"},"schema":{"@context":"https:\/\/schema.org","@graph":[{"@type":"WebPage","@id":"https:\/\/hoyre.no\/bjerke\/","url":"https:\/\/hoyre.no\/bjerke\/","name":"Forsiden - Bjerke H\u00f8yre","isPartOf":{"@id":"https:\/\/hoyre.no\/bjerke\/#website"},"image":{"@id":"https:\/\/hoyre.no\/bjerke\/#primaryimage"},"thumbnailUrl":"https:\/\/hoyre.no\/content\/uploads\/sites\/408\/2026\/01\/IMG_8484-3-1024x683.jpg","datePublished":"2022-09-15T13:58:55+00:00","dateModified":"2026-02-11T09:58:38+00:00","breadcrumb":{"@id":"https:\/\/hoyre.no\/bjerke\/#breadcrumb"},"inLanguage":"nb-NO","potentialAction":[{"@type":"ReadAction","target":["https:\/\/hoyre.no\/bjerke\/"]}]},{"@type":"ImageObject","inLanguage":"nb-NO","@id":"https:\/\/hoyre.no\/bjerke\/#primaryimage","url":"https:\/\/hoyre.no\/content\/uploads\/sites\/408\/2026\/01\/IMG_8484-3-1024x683.jpg","contentUrl":"https:\/\/hoyre.no\/content\/uploads\/sites\/408\/2026\/01\/IMG_8484-3-1024x683.jpg"},{"@type":"BreadcrumbList","@id":"https:\/\/hoyre.no\/bjerke\/#breadcrumb","itemListElement":[{"@type":"ListItem","position":1,"name":"Til hoyre.no","item":"https:\/\/hoyre.no"},{"@type":"ListItem","position":2,"name":"Hjem","item":"https:\/\/hoyre.no\/bjerke\/"},{"@type":"ListItem","position":3,"name":"Forsiden"}]},{"@type":"WebSite","@id":"https:\/\/hoyre.no\/bjerke\/#website","url":"https:\/\/hoyre.no\/bjerke\/","name":"Bjerke H\u00f8yre","description":"Bare enda et H\u00f8yres nettsteder-nettsted","inLanguage":"nb-NO"}]}},"distributor_meta":false,"distributor_terms":false,"distributor_media":false,"distributor_original_site_name":"Bjerke H\u00f8yre","distributor_original_site_url":"https:\/\/hoyre.no\/bjerke","push-errors":false,"_links":{"self":[{"href":"https:\/\/hoyre.no\/bjerke\/wp-json\/wp\/v2\/pages\/3","targetHints":{"allow":["GET"]}}],"collection":[{"href":"https:\/\/hoyre.no\/bjerke\/wp-json\/wp\/v2\/pages"}],"about":[{"href":"https:\/\/hoyre.no\/bjerke\/wp-json\/wp\/v2\/types\/page"}],"author":[{"embeddable":true,"href":"https:\/\/hoyre.no\/bjerke\/wp-json\/wp\/v2\/users\/51320"}],"replies":[{"embeddable":true,"href":"https:\/\/hoyre.no\/bjerke\/wp-json\/wp\/v2\/comments?post=3"}],"version-history":[{"count":13,"href":"https:\/\/hoyre.no\/bjerke\/wp-json\/wp\/v2\/pages\/3\/revisions"}],"predecessor-version":[{"id":69,"href":"https:\/\/hoyre.no\/bjerke\/wp-json\/wp\/v2\/pages\/3\/revisions\/69"}],"wp:attachment":[{"href":"https:\/\/hoyre.no\/bjerke\/wp-json\/wp\/v2\/media?parent=3"}],"curies":[{"name":"wp","href":"https:\/\/api.w.org\/{rel}","templated":true}]}}