{"id":31,"date":"2023-06-14T13:50:41","date_gmt":"2023-06-14T11:50:41","guid":{"rendered":"https:\/\/hoyre.no\/bjerkreim\/?page_id=31"},"modified":"2025-01-27T13:39:16","modified_gmt":"2025-01-27T12:39:16","slug":"ordforerkandidat","status":"publish","type":"page","link":"https:\/\/hoyre.no\/bjerkreim\/ordforerkandidat\/","title":{"rendered":"Ordf\u00f8rerkandidat"},"content":{"rendered":"\n<div class=\"wp-block-hoyre-hero with-image-gradient text-color-light  has-media alignfull has-background\"><div class=\"hoyre-hero has-image\"><h1 class=\"title\">Inger Merethe Bjerkreim &#8211; gruppeleder<\/h1><p class=\"preamble\">Hvorfor du skal gi H\u00f8yre din stemme i Bjerkreim kommune?<\/p>\t\t\t<div class=\"post-meta wp-block teft-byline-wrapper\">\n\t\t\t\t<div class=\"top\">\n\t\t\t\t\t<div class=\"signature\">\n\t\t\t\t\t\t<div class=\"teft-byline\">\n\t\t\t\t\t\t\t\t\t\t\t\t\t\t<div>\n\t\t\t\t\t\t\t\t<h3>H\u00f8yres redaksjon<\/h3>\t\t\t\t\t\t\t\t\n\t\t\t\t\t\t\t\t\t\t\t\t\t\t\t\t\t<span class=\"date\">Sist oppdatert: 27. januar 2025<\/span>\n\t\t\t\t\t\t\t\t\t\t\t\t\t\t\t\t\t\t\t\t\t\t\t\t\t<span class=\"reading-time\" itemprop=\"timeRequired\" content=\"PT3M\"><em>Ca. 3 minutter lesetid<\/em><\/span>\n\t\t\t\t\t\t\t\t\t\t\t\t\t\t\t<\/div>\n\t\t\t\t\t\t<\/div>\n\t\t\t\t\t<\/div>\n\t\t\t\t\t\t<div class=\"sharing\">\n\t\t<a class=\"share-button share-link copy-link\" data-copy=\"https:\/\/hoyre.no\/bjerkreim\/ordforerkandidat\/\" target=\"_blank\"><span class=\"screen-reader-text\">Del link<\/span><\/a>\n\t\t<a class=\"share-button share-twitter\" href=\"http:\/\/twitter.com\/share?text=Ordf\u00f8rerkandidat&#038;url=https:\/\/hoyre.no\/bjerkreim\/ordforerkandidat\/&#038;hashtags=Hoyre\" target=\"_blank\"><span class=\"screen-reader-text\">Del p\u00e5 twitter<\/span><\/a>\n\t\t<a class=\"share-button share-facebook\" href=\"https:\/\/www.facebook.com\/sharer\/sharer.php?u=https:\/\/hoyre.no\/bjerkreim\/ordforerkandidat\/\" target=\"_blank\"><span class=\"screen-reader-text\">Del p\u00e5 facebook<\/span><\/a>\n\t<\/div>\n\t\t\t\t\t<\/div>\n\t\t\t<\/div>\n\n\t\t\t<figure class=\"hoyre-image-wrapper\"><div class=\"hoyre-image\"><img loading=\"lazy\" decoding=\"async\" width=\"1667\" height=\"2500\" src=\"https:\/\/hoyre.no\/content\/uploads\/sites\/227\/2023\/06\/inger-merethe-scaled.jpg\" class=\"attachment-scaled size-scaled\" alt=\"\" style=\"object-position: 6% 34%\" srcset=\"https:\/\/hoyre.no\/content\/uploads\/sites\/227\/2023\/06\/inger-merethe-scaled.jpg 1667w, https:\/\/hoyre.no\/content\/uploads\/sites\/227\/2023\/06\/inger-merethe-200x300.jpg 200w, https:\/\/hoyre.no\/content\/uploads\/sites\/227\/2023\/06\/inger-merethe-683x1024.jpg 683w, https:\/\/hoyre.no\/content\/uploads\/sites\/227\/2023\/06\/inger-merethe-768x1152.jpg 768w, https:\/\/hoyre.no\/content\/uploads\/sites\/227\/2023\/06\/inger-merethe-1024x1536.jpg 1024w, https:\/\/hoyre.no\/content\/uploads\/sites\/227\/2023\/06\/inger-merethe-1365x2048.jpg 1365w\" sizes=\"auto, (max-width: 1667px) 100vw, 1667px\" \/><\/div><\/figure><\/div><\/div>\n\n\n\n\n<div class=\"wp-block-buttons is-content-justification-center is-layout-flex wp-container-core-buttons-is-layout-16018d1d wp-block-buttons-is-layout-flex\">\n<div class=\"wp-block-button\"><a class=\"wp-block-button__link wp-element-button\" href=\"https:\/\/hoyre.no\/personprofiler\/inger-merethe-bjerkreim\/\">kom i kontakt med Inger Merethe<\/a><\/div>\n<\/div>\n\n\n\n<div class=\"wp-block-hoyre-banner undefined has-icon-title icon-heart is-style-blue\"><div class=\"banner-inner\"><div class=\"banner-content\"><div class=\"entry-content\">\n<h2 class=\"wp-block-heading has-text-align-center\" id=\"h-bli-bedre-kjent-med-navn\">Bli bedre kjent med Inger Merethe!<\/h2>\n\n\n\n<p class=\"has-text-align-left\"><strong>Bosted:<\/strong> Bjerkreim<\/p>\n\n\n\n<p class=\"has-text-align-left\"><strong>Sivilstatus:<\/strong> Kj\u00e6reste med Pia<\/p>\n\n\n\n<p class=\"has-text-align-left\"><strong>Jobb:<\/strong> Salgssjef for m\u00f8belavdelingen hos Norengros Kjosavik<\/p>\n\n\n\n<p class=\"has-text-align-left\"><strong>Utdannelse:<\/strong> Bioingeni\u00f8r og agronom<\/p>\n\n\n\n<p class=\"has-text-align-left\"><strong>Bakgrunn:<\/strong> Tidligere drev jeg g\u00e5rd i 12 \u00e5r, samtidig som jeg jobbet som bioingeni\u00f8r p\u00e5 Orstad legesenter.<\/p>\n\n\n\n<p class=\"has-text-align-left\"><strong>Yrkesliv: <\/strong>Salgssjef for m\u00f8belavdelingen hos Norengros Kjosavik. Gjennom 16 \u00e5r har jeg jobbet i ulike salgs roller hos Kjosavik.<\/p>\n\n\n\n<p class=\"has-text-align-left\"><strong>Politisk erfaring:<\/strong> Lang erfaring fra kommunestyre og fylkesting. Leder av Bjerkreim H\u00f8yre og tidligere nestleder og styremedlem av Rogaland H\u00f8yre.<\/p>\n\n\n\n<p class=\"has-text-align-left\"><strong>Hvorfor er H\u00f8yre rett parti for deg?<\/strong> Meldte meg inn i H\u00f8yre fordi vi mener enkeltmennesket skal f\u00e5 bestemme mest mulig i eget liv, samtidig som vi er v\u00e5rt ansvar bevisst i relasjon med andre mennesker og samfunnet. Sterk forkjemper for at vi m\u00e5 skape f\u00f8r vi deler.<\/p>\n\n\n\n<p class=\"has-text-align-left\"><strong>Viktige verdier for meg: <\/strong>Raushet, lojalitet, arbeidsomhet og integritet.<\/p>\n\n\n\n<p class=\"has-text-align-left\"><strong>Hva gj\u00f8r meg skikkelig glad?<\/strong> N\u00e5r mennesker rundt meg lykkes og har det bra.<\/p>\n\n\n\n<p class=\"has-text-align-left\"><strong>Hva provoserer meg?<\/strong> N\u00e5r noen tar en for gitt og n\u00e5r mennesker p\u00e5beroper seg andres sannheter til inntekt for seg selv.<\/p>\n\n\n\n<p class=\"has-text-align-left\"><strong>Interesser?<\/strong> G\u00e5 turer i flott Bjerkreimsnatur. Teater og konserter.<\/p>\n\n\n\n<p class=\"has-text-align-left\"><strong>Funfact?<\/strong> Er fotballpensjonist, s\u00e5 jeg liker \u00e5 se en fotballkamp i ny og ne.<\/p>\n\n\n\n<div class=\"wp-block-buttons is-layout-flex wp-block-buttons-is-layout-flex\"><\/div>\n<\/div><\/div><\/div><\/div>\n\n\n\n<figure class=\"wp-block-teft-gallery alignwide columns-3 count-5 rows-2 is-cropped is-style-grid\"><ul class=\"teft-gallery-grid\"><li class=\"teft-gallery-item \"><figure><a href=\"https:\/\/hoyre.no\/content\/uploads\/sites\/227\/2023\/06\/348387797_243122338423726_227542892280334797_n-3-scaled.jpg\" data-size=\"2000x2500\"><img loading=\"lazy\" decoding=\"async\" width=\"819\" height=\"1024\" src=\"https:\/\/hoyre.no\/content\/uploads\/sites\/227\/2023\/06\/348387797_243122338423726_227542892280334797_n-3-819x1024.jpg\" class=\"attachment-large size-large\" alt=\"\" srcset=\"https:\/\/hoyre.no\/content\/uploads\/sites\/227\/2023\/06\/348387797_243122338423726_227542892280334797_n-3-819x1024.jpg 819w, https:\/\/hoyre.no\/content\/uploads\/sites\/227\/2023\/06\/348387797_243122338423726_227542892280334797_n-3-240x300.jpg 240w, https:\/\/hoyre.no\/content\/uploads\/sites\/227\/2023\/06\/348387797_243122338423726_227542892280334797_n-3-768x960.jpg 768w, https:\/\/hoyre.no\/content\/uploads\/sites\/227\/2023\/06\/348387797_243122338423726_227542892280334797_n-3-1229x1536.jpg 1229w, https:\/\/hoyre.no\/content\/uploads\/sites\/227\/2023\/06\/348387797_243122338423726_227542892280334797_n-3-1638x2048.jpg 1638w, https:\/\/hoyre.no\/content\/uploads\/sites\/227\/2023\/06\/348387797_243122338423726_227542892280334797_n-3-scaled.jpg 2000w\" sizes=\"auto, (max-width: 819px) 100vw, 819px\" \/ data-full-url=\"https:\/\/hoyre.no\/content\/uploads\/sites\/227\/2023\/06\/348387797_243122338423726_227542892280334797_n-3-scaled.jpg\" data-id=\"154\" data-caption=\"154\"\/><\/a><\/figure><\/li><li class=\"teft-gallery-item \"><figure><a href=\"https:\/\/hoyre.no\/content\/uploads\/sites\/227\/2023\/06\/354214802_489823063323437_3075668282679154505_n-3.jpg\" data-size=\"1125x1547\"><img loading=\"lazy\" decoding=\"async\" width=\"745\" height=\"1024\" src=\"https:\/\/hoyre.no\/content\/uploads\/sites\/227\/2023\/06\/354214802_489823063323437_3075668282679154505_n-3-745x1024.jpg\" class=\"attachment-large size-large\" alt=\"\" srcset=\"https:\/\/hoyre.no\/content\/uploads\/sites\/227\/2023\/06\/354214802_489823063323437_3075668282679154505_n-3-745x1024.jpg 745w, https:\/\/hoyre.no\/content\/uploads\/sites\/227\/2023\/06\/354214802_489823063323437_3075668282679154505_n-3-218x300.jpg 218w, https:\/\/hoyre.no\/content\/uploads\/sites\/227\/2023\/06\/354214802_489823063323437_3075668282679154505_n-3-768x1056.jpg 768w, https:\/\/hoyre.no\/content\/uploads\/sites\/227\/2023\/06\/354214802_489823063323437_3075668282679154505_n-3-1117x1536.jpg 1117w, https:\/\/hoyre.no\/content\/uploads\/sites\/227\/2023\/06\/354214802_489823063323437_3075668282679154505_n-3.jpg 1125w\" sizes=\"auto, (max-width: 745px) 100vw, 745px\" \/ data-full-url=\"https:\/\/hoyre.no\/content\/uploads\/sites\/227\/2023\/06\/354214802_489823063323437_3075668282679154505_n-3.jpg\" data-id=\"155\" data-caption=\"155\"\/><\/a><\/figure><\/li><li class=\"teft-gallery-item \"><figure><a href=\"https:\/\/hoyre.no\/content\/uploads\/sites\/227\/2023\/06\/354226584_811196863930570_1339210106591173786_n-2-scaled.jpg\" data-size=\"1875x2500\"><img loading=\"lazy\" decoding=\"async\" width=\"768\" height=\"1024\" src=\"https:\/\/hoyre.no\/content\/uploads\/sites\/227\/2023\/06\/354226584_811196863930570_1339210106591173786_n-2-768x1024.jpg\" class=\"attachment-large size-large\" alt=\"\" srcset=\"https:\/\/hoyre.no\/content\/uploads\/sites\/227\/2023\/06\/354226584_811196863930570_1339210106591173786_n-2-768x1024.jpg 768w, https:\/\/hoyre.no\/content\/uploads\/sites\/227\/2023\/06\/354226584_811196863930570_1339210106591173786_n-2-225x300.jpg 225w, https:\/\/hoyre.no\/content\/uploads\/sites\/227\/2023\/06\/354226584_811196863930570_1339210106591173786_n-2-1152x1536.jpg 1152w, https:\/\/hoyre.no\/content\/uploads\/sites\/227\/2023\/06\/354226584_811196863930570_1339210106591173786_n-2-1536x2048.jpg 1536w, https:\/\/hoyre.no\/content\/uploads\/sites\/227\/2023\/06\/354226584_811196863930570_1339210106591173786_n-2-scaled.jpg 1875w\" sizes=\"auto, (max-width: 768px) 100vw, 768px\" \/ data-full-url=\"https:\/\/hoyre.no\/content\/uploads\/sites\/227\/2023\/06\/354226584_811196863930570_1339210106591173786_n-2-scaled.jpg\" data-id=\"156\" data-caption=\"156\"\/><\/a><\/figure><\/li><li class=\"teft-gallery-item \"><figure><a href=\"https:\/\/hoyre.no\/content\/uploads\/sites\/227\/2023\/06\/354275190_584990580449598_684867366979052519_n-2-scaled.jpg\" data-size=\"1406x2500\"><img loading=\"lazy\" decoding=\"async\" width=\"576\" height=\"1024\" src=\"https:\/\/hoyre.no\/content\/uploads\/sites\/227\/2023\/06\/354275190_584990580449598_684867366979052519_n-2-576x1024.jpg\" class=\"attachment-large size-large\" alt=\"\" srcset=\"https:\/\/hoyre.no\/content\/uploads\/sites\/227\/2023\/06\/354275190_584990580449598_684867366979052519_n-2-576x1024.jpg 576w, https:\/\/hoyre.no\/content\/uploads\/sites\/227\/2023\/06\/354275190_584990580449598_684867366979052519_n-2-169x300.jpg 169w, https:\/\/hoyre.no\/content\/uploads\/sites\/227\/2023\/06\/354275190_584990580449598_684867366979052519_n-2-768x1365.jpg 768w, https:\/\/hoyre.no\/content\/uploads\/sites\/227\/2023\/06\/354275190_584990580449598_684867366979052519_n-2-864x1536.jpg 864w, https:\/\/hoyre.no\/content\/uploads\/sites\/227\/2023\/06\/354275190_584990580449598_684867366979052519_n-2-1152x2048.jpg 1152w, https:\/\/hoyre.no\/content\/uploads\/sites\/227\/2023\/06\/354275190_584990580449598_684867366979052519_n-2-scaled.jpg 1406w\" sizes=\"auto, (max-width: 576px) 100vw, 576px\" \/ data-full-url=\"https:\/\/hoyre.no\/content\/uploads\/sites\/227\/2023\/06\/354275190_584990580449598_684867366979052519_n-2-scaled.jpg\" data-id=\"157\" data-caption=\"157\"\/><\/a><\/figure><\/li><li class=\"teft-gallery-item \"><figure><a href=\"https:\/\/hoyre.no\/content\/uploads\/sites\/227\/2023\/06\/354304243_1191309851554683_3152469510813171040_n-3-scaled.jpg\" data-size=\"1406x2500\"><img loading=\"lazy\" decoding=\"async\" width=\"576\" height=\"1024\" src=\"https:\/\/hoyre.no\/content\/uploads\/sites\/227\/2023\/06\/354304243_1191309851554683_3152469510813171040_n-3-576x1024.jpg\" class=\"attachment-large size-large\" alt=\"\" srcset=\"https:\/\/hoyre.no\/content\/uploads\/sites\/227\/2023\/06\/354304243_1191309851554683_3152469510813171040_n-3-576x1024.jpg 576w, https:\/\/hoyre.no\/content\/uploads\/sites\/227\/2023\/06\/354304243_1191309851554683_3152469510813171040_n-3-169x300.jpg 169w, https:\/\/hoyre.no\/content\/uploads\/sites\/227\/2023\/06\/354304243_1191309851554683_3152469510813171040_n-3-768x1365.jpg 768w, https:\/\/hoyre.no\/content\/uploads\/sites\/227\/2023\/06\/354304243_1191309851554683_3152469510813171040_n-3-864x1536.jpg 864w, https:\/\/hoyre.no\/content\/uploads\/sites\/227\/2023\/06\/354304243_1191309851554683_3152469510813171040_n-3-1152x2048.jpg 1152w, https:\/\/hoyre.no\/content\/uploads\/sites\/227\/2023\/06\/354304243_1191309851554683_3152469510813171040_n-3-scaled.jpg 1406w\" sizes=\"auto, (max-width: 576px) 100vw, 576px\" \/ data-full-url=\"https:\/\/hoyre.no\/content\/uploads\/sites\/227\/2023\/06\/354304243_1191309851554683_3152469510813171040_n-3-scaled.jpg\" data-id=\"158\" data-caption=\"158\"\/><\/a><\/figure><\/li><\/ul><\/figure>\n\n\n\n<h2 class=\"wp-block-heading\">Inger Merethe sine hjertesak<\/h2>\n\n\n\n<p>\ud83d\udc99 Vi m\u00e5 prioritere det viktigste f\u00f8rst. Kommunen m\u00e5 derfor ha en sunn og god \u00f8konomi for \u00e5 kunne yte de beste tjenestene til innbyggere.<\/p>\n\n\n\n<p>\ud83d\udc99 Vi skal ha en trygg og god eldreomsorg.<\/p>\n\n\n\n<p>\ud83d\udc99 Vi skal ha en skole der alle kan lykkes.<\/p>\n\n\n\n<p>\ud83d\udc99 Vi m\u00e5 f\u00e5 fortgang p\u00e5 nye E39 slik at vi kommer trygt hjem og n\u00e6ringslivet fort fram.<\/p>\n\n\n\n<p>\ud83d\udc99 Vi m\u00e5 skape bolyst for \u00e5 f\u00e5 flere innbyggere til den flotte kommunen v\u00e5r.<\/p>\n\n\n\n\n<figure class=\"wp-block-teft-gallery alignwide columns-3 count-3 rows-2 is-cropped\"><ul class=\"teft-gallery-grid\"><li class=\"teft-gallery-item \"><figure><a href=\"https:\/\/hoyre.no\/content\/uploads\/sites\/227\/2023\/06\/354033581_157338563907218_7959404055196490760_n-2.jpg\" data-size=\"1065x627\"><img loading=\"lazy\" decoding=\"async\" width=\"1024\" height=\"603\" src=\"https:\/\/hoyre.no\/content\/uploads\/sites\/227\/2023\/06\/354033581_157338563907218_7959404055196490760_n-2-1024x603.jpg\" class=\"attachment-large size-large\" alt=\"\" srcset=\"https:\/\/hoyre.no\/content\/uploads\/sites\/227\/2023\/06\/354033581_157338563907218_7959404055196490760_n-2-1024x603.jpg 1024w, https:\/\/hoyre.no\/content\/uploads\/sites\/227\/2023\/06\/354033581_157338563907218_7959404055196490760_n-2-300x177.jpg 300w, https:\/\/hoyre.no\/content\/uploads\/sites\/227\/2023\/06\/354033581_157338563907218_7959404055196490760_n-2-768x452.jpg 768w, https:\/\/hoyre.no\/content\/uploads\/sites\/227\/2023\/06\/354033581_157338563907218_7959404055196490760_n-2.jpg 1065w\" sizes=\"auto, (max-width: 1024px) 100vw, 1024px\" \/ data-full-url=\"https:\/\/hoyre.no\/content\/uploads\/sites\/227\/2023\/06\/354033581_157338563907218_7959404055196490760_n-2.jpg\" data-id=\"150\" data-caption=\"150\"\/><\/a><\/figure><\/li><li class=\"teft-gallery-item \"><figure><a href=\"https:\/\/hoyre.no\/content\/uploads\/sites\/227\/2023\/06\/354105044_782861829986464_3271746431216195520_n-1-scaled.jpg\" data-size=\"1875x2500\"><img loading=\"lazy\" decoding=\"async\" width=\"768\" height=\"1024\" src=\"https:\/\/hoyre.no\/content\/uploads\/sites\/227\/2023\/06\/354105044_782861829986464_3271746431216195520_n-1-768x1024.jpg\" class=\"attachment-large size-large\" alt=\"\" srcset=\"https:\/\/hoyre.no\/content\/uploads\/sites\/227\/2023\/06\/354105044_782861829986464_3271746431216195520_n-1-768x1024.jpg 768w, https:\/\/hoyre.no\/content\/uploads\/sites\/227\/2023\/06\/354105044_782861829986464_3271746431216195520_n-1-225x300.jpg 225w, https:\/\/hoyre.no\/content\/uploads\/sites\/227\/2023\/06\/354105044_782861829986464_3271746431216195520_n-1-1152x1536.jpg 1152w, https:\/\/hoyre.no\/content\/uploads\/sites\/227\/2023\/06\/354105044_782861829986464_3271746431216195520_n-1-1536x2048.jpg 1536w, https:\/\/hoyre.no\/content\/uploads\/sites\/227\/2023\/06\/354105044_782861829986464_3271746431216195520_n-1-scaled.jpg 1875w\" sizes=\"auto, (max-width: 768px) 100vw, 768px\" \/ data-full-url=\"https:\/\/hoyre.no\/content\/uploads\/sites\/227\/2023\/06\/354105044_782861829986464_3271746431216195520_n-1-scaled.jpg\" data-id=\"151\" data-caption=\"151\"\/><\/a><\/figure><\/li><li class=\"teft-gallery-item \"><figure><a href=\"https:\/\/hoyre.no\/content\/uploads\/sites\/227\/2023\/06\/354274052_965161617940153_8781168661345681008_n-1.jpg\" data-size=\"736x1241\"><img loading=\"lazy\" decoding=\"async\" width=\"607\" height=\"1024\" src=\"https:\/\/hoyre.no\/content\/uploads\/sites\/227\/2023\/06\/354274052_965161617940153_8781168661345681008_n-1-607x1024.jpg\" class=\"attachment-large size-large\" alt=\"\" srcset=\"https:\/\/hoyre.no\/content\/uploads\/sites\/227\/2023\/06\/354274052_965161617940153_8781168661345681008_n-1-607x1024.jpg 607w, https:\/\/hoyre.no\/content\/uploads\/sites\/227\/2023\/06\/354274052_965161617940153_8781168661345681008_n-1-178x300.jpg 178w, https:\/\/hoyre.no\/content\/uploads\/sites\/227\/2023\/06\/354274052_965161617940153_8781168661345681008_n-1.jpg 736w\" sizes=\"auto, (max-width: 607px) 100vw, 607px\" \/ data-full-url=\"https:\/\/hoyre.no\/content\/uploads\/sites\/227\/2023\/06\/354274052_965161617940153_8781168661345681008_n-1.jpg\" data-id=\"152\" data-caption=\"152\"\/><\/a><\/figure><\/li><\/ul><\/figure>\n\n\n\n<div class=\"wp-block-teft-accordion\"><div class=\"teft-accordion__inner\">\n<div class=\"wp-block-teft-item\"><div class=\"teft-item__inner\"><div class=\"teft-item__inner-content entry-content\"><\/div><\/div><\/div>\n<\/div><\/div>\n\n\n\n<p><\/p>\n","protected":false},"excerpt":{"rendered":"","protected":false},"author":10416,"featured_media":0,"parent":0,"menu_order":0,"comment_status":"closed","ping_status":"closed","template":"","meta":{"teft_cards_image_url":"","teft_cards_custom_pretitle":"","teft_cards_image_id":124,"teft_cards_image_focal_point_x":0.5,"teft_cards_image_focal_point_y":0.5,"teft_cards_title":"","teft_cards_excerpt":"","teft_show_chapters":false,"footnotes":""},"class_list":["post-31","page","type-page","status-publish","hentry"],"yoast_head":"<!-- This site is optimized with the Yoast SEO plugin v26.6 - https:\/\/yoast.com\/wordpress\/plugins\/seo\/ -->\n<title>Ordf\u00f8rerkandidat - Bjerkreim H\u00f8yre<\/title>\n<meta name=\"description\" content=\"Bli bedre kjent med Inger Merethe Bjerkreim, H\u00f8yres gruppeleder i Bjerkreim.\" \/>\n<meta name=\"robots\" content=\"index, follow, max-snippet:-1, max-image-preview:large, max-video-preview:-1\" \/>\n<link rel=\"canonical\" href=\"https:\/\/hoyre.no\/bjerkreim\/ordforerkandidat\/\" \/>\n<meta property=\"og:locale\" content=\"nb_NO\" \/>\n<meta property=\"og:type\" content=\"article\" \/>\n<meta property=\"og:title\" content=\"Ordf\u00f8rerkandidat - Bjerkreim H\u00f8yre\" \/>\n<meta property=\"og:description\" content=\"Bli bedre kjent med Inger Merethe Bjerkreim, H\u00f8yres gruppeleder i Bjerkreim.\" \/>\n<meta property=\"og:url\" content=\"https:\/\/hoyre.no\/bjerkreim\/ordforerkandidat\/\" \/>\n<meta property=\"og:site_name\" content=\"Bjerkreim H\u00f8yre\" \/>\n<meta property=\"article:modified_time\" content=\"2025-01-27T12:39:16+00:00\" \/>\n<meta property=\"og:image\" content=\"https:\/\/hoyre.no\/content\/uploads\/sites\/227\/2023\/06\/inger-merethe-683x1024.jpg\" \/>\n<meta name=\"twitter:card\" content=\"summary_large_image\" \/>\n<meta name=\"twitter:label1\" content=\"Ansl. lesetid\" \/>\n\t<meta name=\"twitter:data1\" content=\"2 minutter\" \/>\n<script type=\"application\/ld+json\" class=\"yoast-schema-graph\">{\"@context\":\"https:\/\/schema.org\",\"@graph\":[{\"@type\":\"WebPage\",\"@id\":\"https:\/\/hoyre.no\/bjerkreim\/ordforerkandidat\/\",\"url\":\"https:\/\/hoyre.no\/bjerkreim\/ordforerkandidat\/\",\"name\":\"Ordf\u00f8rerkandidat - Bjerkreim H\u00f8yre\",\"isPartOf\":{\"@id\":\"https:\/\/hoyre.no\/bjerkreim\/#website\"},\"datePublished\":\"2023-06-14T11:50:41+00:00\",\"dateModified\":\"2025-01-27T12:39:16+00:00\",\"description\":\"Bli bedre kjent med Inger Merethe Bjerkreim, H\u00f8yres gruppeleder i Bjerkreim.\",\"breadcrumb\":{\"@id\":\"https:\/\/hoyre.no\/bjerkreim\/ordforerkandidat\/#breadcrumb\"},\"inLanguage\":\"nb-NO\",\"potentialAction\":[{\"@type\":\"ReadAction\",\"target\":[\"https:\/\/hoyre.no\/bjerkreim\/ordforerkandidat\/\"]}]},{\"@type\":\"BreadcrumbList\",\"@id\":\"https:\/\/hoyre.no\/bjerkreim\/ordforerkandidat\/#breadcrumb\",\"itemListElement\":[{\"@type\":\"ListItem\",\"position\":1,\"name\":\"Til hoyre.no\",\"item\":\"https:\/\/hoyre.no\"},{\"@type\":\"ListItem\",\"position\":2,\"name\":\"Hjem\",\"item\":\"https:\/\/hoyre.no\/bjerkreim\/\"},{\"@type\":\"ListItem\",\"position\":3,\"name\":\"Ordf\u00f8rerkandidat\"}]},{\"@type\":\"WebSite\",\"@id\":\"https:\/\/hoyre.no\/bjerkreim\/#website\",\"url\":\"https:\/\/hoyre.no\/bjerkreim\/\",\"name\":\"Bjerkreim H\u00f8yre\",\"description\":\"Bare enda et H\u00f8yres nettsteder-nettsted\",\"inLanguage\":\"nb-NO\"}]}<\/script>\n<!-- \/ Yoast SEO plugin. -->","yoast_head_json":{"title":"Ordf\u00f8rerkandidat - Bjerkreim H\u00f8yre","description":"Bli bedre kjent med Inger Merethe Bjerkreim, H\u00f8yres gruppeleder i Bjerkreim.","robots":{"index":"index","follow":"follow","max-snippet":"max-snippet:-1","max-image-preview":"max-image-preview:large","max-video-preview":"max-video-preview:-1"},"canonical":"https:\/\/hoyre.no\/bjerkreim\/ordforerkandidat\/","og_locale":"nb_NO","og_type":"article","og_title":"Ordf\u00f8rerkandidat - Bjerkreim H\u00f8yre","og_description":"Bli bedre kjent med Inger Merethe Bjerkreim, H\u00f8yres gruppeleder i Bjerkreim.","og_url":"https:\/\/hoyre.no\/bjerkreim\/ordforerkandidat\/","og_site_name":"Bjerkreim H\u00f8yre","article_modified_time":"2025-01-27T12:39:16+00:00","og_image":[{"url":"https:\/\/hoyre.no\/content\/uploads\/sites\/227\/2023\/06\/inger-merethe-683x1024.jpg","width":"","height":"","type":""}],"twitter_card":"summary_large_image","twitter_misc":{"Ansl. lesetid":"2 minutter"},"schema":{"@context":"https:\/\/schema.org","@graph":[{"@type":"WebPage","@id":"https:\/\/hoyre.no\/bjerkreim\/ordforerkandidat\/","url":"https:\/\/hoyre.no\/bjerkreim\/ordforerkandidat\/","name":"Ordf\u00f8rerkandidat - Bjerkreim H\u00f8yre","isPartOf":{"@id":"https:\/\/hoyre.no\/bjerkreim\/#website"},"datePublished":"2023-06-14T11:50:41+00:00","dateModified":"2025-01-27T12:39:16+00:00","description":"Bli bedre kjent med Inger Merethe Bjerkreim, H\u00f8yres gruppeleder i Bjerkreim.","breadcrumb":{"@id":"https:\/\/hoyre.no\/bjerkreim\/ordforerkandidat\/#breadcrumb"},"inLanguage":"nb-NO","potentialAction":[{"@type":"ReadAction","target":["https:\/\/hoyre.no\/bjerkreim\/ordforerkandidat\/"]}]},{"@type":"BreadcrumbList","@id":"https:\/\/hoyre.no\/bjerkreim\/ordforerkandidat\/#breadcrumb","itemListElement":[{"@type":"ListItem","position":1,"name":"Til hoyre.no","item":"https:\/\/hoyre.no"},{"@type":"ListItem","position":2,"name":"Hjem","item":"https:\/\/hoyre.no\/bjerkreim\/"},{"@type":"ListItem","position":3,"name":"Ordf\u00f8rerkandidat"}]},{"@type":"WebSite","@id":"https:\/\/hoyre.no\/bjerkreim\/#website","url":"https:\/\/hoyre.no\/bjerkreim\/","name":"Bjerkreim H\u00f8yre","description":"Bare enda et H\u00f8yres nettsteder-nettsted","inLanguage":"nb-NO"}]}},"distributor_meta":false,"distributor_terms":false,"distributor_media":false,"distributor_original_site_name":"Bjerkreim H\u00f8yre","distributor_original_site_url":"https:\/\/hoyre.no\/bjerkreim","push-errors":false,"_links":{"self":[{"href":"https:\/\/hoyre.no\/bjerkreim\/wp-json\/wp\/v2\/pages\/31","targetHints":{"allow":["GET"]}}],"collection":[{"href":"https:\/\/hoyre.no\/bjerkreim\/wp-json\/wp\/v2\/pages"}],"about":[{"href":"https:\/\/hoyre.no\/bjerkreim\/wp-json\/wp\/v2\/types\/page"}],"author":[{"embeddable":true,"href":"https:\/\/hoyre.no\/bjerkreim\/wp-json\/wp\/v2\/users\/10416"}],"replies":[{"embeddable":true,"href":"https:\/\/hoyre.no\/bjerkreim\/wp-json\/wp\/v2\/comments?post=31"}],"version-history":[{"count":5,"href":"https:\/\/hoyre.no\/bjerkreim\/wp-json\/wp\/v2\/pages\/31\/revisions"}],"predecessor-version":[{"id":204,"href":"https:\/\/hoyre.no\/bjerkreim\/wp-json\/wp\/v2\/pages\/31\/revisions\/204"}],"wp:attachment":[{"href":"https:\/\/hoyre.no\/bjerkreim\/wp-json\/wp\/v2\/media?parent=31"}],"curies":[{"name":"wp","href":"https:\/\/api.w.org\/{rel}","templated":true}]}}