{"id":164,"date":"2022-09-21T14:23:43","date_gmt":"2022-09-21T12:23:43","guid":{"rendered":"https:\/\/hoyre.no\/bodo\/?page_id=164"},"modified":"2025-01-24T15:44:11","modified_gmt":"2025-01-24T14:44:11","slug":"odd-emil-ingebrigsten-var-ordforer","status":"publish","type":"page","link":"https:\/\/hoyre.no\/bodo\/odd-emil-ingebrigsten-var-ordforer\/","title":{"rendered":"Odd Emil Ingebrigsten &#8211; v\u00e5r ordf\u00f8rer"},"content":{"rendered":"\n<div class=\"wp-block-hoyre-hero with-image-gradient text-color-light  has-media alignfull has-background\"><div class=\"hoyre-hero has-image\"><h1 class=\"title\"><br>Odd Emil Ingebrigtsen &#8211; ordf\u00f8rer<\/h1><figure class=\"hoyre-image-wrapper\"><div class=\"hoyre-image\"><img loading=\"lazy\" decoding=\"async\" width=\"2500\" height=\"1667\" src=\"https:\/\/hoyre.no\/content\/uploads\/sites\/148\/2022\/08\/Odd-Emil-Ingebrigtsen-foto-Hans-Kristian-Thorbjornsen-1595-scaled.jpg\" class=\"attachment-scaled size-scaled\" alt=\"\" style=\"object-position: 47% 32%\" srcset=\"https:\/\/hoyre.no\/content\/uploads\/sites\/148\/2022\/08\/Odd-Emil-Ingebrigtsen-foto-Hans-Kristian-Thorbjornsen-1595-scaled.jpg 2500w, https:\/\/hoyre.no\/content\/uploads\/sites\/148\/2022\/08\/Odd-Emil-Ingebrigtsen-foto-Hans-Kristian-Thorbjornsen-1595-300x200.jpg 300w, https:\/\/hoyre.no\/content\/uploads\/sites\/148\/2022\/08\/Odd-Emil-Ingebrigtsen-foto-Hans-Kristian-Thorbjornsen-1595-1024x683.jpg 1024w, https:\/\/hoyre.no\/content\/uploads\/sites\/148\/2022\/08\/Odd-Emil-Ingebrigtsen-foto-Hans-Kristian-Thorbjornsen-1595-768x512.jpg 768w, https:\/\/hoyre.no\/content\/uploads\/sites\/148\/2022\/08\/Odd-Emil-Ingebrigtsen-foto-Hans-Kristian-Thorbjornsen-1595-1536x1024.jpg 1536w, https:\/\/hoyre.no\/content\/uploads\/sites\/148\/2022\/08\/Odd-Emil-Ingebrigtsen-foto-Hans-Kristian-Thorbjornsen-1595-2048x1365.jpg 2048w\" sizes=\"auto, (max-width: 2500px) 100vw, 2500px\" \/><\/div><\/figure><\/div><\/div>\n\n\n\n\n<div class=\"wp-block-buttons is-layout-flex wp-block-buttons-is-layout-flex\">\n<div class=\"wp-block-button\"><a class=\"wp-block-button__link wp-element-button\" href=\"https:\/\/hoyre.no\/nyhetsbrev\/\">abonner p\u00e5 h\u00f8yres nyhetsbrev<\/a><\/div>\n\n\n\n<div class=\"wp-block-button\"><a class=\"wp-block-button__link wp-element-button\" href=\"https:\/\/hoyre.no\/personprofiler\/odd-emil-ingebrigtsen\/\">kom i kontakt med odd emiL<\/a><\/div>\n\n\n\n<div class=\"wp-block-button\"><a class=\"wp-block-button__link wp-element-button\" href=\"https:\/\/www.facebook.com\/bodohoyre\" target=\"_blank\" rel=\"noreferrer noopener\">f\u00f8lg bod\u00f8 h\u00f8yre p\u00e5 facebook<\/a><\/div>\n<\/div>\n\n\n\n<div class=\"wp-block-hoyre-banner undefined has-icon-title icon-heart\"><div class=\"banner-inner\"><div class=\"banner-content\"><div class=\"entry-content\">\n<h2 class=\"wp-block-heading has-text-align-center\" id=\"h-bli-bedre-kjent-med-odd-emil\">Bli bedre kjent med Odd Emil!<\/h2>\n\n\n\n<p class=\"has-text-align-left is-style-large\"><strong>Bosted:<\/strong> Bod\u00f8<\/p>\n\n\n\n<p class=\"has-text-align-left\"><strong>Jobb:<\/strong> Daglig leder i Paradigm Aquatic (Nordly-konsernet)<\/p>\n\n\n\n<p class=\"has-text-align-left\"><strong>Bakgrunn:<\/strong> Tidligere fiskeri- og sj\u00f8matminister og statssekret\u00e6r i Olje- og Energidepartementet<\/p>\n\n\n\n<p class=\"has-text-align-left\"><\/p>\n<\/div><\/div><\/div><\/div>\n\n\n\n<div class=\"wp-block-teft-accentuated-link undefined has-image\"><div class=\"kf-link__wrapper\"><div class=\"kf-link__tagline\"><\/div><a class=\"kf-link__link\" href=\"https:\/\/www.facebook.com\/bodohoyre\" rel=\"noreferrer noopener\" target=\"_blank\">F\u00f8lg Bod\u00f8 H\u00f8yre p\u00e5 Facebook<span class=\"kf-link__link-source\">www.facebook.com<svg xmlns=\"http:\/\/www.w3.org\/2000\/svg\" viewBox=\"0 0 24 24\" width=\"10\" height=\"10\" aria-hidden=\"true\"><path d=\"M8.251 16.498a.752.752 0 0 1-.53-1.281l13.72-13.72h-4.939a.75.75 0 0 1 0-1.5h6.75a.735.735 0 0 1 .293.06.75.75 0 0 1 .4.404l.01.026a.73.73 0 0 1 .047.26v6.75a.75.75 0 0 1-1.5 0V2.559l-13.72 13.72a.75.75 0 0 1-.531.219z\"><\/path><path d=\"M2.251 23.998a2.252 2.252 0 0 1-2.25-2.25v-15a2.252 2.252 0 0 1 2.25-2.25h9a.75.75 0 0 1 0 1.5h-9a.75.75 0 0 0-.75.75v15c0 .414.336.75.75.75h15a.75.75 0 0 0 .75-.75v-9a.75.75 0 0 1 1.5 0v9a2.252 2.252 0 0 1-2.25 2.25h-15z\"><\/path><\/svg><\/span><\/a><\/div><figure class=\"hoyre-image-wrapper\"><div class=\"hoyre-image\"><img loading=\"lazy\" decoding=\"async\" width=\"1000\" height=\"1000\" src=\"https:\/\/hoyre.no\/content\/uploads\/sites\/148\/2020\/09\/2020_RGB_hoyre_logo_profilbilde_01.png\" class=\"attachment-scaled size-scaled\" alt=\"\" style=\"object-position: 53% 27%\" srcset=\"https:\/\/hoyre.no\/content\/uploads\/sites\/148\/2020\/09\/2020_RGB_hoyre_logo_profilbilde_01.png 1000w, https:\/\/hoyre.no\/content\/uploads\/sites\/148\/2020\/09\/2020_RGB_hoyre_logo_profilbilde_01-300x300.png 300w, https:\/\/hoyre.no\/content\/uploads\/sites\/148\/2020\/09\/2020_RGB_hoyre_logo_profilbilde_01-150x150.png 150w, https:\/\/hoyre.no\/content\/uploads\/sites\/148\/2020\/09\/2020_RGB_hoyre_logo_profilbilde_01-768x768.png 768w\" sizes=\"auto, (max-width: 1000px) 100vw, 1000px\" \/><\/div><\/figure><\/div>\n\n\n\n<figure class=\"wp-block-teft-gallery columns-3 count-3 rows-2 is-cropped\"><ul class=\"teft-gallery-grid\"><li class=\"teft-gallery-item \"><figure><a href=\"https:\/\/hoyre.no\/content\/uploads\/sites\/148\/2022\/08\/Odd-Emil-Ingebrigtsen-foto-Hans-Kristian-Thorbjornsen-1574-scaled.jpg\" data-size=\"2500x1667\"><img loading=\"lazy\" decoding=\"async\" width=\"1024\" height=\"683\" src=\"https:\/\/hoyre.no\/content\/uploads\/sites\/148\/2022\/08\/Odd-Emil-Ingebrigtsen-foto-Hans-Kristian-Thorbjornsen-1574-1024x683.jpg\" class=\"attachment-large size-large\" alt=\"\" srcset=\"https:\/\/hoyre.no\/content\/uploads\/sites\/148\/2022\/08\/Odd-Emil-Ingebrigtsen-foto-Hans-Kristian-Thorbjornsen-1574-1024x683.jpg 1024w, https:\/\/hoyre.no\/content\/uploads\/sites\/148\/2022\/08\/Odd-Emil-Ingebrigtsen-foto-Hans-Kristian-Thorbjornsen-1574-300x200.jpg 300w, https:\/\/hoyre.no\/content\/uploads\/sites\/148\/2022\/08\/Odd-Emil-Ingebrigtsen-foto-Hans-Kristian-Thorbjornsen-1574-768x512.jpg 768w, https:\/\/hoyre.no\/content\/uploads\/sites\/148\/2022\/08\/Odd-Emil-Ingebrigtsen-foto-Hans-Kristian-Thorbjornsen-1574-1536x1024.jpg 1536w, https:\/\/hoyre.no\/content\/uploads\/sites\/148\/2022\/08\/Odd-Emil-Ingebrigtsen-foto-Hans-Kristian-Thorbjornsen-1574-2048x1365.jpg 2048w\" sizes=\"auto, (max-width: 1024px) 100vw, 1024px\" \/ data-full-url=\"https:\/\/hoyre.no\/content\/uploads\/sites\/148\/2022\/08\/Odd-Emil-Ingebrigtsen-foto-Hans-Kristian-Thorbjornsen-1574-scaled.jpg\" data-id=\"167\" data-caption=\"167\"\/><\/a><\/figure><\/li><li class=\"teft-gallery-item \"><figure><a href=\"https:\/\/hoyre.no\/content\/uploads\/sites\/148\/2020\/11\/odd-emil.jpg\" data-size=\"804x643\"><img loading=\"lazy\" decoding=\"async\" width=\"804\" height=\"643\" src=\"https:\/\/hoyre.no\/content\/uploads\/sites\/148\/2020\/11\/odd-emil.jpg\" class=\"attachment-large size-large\" alt=\"\" srcset=\"https:\/\/hoyre.no\/content\/uploads\/sites\/148\/2020\/11\/odd-emil.jpg 804w, https:\/\/hoyre.no\/content\/uploads\/sites\/148\/2020\/11\/odd-emil-300x240.jpg 300w, https:\/\/hoyre.no\/content\/uploads\/sites\/148\/2020\/11\/odd-emil-768x614.jpg 768w\" sizes=\"auto, (max-width: 804px) 100vw, 804px\" \/ data-full-url=\"https:\/\/hoyre.no\/content\/uploads\/sites\/148\/2020\/11\/odd-emil.jpg\" data-id=\"91\" data-caption=\"91\"\/><\/a><\/figure><\/li><li class=\"teft-gallery-item \"><figure><a href=\"https:\/\/hoyre.no\/content\/uploads\/sites\/148\/2022\/08\/odd-emil-gruppe.jpeg\" data-size=\"2048x1536\"><img loading=\"lazy\" decoding=\"async\" width=\"1024\" height=\"768\" src=\"https:\/\/hoyre.no\/content\/uploads\/sites\/148\/2022\/08\/odd-emil-gruppe-1024x768.jpeg\" class=\"attachment-large size-large\" alt=\"\" srcset=\"https:\/\/hoyre.no\/content\/uploads\/sites\/148\/2022\/08\/odd-emil-gruppe-1024x768.jpeg 1024w, https:\/\/hoyre.no\/content\/uploads\/sites\/148\/2022\/08\/odd-emil-gruppe-300x225.jpeg 300w, https:\/\/hoyre.no\/content\/uploads\/sites\/148\/2022\/08\/odd-emil-gruppe-768x576.jpeg 768w, https:\/\/hoyre.no\/content\/uploads\/sites\/148\/2022\/08\/odd-emil-gruppe-1536x1152.jpeg 1536w, https:\/\/hoyre.no\/content\/uploads\/sites\/148\/2022\/08\/odd-emil-gruppe.jpeg 2048w\" sizes=\"auto, (max-width: 1024px) 100vw, 1024px\" \/ data-full-url=\"https:\/\/hoyre.no\/content\/uploads\/sites\/148\/2022\/08\/odd-emil-gruppe.jpeg\" data-id=\"168\" data-caption=\"168\"\/><\/a><\/figure><\/li><\/ul><\/figure>\n\n\n\n<h2 class=\"wp-block-heading has-text-align-center\" id=\"h-odd-emils-hjertesak\">Odd Emils hjertesak<\/h2>\n\n\n\n<p class=\"is-style-default\">\ud83d\udc99 <strong>Det er folk som bygger Bod\u00f8<\/strong><\/p>\n\n\n\n<p class=\"is-style-default\">For meg handler det om folk. Det er menneskene som skaper resultater b\u00e5de i kommunen og i private virksomheter. Jeg vil v\u00e6re med \u00e5 gj\u00f8re hverdagen for folk og n\u00e6ringsliv i Bod\u00f8 enda bedre.<\/p>\n\n\n\n<p class=\"is-style-default\">Vi trenger en trygg og sikker kommune\u00f8konomi for \u00e5 sikre gode offentlige tjenester \u2013 og v\u00e6re en attraktiv arbeidsgiver for de ansatte med trygge arbeidsplasser. En b\u00e6rekraftig \u00f8konomi for Bod\u00f8 kommune betyr at vi over tid m\u00e5 drifte kommunen enda bedre, prioritere kjerneoppgaver helse, skole og infrastruktur OG legge grunnlag for ny utvikling og nye arbeidsplasser.<\/p>\n\n\n\n\n<figure class=\"wp-block-embed is-type-video is-provider-youtube wp-block-embed-youtube wp-embed-aspect-16-9 wp-has-aspect-ratio\"><div class=\"wp-block-embed__wrapper\">\n<iframe loading=\"lazy\" title=\"Odd Emil Ingebrigtsen - Ordf\u00f8rerkandidat Bod\u00f8 H\u00f8yre\" width=\"500\" height=\"281\" src=\"https:\/\/www.youtube.com\/embed\/Gtrbxzo8fnE?feature=oembed\" frameborder=\"0\" allow=\"accelerometer; autoplay; clipboard-write; encrypted-media; gyroscope; picture-in-picture; web-share\" referrerpolicy=\"strict-origin-when-cross-origin\" allowfullscreen><\/iframe>\n<\/div><\/figure>\n","protected":false},"excerpt":{"rendered":"","protected":false},"author":31684,"featured_media":0,"parent":0,"menu_order":0,"comment_status":"closed","ping_status":"closed","template":"","meta":{"teft_cards_image_url":"","teft_cards_custom_pretitle":"","teft_cards_image_id":166,"teft_cards_image_focal_point_x":0.49,"teft_cards_image_focal_point_y":0.29,"teft_cards_title":"","teft_cards_excerpt":"","teft_show_chapters":false,"footnotes":""},"class_list":["post-164","page","type-page","status-publish","hentry"],"yoast_head":"<!-- This site is optimized with the Yoast SEO Premium plugin v26.5 (Yoast SEO v26.6) - https:\/\/yoast.com\/wordpress\/plugins\/seo\/ -->\n<title>Odd Emil Ingebrigsten - v\u00e5r ordf\u00f8rer - Bod\u00f8 H\u00f8yre<\/title>\n<meta name=\"description\" content=\"Bli bedre kjent med H\u00f8yre-ordf\u00f8rere Odd Emil Ingebrigtsen.\" \/>\n<meta name=\"robots\" content=\"index, follow, max-snippet:-1, max-image-preview:large, max-video-preview:-1\" \/>\n<link rel=\"canonical\" href=\"https:\/\/hoyre.no\/bodo\/odd-emil-ingebrigsten-var-ordforer\/\" \/>\n<meta property=\"og:locale\" content=\"nb_NO\" \/>\n<meta property=\"og:type\" content=\"article\" \/>\n<meta property=\"og:title\" content=\"Odd Emil Ingebrigsten - v\u00e5r ordf\u00f8rer\" \/>\n<meta property=\"og:description\" content=\"Bli bedre kjent med H\u00f8yre-ordf\u00f8rere Odd Emil Ingebrigtsen.\" \/>\n<meta property=\"og:url\" content=\"https:\/\/hoyre.no\/bodo\/odd-emil-ingebrigsten-var-ordforer\/\" \/>\n<meta property=\"og:site_name\" content=\"Bod\u00f8 H\u00f8yre\" \/>\n<meta property=\"article:modified_time\" content=\"2025-01-24T14:44:11+00:00\" \/>\n<meta property=\"og:image\" content=\"https:\/\/hoyre.no\/content\/uploads\/sites\/148\/2022\/08\/Odd-Emil-Ingebrigtsen-foto-Hans-Kristian-Thorbjornsen-1595-1024x683.jpg\" \/>\n<meta name=\"twitter:card\" content=\"summary_large_image\" \/>\n<meta name=\"twitter:label1\" content=\"Ansl. lesetid\" \/>\n\t<meta name=\"twitter:data1\" content=\"1 minutt\" \/>\n<script type=\"application\/ld+json\" class=\"yoast-schema-graph\">{\"@context\":\"https:\/\/schema.org\",\"@graph\":[{\"@type\":\"WebPage\",\"@id\":\"https:\/\/hoyre.no\/bodo\/odd-emil-ingebrigsten-var-ordforer\/\",\"url\":\"https:\/\/hoyre.no\/bodo\/odd-emil-ingebrigsten-var-ordforer\/\",\"name\":\"Odd Emil Ingebrigsten - v\u00e5r ordf\u00f8rer - Bod\u00f8 H\u00f8yre\",\"isPartOf\":{\"@id\":\"https:\/\/hoyre.no\/bodo\/#website\"},\"datePublished\":\"2022-09-21T12:23:43+00:00\",\"dateModified\":\"2025-01-24T14:44:11+00:00\",\"description\":\"Bli bedre kjent med H\u00f8yre-ordf\u00f8rere Odd Emil Ingebrigtsen.\",\"breadcrumb\":{\"@id\":\"https:\/\/hoyre.no\/bodo\/odd-emil-ingebrigsten-var-ordforer\/#breadcrumb\"},\"inLanguage\":\"nb-NO\",\"potentialAction\":[{\"@type\":\"ReadAction\",\"target\":[\"https:\/\/hoyre.no\/bodo\/odd-emil-ingebrigsten-var-ordforer\/\"]}]},{\"@type\":\"BreadcrumbList\",\"@id\":\"https:\/\/hoyre.no\/bodo\/odd-emil-ingebrigsten-var-ordforer\/#breadcrumb\",\"itemListElement\":[{\"@type\":\"ListItem\",\"position\":1,\"name\":\"Til hoyre.no\",\"item\":\"https:\/\/hoyre.no\"},{\"@type\":\"ListItem\",\"position\":2,\"name\":\"Hjem\",\"item\":\"https:\/\/hoyre.no\/bodo\/\"},{\"@type\":\"ListItem\",\"position\":3,\"name\":\"Odd Emil Ingebrigsten &#8211; v\u00e5r ordf\u00f8rer\"}]},{\"@type\":\"WebSite\",\"@id\":\"https:\/\/hoyre.no\/bodo\/#website\",\"url\":\"https:\/\/hoyre.no\/bodo\/\",\"name\":\"Bod\u00f8 H\u00f8yre\",\"description\":\"Bare enda et H\u00f8yres nettsteder-nettsted\",\"inLanguage\":\"nb-NO\"}]}<\/script>\n<!-- \/ Yoast SEO Premium plugin. -->","yoast_head_json":{"title":"Odd Emil Ingebrigsten - v\u00e5r ordf\u00f8rer - Bod\u00f8 H\u00f8yre","description":"Bli bedre kjent med H\u00f8yre-ordf\u00f8rere Odd Emil Ingebrigtsen.","robots":{"index":"index","follow":"follow","max-snippet":"max-snippet:-1","max-image-preview":"max-image-preview:large","max-video-preview":"max-video-preview:-1"},"canonical":"https:\/\/hoyre.no\/bodo\/odd-emil-ingebrigsten-var-ordforer\/","og_locale":"nb_NO","og_type":"article","og_title":"Odd Emil Ingebrigsten - v\u00e5r ordf\u00f8rer","og_description":"Bli bedre kjent med H\u00f8yre-ordf\u00f8rere Odd Emil Ingebrigtsen.","og_url":"https:\/\/hoyre.no\/bodo\/odd-emil-ingebrigsten-var-ordforer\/","og_site_name":"Bod\u00f8 H\u00f8yre","article_modified_time":"2025-01-24T14:44:11+00:00","og_image":[{"url":"https:\/\/hoyre.no\/content\/uploads\/sites\/148\/2022\/08\/Odd-Emil-Ingebrigtsen-foto-Hans-Kristian-Thorbjornsen-1595-1024x683.jpg","width":"","height":"","type":""}],"twitter_card":"summary_large_image","twitter_misc":{"Ansl. lesetid":"1 minutt"},"schema":{"@context":"https:\/\/schema.org","@graph":[{"@type":"WebPage","@id":"https:\/\/hoyre.no\/bodo\/odd-emil-ingebrigsten-var-ordforer\/","url":"https:\/\/hoyre.no\/bodo\/odd-emil-ingebrigsten-var-ordforer\/","name":"Odd Emil Ingebrigsten - v\u00e5r ordf\u00f8rer - Bod\u00f8 H\u00f8yre","isPartOf":{"@id":"https:\/\/hoyre.no\/bodo\/#website"},"datePublished":"2022-09-21T12:23:43+00:00","dateModified":"2025-01-24T14:44:11+00:00","description":"Bli bedre kjent med H\u00f8yre-ordf\u00f8rere Odd Emil Ingebrigtsen.","breadcrumb":{"@id":"https:\/\/hoyre.no\/bodo\/odd-emil-ingebrigsten-var-ordforer\/#breadcrumb"},"inLanguage":"nb-NO","potentialAction":[{"@type":"ReadAction","target":["https:\/\/hoyre.no\/bodo\/odd-emil-ingebrigsten-var-ordforer\/"]}]},{"@type":"BreadcrumbList","@id":"https:\/\/hoyre.no\/bodo\/odd-emil-ingebrigsten-var-ordforer\/#breadcrumb","itemListElement":[{"@type":"ListItem","position":1,"name":"Til hoyre.no","item":"https:\/\/hoyre.no"},{"@type":"ListItem","position":2,"name":"Hjem","item":"https:\/\/hoyre.no\/bodo\/"},{"@type":"ListItem","position":3,"name":"Odd Emil Ingebrigsten &#8211; v\u00e5r ordf\u00f8rer"}]},{"@type":"WebSite","@id":"https:\/\/hoyre.no\/bodo\/#website","url":"https:\/\/hoyre.no\/bodo\/","name":"Bod\u00f8 H\u00f8yre","description":"Bare enda et H\u00f8yres nettsteder-nettsted","inLanguage":"nb-NO"}]}},"distributor_meta":false,"distributor_terms":false,"distributor_media":false,"distributor_original_site_name":"Bod\u00f8 H\u00f8yre","distributor_original_site_url":"https:\/\/hoyre.no\/bodo","push-errors":false,"_links":{"self":[{"href":"https:\/\/hoyre.no\/bodo\/wp-json\/wp\/v2\/pages\/164","targetHints":{"allow":["GET"]}}],"collection":[{"href":"https:\/\/hoyre.no\/bodo\/wp-json\/wp\/v2\/pages"}],"about":[{"href":"https:\/\/hoyre.no\/bodo\/wp-json\/wp\/v2\/types\/page"}],"author":[{"embeddable":true,"href":"https:\/\/hoyre.no\/bodo\/wp-json\/wp\/v2\/users\/31684"}],"replies":[{"embeddable":true,"href":"https:\/\/hoyre.no\/bodo\/wp-json\/wp\/v2\/comments?post=164"}],"version-history":[{"count":13,"href":"https:\/\/hoyre.no\/bodo\/wp-json\/wp\/v2\/pages\/164\/revisions"}],"predecessor-version":[{"id":428,"href":"https:\/\/hoyre.no\/bodo\/wp-json\/wp\/v2\/pages\/164\/revisions\/428"}],"wp:attachment":[{"href":"https:\/\/hoyre.no\/bodo\/wp-json\/wp\/v2\/media?parent=164"}],"curies":[{"name":"wp","href":"https:\/\/api.w.org\/{rel}","templated":true}]}}