{"id":28,"date":"2023-05-02T12:47:46","date_gmt":"2023-05-02T10:47:46","guid":{"rendered":"https:\/\/hoyre.no\/bokn\/?page_id=28"},"modified":"2023-06-20T11:07:15","modified_gmt":"2023-06-20T09:07:15","slug":"politikk","status":"publish","type":"page","link":"https:\/\/hoyre.no\/bokn\/politikk\/","title":{"rendered":"Politikk"},"content":{"rendered":"\n<div class=\"wp-block-hoyre-hero with-image-gradient text-color-light  has-media alignfull has-background\"><div class=\"hoyre-hero has-image\"><h1 class=\"title\">Politikk<\/h1><p class=\"preamble\">Det er v\u00e5r visjon \u00e5 legge til rette for at Bokn Kommune vil bli en attraktiv kommune b\u00e5de \u00e5 vokse opp i, bo i og bli gammel i.<br><br><strong>Bokn sin st\u00f8rste utfordring blir \u00e5 f\u00e5 \u00f8kning i barnetallet. Bokn m\u00e5 bli attraktiv som bokommune.<\/strong><br><br>For \u00e5 kunne gj\u00f8re dette er det viktig at vi som et lite samfunn evner \u00e5 samarbeide internt n\u00e5r det gjelder de utfordringer og muligheter som ligger foran oss. Bokn H\u00f8yre vil derfor g\u00e5 inn i fremtiden med et \u00e5pent sinn, positivitet, samarbeidsvilje og fokus p\u00e5 gode resultater.<\/p>\t\t\t<div class=\"post-meta wp-block teft-byline-wrapper\">\n\t\t\t\t<div class=\"top\">\n\t\t\t\t\t<div class=\"signature\">\n\t\t\t\t\t\t<div class=\"teft-byline\">\n\t\t\t\t\t\t\t\t\t\t\t\t\t\t<div>\n\t\t\t\t\t\t\t\t<h3>H\u00f8yres redaksjon<\/h3>\t\t\t\t\t\t\t\t\n\t\t\t\t\t\t\t\t\t\t\t\t\t\t\t\t\t<span class=\"date\">Sist oppdatert: 20. juni 2023<\/span>\n\t\t\t\t\t\t\t\t\t\t\t\t\t\t\t\t\t\t\t\t\t\t\t\t\t<span class=\"reading-time\" itemprop=\"timeRequired\" content=\"PT1M\"><em>Ca. 1 minutter lesetid<\/em><\/span>\n\t\t\t\t\t\t\t\t\t\t\t\t\t\t\t<\/div>\n\t\t\t\t\t\t<\/div>\n\t\t\t\t\t<\/div>\n\t\t\t\t\t\t<div class=\"sharing\">\n\t\t<a class=\"share-button share-link copy-link\" data-copy=\"https:\/\/hoyre.no\/bokn\/politikk\/\" target=\"_blank\"><span class=\"screen-reader-text\">Del link<\/span><\/a>\n\t\t<a class=\"share-button share-twitter\" href=\"http:\/\/twitter.com\/share?text=Politikk&#038;url=https:\/\/hoyre.no\/bokn\/politikk\/&#038;hashtags=Hoyre\" target=\"_blank\"><span class=\"screen-reader-text\">Del p\u00e5 twitter<\/span><\/a>\n\t\t<a class=\"share-button share-facebook\" href=\"https:\/\/www.facebook.com\/sharer\/sharer.php?u=https:\/\/hoyre.no\/bokn\/politikk\/\" target=\"_blank\"><span class=\"screen-reader-text\">Del p\u00e5 facebook<\/span><\/a>\n\t<\/div>\n\t\t\t\t\t<\/div>\n\t\t\t<\/div>\n\n\t\t\t<figure class=\"hoyre-image-wrapper\"><div class=\"hoyre-image\"><img loading=\"lazy\" decoding=\"async\" width=\"2500\" height=\"1875\" src=\"https:\/\/hoyre.no\/content\/uploads\/sites\/226\/2023\/06\/348362145_953882489263062_6080468258277769041_n-scaled.jpg\" class=\"attachment-scaled size-scaled\" alt=\"\" style=\"object-position: 50% 50%\" srcset=\"https:\/\/hoyre.no\/content\/uploads\/sites\/226\/2023\/06\/348362145_953882489263062_6080468258277769041_n-scaled.jpg 2500w, https:\/\/hoyre.no\/content\/uploads\/sites\/226\/2023\/06\/348362145_953882489263062_6080468258277769041_n-300x225.jpg 300w, https:\/\/hoyre.no\/content\/uploads\/sites\/226\/2023\/06\/348362145_953882489263062_6080468258277769041_n-1024x768.jpg 1024w, https:\/\/hoyre.no\/content\/uploads\/sites\/226\/2023\/06\/348362145_953882489263062_6080468258277769041_n-768x576.jpg 768w, https:\/\/hoyre.no\/content\/uploads\/sites\/226\/2023\/06\/348362145_953882489263062_6080468258277769041_n-1536x1152.jpg 1536w, https:\/\/hoyre.no\/content\/uploads\/sites\/226\/2023\/06\/348362145_953882489263062_6080468258277769041_n-2048x1536.jpg 2048w\" sizes=\"auto, (max-width: 2500px) 100vw, 2500px\" \/><\/div><\/figure><\/div><\/div>\n\n\n\n\n<div class=\"wp-block-teft-file icon-link-block\"><a href=\"https:\/\/hoyre.no\/content\/uploads\/sites\/226\/2023\/06\/Program-for-2023-2027.pdf\" download><span class=\"file-title\">Her kan du lese v\u00e5rt valprogram for 2023-2027<\/span><span class=\"file-name\">Program-for-2023-2027.pdf [191.6kb]<\/span><\/a><\/div>\n\n","protected":false},"excerpt":{"rendered":"","protected":false},"author":10416,"featured_media":0,"parent":0,"menu_order":0,"comment_status":"closed","ping_status":"closed","template":"","meta":{"teft_cards_image_url":"","teft_cards_custom_pretitle":"","teft_cards_image_id":0,"teft_cards_image_focal_point_x":0,"teft_cards_image_focal_point_y":0,"teft_cards_title":"","teft_cards_excerpt":"","teft_show_chapters":false,"footnotes":""},"class_list":["post-28","page","type-page","status-publish","hentry"],"yoast_head":"<!-- This site is optimized with the Yoast SEO plugin v26.6 - https:\/\/yoast.com\/wordpress\/plugins\/seo\/ -->\n<title>Politikk - Bokn H\u00f8yre<\/title>\n<meta name=\"robots\" content=\"index, follow, max-snippet:-1, max-image-preview:large, max-video-preview:-1\" \/>\n<link rel=\"canonical\" href=\"https:\/\/hoyre.no\/bokn\/politikk\/\" \/>\n<meta property=\"og:locale\" content=\"nn_NO\" \/>\n<meta property=\"og:type\" content=\"article\" \/>\n<meta property=\"og:title\" content=\"Politikk - Bokn H\u00f8yre\" \/>\n<meta property=\"og:url\" content=\"https:\/\/hoyre.no\/bokn\/politikk\/\" \/>\n<meta property=\"og:site_name\" content=\"Bokn H\u00f8yre\" \/>\n<meta property=\"article:modified_time\" content=\"2023-06-20T09:07:15+00:00\" \/>\n<meta property=\"og:image\" content=\"https:\/\/hoyre.no\/content\/uploads\/sites\/226\/2022\/11\/Hoyres-logo.png\" \/>\n\t<meta property=\"og:image:width\" content=\"1000\" \/>\n\t<meta property=\"og:image:height\" content=\"1000\" \/>\n\t<meta property=\"og:image:type\" content=\"image\/png\" \/>\n<meta name=\"twitter:card\" content=\"summary_large_image\" \/>\n<meta name=\"twitter:label1\" content=\"Est. reading time\" \/>\n\t<meta name=\"twitter:data1\" content=\"1 minutt\" \/>\n<script type=\"application\/ld+json\" class=\"yoast-schema-graph\">{\"@context\":\"https:\/\/schema.org\",\"@graph\":[{\"@type\":\"WebPage\",\"@id\":\"https:\/\/hoyre.no\/bokn\/politikk\/\",\"url\":\"https:\/\/hoyre.no\/bokn\/politikk\/\",\"name\":\"Politikk - Bokn H\u00f8yre\",\"isPartOf\":{\"@id\":\"https:\/\/hoyre.no\/bokn\/#website\"},\"datePublished\":\"2023-05-02T10:47:46+00:00\",\"dateModified\":\"2023-06-20T09:07:15+00:00\",\"breadcrumb\":{\"@id\":\"https:\/\/hoyre.no\/bokn\/politikk\/#breadcrumb\"},\"inLanguage\":\"nn-NO\",\"potentialAction\":[{\"@type\":\"ReadAction\",\"target\":[\"https:\/\/hoyre.no\/bokn\/politikk\/\"]}]},{\"@type\":\"BreadcrumbList\",\"@id\":\"https:\/\/hoyre.no\/bokn\/politikk\/#breadcrumb\",\"itemListElement\":[{\"@type\":\"ListItem\",\"position\":1,\"name\":\"Til hoyre.no\",\"item\":\"https:\/\/hoyre.no\"},{\"@type\":\"ListItem\",\"position\":2,\"name\":\"Hjem\",\"item\":\"https:\/\/hoyre.no\/bokn\/\"},{\"@type\":\"ListItem\",\"position\":3,\"name\":\"Politikk\"}]},{\"@type\":\"WebSite\",\"@id\":\"https:\/\/hoyre.no\/bokn\/#website\",\"url\":\"https:\/\/hoyre.no\/bokn\/\",\"name\":\"Bokn H\u00f8yre\",\"description\":\"Bare enda et H\u00f8yres nettsteder-nettsted\",\"inLanguage\":\"nn-NO\"}]}<\/script>\n<!-- \/ Yoast SEO plugin. -->","yoast_head_json":{"title":"Politikk - Bokn H\u00f8yre","robots":{"index":"index","follow":"follow","max-snippet":"max-snippet:-1","max-image-preview":"max-image-preview:large","max-video-preview":"max-video-preview:-1"},"canonical":"https:\/\/hoyre.no\/bokn\/politikk\/","og_locale":"nn_NO","og_type":"article","og_title":"Politikk - Bokn H\u00f8yre","og_url":"https:\/\/hoyre.no\/bokn\/politikk\/","og_site_name":"Bokn H\u00f8yre","article_modified_time":"2023-06-20T09:07:15+00:00","og_image":[{"width":1000,"height":1000,"url":"https:\/\/hoyre.no\/content\/uploads\/sites\/226\/2022\/11\/Hoyres-logo.png","type":"image\/png"}],"twitter_card":"summary_large_image","twitter_misc":{"Est. reading time":"1 minutt"},"schema":{"@context":"https:\/\/schema.org","@graph":[{"@type":"WebPage","@id":"https:\/\/hoyre.no\/bokn\/politikk\/","url":"https:\/\/hoyre.no\/bokn\/politikk\/","name":"Politikk - Bokn H\u00f8yre","isPartOf":{"@id":"https:\/\/hoyre.no\/bokn\/#website"},"datePublished":"2023-05-02T10:47:46+00:00","dateModified":"2023-06-20T09:07:15+00:00","breadcrumb":{"@id":"https:\/\/hoyre.no\/bokn\/politikk\/#breadcrumb"},"inLanguage":"nn-NO","potentialAction":[{"@type":"ReadAction","target":["https:\/\/hoyre.no\/bokn\/politikk\/"]}]},{"@type":"BreadcrumbList","@id":"https:\/\/hoyre.no\/bokn\/politikk\/#breadcrumb","itemListElement":[{"@type":"ListItem","position":1,"name":"Til hoyre.no","item":"https:\/\/hoyre.no"},{"@type":"ListItem","position":2,"name":"Hjem","item":"https:\/\/hoyre.no\/bokn\/"},{"@type":"ListItem","position":3,"name":"Politikk"}]},{"@type":"WebSite","@id":"https:\/\/hoyre.no\/bokn\/#website","url":"https:\/\/hoyre.no\/bokn\/","name":"Bokn H\u00f8yre","description":"Bare enda et H\u00f8yres nettsteder-nettsted","inLanguage":"nn-NO"}]}},"distributor_meta":false,"distributor_terms":false,"distributor_media":false,"distributor_original_site_name":"Bokn H\u00f8yre","distributor_original_site_url":"https:\/\/hoyre.no\/bokn","push-errors":false,"_links":{"self":[{"href":"https:\/\/hoyre.no\/bokn\/wp-json\/wp\/v2\/pages\/28","targetHints":{"allow":["GET"]}}],"collection":[{"href":"https:\/\/hoyre.no\/bokn\/wp-json\/wp\/v2\/pages"}],"about":[{"href":"https:\/\/hoyre.no\/bokn\/wp-json\/wp\/v2\/types\/page"}],"author":[{"embeddable":true,"href":"https:\/\/hoyre.no\/bokn\/wp-json\/wp\/v2\/users\/10416"}],"replies":[{"embeddable":true,"href":"https:\/\/hoyre.no\/bokn\/wp-json\/wp\/v2\/comments?post=28"}],"version-history":[{"count":5,"href":"https:\/\/hoyre.no\/bokn\/wp-json\/wp\/v2\/pages\/28\/revisions"}],"predecessor-version":[{"id":180,"href":"https:\/\/hoyre.no\/bokn\/wp-json\/wp\/v2\/pages\/28\/revisions\/180"}],"wp:attachment":[{"href":"https:\/\/hoyre.no\/bokn\/wp-json\/wp\/v2\/media?parent=28"}],"curies":[{"name":"wp","href":"https:\/\/api.w.org\/{rel}","templated":true}]}}