{"id":110,"date":"2023-08-09T19:38:49","date_gmt":"2023-08-09T17:38:49","guid":{"rendered":"https:\/\/hoyre.no\/bomlo\/?page_id=110"},"modified":"2023-08-09T19:39:05","modified_gmt":"2023-08-09T17:39:05","slug":"valprogram-2023-2027","status":"publish","type":"page","link":"https:\/\/hoyre.no\/bomlo\/valprogram-2023-2027\/","title":{"rendered":"Valprogram 2023-2027"},"content":{"rendered":"\n<div class=\"wp-block-hoyre-hero with-image-gradient text-color-light  has-media alignfull has-background\"><div class=\"hoyre-hero has-image\"><h1 class=\"title\">Valprogram<br>2023-2027<\/h1><p class=\"preamble\">Sj\u00e5 kva me g\u00e5r til val p\u00e5 i B\u00f8mlo kommune i komande periode!<\/p>\t\t\t<div class=\"post-meta wp-block teft-byline-wrapper\">\n\t\t\t\t<div class=\"top\">\n\t\t\t\t\t<div class=\"signature\">\n\t\t\t\t\t\t<div class=\"teft-byline\">\n\t\t\t\t\t\t\t\t\t\t\t\t\t\t<div>\n\t\t\t\t\t\t\t\t<h3>H\u00f8yres redaksjon<\/h3>\t\t\t\t\t\t\t\t\n\t\t\t\t\t\t\t\t\t\t\t\t\t\t\t\t\t<span class=\"date\">Sist oppdatert: 9. august 2023<\/span>\n\t\t\t\t\t\t\t\t\t\t\t\t\t\t\t\t\t\t\t\t\t\t\t\t\t<span class=\"reading-time\" itemprop=\"timeRequired\" content=\"PT2M\"><em>Ca. 2 minutter lesetid<\/em><\/span>\n\t\t\t\t\t\t\t\t\t\t\t\t\t\t\t<\/div>\n\t\t\t\t\t\t<\/div>\n\t\t\t\t\t<\/div>\n\t\t\t\t\t\t<div class=\"sharing\">\n\t\t<a class=\"share-button share-link copy-link\" data-copy=\"https:\/\/hoyre.no\/bomlo\/valprogram-2023-2027\/\" target=\"_blank\"><span class=\"screen-reader-text\">Del link<\/span><\/a>\n\t\t<a class=\"share-button share-twitter\" href=\"http:\/\/twitter.com\/share?text=Valprogram 2023-2027&#038;url=https:\/\/hoyre.no\/bomlo\/valprogram-2023-2027\/&#038;hashtags=Hoyre\" target=\"_blank\"><span class=\"screen-reader-text\">Del p\u00e5 twitter<\/span><\/a>\n\t\t<a class=\"share-button share-facebook\" href=\"https:\/\/www.facebook.com\/sharer\/sharer.php?u=https:\/\/hoyre.no\/bomlo\/valprogram-2023-2027\/\" target=\"_blank\"><span class=\"screen-reader-text\">Del p\u00e5 facebook<\/span><\/a>\n\t<\/div>\n\t\t\t\t\t<\/div>\n\t\t\t<\/div>\n\n\t\t\t<figure class=\"hoyre-image-wrapper\"><div class=\"hoyre-image\"><img loading=\"lazy\" decoding=\"async\" width=\"2560\" height=\"1920\" src=\"https:\/\/hoyre.no\/content\/uploads\/sites\/341\/2020\/11\/20190719_225925-scaled.jpg\" class=\"attachment-scaled size-scaled\" alt=\"\" style=\"object-position: 63% 45%\" srcset=\"https:\/\/hoyre.no\/content\/uploads\/sites\/341\/2020\/11\/20190719_225925-scaled.jpg 2560w, https:\/\/hoyre.no\/content\/uploads\/sites\/341\/2020\/11\/20190719_225925-300x225.jpg 300w, https:\/\/hoyre.no\/content\/uploads\/sites\/341\/2020\/11\/20190719_225925-1024x768.jpg 1024w, https:\/\/hoyre.no\/content\/uploads\/sites\/341\/2020\/11\/20190719_225925-768x576.jpg 768w, https:\/\/hoyre.no\/content\/uploads\/sites\/341\/2020\/11\/20190719_225925-1536x1152.jpg 1536w, https:\/\/hoyre.no\/content\/uploads\/sites\/341\/2020\/11\/20190719_225925-2048x1536.jpg 2048w\" sizes=\"auto, (max-width: 2560px) 100vw, 2560px\" \/><\/div><\/figure><\/div><\/div>\n\n\n\n\n<p>B\u00f8mlo H\u00f8gre sitt valprogram er kanskje det viktigaste dokumentet v\u00e5rt i ein kommunevalperiode. Det er valprogrammet som legge fram kva partiet meine om forskjellige sakar og kva politiske prioriteringar ein har.<\/p>\n\n\n\n<p>Programprosessen har vore lang og inkludert heile partiet. Det har kommen innspel fr\u00e5 mange kantar. B\u00e5de fr\u00e5 sosiale media og p\u00e5 medlemsm\u00f8tet. Det heile toppa seg med medlemsm\u00f8te den 11. april, der det etter ein fin debatt blei vedtatt eit program.<\/p>\n\n\n\n<div class=\"wp-block-media-text alignwide is-stacked-on-mobile is-image-fill\" style=\"grid-template-columns:29% auto\"><figure class=\"wp-block-media-text__media\" style=\"background-image:url('https:\/\/hoyre.no\/content\/uploads\/sites\/341\/2022\/10\/20221027_203457-1024x768.jpg');background-position:50% 50%\"><img loading=\"lazy\" decoding=\"async\" width=\"1024\" height=\"768\" src=\"https:\/\/hoyre.no\/content\/uploads\/sites\/341\/2022\/10\/20221027_203457-1024x768.jpg\" alt=\"\" class=\"wp-image-66 size-full\" srcset=\"https:\/\/hoyre.no\/content\/uploads\/sites\/341\/2022\/10\/20221027_203457-1024x768.jpg 1024w, https:\/\/hoyre.no\/content\/uploads\/sites\/341\/2022\/10\/20221027_203457-300x225.jpg 300w, https:\/\/hoyre.no\/content\/uploads\/sites\/341\/2022\/10\/20221027_203457-768x576.jpg 768w, https:\/\/hoyre.no\/content\/uploads\/sites\/341\/2022\/10\/20221027_203457-1536x1152.jpg 1536w, https:\/\/hoyre.no\/content\/uploads\/sites\/341\/2022\/10\/20221027_203457-2048x1536.jpg 2048w\" sizes=\"auto, (max-width: 1024px) 100vw, 1024px\" \/><\/figure><div class=\"wp-block-media-text__content\">\n<p>Det er fleire viktige sakar for H\u00f8gre denne kommande perioden. Ein av dei er ansvarleg \u00f8konomisk styring. B\u00f8mlo Kommune har vore hardt r\u00e5ka av etterd\u00f8nningane etter pandemien, sterk prisvekst. Det latar ikkje til at regjeringa ser for seg \u00e5 hjelpa oss med noko av dette. Samstundes er det ikkje berre kommunen som har d\u00e5rleg r\u00e5. Sterk auke i fleire skattar, kombinert med inflasjon gjer at ogs\u00e5 fleire sliter med \u00e5 f\u00e5 endane til \u00e5 m\u00f8tast. Derfor kan me ikkje auka eigedomsskatten.<\/p>\n<\/div><\/div>\n\n\n\n<p>Ei anna viktig sak er \u00e5 inkludera fleire. Uansett om det er mangel p\u00e5 spr\u00e5kferdigheitar, formel utdanning, psykisk sjukdom, eller noko heilt anna som er grunnen. \u00c5 kjenna at ein h\u00f8yrar til i samfunnet er kjempeviktig.<\/p>\n\n\n\n<p>Skule og eldreomsorg er to av kjerneoppg\u00e5vene til ein kommune. Derfor kjem B\u00f8mlo H\u00f8gre til \u00e5 jobba for at dagens skulestruktur best\u00e5r. Me ser samstundes at det er forbetringspotensial til d\u00f8mes n\u00e5r det kjem til mobbing og niv\u00e5stilpassa undervisning. \u00c5 leva heile livet var eit av dei sentrale reformene til Erna Solberg si regjering. Verdigheit og fridom i alle livet sine fasar skal vera sentralt. Derfor ynskje B\u00f8mlo H\u00f8gre \u00e5 jobba for meir valfridom i eldreomsorga, som \u00abOmsorg Pluss\u00bb-bustadar.<\/p>\n\n\n\n<h4 class=\"wp-block-heading\">Dette er berre litt av snadderet som ligge i programmet v\u00e5rt!<\/h4>\n\n\n\n<h3 class=\"wp-block-heading\">Her kan du lesa heile:<\/h3>\n\n\n\n<div class=\"wp-block-teft-file icon-link-block\"><a href=\"https:\/\/hoyre.no\/content\/uploads\/sites\/341\/2023\/08\/Bomlo-Hogre-Program-2023-2027-2.pdf\" download><span class=\"file-title\">B\u00f8mlo H\u00f8gre valprogram 2023-2027<\/span><span class=\"file-name\">Bomlo-Hogre-Program-2023-2027-2.pdf [111.9kb]<\/span><\/a><\/div>\n\n","protected":false},"excerpt":{"rendered":"","protected":false},"author":29319,"featured_media":0,"parent":0,"menu_order":0,"comment_status":"closed","ping_status":"closed","template":"","meta":{"teft_cards_image_url":"","teft_cards_custom_pretitle":"","teft_cards_image_id":0,"teft_cards_image_focal_point_x":0,"teft_cards_image_focal_point_y":0,"teft_cards_title":"","teft_cards_excerpt":"","teft_show_chapters":false,"footnotes":""},"class_list":["post-110","page","type-page","status-publish","hentry"],"yoast_head":"<!-- This site is optimized with the Yoast SEO plugin v26.6 - https:\/\/yoast.com\/wordpress\/plugins\/seo\/ -->\n<title>Valprogram 2023-2027 - B\u00f8mlo H\u00f8gre<\/title>\n<meta name=\"robots\" content=\"index, follow, max-snippet:-1, max-image-preview:large, max-video-preview:-1\" \/>\n<link rel=\"canonical\" href=\"https:\/\/hoyre.no\/bomlo\/valprogram-2023-2027\/\" \/>\n<meta property=\"og:locale\" content=\"nn_NO\" \/>\n<meta property=\"og:type\" content=\"article\" \/>\n<meta property=\"og:title\" content=\"Valprogram 2023-2027 - B\u00f8mlo H\u00f8gre\" \/>\n<meta property=\"og:url\" content=\"https:\/\/hoyre.no\/bomlo\/valprogram-2023-2027\/\" \/>\n<meta property=\"og:site_name\" content=\"B\u00f8mlo H\u00f8gre\" \/>\n<meta property=\"article:modified_time\" content=\"2023-08-09T17:39:05+00:00\" \/>\n<meta property=\"og:image\" content=\"https:\/\/hoyre.no\/content\/uploads\/sites\/341\/2022\/10\/20221027_203457-1024x768.jpg\" \/>\n<meta name=\"twitter:card\" content=\"summary_large_image\" \/>\n<meta name=\"twitter:label1\" content=\"Est. reading time\" \/>\n\t<meta name=\"twitter:data1\" content=\"2 minutt\" \/>\n<script type=\"application\/ld+json\" class=\"yoast-schema-graph\">{\"@context\":\"https:\/\/schema.org\",\"@graph\":[{\"@type\":\"WebPage\",\"@id\":\"https:\/\/hoyre.no\/bomlo\/valprogram-2023-2027\/\",\"url\":\"https:\/\/hoyre.no\/bomlo\/valprogram-2023-2027\/\",\"name\":\"Valprogram 2023-2027 - B\u00f8mlo H\u00f8gre\",\"isPartOf\":{\"@id\":\"https:\/\/hoyre.no\/bomlo\/#website\"},\"image\":{\"@id\":\"https:\/\/hoyre.no\/bomlo\/valprogram-2023-2027\/#primaryimage\"},\"thumbnailUrl\":\"https:\/\/hoyre.no\/content\/uploads\/sites\/341\/2022\/10\/20221027_203457-1024x768.jpg\",\"datePublished\":\"2023-08-09T17:38:49+00:00\",\"dateModified\":\"2023-08-09T17:39:05+00:00\",\"breadcrumb\":{\"@id\":\"https:\/\/hoyre.no\/bomlo\/valprogram-2023-2027\/#breadcrumb\"},\"inLanguage\":\"nn-NO\",\"potentialAction\":[{\"@type\":\"ReadAction\",\"target\":[\"https:\/\/hoyre.no\/bomlo\/valprogram-2023-2027\/\"]}]},{\"@type\":\"ImageObject\",\"inLanguage\":\"nn-NO\",\"@id\":\"https:\/\/hoyre.no\/bomlo\/valprogram-2023-2027\/#primaryimage\",\"url\":\"https:\/\/hoyre.no\/content\/uploads\/sites\/341\/2022\/10\/20221027_203457-1024x768.jpg\",\"contentUrl\":\"https:\/\/hoyre.no\/content\/uploads\/sites\/341\/2022\/10\/20221027_203457-1024x768.jpg\"},{\"@type\":\"BreadcrumbList\",\"@id\":\"https:\/\/hoyre.no\/bomlo\/valprogram-2023-2027\/#breadcrumb\",\"itemListElement\":[{\"@type\":\"ListItem\",\"position\":1,\"name\":\"Til hoyre.no\",\"item\":\"https:\/\/hoyre.no\"},{\"@type\":\"ListItem\",\"position\":2,\"name\":\"Hjem\",\"item\":\"https:\/\/hoyre.no\/bomlo\/\"},{\"@type\":\"ListItem\",\"position\":3,\"name\":\"Valprogram 2023-2027\"}]},{\"@type\":\"WebSite\",\"@id\":\"https:\/\/hoyre.no\/bomlo\/#website\",\"url\":\"https:\/\/hoyre.no\/bomlo\/\",\"name\":\"B\u00f8mlo H\u00f8gre\",\"description\":\"Bare enda et H\u00f8yres nettsteder-nettsted\",\"inLanguage\":\"nn-NO\"}]}<\/script>\n<!-- \/ Yoast SEO plugin. -->","yoast_head_json":{"title":"Valprogram 2023-2027 - B\u00f8mlo H\u00f8gre","robots":{"index":"index","follow":"follow","max-snippet":"max-snippet:-1","max-image-preview":"max-image-preview:large","max-video-preview":"max-video-preview:-1"},"canonical":"https:\/\/hoyre.no\/bomlo\/valprogram-2023-2027\/","og_locale":"nn_NO","og_type":"article","og_title":"Valprogram 2023-2027 - B\u00f8mlo H\u00f8gre","og_url":"https:\/\/hoyre.no\/bomlo\/valprogram-2023-2027\/","og_site_name":"B\u00f8mlo H\u00f8gre","article_modified_time":"2023-08-09T17:39:05+00:00","og_image":[{"url":"https:\/\/hoyre.no\/content\/uploads\/sites\/341\/2022\/10\/20221027_203457-1024x768.jpg","type":"","width":"","height":""}],"twitter_card":"summary_large_image","twitter_misc":{"Est. reading time":"2 minutt"},"schema":{"@context":"https:\/\/schema.org","@graph":[{"@type":"WebPage","@id":"https:\/\/hoyre.no\/bomlo\/valprogram-2023-2027\/","url":"https:\/\/hoyre.no\/bomlo\/valprogram-2023-2027\/","name":"Valprogram 2023-2027 - B\u00f8mlo H\u00f8gre","isPartOf":{"@id":"https:\/\/hoyre.no\/bomlo\/#website"},"image":{"@id":"https:\/\/hoyre.no\/bomlo\/valprogram-2023-2027\/#primaryimage"},"thumbnailUrl":"https:\/\/hoyre.no\/content\/uploads\/sites\/341\/2022\/10\/20221027_203457-1024x768.jpg","datePublished":"2023-08-09T17:38:49+00:00","dateModified":"2023-08-09T17:39:05+00:00","breadcrumb":{"@id":"https:\/\/hoyre.no\/bomlo\/valprogram-2023-2027\/#breadcrumb"},"inLanguage":"nn-NO","potentialAction":[{"@type":"ReadAction","target":["https:\/\/hoyre.no\/bomlo\/valprogram-2023-2027\/"]}]},{"@type":"ImageObject","inLanguage":"nn-NO","@id":"https:\/\/hoyre.no\/bomlo\/valprogram-2023-2027\/#primaryimage","url":"https:\/\/hoyre.no\/content\/uploads\/sites\/341\/2022\/10\/20221027_203457-1024x768.jpg","contentUrl":"https:\/\/hoyre.no\/content\/uploads\/sites\/341\/2022\/10\/20221027_203457-1024x768.jpg"},{"@type":"BreadcrumbList","@id":"https:\/\/hoyre.no\/bomlo\/valprogram-2023-2027\/#breadcrumb","itemListElement":[{"@type":"ListItem","position":1,"name":"Til hoyre.no","item":"https:\/\/hoyre.no"},{"@type":"ListItem","position":2,"name":"Hjem","item":"https:\/\/hoyre.no\/bomlo\/"},{"@type":"ListItem","position":3,"name":"Valprogram 2023-2027"}]},{"@type":"WebSite","@id":"https:\/\/hoyre.no\/bomlo\/#website","url":"https:\/\/hoyre.no\/bomlo\/","name":"B\u00f8mlo H\u00f8gre","description":"Bare enda et H\u00f8yres nettsteder-nettsted","inLanguage":"nn-NO"}]}},"distributor_meta":false,"distributor_terms":false,"distributor_media":false,"distributor_original_site_name":"B\u00f8mlo H\u00f8gre","distributor_original_site_url":"https:\/\/hoyre.no\/bomlo","push-errors":false,"_links":{"self":[{"href":"https:\/\/hoyre.no\/bomlo\/wp-json\/wp\/v2\/pages\/110","targetHints":{"allow":["GET"]}}],"collection":[{"href":"https:\/\/hoyre.no\/bomlo\/wp-json\/wp\/v2\/pages"}],"about":[{"href":"https:\/\/hoyre.no\/bomlo\/wp-json\/wp\/v2\/types\/page"}],"author":[{"embeddable":true,"href":"https:\/\/hoyre.no\/bomlo\/wp-json\/wp\/v2\/users\/29319"}],"replies":[{"embeddable":true,"href":"https:\/\/hoyre.no\/bomlo\/wp-json\/wp\/v2\/comments?post=110"}],"version-history":[{"count":1,"href":"https:\/\/hoyre.no\/bomlo\/wp-json\/wp\/v2\/pages\/110\/revisions"}],"predecessor-version":[{"id":112,"href":"https:\/\/hoyre.no\/bomlo\/wp-json\/wp\/v2\/pages\/110\/revisions\/112"}],"wp:attachment":[{"href":"https:\/\/hoyre.no\/bomlo\/wp-json\/wp\/v2\/media?parent=110"}],"curies":[{"name":"wp","href":"https:\/\/api.w.org\/{rel}","templated":true}]}}