{"id":93,"date":"2023-05-08T14:05:30","date_gmt":"2023-05-08T12:05:30","guid":{"rendered":"https:\/\/hoyre.no\/bomlo\/?page_id=93"},"modified":"2025-02-18T15:53:48","modified_gmt":"2025-02-18T14:53:48","slug":"6-grunnar-til-a-stemma-hogre-pa-bomlo","status":"publish","type":"page","link":"https:\/\/hoyre.no\/bomlo\/6-grunnar-til-a-stemma-hogre-pa-bomlo\/","title":{"rendered":"6 grunnar til \u00e5 stemma H\u00f8gre p\u00e5 B\u00f8mlo"},"content":{"rendered":"\n<div class=\"wp-block-hoyre-hero with-image-gradient text-color-light  has-media alignfull has-background\"><div class=\"hoyre-hero has-image\"><h1 class=\"title\">6 grunnar til \u00e5 stemma H\u00f8gre p\u00e5 B\u00f8mlo<\/h1><figure class=\"hoyre-image-wrapper\"><div class=\"hoyre-image\"><img loading=\"lazy\" decoding=\"async\" width=\"2500\" height=\"1875\" src=\"https:\/\/hoyre.no\/content\/uploads\/sites\/341\/2023\/05\/20230422_131204-1-scaled.jpg\" class=\"attachment-scaled size-scaled\" alt=\"\" style=\"object-position: 50% 50%\" srcset=\"https:\/\/hoyre.no\/content\/uploads\/sites\/341\/2023\/05\/20230422_131204-1-scaled.jpg 2500w, https:\/\/hoyre.no\/content\/uploads\/sites\/341\/2023\/05\/20230422_131204-1-300x225.jpg 300w, https:\/\/hoyre.no\/content\/uploads\/sites\/341\/2023\/05\/20230422_131204-1-1024x768.jpg 1024w, https:\/\/hoyre.no\/content\/uploads\/sites\/341\/2023\/05\/20230422_131204-1-768x576.jpg 768w, https:\/\/hoyre.no\/content\/uploads\/sites\/341\/2023\/05\/20230422_131204-1-1536x1152.jpg 1536w, https:\/\/hoyre.no\/content\/uploads\/sites\/341\/2023\/05\/20230422_131204-1-2048x1536.jpg 2048w\" sizes=\"auto, (max-width: 2500px) 100vw, 2500px\" \/><\/div><\/figure><\/div><\/div>\n\n\n\n\n<h3 class=\"wp-block-heading\" id=\"h-usikker-pa-kva-du-skal-stemma-i-kommunevalet-her-er-6-gode-grunnar-til-a-stemma-pa-hogre\">Usikker p\u00e5 kva du skal stemma i kommunevalet? Her er 6 gode grunnar til \u00e5 stemma p\u00e5 H\u00f8gre! <\/h3>\n\n\n\n\n<div class=\"wp-block-media-text is-stacked-on-mobile is-image-fill alignwide\"><figure class=\"wp-block-media-text__media\" style=\"background-image:url('https:\/\/hoyre.no\/content\/uploads\/sites\/341\/2023\/05\/GettyImages-1427270171-1024x683.jpg');background-position:50% 50%\"><img loading=\"lazy\" decoding=\"async\" width=\"1024\" height=\"683\" src=\"https:\/\/hoyre.no\/content\/uploads\/sites\/341\/2023\/05\/GettyImages-1427270171-1024x683.jpg\" alt=\"\" class=\"wp-image-95 size-full\" srcset=\"https:\/\/hoyre.no\/content\/uploads\/sites\/341\/2023\/05\/GettyImages-1427270171-1024x683.jpg 1024w, https:\/\/hoyre.no\/content\/uploads\/sites\/341\/2023\/05\/GettyImages-1427270171-300x200.jpg 300w, https:\/\/hoyre.no\/content\/uploads\/sites\/341\/2023\/05\/GettyImages-1427270171-768x512.jpg 768w, https:\/\/hoyre.no\/content\/uploads\/sites\/341\/2023\/05\/GettyImages-1427270171-1536x1025.jpg 1536w, https:\/\/hoyre.no\/content\/uploads\/sites\/341\/2023\/05\/GettyImages-1427270171-2048x1366.jpg 2048w\" sizes=\"auto, (max-width: 1024px) 100vw, 1024px\" \/><\/figure><div class=\"wp-block-media-text__content\">\n<p class=\"is-style-large\"><strong>1. Utvikling i heile kommunen<\/strong><\/p>\n\n\n\n<p>B\u00f8mlo er ein langstrakt kommune der avstandane er store. Derfor har me organisert oss med eit kommunesenter og to kommunedelsenter, Moster og Langev\u00e5g. For B\u00f8mlo H\u00f8gre er det viktig at alle delar av kommunen lykkas, b\u00e5de i sentrum og i grendene. Derfor ynskje me \u00e5 st\u00f8tta lokale initiativ, som n\u00e6ringsetablering, og eit desentralisert kommunalt tenestetilbod.<\/p>\n<\/div><\/div>\n\n\n\n<div class=\"wp-block-media-text has-media-on-the-right is-stacked-on-mobile is-image-fill alignwide\"><div class=\"wp-block-media-text__content\">\n<p class=\"is-style-large\"><strong>2. Ein trygg og god oppvekst<\/strong><\/p>\n\n\n\n<p>Ein god barndom varar heile livet. B\u00f8mlo kommune har i dag blant landets beste barnehagar, men skulane kan framleis bli betre. For \u00e5 gjera det ynskje me \u00e5 spela p\u00e5 lag med skulen og investera i dei tilsette. Skulane er ei av kommunen sine viktigaste og synlegaste oppg\u00e5ver. Derfor ynskje me ein skulestruktur som er til beste for elevane. <\/p>\n<\/div><figure class=\"wp-block-media-text__media\" style=\"background-image:url('https:\/\/hoyre.no\/content\/uploads\/sites\/341\/2023\/05\/GettyImages-1269296368-1024x683.jpg');background-position:50% 50%\"><img loading=\"lazy\" decoding=\"async\" width=\"1024\" height=\"683\" src=\"https:\/\/hoyre.no\/content\/uploads\/sites\/341\/2023\/05\/GettyImages-1269296368-1024x683.jpg\" alt=\"\" class=\"wp-image-96 size-full\" srcset=\"https:\/\/hoyre.no\/content\/uploads\/sites\/341\/2023\/05\/GettyImages-1269296368-1024x683.jpg 1024w, https:\/\/hoyre.no\/content\/uploads\/sites\/341\/2023\/05\/GettyImages-1269296368-300x200.jpg 300w, https:\/\/hoyre.no\/content\/uploads\/sites\/341\/2023\/05\/GettyImages-1269296368-768x512.jpg 768w, https:\/\/hoyre.no\/content\/uploads\/sites\/341\/2023\/05\/GettyImages-1269296368-1536x1024.jpg 1536w, https:\/\/hoyre.no\/content\/uploads\/sites\/341\/2023\/05\/GettyImages-1269296368-2048x1365.jpg 2048w\" sizes=\"auto, (max-width: 1024px) 100vw, 1024px\" \/><\/figure><\/div>\n\n\n\n<div class=\"wp-block-media-text alignwide is-stacked-on-mobile\"><figure class=\"wp-block-media-text__media\"><img loading=\"lazy\" decoding=\"async\" width=\"1024\" height=\"683\" src=\"https:\/\/hoyre.no\/content\/uploads\/sites\/341\/2023\/05\/GettyImages-1212931050-1024x683.jpg\" alt=\"\" class=\"wp-image-97 size-full\" srcset=\"https:\/\/hoyre.no\/content\/uploads\/sites\/341\/2023\/05\/GettyImages-1212931050-1024x683.jpg 1024w, https:\/\/hoyre.no\/content\/uploads\/sites\/341\/2023\/05\/GettyImages-1212931050-300x200.jpg 300w, https:\/\/hoyre.no\/content\/uploads\/sites\/341\/2023\/05\/GettyImages-1212931050-768x512.jpg 768w, https:\/\/hoyre.no\/content\/uploads\/sites\/341\/2023\/05\/GettyImages-1212931050-1536x1024.jpg 1536w, https:\/\/hoyre.no\/content\/uploads\/sites\/341\/2023\/05\/GettyImages-1212931050-2048x1365.jpg 2048w\" sizes=\"auto, (max-width: 1024px) 100vw, 1024px\" \/><\/figure><div class=\"wp-block-media-text__content\">\n<p class=\"is-style-large\"><strong>3. Ein verdig alderdom<\/strong><\/p>\n\n\n\n<p>Kommunen er til for innbyggarane og ikkje motsett. Derfor er verdigheit og fleksibilitet i alderdommen sentralt. B\u00f8mlo H\u00f8gre ynskje derfor meir f\u00f8rebyggande hjelp og bruk av velferdsteknologi s\u00e5nn at dei som er i stand til det kan f\u00e5 bu heima lenger. Ein verdig alderdom handlar ogs\u00e5 om \u00e5 halda fram som del av sitt lokalmilj\u00f8. Derfor ynskje me \u00e5 oppretthalde eldreomsorga i kommunedelsentra Moster og Langev\u00e5g.&nbsp;<\/p>\n<\/div><\/div>\n\n\n\n<div class=\"wp-block-media-text alignwide has-media-on-the-right is-stacked-on-mobile\"><div class=\"wp-block-media-text__content\">\n<p class=\"is-style-large\"><strong>4. Ansvarleg \u00f8konomisk styring<\/strong><\/p>\n\n\n\n<p>Kommunen har f\u00e5tt ein strammare \u00f8konomi dei siste \u00e5ra. Manglande kompensasjon etter korona og Regjeringa sine prioriteringar har sl\u00e5tt negativt ut for oss. Me m\u00e5 finna smartare m\u00e5tar \u00e5 jobba p\u00e5 for \u00e5 redusera driftskostnadane. Det er stadig fleire som slit med \u00e5 f\u00e5 privat\u00f8konomien til \u00e5 g\u00e5 rundt. Derfor er det fullstendig uansvarleg \u00e5 lempa enda st\u00f8rre utgifter over p\u00e5 innbyggarane i form av eigedomsskatt.<\/p>\n<\/div><figure class=\"wp-block-media-text__media\"><img loading=\"lazy\" decoding=\"async\" width=\"1024\" height=\"683\" src=\"https:\/\/hoyre.no\/content\/uploads\/sites\/341\/2023\/05\/GettyImages-1182436639-1024x683.jpg\" alt=\"\" class=\"wp-image-98 size-full\" srcset=\"https:\/\/hoyre.no\/content\/uploads\/sites\/341\/2023\/05\/GettyImages-1182436639-1024x683.jpg 1024w, https:\/\/hoyre.no\/content\/uploads\/sites\/341\/2023\/05\/GettyImages-1182436639-300x200.jpg 300w, https:\/\/hoyre.no\/content\/uploads\/sites\/341\/2023\/05\/GettyImages-1182436639-768x512.jpg 768w, https:\/\/hoyre.no\/content\/uploads\/sites\/341\/2023\/05\/GettyImages-1182436639-1536x1024.jpg 1536w, https:\/\/hoyre.no\/content\/uploads\/sites\/341\/2023\/05\/GettyImages-1182436639-2048x1365.jpg 2048w\" sizes=\"auto, (max-width: 1024px) 100vw, 1024px\" \/><\/figure><\/div>\n\n\n\n<div class=\"wp-block-media-text alignwide is-stacked-on-mobile\"><figure class=\"wp-block-media-text__media\"><img loading=\"lazy\" decoding=\"async\" width=\"1024\" height=\"683\" src=\"https:\/\/hoyre.no\/content\/uploads\/sites\/341\/2023\/05\/GettyImages-1057614796-1024x683.jpg\" alt=\"\" class=\"wp-image-100 size-full\" srcset=\"https:\/\/hoyre.no\/content\/uploads\/sites\/341\/2023\/05\/GettyImages-1057614796-1024x683.jpg 1024w, https:\/\/hoyre.no\/content\/uploads\/sites\/341\/2023\/05\/GettyImages-1057614796-300x200.jpg 300w, https:\/\/hoyre.no\/content\/uploads\/sites\/341\/2023\/05\/GettyImages-1057614796-768x513.jpg 768w, https:\/\/hoyre.no\/content\/uploads\/sites\/341\/2023\/05\/GettyImages-1057614796-1536x1025.jpg 1536w, https:\/\/hoyre.no\/content\/uploads\/sites\/341\/2023\/05\/GettyImages-1057614796-2048x1367.jpg 2048w\" sizes=\"auto, (max-width: 1024px) 100vw, 1024px\" \/><\/figure><div class=\"wp-block-media-text__content\">\n<p class=\"is-style-large\"><strong>5. P\u00e5 lag med jobbskaparane<\/strong><\/p>\n\n\n\n<p>P\u00e5 B\u00f8mlo har me ein fantastisk gr\u00fcnderkultur. Dette skapar ikkje berre \u00f8konomiske verdiar for eigarar og tilsette, men har positive ringverknadar i heila samfunnet. Arbeid er ogs\u00e5 ein viktig arena for \u00e5 inkludera fleire. Gjennom jobb kan ein f\u00e5 eit sosialt nettverk, bygga kompetanse og l\u00e6ra seg spr\u00e5k. Derfor heie B\u00f8mlo H\u00f8gre p\u00e5 jobbskaparane. Me ynskje \u00e5 legga til rett for n\u00e6ringsutvikling, gjennom mellom anna n\u00e6ringsareal, infrastruktur og samarbeid.&nbsp;&nbsp;<\/p>\n<\/div><\/div>\n\n\n\n<div class=\"wp-block-media-text alignwide has-media-on-the-right is-stacked-on-mobile\"><div class=\"wp-block-media-text__content\">\n<p class=\"is-style-large\"><strong>6. Kutt i utslepp, ikkje i utvikling<\/strong><\/p>\n\n\n\n<p>Klimaendringane er kanskje den st\u00f8rste krisa i v\u00e5r tid. Sterkare stormar og meir regn utfordre robustheita i samfunnet v\u00e5rt. Globalt vil ekstremt v\u00e6r ta fleire liv og tvinga mange fr\u00e5 heimane sine. B\u00f8mlo er ein liten kommune i eit lite land. Likevel kan me gjera litt. Gjennom innkj\u00f8p og den kommunale drifta kan me redusera utsleppa v\u00e5re. Det st\u00f8rste bidraget kommunen kan gjera i det gr\u00f8nne skifte er nok \u00e5 spela p\u00e5 lag med dei gode ideane. Gjennom teknologi som til d\u00f8mes redusere utslepp fr\u00e5 skip kan B\u00f8mlingar p\u00e5verka globale utslepp i rett veg.<\/p>\n<\/div><figure class=\"wp-block-media-text__media\"><img loading=\"lazy\" decoding=\"async\" width=\"1024\" height=\"683\" src=\"https:\/\/hoyre.no\/content\/uploads\/sites\/341\/2023\/05\/GettyImages-542692854-1024x683.jpg\" alt=\"\" class=\"wp-image-101 size-full\" srcset=\"https:\/\/hoyre.no\/content\/uploads\/sites\/341\/2023\/05\/GettyImages-542692854-1024x683.jpg 1024w, https:\/\/hoyre.no\/content\/uploads\/sites\/341\/2023\/05\/GettyImages-542692854-300x200.jpg 300w, https:\/\/hoyre.no\/content\/uploads\/sites\/341\/2023\/05\/GettyImages-542692854-768x512.jpg 768w, https:\/\/hoyre.no\/content\/uploads\/sites\/341\/2023\/05\/GettyImages-542692854-1536x1025.jpg 1536w, https:\/\/hoyre.no\/content\/uploads\/sites\/341\/2023\/05\/GettyImages-542692854-2048x1366.jpg 2048w\" sizes=\"auto, (max-width: 1024px) 100vw, 1024px\" \/><\/figure><\/div>\n\n\n\n<div class=\"wp-block-hoyre-banner alignwide undefined\"><div class=\"banner-inner\"><figure class=\"hoyre-image-wrapper\"><div class=\"hoyre-image\"><img loading=\"lazy\" decoding=\"async\" width=\"2500\" height=\"1875\" src=\"https:\/\/hoyre.no\/content\/uploads\/sites\/341\/2022\/10\/20221027_203457-scaled.jpg\" class=\"attachment-scaled size-scaled\" alt=\"\" style=\"object-position: 50% 50%\" srcset=\"https:\/\/hoyre.no\/content\/uploads\/sites\/341\/2022\/10\/20221027_203457-scaled.jpg 2500w, https:\/\/hoyre.no\/content\/uploads\/sites\/341\/2022\/10\/20221027_203457-300x225.jpg 300w, https:\/\/hoyre.no\/content\/uploads\/sites\/341\/2022\/10\/20221027_203457-1024x768.jpg 1024w, https:\/\/hoyre.no\/content\/uploads\/sites\/341\/2022\/10\/20221027_203457-768x576.jpg 768w, https:\/\/hoyre.no\/content\/uploads\/sites\/341\/2022\/10\/20221027_203457-1536x1152.jpg 1536w, https:\/\/hoyre.no\/content\/uploads\/sites\/341\/2022\/10\/20221027_203457-2048x1536.jpg 2048w\" sizes=\"auto, (max-width: 2500px) 100vw, 2500px\" \/><\/div><\/figure><div class=\"banner-content\"><div class=\"entry-content\">\n<h2 class=\"wp-block-heading\" id=\"h-vil-du-vite-meir-om-kva-me-gar-til-val-pa\">Vil du vite meir om kva me g\u00e5r til val p\u00e5?<\/h2>\n\n\n\n<p>Her kan du lese heile v\u00e5rt valprogram for 2023-2027 \ud83d\udc47<\/p>\n\n\n\n<div class=\"wp-block-buttons is-layout-flex wp-block-buttons-is-layout-flex\">\n<div class=\"wp-block-button\"><a class=\"wp-block-button__link wp-element-button\" href=\"https:\/\/hoyre.no\/bomlo\/valprogram-2023-2027\/\">trykk her for \u00e5 lesa meir<\/a><\/div>\n<\/div>\n<\/div><\/div><\/div><\/div>\n","protected":false},"excerpt":{"rendered":"<p>1. Utvikling i heile kommunen B\u00f8mlo er ein langstrakt kommune der avstandane er store. Derfor har me organisert oss med eit kommunesenter og to kommunedelsenter, Moster og Langev\u00e5g. For B\u00f8mlo H\u00f8gre er det viktig at alle delar av kommunen lykkas, b\u00e5de i sentrum og i grendene. Derfor ynskje me \u00e5 st\u00f8tta lokale initiativ, som n\u00e6ringsetablering, [&hellip;]<\/p>\n","protected":false},"author":26371,"featured_media":0,"parent":0,"menu_order":0,"comment_status":"closed","ping_status":"closed","template":"","meta":{"teft_cards_image_url":"","teft_cards_custom_pretitle":"","teft_cards_image_id":0,"teft_cards_image_focal_point_x":0,"teft_cards_image_focal_point_y":0,"teft_cards_title":"","teft_cards_excerpt":"","teft_show_chapters":false,"footnotes":""},"class_list":["post-93","page","type-page","status-publish","hentry"],"yoast_head":"<!-- This site is optimized with the Yoast SEO plugin v26.6 - https:\/\/yoast.com\/wordpress\/plugins\/seo\/ -->\n<title>6 grunnar til \u00e5 stemma H\u00f8gre p\u00e5 B\u00f8mlo - B\u00f8mlo H\u00f8gre<\/title>\n<meta name=\"description\" content=\"6 grunnar til \u00e5 stemma H\u00f8gre om du bur p\u00e5 B\u00f8mlo.\" \/>\n<meta name=\"robots\" content=\"index, follow, max-snippet:-1, max-image-preview:large, max-video-preview:-1\" \/>\n<link rel=\"canonical\" href=\"https:\/\/hoyre.no\/bomlo\/6-grunnar-til-a-stemma-hogre-pa-bomlo\/\" \/>\n<meta property=\"og:locale\" content=\"nn_NO\" \/>\n<meta property=\"og:type\" content=\"article\" \/>\n<meta property=\"og:title\" content=\"6 grunnar til \u00e5 stemma H\u00f8gre p\u00e5 B\u00f8mlo - B\u00f8mlo H\u00f8gre\" \/>\n<meta property=\"og:description\" content=\"6 grunnar til \u00e5 stemma H\u00f8gre om du bur p\u00e5 B\u00f8mlo.\" \/>\n<meta property=\"og:url\" content=\"https:\/\/hoyre.no\/bomlo\/6-grunnar-til-a-stemma-hogre-pa-bomlo\/\" \/>\n<meta property=\"og:site_name\" content=\"B\u00f8mlo H\u00f8gre\" \/>\n<meta property=\"article:modified_time\" content=\"2025-02-18T14:53:48+00:00\" \/>\n<meta property=\"og:image\" content=\"https:\/\/hoyre.no\/content\/uploads\/sites\/341\/2023\/05\/GettyImages-1427270171-1024x683.jpg\" \/>\n<meta name=\"twitter:card\" content=\"summary_large_image\" \/>\n<meta name=\"twitter:label1\" content=\"Est. reading time\" \/>\n\t<meta name=\"twitter:data1\" content=\"4 minutt\" \/>\n<script type=\"application\/ld+json\" class=\"yoast-schema-graph\">{\"@context\":\"https:\/\/schema.org\",\"@graph\":[{\"@type\":\"WebPage\",\"@id\":\"https:\/\/hoyre.no\/bomlo\/6-grunnar-til-a-stemma-hogre-pa-bomlo\/\",\"url\":\"https:\/\/hoyre.no\/bomlo\/6-grunnar-til-a-stemma-hogre-pa-bomlo\/\",\"name\":\"6 grunnar til \u00e5 stemma H\u00f8gre p\u00e5 B\u00f8mlo - B\u00f8mlo H\u00f8gre\",\"isPartOf\":{\"@id\":\"https:\/\/hoyre.no\/bomlo\/#website\"},\"image\":{\"@id\":\"https:\/\/hoyre.no\/bomlo\/6-grunnar-til-a-stemma-hogre-pa-bomlo\/#primaryimage\"},\"thumbnailUrl\":\"https:\/\/hoyre.no\/content\/uploads\/sites\/341\/2023\/05\/GettyImages-1427270171-1024x683.jpg\",\"datePublished\":\"2023-05-08T12:05:30+00:00\",\"dateModified\":\"2025-02-18T14:53:48+00:00\",\"description\":\"6 grunnar til \u00e5 stemma H\u00f8gre om du bur p\u00e5 B\u00f8mlo.\",\"breadcrumb\":{\"@id\":\"https:\/\/hoyre.no\/bomlo\/6-grunnar-til-a-stemma-hogre-pa-bomlo\/#breadcrumb\"},\"inLanguage\":\"nn-NO\",\"potentialAction\":[{\"@type\":\"ReadAction\",\"target\":[\"https:\/\/hoyre.no\/bomlo\/6-grunnar-til-a-stemma-hogre-pa-bomlo\/\"]}]},{\"@type\":\"ImageObject\",\"inLanguage\":\"nn-NO\",\"@id\":\"https:\/\/hoyre.no\/bomlo\/6-grunnar-til-a-stemma-hogre-pa-bomlo\/#primaryimage\",\"url\":\"https:\/\/hoyre.no\/content\/uploads\/sites\/341\/2023\/05\/GettyImages-1427270171-1024x683.jpg\",\"contentUrl\":\"https:\/\/hoyre.no\/content\/uploads\/sites\/341\/2023\/05\/GettyImages-1427270171-1024x683.jpg\"},{\"@type\":\"BreadcrumbList\",\"@id\":\"https:\/\/hoyre.no\/bomlo\/6-grunnar-til-a-stemma-hogre-pa-bomlo\/#breadcrumb\",\"itemListElement\":[{\"@type\":\"ListItem\",\"position\":1,\"name\":\"Til hoyre.no\",\"item\":\"https:\/\/hoyre.no\"},{\"@type\":\"ListItem\",\"position\":2,\"name\":\"Hjem\",\"item\":\"https:\/\/hoyre.no\/bomlo\/\"},{\"@type\":\"ListItem\",\"position\":3,\"name\":\"6 grunnar til \u00e5 stemma H\u00f8gre p\u00e5 B\u00f8mlo\"}]},{\"@type\":\"WebSite\",\"@id\":\"https:\/\/hoyre.no\/bomlo\/#website\",\"url\":\"https:\/\/hoyre.no\/bomlo\/\",\"name\":\"B\u00f8mlo H\u00f8gre\",\"description\":\"Bare enda et H\u00f8yres nettsteder-nettsted\",\"inLanguage\":\"nn-NO\"}]}<\/script>\n<!-- \/ Yoast SEO plugin. -->","yoast_head_json":{"title":"6 grunnar til \u00e5 stemma H\u00f8gre p\u00e5 B\u00f8mlo - B\u00f8mlo H\u00f8gre","description":"6 grunnar til \u00e5 stemma H\u00f8gre om du bur p\u00e5 B\u00f8mlo.","robots":{"index":"index","follow":"follow","max-snippet":"max-snippet:-1","max-image-preview":"max-image-preview:large","max-video-preview":"max-video-preview:-1"},"canonical":"https:\/\/hoyre.no\/bomlo\/6-grunnar-til-a-stemma-hogre-pa-bomlo\/","og_locale":"nn_NO","og_type":"article","og_title":"6 grunnar til \u00e5 stemma H\u00f8gre p\u00e5 B\u00f8mlo - B\u00f8mlo H\u00f8gre","og_description":"6 grunnar til \u00e5 stemma H\u00f8gre om du bur p\u00e5 B\u00f8mlo.","og_url":"https:\/\/hoyre.no\/bomlo\/6-grunnar-til-a-stemma-hogre-pa-bomlo\/","og_site_name":"B\u00f8mlo H\u00f8gre","article_modified_time":"2025-02-18T14:53:48+00:00","og_image":[{"url":"https:\/\/hoyre.no\/content\/uploads\/sites\/341\/2023\/05\/GettyImages-1427270171-1024x683.jpg","type":"","width":"","height":""}],"twitter_card":"summary_large_image","twitter_misc":{"Est. reading time":"4 minutt"},"schema":{"@context":"https:\/\/schema.org","@graph":[{"@type":"WebPage","@id":"https:\/\/hoyre.no\/bomlo\/6-grunnar-til-a-stemma-hogre-pa-bomlo\/","url":"https:\/\/hoyre.no\/bomlo\/6-grunnar-til-a-stemma-hogre-pa-bomlo\/","name":"6 grunnar til \u00e5 stemma H\u00f8gre p\u00e5 B\u00f8mlo - B\u00f8mlo H\u00f8gre","isPartOf":{"@id":"https:\/\/hoyre.no\/bomlo\/#website"},"image":{"@id":"https:\/\/hoyre.no\/bomlo\/6-grunnar-til-a-stemma-hogre-pa-bomlo\/#primaryimage"},"thumbnailUrl":"https:\/\/hoyre.no\/content\/uploads\/sites\/341\/2023\/05\/GettyImages-1427270171-1024x683.jpg","datePublished":"2023-05-08T12:05:30+00:00","dateModified":"2025-02-18T14:53:48+00:00","description":"6 grunnar til \u00e5 stemma H\u00f8gre om du bur p\u00e5 B\u00f8mlo.","breadcrumb":{"@id":"https:\/\/hoyre.no\/bomlo\/6-grunnar-til-a-stemma-hogre-pa-bomlo\/#breadcrumb"},"inLanguage":"nn-NO","potentialAction":[{"@type":"ReadAction","target":["https:\/\/hoyre.no\/bomlo\/6-grunnar-til-a-stemma-hogre-pa-bomlo\/"]}]},{"@type":"ImageObject","inLanguage":"nn-NO","@id":"https:\/\/hoyre.no\/bomlo\/6-grunnar-til-a-stemma-hogre-pa-bomlo\/#primaryimage","url":"https:\/\/hoyre.no\/content\/uploads\/sites\/341\/2023\/05\/GettyImages-1427270171-1024x683.jpg","contentUrl":"https:\/\/hoyre.no\/content\/uploads\/sites\/341\/2023\/05\/GettyImages-1427270171-1024x683.jpg"},{"@type":"BreadcrumbList","@id":"https:\/\/hoyre.no\/bomlo\/6-grunnar-til-a-stemma-hogre-pa-bomlo\/#breadcrumb","itemListElement":[{"@type":"ListItem","position":1,"name":"Til hoyre.no","item":"https:\/\/hoyre.no"},{"@type":"ListItem","position":2,"name":"Hjem","item":"https:\/\/hoyre.no\/bomlo\/"},{"@type":"ListItem","position":3,"name":"6 grunnar til \u00e5 stemma H\u00f8gre p\u00e5 B\u00f8mlo"}]},{"@type":"WebSite","@id":"https:\/\/hoyre.no\/bomlo\/#website","url":"https:\/\/hoyre.no\/bomlo\/","name":"B\u00f8mlo H\u00f8gre","description":"Bare enda et H\u00f8yres nettsteder-nettsted","inLanguage":"nn-NO"}]}},"distributor_meta":false,"distributor_terms":false,"distributor_media":false,"distributor_original_site_name":"B\u00f8mlo H\u00f8gre","distributor_original_site_url":"https:\/\/hoyre.no\/bomlo","push-errors":false,"_links":{"self":[{"href":"https:\/\/hoyre.no\/bomlo\/wp-json\/wp\/v2\/pages\/93","targetHints":{"allow":["GET"]}}],"collection":[{"href":"https:\/\/hoyre.no\/bomlo\/wp-json\/wp\/v2\/pages"}],"about":[{"href":"https:\/\/hoyre.no\/bomlo\/wp-json\/wp\/v2\/types\/page"}],"author":[{"embeddable":true,"href":"https:\/\/hoyre.no\/bomlo\/wp-json\/wp\/v2\/users\/26371"}],"replies":[{"embeddable":true,"href":"https:\/\/hoyre.no\/bomlo\/wp-json\/wp\/v2\/comments?post=93"}],"version-history":[{"count":7,"href":"https:\/\/hoyre.no\/bomlo\/wp-json\/wp\/v2\/pages\/93\/revisions"}],"predecessor-version":[{"id":131,"href":"https:\/\/hoyre.no\/bomlo\/wp-json\/wp\/v2\/pages\/93\/revisions\/131"}],"wp:attachment":[{"href":"https:\/\/hoyre.no\/bomlo\/wp-json\/wp\/v2\/media?parent=93"}],"curies":[{"name":"wp","href":"https:\/\/api.w.org\/{rel}","templated":true}]}}