{"id":42,"date":"2023-08-16T17:14:42","date_gmt":"2023-08-16T15:14:42","guid":{"rendered":"https:\/\/hoyre.no\/bremanger\/?page_id=42"},"modified":"2025-02-14T12:37:53","modified_gmt":"2025-02-14T11:37:53","slug":"7-gode-grunnar","status":"publish","type":"page","link":"https:\/\/hoyre.no\/bremanger\/7-gode-grunnar\/","title":{"rendered":"7 gode grunnar"},"content":{"rendered":"\n<div class=\"wp-block-hoyre-hero with-image-gradient text-color-light  has-media alignfull has-background\"><div class=\"hoyre-hero has-image\"><h1 class=\"title\">7 gode grunnar til \u00e5 r\u00f8yste H\u00f8gre i Bremanger<\/h1><figure class=\"hoyre-image-wrapper\"><div class=\"hoyre-image\"><img loading=\"lazy\" decoding=\"async\" width=\"2500\" height=\"1667\" src=\"https:\/\/hoyre.no\/content\/uploads\/sites\/343\/2023\/08\/Bla\u030a-Hortensia-foto-Agathe-Steen-6-scaled.jpg\" class=\"attachment-scaled size-scaled\" alt=\"\" style=\"object-position: 50% 59%\" srcset=\"https:\/\/hoyre.no\/content\/uploads\/sites\/343\/2023\/08\/Bla\u030a-Hortensia-foto-Agathe-Steen-6-scaled.jpg 2500w, https:\/\/hoyre.no\/content\/uploads\/sites\/343\/2023\/08\/Bla\u030a-Hortensia-foto-Agathe-Steen-6-300x200.jpg 300w, https:\/\/hoyre.no\/content\/uploads\/sites\/343\/2023\/08\/Bla\u030a-Hortensia-foto-Agathe-Steen-6-1024x683.jpg 1024w, https:\/\/hoyre.no\/content\/uploads\/sites\/343\/2023\/08\/Bla\u030a-Hortensia-foto-Agathe-Steen-6-768x512.jpg 768w, https:\/\/hoyre.no\/content\/uploads\/sites\/343\/2023\/08\/Bla\u030a-Hortensia-foto-Agathe-Steen-6-1536x1024.jpg 1536w, https:\/\/hoyre.no\/content\/uploads\/sites\/343\/2023\/08\/Bla\u030a-Hortensia-foto-Agathe-Steen-6-2048x1365.jpg 2048w\" sizes=\"auto, (max-width: 2500px) 100vw, 2500px\" \/><\/div><\/figure><\/div><\/div>\n\n\n\n\n\t\t<div class=\"has-lightest-blue-background-color is-layout-left alignwide alignwide wp-block-hoyre-media-text\">\n\t\t\t<div class=\"hoyre-media-text__media\">\n\t\t\t\t<img loading=\"lazy\" decoding=\"async\" width=\"1024\" height=\"683\" src=\"https:\/\/hoyre.no\/content\/uploads\/sites\/343\/2023\/08\/GettyImages-1126060553-1024x683.jpg\" class=\"hoyre-media-text__media-image\" alt=\"\" style=\"--focal: 19% 18%;\" srcset=\"https:\/\/hoyre.no\/content\/uploads\/sites\/343\/2023\/08\/GettyImages-1126060553-1024x683.jpg 1024w, https:\/\/hoyre.no\/content\/uploads\/sites\/343\/2023\/08\/GettyImages-1126060553-300x200.jpg 300w, https:\/\/hoyre.no\/content\/uploads\/sites\/343\/2023\/08\/GettyImages-1126060553-768x512.jpg 768w, https:\/\/hoyre.no\/content\/uploads\/sites\/343\/2023\/08\/GettyImages-1126060553-1536x1024.jpg 1536w, https:\/\/hoyre.no\/content\/uploads\/sites\/343\/2023\/08\/GettyImages-1126060553-2048x1365.jpg 2048w\" sizes=\"auto, (max-width: 1024px) 100vw, 1024px\" \/>\n\t\t\t<\/div>\n\t\t\t<div class=\"hoyre-media-text__content\">\n\t\t\t\t<div class=\"hoyre-media-text__content-inner\">\n\t\t\t\t\t\n\t\t\t<div class=\"hoyre-media-text__title-container\">\n\t\t\t\t\n\t\t\t\t<h2 class=\"hoyre-media-text__title\">1. Barnehagar der folk bur<\/h2>\n\t\t\t<\/div>\n\t\t\t\n\t\t\t\t\t<div class=\"hoyre-media-text__blocks\">\n<p>H\u00f8gre vil sikre god bemanning i barnehagane, gje fleire tilsette i barnehagane etter-og vidareutdanning, sikre at barnehagane har gode lokaler innomhus, trygge uteomr\u00e5der som inspirerer til leik gjennom fysisk aktivitet og legge til rette for fleksible opningstider, tilpassa folks ulike arbeidsm\u00f8nster.<\/p>\n<\/div>\n\t\t\t\t\t\n\t\t\t\t<\/div>\n\t\t\t<\/div>\n\t\t<\/div>\n\t\t\n\n\n\n\t\t<div class=\"has-pale-blue-background-color is-layout-right alignwide alignwide wp-block-hoyre-media-text\">\n\t\t\t<div class=\"hoyre-media-text__media\">\n\t\t\t\t<img loading=\"lazy\" decoding=\"async\" width=\"1024\" height=\"683\" src=\"https:\/\/hoyre.no\/content\/uploads\/sites\/343\/2023\/08\/GettyImages-1214950612-1024x683.jpg\" class=\"hoyre-media-text__media-image\" alt=\"\" style=\"--focal: 50% 50%;\" srcset=\"https:\/\/hoyre.no\/content\/uploads\/sites\/343\/2023\/08\/GettyImages-1214950612-1024x683.jpg 1024w, https:\/\/hoyre.no\/content\/uploads\/sites\/343\/2023\/08\/GettyImages-1214950612-300x200.jpg 300w, https:\/\/hoyre.no\/content\/uploads\/sites\/343\/2023\/08\/GettyImages-1214950612-768x512.jpg 768w, https:\/\/hoyre.no\/content\/uploads\/sites\/343\/2023\/08\/GettyImages-1214950612-1536x1024.jpg 1536w, https:\/\/hoyre.no\/content\/uploads\/sites\/343\/2023\/08\/GettyImages-1214950612-2048x1365.jpg 2048w\" sizes=\"auto, (max-width: 1024px) 100vw, 1024px\" \/>\n\t\t\t<\/div>\n\t\t\t<div class=\"hoyre-media-text__content\">\n\t\t\t\t<div class=\"hoyre-media-text__content-inner\">\n\t\t\t\t\t\n\t\t\t<div class=\"hoyre-media-text__title-container\">\n\t\t\t\t\n\t\t\t\t<h2 class=\"hoyre-media-text__title\">2. Ein skule som ser den enkelte eleven<\/h2>\n\t\t\t<\/div>\n\t\t\t\n\t\t\t\t\t<div class=\"hoyre-media-text__blocks\">\n<p>Sj\u00f8lv om elevtalet g\u00e5r ned, vil vi oppretthalde den skulestrukturen vi har i dag, s\u00e5 lenge det er pedagogisk og sosialt forsvarleg. F\u00e5delte skular har mange fordelar, s\u00e6rleg i h\u00f8ve til \u00e5 f\u00f8lgje opp den enkelte eleven.\u00a0<\/p><p>At bygda har skule, er \u00f2g viktig for dei som skal rekruttere nye medarbeidarar. Ein skule n\u00e6r der folk bur er godt for milj\u00f8et, og skapar bulyst.<\/p><p>H\u00f8gre vil forsterke innsatsen mot mobbing, vald trakassering og diskriminering i skule og barnehage, sikre at elevar har moglegheit til \u00e5 gje tilbakemelding p\u00e5 korleis dei trivast og l\u00e6rer p\u00e5 skulen, til d\u00f8mes gjennom elevunders\u00f8king og tilpasse undervisninga betre til den enkelte elev, anten eleven treng ekstra oppf\u00f8lging, eller ekstra utfordringar.<\/p>\n<\/div>\n\t\t\t\t\t\n\t\t\t\t<\/div>\n\t\t\t<\/div>\n\t\t<\/div>\n\t\t\n\n\n\t\t<div class=\"has-pale-purple-background-color is-layout-left alignwide alignwide wp-block-hoyre-media-text\">\n\t\t\t<div class=\"hoyre-media-text__media\">\n\t\t\t\t<img loading=\"lazy\" decoding=\"async\" width=\"1024\" height=\"683\" src=\"https:\/\/hoyre.no\/content\/uploads\/sites\/343\/2023\/08\/GettyImages-1152308900-1024x683.jpg\" class=\"hoyre-media-text__media-image\" alt=\"\" style=\"--focal: 50% 50%;\" srcset=\"https:\/\/hoyre.no\/content\/uploads\/sites\/343\/2023\/08\/GettyImages-1152308900-1024x683.jpg 1024w, https:\/\/hoyre.no\/content\/uploads\/sites\/343\/2023\/08\/GettyImages-1152308900-300x200.jpg 300w, https:\/\/hoyre.no\/content\/uploads\/sites\/343\/2023\/08\/GettyImages-1152308900-768x512.jpg 768w, https:\/\/hoyre.no\/content\/uploads\/sites\/343\/2023\/08\/GettyImages-1152308900-1536x1024.jpg 1536w, https:\/\/hoyre.no\/content\/uploads\/sites\/343\/2023\/08\/GettyImages-1152308900-2048x1365.jpg 2048w\" sizes=\"auto, (max-width: 1024px) 100vw, 1024px\" \/>\n\t\t\t<\/div>\n\t\t\t<div class=\"hoyre-media-text__content\">\n\t\t\t\t<div class=\"hoyre-media-text__content-inner\">\n\t\t\t\t\t\n\t\t\t<div class=\"hoyre-media-text__title-container\">\n\t\t\t\t\n\t\t\t\t<h2 class=\"hoyre-media-text__title\">3. Leve heile livet &#8211; livskvalitet for dei eldre<\/h2>\n\t\t\t<\/div>\n\t\t\t\n\t\t\t\t\t<div class=\"hoyre-media-text__blocks\">\n<p>H\u00f8gre vil fortsette arbeidet med \u00e5 gjennomf\u00f8re kvalitetsreforma \u201cLeve heile livet\u201d.\u00a0<\/p><p>Mange eldre i Bremanger er einsame. Einsemd kan f\u00f8re til ulike helseutfordringar, som til d\u00f8mes angst og depresjon. Samv\u00e6r med andre menneske gjer ikkje berre godt for den enkelte, men verkar \u00f2g f\u00f8rebyggjande.<\/p><p>B\u00e5de kommunen og mange frivillige gjer mykje for dei eldre i dag, men mykje kan gjerast betre. H\u00f8gre vil arbeide for \u00e5 opprette fleire dagtilbud og m\u00f8teplasser for dei eldre, gje dei eldre moglegheit til \u00e5 gje tilbakemelding p\u00e5 korleis dei har det, gje tilbod om etterutdanning til tilsette, f\u00e5 fleire l\u00e6rlingar og styrke rekrutteringsarbeidet av kompetent personell, b\u00e5de i og utanfor institusjonane v\u00e5re, og styrke samarbeidet med dei frivillige sitt arbeid for dei eldre.\u00a0<\/p>\n<\/div>\n\t\t\t\t\t\n\t\t\t\t<\/div>\n\t\t\t<\/div>\n\t\t<\/div>\n\t\t\n\n\n\t\t<div class=\"has-lightest-blue-background-color is-layout-right alignwide alignwide wp-block-hoyre-media-text\">\n\t\t\t<div class=\"hoyre-media-text__media\">\n\t\t\t\t<img loading=\"lazy\" decoding=\"async\" width=\"1024\" height=\"683\" src=\"https:\/\/hoyre.no\/content\/uploads\/sites\/343\/2023\/08\/GettyImages-1271529518-1024x683.jpg\" class=\"hoyre-media-text__media-image\" alt=\"\" style=\"--focal: 50% 50%;\" srcset=\"https:\/\/hoyre.no\/content\/uploads\/sites\/343\/2023\/08\/GettyImages-1271529518-1024x683.jpg 1024w, https:\/\/hoyre.no\/content\/uploads\/sites\/343\/2023\/08\/GettyImages-1271529518-300x200.jpg 300w, https:\/\/hoyre.no\/content\/uploads\/sites\/343\/2023\/08\/GettyImages-1271529518-768x512.jpg 768w, https:\/\/hoyre.no\/content\/uploads\/sites\/343\/2023\/08\/GettyImages-1271529518-1536x1024.jpg 1536w, https:\/\/hoyre.no\/content\/uploads\/sites\/343\/2023\/08\/GettyImages-1271529518-2048x1366.jpg 2048w\" sizes=\"auto, (max-width: 1024px) 100vw, 1024px\" \/>\n\t\t\t<\/div>\n\t\t\t<div class=\"hoyre-media-text__content\">\n\t\t\t\t<div class=\"hoyre-media-text__content-inner\">\n\t\t\t\t\t\n\t\t\t<div class=\"hoyre-media-text__title-container\">\n\t\t\t\t\n\t\t\t\t<h2 class=\"hoyre-media-text__title\">4. Hjelp n\u00e5r du treng det<\/h2>\n\t\t\t<\/div>\n\t\t\t\n\t\t\t\t\t<div class=\"hoyre-media-text__blocks\">\n<p>Alle skal kjenne seg trygge p\u00e5 at dei f\u00e5r helsehjelpa dei treng, n\u00e5r dei treng den. Endringane i dei prehospitale tenestene og flytting av legevakta til Flor\u00f8, har medf\u00f8rt hendingar som gjer folk utrygge p\u00e5 at dei vil f\u00e5 den hjelpa dei treng, n\u00e5r dei treng den. Likeeins den stadig tilbakevendande debatten om flytting av b\u00e5de legar og helsestasjon, fr\u00e5 Hauge til Svelgen.\u00a0<\/p><p>H\u00f8gre vil arbeide for ei betre\/l\u00e5gare responstid enn den vi har i dag, behalde legar og helsestasjon i b\u00e5de indre og ytre og vurdere ulike turnusl\u00f8ysingar i h\u00f8ve rekruttering av fastlegar\/legevakt.<\/p>\n<\/div>\n\t\t\t\t\t\n\t\t\t\t<\/div>\n\t\t\t<\/div>\n\t\t<\/div>\n\t\t\n\n\n\t\t<div class=\"has-pale-blue-background-color is-layout-left alignwide alignwide wp-block-hoyre-media-text\">\n\t\t\t<div class=\"hoyre-media-text__media\">\n\t\t\t\t<img loading=\"lazy\" decoding=\"async\" width=\"1024\" height=\"683\" src=\"https:\/\/hoyre.no\/content\/uploads\/sites\/343\/2023\/08\/GettyImages-562451511-1024x683.jpg\" class=\"hoyre-media-text__media-image\" alt=\"\" style=\"--focal: 68% 49%;\" srcset=\"https:\/\/hoyre.no\/content\/uploads\/sites\/343\/2023\/08\/GettyImages-562451511-1024x683.jpg 1024w, https:\/\/hoyre.no\/content\/uploads\/sites\/343\/2023\/08\/GettyImages-562451511-300x200.jpg 300w, https:\/\/hoyre.no\/content\/uploads\/sites\/343\/2023\/08\/GettyImages-562451511-768x512.jpg 768w, https:\/\/hoyre.no\/content\/uploads\/sites\/343\/2023\/08\/GettyImages-562451511-1536x1024.jpg 1536w, https:\/\/hoyre.no\/content\/uploads\/sites\/343\/2023\/08\/GettyImages-562451511-2048x1365.jpg 2048w\" sizes=\"auto, (max-width: 1024px) 100vw, 1024px\" \/>\n\t\t\t<\/div>\n\t\t\t<div class=\"hoyre-media-text__content\">\n\t\t\t\t<div class=\"hoyre-media-text__content-inner\">\n\t\t\t\t\t\n\t\t\t<div class=\"hoyre-media-text__title-container\">\n\t\t\t\t\n\t\t\t\t<h2 class=\"hoyre-media-text__title\">5. P\u00e5 lag med jobbskaparane<\/h2>\n\t\t\t<\/div>\n\t\t\t\n\t\t\t\t\t<div class=\"hoyre-media-text__blocks\">\n<p>Det private n\u00e6ringslivet er ein av b\u00e6rebjelkane i samfunnet. Utan jobbskaparane v\u00e5re, vil folketalet stupe enda brattare.\u00a0<\/p><p>Kommunen skal v\u00e6re tilretteleggar og st\u00f8ttespelar, b\u00e5de over for eksisterande bedrifter og bedrifter i oppstartsfasen. Kommunen skal s\u00f8rge for oppdaterte planar og tjenleg infrastruktur og bidra med midlar gjennom n\u00e6ringsfondet. Gode planar, moderne infrastruktur og m\u00e5lretta verkemiddel gjev langsiktige og forutsigbare vilk\u00e5r for b\u00e5de trivsel, vekst og utvikling.<\/p>\n<\/div>\n\t\t\t\t\t\n\t\t\t\t<\/div>\n\t\t\t<\/div>\n\t\t<\/div>\n\t\t\n\n\n\t\t<div class=\"has-pale-purple-background-color is-layout-right alignwide alignwide wp-block-hoyre-media-text\">\n\t\t\t<div class=\"hoyre-media-text__media\">\n\t\t\t\t<img loading=\"lazy\" decoding=\"async\" width=\"1024\" height=\"683\" src=\"https:\/\/hoyre.no\/content\/uploads\/sites\/343\/2023\/08\/GettyImages-1304356424-1024x683.jpg\" class=\"hoyre-media-text__media-image\" alt=\"\" style=\"--focal: 50% 50%;\" srcset=\"https:\/\/hoyre.no\/content\/uploads\/sites\/343\/2023\/08\/GettyImages-1304356424-1024x683.jpg 1024w, https:\/\/hoyre.no\/content\/uploads\/sites\/343\/2023\/08\/GettyImages-1304356424-300x200.jpg 300w, https:\/\/hoyre.no\/content\/uploads\/sites\/343\/2023\/08\/GettyImages-1304356424-768x512.jpg 768w, https:\/\/hoyre.no\/content\/uploads\/sites\/343\/2023\/08\/GettyImages-1304356424-1536x1024.jpg 1536w, https:\/\/hoyre.no\/content\/uploads\/sites\/343\/2023\/08\/GettyImages-1304356424-2048x1365.jpg 2048w\" sizes=\"auto, (max-width: 1024px) 100vw, 1024px\" \/>\n\t\t\t<\/div>\n\t\t\t<div class=\"hoyre-media-text__content\">\n\t\t\t\t<div class=\"hoyre-media-text__content-inner\">\n\t\t\t\t\t\n\t\t\t<div class=\"hoyre-media-text__title-container\">\n\t\t\t\t\n\t\t\t\t<h2 class=\"hoyre-media-text__title\">6. Eit berekraftig reiseliv<\/h2>\n\t\t\t<\/div>\n\t\t\t\n\t\t\t\t\t<div class=\"hoyre-media-text__blocks\">\n<p>Reiselivsn\u00e6ringa v\u00e5r er ei n\u00e6ring med stort vekstpotensial i kommunen v\u00e5r. Difor treng dei eit ekstra fokus for \u00e5 komme vidare.<\/p><p>Kommunen skal legge til rette for at attraksjonar og aktivitetar er tilgjengelege heile \u00e5ret, og dermed bidra til \u00e5 utvikle heil\u00e5rsturisme. \u00a0<\/p><p>H\u00f8gre vil styrke samarbeidet mellom friluftsliv og reiseliv, slik at viktige naturattraksjonar blir godt tilrettelagte og framst\u00e5r som attraktive og utan un\u00f8dig slitasje og fors\u00f8pling. Kommunen skal ogs\u00e5 legge til rette for god merkevarebygging rundt Bremanger sine natur- og kulturopplevingar.<\/p>\n<\/div>\n\t\t\t\t\t\n\t\t\t\t<\/div>\n\t\t\t<\/div>\n\t\t<\/div>\n\t\t\n\n\n\t\t<div class=\"has-pale-green-background-color is-layout-left alignwide alignwide wp-block-hoyre-media-text\">\n\t\t\t<div class=\"hoyre-media-text__media\">\n\t\t\t\t<img loading=\"lazy\" decoding=\"async\" width=\"1024\" height=\"683\" src=\"https:\/\/hoyre.no\/content\/uploads\/sites\/343\/2023\/08\/GettyImages-597623741-1024x683.jpg\" class=\"hoyre-media-text__media-image\" alt=\"\" style=\"--focal: 66% 54%;\" srcset=\"https:\/\/hoyre.no\/content\/uploads\/sites\/343\/2023\/08\/GettyImages-597623741-1024x683.jpg 1024w, https:\/\/hoyre.no\/content\/uploads\/sites\/343\/2023\/08\/GettyImages-597623741-300x200.jpg 300w, https:\/\/hoyre.no\/content\/uploads\/sites\/343\/2023\/08\/GettyImages-597623741-768x513.jpg 768w, https:\/\/hoyre.no\/content\/uploads\/sites\/343\/2023\/08\/GettyImages-597623741-1536x1025.jpg 1536w, https:\/\/hoyre.no\/content\/uploads\/sites\/343\/2023\/08\/GettyImages-597623741-2048x1367.jpg 2048w\" sizes=\"auto, (max-width: 1024px) 100vw, 1024px\" \/>\n\t\t\t<\/div>\n\t\t\t<div class=\"hoyre-media-text__content\">\n\t\t\t\t<div class=\"hoyre-media-text__content-inner\">\n\t\t\t\t\t\n\t\t\t<div class=\"hoyre-media-text__title-container\">\n\t\t\t\t\n\t\t\t\t<h2 class=\"hoyre-media-text__title\">7. Meir bl\u00e5 og gr\u00f8n industri<\/h2>\n\t\t\t<\/div>\n\t\t\t\n\t\t\t\t\t<div class=\"hoyre-media-text__blocks\">\n<p>Fiskerin\u00e6ringa er s\u00e6rs viktig for oss p\u00e5 kysten. H\u00f8gre vil at denne n\u00e6ringa skal ha gode moglegheiter for vekst fremover, og vil tilrettelegge for det. Arbeidet med \u00e5 f\u00e5 realisert fiskerihavna p\u00e5 Kalv\u00f8ya skal fortsette.\u00a0<\/p><p>Det gr\u00f8ne skiftet kan ogs\u00e5 bli eit stort skifte for Bremanger. S\u00e5kalla gr\u00f8n industri \u00f8nskjer \u00e5 etablere seg i kommunar med mykje fornybar kraft, og freistar med mange nye arbeidsplassar og nye innbyggjarar. H\u00f8gre er opne for det nye, men vil sikre at ny industri skjer p\u00e5 ein b\u00e6rekraftig m\u00e5te, der omsyn til s\u00e5rbar natur, eksisterande bedrifter og menneska som bur her, m\u00e5 st\u00e5 sentralt.<\/p>\n<\/div>\n\t\t\t\t\t\n\t\t\t\t<\/div>\n\t\t\t<\/div>\n\t\t<\/div>\n\t\t\n\n\n<div class=\"wp-block-hoyre-banner alignwide undefined\"><div class=\"banner-inner\"><figure class=\"hoyre-image-wrapper\"><div class=\"hoyre-image\"><img loading=\"lazy\" decoding=\"async\" width=\"2500\" height=\"1667\" src=\"https:\/\/hoyre.no\/content\/uploads\/sites\/343\/2023\/08\/568A7046-scaled.jpg\" class=\"attachment-scaled size-scaled\" alt=\"\" style=\"object-position: 28.999999999999996% 67%\" srcset=\"https:\/\/hoyre.no\/content\/uploads\/sites\/343\/2023\/08\/568A7046-scaled.jpg 2500w, https:\/\/hoyre.no\/content\/uploads\/sites\/343\/2023\/08\/568A7046-300x200.jpg 300w, https:\/\/hoyre.no\/content\/uploads\/sites\/343\/2023\/08\/568A7046-1024x683.jpg 1024w, https:\/\/hoyre.no\/content\/uploads\/sites\/343\/2023\/08\/568A7046-768x512.jpg 768w, https:\/\/hoyre.no\/content\/uploads\/sites\/343\/2023\/08\/568A7046-1536x1025.jpg 1536w, https:\/\/hoyre.no\/content\/uploads\/sites\/343\/2023\/08\/568A7046-2048x1366.jpg 2048w\" sizes=\"auto, (max-width: 2500px) 100vw, 2500px\" \/><\/div><\/figure><div class=\"banner-content\"><div class=\"entry-content\">\n<h2 class=\"wp-block-heading\">Jorunn Fr\u00f8yen er v\u00e5r gruppeleiar\ud83d\udc99<\/h2>\n\n\n\n<p>Du kan sj\u00e5 heile v\u00e5r valliste her \ud83d\udc47<\/p>\n\n\n\n<div class=\"wp-block-buttons is-layout-flex wp-block-buttons-is-layout-flex\">\n<div class=\"wp-block-button\"><a class=\"wp-block-button__link wp-element-button\" href=\"https:\/\/hoyre.no\/bremanger\/vare-kandidatar\/\">les meir her<\/a><\/div>\n<\/div>\n<\/div><\/div><\/div><\/div>\n","protected":false},"excerpt":{"rendered":"","protected":false},"author":29319,"featured_media":0,"parent":0,"menu_order":0,"comment_status":"closed","ping_status":"closed","template":"","meta":{"teft_cards_image_url":"","teft_cards_custom_pretitle":"","teft_cards_image_id":0,"teft_cards_image_focal_point_x":0,"teft_cards_image_focal_point_y":0,"teft_cards_title":"","teft_cards_excerpt":"","teft_show_chapters":false,"footnotes":""},"class_list":["post-42","page","type-page","status-publish","hentry"],"yoast_head":"<!-- This site is optimized with the Yoast SEO plugin v26.6 - https:\/\/yoast.com\/wordpress\/plugins\/seo\/ -->\n<title>7 gode grunnar - Bremanger H\u00f8gre<\/title>\n<meta name=\"robots\" content=\"index, follow, max-snippet:-1, max-image-preview:large, max-video-preview:-1\" \/>\n<link rel=\"canonical\" href=\"https:\/\/hoyre.no\/bremanger\/7-gode-grunnar\/\" \/>\n<meta property=\"og:locale\" content=\"nn_NO\" \/>\n<meta property=\"og:type\" content=\"article\" \/>\n<meta property=\"og:title\" content=\"7 gode grunnar - Bremanger H\u00f8gre\" \/>\n<meta property=\"og:url\" content=\"https:\/\/hoyre.no\/bremanger\/7-gode-grunnar\/\" \/>\n<meta property=\"og:site_name\" content=\"Bremanger H\u00f8gre\" \/>\n<meta property=\"article:modified_time\" content=\"2025-02-14T11:37:53+00:00\" \/>\n<meta property=\"og:image\" content=\"https:\/\/hoyre.no\/content\/uploads\/sites\/343\/2022\/11\/Hoyres-logo.png\" \/>\n\t<meta property=\"og:image:width\" content=\"1000\" \/>\n\t<meta property=\"og:image:height\" content=\"1000\" \/>\n\t<meta property=\"og:image:type\" content=\"image\/png\" \/>\n<meta name=\"twitter:card\" content=\"summary_large_image\" \/>\n<meta name=\"twitter:label1\" content=\"Est. reading time\" \/>\n\t<meta name=\"twitter:data1\" content=\"4 minutt\" \/>\n<script type=\"application\/ld+json\" class=\"yoast-schema-graph\">{\"@context\":\"https:\/\/schema.org\",\"@graph\":[{\"@type\":\"WebPage\",\"@id\":\"https:\/\/hoyre.no\/bremanger\/7-gode-grunnar\/\",\"url\":\"https:\/\/hoyre.no\/bremanger\/7-gode-grunnar\/\",\"name\":\"7 gode grunnar - Bremanger H\u00f8gre\",\"isPartOf\":{\"@id\":\"https:\/\/hoyre.no\/bremanger\/#website\"},\"datePublished\":\"2023-08-16T15:14:42+00:00\",\"dateModified\":\"2025-02-14T11:37:53+00:00\",\"breadcrumb\":{\"@id\":\"https:\/\/hoyre.no\/bremanger\/7-gode-grunnar\/#breadcrumb\"},\"inLanguage\":\"nn-NO\",\"potentialAction\":[{\"@type\":\"ReadAction\",\"target\":[\"https:\/\/hoyre.no\/bremanger\/7-gode-grunnar\/\"]}]},{\"@type\":\"BreadcrumbList\",\"@id\":\"https:\/\/hoyre.no\/bremanger\/7-gode-grunnar\/#breadcrumb\",\"itemListElement\":[{\"@type\":\"ListItem\",\"position\":1,\"name\":\"Til hoyre.no\",\"item\":\"https:\/\/hoyre.no\"},{\"@type\":\"ListItem\",\"position\":2,\"name\":\"Hjem\",\"item\":\"https:\/\/hoyre.no\/bremanger\/\"},{\"@type\":\"ListItem\",\"position\":3,\"name\":\"7 gode grunnar\"}]},{\"@type\":\"WebSite\",\"@id\":\"https:\/\/hoyre.no\/bremanger\/#website\",\"url\":\"https:\/\/hoyre.no\/bremanger\/\",\"name\":\"Bremanger H\u00f8gre\",\"description\":\"Bare enda et H\u00f8yres nettsteder-nettsted\",\"inLanguage\":\"nn-NO\"}]}<\/script>\n<!-- \/ Yoast SEO plugin. -->","yoast_head_json":{"title":"7 gode grunnar - Bremanger H\u00f8gre","robots":{"index":"index","follow":"follow","max-snippet":"max-snippet:-1","max-image-preview":"max-image-preview:large","max-video-preview":"max-video-preview:-1"},"canonical":"https:\/\/hoyre.no\/bremanger\/7-gode-grunnar\/","og_locale":"nn_NO","og_type":"article","og_title":"7 gode grunnar - Bremanger H\u00f8gre","og_url":"https:\/\/hoyre.no\/bremanger\/7-gode-grunnar\/","og_site_name":"Bremanger H\u00f8gre","article_modified_time":"2025-02-14T11:37:53+00:00","og_image":[{"width":1000,"height":1000,"url":"https:\/\/hoyre.no\/content\/uploads\/sites\/343\/2022\/11\/Hoyres-logo.png","type":"image\/png"}],"twitter_card":"summary_large_image","twitter_misc":{"Est. reading time":"4 minutt"},"schema":{"@context":"https:\/\/schema.org","@graph":[{"@type":"WebPage","@id":"https:\/\/hoyre.no\/bremanger\/7-gode-grunnar\/","url":"https:\/\/hoyre.no\/bremanger\/7-gode-grunnar\/","name":"7 gode grunnar - Bremanger H\u00f8gre","isPartOf":{"@id":"https:\/\/hoyre.no\/bremanger\/#website"},"datePublished":"2023-08-16T15:14:42+00:00","dateModified":"2025-02-14T11:37:53+00:00","breadcrumb":{"@id":"https:\/\/hoyre.no\/bremanger\/7-gode-grunnar\/#breadcrumb"},"inLanguage":"nn-NO","potentialAction":[{"@type":"ReadAction","target":["https:\/\/hoyre.no\/bremanger\/7-gode-grunnar\/"]}]},{"@type":"BreadcrumbList","@id":"https:\/\/hoyre.no\/bremanger\/7-gode-grunnar\/#breadcrumb","itemListElement":[{"@type":"ListItem","position":1,"name":"Til hoyre.no","item":"https:\/\/hoyre.no"},{"@type":"ListItem","position":2,"name":"Hjem","item":"https:\/\/hoyre.no\/bremanger\/"},{"@type":"ListItem","position":3,"name":"7 gode grunnar"}]},{"@type":"WebSite","@id":"https:\/\/hoyre.no\/bremanger\/#website","url":"https:\/\/hoyre.no\/bremanger\/","name":"Bremanger H\u00f8gre","description":"Bare enda et H\u00f8yres nettsteder-nettsted","inLanguage":"nn-NO"}]}},"distributor_meta":false,"distributor_terms":false,"distributor_media":false,"distributor_original_site_name":"Bremanger H\u00f8gre","distributor_original_site_url":"https:\/\/hoyre.no\/bremanger","push-errors":false,"_links":{"self":[{"href":"https:\/\/hoyre.no\/bremanger\/wp-json\/wp\/v2\/pages\/42","targetHints":{"allow":["GET"]}}],"collection":[{"href":"https:\/\/hoyre.no\/bremanger\/wp-json\/wp\/v2\/pages"}],"about":[{"href":"https:\/\/hoyre.no\/bremanger\/wp-json\/wp\/v2\/types\/page"}],"author":[{"embeddable":true,"href":"https:\/\/hoyre.no\/bremanger\/wp-json\/wp\/v2\/users\/29319"}],"replies":[{"embeddable":true,"href":"https:\/\/hoyre.no\/bremanger\/wp-json\/wp\/v2\/comments?post=42"}],"version-history":[{"count":3,"href":"https:\/\/hoyre.no\/bremanger\/wp-json\/wp\/v2\/pages\/42\/revisions"}],"predecessor-version":[{"id":73,"href":"https:\/\/hoyre.no\/bremanger\/wp-json\/wp\/v2\/pages\/42\/revisions\/73"}],"wp:attachment":[{"href":"https:\/\/hoyre.no\/bremanger\/wp-json\/wp\/v2\/media?parent=42"}],"curies":[{"name":"wp","href":"https:\/\/api.w.org\/{rel}","templated":true}]}}