{"id":60,"date":"2023-08-16T17:51:38","date_gmt":"2023-08-16T15:51:38","guid":{"rendered":"https:\/\/hoyre.no\/bremanger\/?page_id=60"},"modified":"2025-02-14T12:37:22","modified_gmt":"2025-02-14T11:37:22","slug":"vare-kandidatar","status":"publish","type":"page","link":"https:\/\/hoyre.no\/bremanger\/vare-kandidatar\/","title":{"rendered":"V\u00e5re kandidatar"},"content":{"rendered":"\n<div class=\"wp-block-hoyre-hero with-image-gradient text-color-light  has-media alignfull has-background\"><div class=\"hoyre-hero has-image\"><h1 class=\"title\">V\u00e5re kandidatar<\/h1><figure class=\"hoyre-image-wrapper\"><div class=\"hoyre-image\"><img loading=\"lazy\" decoding=\"async\" width=\"1000\" height=\"1000\" src=\"https:\/\/hoyre.no\/content\/uploads\/sites\/343\/2022\/11\/Hoyres-logo.png\" class=\"attachment-scaled size-scaled\" alt=\"\" style=\"object-position: 50% 50%\" srcset=\"https:\/\/hoyre.no\/content\/uploads\/sites\/343\/2022\/11\/Hoyres-logo.png 1000w, https:\/\/hoyre.no\/content\/uploads\/sites\/343\/2022\/11\/Hoyres-logo-300x300.png 300w, https:\/\/hoyre.no\/content\/uploads\/sites\/343\/2022\/11\/Hoyres-logo-150x150.png 150w, https:\/\/hoyre.no\/content\/uploads\/sites\/343\/2022\/11\/Hoyres-logo-768x768.png 768w\" sizes=\"auto, (max-width: 1000px) 100vw, 1000px\" \/><\/div><\/figure><\/div><\/div>\n\n\n\n\n\n\t\t<div class=\"has-pale-blue-background-color is-layout-left alignwide alignwide wp-block-hoyre-media-text\">\n\t\t\t<div class=\"hoyre-media-text__media\">\n\t\t\t\t<img loading=\"lazy\" decoding=\"async\" width=\"1024\" height=\"683\" src=\"https:\/\/hoyre.no\/content\/uploads\/sites\/343\/2023\/08\/568A7046-1024x683.jpg\" class=\"hoyre-media-text__media-image\" alt=\"\" style=\"--focal: 34% 48%;\" srcset=\"https:\/\/hoyre.no\/content\/uploads\/sites\/343\/2023\/08\/568A7046-1024x683.jpg 1024w, https:\/\/hoyre.no\/content\/uploads\/sites\/343\/2023\/08\/568A7046-300x200.jpg 300w, https:\/\/hoyre.no\/content\/uploads\/sites\/343\/2023\/08\/568A7046-768x512.jpg 768w, https:\/\/hoyre.no\/content\/uploads\/sites\/343\/2023\/08\/568A7046-1536x1025.jpg 1536w, https:\/\/hoyre.no\/content\/uploads\/sites\/343\/2023\/08\/568A7046-2048x1366.jpg 2048w\" sizes=\"auto, (max-width: 1024px) 100vw, 1024px\" \/>\n\t\t\t<\/div>\n\t\t\t<div class=\"hoyre-media-text__content\">\n\t\t\t\t<div class=\"hoyre-media-text__content-inner\">\n\t\t\t\t\t\n\t\t\t<div class=\"hoyre-media-text__title-container\">\n\t\t\t\t\n\t\t\t\t<h2 class=\"hoyre-media-text__title\">Jorunn Fr\u00f8yen<\/h2>\n\t\t\t<\/div>\n\t\t\t\n\t\t\t\t\t<div class=\"hoyre-media-text__blocks\">\n<p>Gruppeleiar<\/p>\n<\/div>\n\t\t\t\t\t\n\t\t\t\t<\/div>\n\t\t\t<\/div>\n\t\t<\/div>\n\t\t\n\n\n<div class=\"wp-block-media-text is-stacked-on-mobile is-image-fill alignwide\" style=\"grid-template-columns:24% auto\"><figure class=\"wp-block-media-text__media\" style=\"background-image:url('https:\/\/hoyre.no\/content\/uploads\/sites\/343\/2023\/08\/image0-715x1024.jpeg');background-position:50% 50%\"><img loading=\"lazy\" decoding=\"async\" width=\"715\" height=\"1024\" src=\"https:\/\/hoyre.no\/content\/uploads\/sites\/343\/2023\/08\/image0-715x1024.jpeg\" alt=\"\" class=\"wp-image-40 size-full\" srcset=\"https:\/\/hoyre.no\/content\/uploads\/sites\/343\/2023\/08\/image0-715x1024.jpeg 715w, https:\/\/hoyre.no\/content\/uploads\/sites\/343\/2023\/08\/image0-209x300.jpeg 209w, https:\/\/hoyre.no\/content\/uploads\/sites\/343\/2023\/08\/image0-768x1100.jpeg 768w, https:\/\/hoyre.no\/content\/uploads\/sites\/343\/2023\/08\/image0-1072x1536.jpeg 1072w, https:\/\/hoyre.no\/content\/uploads\/sites\/343\/2023\/08\/image0-1430x2048.jpeg 1430w, https:\/\/hoyre.no\/content\/uploads\/sites\/343\/2023\/08\/image0-scaled.jpeg 1745w\" sizes=\"auto, (max-width: 715px) 100vw, 715px\" \/><\/figure><div class=\"wp-block-media-text__content\">\n<h2 class=\"wp-block-heading\">Elisabeth Birkeland Hatlenes<\/h2>\n\n\n\n<p>2. kandidat<\/p>\n<\/div><\/div>\n\n\n\n<div class=\"wp-block-media-text is-stacked-on-mobile is-image-fill alignwide\" style=\"grid-template-columns:24% auto\"><figure class=\"wp-block-media-text__media\" style=\"background-image:url('https:\/\/hoyre.no\/content\/uploads\/sites\/343\/2023\/08\/image0-2.jpeg');background-position:50% 50%\"><img loading=\"lazy\" decoding=\"async\" width=\"246\" height=\"332\" src=\"https:\/\/hoyre.no\/content\/uploads\/sites\/343\/2023\/08\/image0-2.jpeg\" alt=\"\" class=\"wp-image-38 size-full\" srcset=\"https:\/\/hoyre.no\/content\/uploads\/sites\/343\/2023\/08\/image0-2.jpeg 246w, https:\/\/hoyre.no\/content\/uploads\/sites\/343\/2023\/08\/image0-2-222x300.jpeg 222w\" sizes=\"auto, (max-width: 246px) 100vw, 246px\" \/><\/figure><div class=\"wp-block-media-text__content\">\n<h2 class=\"wp-block-heading\">Per Erik Rise<\/h2>\n\n\n\n<p>3. kandidat<\/p>\n<\/div><\/div>\n\n\n\n<div class=\"wp-block-media-text is-stacked-on-mobile is-image-fill alignwide\" style=\"grid-template-columns:24% auto\"><figure class=\"wp-block-media-text__media\" style=\"background-image:url('https:\/\/hoyre.no\/content\/uploads\/sites\/343\/2023\/08\/image0-1.jpeg');background-position:86% 100%\"><img loading=\"lazy\" decoding=\"async\" width=\"600\" height=\"401\" src=\"https:\/\/hoyre.no\/content\/uploads\/sites\/343\/2023\/08\/image0-1.jpeg\" alt=\"\" class=\"wp-image-39 size-full\" srcset=\"https:\/\/hoyre.no\/content\/uploads\/sites\/343\/2023\/08\/image0-1.jpeg 600w, https:\/\/hoyre.no\/content\/uploads\/sites\/343\/2023\/08\/image0-1-300x201.jpeg 300w\" sizes=\"auto, (max-width: 600px) 100vw, 600px\" \/><\/figure><div class=\"wp-block-media-text__content\">\n<h2 class=\"wp-block-heading\">Harry Gulest\u00f8l<\/h2>\n\n\n\n<p>4. kandidat<\/p>\n<\/div><\/div>\n\n\n\n<div class=\"wp-block-media-text is-stacked-on-mobile is-image-fill alignwide\" style=\"grid-template-columns:24% auto\"><figure class=\"wp-block-media-text__media\" style=\"background-image:url('https:\/\/hoyre.no\/content\/uploads\/sites\/343\/2023\/08\/Kenneth-Brekke.jpeg');background-position:50% 50%\"><img loading=\"lazy\" decoding=\"async\" width=\"704\" height=\"958\" src=\"https:\/\/hoyre.no\/content\/uploads\/sites\/343\/2023\/08\/Kenneth-Brekke.jpeg\" alt=\"\" class=\"wp-image-66 size-full\" srcset=\"https:\/\/hoyre.no\/content\/uploads\/sites\/343\/2023\/08\/Kenneth-Brekke.jpeg 704w, https:\/\/hoyre.no\/content\/uploads\/sites\/343\/2023\/08\/Kenneth-Brekke-220x300.jpeg 220w\" sizes=\"auto, (max-width: 704px) 100vw, 704px\" \/><\/figure><div class=\"wp-block-media-text__content\">\n<h2 class=\"wp-block-heading\">Kenneth Brekke<\/h2>\n\n\n\n<p>5. kandidat<\/p>\n<\/div><\/div>\n\n\n\n<div class=\"wp-block-media-text is-stacked-on-mobile is-image-fill alignwide\" style=\"grid-template-columns:24% auto\"><figure class=\"wp-block-media-text__media\" style=\"background-image:url('https:\/\/hoyre.no\/content\/uploads\/sites\/343\/2023\/08\/Anette-Shanks-1024x1022.jpeg');background-position:50% 50%\"><img loading=\"lazy\" decoding=\"async\" width=\"1024\" height=\"1022\" src=\"https:\/\/hoyre.no\/content\/uploads\/sites\/343\/2023\/08\/Anette-Shanks-1024x1022.jpeg\" alt=\"\" class=\"wp-image-65 size-full\" srcset=\"https:\/\/hoyre.no\/content\/uploads\/sites\/343\/2023\/08\/Anette-Shanks-1024x1022.jpeg 1024w, https:\/\/hoyre.no\/content\/uploads\/sites\/343\/2023\/08\/Anette-Shanks-300x300.jpeg 300w, https:\/\/hoyre.no\/content\/uploads\/sites\/343\/2023\/08\/Anette-Shanks-150x150.jpeg 150w, https:\/\/hoyre.no\/content\/uploads\/sites\/343\/2023\/08\/Anette-Shanks-768x767.jpeg 768w, https:\/\/hoyre.no\/content\/uploads\/sites\/343\/2023\/08\/Anette-Shanks.jpeg 1077w\" sizes=\"auto, (max-width: 1024px) 100vw, 1024px\" \/><\/figure><div class=\"wp-block-media-text__content\">\n<h2 class=\"wp-block-heading\">Anette V\u00e5gene Shanks<\/h2>\n\n\n\n<p>6. kandidat<\/p>\n<\/div><\/div>\n\n\n\n<div class=\"wp-block-media-text is-stacked-on-mobile is-image-fill alignwide\" style=\"grid-template-columns:24% auto\"><figure class=\"wp-block-media-text__media\" style=\"background-image:url('https:\/\/hoyre.no\/content\/uploads\/sites\/343\/2023\/08\/Steffen-LOFNES-473x1024.jpeg');background-position:50% 50%\"><img loading=\"lazy\" decoding=\"async\" width=\"473\" height=\"1024\" src=\"https:\/\/hoyre.no\/content\/uploads\/sites\/343\/2023\/08\/Steffen-LOFNES-473x1024.jpeg\" alt=\"\" class=\"wp-image-68 size-full\" srcset=\"https:\/\/hoyre.no\/content\/uploads\/sites\/343\/2023\/08\/Steffen-LOFNES-473x1024.jpeg 473w, https:\/\/hoyre.no\/content\/uploads\/sites\/343\/2023\/08\/Steffen-LOFNES-139x300.jpeg 139w, https:\/\/hoyre.no\/content\/uploads\/sites\/343\/2023\/08\/Steffen-LOFNES-768x1662.jpeg 768w, https:\/\/hoyre.no\/content\/uploads\/sites\/343\/2023\/08\/Steffen-LOFNES-710x1536.jpeg 710w, https:\/\/hoyre.no\/content\/uploads\/sites\/343\/2023\/08\/Steffen-LOFNES.jpeg 828w\" sizes=\"auto, (max-width: 473px) 100vw, 473px\" \/><\/figure><div class=\"wp-block-media-text__content\">\n<h2 class=\"wp-block-heading\">Steffen Lofnes<\/h2>\n\n\n\n<p>7. kandidat<\/p>\n<\/div><\/div>\n\n\n\n<h3 class=\"wp-block-heading\">Her er heile v\u00e5r valliste:<\/h3>\n\n\n\n<figure class=\"wp-block-table\"><table><tbody><tr><td><strong>Nr.<\/strong><\/td><td><strong>Kandidat<\/strong><\/td><td><strong>F\u00f8dsels\u00e5r<\/strong><\/td><\/tr><tr><td><strong>1<\/strong><\/td><td>Jorunn Petrine Fr\u00f8yen<\/td><td>1954<\/td><\/tr><tr><td><strong>2<\/strong><\/td><td>Elisabeth Birkeland Hatlenes<\/td><td>1980<\/td><\/tr><tr><td><strong>3<\/strong><\/td><td>Per Erik Tidemann Johnsen Rise<\/td><td>1989<\/td><\/tr><tr><td><strong>4<\/strong><\/td><td>Harry Gulest\u00f8l<\/td><td>1980<\/td><\/tr><tr><td><strong>5<\/strong><\/td><td>Kenneth Brekke<\/td><td>1981<\/td><\/tr><tr><td><strong>6<\/strong><\/td><td>Anette V\u00e5gene Shanks<\/td><td>1965<\/td><\/tr><tr><td><strong>7<\/strong><\/td><td>Steffen Peter Lofnes<\/td><td>1966<\/td><\/tr><tr><td><strong>8<\/strong><\/td><td>Jannike Brenden Fr\u00f8yen<\/td><td>1975<\/td><\/tr><tr><td><strong>9<\/strong><\/td><td>Andreas Myklebust F\u00f8rde<\/td><td>2004<\/td><\/tr><tr><td><strong>10<\/strong><\/td><td>Jan Kai Torvanger<\/td><td>1954<\/td><\/tr><tr><td><strong>11<\/strong><\/td><td>Marion Domben Mulelid<\/td><td>1991<\/td><\/tr><tr><td><strong>12<\/strong><\/td><td>Karstein Bakke<\/td><td>1965<\/td><\/tr><tr><td><strong>13<\/strong><\/td><td>Johnny Andre Bortheim Mulelid<\/td><td>1985<\/td><\/tr><tr><td><strong>14<\/strong><\/td><td>Per R\u00f8ys<\/td><td>1960<\/td><\/tr><tr><td><strong>15<\/strong><\/td><td>Audun \u00c5ge R\u00f8ys<\/td><td>1957<\/td><\/tr><tr><td><strong>16<\/strong><\/td><td>Roger Mulelid<\/td><td>1967<\/td><\/tr><\/tbody><\/table><\/figure>\n\n\n\n<div class=\"wp-block-hoyre-banner alignwide undefined  is-style-blue\"><div class=\"banner-inner\"><figure class=\"hoyre-image-wrapper\"><div class=\"hoyre-image\"><img loading=\"lazy\" decoding=\"async\" width=\"2500\" height=\"1667\" src=\"https:\/\/hoyre.no\/content\/uploads\/sites\/343\/2023\/08\/GettyImages-1304356424-scaled.jpg\" class=\"attachment-scaled size-scaled\" alt=\"\" style=\"object-position: 54% 100%\" srcset=\"https:\/\/hoyre.no\/content\/uploads\/sites\/343\/2023\/08\/GettyImages-1304356424-scaled.jpg 2500w, https:\/\/hoyre.no\/content\/uploads\/sites\/343\/2023\/08\/GettyImages-1304356424-300x200.jpg 300w, https:\/\/hoyre.no\/content\/uploads\/sites\/343\/2023\/08\/GettyImages-1304356424-1024x683.jpg 1024w, https:\/\/hoyre.no\/content\/uploads\/sites\/343\/2023\/08\/GettyImages-1304356424-768x512.jpg 768w, https:\/\/hoyre.no\/content\/uploads\/sites\/343\/2023\/08\/GettyImages-1304356424-1536x1024.jpg 1536w, https:\/\/hoyre.no\/content\/uploads\/sites\/343\/2023\/08\/GettyImages-1304356424-2048x1365.jpg 2048w\" sizes=\"auto, (max-width: 2500px) 100vw, 2500px\" \/><\/div><\/figure><div class=\"banner-content\"><div class=\"entry-content\">\n<h2 class=\"wp-block-heading\">Vil du vite kva vi g\u00e5r til val p\u00e5?<\/h2>\n\n\n\n<p>Her kan du lese 7 gode grunnar til \u00e5 r\u00f8yste H\u00f8gre i Bremanger \ud83d\udc47<\/p>\n\n\n\n<div class=\"wp-block-buttons is-layout-flex wp-block-buttons-is-layout-flex\">\n<div class=\"wp-block-button\"><a class=\"wp-block-button__link wp-element-button\" href=\"https:\/\/hoyre.no\/bremanger\/7-gode-grunnar\/\">les meir her<\/a><\/div>\n<\/div>\n<\/div><\/div><\/div><\/div>\n","protected":false},"excerpt":{"rendered":"<p>Elisabeth Birkeland Hatlenes 2. kandidat Per Erik Rise 3. kandidat Harry Gulest\u00f8l 4. kandidat Kenneth Brekke 5. kandidat Anette V\u00e5gene Shanks 6. kandidat Steffen Lofnes 7. kandidat Her er heile v\u00e5r valliste: Nr. Kandidat F\u00f8dsels\u00e5r 1 Jorunn Petrine Fr\u00f8yen 1954 2 Elisabeth Birkeland Hatlenes 1980 3 Per Erik Tidemann Johnsen Rise 1989 4 Harry Gulest\u00f8l [&hellip;]<\/p>\n","protected":false},"author":29319,"featured_media":0,"parent":0,"menu_order":0,"comment_status":"closed","ping_status":"closed","template":"","meta":{"teft_cards_image_url":"","teft_cards_custom_pretitle":"","teft_cards_image_id":0,"teft_cards_image_focal_point_x":0,"teft_cards_image_focal_point_y":0,"teft_cards_title":"","teft_cards_excerpt":"","teft_show_chapters":false,"footnotes":""},"class_list":["post-60","page","type-page","status-publish","hentry"],"yoast_head":"<!-- This site is optimized with the Yoast SEO plugin v26.6 - https:\/\/yoast.com\/wordpress\/plugins\/seo\/ -->\n<title>V\u00e5re kandidatar - Bremanger H\u00f8gre<\/title>\n<meta name=\"robots\" content=\"index, follow, max-snippet:-1, max-image-preview:large, max-video-preview:-1\" \/>\n<link rel=\"canonical\" href=\"https:\/\/hoyre.no\/bremanger\/vare-kandidatar\/\" \/>\n<meta property=\"og:locale\" content=\"nn_NO\" \/>\n<meta property=\"og:type\" content=\"article\" \/>\n<meta property=\"og:title\" content=\"V\u00e5re kandidatar - Bremanger H\u00f8gre\" \/>\n<meta property=\"og:description\" content=\"Elisabeth Birkeland Hatlenes 2. kandidat Per Erik Rise 3. kandidat Harry Gulest\u00f8l 4. kandidat Kenneth Brekke 5. kandidat Anette V\u00e5gene Shanks 6. kandidat Steffen Lofnes 7. kandidat Her er heile v\u00e5r valliste: Nr. Kandidat F\u00f8dsels\u00e5r 1 Jorunn Petrine Fr\u00f8yen 1954 2 Elisabeth Birkeland Hatlenes 1980 3 Per Erik Tidemann Johnsen Rise 1989 4 Harry Gulest\u00f8l [&hellip;]\" \/>\n<meta property=\"og:url\" content=\"https:\/\/hoyre.no\/bremanger\/vare-kandidatar\/\" \/>\n<meta property=\"og:site_name\" content=\"Bremanger H\u00f8gre\" \/>\n<meta property=\"article:modified_time\" content=\"2025-02-14T11:37:22+00:00\" \/>\n<meta property=\"og:image\" content=\"https:\/\/hoyre.no\/content\/uploads\/sites\/343\/2023\/08\/image0-715x1024.jpeg\" \/>\n<meta name=\"twitter:card\" content=\"summary_large_image\" \/>\n<meta name=\"twitter:label1\" content=\"Est. reading time\" \/>\n\t<meta name=\"twitter:data1\" content=\"3 minutt\" \/>\n<script type=\"application\/ld+json\" class=\"yoast-schema-graph\">{\"@context\":\"https:\/\/schema.org\",\"@graph\":[{\"@type\":\"WebPage\",\"@id\":\"https:\/\/hoyre.no\/bremanger\/vare-kandidatar\/\",\"url\":\"https:\/\/hoyre.no\/bremanger\/vare-kandidatar\/\",\"name\":\"V\u00e5re kandidatar - Bremanger H\u00f8gre\",\"isPartOf\":{\"@id\":\"https:\/\/hoyre.no\/bremanger\/#website\"},\"image\":{\"@id\":\"https:\/\/hoyre.no\/bremanger\/vare-kandidatar\/#primaryimage\"},\"thumbnailUrl\":\"https:\/\/hoyre.no\/content\/uploads\/sites\/343\/2023\/08\/image0-715x1024.jpeg\",\"datePublished\":\"2023-08-16T15:51:38+00:00\",\"dateModified\":\"2025-02-14T11:37:22+00:00\",\"breadcrumb\":{\"@id\":\"https:\/\/hoyre.no\/bremanger\/vare-kandidatar\/#breadcrumb\"},\"inLanguage\":\"nn-NO\",\"potentialAction\":[{\"@type\":\"ReadAction\",\"target\":[\"https:\/\/hoyre.no\/bremanger\/vare-kandidatar\/\"]}]},{\"@type\":\"ImageObject\",\"inLanguage\":\"nn-NO\",\"@id\":\"https:\/\/hoyre.no\/bremanger\/vare-kandidatar\/#primaryimage\",\"url\":\"https:\/\/hoyre.no\/content\/uploads\/sites\/343\/2023\/08\/image0-715x1024.jpeg\",\"contentUrl\":\"https:\/\/hoyre.no\/content\/uploads\/sites\/343\/2023\/08\/image0-715x1024.jpeg\"},{\"@type\":\"BreadcrumbList\",\"@id\":\"https:\/\/hoyre.no\/bremanger\/vare-kandidatar\/#breadcrumb\",\"itemListElement\":[{\"@type\":\"ListItem\",\"position\":1,\"name\":\"Til hoyre.no\",\"item\":\"https:\/\/hoyre.no\"},{\"@type\":\"ListItem\",\"position\":2,\"name\":\"Hjem\",\"item\":\"https:\/\/hoyre.no\/bremanger\/\"},{\"@type\":\"ListItem\",\"position\":3,\"name\":\"V\u00e5re kandidatar\"}]},{\"@type\":\"WebSite\",\"@id\":\"https:\/\/hoyre.no\/bremanger\/#website\",\"url\":\"https:\/\/hoyre.no\/bremanger\/\",\"name\":\"Bremanger H\u00f8gre\",\"description\":\"Bare enda et H\u00f8yres nettsteder-nettsted\",\"inLanguage\":\"nn-NO\"}]}<\/script>\n<!-- \/ Yoast SEO plugin. -->","yoast_head_json":{"title":"V\u00e5re kandidatar - Bremanger H\u00f8gre","robots":{"index":"index","follow":"follow","max-snippet":"max-snippet:-1","max-image-preview":"max-image-preview:large","max-video-preview":"max-video-preview:-1"},"canonical":"https:\/\/hoyre.no\/bremanger\/vare-kandidatar\/","og_locale":"nn_NO","og_type":"article","og_title":"V\u00e5re kandidatar - Bremanger H\u00f8gre","og_description":"Elisabeth Birkeland Hatlenes 2. kandidat Per Erik Rise 3. kandidat Harry Gulest\u00f8l 4. kandidat Kenneth Brekke 5. kandidat Anette V\u00e5gene Shanks 6. kandidat Steffen Lofnes 7. kandidat Her er heile v\u00e5r valliste: Nr. Kandidat F\u00f8dsels\u00e5r 1 Jorunn Petrine Fr\u00f8yen 1954 2 Elisabeth Birkeland Hatlenes 1980 3 Per Erik Tidemann Johnsen Rise 1989 4 Harry Gulest\u00f8l [&hellip;]","og_url":"https:\/\/hoyre.no\/bremanger\/vare-kandidatar\/","og_site_name":"Bremanger H\u00f8gre","article_modified_time":"2025-02-14T11:37:22+00:00","og_image":[{"url":"https:\/\/hoyre.no\/content\/uploads\/sites\/343\/2023\/08\/image0-715x1024.jpeg","type":"","width":"","height":""}],"twitter_card":"summary_large_image","twitter_misc":{"Est. reading time":"3 minutt"},"schema":{"@context":"https:\/\/schema.org","@graph":[{"@type":"WebPage","@id":"https:\/\/hoyre.no\/bremanger\/vare-kandidatar\/","url":"https:\/\/hoyre.no\/bremanger\/vare-kandidatar\/","name":"V\u00e5re kandidatar - Bremanger H\u00f8gre","isPartOf":{"@id":"https:\/\/hoyre.no\/bremanger\/#website"},"image":{"@id":"https:\/\/hoyre.no\/bremanger\/vare-kandidatar\/#primaryimage"},"thumbnailUrl":"https:\/\/hoyre.no\/content\/uploads\/sites\/343\/2023\/08\/image0-715x1024.jpeg","datePublished":"2023-08-16T15:51:38+00:00","dateModified":"2025-02-14T11:37:22+00:00","breadcrumb":{"@id":"https:\/\/hoyre.no\/bremanger\/vare-kandidatar\/#breadcrumb"},"inLanguage":"nn-NO","potentialAction":[{"@type":"ReadAction","target":["https:\/\/hoyre.no\/bremanger\/vare-kandidatar\/"]}]},{"@type":"ImageObject","inLanguage":"nn-NO","@id":"https:\/\/hoyre.no\/bremanger\/vare-kandidatar\/#primaryimage","url":"https:\/\/hoyre.no\/content\/uploads\/sites\/343\/2023\/08\/image0-715x1024.jpeg","contentUrl":"https:\/\/hoyre.no\/content\/uploads\/sites\/343\/2023\/08\/image0-715x1024.jpeg"},{"@type":"BreadcrumbList","@id":"https:\/\/hoyre.no\/bremanger\/vare-kandidatar\/#breadcrumb","itemListElement":[{"@type":"ListItem","position":1,"name":"Til hoyre.no","item":"https:\/\/hoyre.no"},{"@type":"ListItem","position":2,"name":"Hjem","item":"https:\/\/hoyre.no\/bremanger\/"},{"@type":"ListItem","position":3,"name":"V\u00e5re kandidatar"}]},{"@type":"WebSite","@id":"https:\/\/hoyre.no\/bremanger\/#website","url":"https:\/\/hoyre.no\/bremanger\/","name":"Bremanger H\u00f8gre","description":"Bare enda et H\u00f8yres nettsteder-nettsted","inLanguage":"nn-NO"}]}},"distributor_meta":false,"distributor_terms":false,"distributor_media":false,"distributor_original_site_name":"Bremanger H\u00f8gre","distributor_original_site_url":"https:\/\/hoyre.no\/bremanger","push-errors":false,"_links":{"self":[{"href":"https:\/\/hoyre.no\/bremanger\/wp-json\/wp\/v2\/pages\/60","targetHints":{"allow":["GET"]}}],"collection":[{"href":"https:\/\/hoyre.no\/bremanger\/wp-json\/wp\/v2\/pages"}],"about":[{"href":"https:\/\/hoyre.no\/bremanger\/wp-json\/wp\/v2\/types\/page"}],"author":[{"embeddable":true,"href":"https:\/\/hoyre.no\/bremanger\/wp-json\/wp\/v2\/users\/29319"}],"replies":[{"embeddable":true,"href":"https:\/\/hoyre.no\/bremanger\/wp-json\/wp\/v2\/comments?post=60"}],"version-history":[{"count":3,"href":"https:\/\/hoyre.no\/bremanger\/wp-json\/wp\/v2\/pages\/60\/revisions"}],"predecessor-version":[{"id":72,"href":"https:\/\/hoyre.no\/bremanger\/wp-json\/wp\/v2\/pages\/60\/revisions\/72"}],"wp:attachment":[{"href":"https:\/\/hoyre.no\/bremanger\/wp-json\/wp\/v2\/media?parent=60"}],"curies":[{"name":"wp","href":"https:\/\/api.w.org\/{rel}","templated":true}]}}