{"id":1366,"date":"2026-03-02T13:27:42","date_gmt":"2026-03-02T12:27:42","guid":{"rendered":"https:\/\/hoyre.no\/buskerud\/?page_id=1366"},"modified":"2026-03-02T13:54:33","modified_gmt":"2026-03-02T12:54:33","slug":"buskerud-hoyres-nominasjonsprosess-fylkestingsvalget-2027","status":"publish","type":"page","link":"https:\/\/hoyre.no\/buskerud\/buskerud-hoyres-nominasjonsprosess-fylkestingsvalget-2027\/","title":{"rendered":"Buskerud H\u00f8yres nominasjonsprosess \u2013 fylkestingsvalget 2027"},"content":{"rendered":"\n\n<h2 class=\"wp-block-heading\">Buskerud H\u00f8yres nominasjonsprosess \u2013 fylkestingsvalget 2027<\/h2>\n\n\n\n<figure class=\"wp-block-image size-full\"><img decoding=\"async\" src=\"https:\/\/hoyre.no\/content\/uploads\/sites\/432\/2024\/09\/2020_RGB_hoyre_logo_profilbilde_01.png\" alt=\"\" class=\"wp-image-988\" \/><\/figure>\n\n\n\n<h4 class=\"wp-block-heading\">Nominasjonsprosess og datoplan<\/h4>\n\n\n\n<p>Nominasjonsprosessen for fylkestingsvalget 2027 er regulert gjennom \u00ab<em>Reglement og retningslinjer for \u00e5rs- og nominasjonsm\u00f8ter i H\u00f8yres fylkesorganisasjoner<\/em>\u00bb, vedtatt av H\u00f8yres sentralstyre.<\/p>\n\n\n\n<p>Buskerud H\u00f8yres fylkesstyre har vedtatt denne datoplanen for nominasjonsprosessen:<\/p>\n\n\n\n<figure class=\"wp-block-table\"><table class=\"has-fixed-layout\"><thead><tr><th class=\"has-text-align-center\" data-align=\"center\"><strong>Dato<\/strong><\/th><th><strong>Hva<\/strong><\/th><\/tr><\/thead><tbody><tr><td class=\"has-text-align-center\" data-align=\"center\">25. februar 2026<\/td><td><strong>Oppnevning av nominasjonskomiteen<\/strong><br>Nominasjonskomiteene blir oppnevnt av Buskerud H\u00f8yres fylkesstyre i m\u00f8te 25. februar 2026.<\/td><\/tr><tr><td class=\"has-text-align-center\" data-align=\"center\">26. februar 2026<\/td><td><strong>Nominasjonskomiteen starter sitt arbeid<\/strong>\u00a0Komiteen etablerer selv sin m\u00f8testruktur og organiserer sitt arbeid. \u00a0<\/td><\/tr><tr><td class=\"has-text-align-center\" data-align=\"center\">Frist for utsendelse: 15. mars 2026 \u00a0 Frist for \u00e5 foresl\u00e5 kandidater: 23. august 2026<\/td><td><strong>Varsel til kommuneforeningene og medlemmer \u2013 foresl\u00e5 kandidater<\/strong><br>H\u00f8yres medlemmer i Buskerud og alle andre oppfordres til \u00e5 foresl\u00e5 navn p\u00e5 aktuelle listekandidater for nominasjonskomiteen. Sekretariatet s\u00f8rger for \u00e5 informere alle medlemmer og foreninger, samt opplyse om datoplanen. Foreningene blir s\u00e6rlig opplyst om dato (og sted) for nominasjonsm\u00f8tet.\u00a0<\/td><\/tr><tr><td class=\"has-text-align-center\" data-align=\"center\">Innen 1. mai 2026<\/td><td><strong>Sittende representanter og vararepresentanter tilskrives<\/strong><br>Sittende representanter og vararepresentanter for H\u00f8yre i Buskerud fylkesting tilskrives for \u00e5 avklare skriftlig om de \u00f8nsker \u00e5 stille seg til disposisjon for renominasjon. \u00a0<\/td><\/tr><tr><td class=\"has-text-align-center\" data-align=\"center\">14. juni 2026<\/td><td><strong>Frist for sittende representanter og vararepresentanter til \u00e5 svare<\/strong>\u00a0\u2013 p\u00e5 om de stiller seg til disposisjon for renominasjon. Svarene legges ut p\u00e5 Buskerud H\u00f8yres hjemmesider n\u00e5r alle har svart. \u00a0<\/td><\/tr><tr><td class=\"has-text-align-center\" data-align=\"center\">23. august 2026<\/td><td><strong>Frist for \u00e5 fremme forslag p\u00e5 listekandidater<\/strong>\u00a0Alle medlemmer er tidligere informert om fristen, og komiteen m\u00e5 ogs\u00e5 selv arbeide aktivt for \u00e5 innhente aktuelle navn.\u00a0<\/td><\/tr><tr><td class=\"has-text-align-center\" data-align=\"center\">Frist 31. august 2026 for den alfabetiske listen og 7. september 2026 for kandidatheftet.<\/td><td><strong>Nominasjonskomiteen presenterer en alfabetisk liste<\/strong>\u00a0<strong>\u2013\u00a0<\/strong>over foresl\u00e5tte kandidater. Listen legges ut p\u00e5 Buskerud H\u00f8yres hjemmesider, samt sendes til alle foreningene som grunnlag for pr\u00f8venominasjon og r\u00e5dgivende avstemning blant medlemmene. \u00a0 Det lages ogs\u00e5 et hefte hvor alle kandidatene kan presentere seg selv. Dette heftet legges ut p\u00e5 Buskerud H\u00f8yres hjemmesider og skal bidra til at kommuneforeninger og medlemmer blir bedre kjent med kandidatene. \u00a0<\/td><\/tr><tr><td class=\"has-text-align-center\" data-align=\"center\">14.-25. september<br>(uke 38 og 39, som er uken f\u00f8r h\u00f8stferien).<\/td><td><strong>Pr\u00f8venominasjon gjennomf\u00f8res i kommuneforeningene og sideorganisasjonene<\/strong><br>Pr\u00f8venominasjon gjennomf\u00f8res p\u00e5 bakgrunn av den alfabetiske listen fra nominasjonskomiteen. Kommuneforeningene og sideorganisasjonene skal i god tid (senest 3 uker) innkalle alle medlemmene til medlemsm\u00f8tet, m\u00f8tedatoen kan med fordel bekjentgj\u00f8res f\u00f8r sommerferien. \u00a0<br>Dette medlemsm\u00f8tet i foreningene skal\u00a0<strong>b\u00e5de<\/strong>\u00a0gjennomf\u00f8re pr\u00f8venominasjon med rangering av kandidater,\u00a0<strong>og<\/strong>\u00a0velge utsendinger til nominasjonsm\u00f8tet. \u00a0<br>For \u00e5 ha stemmerett p\u00e5 medlemsm\u00f8tet m\u00e5 man ha v\u00e6rt medlem i H\u00f8yre i minst 4 uker og betalt kontingent f\u00f8r m\u00f8testart, samt ha stemmerett i den aktuelle kommunen ved det kommende fylkestingsvalget. Protokoll fra m\u00f8tet skal sendes sekretariatet for registrering. \u00a0<\/td><\/tr><tr><td class=\"has-text-align-center\" data-align=\"center\">14.-25. september<br>(uke 38 og 39).<\/td><td><strong>R\u00e5dgivende avstemning blant fylkespartiets betalende medlemmer<\/strong>\u00a0\u2013 samt de av Unge H\u00f8yres betalende medlemmer som har stemmerett ved valget det skal nomineres til.<br><br>Sekretariatet gjennomf\u00f8rer avstemningen slik at alle medlemmer gis anledning til \u00e5 stemme.\u00a0<strong>Medlemmene har selv ansvaret<\/strong>\u00a0for at korrekt kontaktinformasjon og adresser er registrert i\u00a0<a href=\"https:\/\/hoyre.membersite.no\/\">H\u00f8yres medlemsregister<\/a>. Medlemslistene som danner grunnlag for den r\u00e5dgivende avstemningen tas ut den 9. september.<br><br>For \u00e5 kunne delta i avstemningen m\u00e5 man ha v\u00e6rt medlem i minst 4 uker og betalt kontingent f\u00f8r den 8. september, samt ha stemmerett i Buskerud ved det kommende fylkestingsvalget. \u00a0<\/td><\/tr><tr><td class=\"has-text-align-center\" data-align=\"center\">22. oktober 2026<\/td><td><strong>Frist for innkalling til nominasjonsm\u00f8tet<\/strong>\u00a0Delegatene skal tilskrives med informasjon om m\u00f8tested, tid, dagsorden og forretningsorden minst 4 uker f\u00f8r nominasjonsm\u00f8tet. Informasjon om dette legges ogs\u00e5 ut p\u00e5 Buskerud H\u00f8yres hjemmesider. \u00a0<\/td><\/tr><tr><td class=\"has-text-align-center\" data-align=\"center\">5. november 2026<\/td><td><strong>Frist for offentliggj\u00f8ring av nominasjonskomiteens innstilling<\/strong>\u00a0Nominasjonskomiteens innstilling offentliggj\u00f8res og sendes delegatene senest 14 dager f\u00f8r nominasjonsm\u00f8tet. \u00a0<\/td><\/tr><tr><td class=\"has-text-align-center\" data-align=\"center\">19. november 2026<\/td><td><strong>Nominasjonsm\u00f8tet<\/strong><br>Nominasjonsm\u00f8tet avholdes torsdag 19. november 2026.<\/td><\/tr><\/tbody><\/table><\/figure>\n\n\n\n\n<div class=\"wp-block-hoyre-hero with-image-gradient text-color-light  alignfull has-background \"><div class=\"hoyre-hero \"><\/div><\/div>\n\n\n\n\n<p><\/p>\n\n","protected":false},"excerpt":{"rendered":"","protected":false},"author":39021,"featured_media":0,"parent":0,"menu_order":0,"comment_status":"closed","ping_status":"closed","template":"","meta":{"teft_cards_image_url":"","teft_cards_custom_pretitle":"","teft_cards_image_id":0,"teft_cards_image_focal_point_x":0,"teft_cards_image_focal_point_y":0,"teft_cards_title":"","teft_cards_excerpt":"","teft_show_chapters":false,"footnotes":""},"class_list":["post-1366","page","type-page","status-publish","hentry"],"yoast_head":"<!-- This site is optimized with the Yoast SEO plugin v26.6 - https:\/\/yoast.com\/wordpress\/plugins\/seo\/ -->\n<title>Buskerud H\u00f8yres nominasjonsprosess \u2013 fylkestingsvalget 2027 - Buskerud H\u00f8yre<\/title>\n<meta name=\"robots\" content=\"index, follow, max-snippet:-1, max-image-preview:large, max-video-preview:-1\" \/>\n<link rel=\"canonical\" href=\"https:\/\/hoyre.no\/buskerud\/buskerud-hoyres-nominasjonsprosess-fylkestingsvalget-2027\/\" \/>\n<meta property=\"og:locale\" content=\"nb_NO\" \/>\n<meta property=\"og:type\" content=\"article\" \/>\n<meta property=\"og:title\" content=\"Buskerud H\u00f8yres nominasjonsprosess \u2013 fylkestingsvalget 2027 - Buskerud H\u00f8yre\" \/>\n<meta property=\"og:url\" content=\"https:\/\/hoyre.no\/buskerud\/buskerud-hoyres-nominasjonsprosess-fylkestingsvalget-2027\/\" \/>\n<meta property=\"og:site_name\" content=\"Buskerud H\u00f8yre\" \/>\n<meta property=\"article:publisher\" content=\"https:\/\/www.facebook.com\/buskerudhoyre\" \/>\n<meta property=\"article:modified_time\" content=\"2026-03-02T12:54:33+00:00\" \/>\n<meta name=\"twitter:card\" content=\"summary_large_image\" \/>\n<meta name=\"twitter:label1\" content=\"Ansl. lesetid\" \/>\n\t<meta name=\"twitter:data1\" content=\"4 minutter\" \/>\n<script type=\"application\/ld+json\" class=\"yoast-schema-graph\">{\"@context\":\"https:\/\/schema.org\",\"@graph\":[{\"@type\":\"WebPage\",\"@id\":\"https:\/\/hoyre.no\/buskerud\/buskerud-hoyres-nominasjonsprosess-fylkestingsvalget-2027\/\",\"url\":\"https:\/\/hoyre.no\/buskerud\/buskerud-hoyres-nominasjonsprosess-fylkestingsvalget-2027\/\",\"name\":\"Buskerud H\u00f8yres nominasjonsprosess \u2013 fylkestingsvalget 2027 - Buskerud H\u00f8yre\",\"isPartOf\":{\"@id\":\"https:\/\/hoyre.no\/buskerud\/#website\"},\"image\":{\"@id\":\"https:\/\/hoyre.no\/buskerud\/buskerud-hoyres-nominasjonsprosess-fylkestingsvalget-2027\/#primaryimage\"},\"thumbnailUrl\":\"https:\/\/hoyre.no\/content\/uploads\/sites\/432\/2024\/09\/2020_RGB_hoyre_logo_profilbilde_01.png\",\"datePublished\":\"2026-03-02T12:27:42+00:00\",\"dateModified\":\"2026-03-02T12:54:33+00:00\",\"breadcrumb\":{\"@id\":\"https:\/\/hoyre.no\/buskerud\/buskerud-hoyres-nominasjonsprosess-fylkestingsvalget-2027\/#breadcrumb\"},\"inLanguage\":\"nb-NO\",\"potentialAction\":[{\"@type\":\"ReadAction\",\"target\":[\"https:\/\/hoyre.no\/buskerud\/buskerud-hoyres-nominasjonsprosess-fylkestingsvalget-2027\/\"]}]},{\"@type\":\"ImageObject\",\"inLanguage\":\"nb-NO\",\"@id\":\"https:\/\/hoyre.no\/buskerud\/buskerud-hoyres-nominasjonsprosess-fylkestingsvalget-2027\/#primaryimage\",\"url\":\"https:\/\/hoyre.no\/content\/uploads\/sites\/432\/2024\/09\/2020_RGB_hoyre_logo_profilbilde_01.png\",\"contentUrl\":\"https:\/\/hoyre.no\/content\/uploads\/sites\/432\/2024\/09\/2020_RGB_hoyre_logo_profilbilde_01.png\"},{\"@type\":\"BreadcrumbList\",\"@id\":\"https:\/\/hoyre.no\/buskerud\/buskerud-hoyres-nominasjonsprosess-fylkestingsvalget-2027\/#breadcrumb\",\"itemListElement\":[{\"@type\":\"ListItem\",\"position\":1,\"name\":\"Til hoyre.no\",\"item\":\"https:\/\/hoyre.no\"},{\"@type\":\"ListItem\",\"position\":2,\"name\":\"Hjem\",\"item\":\"https:\/\/hoyre.no\/buskerud\/\"},{\"@type\":\"ListItem\",\"position\":3,\"name\":\"Buskerud H\u00f8yres nominasjonsprosess \u2013 fylkestingsvalget 2027\"}]},{\"@type\":\"WebSite\",\"@id\":\"https:\/\/hoyre.no\/buskerud\/#website\",\"url\":\"https:\/\/hoyre.no\/buskerud\/\",\"name\":\"Buskerud H\u00f8yre\",\"description\":\"Bare enda et H\u00f8yres nettsteder-nettsted\",\"publisher\":{\"@id\":\"https:\/\/hoyre.no\/buskerud\/#organization\"},\"inLanguage\":\"nb-NO\"},{\"@type\":\"Organization\",\"@id\":\"https:\/\/hoyre.no\/buskerud\/#organization\",\"name\":\"Buskerud H\u00f8yre\",\"url\":\"https:\/\/hoyre.no\/buskerud\/\",\"logo\":{\"@type\":\"ImageObject\",\"inLanguage\":\"nb-NO\",\"@id\":\"https:\/\/hoyre.no\/buskerud\/#\/schema\/logo\/image\/\",\"url\":\"https:\/\/hoyre.no\/content\/uploads\/sites\/427\/2023\/02\/hoyre_logo.png\",\"contentUrl\":\"https:\/\/hoyre.no\/content\/uploads\/sites\/427\/2023\/02\/hoyre_logo.png\",\"width\":1000,\"height\":1000,\"caption\":\"Buskerud H\u00f8yre\"},\"image\":{\"@id\":\"https:\/\/hoyre.no\/buskerud\/#\/schema\/logo\/image\/\"},\"sameAs\":[\"https:\/\/www.facebook.com\/buskerudhoyre\"]}]}<\/script>\n<!-- \/ Yoast SEO plugin. -->","yoast_head_json":{"title":"Buskerud H\u00f8yres nominasjonsprosess \u2013 fylkestingsvalget 2027 - Buskerud H\u00f8yre","robots":{"index":"index","follow":"follow","max-snippet":"max-snippet:-1","max-image-preview":"max-image-preview:large","max-video-preview":"max-video-preview:-1"},"canonical":"https:\/\/hoyre.no\/buskerud\/buskerud-hoyres-nominasjonsprosess-fylkestingsvalget-2027\/","og_locale":"nb_NO","og_type":"article","og_title":"Buskerud H\u00f8yres nominasjonsprosess \u2013 fylkestingsvalget 2027 - Buskerud H\u00f8yre","og_url":"https:\/\/hoyre.no\/buskerud\/buskerud-hoyres-nominasjonsprosess-fylkestingsvalget-2027\/","og_site_name":"Buskerud H\u00f8yre","article_publisher":"https:\/\/www.facebook.com\/buskerudhoyre","article_modified_time":"2026-03-02T12:54:33+00:00","twitter_card":"summary_large_image","twitter_misc":{"Ansl. lesetid":"4 minutter"},"schema":{"@context":"https:\/\/schema.org","@graph":[{"@type":"WebPage","@id":"https:\/\/hoyre.no\/buskerud\/buskerud-hoyres-nominasjonsprosess-fylkestingsvalget-2027\/","url":"https:\/\/hoyre.no\/buskerud\/buskerud-hoyres-nominasjonsprosess-fylkestingsvalget-2027\/","name":"Buskerud H\u00f8yres nominasjonsprosess \u2013 fylkestingsvalget 2027 - Buskerud H\u00f8yre","isPartOf":{"@id":"https:\/\/hoyre.no\/buskerud\/#website"},"image":{"@id":"https:\/\/hoyre.no\/buskerud\/buskerud-hoyres-nominasjonsprosess-fylkestingsvalget-2027\/#primaryimage"},"thumbnailUrl":"https:\/\/hoyre.no\/content\/uploads\/sites\/432\/2024\/09\/2020_RGB_hoyre_logo_profilbilde_01.png","datePublished":"2026-03-02T12:27:42+00:00","dateModified":"2026-03-02T12:54:33+00:00","breadcrumb":{"@id":"https:\/\/hoyre.no\/buskerud\/buskerud-hoyres-nominasjonsprosess-fylkestingsvalget-2027\/#breadcrumb"},"inLanguage":"nb-NO","potentialAction":[{"@type":"ReadAction","target":["https:\/\/hoyre.no\/buskerud\/buskerud-hoyres-nominasjonsprosess-fylkestingsvalget-2027\/"]}]},{"@type":"ImageObject","inLanguage":"nb-NO","@id":"https:\/\/hoyre.no\/buskerud\/buskerud-hoyres-nominasjonsprosess-fylkestingsvalget-2027\/#primaryimage","url":"https:\/\/hoyre.no\/content\/uploads\/sites\/432\/2024\/09\/2020_RGB_hoyre_logo_profilbilde_01.png","contentUrl":"https:\/\/hoyre.no\/content\/uploads\/sites\/432\/2024\/09\/2020_RGB_hoyre_logo_profilbilde_01.png"},{"@type":"BreadcrumbList","@id":"https:\/\/hoyre.no\/buskerud\/buskerud-hoyres-nominasjonsprosess-fylkestingsvalget-2027\/#breadcrumb","itemListElement":[{"@type":"ListItem","position":1,"name":"Til hoyre.no","item":"https:\/\/hoyre.no"},{"@type":"ListItem","position":2,"name":"Hjem","item":"https:\/\/hoyre.no\/buskerud\/"},{"@type":"ListItem","position":3,"name":"Buskerud H\u00f8yres nominasjonsprosess \u2013 fylkestingsvalget 2027"}]},{"@type":"WebSite","@id":"https:\/\/hoyre.no\/buskerud\/#website","url":"https:\/\/hoyre.no\/buskerud\/","name":"Buskerud H\u00f8yre","description":"Bare enda et H\u00f8yres nettsteder-nettsted","publisher":{"@id":"https:\/\/hoyre.no\/buskerud\/#organization"},"inLanguage":"nb-NO"},{"@type":"Organization","@id":"https:\/\/hoyre.no\/buskerud\/#organization","name":"Buskerud H\u00f8yre","url":"https:\/\/hoyre.no\/buskerud\/","logo":{"@type":"ImageObject","inLanguage":"nb-NO","@id":"https:\/\/hoyre.no\/buskerud\/#\/schema\/logo\/image\/","url":"https:\/\/hoyre.no\/content\/uploads\/sites\/427\/2023\/02\/hoyre_logo.png","contentUrl":"https:\/\/hoyre.no\/content\/uploads\/sites\/427\/2023\/02\/hoyre_logo.png","width":1000,"height":1000,"caption":"Buskerud H\u00f8yre"},"image":{"@id":"https:\/\/hoyre.no\/buskerud\/#\/schema\/logo\/image\/"},"sameAs":["https:\/\/www.facebook.com\/buskerudhoyre"]}]}},"distributor_meta":false,"distributor_terms":false,"distributor_media":false,"distributor_original_site_name":"Buskerud H\u00f8yre","distributor_original_site_url":"https:\/\/hoyre.no\/buskerud","push-errors":false,"_links":{"self":[{"href":"https:\/\/hoyre.no\/buskerud\/wp-json\/wp\/v2\/pages\/1366","targetHints":{"allow":["GET"]}}],"collection":[{"href":"https:\/\/hoyre.no\/buskerud\/wp-json\/wp\/v2\/pages"}],"about":[{"href":"https:\/\/hoyre.no\/buskerud\/wp-json\/wp\/v2\/types\/page"}],"author":[{"embeddable":true,"href":"https:\/\/hoyre.no\/buskerud\/wp-json\/wp\/v2\/users\/39021"}],"replies":[{"embeddable":true,"href":"https:\/\/hoyre.no\/buskerud\/wp-json\/wp\/v2\/comments?post=1366"}],"version-history":[{"count":4,"href":"https:\/\/hoyre.no\/buskerud\/wp-json\/wp\/v2\/pages\/1366\/revisions"}],"predecessor-version":[{"id":1387,"href":"https:\/\/hoyre.no\/buskerud\/wp-json\/wp\/v2\/pages\/1366\/revisions\/1387"}],"wp:attachment":[{"href":"https:\/\/hoyre.no\/buskerud\/wp-json\/wp\/v2\/media?parent=1366"}],"curies":[{"name":"wp","href":"https:\/\/api.w.org\/{rel}","templated":true}]}}