{"id":652,"date":"2024-09-06T15:11:13","date_gmt":"2024-09-06T13:11:13","guid":{"rendered":"https:\/\/hoyre.no\/buskerud\/?page_id=652"},"modified":"2024-09-06T15:11:13","modified_gmt":"2024-09-06T13:11:13","slug":"seyed-sajad-amiri","status":"publish","type":"page","link":"https:\/\/hoyre.no\/buskerud\/seyed-sajad-amiri\/","title":{"rendered":"Seyed Sajad Amiri"},"content":{"rendered":"\n<div class=\"wp-block-hoyre-hero with-image-gradient text-color-light  alignfull has-background\"><div class=\"hoyre-hero \"><h1 class=\"title\">Seyed Sajad Amiri<\/h1><p class=\"preamble\">Her kan du bli bedre kjent med kandidaten.<\/p><\/div><\/div>\n\n\n\n<figure class=\"wp-block-image size-large\"><img loading=\"lazy\" decoding=\"async\" width=\"1024\" height=\"768\" src=\"https:\/\/hoyre.no\/content\/uploads\/sites\/427\/2024\/09\/Amiri-Seyed-Sajad-4-3-1-1024x768.jpg\" alt=\"\" class=\"wp-image-805\" srcset=\"https:\/\/hoyre.no\/content\/uploads\/sites\/427\/2024\/09\/Amiri-Seyed-Sajad-4-3-1-1024x768.jpg 1024w, https:\/\/hoyre.no\/content\/uploads\/sites\/427\/2024\/09\/Amiri-Seyed-Sajad-4-3-1-300x225.jpg 300w, https:\/\/hoyre.no\/content\/uploads\/sites\/427\/2024\/09\/Amiri-Seyed-Sajad-4-3-1-768x576.jpg 768w, https:\/\/hoyre.no\/content\/uploads\/sites\/427\/2024\/09\/Amiri-Seyed-Sajad-4-3-1.jpg 1080w\" sizes=\"auto, (max-width: 1024px) 100vw, 1024px\" \/><\/figure>\n\n\n\n<div class=\"wp-block-hoyre-banner undefined has-icon-title icon-heart is-style-blue\"><div class=\"banner-inner\"><div class=\"banner-content\"><div class=\"entry-content\">\n<h2 class=\"wp-block-heading\" id=\"h-bli-bedre-kjent-med-erna\">Bli bedre kjent med Seyed!<\/h2>\n\n\n\n<p class=\"has-text-align-left\"><strong>Alder:<\/strong> 22 \u00e5r<\/p>\n\n\n\n<p class=\"has-text-align-left\"><strong>Kommuneforening:<\/strong> Lier H\u00f8yre<\/p>\n\n\n\n<p class=\"has-text-align-left\"><strong>Hva er din bakgrunn og hvilke egenskaper vil du trekke frem ved deg selv?<\/strong><br>Bakgrunnen min er fagbrev i IKT-servicefag og ellers service og samferdsel fra videreg\u00e5ende. Egenskaper hos meg vil jeg beskrive med fleksibel, n\u00f8yaktig, pliktoppfyllende, \u00e5pen og \u00e6rlig med mer.<\/p>\n\n\n\n<p class=\"has-text-align-left\"><strong>Hva er dine viktigste politiske saker?<\/strong><br>Alt av tema som har med de s\u00e5rbare \u00e5 gj\u00f8re i samfunnet (andre mennesker med nedsatt funksjonsevne som meg).<\/p>\n\n\n\n<p class=\"has-text-align-left\"><strong>Hvorfor vil du stille til valg for Buskerud H\u00f8yre?<\/strong> <br>Politikken trenger m\u00e5lgruppen jeg representerer. Vi har mye \u00e5 bidra med som dessverre blir sv\u00e6rt undervurdert.<\/p>\n\n\n\n<div class=\"wp-block-buttons is-layout-flex wp-block-buttons-is-layout-flex\"><\/div>\n<\/div><\/div><\/div><\/div>\n","protected":false},"excerpt":{"rendered":"","protected":false},"author":447,"featured_media":0,"parent":0,"menu_order":0,"comment_status":"closed","ping_status":"closed","template":"","meta":{"teft_cards_image_url":"","teft_cards_custom_pretitle":"","teft_cards_image_id":574,"teft_cards_image_focal_point_x":0.37,"teft_cards_image_focal_point_y":0.56,"teft_cards_title":"","teft_cards_excerpt":"","teft_show_chapters":false,"footnotes":""},"class_list":["post-652","page","type-page","status-publish","hentry"],"yoast_head":"<!-- This site is optimized with the Yoast SEO plugin v26.6 - https:\/\/yoast.com\/wordpress\/plugins\/seo\/ -->\n<title>Seyed Sajad Amiri - Buskerud H\u00f8yre<\/title>\n<meta name=\"robots\" content=\"index, follow, max-snippet:-1, max-image-preview:large, max-video-preview:-1\" \/>\n<link rel=\"canonical\" href=\"https:\/\/hoyre.no\/buskerud\/seyed-sajad-amiri\/\" \/>\n<meta property=\"og:locale\" content=\"nb_NO\" \/>\n<meta property=\"og:type\" content=\"article\" \/>\n<meta property=\"og:title\" content=\"Seyed Sajad Amiri - Buskerud H\u00f8yre\" \/>\n<meta property=\"og:url\" content=\"https:\/\/hoyre.no\/buskerud\/seyed-sajad-amiri\/\" \/>\n<meta property=\"og:site_name\" content=\"Buskerud H\u00f8yre\" \/>\n<meta property=\"article:publisher\" content=\"https:\/\/www.facebook.com\/buskerudhoyre\" \/>\n<meta property=\"og:image\" content=\"https:\/\/hoyre.no\/content\/uploads\/sites\/427\/2024\/08\/image.png\" \/>\n<meta name=\"twitter:card\" content=\"summary_large_image\" \/>\n<meta name=\"twitter:label1\" content=\"Ansl. lesetid\" \/>\n\t<meta name=\"twitter:data1\" content=\"1 minutt\" \/>\n<script type=\"application\/ld+json\" class=\"yoast-schema-graph\">{\"@context\":\"https:\/\/schema.org\",\"@graph\":[{\"@type\":\"WebPage\",\"@id\":\"https:\/\/hoyre.no\/buskerud\/seyed-sajad-amiri\/\",\"url\":\"https:\/\/hoyre.no\/buskerud\/seyed-sajad-amiri\/\",\"name\":\"Seyed Sajad Amiri - Buskerud H\u00f8yre\",\"isPartOf\":{\"@id\":\"https:\/\/hoyre.no\/buskerud\/#website\"},\"image\":{\"@id\":\"https:\/\/hoyre.no\/buskerud\/seyed-sajad-amiri\/#primaryimage\"},\"thumbnailUrl\":\"https:\/\/hoyre.no\/content\/uploads\/sites\/427\/2024\/09\/Amiri-Seyed-Sajad-4-3-1-1024x768.jpg\",\"datePublished\":\"2024-09-06T13:11:13+00:00\",\"breadcrumb\":{\"@id\":\"https:\/\/hoyre.no\/buskerud\/seyed-sajad-amiri\/#breadcrumb\"},\"inLanguage\":\"nb-NO\",\"potentialAction\":[{\"@type\":\"ReadAction\",\"target\":[\"https:\/\/hoyre.no\/buskerud\/seyed-sajad-amiri\/\"]}]},{\"@type\":\"ImageObject\",\"inLanguage\":\"nb-NO\",\"@id\":\"https:\/\/hoyre.no\/buskerud\/seyed-sajad-amiri\/#primaryimage\",\"url\":\"https:\/\/hoyre.no\/content\/uploads\/sites\/427\/2024\/09\/Amiri-Seyed-Sajad-4-3-1-1024x768.jpg\",\"contentUrl\":\"https:\/\/hoyre.no\/content\/uploads\/sites\/427\/2024\/09\/Amiri-Seyed-Sajad-4-3-1-1024x768.jpg\"},{\"@type\":\"BreadcrumbList\",\"@id\":\"https:\/\/hoyre.no\/buskerud\/seyed-sajad-amiri\/#breadcrumb\",\"itemListElement\":[{\"@type\":\"ListItem\",\"position\":1,\"name\":\"Til hoyre.no\",\"item\":\"https:\/\/hoyre.no\"},{\"@type\":\"ListItem\",\"position\":2,\"name\":\"Hjem\",\"item\":\"https:\/\/hoyre.no\/buskerud\/\"},{\"@type\":\"ListItem\",\"position\":3,\"name\":\"Seyed Sajad Amiri\"}]},{\"@type\":\"WebSite\",\"@id\":\"https:\/\/hoyre.no\/buskerud\/#website\",\"url\":\"https:\/\/hoyre.no\/buskerud\/\",\"name\":\"Buskerud H\u00f8yre\",\"description\":\"Bare enda et H\u00f8yres nettsteder-nettsted\",\"publisher\":{\"@id\":\"https:\/\/hoyre.no\/buskerud\/#organization\"},\"inLanguage\":\"nb-NO\"},{\"@type\":\"Organization\",\"@id\":\"https:\/\/hoyre.no\/buskerud\/#organization\",\"name\":\"Buskerud H\u00f8yre\",\"url\":\"https:\/\/hoyre.no\/buskerud\/\",\"logo\":{\"@type\":\"ImageObject\",\"inLanguage\":\"nb-NO\",\"@id\":\"https:\/\/hoyre.no\/buskerud\/#\/schema\/logo\/image\/\",\"url\":\"https:\/\/hoyre.no\/content\/uploads\/sites\/427\/2023\/02\/hoyre_logo.png\",\"contentUrl\":\"https:\/\/hoyre.no\/content\/uploads\/sites\/427\/2023\/02\/hoyre_logo.png\",\"width\":1000,\"height\":1000,\"caption\":\"Buskerud H\u00f8yre\"},\"image\":{\"@id\":\"https:\/\/hoyre.no\/buskerud\/#\/schema\/logo\/image\/\"},\"sameAs\":[\"https:\/\/www.facebook.com\/buskerudhoyre\"]}]}<\/script>\n<!-- \/ Yoast SEO plugin. -->","yoast_head_json":{"title":"Seyed Sajad Amiri - Buskerud H\u00f8yre","robots":{"index":"index","follow":"follow","max-snippet":"max-snippet:-1","max-image-preview":"max-image-preview:large","max-video-preview":"max-video-preview:-1"},"canonical":"https:\/\/hoyre.no\/buskerud\/seyed-sajad-amiri\/","og_locale":"nb_NO","og_type":"article","og_title":"Seyed Sajad Amiri - Buskerud H\u00f8yre","og_url":"https:\/\/hoyre.no\/buskerud\/seyed-sajad-amiri\/","og_site_name":"Buskerud H\u00f8yre","article_publisher":"https:\/\/www.facebook.com\/buskerudhoyre","og_image":[{"url":"https:\/\/hoyre.no\/content\/uploads\/sites\/427\/2024\/08\/image.png","width":"","height":"","type":""}],"twitter_card":"summary_large_image","twitter_misc":{"Ansl. lesetid":"1 minutt"},"schema":{"@context":"https:\/\/schema.org","@graph":[{"@type":"WebPage","@id":"https:\/\/hoyre.no\/buskerud\/seyed-sajad-amiri\/","url":"https:\/\/hoyre.no\/buskerud\/seyed-sajad-amiri\/","name":"Seyed Sajad Amiri - Buskerud H\u00f8yre","isPartOf":{"@id":"https:\/\/hoyre.no\/buskerud\/#website"},"image":{"@id":"https:\/\/hoyre.no\/buskerud\/seyed-sajad-amiri\/#primaryimage"},"thumbnailUrl":"https:\/\/hoyre.no\/content\/uploads\/sites\/427\/2024\/09\/Amiri-Seyed-Sajad-4-3-1-1024x768.jpg","datePublished":"2024-09-06T13:11:13+00:00","breadcrumb":{"@id":"https:\/\/hoyre.no\/buskerud\/seyed-sajad-amiri\/#breadcrumb"},"inLanguage":"nb-NO","potentialAction":[{"@type":"ReadAction","target":["https:\/\/hoyre.no\/buskerud\/seyed-sajad-amiri\/"]}]},{"@type":"ImageObject","inLanguage":"nb-NO","@id":"https:\/\/hoyre.no\/buskerud\/seyed-sajad-amiri\/#primaryimage","url":"https:\/\/hoyre.no\/content\/uploads\/sites\/427\/2024\/09\/Amiri-Seyed-Sajad-4-3-1-1024x768.jpg","contentUrl":"https:\/\/hoyre.no\/content\/uploads\/sites\/427\/2024\/09\/Amiri-Seyed-Sajad-4-3-1-1024x768.jpg"},{"@type":"BreadcrumbList","@id":"https:\/\/hoyre.no\/buskerud\/seyed-sajad-amiri\/#breadcrumb","itemListElement":[{"@type":"ListItem","position":1,"name":"Til hoyre.no","item":"https:\/\/hoyre.no"},{"@type":"ListItem","position":2,"name":"Hjem","item":"https:\/\/hoyre.no\/buskerud\/"},{"@type":"ListItem","position":3,"name":"Seyed Sajad Amiri"}]},{"@type":"WebSite","@id":"https:\/\/hoyre.no\/buskerud\/#website","url":"https:\/\/hoyre.no\/buskerud\/","name":"Buskerud H\u00f8yre","description":"Bare enda et H\u00f8yres nettsteder-nettsted","publisher":{"@id":"https:\/\/hoyre.no\/buskerud\/#organization"},"inLanguage":"nb-NO"},{"@type":"Organization","@id":"https:\/\/hoyre.no\/buskerud\/#organization","name":"Buskerud H\u00f8yre","url":"https:\/\/hoyre.no\/buskerud\/","logo":{"@type":"ImageObject","inLanguage":"nb-NO","@id":"https:\/\/hoyre.no\/buskerud\/#\/schema\/logo\/image\/","url":"https:\/\/hoyre.no\/content\/uploads\/sites\/427\/2023\/02\/hoyre_logo.png","contentUrl":"https:\/\/hoyre.no\/content\/uploads\/sites\/427\/2023\/02\/hoyre_logo.png","width":1000,"height":1000,"caption":"Buskerud H\u00f8yre"},"image":{"@id":"https:\/\/hoyre.no\/buskerud\/#\/schema\/logo\/image\/"},"sameAs":["https:\/\/www.facebook.com\/buskerudhoyre"]}]}},"distributor_meta":false,"distributor_terms":false,"distributor_media":false,"distributor_original_site_name":"Buskerud H\u00f8yre","distributor_original_site_url":"https:\/\/hoyre.no\/buskerud","push-errors":false,"_links":{"self":[{"href":"https:\/\/hoyre.no\/buskerud\/wp-json\/wp\/v2\/pages\/652","targetHints":{"allow":["GET"]}}],"collection":[{"href":"https:\/\/hoyre.no\/buskerud\/wp-json\/wp\/v2\/pages"}],"about":[{"href":"https:\/\/hoyre.no\/buskerud\/wp-json\/wp\/v2\/types\/page"}],"author":[{"embeddable":true,"href":"https:\/\/hoyre.no\/buskerud\/wp-json\/wp\/v2\/users\/447"}],"replies":[{"embeddable":true,"href":"https:\/\/hoyre.no\/buskerud\/wp-json\/wp\/v2\/comments?post=652"}],"version-history":[{"count":9,"href":"https:\/\/hoyre.no\/buskerud\/wp-json\/wp\/v2\/pages\/652\/revisions"}],"predecessor-version":[{"id":815,"href":"https:\/\/hoyre.no\/buskerud\/wp-json\/wp\/v2\/pages\/652\/revisions\/815"}],"wp:attachment":[{"href":"https:\/\/hoyre.no\/buskerud\/wp-json\/wp\/v2\/media?parent=652"}],"curies":[{"name":"wp","href":"https:\/\/api.w.org\/{rel}","templated":true}]}}