{"id":745,"date":"2024-09-06T16:36:35","date_gmt":"2024-09-06T14:36:35","guid":{"rendered":"https:\/\/hoyre.no\/buskerud\/?page_id=745"},"modified":"2025-05-26T14:04:59","modified_gmt":"2025-05-26T12:04:59","slug":"iselin-haugo-stavn","status":"publish","type":"page","link":"https:\/\/hoyre.no\/buskerud\/iselin-haugo-stavn\/","title":{"rendered":"Iselin Haugo Stavn"},"content":{"rendered":"\n<div class=\"wp-block-hoyre-hero with-image-gradient text-color-light  alignfull has-background\"><div class=\"hoyre-hero \"><h1 class=\"title\">Iselin Haugo Stavn<\/h1><p class=\"preamble\">Her kan du bli bedre kjent med kandidaten.<\/p><\/div><\/div>\n\n\n\n\n<figure class=\"wp-block-image size-large\"><img loading=\"lazy\" decoding=\"async\" width=\"1024\" height=\"768\" src=\"https:\/\/hoyre.no\/content\/uploads\/sites\/427\/2024\/09\/Stavn-Iselin-Haugo-4-3-1024x768.jpeg\" alt=\"\" class=\"wp-image-746\" srcset=\"https:\/\/hoyre.no\/content\/uploads\/sites\/427\/2024\/09\/Stavn-Iselin-Haugo-4-3-1024x768.jpeg 1024w, https:\/\/hoyre.no\/content\/uploads\/sites\/427\/2024\/09\/Stavn-Iselin-Haugo-4-3-300x225.jpeg 300w, https:\/\/hoyre.no\/content\/uploads\/sites\/427\/2024\/09\/Stavn-Iselin-Haugo-4-3-768x576.jpeg 768w, https:\/\/hoyre.no\/content\/uploads\/sites\/427\/2024\/09\/Stavn-Iselin-Haugo-4-3-1536x1152.jpeg 1536w, https:\/\/hoyre.no\/content\/uploads\/sites\/427\/2024\/09\/Stavn-Iselin-Haugo-4-3.jpeg 1615w\" sizes=\"auto, (max-width: 1024px) 100vw, 1024px\" \/><\/figure>\n\n\n\n\n<div class=\"wp-block-hoyre-banner undefined has-icon-title icon-heart is-style-blue\"><div class=\"banner-inner\"><div class=\"banner-content\"><div class=\"entry-content\">\n<h2 class=\"wp-block-heading has-text-align-left\" id=\"h-bli-bedre-kjent-med-erna\">Bli bedre kjent med Iselin!<\/h2>\n\n\n\n<p class=\"has-text-align-left\"><strong>Alder:<\/strong> 37 \u00e5r<\/p>\n\n\n\n<p class=\"has-text-align-left\"><strong>Kommuneforening<\/strong>: \u00c5l H\u00f8gre<\/p>\n\n\n\n<p class=\"has-text-align-left\"><strong>Hva er din bakgrunn og hvilke egenskaper vil du trekke frem ved deg selv?<\/strong><br>Jeg er en \u00e5pen, engasjert og interessert dame fra \u00c5l. Jeg er utdannet sykepleier og har i mitt voksne liv kombinert jobben som sykepleier med verv som fylkespolitiker. Jeg er i dag gruppeleder for H\u00f8yre i fylkestinget i min fjerde periode. Jeg setter pris p\u00e5 mennesker og liker \u00e5 bygge relasjoner og m\u00f8te andre med \u00e5penhet, interesse og respekt. Jeg har tre barn og \u00f8nsker at de skal f\u00e5 vokse opp i et samfunn som er godt forvaltet av oss som kom f\u00f8r.<\/p>\n\n\n\n<p class=\"has-text-align-left\"><strong>Hva er dine viktigste politiske saker?<\/strong><br>Helse, skole, samferdsel.<\/p>\n\n\n\n<p class=\"has-text-align-left\"><strong>Hvorfor vil du stille til valg for Buskerud H\u00f8yre?<\/strong> <br>Fordi jeg brenner for Buskerud! Det vi har sammen og hver for oss, b\u00e5de forskjeller og likheter. Jeg vil kjempe sm\u00e5 og store kamper for innbyggerne v\u00e5re og spre god H\u00f8yre-politikk.<\/p>\n\n\n\n<div class=\"wp-block-buttons is-layout-flex wp-block-buttons-is-layout-flex\"><\/div>\n<\/div><\/div><\/div><\/div>\n","protected":false},"excerpt":{"rendered":"","protected":false},"author":447,"featured_media":0,"parent":0,"menu_order":0,"comment_status":"closed","ping_status":"closed","template":"","meta":{"teft_cards_image_url":"","teft_cards_custom_pretitle":"","teft_cards_image_id":0,"teft_cards_image_focal_point_x":0,"teft_cards_image_focal_point_y":0,"teft_cards_title":"","teft_cards_excerpt":"","teft_show_chapters":false,"footnotes":""},"class_list":["post-745","page","type-page","status-publish","hentry"],"yoast_head":"<!-- This site is optimized with the Yoast SEO plugin v26.6 - https:\/\/yoast.com\/wordpress\/plugins\/seo\/ -->\n<title>Iselin Haugo Stavn - Buskerud H\u00f8yre<\/title>\n<meta name=\"robots\" content=\"index, follow, max-snippet:-1, max-image-preview:large, max-video-preview:-1\" \/>\n<link rel=\"canonical\" href=\"https:\/\/hoyre.no\/buskerud\/iselin-haugo-stavn\/\" \/>\n<meta property=\"og:locale\" content=\"nb_NO\" \/>\n<meta property=\"og:type\" content=\"article\" \/>\n<meta property=\"og:title\" content=\"Iselin Haugo Stavn - Buskerud H\u00f8yre\" \/>\n<meta property=\"og:url\" content=\"https:\/\/hoyre.no\/buskerud\/iselin-haugo-stavn\/\" \/>\n<meta property=\"og:site_name\" content=\"Buskerud H\u00f8yre\" \/>\n<meta property=\"article:publisher\" content=\"https:\/\/www.facebook.com\/buskerudhoyre\" \/>\n<meta property=\"article:modified_time\" content=\"2025-05-26T12:04:59+00:00\" \/>\n<meta property=\"og:image\" content=\"https:\/\/hoyre.no\/content\/uploads\/sites\/427\/2024\/09\/Stavn-Iselin-Haugo-4-3.jpeg\" \/>\n\t<meta property=\"og:image:width\" content=\"1615\" \/>\n\t<meta property=\"og:image:height\" content=\"1211\" \/>\n\t<meta property=\"og:image:type\" content=\"image\/jpeg\" \/>\n<meta name=\"twitter:card\" content=\"summary_large_image\" \/>\n<meta name=\"twitter:label1\" content=\"Ansl. lesetid\" \/>\n\t<meta name=\"twitter:data1\" content=\"2 minutter\" \/>\n<script type=\"application\/ld+json\" class=\"yoast-schema-graph\">{\"@context\":\"https:\/\/schema.org\",\"@graph\":[{\"@type\":\"WebPage\",\"@id\":\"https:\/\/hoyre.no\/buskerud\/iselin-haugo-stavn\/\",\"url\":\"https:\/\/hoyre.no\/buskerud\/iselin-haugo-stavn\/\",\"name\":\"Iselin Haugo Stavn - Buskerud H\u00f8yre\",\"isPartOf\":{\"@id\":\"https:\/\/hoyre.no\/buskerud\/#website\"},\"image\":{\"@id\":\"https:\/\/hoyre.no\/buskerud\/iselin-haugo-stavn\/#primaryimage\"},\"thumbnailUrl\":\"https:\/\/hoyre.no\/content\/uploads\/sites\/427\/2024\/09\/Stavn-Iselin-Haugo-4-3-1024x768.jpeg\",\"datePublished\":\"2024-09-06T14:36:35+00:00\",\"dateModified\":\"2025-05-26T12:04:59+00:00\",\"breadcrumb\":{\"@id\":\"https:\/\/hoyre.no\/buskerud\/iselin-haugo-stavn\/#breadcrumb\"},\"inLanguage\":\"nb-NO\",\"potentialAction\":[{\"@type\":\"ReadAction\",\"target\":[\"https:\/\/hoyre.no\/buskerud\/iselin-haugo-stavn\/\"]}]},{\"@type\":\"ImageObject\",\"inLanguage\":\"nb-NO\",\"@id\":\"https:\/\/hoyre.no\/buskerud\/iselin-haugo-stavn\/#primaryimage\",\"url\":\"https:\/\/hoyre.no\/content\/uploads\/sites\/427\/2024\/09\/Stavn-Iselin-Haugo-4-3-1024x768.jpeg\",\"contentUrl\":\"https:\/\/hoyre.no\/content\/uploads\/sites\/427\/2024\/09\/Stavn-Iselin-Haugo-4-3-1024x768.jpeg\"},{\"@type\":\"BreadcrumbList\",\"@id\":\"https:\/\/hoyre.no\/buskerud\/iselin-haugo-stavn\/#breadcrumb\",\"itemListElement\":[{\"@type\":\"ListItem\",\"position\":1,\"name\":\"Til hoyre.no\",\"item\":\"https:\/\/hoyre.no\"},{\"@type\":\"ListItem\",\"position\":2,\"name\":\"Hjem\",\"item\":\"https:\/\/hoyre.no\/buskerud\/\"},{\"@type\":\"ListItem\",\"position\":3,\"name\":\"Iselin Haugo Stavn\"}]},{\"@type\":\"WebSite\",\"@id\":\"https:\/\/hoyre.no\/buskerud\/#website\",\"url\":\"https:\/\/hoyre.no\/buskerud\/\",\"name\":\"Buskerud H\u00f8yre\",\"description\":\"Bare enda et H\u00f8yres nettsteder-nettsted\",\"publisher\":{\"@id\":\"https:\/\/hoyre.no\/buskerud\/#organization\"},\"inLanguage\":\"nb-NO\"},{\"@type\":\"Organization\",\"@id\":\"https:\/\/hoyre.no\/buskerud\/#organization\",\"name\":\"Buskerud H\u00f8yre\",\"url\":\"https:\/\/hoyre.no\/buskerud\/\",\"logo\":{\"@type\":\"ImageObject\",\"inLanguage\":\"nb-NO\",\"@id\":\"https:\/\/hoyre.no\/buskerud\/#\/schema\/logo\/image\/\",\"url\":\"https:\/\/hoyre.no\/content\/uploads\/sites\/427\/2023\/02\/hoyre_logo.png\",\"contentUrl\":\"https:\/\/hoyre.no\/content\/uploads\/sites\/427\/2023\/02\/hoyre_logo.png\",\"width\":1000,\"height\":1000,\"caption\":\"Buskerud H\u00f8yre\"},\"image\":{\"@id\":\"https:\/\/hoyre.no\/buskerud\/#\/schema\/logo\/image\/\"},\"sameAs\":[\"https:\/\/www.facebook.com\/buskerudhoyre\"]}]}<\/script>\n<!-- \/ Yoast SEO plugin. -->","yoast_head_json":{"title":"Iselin Haugo Stavn - Buskerud H\u00f8yre","robots":{"index":"index","follow":"follow","max-snippet":"max-snippet:-1","max-image-preview":"max-image-preview:large","max-video-preview":"max-video-preview:-1"},"canonical":"https:\/\/hoyre.no\/buskerud\/iselin-haugo-stavn\/","og_locale":"nb_NO","og_type":"article","og_title":"Iselin Haugo Stavn - Buskerud H\u00f8yre","og_url":"https:\/\/hoyre.no\/buskerud\/iselin-haugo-stavn\/","og_site_name":"Buskerud H\u00f8yre","article_publisher":"https:\/\/www.facebook.com\/buskerudhoyre","article_modified_time":"2025-05-26T12:04:59+00:00","og_image":[{"width":1615,"height":1211,"url":"https:\/\/hoyre.no\/content\/uploads\/sites\/427\/2024\/09\/Stavn-Iselin-Haugo-4-3.jpeg","type":"image\/jpeg"}],"twitter_card":"summary_large_image","twitter_misc":{"Ansl. lesetid":"2 minutter"},"schema":{"@context":"https:\/\/schema.org","@graph":[{"@type":"WebPage","@id":"https:\/\/hoyre.no\/buskerud\/iselin-haugo-stavn\/","url":"https:\/\/hoyre.no\/buskerud\/iselin-haugo-stavn\/","name":"Iselin Haugo Stavn - Buskerud H\u00f8yre","isPartOf":{"@id":"https:\/\/hoyre.no\/buskerud\/#website"},"image":{"@id":"https:\/\/hoyre.no\/buskerud\/iselin-haugo-stavn\/#primaryimage"},"thumbnailUrl":"https:\/\/hoyre.no\/content\/uploads\/sites\/427\/2024\/09\/Stavn-Iselin-Haugo-4-3-1024x768.jpeg","datePublished":"2024-09-06T14:36:35+00:00","dateModified":"2025-05-26T12:04:59+00:00","breadcrumb":{"@id":"https:\/\/hoyre.no\/buskerud\/iselin-haugo-stavn\/#breadcrumb"},"inLanguage":"nb-NO","potentialAction":[{"@type":"ReadAction","target":["https:\/\/hoyre.no\/buskerud\/iselin-haugo-stavn\/"]}]},{"@type":"ImageObject","inLanguage":"nb-NO","@id":"https:\/\/hoyre.no\/buskerud\/iselin-haugo-stavn\/#primaryimage","url":"https:\/\/hoyre.no\/content\/uploads\/sites\/427\/2024\/09\/Stavn-Iselin-Haugo-4-3-1024x768.jpeg","contentUrl":"https:\/\/hoyre.no\/content\/uploads\/sites\/427\/2024\/09\/Stavn-Iselin-Haugo-4-3-1024x768.jpeg"},{"@type":"BreadcrumbList","@id":"https:\/\/hoyre.no\/buskerud\/iselin-haugo-stavn\/#breadcrumb","itemListElement":[{"@type":"ListItem","position":1,"name":"Til hoyre.no","item":"https:\/\/hoyre.no"},{"@type":"ListItem","position":2,"name":"Hjem","item":"https:\/\/hoyre.no\/buskerud\/"},{"@type":"ListItem","position":3,"name":"Iselin Haugo Stavn"}]},{"@type":"WebSite","@id":"https:\/\/hoyre.no\/buskerud\/#website","url":"https:\/\/hoyre.no\/buskerud\/","name":"Buskerud H\u00f8yre","description":"Bare enda et H\u00f8yres nettsteder-nettsted","publisher":{"@id":"https:\/\/hoyre.no\/buskerud\/#organization"},"inLanguage":"nb-NO"},{"@type":"Organization","@id":"https:\/\/hoyre.no\/buskerud\/#organization","name":"Buskerud H\u00f8yre","url":"https:\/\/hoyre.no\/buskerud\/","logo":{"@type":"ImageObject","inLanguage":"nb-NO","@id":"https:\/\/hoyre.no\/buskerud\/#\/schema\/logo\/image\/","url":"https:\/\/hoyre.no\/content\/uploads\/sites\/427\/2023\/02\/hoyre_logo.png","contentUrl":"https:\/\/hoyre.no\/content\/uploads\/sites\/427\/2023\/02\/hoyre_logo.png","width":1000,"height":1000,"caption":"Buskerud H\u00f8yre"},"image":{"@id":"https:\/\/hoyre.no\/buskerud\/#\/schema\/logo\/image\/"},"sameAs":["https:\/\/www.facebook.com\/buskerudhoyre"]}]}},"distributor_meta":false,"distributor_terms":false,"distributor_media":false,"distributor_original_site_name":"Buskerud H\u00f8yre","distributor_original_site_url":"https:\/\/hoyre.no\/buskerud","push-errors":false,"_links":{"self":[{"href":"https:\/\/hoyre.no\/buskerud\/wp-json\/wp\/v2\/pages\/745","targetHints":{"allow":["GET"]}}],"collection":[{"href":"https:\/\/hoyre.no\/buskerud\/wp-json\/wp\/v2\/pages"}],"about":[{"href":"https:\/\/hoyre.no\/buskerud\/wp-json\/wp\/v2\/types\/page"}],"author":[{"embeddable":true,"href":"https:\/\/hoyre.no\/buskerud\/wp-json\/wp\/v2\/users\/447"}],"replies":[{"embeddable":true,"href":"https:\/\/hoyre.no\/buskerud\/wp-json\/wp\/v2\/comments?post=745"}],"version-history":[{"count":4,"href":"https:\/\/hoyre.no\/buskerud\/wp-json\/wp\/v2\/pages\/745\/revisions"}],"predecessor-version":[{"id":1168,"href":"https:\/\/hoyre.no\/buskerud\/wp-json\/wp\/v2\/pages\/745\/revisions\/1168"}],"wp:attachment":[{"href":"https:\/\/hoyre.no\/buskerud\/wp-json\/wp\/v2\/media?parent=745"}],"curies":[{"name":"wp","href":"https:\/\/api.w.org\/{rel}","templated":true}]}}