{"id":751,"date":"2024-09-06T16:38:04","date_gmt":"2024-09-06T14:38:04","guid":{"rendered":"https:\/\/hoyre.no\/buskerud\/?page_id=751"},"modified":"2025-05-27T09:07:43","modified_gmt":"2025-05-27T07:07:43","slug":"andreas-kagiavas-torp","status":"publish","type":"page","link":"https:\/\/hoyre.no\/buskerud\/andreas-kagiavas-torp\/","title":{"rendered":"Andreas Kagiavas Torp"},"content":{"rendered":"\n<div class=\"wp-block-hoyre-hero with-image-gradient text-color-light  alignfull has-background\"><div class=\"hoyre-hero \"><h1 class=\"title\">Andreas Kagiavas Torp<\/h1><p class=\"preamble\">Her kan du bli bedre kjent med kandidaten.<\/p><\/div><\/div>\n\n\n\n\n<figure class=\"wp-block-image size-large\"><img loading=\"lazy\" decoding=\"async\" width=\"1024\" height=\"768\" src=\"https:\/\/hoyre.no\/content\/uploads\/sites\/427\/2025\/05\/Andreas-Kagiavas-Torp-foto-Hans-Kristian-Thorbjornsen-0312-1024x768.jpg\" alt=\"\" class=\"wp-image-1186\" srcset=\"https:\/\/hoyre.no\/content\/uploads\/sites\/427\/2025\/05\/Andreas-Kagiavas-Torp-foto-Hans-Kristian-Thorbjornsen-0312-1024x768.jpg 1024w, https:\/\/hoyre.no\/content\/uploads\/sites\/427\/2025\/05\/Andreas-Kagiavas-Torp-foto-Hans-Kristian-Thorbjornsen-0312-300x225.jpg 300w, https:\/\/hoyre.no\/content\/uploads\/sites\/427\/2025\/05\/Andreas-Kagiavas-Torp-foto-Hans-Kristian-Thorbjornsen-0312-768x576.jpg 768w, https:\/\/hoyre.no\/content\/uploads\/sites\/427\/2025\/05\/Andreas-Kagiavas-Torp-foto-Hans-Kristian-Thorbjornsen-0312-1536x1152.jpg 1536w, https:\/\/hoyre.no\/content\/uploads\/sites\/427\/2025\/05\/Andreas-Kagiavas-Torp-foto-Hans-Kristian-Thorbjornsen-0312-2048x1536.jpg 2048w\" sizes=\"auto, (max-width: 1024px) 100vw, 1024px\" \/><\/figure>\n\n\n\n\n<div class=\"wp-block-hoyre-banner undefined has-icon-title icon-heart is-style-blue\"><div class=\"banner-inner\"><div class=\"banner-content\"><div class=\"entry-content\">\n<h2 class=\"wp-block-heading has-text-align-left\" id=\"h-bli-bedre-kjent-med-erna\">Bli bedre kjent med Andreas!<\/h2>\n\n\n\n<p class=\"has-text-align-left\"><strong>Alder:<\/strong> 32 \u00e5r<\/p>\n\n\n\n<p class=\"has-text-align-left\"><strong>Kommuneforening<\/strong>: Kr\u00f8dsherad H\u00f8yre<\/p>\n\n\n\n<p class=\"has-text-align-left\"><strong>Hva er din bakgrunn og hvilke egenskaper vil du trekke frem ved deg selv?<\/strong><br>Jeg er i utgangspunktet l\u00e6rer, og har jobbet som l\u00e6rer siden 2017, fram til kommunevalget i 2023 hvor jeg ble valgt til ordf\u00f8rer i Kr\u00f8dsherad kommune. Jeg \u00f8nsker \u00e5 trekke fram at jeg er en rolig og t\u00e5lmodig person, med en god evne til \u00e5 analysere b\u00e5de dokumenter og situasjoner. Jeg er en pragmatisk type og fors\u00f8ker \u00e5 finne de gode l\u00f8sningene, samtidig som jeg er god p\u00e5 \u00e5 st\u00e5 p\u00e5 egen argumentasjon.<\/p>\n\n\n\n<p class=\"has-text-align-left\"><strong>Hva er dine viktigste politiske saker?<\/strong><br>Mine viktigste politiske saker er demografi-utfordringene, hvor jeg mener at det er essensielt at vi legger til rette for at folk f\u00e5r flere barn. Jeg er ogs\u00e5 opptatt av at vi er skodd for fremtiden.<\/p>\n\n\n\n<p class=\"has-text-align-left\"><strong>Hvorfor vil du stille til valg for Buskerud H\u00f8yre?<\/strong> <br>Fordi jeg \u00f8nsker \u00e5 v\u00e6re med p\u00e5 \u00e5 finne gode l\u00f8sninger for folks utfordringer, og fordi jeg mener jeg har noe \u00e5 bidra med.<\/p>\n\n\n\n<div class=\"wp-block-buttons is-layout-flex wp-block-buttons-is-layout-flex\"><\/div>\n<\/div><\/div><\/div><\/div>\n","protected":false},"excerpt":{"rendered":"","protected":false},"author":447,"featured_media":0,"parent":0,"menu_order":0,"comment_status":"closed","ping_status":"closed","template":"","meta":{"teft_cards_image_url":"","teft_cards_custom_pretitle":"","teft_cards_image_id":0,"teft_cards_image_focal_point_x":0,"teft_cards_image_focal_point_y":0,"teft_cards_title":"","teft_cards_excerpt":"","teft_show_chapters":false,"footnotes":""},"class_list":["post-751","page","type-page","status-publish","hentry"],"yoast_head":"<!-- This site is optimized with the Yoast SEO plugin v26.6 - https:\/\/yoast.com\/wordpress\/plugins\/seo\/ -->\n<title>Andreas Kagiavas Torp - Buskerud H\u00f8yre<\/title>\n<meta name=\"robots\" content=\"index, follow, max-snippet:-1, max-image-preview:large, max-video-preview:-1\" \/>\n<link rel=\"canonical\" href=\"https:\/\/hoyre.no\/buskerud\/andreas-kagiavas-torp\/\" \/>\n<meta property=\"og:locale\" content=\"nb_NO\" \/>\n<meta property=\"og:type\" content=\"article\" \/>\n<meta property=\"og:title\" content=\"Andreas Kagiavas Torp - Buskerud H\u00f8yre\" \/>\n<meta property=\"og:url\" content=\"https:\/\/hoyre.no\/buskerud\/andreas-kagiavas-torp\/\" \/>\n<meta property=\"og:site_name\" content=\"Buskerud H\u00f8yre\" \/>\n<meta property=\"article:publisher\" content=\"https:\/\/www.facebook.com\/buskerudhoyre\" \/>\n<meta property=\"article:modified_time\" content=\"2025-05-27T07:07:43+00:00\" \/>\n<meta property=\"og:image\" content=\"https:\/\/hoyre.no\/content\/uploads\/sites\/427\/2025\/05\/Andreas-Kagiavas-Torp-foto-Hans-Kristian-Thorbjornsen-0312-scaled.jpg\" \/>\n\t<meta property=\"og:image:width\" content=\"2500\" \/>\n\t<meta property=\"og:image:height\" content=\"1875\" \/>\n\t<meta property=\"og:image:type\" content=\"image\/jpeg\" \/>\n<meta name=\"twitter:card\" content=\"summary_large_image\" \/>\n<meta name=\"twitter:label1\" content=\"Ansl. lesetid\" \/>\n\t<meta name=\"twitter:data1\" content=\"2 minutter\" \/>\n<script type=\"application\/ld+json\" class=\"yoast-schema-graph\">{\"@context\":\"https:\/\/schema.org\",\"@graph\":[{\"@type\":\"WebPage\",\"@id\":\"https:\/\/hoyre.no\/buskerud\/andreas-kagiavas-torp\/\",\"url\":\"https:\/\/hoyre.no\/buskerud\/andreas-kagiavas-torp\/\",\"name\":\"Andreas Kagiavas Torp - Buskerud H\u00f8yre\",\"isPartOf\":{\"@id\":\"https:\/\/hoyre.no\/buskerud\/#website\"},\"image\":{\"@id\":\"https:\/\/hoyre.no\/buskerud\/andreas-kagiavas-torp\/#primaryimage\"},\"thumbnailUrl\":\"https:\/\/hoyre.no\/content\/uploads\/sites\/427\/2025\/05\/Andreas-Kagiavas-Torp-foto-Hans-Kristian-Thorbjornsen-0312-1024x768.jpg\",\"datePublished\":\"2024-09-06T14:38:04+00:00\",\"dateModified\":\"2025-05-27T07:07:43+00:00\",\"breadcrumb\":{\"@id\":\"https:\/\/hoyre.no\/buskerud\/andreas-kagiavas-torp\/#breadcrumb\"},\"inLanguage\":\"nb-NO\",\"potentialAction\":[{\"@type\":\"ReadAction\",\"target\":[\"https:\/\/hoyre.no\/buskerud\/andreas-kagiavas-torp\/\"]}]},{\"@type\":\"ImageObject\",\"inLanguage\":\"nb-NO\",\"@id\":\"https:\/\/hoyre.no\/buskerud\/andreas-kagiavas-torp\/#primaryimage\",\"url\":\"https:\/\/hoyre.no\/content\/uploads\/sites\/427\/2025\/05\/Andreas-Kagiavas-Torp-foto-Hans-Kristian-Thorbjornsen-0312-1024x768.jpg\",\"contentUrl\":\"https:\/\/hoyre.no\/content\/uploads\/sites\/427\/2025\/05\/Andreas-Kagiavas-Torp-foto-Hans-Kristian-Thorbjornsen-0312-1024x768.jpg\"},{\"@type\":\"BreadcrumbList\",\"@id\":\"https:\/\/hoyre.no\/buskerud\/andreas-kagiavas-torp\/#breadcrumb\",\"itemListElement\":[{\"@type\":\"ListItem\",\"position\":1,\"name\":\"Til hoyre.no\",\"item\":\"https:\/\/hoyre.no\"},{\"@type\":\"ListItem\",\"position\":2,\"name\":\"Hjem\",\"item\":\"https:\/\/hoyre.no\/buskerud\/\"},{\"@type\":\"ListItem\",\"position\":3,\"name\":\"Andreas Kagiavas Torp\"}]},{\"@type\":\"WebSite\",\"@id\":\"https:\/\/hoyre.no\/buskerud\/#website\",\"url\":\"https:\/\/hoyre.no\/buskerud\/\",\"name\":\"Buskerud H\u00f8yre\",\"description\":\"Bare enda et H\u00f8yres nettsteder-nettsted\",\"publisher\":{\"@id\":\"https:\/\/hoyre.no\/buskerud\/#organization\"},\"inLanguage\":\"nb-NO\"},{\"@type\":\"Organization\",\"@id\":\"https:\/\/hoyre.no\/buskerud\/#organization\",\"name\":\"Buskerud H\u00f8yre\",\"url\":\"https:\/\/hoyre.no\/buskerud\/\",\"logo\":{\"@type\":\"ImageObject\",\"inLanguage\":\"nb-NO\",\"@id\":\"https:\/\/hoyre.no\/buskerud\/#\/schema\/logo\/image\/\",\"url\":\"https:\/\/hoyre.no\/content\/uploads\/sites\/427\/2023\/02\/hoyre_logo.png\",\"contentUrl\":\"https:\/\/hoyre.no\/content\/uploads\/sites\/427\/2023\/02\/hoyre_logo.png\",\"width\":1000,\"height\":1000,\"caption\":\"Buskerud H\u00f8yre\"},\"image\":{\"@id\":\"https:\/\/hoyre.no\/buskerud\/#\/schema\/logo\/image\/\"},\"sameAs\":[\"https:\/\/www.facebook.com\/buskerudhoyre\"]}]}<\/script>\n<!-- \/ Yoast SEO plugin. -->","yoast_head_json":{"title":"Andreas Kagiavas Torp - Buskerud H\u00f8yre","robots":{"index":"index","follow":"follow","max-snippet":"max-snippet:-1","max-image-preview":"max-image-preview:large","max-video-preview":"max-video-preview:-1"},"canonical":"https:\/\/hoyre.no\/buskerud\/andreas-kagiavas-torp\/","og_locale":"nb_NO","og_type":"article","og_title":"Andreas Kagiavas Torp - Buskerud H\u00f8yre","og_url":"https:\/\/hoyre.no\/buskerud\/andreas-kagiavas-torp\/","og_site_name":"Buskerud H\u00f8yre","article_publisher":"https:\/\/www.facebook.com\/buskerudhoyre","article_modified_time":"2025-05-27T07:07:43+00:00","og_image":[{"width":2500,"height":1875,"url":"https:\/\/hoyre.no\/content\/uploads\/sites\/427\/2025\/05\/Andreas-Kagiavas-Torp-foto-Hans-Kristian-Thorbjornsen-0312-scaled.jpg","type":"image\/jpeg"}],"twitter_card":"summary_large_image","twitter_misc":{"Ansl. lesetid":"2 minutter"},"schema":{"@context":"https:\/\/schema.org","@graph":[{"@type":"WebPage","@id":"https:\/\/hoyre.no\/buskerud\/andreas-kagiavas-torp\/","url":"https:\/\/hoyre.no\/buskerud\/andreas-kagiavas-torp\/","name":"Andreas Kagiavas Torp - Buskerud H\u00f8yre","isPartOf":{"@id":"https:\/\/hoyre.no\/buskerud\/#website"},"image":{"@id":"https:\/\/hoyre.no\/buskerud\/andreas-kagiavas-torp\/#primaryimage"},"thumbnailUrl":"https:\/\/hoyre.no\/content\/uploads\/sites\/427\/2025\/05\/Andreas-Kagiavas-Torp-foto-Hans-Kristian-Thorbjornsen-0312-1024x768.jpg","datePublished":"2024-09-06T14:38:04+00:00","dateModified":"2025-05-27T07:07:43+00:00","breadcrumb":{"@id":"https:\/\/hoyre.no\/buskerud\/andreas-kagiavas-torp\/#breadcrumb"},"inLanguage":"nb-NO","potentialAction":[{"@type":"ReadAction","target":["https:\/\/hoyre.no\/buskerud\/andreas-kagiavas-torp\/"]}]},{"@type":"ImageObject","inLanguage":"nb-NO","@id":"https:\/\/hoyre.no\/buskerud\/andreas-kagiavas-torp\/#primaryimage","url":"https:\/\/hoyre.no\/content\/uploads\/sites\/427\/2025\/05\/Andreas-Kagiavas-Torp-foto-Hans-Kristian-Thorbjornsen-0312-1024x768.jpg","contentUrl":"https:\/\/hoyre.no\/content\/uploads\/sites\/427\/2025\/05\/Andreas-Kagiavas-Torp-foto-Hans-Kristian-Thorbjornsen-0312-1024x768.jpg"},{"@type":"BreadcrumbList","@id":"https:\/\/hoyre.no\/buskerud\/andreas-kagiavas-torp\/#breadcrumb","itemListElement":[{"@type":"ListItem","position":1,"name":"Til hoyre.no","item":"https:\/\/hoyre.no"},{"@type":"ListItem","position":2,"name":"Hjem","item":"https:\/\/hoyre.no\/buskerud\/"},{"@type":"ListItem","position":3,"name":"Andreas Kagiavas Torp"}]},{"@type":"WebSite","@id":"https:\/\/hoyre.no\/buskerud\/#website","url":"https:\/\/hoyre.no\/buskerud\/","name":"Buskerud H\u00f8yre","description":"Bare enda et H\u00f8yres nettsteder-nettsted","publisher":{"@id":"https:\/\/hoyre.no\/buskerud\/#organization"},"inLanguage":"nb-NO"},{"@type":"Organization","@id":"https:\/\/hoyre.no\/buskerud\/#organization","name":"Buskerud H\u00f8yre","url":"https:\/\/hoyre.no\/buskerud\/","logo":{"@type":"ImageObject","inLanguage":"nb-NO","@id":"https:\/\/hoyre.no\/buskerud\/#\/schema\/logo\/image\/","url":"https:\/\/hoyre.no\/content\/uploads\/sites\/427\/2023\/02\/hoyre_logo.png","contentUrl":"https:\/\/hoyre.no\/content\/uploads\/sites\/427\/2023\/02\/hoyre_logo.png","width":1000,"height":1000,"caption":"Buskerud H\u00f8yre"},"image":{"@id":"https:\/\/hoyre.no\/buskerud\/#\/schema\/logo\/image\/"},"sameAs":["https:\/\/www.facebook.com\/buskerudhoyre"]}]}},"distributor_meta":false,"distributor_terms":false,"distributor_media":false,"distributor_original_site_name":"Buskerud H\u00f8yre","distributor_original_site_url":"https:\/\/hoyre.no\/buskerud","push-errors":false,"_links":{"self":[{"href":"https:\/\/hoyre.no\/buskerud\/wp-json\/wp\/v2\/pages\/751","targetHints":{"allow":["GET"]}}],"collection":[{"href":"https:\/\/hoyre.no\/buskerud\/wp-json\/wp\/v2\/pages"}],"about":[{"href":"https:\/\/hoyre.no\/buskerud\/wp-json\/wp\/v2\/types\/page"}],"author":[{"embeddable":true,"href":"https:\/\/hoyre.no\/buskerud\/wp-json\/wp\/v2\/users\/447"}],"replies":[{"embeddable":true,"href":"https:\/\/hoyre.no\/buskerud\/wp-json\/wp\/v2\/comments?post=751"}],"version-history":[{"count":4,"href":"https:\/\/hoyre.no\/buskerud\/wp-json\/wp\/v2\/pages\/751\/revisions"}],"predecessor-version":[{"id":1187,"href":"https:\/\/hoyre.no\/buskerud\/wp-json\/wp\/v2\/pages\/751\/revisions\/1187"}],"wp:attachment":[{"href":"https:\/\/hoyre.no\/buskerud\/wp-json\/wp\/v2\/media?parent=751"}],"curies":[{"name":"wp","href":"https:\/\/api.w.org\/{rel}","templated":true}]}}