{"id":88,"date":"2023-08-15T13:58:19","date_gmt":"2023-08-15T11:58:19","guid":{"rendered":"https:\/\/hoyre.no\/dovre\/?page_id=88"},"modified":"2025-01-15T14:57:56","modified_gmt":"2025-01-15T13:57:56","slug":"9-gode-grunner-til-a-stemme-dovre-hoyre","status":"publish","type":"page","link":"https:\/\/hoyre.no\/dovre\/politikk\/9-gode-grunner-til-a-stemme-dovre-hoyre\/","title":{"rendered":"9 gode grunner til \u00e5 stemme Dovre H\u00f8yre"},"content":{"rendered":"\n<div class=\"wp-block-hoyre-hero with-image-gradient text-color-light  has-media alignfull has-background\"><div class=\"hoyre-hero has-image\"><h1 class=\"title\">9 gode grunner til \u00e5 stemme Dovre H\u00f8yre<\/h1><figure class=\"hoyre-image-wrapper\"><div class=\"hoyre-image\"><img loading=\"lazy\" decoding=\"async\" width=\"640\" height=\"480\" src=\"https:\/\/hoyre.no\/content\/uploads\/sites\/85\/2023\/05\/Snohetta.jpg\" class=\"attachment-scaled size-scaled\" alt=\"\" style=\"object-position: 50% 50%\" srcset=\"https:\/\/hoyre.no\/content\/uploads\/sites\/85\/2023\/05\/Snohetta.jpg 640w, https:\/\/hoyre.no\/content\/uploads\/sites\/85\/2023\/05\/Snohetta-300x225.jpg 300w\" sizes=\"auto, (max-width: 640px) 100vw, 640px\" \/><\/div><\/figure><\/div><\/div>\n\n\n\n<div class=\"wp-block-hoyre-banner alignwide undefined  is-style-blue\"><div class=\"banner-inner\"><figure class=\"hoyre-image-wrapper\"><div class=\"hoyre-image\"><img loading=\"lazy\" decoding=\"async\" width=\"720\" height=\"960\" src=\"https:\/\/hoyre.no\/content\/uploads\/sites\/85\/2023\/05\/20190817_170056890_iOS.jpg\" class=\"attachment-scaled size-scaled\" alt=\"\" style=\"object-position: 50% 50%\" srcset=\"https:\/\/hoyre.no\/content\/uploads\/sites\/85\/2023\/05\/20190817_170056890_iOS.jpg 720w, https:\/\/hoyre.no\/content\/uploads\/sites\/85\/2023\/05\/20190817_170056890_iOS-225x300.jpg 225w\" sizes=\"auto, (max-width: 720px) 100vw, 720px\" \/><\/div><\/figure><div class=\"banner-content\"><div class=\"entry-content\">\n<h2 class=\"wp-block-heading\"><\/h2>\n\n\n\n<p>Dovre H\u00f8yre vil styrke den enkeltes mulighet til selv \u00e5 bestemme over eget liv og sette enkeltmenneskes behov i sentrum. I Dovre skal det v\u00e6re muligheter for alle!<\/p>\n\n\n\n<div class=\"wp-block-buttons is-layout-flex wp-block-buttons-is-layout-flex\"><\/div>\n<\/div><\/div><\/div><\/div>\n\n\n\n\n<div class=\"wp-block-media-text alignwide is-stacked-on-mobile is-image-fill\"><figure class=\"wp-block-media-text__media\" style=\"background-image:url('https:\/\/hoyre.no\/content\/uploads\/sites\/85\/2023\/08\/GettyImages-1202315655-1024x683.jpg');background-position:50% 50%\"><img loading=\"lazy\" decoding=\"async\" width=\"1024\" height=\"683\" src=\"https:\/\/hoyre.no\/content\/uploads\/sites\/85\/2023\/08\/GettyImages-1202315655-1024x683.jpg\" alt=\"\" class=\"wp-image-89 size-full\" srcset=\"https:\/\/hoyre.no\/content\/uploads\/sites\/85\/2023\/08\/GettyImages-1202315655-1024x683.jpg 1024w, https:\/\/hoyre.no\/content\/uploads\/sites\/85\/2023\/08\/GettyImages-1202315655-300x200.jpg 300w, https:\/\/hoyre.no\/content\/uploads\/sites\/85\/2023\/08\/GettyImages-1202315655-768x512.jpg 768w, https:\/\/hoyre.no\/content\/uploads\/sites\/85\/2023\/08\/GettyImages-1202315655-1536x1024.jpg 1536w, https:\/\/hoyre.no\/content\/uploads\/sites\/85\/2023\/08\/GettyImages-1202315655-2048x1365.jpg 2048w\" sizes=\"auto, (max-width: 1024px) 100vw, 1024px\" \/><\/figure><div class=\"wp-block-media-text__content\">\n<h2 class=\"wp-block-heading\">1. Enkeltmennesket skal v\u00e6re i sentrum &#8211; ikke systemet<\/h2>\n\n\n\n<p>Vi \u00f8nsker at dovringen skal styre sitt eget liv s\u00e5 langt det g\u00e5r, uten for mye innblanding fra kommune og stat. F\u00e6rrest mulige begrensninger i og p\u00e5 egen eiendom og i utmark. Vi st\u00e5r p\u00e5 for allemannsretten.&nbsp;<\/p>\n<\/div><\/div>\n\n\n\n<div class=\"wp-block-media-text alignwide has-media-on-the-right is-stacked-on-mobile is-image-fill\"><div class=\"wp-block-media-text__content\">\n<h2 class=\"wp-block-heading\">2. Vi skal leve godt i Dovre hele livet<\/h2>\n\n\n\n<p>Gode barnehager, en barneskole med Dovremodellen i sentrum, videreg\u00e5ende skole med nye ideer og tanker, gode f\u00f8rstelinjes helsetjenester i alle faser av livet. Vi bor langt unna sykehus og er avhengig av gode prehospitale tjenester. Fredheim og hjemmetjenesten skal fortsatt ha gode vilk\u00e5r. Dovre kommune er kommunen hvor folk trives og har det bra, uavhengig av hvor i kommunen de bor.&nbsp;&nbsp;<\/p>\n<\/div><figure class=\"wp-block-media-text__media\" style=\"background-image:url('https:\/\/hoyre.no\/content\/uploads\/sites\/85\/2023\/08\/GettyImages-1224332804-1024x683.jpg');background-position:50% 50%\"><img loading=\"lazy\" decoding=\"async\" width=\"1024\" height=\"683\" src=\"https:\/\/hoyre.no\/content\/uploads\/sites\/85\/2023\/08\/GettyImages-1224332804-1024x683.jpg\" alt=\"\" class=\"wp-image-90 size-full\" srcset=\"https:\/\/hoyre.no\/content\/uploads\/sites\/85\/2023\/08\/GettyImages-1224332804-1024x683.jpg 1024w, https:\/\/hoyre.no\/content\/uploads\/sites\/85\/2023\/08\/GettyImages-1224332804-300x200.jpg 300w, https:\/\/hoyre.no\/content\/uploads\/sites\/85\/2023\/08\/GettyImages-1224332804-768x513.jpg 768w, https:\/\/hoyre.no\/content\/uploads\/sites\/85\/2023\/08\/GettyImages-1224332804-1536x1025.jpg 1536w, https:\/\/hoyre.no\/content\/uploads\/sites\/85\/2023\/08\/GettyImages-1224332804-2048x1367.jpg 2048w\" sizes=\"auto, (max-width: 1024px) 100vw, 1024px\" \/><\/figure><\/div>\n\n\n\n<div class=\"wp-block-media-text alignwide is-stacked-on-mobile is-image-fill\"><figure class=\"wp-block-media-text__media\" style=\"background-image:url('https:\/\/hoyre.no\/content\/uploads\/sites\/85\/2023\/08\/GettyImages-490607422-1-1024x683.jpg');background-position:50% 50%\"><img loading=\"lazy\" decoding=\"async\" width=\"1024\" height=\"683\" src=\"https:\/\/hoyre.no\/content\/uploads\/sites\/85\/2023\/08\/GettyImages-490607422-1-1024x683.jpg\" alt=\"\" class=\"wp-image-91 size-full\" srcset=\"https:\/\/hoyre.no\/content\/uploads\/sites\/85\/2023\/08\/GettyImages-490607422-1-1024x683.jpg 1024w, https:\/\/hoyre.no\/content\/uploads\/sites\/85\/2023\/08\/GettyImages-490607422-1-300x200.jpg 300w, https:\/\/hoyre.no\/content\/uploads\/sites\/85\/2023\/08\/GettyImages-490607422-1-768x512.jpg 768w, https:\/\/hoyre.no\/content\/uploads\/sites\/85\/2023\/08\/GettyImages-490607422-1-1536x1024.jpg 1536w, https:\/\/hoyre.no\/content\/uploads\/sites\/85\/2023\/08\/GettyImages-490607422-1-2048x1365.jpg 2048w\" sizes=\"auto, (max-width: 1024px) 100vw, 1024px\" \/><\/figure><div class=\"wp-block-media-text__content\">\n<h2 class=\"wp-block-heading\">3.  Gi grunnlag for n\u00e6ringsutvikling og god \u00f8konomistyring &#8211; p\u00e5 lag med de som skaper jobber<\/h2>\n\n\n\n<p>Dovre H\u00f8yre vil at kommunen skal oppleves som en \u00abfremoverlent\u00bb medspiller med en positiv vilje til \u00e5 spille p\u00e5 lag med n\u00e6ringslivet. Dovre H\u00f8yre vil gj\u00f8re det lettere \u00e5 etablere ny n\u00e6ringsvirksomhet i Dovre, og s\u00f8rge for at n\u00e6ringslivet har muligheten til \u00e5 vokse. Vi er p\u00e5 lag med de som skaper jobber. Vi skal for fjerde gang foresl\u00e5 \u00e5 \u00f8ke n\u00e6ringsfondet fra 500.000 til 1 million. Dovre kommune skal v\u00e6re en attraktiv kommune \u00e5 bo og jobbe i. H\u00f8yre vil s\u00f8rge for at Dovre igjen blir en ja-kommune, hvor vi heier p\u00e5 mennesker som \u00f8nsker \u00e5 skape noe.&nbsp;<\/p>\n<\/div><\/div>\n\n\n\n<div class=\"wp-block-media-text alignwide has-media-on-the-right is-stacked-on-mobile is-image-fill\"><div class=\"wp-block-media-text__content\">\n<h2 class=\"wp-block-heading\">4. Fjerne eiendomsskatten i 2025<\/h2>\n\n\n\n<p>H\u00f8yre mener eiendomsskatten er en usosial skatt. Det m\u00e5 alltid v\u00e6re slik at kommunen prioriterer i egen \u00f8konomi f\u00f8r en ber enkeltmennesker og familier om \u00e5 prioritere i sin lommebok gjennom \u00f8kte skatter og avgifter. Derfor vil H\u00f8yre at eiendomsskatten skal fjernes slik at dovringene f\u00e5r beholde mer av sin egen inntekt.&nbsp;<\/p>\n<\/div><figure class=\"wp-block-media-text__media\" style=\"background-image:url('https:\/\/hoyre.no\/content\/uploads\/sites\/85\/2023\/08\/GettyImages-610672696-2-1024x683.jpg');background-position:50% 50%\"><img loading=\"lazy\" decoding=\"async\" width=\"1024\" height=\"683\" src=\"https:\/\/hoyre.no\/content\/uploads\/sites\/85\/2023\/08\/GettyImages-610672696-2-1024x683.jpg\" alt=\"\" class=\"wp-image-92 size-full\" srcset=\"https:\/\/hoyre.no\/content\/uploads\/sites\/85\/2023\/08\/GettyImages-610672696-2-1024x683.jpg 1024w, https:\/\/hoyre.no\/content\/uploads\/sites\/85\/2023\/08\/GettyImages-610672696-2-300x200.jpg 300w, https:\/\/hoyre.no\/content\/uploads\/sites\/85\/2023\/08\/GettyImages-610672696-2-768x512.jpg 768w, https:\/\/hoyre.no\/content\/uploads\/sites\/85\/2023\/08\/GettyImages-610672696-2-1536x1024.jpg 1536w, https:\/\/hoyre.no\/content\/uploads\/sites\/85\/2023\/08\/GettyImages-610672696-2-2048x1365.jpg 2048w\" sizes=\"auto, (max-width: 1024px) 100vw, 1024px\" \/><\/figure><\/div>\n\n\n\n<div class=\"wp-block-media-text alignwide is-stacked-on-mobile is-image-fill\"><figure class=\"wp-block-media-text__media\" style=\"background-image:url('https:\/\/hoyre.no\/content\/uploads\/sites\/85\/2023\/08\/GettyImages-1175573811-1024x683.jpg');background-position:50% 50%\"><img loading=\"lazy\" decoding=\"async\" width=\"1024\" height=\"683\" src=\"https:\/\/hoyre.no\/content\/uploads\/sites\/85\/2023\/08\/GettyImages-1175573811-1024x683.jpg\" alt=\"\" class=\"wp-image-93 size-full\" srcset=\"https:\/\/hoyre.no\/content\/uploads\/sites\/85\/2023\/08\/GettyImages-1175573811-1024x683.jpg 1024w, https:\/\/hoyre.no\/content\/uploads\/sites\/85\/2023\/08\/GettyImages-1175573811-300x200.jpg 300w, https:\/\/hoyre.no\/content\/uploads\/sites\/85\/2023\/08\/GettyImages-1175573811-768x512.jpg 768w, https:\/\/hoyre.no\/content\/uploads\/sites\/85\/2023\/08\/GettyImages-1175573811-1536x1024.jpg 1536w, https:\/\/hoyre.no\/content\/uploads\/sites\/85\/2023\/08\/GettyImages-1175573811-2048x1365.jpg 2048w\" sizes=\"auto, (max-width: 1024px) 100vw, 1024px\" \/><\/figure><div class=\"wp-block-media-text__content\">\n<h2 class=\"wp-block-heading\">5. Beholde Dovremodellen i skolene v\u00e5re<\/h2>\n\n\n\n<p>Kunnskap og utdanning er avgj\u00f8rende for \u00e5 sikre et godt og selvstendig liv for enkeltmennesket. En god skole er en viktig arena for \u00e5 bekjempe sosial ulikhet og utenforskap. Det er ogs\u00e5 n\u00f8kkelen til fremtidig vekst og verdiskapning for hele samfunnet. Vi st\u00f8tter VGS p\u00e5 Domb\u00e5s og Hjerleid som friskole. Vi st\u00f8tter ogs\u00e5 initiativet til \u00e5 etablere privatskoler og barnehager i Dovre.&nbsp;<\/p>\n<\/div><\/div>\n\n\n\n<div class=\"wp-block-media-text alignwide has-media-on-the-right is-stacked-on-mobile is-image-fill\"><div class=\"wp-block-media-text__content\">\n<h2 class=\"wp-block-heading\">6. Dovre skal v\u00e6re en del av en st\u00f8rre kommune<\/h2>\n\n\n\n<p>Dovre kommune er en liten kommune og vi er s\u00e5rbare. Vi klarer ikke \u00e5 opprettholde tilbud alene. Vi er opptatt av lokaldemokrati og ikke system. Vi vil revidere avtaler om interkommunale samarbeid. Samarbeidsavtaler svekker demokratiet. Interkommunalt arbeid overf\u00f8rer makt til systemet og administrasjon. Politikerne mister styringen. Dovre H\u00f8yre sier nei til flere samarbeidsomr\u00e5der. Vi vil arbeide for \u00e5 sl\u00e5 sammen Dovre og Lesja til \u00e9n kommune, sekund\u00e6rt Norddalen.&nbsp;<\/p>\n<\/div><figure class=\"wp-block-media-text__media\" style=\"background-image:url('https:\/\/hoyre.no\/content\/uploads\/sites\/85\/2023\/08\/GettyImages-618740572-1024x683.jpg');background-position:50% 50%\"><img loading=\"lazy\" decoding=\"async\" width=\"1024\" height=\"683\" src=\"https:\/\/hoyre.no\/content\/uploads\/sites\/85\/2023\/08\/GettyImages-618740572-1024x683.jpg\" alt=\"\" class=\"wp-image-94 size-full\" srcset=\"https:\/\/hoyre.no\/content\/uploads\/sites\/85\/2023\/08\/GettyImages-618740572-1024x683.jpg 1024w, https:\/\/hoyre.no\/content\/uploads\/sites\/85\/2023\/08\/GettyImages-618740572-300x200.jpg 300w, https:\/\/hoyre.no\/content\/uploads\/sites\/85\/2023\/08\/GettyImages-618740572-768x512.jpg 768w, https:\/\/hoyre.no\/content\/uploads\/sites\/85\/2023\/08\/GettyImages-618740572-1536x1024.jpg 1536w, https:\/\/hoyre.no\/content\/uploads\/sites\/85\/2023\/08\/GettyImages-618740572-2048x1365.jpg 2048w\" sizes=\"auto, (max-width: 1024px) 100vw, 1024px\" \/><\/figure><\/div>\n\n\n\n<div class=\"wp-block-media-text alignwide is-stacked-on-mobile is-image-fill\"><figure class=\"wp-block-media-text__media\" style=\"background-image:url('https:\/\/hoyre.no\/content\/uploads\/sites\/85\/2023\/08\/GettyImages-1336228316-1024x768.jpg');background-position:50% 50%\"><img loading=\"lazy\" decoding=\"async\" width=\"1024\" height=\"768\" src=\"https:\/\/hoyre.no\/content\/uploads\/sites\/85\/2023\/08\/GettyImages-1336228316-1024x768.jpg\" alt=\"\" class=\"wp-image-95 size-full\" srcset=\"https:\/\/hoyre.no\/content\/uploads\/sites\/85\/2023\/08\/GettyImages-1336228316-1024x768.jpg 1024w, https:\/\/hoyre.no\/content\/uploads\/sites\/85\/2023\/08\/GettyImages-1336228316-300x225.jpg 300w, https:\/\/hoyre.no\/content\/uploads\/sites\/85\/2023\/08\/GettyImages-1336228316-768x576.jpg 768w, https:\/\/hoyre.no\/content\/uploads\/sites\/85\/2023\/08\/GettyImages-1336228316-1536x1152.jpg 1536w, https:\/\/hoyre.no\/content\/uploads\/sites\/85\/2023\/08\/GettyImages-1336228316-2048x1536.jpg 2048w\" sizes=\"auto, (max-width: 1024px) 100vw, 1024px\" \/><\/figure><div class=\"wp-block-media-text__content\">\n<h2 class=\"wp-block-heading\">7. Lettere for dovringen \u00e5 bestemme over egen eiendom<\/h2>\n\n\n\n<p>Forenkle reglene ved omsetning av landbrukseiendommer. Det skal bli lettere \u00e5 skille ut tun\/tomt. Ha lokal r\u00e5derett over utmark og rovdyrforvaltning basert p\u00e5 forskning og erfaringskompetanse. Vi vil ogs\u00e5 gj\u00f8re det lettere \u00e5 overta eiendom uten \u00e5 m\u00e5tte flytte selv. Upersonlig boplikt skal vurderes i alle tilfeller. Forenkle byr\u00e5kratiet ved s\u00f8knad om endring\/nybygg p\u00e5 egen tomt.&nbsp;<\/p>\n<\/div><\/div>\n\n\n\n<div class=\"wp-block-media-text alignwide has-media-on-the-right is-stacked-on-mobile is-image-fill\"><div class=\"wp-block-media-text__content\">\n<h2 class=\"wp-block-heading\">8. Ikke utvide nasjonalparker. Vi skal ha lokal forvaltning og bruk<\/h2>\n\n\n\n<p>Over 75 prosent av Dovre kommune har en eller flere fredningsstatuser. Vi vil ikke utvide dette tallet, men holde kulturlandskapet \u00e5pent ved \u00e5 prioritere tilskudd til utmarksbeite og skog- og stirydding. Vi vil ha lokal r\u00e5derett over utmark, og rovdyrforvaltning basert p\u00e5 forskning og erfaringskompetanse. Tilrettelegge for hyttebygging og hel\u00e5rsbruk av hytter. Legge til rette for mer lokalbasert guiding i fjellet v\u00e5rt.&nbsp;<\/p>\n<\/div><figure class=\"wp-block-media-text__media\" style=\"background-image:url('https:\/\/hoyre.no\/content\/uploads\/sites\/85\/2023\/08\/GettyImages-535587483-1024x683.jpg');background-position:50% 50%\"><img loading=\"lazy\" decoding=\"async\" width=\"1024\" height=\"683\" src=\"https:\/\/hoyre.no\/content\/uploads\/sites\/85\/2023\/08\/GettyImages-535587483-1024x683.jpg\" alt=\"\" class=\"wp-image-97 size-full\" srcset=\"https:\/\/hoyre.no\/content\/uploads\/sites\/85\/2023\/08\/GettyImages-535587483-1024x683.jpg 1024w, https:\/\/hoyre.no\/content\/uploads\/sites\/85\/2023\/08\/GettyImages-535587483-300x200.jpg 300w, https:\/\/hoyre.no\/content\/uploads\/sites\/85\/2023\/08\/GettyImages-535587483-768x512.jpg 768w, https:\/\/hoyre.no\/content\/uploads\/sites\/85\/2023\/08\/GettyImages-535587483-1536x1024.jpg 1536w, https:\/\/hoyre.no\/content\/uploads\/sites\/85\/2023\/08\/GettyImages-535587483-2048x1365.jpg 2048w\" sizes=\"auto, (max-width: 1024px) 100vw, 1024px\" \/><\/figure><\/div>\n\n\n\n<div class=\"wp-block-media-text alignwide is-stacked-on-mobile is-image-fill\"><figure class=\"wp-block-media-text__media\" style=\"background-image:url('https:\/\/hoyre.no\/content\/uploads\/sites\/85\/2023\/08\/GettyImages-1151450738-1-1024x683.jpg');background-position:50% 50%\"><img loading=\"lazy\" decoding=\"async\" width=\"1024\" height=\"683\" src=\"https:\/\/hoyre.no\/content\/uploads\/sites\/85\/2023\/08\/GettyImages-1151450738-1-1024x683.jpg\" alt=\"\" class=\"wp-image-96 size-full\" srcset=\"https:\/\/hoyre.no\/content\/uploads\/sites\/85\/2023\/08\/GettyImages-1151450738-1-1024x683.jpg 1024w, https:\/\/hoyre.no\/content\/uploads\/sites\/85\/2023\/08\/GettyImages-1151450738-1-300x200.jpg 300w, https:\/\/hoyre.no\/content\/uploads\/sites\/85\/2023\/08\/GettyImages-1151450738-1-768x512.jpg 768w, https:\/\/hoyre.no\/content\/uploads\/sites\/85\/2023\/08\/GettyImages-1151450738-1-1536x1024.jpg 1536w, https:\/\/hoyre.no\/content\/uploads\/sites\/85\/2023\/08\/GettyImages-1151450738-1-2048x1365.jpg 2048w\" sizes=\"auto, (max-width: 1024px) 100vw, 1024px\" \/><\/figure><div class=\"wp-block-media-text__content\">\n<h2 class=\"wp-block-heading\">9. En b\u00e6rekraftig utvikling i Gudbrandsdalen<\/h2>\n\n\n\n<p>Vi vil innfase elbiler i kommunens tjenester, og  ogs\u00e5 videref\u00f8re og utvide \u00e5rlig ryddedag i kommunen. Vi vil bidra til at Gudbrandsdalen skal v\u00e6re et lavutslippssamfunn med attraktive lokalsamfunn, et sterkt n\u00e6ringsliv og framtidsrettede kommunale tjenester.&nbsp;  &nbsp;&nbsp;<\/p>\n<\/div><\/div>\n\n","protected":false},"excerpt":{"rendered":"","protected":false},"author":38359,"featured_media":0,"parent":69,"menu_order":0,"comment_status":"closed","ping_status":"closed","template":"","meta":{"teft_cards_image_url":"","teft_cards_custom_pretitle":"","teft_cards_image_id":0,"teft_cards_image_focal_point_x":0,"teft_cards_image_focal_point_y":0,"teft_cards_title":"","teft_cards_excerpt":"","teft_show_chapters":false,"footnotes":""},"class_list":["post-88","page","type-page","status-publish","hentry"],"yoast_head":"<!-- This site is optimized with the Yoast SEO plugin v26.6 - https:\/\/yoast.com\/wordpress\/plugins\/seo\/ -->\n<title>9 gode grunner til \u00e5 stemme Dovre H\u00f8yre - Dovre H\u00f8yre<\/title>\n<meta name=\"description\" content=\"Her gir vi deg ni gode grunner til hvorfor du skal stemme Dovre H\u00f8yre.\" \/>\n<meta name=\"robots\" content=\"index, follow, max-snippet:-1, max-image-preview:large, max-video-preview:-1\" \/>\n<link rel=\"canonical\" href=\"https:\/\/hoyre.no\/dovre\/politikk\/9-gode-grunner-til-a-stemme-dovre-hoyre\/\" \/>\n<meta property=\"og:locale\" content=\"nb_NO\" \/>\n<meta property=\"og:type\" content=\"article\" \/>\n<meta property=\"og:title\" content=\"9 gode grunner til \u00e5 stemme Dovre H\u00f8yre - Dovre H\u00f8yre\" \/>\n<meta property=\"og:description\" content=\"Her gir vi deg ni gode grunner til hvorfor du skal stemme Dovre H\u00f8yre.\" \/>\n<meta property=\"og:url\" content=\"https:\/\/hoyre.no\/dovre\/politikk\/9-gode-grunner-til-a-stemme-dovre-hoyre\/\" \/>\n<meta property=\"og:site_name\" content=\"Dovre H\u00f8yre\" \/>\n<meta property=\"article:modified_time\" content=\"2025-01-15T13:57:56+00:00\" \/>\n<meta property=\"og:image\" content=\"https:\/\/hoyre.no\/content\/uploads\/sites\/85\/2023\/08\/GettyImages-1202315655-1024x683.jpg\" \/>\n<meta name=\"twitter:card\" content=\"summary_large_image\" \/>\n<meta name=\"twitter:label1\" content=\"Ansl. lesetid\" \/>\n\t<meta name=\"twitter:data1\" content=\"6 minutter\" \/>\n<script type=\"application\/ld+json\" class=\"yoast-schema-graph\">{\"@context\":\"https:\/\/schema.org\",\"@graph\":[{\"@type\":\"WebPage\",\"@id\":\"https:\/\/hoyre.no\/dovre\/politikk\/9-gode-grunner-til-a-stemme-dovre-hoyre\/\",\"url\":\"https:\/\/hoyre.no\/dovre\/politikk\/9-gode-grunner-til-a-stemme-dovre-hoyre\/\",\"name\":\"9 gode grunner til \u00e5 stemme Dovre H\u00f8yre - Dovre H\u00f8yre\",\"isPartOf\":{\"@id\":\"https:\/\/hoyre.no\/dovre\/#website\"},\"image\":{\"@id\":\"https:\/\/hoyre.no\/dovre\/politikk\/9-gode-grunner-til-a-stemme-dovre-hoyre\/#primaryimage\"},\"thumbnailUrl\":\"https:\/\/hoyre.no\/content\/uploads\/sites\/85\/2023\/08\/GettyImages-1202315655-1024x683.jpg\",\"datePublished\":\"2023-08-15T11:58:19+00:00\",\"dateModified\":\"2025-01-15T13:57:56+00:00\",\"description\":\"Her gir vi deg ni gode grunner til hvorfor du skal stemme Dovre H\u00f8yre.\",\"breadcrumb\":{\"@id\":\"https:\/\/hoyre.no\/dovre\/politikk\/9-gode-grunner-til-a-stemme-dovre-hoyre\/#breadcrumb\"},\"inLanguage\":\"nb-NO\",\"potentialAction\":[{\"@type\":\"ReadAction\",\"target\":[\"https:\/\/hoyre.no\/dovre\/politikk\/9-gode-grunner-til-a-stemme-dovre-hoyre\/\"]}]},{\"@type\":\"ImageObject\",\"inLanguage\":\"nb-NO\",\"@id\":\"https:\/\/hoyre.no\/dovre\/politikk\/9-gode-grunner-til-a-stemme-dovre-hoyre\/#primaryimage\",\"url\":\"https:\/\/hoyre.no\/content\/uploads\/sites\/85\/2023\/08\/GettyImages-1202315655-1024x683.jpg\",\"contentUrl\":\"https:\/\/hoyre.no\/content\/uploads\/sites\/85\/2023\/08\/GettyImages-1202315655-1024x683.jpg\"},{\"@type\":\"BreadcrumbList\",\"@id\":\"https:\/\/hoyre.no\/dovre\/politikk\/9-gode-grunner-til-a-stemme-dovre-hoyre\/#breadcrumb\",\"itemListElement\":[{\"@type\":\"ListItem\",\"position\":1,\"name\":\"Til hoyre.no\",\"item\":\"https:\/\/hoyre.no\"},{\"@type\":\"ListItem\",\"position\":2,\"name\":\"Hjem\",\"item\":\"https:\/\/hoyre.no\/dovre\/\"},{\"@type\":\"ListItem\",\"position\":3,\"name\":\"Politikk\",\"item\":\"https:\/\/hoyre.no\/dovre\/politikk\/\"},{\"@type\":\"ListItem\",\"position\":4,\"name\":\"9 gode grunner til \u00e5 stemme Dovre H\u00f8yre\"}]},{\"@type\":\"WebSite\",\"@id\":\"https:\/\/hoyre.no\/dovre\/#website\",\"url\":\"https:\/\/hoyre.no\/dovre\/\",\"name\":\"Dovre H\u00f8yre\",\"description\":\"Bare enda et H\u00f8yres nettsteder-nettsted\",\"inLanguage\":\"nb-NO\"}]}<\/script>\n<!-- \/ Yoast SEO plugin. -->","yoast_head_json":{"title":"9 gode grunner til \u00e5 stemme Dovre H\u00f8yre - Dovre H\u00f8yre","description":"Her gir vi deg ni gode grunner til hvorfor du skal stemme Dovre H\u00f8yre.","robots":{"index":"index","follow":"follow","max-snippet":"max-snippet:-1","max-image-preview":"max-image-preview:large","max-video-preview":"max-video-preview:-1"},"canonical":"https:\/\/hoyre.no\/dovre\/politikk\/9-gode-grunner-til-a-stemme-dovre-hoyre\/","og_locale":"nb_NO","og_type":"article","og_title":"9 gode grunner til \u00e5 stemme Dovre H\u00f8yre - Dovre H\u00f8yre","og_description":"Her gir vi deg ni gode grunner til hvorfor du skal stemme Dovre H\u00f8yre.","og_url":"https:\/\/hoyre.no\/dovre\/politikk\/9-gode-grunner-til-a-stemme-dovre-hoyre\/","og_site_name":"Dovre H\u00f8yre","article_modified_time":"2025-01-15T13:57:56+00:00","og_image":[{"url":"https:\/\/hoyre.no\/content\/uploads\/sites\/85\/2023\/08\/GettyImages-1202315655-1024x683.jpg","type":"","width":"","height":""}],"twitter_card":"summary_large_image","twitter_misc":{"Ansl. lesetid":"6 minutter"},"schema":{"@context":"https:\/\/schema.org","@graph":[{"@type":"WebPage","@id":"https:\/\/hoyre.no\/dovre\/politikk\/9-gode-grunner-til-a-stemme-dovre-hoyre\/","url":"https:\/\/hoyre.no\/dovre\/politikk\/9-gode-grunner-til-a-stemme-dovre-hoyre\/","name":"9 gode grunner til \u00e5 stemme Dovre H\u00f8yre - Dovre H\u00f8yre","isPartOf":{"@id":"https:\/\/hoyre.no\/dovre\/#website"},"image":{"@id":"https:\/\/hoyre.no\/dovre\/politikk\/9-gode-grunner-til-a-stemme-dovre-hoyre\/#primaryimage"},"thumbnailUrl":"https:\/\/hoyre.no\/content\/uploads\/sites\/85\/2023\/08\/GettyImages-1202315655-1024x683.jpg","datePublished":"2023-08-15T11:58:19+00:00","dateModified":"2025-01-15T13:57:56+00:00","description":"Her gir vi deg ni gode grunner til hvorfor du skal stemme Dovre H\u00f8yre.","breadcrumb":{"@id":"https:\/\/hoyre.no\/dovre\/politikk\/9-gode-grunner-til-a-stemme-dovre-hoyre\/#breadcrumb"},"inLanguage":"nb-NO","potentialAction":[{"@type":"ReadAction","target":["https:\/\/hoyre.no\/dovre\/politikk\/9-gode-grunner-til-a-stemme-dovre-hoyre\/"]}]},{"@type":"ImageObject","inLanguage":"nb-NO","@id":"https:\/\/hoyre.no\/dovre\/politikk\/9-gode-grunner-til-a-stemme-dovre-hoyre\/#primaryimage","url":"https:\/\/hoyre.no\/content\/uploads\/sites\/85\/2023\/08\/GettyImages-1202315655-1024x683.jpg","contentUrl":"https:\/\/hoyre.no\/content\/uploads\/sites\/85\/2023\/08\/GettyImages-1202315655-1024x683.jpg"},{"@type":"BreadcrumbList","@id":"https:\/\/hoyre.no\/dovre\/politikk\/9-gode-grunner-til-a-stemme-dovre-hoyre\/#breadcrumb","itemListElement":[{"@type":"ListItem","position":1,"name":"Til hoyre.no","item":"https:\/\/hoyre.no"},{"@type":"ListItem","position":2,"name":"Hjem","item":"https:\/\/hoyre.no\/dovre\/"},{"@type":"ListItem","position":3,"name":"Politikk","item":"https:\/\/hoyre.no\/dovre\/politikk\/"},{"@type":"ListItem","position":4,"name":"9 gode grunner til \u00e5 stemme Dovre H\u00f8yre"}]},{"@type":"WebSite","@id":"https:\/\/hoyre.no\/dovre\/#website","url":"https:\/\/hoyre.no\/dovre\/","name":"Dovre H\u00f8yre","description":"Bare enda et H\u00f8yres nettsteder-nettsted","inLanguage":"nb-NO"}]}},"distributor_meta":false,"distributor_terms":false,"distributor_media":false,"distributor_original_site_name":"Dovre H\u00f8yre","distributor_original_site_url":"https:\/\/hoyre.no\/dovre","push-errors":false,"_links":{"self":[{"href":"https:\/\/hoyre.no\/dovre\/wp-json\/wp\/v2\/pages\/88","targetHints":{"allow":["GET"]}}],"collection":[{"href":"https:\/\/hoyre.no\/dovre\/wp-json\/wp\/v2\/pages"}],"about":[{"href":"https:\/\/hoyre.no\/dovre\/wp-json\/wp\/v2\/types\/page"}],"author":[{"embeddable":true,"href":"https:\/\/hoyre.no\/dovre\/wp-json\/wp\/v2\/users\/38359"}],"replies":[{"embeddable":true,"href":"https:\/\/hoyre.no\/dovre\/wp-json\/wp\/v2\/comments?post=88"}],"version-history":[{"count":6,"href":"https:\/\/hoyre.no\/dovre\/wp-json\/wp\/v2\/pages\/88\/revisions"}],"predecessor-version":[{"id":123,"href":"https:\/\/hoyre.no\/dovre\/wp-json\/wp\/v2\/pages\/88\/revisions\/123"}],"up":[{"embeddable":true,"href":"https:\/\/hoyre.no\/dovre\/wp-json\/wp\/v2\/pages\/69"}],"wp:attachment":[{"href":"https:\/\/hoyre.no\/dovre\/wp-json\/wp\/v2\/media?parent=88"}],"curies":[{"name":"wp","href":"https:\/\/api.w.org\/{rel}","templated":true}]}}