{"id":210,"date":"2022-10-16T20:56:41","date_gmt":"2022-10-16T18:56:41","guid":{"rendered":"https:\/\/hoyre.no\/drammen\/?page_id=210"},"modified":"2024-12-23T12:27:37","modified_gmt":"2024-12-23T11:27:37","slug":"kjell-arne-hermansen-var-ordforerkandidat","status":"publish","type":"page","link":"https:\/\/hoyre.no\/drammen\/kjell-arne-hermansen-var-ordforerkandidat\/","title":{"rendered":"Ordf\u00f8rer Kjell Arne Hermansen"},"content":{"rendered":"\n<div class=\"wp-block-hoyre-hero with-image-gradient text-color-light  has-media alignfull has-background\"><div class=\"hoyre-hero has-image\"><h1 class=\"title\">Kjell Arne Hermansen<\/h1><p class=\"preamble\">Bli bedre kjent med ordf\u00f8reren v\u00e5r\ud83d\udc47<\/p>\t\t\t<div class=\"post-meta wp-block teft-byline-wrapper\">\n\t\t\t\t<div class=\"top\">\n\t\t\t\t\t<div class=\"signature\">\n\t\t\t\t\t\t<div class=\"teft-byline\">\n\t\t\t\t\t\t\t\t\t\t\t\t\t\t<div>\n\t\t\t\t\t\t\t\t<h3>H\u00f8yres redaksjon<\/h3>\t\t\t\t\t\t\t\t\n\t\t\t\t\t\t\t\t\t\t\t\t\t\t\t\t\t<span class=\"date\">Sist oppdatert: 23. desember 2024<\/span>\n\t\t\t\t\t\t\t\t\t\t\t\t\t\t\t\t\t\t\t\t\t\t\t\t\t<span class=\"reading-time\" itemprop=\"timeRequired\" content=\"PT4M\"><em>Ca. 4 minutter lesetid<\/em><\/span>\n\t\t\t\t\t\t\t\t\t\t\t\t\t\t\t<\/div>\n\t\t\t\t\t\t<\/div>\n\t\t\t\t\t<\/div>\n\t\t\t\t\t\t<div class=\"sharing\">\n\t\t<a class=\"share-button share-link copy-link\" data-copy=\"https:\/\/hoyre.no\/drammen\/kjell-arne-hermansen-var-ordforerkandidat\/\" target=\"_blank\"><span class=\"screen-reader-text\">Del link<\/span><\/a>\n\t\t<a class=\"share-button share-twitter\" href=\"http:\/\/twitter.com\/share?text=Ordf\u00f8rer Kjell Arne Hermansen&#038;url=https:\/\/hoyre.no\/drammen\/kjell-arne-hermansen-var-ordforerkandidat\/&#038;hashtags=Hoyre\" target=\"_blank\"><span class=\"screen-reader-text\">Del p\u00e5 twitter<\/span><\/a>\n\t\t<a class=\"share-button share-facebook\" href=\"https:\/\/www.facebook.com\/sharer\/sharer.php?u=https:\/\/hoyre.no\/drammen\/kjell-arne-hermansen-var-ordforerkandidat\/\" target=\"_blank\"><span class=\"screen-reader-text\">Del p\u00e5 facebook<\/span><\/a>\n\t<\/div>\n\t\t\t\t\t<\/div>\n\t\t\t<\/div>\n\n\t\t\t<figure class=\"hoyre-image-wrapper\"><div class=\"hoyre-image\"><img loading=\"lazy\" decoding=\"async\" width=\"1575\" height=\"1050\" src=\"https:\/\/hoyre.no\/content\/uploads\/sites\/201\/2022\/10\/Hermansen_Kjell_Arne_09_22_0486_lowres.jpg\" class=\"attachment-scaled size-scaled\" alt=\"Ordf\u00f8rerkandidat Kjell Arne Hermansen\" style=\"object-position: 49% 42%\" srcset=\"https:\/\/hoyre.no\/content\/uploads\/sites\/201\/2022\/10\/Hermansen_Kjell_Arne_09_22_0486_lowres.jpg 1575w, https:\/\/hoyre.no\/content\/uploads\/sites\/201\/2022\/10\/Hermansen_Kjell_Arne_09_22_0486_lowres-300x200.jpg 300w, https:\/\/hoyre.no\/content\/uploads\/sites\/201\/2022\/10\/Hermansen_Kjell_Arne_09_22_0486_lowres-1024x683.jpg 1024w, https:\/\/hoyre.no\/content\/uploads\/sites\/201\/2022\/10\/Hermansen_Kjell_Arne_09_22_0486_lowres-768x512.jpg 768w, https:\/\/hoyre.no\/content\/uploads\/sites\/201\/2022\/10\/Hermansen_Kjell_Arne_09_22_0486_lowres-1536x1024.jpg 1536w\" sizes=\"auto, (max-width: 1575px) 100vw, 1575px\" \/><\/div><\/figure><\/div><\/div>\n\n\n\n\n<div class=\"wp-block-buttons alignwide is-content-justification-center is-layout-flex wp-container-core-buttons-is-layout-16018d1d wp-block-buttons-is-layout-flex\">\n<div class=\"wp-block-button\"><a class=\"wp-block-button__link wp-element-button\" href=\"https:\/\/hoyre.no\/nyhetsbrev\/\">ABONNER p\u00e5 h\u00f8yres nyhetsbrev<\/a><\/div>\n\n\n\n<div class=\"wp-block-button\"><a class=\"wp-block-button__link wp-element-button\" href=\"https:\/\/hoyre.no\/personprofiler\/kjell-arne-hermansen\/\">kom i kontakt med kjell arne<\/a><\/div>\n\n\n\n<div class=\"wp-block-button\"><a class=\"wp-block-button__link wp-element-button\" href=\"https:\/\/www.facebook.com\/DrammenHoyre\" target=\"_blank\" rel=\"noreferrer noopener\">f\u00f8lg drammen h\u00f8yre p\u00e5 facebook<\/a><\/div>\n<\/div>\n\n\n\n<div class=\"wp-block-hoyre-banner undefined has-icon-title icon-heart\"><div class=\"banner-inner\"><div class=\"banner-content\"><div class=\"entry-content\">\n<h2 class=\"wp-block-heading has-text-align-center\">Bli bedre kjent med Kjell Arne!<\/h2>\n\n\n\n<p class=\"has-text-align-left\"><strong>Alder:<\/strong> 56 \u00e5r<\/p>\n\n\n\n<p class=\"has-text-align-left\"><strong>Bosted:<\/strong> Drammen sentrum<\/p>\n\n\n\n<p class=\"has-text-align-left\"><strong>Jobb:<\/strong> Megler i finansbransjen<\/p>\n\n\n\n<p class=\"has-text-align-left\"><strong>Politikk:<\/strong>&nbsp;Leder Drammen H\u00f8yre, formannskap, Hovedutvalg for kultur, idrett og frivillighet<\/p>\n\n\n\n<p><\/p>\n\n\n\n<p class=\"has-text-align-left\"><\/p>\n\n\n\n<div class=\"wp-block-buttons is-layout-flex wp-block-buttons-is-layout-flex\"><\/div>\n<\/div><\/div><\/div><\/div>\n\n\n\n<figure class=\"wp-block-teft-gallery columns-3 count-3 rows-2 is-cropped\"><ul class=\"teft-gallery-grid\"><li class=\"teft-gallery-item \"><figure><a href=\"https:\/\/hoyre.no\/content\/uploads\/sites\/201\/2022\/08\/kjell-3.jpeg\" data-size=\"720x960\"><img loading=\"lazy\" decoding=\"async\" width=\"720\" height=\"960\" src=\"https:\/\/hoyre.no\/content\/uploads\/sites\/201\/2022\/08\/kjell-3.jpeg\" class=\"attachment-large size-large\" alt=\"\" srcset=\"https:\/\/hoyre.no\/content\/uploads\/sites\/201\/2022\/08\/kjell-3.jpeg 720w, https:\/\/hoyre.no\/content\/uploads\/sites\/201\/2022\/08\/kjell-3-225x300.jpeg 225w\" sizes=\"auto, (max-width: 720px) 100vw, 720px\" \/ data-full-url=\"https:\/\/hoyre.no\/content\/uploads\/sites\/201\/2022\/08\/kjell-3.jpeg\" data-id=\"214\" data-caption=\"214\"\/><\/a><\/figure><\/li><li class=\"teft-gallery-item \"><figure><a href=\"https:\/\/hoyre.no\/content\/uploads\/sites\/201\/2022\/08\/kjell-2.jpeg\" data-size=\"720x960\"><img loading=\"lazy\" decoding=\"async\" width=\"720\" height=\"960\" src=\"https:\/\/hoyre.no\/content\/uploads\/sites\/201\/2022\/08\/kjell-2.jpeg\" class=\"attachment-large size-large\" alt=\"\" srcset=\"https:\/\/hoyre.no\/content\/uploads\/sites\/201\/2022\/08\/kjell-2.jpeg 720w, https:\/\/hoyre.no\/content\/uploads\/sites\/201\/2022\/08\/kjell-2-225x300.jpeg 225w\" sizes=\"auto, (max-width: 720px) 100vw, 720px\" \/ data-full-url=\"https:\/\/hoyre.no\/content\/uploads\/sites\/201\/2022\/08\/kjell-2.jpeg\" data-id=\"213\" data-caption=\"213\"\/><\/a><\/figure><\/li><li class=\"teft-gallery-item \"><figure><a href=\"https:\/\/hoyre.no\/content\/uploads\/sites\/201\/2022\/08\/kjell-1.jpeg\" data-size=\"960x720\"><img loading=\"lazy\" decoding=\"async\" width=\"960\" height=\"720\" src=\"https:\/\/hoyre.no\/content\/uploads\/sites\/201\/2022\/08\/kjell-1.jpeg\" class=\"attachment-large size-large\" alt=\"\" srcset=\"https:\/\/hoyre.no\/content\/uploads\/sites\/201\/2022\/08\/kjell-1.jpeg 960w, https:\/\/hoyre.no\/content\/uploads\/sites\/201\/2022\/08\/kjell-1-300x225.jpeg 300w, https:\/\/hoyre.no\/content\/uploads\/sites\/201\/2022\/08\/kjell-1-768x576.jpeg 768w\" sizes=\"auto, (max-width: 960px) 100vw, 960px\" \/ data-full-url=\"https:\/\/hoyre.no\/content\/uploads\/sites\/201\/2022\/08\/kjell-1.jpeg\" data-id=\"212\" data-caption=\"212\"\/><\/a><\/figure><\/li><\/ul><\/figure>\n\n\n\n<h2 class=\"wp-block-heading has-text-align-center\">Kjell Arnes hjertesaker<\/h2>\n\n\n\n<p>\ud83d\udc99 <strong>F\u00e5 fart p\u00e5 Drammen<\/strong><\/p>\n\n\n\n<p>Jeg tror vi vet hva som skal til for \u00e5 f\u00e5 fart p\u00e5 Drammen. Vi m\u00e5 f\u00e5 en kommune som behandler innbyggerne som en kunde, slik at de&nbsp;&nbsp;kommer tilbake etter en god handel. Kommunen m\u00e5 opp og konkurrere om v\u00e6re den beste plassen \u00e5 bo og investere i. Drammen kommune skal v\u00e6re en&nbsp;JA-kommune med tydelige m\u00e5l, som vi kan m\u00e5les p\u00e5. Det sterkeste virkemidlet og ressursen vi har er&nbsp;menneskene&nbsp;i kommunen v\u00e5r. Virkemidlet er \u00e5 f\u00e5 frem stoltheten i Drammen by, Mj\u00f8ndalen og Svelvik for \u00e5 dyrke og ta vare p\u00e5 s\u00e6regenhetene i de ulike omr\u00e5dene. Dette har jeg og resten av Drammen H\u00f8yre mange ganger vist i praksis gjennom ulike forslag som har blitt til god politikk.<\/p>\n\n\n\n<p>\ud83d\udc99 <strong>Et samfunn med plass til alle<\/strong><br>Jeg vil jobbe for n\u00e6ringslivet i Drammen \u2013 det trengs trygge og l\u00f8nnsomme arbeidsplasser og rammevilk\u00e5r som gir forutsigbarhet og tilgang til markeder.<\/p>\n\n\n\n<p>H\u00f8yres slagord \u00abSkape mer og inkludere flere\u00bb, er selve kjernen i hvorfor jeg driver med politikk. Alle folk er like verdifulle, uansett bakgrunn, etnisitet og legning. Jeg vil jobbe for et samfunn med plass til alle, der flere fullf\u00f8rer skolen og kan ta del i arbeidslivet og skape verdier, og ikke minst \u00e5 gi dem som har falt utenfor en vei tilbake.<\/p>\n\n\n\n<p>\u00c5 ha en jobb eller skole og g\u00e5 til er det viktigste \u00abv\u00e5penet\u00bb mot barnefattigdom og utenforskap \u2013 og veien til god integrering p\u00e5 alle samfunnsplan.<\/p>\n\n\n\n<h2 class=\"wp-block-heading is-style-default\"><strong>6 kjappe&nbsp;<\/strong><\/h2>\n\n\n\n<p><strong>Hvorfor meldte du deg inn i H\u00f8yre?&nbsp;<\/strong><\/p>\n\n\n\n<p>For \u00e5 kunne v\u00e6re med \u00e5 p\u00e5virke samfunnsutviklingen i det partiet som jobber for mennesker og ikke ideologiske systemer.<\/p>\n\n\n\n<p><strong>Hva er dine hjertesaker?&nbsp;<\/strong><\/p>\n\n\n\n<p>\u00abLeve det gode livet i Drammen\u00bb.&nbsp;Skole, helse, arbeid og frivilghet. Og med FNs &nbsp;b\u00e6rekraftsm\u00e5l nr. 17 &nbsp;Samarbeid #alt henger sammen.<\/p>\n\n\n\n<p><strong>Hva spiser du n\u00e5r du skal kose deg skikkelig?&nbsp;<\/strong>&nbsp;<\/p>\n\n\n\n<p>Sj\u00f8mat, egenlaget fiskesuppe med godt br\u00f8d og en AASS.<\/p>\n\n\n\n<p><strong>Har du et favorittlag?&nbsp;<\/strong><\/p>\n\n\n\n<p>SIF og Liverpool.<\/p>\n\n\n\n<p><strong>Hvilken musikk setter du p\u00e5?&nbsp;<\/strong><\/p>\n\n\n\n<p>U2, deLilos, Muse eller P3.<\/p>\n\n\n\n<p><strong>Hva er ditt favorittsted a) i Drammen og b) utenom Drammen?&nbsp;<\/strong><\/p>\n\n\n\n<p>a) Bragernes\u00e5sen. b) Familiehytta i Krager\u00f8.<\/p>\n\n\n\n<h2 class=\"wp-block-heading\"><strong>Litt mer om Kjell Arne<\/strong><\/h2>\n\n\n\n<p>Bakgrunnen min med dysleksi, tillitsverv i forsvaret, idrett og yrkeserfaringen fra finans og n\u00e6ringsliv har gitt meg god innsikt i samfunnslivet. Ikke minst en forst\u00e5else for at alt og alle ikke alltid er som det ser ut. Det er viktig \u00e5 lytte og forst\u00e5.<\/p>\n\n\n\n<p><strong>Stem p\u00e5 H\u00f8yre ved valget i 2025!<\/strong><\/p>\n\n\n\n<div class=\"wp-block-teft-accentuated-link undefined has-image\"><div class=\"kf-link__wrapper\"><div class=\"kf-link__tagline\">Also visit<\/div><a class=\"kf-link__link\" href=\"https:\/\/hoyre.no\/personprofiler\/kjell-arne-hermansen\/\" rel=\"noreferrer noopener\" target=\"_blank\">Kom i kontakt med Kjell Arne Hermansen<span class=\"kf-link__link-source\">hoyre.no<svg xmlns=\"http:\/\/www.w3.org\/2000\/svg\" viewBox=\"0 0 24 24\" width=\"10\" height=\"10\" aria-hidden=\"true\"><path d=\"M8.251 16.498a.752.752 0 0 1-.53-1.281l13.72-13.72h-4.939a.75.75 0 0 1 0-1.5h6.75a.735.735 0 0 1 .293.06.75.75 0 0 1 .4.404l.01.026a.73.73 0 0 1 .047.26v6.75a.75.75 0 0 1-1.5 0V2.559l-13.72 13.72a.75.75 0 0 1-.531.219z\"><\/path><path d=\"M2.251 23.998a2.252 2.252 0 0 1-2.25-2.25v-15a2.252 2.252 0 0 1 2.25-2.25h9a.75.75 0 0 1 0 1.5h-9a.75.75 0 0 0-.75.75v15c0 .414.336.75.75.75h15a.75.75 0 0 0 .75-.75v-9a.75.75 0 0 1 1.5 0v9a2.252 2.252 0 0 1-2.25 2.25h-15z\"><\/path><\/svg><\/span><\/a><\/div><figure class=\"hoyre-image-wrapper\"><div class=\"hoyre-image\"><\/div><\/figure><\/div>\n\n","protected":false},"excerpt":{"rendered":"","protected":false},"author":31684,"featured_media":0,"parent":0,"menu_order":0,"comment_status":"closed","ping_status":"closed","template":"","meta":{"teft_cards_image_url":"","teft_cards_custom_pretitle":"","teft_cards_image_id":0,"teft_cards_image_focal_point_x":0,"teft_cards_image_focal_point_y":0,"teft_cards_title":"","teft_cards_excerpt":"","teft_show_chapters":false,"footnotes":""},"class_list":["post-210","page","type-page","status-publish","hentry"],"yoast_head":"<!-- This site is optimized with the Yoast SEO plugin v26.6 - https:\/\/yoast.com\/wordpress\/plugins\/seo\/ -->\n<title>Ordf\u00f8rer Kjell Arne Hermansen - Drammen H\u00f8yre<\/title>\n<meta name=\"robots\" content=\"index, follow, max-snippet:-1, max-image-preview:large, max-video-preview:-1\" \/>\n<link rel=\"canonical\" href=\"https:\/\/hoyre.no\/drammen\/kjell-arne-hermansen-var-ordforerkandidat\/\" \/>\n<meta property=\"og:locale\" content=\"nb_NO\" \/>\n<meta property=\"og:type\" content=\"article\" \/>\n<meta property=\"og:title\" content=\"Ordf\u00f8rer Kjell Arne Hermansen - Drammen H\u00f8yre\" \/>\n<meta property=\"og:url\" content=\"https:\/\/hoyre.no\/drammen\/kjell-arne-hermansen-var-ordforerkandidat\/\" \/>\n<meta property=\"og:site_name\" content=\"Drammen H\u00f8yre\" \/>\n<meta property=\"article:modified_time\" content=\"2024-12-23T11:27:37+00:00\" \/>\n<meta property=\"og:image\" content=\"https:\/\/hoyre.no\/content\/uploads\/sites\/201\/2022\/11\/Hoyres-logo.png\" \/>\n\t<meta property=\"og:image:width\" content=\"1000\" \/>\n\t<meta property=\"og:image:height\" content=\"1000\" \/>\n\t<meta property=\"og:image:type\" content=\"image\/png\" \/>\n<meta name=\"twitter:card\" content=\"summary_large_image\" \/>\n<meta name=\"twitter:label1\" content=\"Ansl. lesetid\" \/>\n\t<meta name=\"twitter:data1\" content=\"3 minutter\" \/>\n<script type=\"application\/ld+json\" class=\"yoast-schema-graph\">{\"@context\":\"https:\/\/schema.org\",\"@graph\":[{\"@type\":\"WebPage\",\"@id\":\"https:\/\/hoyre.no\/drammen\/kjell-arne-hermansen-var-ordforerkandidat\/\",\"url\":\"https:\/\/hoyre.no\/drammen\/kjell-arne-hermansen-var-ordforerkandidat\/\",\"name\":\"Ordf\u00f8rer Kjell Arne Hermansen - Drammen H\u00f8yre\",\"isPartOf\":{\"@id\":\"https:\/\/hoyre.no\/drammen\/#website\"},\"datePublished\":\"2022-10-16T18:56:41+00:00\",\"dateModified\":\"2024-12-23T11:27:37+00:00\",\"breadcrumb\":{\"@id\":\"https:\/\/hoyre.no\/drammen\/kjell-arne-hermansen-var-ordforerkandidat\/#breadcrumb\"},\"inLanguage\":\"nb-NO\",\"potentialAction\":[{\"@type\":\"ReadAction\",\"target\":[\"https:\/\/hoyre.no\/drammen\/kjell-arne-hermansen-var-ordforerkandidat\/\"]}]},{\"@type\":\"BreadcrumbList\",\"@id\":\"https:\/\/hoyre.no\/drammen\/kjell-arne-hermansen-var-ordforerkandidat\/#breadcrumb\",\"itemListElement\":[{\"@type\":\"ListItem\",\"position\":1,\"name\":\"Til hoyre.no\",\"item\":\"https:\/\/hoyre.no\"},{\"@type\":\"ListItem\",\"position\":2,\"name\":\"Hjem\",\"item\":\"https:\/\/hoyre.no\/drammen\/\"},{\"@type\":\"ListItem\",\"position\":3,\"name\":\"Ordf\u00f8rer Kjell Arne Hermansen\"}]},{\"@type\":\"WebSite\",\"@id\":\"https:\/\/hoyre.no\/drammen\/#website\",\"url\":\"https:\/\/hoyre.no\/drammen\/\",\"name\":\"Drammen H\u00f8yre\",\"description\":\"Bare enda et H\u00f8yres nettsteder-nettsted\",\"inLanguage\":\"nb-NO\"}]}<\/script>\n<!-- \/ Yoast SEO plugin. -->","yoast_head_json":{"title":"Ordf\u00f8rer Kjell Arne Hermansen - Drammen H\u00f8yre","robots":{"index":"index","follow":"follow","max-snippet":"max-snippet:-1","max-image-preview":"max-image-preview:large","max-video-preview":"max-video-preview:-1"},"canonical":"https:\/\/hoyre.no\/drammen\/kjell-arne-hermansen-var-ordforerkandidat\/","og_locale":"nb_NO","og_type":"article","og_title":"Ordf\u00f8rer Kjell Arne Hermansen - Drammen H\u00f8yre","og_url":"https:\/\/hoyre.no\/drammen\/kjell-arne-hermansen-var-ordforerkandidat\/","og_site_name":"Drammen H\u00f8yre","article_modified_time":"2024-12-23T11:27:37+00:00","og_image":[{"width":1000,"height":1000,"url":"https:\/\/hoyre.no\/content\/uploads\/sites\/201\/2022\/11\/Hoyres-logo.png","type":"image\/png"}],"twitter_card":"summary_large_image","twitter_misc":{"Ansl. lesetid":"3 minutter"},"schema":{"@context":"https:\/\/schema.org","@graph":[{"@type":"WebPage","@id":"https:\/\/hoyre.no\/drammen\/kjell-arne-hermansen-var-ordforerkandidat\/","url":"https:\/\/hoyre.no\/drammen\/kjell-arne-hermansen-var-ordforerkandidat\/","name":"Ordf\u00f8rer Kjell Arne Hermansen - Drammen H\u00f8yre","isPartOf":{"@id":"https:\/\/hoyre.no\/drammen\/#website"},"datePublished":"2022-10-16T18:56:41+00:00","dateModified":"2024-12-23T11:27:37+00:00","breadcrumb":{"@id":"https:\/\/hoyre.no\/drammen\/kjell-arne-hermansen-var-ordforerkandidat\/#breadcrumb"},"inLanguage":"nb-NO","potentialAction":[{"@type":"ReadAction","target":["https:\/\/hoyre.no\/drammen\/kjell-arne-hermansen-var-ordforerkandidat\/"]}]},{"@type":"BreadcrumbList","@id":"https:\/\/hoyre.no\/drammen\/kjell-arne-hermansen-var-ordforerkandidat\/#breadcrumb","itemListElement":[{"@type":"ListItem","position":1,"name":"Til hoyre.no","item":"https:\/\/hoyre.no"},{"@type":"ListItem","position":2,"name":"Hjem","item":"https:\/\/hoyre.no\/drammen\/"},{"@type":"ListItem","position":3,"name":"Ordf\u00f8rer Kjell Arne Hermansen"}]},{"@type":"WebSite","@id":"https:\/\/hoyre.no\/drammen\/#website","url":"https:\/\/hoyre.no\/drammen\/","name":"Drammen H\u00f8yre","description":"Bare enda et H\u00f8yres nettsteder-nettsted","inLanguage":"nb-NO"}]}},"distributor_meta":false,"distributor_terms":false,"distributor_media":false,"distributor_original_site_name":"Drammen H\u00f8yre","distributor_original_site_url":"https:\/\/hoyre.no\/drammen","push-errors":false,"_links":{"self":[{"href":"https:\/\/hoyre.no\/drammen\/wp-json\/wp\/v2\/pages\/210","targetHints":{"allow":["GET"]}}],"collection":[{"href":"https:\/\/hoyre.no\/drammen\/wp-json\/wp\/v2\/pages"}],"about":[{"href":"https:\/\/hoyre.no\/drammen\/wp-json\/wp\/v2\/types\/page"}],"author":[{"embeddable":true,"href":"https:\/\/hoyre.no\/drammen\/wp-json\/wp\/v2\/users\/31684"}],"replies":[{"embeddable":true,"href":"https:\/\/hoyre.no\/drammen\/wp-json\/wp\/v2\/comments?post=210"}],"version-history":[{"count":18,"href":"https:\/\/hoyre.no\/drammen\/wp-json\/wp\/v2\/pages\/210\/revisions"}],"predecessor-version":[{"id":778,"href":"https:\/\/hoyre.no\/drammen\/wp-json\/wp\/v2\/pages\/210\/revisions\/778"}],"wp:attachment":[{"href":"https:\/\/hoyre.no\/drammen\/wp-json\/wp\/v2\/media?parent=210"}],"curies":[{"name":"wp","href":"https:\/\/api.w.org\/{rel}","templated":true}]}}