{"id":284,"date":"2023-01-13T12:27:39","date_gmt":"2023-01-13T11:27:39","guid":{"rendered":"https:\/\/hoyre.no\/drammen\/?page_id=284"},"modified":"2024-12-23T12:31:44","modified_gmt":"2024-12-23T11:31:44","slug":"7-grunner-drammen","status":"publish","type":"page","link":"https:\/\/hoyre.no\/drammen\/7-grunner-drammen\/","title":{"rendered":"Syv grunner Drammen"},"content":{"rendered":"\n<div class=\"wp-block-hoyre-hero with-image-gradient text-color-light  has-media alignfull has-background\"><div class=\"hoyre-hero has-image\"><h1 class=\"title\">Syv gode grunner til \u00e5 stemme H\u00f8yre i Drammen<\/h1><figure class=\"hoyre-image-wrapper\"><div class=\"hoyre-image\"><img loading=\"lazy\" decoding=\"async\" width=\"2500\" height=\"1577\" src=\"https:\/\/hoyre.no\/content\/uploads\/sites\/201\/2023\/06\/2023_trio_0187-closer-scaled.jpg\" class=\"attachment-scaled size-scaled\" alt=\"H\u00f8yre topp 3 kandidater i Drammen 2023\" style=\"object-position: 49% 23%\" srcset=\"https:\/\/hoyre.no\/content\/uploads\/sites\/201\/2023\/06\/2023_trio_0187-closer-scaled.jpg 2500w, https:\/\/hoyre.no\/content\/uploads\/sites\/201\/2023\/06\/2023_trio_0187-closer-300x189.jpg 300w, https:\/\/hoyre.no\/content\/uploads\/sites\/201\/2023\/06\/2023_trio_0187-closer-1024x646.jpg 1024w, https:\/\/hoyre.no\/content\/uploads\/sites\/201\/2023\/06\/2023_trio_0187-closer-768x485.jpg 768w, https:\/\/hoyre.no\/content\/uploads\/sites\/201\/2023\/06\/2023_trio_0187-closer-1536x969.jpg 1536w, https:\/\/hoyre.no\/content\/uploads\/sites\/201\/2023\/06\/2023_trio_0187-closer-2048x1292.jpg 2048w\" sizes=\"auto, (max-width: 2500px) 100vw, 2500px\" \/><\/div><\/figure><\/div><\/div>\n\n\n<div class=\"wp-block hoyre-section alignfull has-background is-style-dark-blue wp-block-hoyre-section\"><div class=\"inner-blocks alignwide\">\n\n<h2 class=\"wp-block-heading has-text-align-center\">Vi f\u00e5r fart p\u00e5 Drammen!<\/h2>\n\n\n\n<p class=\"has-text-align-center\">Etter fire \u00e5r med r\u00f8dgr\u00f8nn styring m\u00e5 vi f\u00e5 fart p\u00e5 Drammen. Da m\u00e5 vi spille p\u00e5 lag med de som skaper arbeidsplasser og de som vil utvikle kommunen v\u00e5r til det bedre. Vi m\u00e5 sette enkeltmennesket f\u00f8rst, og bli en ja-kommune. Vi vil gj\u00f8re Drammen til en kommune med muligheter for alle!<\/p>\n\n<\/div><\/div>\n\n\n\n<div class=\"wp-block-media-text is-stacked-on-mobile is-vertically-aligned-center is-image-fill alignwide is-style-pink\"><figure class=\"wp-block-media-text__media\" style=\"background-image:url('https:\/\/hoyre.no\/content\/uploads\/sites\/201\/2023\/01\/GettyImages-516536297-1024x681.jpg');background-position:50% 50%\"><img loading=\"lazy\" decoding=\"async\" width=\"1024\" height=\"681\" src=\"https:\/\/hoyre.no\/content\/uploads\/sites\/201\/2023\/01\/GettyImages-516536297-1024x681.jpg\" alt=\"\" class=\"wp-image-285 size-full\" srcset=\"https:\/\/hoyre.no\/content\/uploads\/sites\/201\/2023\/01\/GettyImages-516536297-1024x681.jpg 1024w, https:\/\/hoyre.no\/content\/uploads\/sites\/201\/2023\/01\/GettyImages-516536297-300x200.jpg 300w, https:\/\/hoyre.no\/content\/uploads\/sites\/201\/2023\/01\/GettyImages-516536297-768x511.jpg 768w, https:\/\/hoyre.no\/content\/uploads\/sites\/201\/2023\/01\/GettyImages-516536297-1536x1022.jpg 1536w, https:\/\/hoyre.no\/content\/uploads\/sites\/201\/2023\/01\/GettyImages-516536297-2048x1363.jpg 2048w\" sizes=\"auto, (max-width: 1024px) 100vw, 1024px\" \/><\/figure><div class=\"wp-block-media-text__content\">\n<h2 class=\"wp-block-heading\" id=\"h-1-vi-skal-bli-flere-bergensere\">1. <strong>Du skal glede deg til \u00e5 bli gammel i Drammen<\/strong><\/h2>\n\n\n\n<p>Andelen eldre \u00f8ker, og i 2030 vil vi v\u00e6re nesten 22 000 eldre i kommunen v\u00e5r. H\u00f8yre vil at alle eldre skal f\u00e5 muligheten til et aktivt og sosialt liv. I omsorgstjenestene skal det v\u00e6re smakfulle m\u00e5ltider, god pleie og mer sammenhengende tjenester. Vi vil gjeninnf\u00f8re fritt brukervalg, slik at eldre skal f\u00e5 v\u00e6re sjef i eget liv og selv f\u00e5 velge mellom kommunale, ideelle eller private tjenester som passer deres behov best.<\/p>\n\n\n\n<div class=\"wp-block-buttons is-content-justification-right is-layout-flex wp-container-core-buttons-is-layout-765c4724 wp-block-buttons-is-layout-flex\">\n<div class=\"wp-block-button\"><a class=\"wp-block-button__link wp-element-button\" href=\"https:\/\/hoyre.no\/drammen\/7-grunner-drammen\/grunn-1\/\">Trykk for \u00e5 Se mer<\/a><\/div>\n<\/div>\n<\/div><\/div>\n\n\n\n<div class=\"wp-block-media-text has-media-on-the-right is-stacked-on-mobile is-vertically-aligned-center is-image-fill alignwide is-style-pale-blue\"><div class=\"wp-block-media-text__content\">\n<h2 class=\"wp-block-heading\" id=\"h-2-hoyre-vil-fa-laerelyst-tilbake-i-bergensskolen\">2. <strong>Fortsatt nei til eiendomsskatt&nbsp;&nbsp;<\/strong><\/h2>\n\n\n\n<p>Kommune\u00f8konomien er stram. Dersom de folkevalgte ikke bruker pengene p\u00e5 en god m\u00e5te, er veien til eiendomsskatt kort. H\u00f8yre er garantisten mot innf\u00f8ring av eiendomsskatt.<\/p>\n\n\n\n<div class=\"wp-block-buttons is-content-justification-right is-layout-flex wp-container-core-buttons-is-layout-765c4724 wp-block-buttons-is-layout-flex\">\n<div class=\"wp-block-button\"><a class=\"wp-block-button__link wp-element-button\" href=\"https:\/\/hoyre.no\/drammen\/7-grunner-drammen\/grunn-2\/\">Trykk for \u00e5 Se mer<\/a><\/div>\n<\/div>\n<\/div><figure class=\"wp-block-media-text__media\" style=\"background-image:url('https:\/\/hoyre.no\/content\/uploads\/sites\/201\/2022\/10\/IMG_2439-1024x680.jpg');background-position:50% 50%\"><img loading=\"lazy\" decoding=\"async\" width=\"1024\" height=\"680\" src=\"https:\/\/hoyre.no\/content\/uploads\/sites\/201\/2022\/10\/IMG_2439-1024x680.jpg\" alt=\"\" class=\"wp-image-263 size-full\" srcset=\"https:\/\/hoyre.no\/content\/uploads\/sites\/201\/2022\/10\/IMG_2439-1024x680.jpg 1024w, https:\/\/hoyre.no\/content\/uploads\/sites\/201\/2022\/10\/IMG_2439-300x199.jpg 300w, https:\/\/hoyre.no\/content\/uploads\/sites\/201\/2022\/10\/IMG_2439-768x510.jpg 768w, https:\/\/hoyre.no\/content\/uploads\/sites\/201\/2022\/10\/IMG_2439-1536x1020.jpg 1536w, https:\/\/hoyre.no\/content\/uploads\/sites\/201\/2022\/10\/IMG_2439-2048x1360.jpg 2048w\" sizes=\"auto, (max-width: 1024px) 100vw, 1024px\" \/><\/figure><\/div>\n\n\n\n<div class=\"wp-block-media-text is-stacked-on-mobile is-vertically-aligned-center is-image-fill alignwide is-style-pale-green\"><figure class=\"wp-block-media-text__media\" style=\"background-image:url('https:\/\/hoyre.no\/content\/uploads\/sites\/201\/2023\/01\/2aSaH0w-1024x683.jpeg');background-position:50% 50%\"><img loading=\"lazy\" decoding=\"async\" width=\"1024\" height=\"683\" src=\"https:\/\/hoyre.no\/content\/uploads\/sites\/201\/2023\/01\/2aSaH0w-1024x683.jpeg\" alt=\"\" class=\"wp-image-286 size-full\" srcset=\"https:\/\/hoyre.no\/content\/uploads\/sites\/201\/2023\/01\/2aSaH0w-1024x683.jpeg 1024w, https:\/\/hoyre.no\/content\/uploads\/sites\/201\/2023\/01\/2aSaH0w-300x200.jpeg 300w, https:\/\/hoyre.no\/content\/uploads\/sites\/201\/2023\/01\/2aSaH0w-768x512.jpeg 768w, https:\/\/hoyre.no\/content\/uploads\/sites\/201\/2023\/01\/2aSaH0w-1536x1024.jpeg 1536w, https:\/\/hoyre.no\/content\/uploads\/sites\/201\/2023\/01\/2aSaH0w-2048x1365.jpeg 2048w\" sizes=\"auto, (max-width: 1024px) 100vw, 1024px\" \/><\/figure><div class=\"wp-block-media-text__content\">\n<h2 class=\"wp-block-heading\" id=\"h-3-bergen-hele-livet\">3. <strong><strong>En skole for elevene<\/strong><\/strong><\/h2>\n\n\n\n<p>1 av 5 elever g\u00e5r ut av drammensskolen uten \u00e5 kunne lese, regne og skrive skikkelig. H\u00f8yres m\u00e5l er \u00e5 skape en skole med muligheter for alle, uavhengig av bakgrunn. Vi vil gjeninnf\u00f8re Ung 11, satse p\u00e5 tilpasset undervisning for elever som sliter med skolen og elever som ikke opplever nok mestring. Vi vil stille krav til l\u00e6rerne og satse p\u00e5 videre- og etterutdanning. Samtidig m\u00e5 vi styrke laget rundt elevene med flere helsesykepleiere og milj\u00f8arbeidere slik at elevene l\u00e6rer innenfor gode rammer.&nbsp;<\/p>\n\n\n\n<div class=\"wp-block-buttons is-content-justification-right is-layout-flex wp-container-core-buttons-is-layout-765c4724 wp-block-buttons-is-layout-flex\">\n<div class=\"wp-block-button\"><a class=\"wp-block-button__link wp-element-button\" href=\"https:\/\/hoyre.no\/drammen\/7-grunner-drammen\/grunn-3\/\">Trykk for \u00e5 se mer<\/a><\/div>\n<\/div>\n<\/div><\/div>\n\n\n\n<div class=\"wp-block-media-text has-media-on-the-right is-stacked-on-mobile is-vertically-aligned-center is-image-fill alignwide is-style-pale-purple\"><div class=\"wp-block-media-text__content\">\n<h2 class=\"wp-block-heading\">4. <strong>Nye Drammen. Nye muligheter.<\/strong><\/h2>\n\n\n\n<p>H\u00f8yre vil s\u00f8rge for at Drammen igjen blir en ja-kommune, hvor vi heier p\u00e5 fremtidsrettet industri og p\u00e5 mennesker som \u00f8nsker \u00e5 skape noe. Vi skal gj\u00f8re det enklere \u00e5 etablere nye arbeidsplasser. Innen 2027 skal det v\u00e6re 2500 nye kontorarbeidsplasser og 1500 nye logistikk- og industriarbeidsplasser i Drammen.&nbsp;<\/p>\n\n\n\n<div class=\"wp-block-buttons is-content-justification-right is-layout-flex wp-container-core-buttons-is-layout-765c4724 wp-block-buttons-is-layout-flex\">\n<div class=\"wp-block-button\"><a class=\"wp-block-button__link wp-element-button\" href=\"https:\/\/hoyre.no\/drammen\/7-grunner-drammen\/grunn-4\/\">Trykk for \u00e5 Se mer<\/a><\/div>\n<\/div>\n<\/div><figure class=\"wp-block-media-text__media\" style=\"background-image:url('https:\/\/hoyre.no\/content\/uploads\/sites\/201\/2023\/01\/Drammen_-_foto_Hans_Kristian_ThorbjC3B8rnsen-2834-1024x683.jpg');background-position:50% 50%\"><img loading=\"lazy\" decoding=\"async\" width=\"1024\" height=\"683\" src=\"https:\/\/hoyre.no\/content\/uploads\/sites\/201\/2023\/01\/Drammen_-_foto_Hans_Kristian_ThorbjC3B8rnsen-2834-1024x683.jpg\" alt=\"\" class=\"wp-image-287 size-full\" srcset=\"https:\/\/hoyre.no\/content\/uploads\/sites\/201\/2023\/01\/Drammen_-_foto_Hans_Kristian_ThorbjC3B8rnsen-2834-1024x683.jpg 1024w, https:\/\/hoyre.no\/content\/uploads\/sites\/201\/2023\/01\/Drammen_-_foto_Hans_Kristian_ThorbjC3B8rnsen-2834-300x200.jpg 300w, https:\/\/hoyre.no\/content\/uploads\/sites\/201\/2023\/01\/Drammen_-_foto_Hans_Kristian_ThorbjC3B8rnsen-2834-768x512.jpg 768w, https:\/\/hoyre.no\/content\/uploads\/sites\/201\/2023\/01\/Drammen_-_foto_Hans_Kristian_ThorbjC3B8rnsen-2834-1536x1024.jpg 1536w, https:\/\/hoyre.no\/content\/uploads\/sites\/201\/2023\/01\/Drammen_-_foto_Hans_Kristian_ThorbjC3B8rnsen-2834-2048x1365.jpg 2048w\" sizes=\"auto, (max-width: 1024px) 100vw, 1024px\" \/><\/figure><\/div>\n\n\n\n<div class=\"wp-block-media-text is-stacked-on-mobile is-image-fill alignwide is-style-lightest-blue\"><figure class=\"wp-block-media-text__media\" style=\"background-image:url('https:\/\/hoyre.no\/content\/uploads\/sites\/201\/2023\/01\/sNXXtK-k-1024x683.jpeg');background-position:50% 50%\"><img loading=\"lazy\" decoding=\"async\" width=\"1024\" height=\"683\" src=\"https:\/\/hoyre.no\/content\/uploads\/sites\/201\/2023\/01\/sNXXtK-k-1024x683.jpeg\" alt=\"\" class=\"wp-image-288 size-full\" srcset=\"https:\/\/hoyre.no\/content\/uploads\/sites\/201\/2023\/01\/sNXXtK-k-1024x683.jpeg 1024w, https:\/\/hoyre.no\/content\/uploads\/sites\/201\/2023\/01\/sNXXtK-k-300x200.jpeg 300w, https:\/\/hoyre.no\/content\/uploads\/sites\/201\/2023\/01\/sNXXtK-k-768x512.jpeg 768w, https:\/\/hoyre.no\/content\/uploads\/sites\/201\/2023\/01\/sNXXtK-k-1536x1024.jpeg 1536w, https:\/\/hoyre.no\/content\/uploads\/sites\/201\/2023\/01\/sNXXtK-k.jpeg 2048w\" sizes=\"auto, (max-width: 1024px) 100vw, 1024px\" \/><\/figure><div class=\"wp-block-media-text__content\">\n<h2 class=\"wp-block-heading\"><strong>5. <strong>Muligheter for alle<\/strong><\/strong><\/h2>\n\n\n\n<p>3500 barn vokser opp fattige i Drammen og mange familier sliter med \u00e5 f\u00e5 endene til \u00e5 m\u00f8tes. Disse m\u00e5 gjerne prioritere mat p\u00e5 bordet foran aktiviteter for barna sine. H\u00f8yre vil gi alle barn og unge i Drammen mulighet til \u00e5 delta p\u00e5 minst \u00e9n fritidsaktivitet i uka, uavhengig av foreldrenes lommebok.<\/p>\n\n\n\n<div class=\"wp-block-buttons is-content-justification-right is-layout-flex wp-container-core-buttons-is-layout-765c4724 wp-block-buttons-is-layout-flex\">\n<div class=\"wp-block-button\"><a class=\"wp-block-button__link wp-element-button\" href=\"https:\/\/hoyre.no\/drammen\/7-grunner-drammen\/grunn-5\/\">Trykk for \u00e5 Se mer<\/a><\/div>\n<\/div>\n<\/div><\/div>\n\n\n\n<div class=\"wp-block-media-text has-media-on-the-right is-stacked-on-mobile is-vertically-aligned-center is-image-fill alignwide is-style-pale-grey\"><div class=\"wp-block-media-text__content\">\n<h2 class=\"wp-block-heading\">6. <strong>Alle skal kunne bo i Drammen<\/strong><\/h2>\n\n\n\n<p>H\u00f8yre vil jobbe for at flere skal oppn\u00e5 boligdr\u00f8mmen. Vi vil skape nye veier inn p\u00e5 boligmarkedet gjennom \u00e5 bygge 3000 nye og mer varierte boliger i kommunen. H\u00f8yre skal jobbe for at flest mulig f\u00e5r muligheten til \u00e5 eie sitt eget hjem, blant annet gjennom \u00ableie til eie\u00bb.<\/p>\n\n\n\n<div class=\"wp-block-buttons is-content-justification-right is-layout-flex wp-container-core-buttons-is-layout-765c4724 wp-block-buttons-is-layout-flex\">\n<div class=\"wp-block-button\"><a class=\"wp-block-button__link wp-element-button\" href=\"https:\/\/hoyre.no\/drammen\/7-grunner-drammen\/grunn-6\/\">Trykk for \u00e5 Se mer<\/a><\/div>\n<\/div>\n<\/div><figure class=\"wp-block-media-text__media\" style=\"background-image:url('https:\/\/hoyre.no\/content\/uploads\/sites\/201\/2023\/01\/X-V2X6KA-1024x683.jpeg');background-position:50% 50%\"><img loading=\"lazy\" decoding=\"async\" width=\"1024\" height=\"683\" src=\"https:\/\/hoyre.no\/content\/uploads\/sites\/201\/2023\/01\/X-V2X6KA-1024x683.jpeg\" alt=\"\" class=\"wp-image-289 size-full\" srcset=\"https:\/\/hoyre.no\/content\/uploads\/sites\/201\/2023\/01\/X-V2X6KA-1024x683.jpeg 1024w, https:\/\/hoyre.no\/content\/uploads\/sites\/201\/2023\/01\/X-V2X6KA-300x200.jpeg 300w, https:\/\/hoyre.no\/content\/uploads\/sites\/201\/2023\/01\/X-V2X6KA-768x512.jpeg 768w, https:\/\/hoyre.no\/content\/uploads\/sites\/201\/2023\/01\/X-V2X6KA-1536x1024.jpeg 1536w, https:\/\/hoyre.no\/content\/uploads\/sites\/201\/2023\/01\/X-V2X6KA.jpeg 2048w\" sizes=\"auto, (max-width: 1024px) 100vw, 1024px\" \/><\/figure><\/div>\n\n\n\n<div class=\"wp-block-media-text is-stacked-on-mobile is-vertically-aligned-center is-image-fill alignwide is-style-pale-green\"><figure class=\"wp-block-media-text__media\" style=\"background-image:url('https:\/\/hoyre.no\/content\/uploads\/sites\/201\/2023\/01\/hUP6kEoY-1024x683.jpeg');background-position:50% 50%\"><img loading=\"lazy\" decoding=\"async\" width=\"1024\" height=\"683\" src=\"https:\/\/hoyre.no\/content\/uploads\/sites\/201\/2023\/01\/hUP6kEoY-1024x683.jpeg\" alt=\"\" class=\"wp-image-290 size-full\" srcset=\"https:\/\/hoyre.no\/content\/uploads\/sites\/201\/2023\/01\/hUP6kEoY-1024x683.jpeg 1024w, https:\/\/hoyre.no\/content\/uploads\/sites\/201\/2023\/01\/hUP6kEoY-300x200.jpeg 300w, https:\/\/hoyre.no\/content\/uploads\/sites\/201\/2023\/01\/hUP6kEoY-768x512.jpeg 768w, https:\/\/hoyre.no\/content\/uploads\/sites\/201\/2023\/01\/hUP6kEoY-1536x1024.jpeg 1536w, https:\/\/hoyre.no\/content\/uploads\/sites\/201\/2023\/01\/hUP6kEoY-2048x1365.jpeg 2048w\" sizes=\"auto, (max-width: 1024px) 100vw, 1024px\" \/><\/figure><div class=\"wp-block-media-text__content\">\n<h2 class=\"wp-block-heading\">7. Et<strong> gr\u00f8nnere Drammen<\/strong><\/h2>\n\n\n\n<p>Drammen skal bli en gr\u00f8nnere kommune. H\u00f8yre vil kutte kommunens klimagassutslipp og gj\u00f8re det enkelt \u00e5 ta klima- og milj\u00f8vennlige valg. Vi vil satse p\u00e5 l\u00f8sninger hvor enkeltmennesket kan bidra. Vi skal spille p\u00e5 lag med n\u00e6ringslivet, og bruke kommunens innkj\u00f8ps- og anbudsmakt til \u00e5 prioritere lokale, milj\u00f8vennlige akt\u00f8rer.&nbsp;<\/p>\n\n\n\n<div class=\"wp-block-buttons is-content-justification-right is-layout-flex wp-container-core-buttons-is-layout-765c4724 wp-block-buttons-is-layout-flex\">\n<div class=\"wp-block-button\"><a class=\"wp-block-button__link wp-element-button\" href=\"https:\/\/hoyre.no\/drammen\/7-grunner-drammen\/grunn-7\/\">Trykk for \u00e5 Se mer<\/a><\/div>\n<\/div>\n<\/div><\/div>\n\n\n\n<div class=\"wp-block-hoyre-banner undefined\"><div class=\"banner-inner\"><figure class=\"hoyre-image-wrapper\"><div class=\"hoyre-image\"><img loading=\"lazy\" decoding=\"async\" width=\"1575\" height=\"1050\" src=\"https:\/\/hoyre.no\/content\/uploads\/sites\/201\/2022\/10\/Hermansen_Kjell_Arne_09_22_0159_lowres.jpg\" class=\"attachment-scaled size-scaled\" alt=\"Ordf\u00f8rer Kjell Arne Hermansen\" style=\"object-position: 50% 64%\" srcset=\"https:\/\/hoyre.no\/content\/uploads\/sites\/201\/2022\/10\/Hermansen_Kjell_Arne_09_22_0159_lowres.jpg 1575w, https:\/\/hoyre.no\/content\/uploads\/sites\/201\/2022\/10\/Hermansen_Kjell_Arne_09_22_0159_lowres-300x200.jpg 300w, https:\/\/hoyre.no\/content\/uploads\/sites\/201\/2022\/10\/Hermansen_Kjell_Arne_09_22_0159_lowres-1024x683.jpg 1024w, https:\/\/hoyre.no\/content\/uploads\/sites\/201\/2022\/10\/Hermansen_Kjell_Arne_09_22_0159_lowres-768x512.jpg 768w, https:\/\/hoyre.no\/content\/uploads\/sites\/201\/2022\/10\/Hermansen_Kjell_Arne_09_22_0159_lowres-1536x1024.jpg 1536w\" sizes=\"auto, (max-width: 1575px) 100vw, 1575px\" \/><\/div><\/figure><div class=\"banner-content\"><div class=\"entry-content\">\n<h2 class=\"wp-block-heading\">Bli kjent med Drammen H\u00f8yres ordf\u00f8rerkandidat Kjell Arne!<\/h2>\n\n\n\n<div class=\"wp-block-buttons is-style-default is-horizontal is-content-justification-center is-layout-flex wp-container-core-buttons-is-layout-499968f5 wp-block-buttons-is-layout-flex\">\n<div class=\"wp-block-button is-style-outline aligncenter is-style-outline--1\"><a class=\"wp-block-button__link wp-element-button\" href=\"https:\/\/hoyre.no\/drammen\/kjell-arne-hermansen-var-ordforerkandidat\/\">TRYKK HER<\/a><\/div>\n<\/div>\n<\/div><\/div><\/div><\/div>\n\n\n\n","protected":false},"excerpt":{"rendered":"","protected":false},"author":15381,"featured_media":0,"parent":0,"menu_order":0,"comment_status":"closed","ping_status":"closed","template":"","meta":{"teft_cards_image_url":"","teft_cards_custom_pretitle":"","teft_cards_image_id":0,"teft_cards_image_focal_point_x":0,"teft_cards_image_focal_point_y":0,"teft_cards_title":"","teft_cards_excerpt":"","teft_show_chapters":false,"footnotes":""},"class_list":["post-284","page","type-page","status-publish","hentry"],"yoast_head":"<!-- This site is optimized with the Yoast SEO plugin v26.6 - https:\/\/yoast.com\/wordpress\/plugins\/seo\/ -->\n<title>Syv grunner Drammen - Drammen H\u00f8yre<\/title>\n<meta name=\"robots\" content=\"index, follow, max-snippet:-1, max-image-preview:large, max-video-preview:-1\" \/>\n<link rel=\"canonical\" href=\"https:\/\/hoyre.no\/drammen\/7-grunner-drammen\/\" \/>\n<meta property=\"og:locale\" content=\"nb_NO\" \/>\n<meta property=\"og:type\" content=\"article\" \/>\n<meta property=\"og:title\" content=\"Syv grunner Drammen - Drammen H\u00f8yre\" \/>\n<meta property=\"og:url\" content=\"https:\/\/hoyre.no\/drammen\/7-grunner-drammen\/\" \/>\n<meta property=\"og:site_name\" content=\"Drammen H\u00f8yre\" \/>\n<meta property=\"article:modified_time\" content=\"2024-12-23T11:31:44+00:00\" \/>\n<meta property=\"og:image\" content=\"https:\/\/hoyre.no\/content\/uploads\/sites\/201\/2023\/01\/GettyImages-516536297-1024x681.jpg\" \/>\n<meta name=\"twitter:card\" content=\"summary_large_image\" \/>\n<meta name=\"twitter:label1\" content=\"Ansl. lesetid\" \/>\n\t<meta name=\"twitter:data1\" content=\"5 minutter\" \/>\n<script type=\"application\/ld+json\" class=\"yoast-schema-graph\">{\"@context\":\"https:\/\/schema.org\",\"@graph\":[{\"@type\":\"WebPage\",\"@id\":\"https:\/\/hoyre.no\/drammen\/7-grunner-drammen\/\",\"url\":\"https:\/\/hoyre.no\/drammen\/7-grunner-drammen\/\",\"name\":\"Syv grunner Drammen - Drammen H\u00f8yre\",\"isPartOf\":{\"@id\":\"https:\/\/hoyre.no\/drammen\/#website\"},\"image\":{\"@id\":\"https:\/\/hoyre.no\/drammen\/7-grunner-drammen\/#primaryimage\"},\"thumbnailUrl\":\"https:\/\/hoyre.no\/content\/uploads\/sites\/201\/2023\/01\/GettyImages-516536297-1024x681.jpg\",\"datePublished\":\"2023-01-13T11:27:39+00:00\",\"dateModified\":\"2024-12-23T11:31:44+00:00\",\"breadcrumb\":{\"@id\":\"https:\/\/hoyre.no\/drammen\/7-grunner-drammen\/#breadcrumb\"},\"inLanguage\":\"nb-NO\",\"potentialAction\":[{\"@type\":\"ReadAction\",\"target\":[\"https:\/\/hoyre.no\/drammen\/7-grunner-drammen\/\"]}]},{\"@type\":\"ImageObject\",\"inLanguage\":\"nb-NO\",\"@id\":\"https:\/\/hoyre.no\/drammen\/7-grunner-drammen\/#primaryimage\",\"url\":\"https:\/\/hoyre.no\/content\/uploads\/sites\/201\/2023\/01\/GettyImages-516536297-1024x681.jpg\",\"contentUrl\":\"https:\/\/hoyre.no\/content\/uploads\/sites\/201\/2023\/01\/GettyImages-516536297-1024x681.jpg\"},{\"@type\":\"BreadcrumbList\",\"@id\":\"https:\/\/hoyre.no\/drammen\/7-grunner-drammen\/#breadcrumb\",\"itemListElement\":[{\"@type\":\"ListItem\",\"position\":1,\"name\":\"Til hoyre.no\",\"item\":\"https:\/\/hoyre.no\"},{\"@type\":\"ListItem\",\"position\":2,\"name\":\"Hjem\",\"item\":\"https:\/\/hoyre.no\/drammen\/\"},{\"@type\":\"ListItem\",\"position\":3,\"name\":\"Syv grunner Drammen\"}]},{\"@type\":\"WebSite\",\"@id\":\"https:\/\/hoyre.no\/drammen\/#website\",\"url\":\"https:\/\/hoyre.no\/drammen\/\",\"name\":\"Drammen H\u00f8yre\",\"description\":\"Bare enda et H\u00f8yres nettsteder-nettsted\",\"inLanguage\":\"nb-NO\"}]}<\/script>\n<!-- \/ Yoast SEO plugin. -->","yoast_head_json":{"title":"Syv grunner Drammen - Drammen H\u00f8yre","robots":{"index":"index","follow":"follow","max-snippet":"max-snippet:-1","max-image-preview":"max-image-preview:large","max-video-preview":"max-video-preview:-1"},"canonical":"https:\/\/hoyre.no\/drammen\/7-grunner-drammen\/","og_locale":"nb_NO","og_type":"article","og_title":"Syv grunner Drammen - Drammen H\u00f8yre","og_url":"https:\/\/hoyre.no\/drammen\/7-grunner-drammen\/","og_site_name":"Drammen H\u00f8yre","article_modified_time":"2024-12-23T11:31:44+00:00","og_image":[{"url":"https:\/\/hoyre.no\/content\/uploads\/sites\/201\/2023\/01\/GettyImages-516536297-1024x681.jpg","type":"","width":"","height":""}],"twitter_card":"summary_large_image","twitter_misc":{"Ansl. lesetid":"5 minutter"},"schema":{"@context":"https:\/\/schema.org","@graph":[{"@type":"WebPage","@id":"https:\/\/hoyre.no\/drammen\/7-grunner-drammen\/","url":"https:\/\/hoyre.no\/drammen\/7-grunner-drammen\/","name":"Syv grunner Drammen - Drammen H\u00f8yre","isPartOf":{"@id":"https:\/\/hoyre.no\/drammen\/#website"},"image":{"@id":"https:\/\/hoyre.no\/drammen\/7-grunner-drammen\/#primaryimage"},"thumbnailUrl":"https:\/\/hoyre.no\/content\/uploads\/sites\/201\/2023\/01\/GettyImages-516536297-1024x681.jpg","datePublished":"2023-01-13T11:27:39+00:00","dateModified":"2024-12-23T11:31:44+00:00","breadcrumb":{"@id":"https:\/\/hoyre.no\/drammen\/7-grunner-drammen\/#breadcrumb"},"inLanguage":"nb-NO","potentialAction":[{"@type":"ReadAction","target":["https:\/\/hoyre.no\/drammen\/7-grunner-drammen\/"]}]},{"@type":"ImageObject","inLanguage":"nb-NO","@id":"https:\/\/hoyre.no\/drammen\/7-grunner-drammen\/#primaryimage","url":"https:\/\/hoyre.no\/content\/uploads\/sites\/201\/2023\/01\/GettyImages-516536297-1024x681.jpg","contentUrl":"https:\/\/hoyre.no\/content\/uploads\/sites\/201\/2023\/01\/GettyImages-516536297-1024x681.jpg"},{"@type":"BreadcrumbList","@id":"https:\/\/hoyre.no\/drammen\/7-grunner-drammen\/#breadcrumb","itemListElement":[{"@type":"ListItem","position":1,"name":"Til hoyre.no","item":"https:\/\/hoyre.no"},{"@type":"ListItem","position":2,"name":"Hjem","item":"https:\/\/hoyre.no\/drammen\/"},{"@type":"ListItem","position":3,"name":"Syv grunner Drammen"}]},{"@type":"WebSite","@id":"https:\/\/hoyre.no\/drammen\/#website","url":"https:\/\/hoyre.no\/drammen\/","name":"Drammen H\u00f8yre","description":"Bare enda et H\u00f8yres nettsteder-nettsted","inLanguage":"nb-NO"}]}},"distributor_meta":false,"distributor_terms":false,"distributor_media":false,"distributor_original_site_name":"Drammen H\u00f8yre","distributor_original_site_url":"https:\/\/hoyre.no\/drammen","push-errors":false,"_links":{"self":[{"href":"https:\/\/hoyre.no\/drammen\/wp-json\/wp\/v2\/pages\/284","targetHints":{"allow":["GET"]}}],"collection":[{"href":"https:\/\/hoyre.no\/drammen\/wp-json\/wp\/v2\/pages"}],"about":[{"href":"https:\/\/hoyre.no\/drammen\/wp-json\/wp\/v2\/types\/page"}],"author":[{"embeddable":true,"href":"https:\/\/hoyre.no\/drammen\/wp-json\/wp\/v2\/users\/15381"}],"replies":[{"embeddable":true,"href":"https:\/\/hoyre.no\/drammen\/wp-json\/wp\/v2\/comments?post=284"}],"version-history":[{"count":32,"href":"https:\/\/hoyre.no\/drammen\/wp-json\/wp\/v2\/pages\/284\/revisions"}],"predecessor-version":[{"id":784,"href":"https:\/\/hoyre.no\/drammen\/wp-json\/wp\/v2\/pages\/284\/revisions\/784"}],"wp:attachment":[{"href":"https:\/\/hoyre.no\/drammen\/wp-json\/wp\/v2\/media?parent=284"}],"curies":[{"name":"wp","href":"https:\/\/api.w.org\/{rel}","templated":true}]}}