{"id":308,"date":"2023-05-30T21:57:59","date_gmt":"2023-05-30T19:57:59","guid":{"rendered":"https:\/\/hoyre.no\/drammen\/?page_id=308"},"modified":"2023-06-18T12:47:38","modified_gmt":"2023-06-18T10:47:38","slug":"grunn-1","status":"publish","type":"page","link":"https:\/\/hoyre.no\/drammen\/7-grunner-drammen\/grunn-1\/","title":{"rendered":"Grunn 1"},"content":{"rendered":"\n<div class=\"wp-block-hoyre-hero with-image-gradient text-color-light  alignfull has-background\"><div class=\"hoyre-hero \"><h1 class=\"title\">1. Du skal glede deg til \u00e5 bli gammel<\/h1><p class=\"preamble\">Kjell Arne Hermansen, ordf\u00f8rerkandidat<\/p><\/div><\/div>\n\n\n\n<figure class=\"wp-block-embed is-type-video is-provider-youtube wp-block-embed-youtube wp-embed-aspect-16-9 wp-has-aspect-ratio\"><div class=\"wp-block-embed__wrapper\">\n<iframe loading=\"lazy\" title=\"Du skal glede deg til a\u030a bli gammel i Drammen\" width=\"500\" height=\"281\" src=\"https:\/\/www.youtube.com\/embed\/eJQ-HekKLgM?feature=oembed\" frameborder=\"0\" allow=\"accelerometer; autoplay; clipboard-write; encrypted-media; gyroscope; picture-in-picture; web-share\" referrerpolicy=\"strict-origin-when-cross-origin\" allowfullscreen><\/iframe>\n<\/div><figcaption>Klikk p\u00e5 videoen for \u00e5 se ordf\u00f8rerkandidat Kjell Arne Hermansen vise Drammen H\u00f8yres l\u00f8sninger.<\/figcaption><\/figure>\n\n\n\n\n<figure class=\"wp-block-embed is-type-video is-provider-youtube wp-block-embed-youtube\"><div class=\"wp-block-embed__wrapper\">\n<iframe loading=\"lazy\" title=\"\u00d8nsker fylkene dit pepper&#039;n gror!\" width=\"500\" height=\"281\" src=\"https:\/\/www.youtube.com\/embed\/UG1kfSoJHuw?feature=oembed\"  allow=\"accelerometer; autoplay; clipboard-write; encrypted-media; gyroscope; picture-in-picture; web-share\" referrerpolicy=\"strict-origin-when-cross-origin\" allowfullscreen sandbox=\"allow-scripts allow-same-origin allow-popups\"><\/iframe sandbox=\"allow-scripts allow-same-origin allow-popups\">\n<\/div><\/figure>\n\n\n\n<div class=\"wp-block-buttons is-content-justification-center is-layout-flex wp-container-core-buttons-is-layout-5e6b19ed wp-block-buttons-is-layout-flex\">\n<div class=\"wp-block-button is-style-fill\"><a class=\"wp-block-button__link\" href=\"https:\/\/hoyre.no\/drammen\/7-grunner-drammen\/grunn-7\">&lt; Grunn 7<\/a><\/div>\n\n\n\n<div class=\"wp-block-button\"><a class=\"wp-block-button__link\" href=\"https:\/\/hoyre.no\/drammen\/7-grunner-drammen\/\">7 grunner<\/a><\/div>\n\n\n\n<div class=\"wp-block-button\"><a class=\"wp-block-button__link\" href=\"https:\/\/hoyre.no\/drammen\/7-grunner-drammen\/grunn-2\">Grunn 2 &gt;<\/a><\/div>\n<\/div>\n\n\n\n<h2 class=\"wp-block-heading\">Du skal glede deg til \u00e5 bli gammel<\/h2>\n\n\n\n<p><strong>Andelen eldre \u00f8ker, og i 2030 vil det v\u00e6re nesten 22 000 eldre i kommunen v\u00e5r. H\u00f8yre vil at alle eldre skal f\u00e5 muligheten til et aktivt og sosialt liv. Alle skal ha en trygg alderdom i vente.&nbsp;&nbsp;<\/strong><\/p>\n\n\n\n<p><em>Kjell Arne Hermansen, ordf\u00f8rerkandidat for Drammen H\u00f8yre<\/em><\/p>\n\n\n\n<h4 class=\"wp-block-heading\">Det grunnleggende svikter<\/h4>\n\n\n\n<p>Mange eldre har sammensatte omsorgsbehov og noen er ensomme. Behovet for mer tilpasset omsorg og behandling av eldre \u00f8ker. Det er ofte de grunnleggende behovene som svikter. Mat, aktivitet, fellesskap og sammenhengen i tjenestene. Det gj\u00f8r den siste delen av livet vanskelig \u00e5 mestre for mange. P\u00e5r\u00f8rende blir slitne og mange ansatte f\u00f8ler at de ikke de gj\u00f8r en god nok jobb fordi tiden ikke strekker til.&nbsp;<\/p>\n\n\n\n<p>Drammen H\u00f8yres m\u00e5l er at vi skal v\u00e6re en inkluderende og helsefremmende kommune der den enkelte opplever mestring, og kan leve og bo selvstendig. Brukerne skal oppleve verdighet, frihet og trygghet gjennom gode tjenester. Boliger og infrastruktur skal legge til rette for at flest mulig kan klare seg selv, og ha aktive og meningsfulle dager. Drammen skal v\u00e6re en foregangskommune innen velferdsteknologi.<\/p>\n\n\n\n<figure class=\"wp-block-image size-large\"><img loading=\"lazy\" decoding=\"async\" width=\"1024\" height=\"681\" src=\"https:\/\/hoyre.no\/content\/uploads\/sites\/201\/2023\/01\/GettyImages-516536297-1024x681.jpg\" alt=\"\" class=\"wp-image-285\" srcset=\"https:\/\/hoyre.no\/content\/uploads\/sites\/201\/2023\/01\/GettyImages-516536297-1024x681.jpg 1024w, https:\/\/hoyre.no\/content\/uploads\/sites\/201\/2023\/01\/GettyImages-516536297-300x200.jpg 300w, https:\/\/hoyre.no\/content\/uploads\/sites\/201\/2023\/01\/GettyImages-516536297-768x511.jpg 768w, https:\/\/hoyre.no\/content\/uploads\/sites\/201\/2023\/01\/GettyImages-516536297-1536x1022.jpg 1536w, https:\/\/hoyre.no\/content\/uploads\/sites\/201\/2023\/01\/GettyImages-516536297-2048x1363.jpg 2048w\" sizes=\"auto, (max-width: 1024px) 100vw, 1024px\" \/><figcaption>Vi vil legge til rette for aktiviteter og arrangementer som kan hjelpe de eldre med \u00e5 holde seg aktive \u00e5 bygge sosiale nettverk.<\/figcaption><\/figure>\n\n\n\n<h4 class=\"wp-block-heading\">Aktiv alderdom i eget hjem<\/h4>\n\n\n\n<p>Drammen H\u00f8yre vil at alle skal f\u00f8le seg velkomne i kommunen, og f\u00e5 den hjelpen og det livet man fortjener. Vi \u00f8nsker \u00e5 legge til rette for at man skal kunne bo hjemme s\u00e5 lenge man \u00f8nsker, og tilby gode tjenester til alle \u2013 uavhengig om du bor hjemme eller p\u00e5 institusjon.&nbsp;&nbsp;<\/p>\n\n\n\n<p>Vi vil legge til rette for aktiviteter og arrangementer som kan hjelpe de eldre med \u00e5 holde seg aktive \u00e5 bygge sosiale nettverk. Uavhengig av hvor du selv velger \u00e5 bo, skal det v\u00e6re aktiviteter som gj\u00f8r at alle skal f\u00f8le seg inkludert i samfunnet. Dersom du \u00f8nsker ett glass vin til maten, s\u00e5 skal du f\u00e5 lov til det, selv om du bor p\u00e5 institusjon.&nbsp;<\/p>\n\n\n\n<h4 class=\"wp-block-heading\">Valgfrihet<\/h4>\n\n\n\n<p>I byer hvor venstresiden styrer sier de opp kontrakter med private akt\u00f8rer, utelukkende fordi akt\u00f8rene er private, selv om beboere og p\u00e5r\u00f8rende er godt forn\u00f8yd med tilbudet. Vi i H\u00f8yre mener at hver enkelt person vet best selv, hva som passer for seg. Det er ikke politikere sitt ansvar \u00e5 bestemme hvem som skal hjelpe deg i hjemmet ditt.&nbsp;<\/p>\n\n\n\n<p>H\u00f8yre \u00f8nsker \u00e5 innf\u00f8re fritt brukervalg i Drammen, slik at du selv kan v\u00e6re sjef i ditt eget liv og selv velge mellom kommunale, ideelle eller private tjenestetilbydere. Da f\u00e5r du mer valgfrihet og frihet til \u00e5 velge det som passer best for ditt individuelle behov.&nbsp;<\/p>\n\n\n\n<div class=\"wp-block-teft-factbox is-style-blue\"><div class=\"factbox-inner\"><div class=\"entry-content\"><h4 class=\"toggle\">Drammen H\u00f8yre vil:<\/h4>\n<ul class=\"wp-block-list\"><li>Styrke hjemmetjenesten, slik at flest mulig skal kunne bo lengst mulig hjemme.&nbsp;<\/li><li>Tilby minst en times daglig aktivitet p\u00e5- eller utenfor sykehjemmet.&nbsp;<\/li><li>Satse p\u00e5 matglede. Vi vil ha mer valgfrihet rundt n\u00e5r man skal spise, hva man skal spise og det skal v\u00e6re lov \u00e5 f\u00e5 servert et glass vin.&nbsp;<\/li><\/ul>\n<\/div><\/div><\/div>\n\n\n\n<p class=\"has-text-align-center\">Se flere gode grunner til \u00e5 stemme H\u00f8yre i Drammen:<\/p>\n\n\n\n<div class=\"wp-block-buttons is-content-justification-center is-layout-flex wp-container-core-buttons-is-layout-5e6b19ed wp-block-buttons-is-layout-flex\">\n<div class=\"wp-block-button is-style-fill\"><a class=\"wp-block-button__link\" href=\"https:\/\/hoyre.no\/drammen\/7-grunner-drammen\/grunn-7\">&lt; Grunn 7<\/a><\/div>\n\n\n\n<div class=\"wp-block-button\"><a class=\"wp-block-button__link\" href=\"https:\/\/hoyre.no\/drammen\/7-grunner-drammen\/\">7 grunner<\/a><\/div>\n\n\n\n<div class=\"wp-block-button\"><a class=\"wp-block-button__link\" href=\"https:\/\/hoyre.no\/drammen\/7-grunner-drammen\/grunn-2\">Grunn 2 &gt;<\/a><\/div>\n<\/div>\n\n","protected":false},"excerpt":{"rendered":"","protected":false},"author":31325,"featured_media":0,"parent":284,"menu_order":1,"comment_status":"closed","ping_status":"closed","template":"","meta":{"teft_cards_image_url":"","teft_cards_custom_pretitle":"","teft_cards_image_id":0,"teft_cards_image_focal_point_x":0,"teft_cards_image_focal_point_y":0,"teft_cards_title":"","teft_cards_excerpt":"","teft_show_chapters":false,"footnotes":""},"class_list":["post-308","page","type-page","status-publish","hentry"],"yoast_head":"<!-- This site is optimized with the Yoast SEO plugin v26.6 - https:\/\/yoast.com\/wordpress\/plugins\/seo\/ -->\n<title>Grunn 1 - Drammen H\u00f8yre<\/title>\n<meta name=\"robots\" content=\"index, follow, max-snippet:-1, max-image-preview:large, max-video-preview:-1\" \/>\n<link rel=\"canonical\" href=\"https:\/\/hoyre.no\/drammen\/7-grunner-drammen\/grunn-1\/\" \/>\n<meta property=\"og:locale\" content=\"nb_NO\" \/>\n<meta property=\"og:type\" content=\"article\" \/>\n<meta property=\"og:title\" content=\"Grunn 1 - Drammen H\u00f8yre\" \/>\n<meta property=\"og:url\" content=\"https:\/\/hoyre.no\/drammen\/7-grunner-drammen\/grunn-1\/\" \/>\n<meta property=\"og:site_name\" content=\"Drammen H\u00f8yre\" \/>\n<meta property=\"article:modified_time\" content=\"2023-06-18T10:47:38+00:00\" \/>\n<meta property=\"og:image\" content=\"https:\/\/hoyre.no\/content\/uploads\/sites\/201\/2023\/01\/GettyImages-516536297-1024x681.jpg\" \/>\n<meta name=\"twitter:card\" content=\"summary_large_image\" \/>\n<meta name=\"twitter:label1\" content=\"Ansl. lesetid\" \/>\n\t<meta name=\"twitter:data1\" content=\"4 minutter\" \/>\n<script type=\"application\/ld+json\" class=\"yoast-schema-graph\">{\"@context\":\"https:\/\/schema.org\",\"@graph\":[{\"@type\":\"WebPage\",\"@id\":\"https:\/\/hoyre.no\/drammen\/7-grunner-drammen\/grunn-1\/\",\"url\":\"https:\/\/hoyre.no\/drammen\/7-grunner-drammen\/grunn-1\/\",\"name\":\"Grunn 1 - Drammen H\u00f8yre\",\"isPartOf\":{\"@id\":\"https:\/\/hoyre.no\/drammen\/#website\"},\"image\":{\"@id\":\"https:\/\/hoyre.no\/drammen\/7-grunner-drammen\/grunn-1\/#primaryimage\"},\"thumbnailUrl\":\"https:\/\/hoyre.no\/content\/uploads\/sites\/201\/2023\/01\/GettyImages-516536297-1024x681.jpg\",\"datePublished\":\"2023-05-30T19:57:59+00:00\",\"dateModified\":\"2023-06-18T10:47:38+00:00\",\"breadcrumb\":{\"@id\":\"https:\/\/hoyre.no\/drammen\/7-grunner-drammen\/grunn-1\/#breadcrumb\"},\"inLanguage\":\"nb-NO\",\"potentialAction\":[{\"@type\":\"ReadAction\",\"target\":[\"https:\/\/hoyre.no\/drammen\/7-grunner-drammen\/grunn-1\/\"]}]},{\"@type\":\"ImageObject\",\"inLanguage\":\"nb-NO\",\"@id\":\"https:\/\/hoyre.no\/drammen\/7-grunner-drammen\/grunn-1\/#primaryimage\",\"url\":\"https:\/\/hoyre.no\/content\/uploads\/sites\/201\/2023\/01\/GettyImages-516536297-1024x681.jpg\",\"contentUrl\":\"https:\/\/hoyre.no\/content\/uploads\/sites\/201\/2023\/01\/GettyImages-516536297-1024x681.jpg\"},{\"@type\":\"BreadcrumbList\",\"@id\":\"https:\/\/hoyre.no\/drammen\/7-grunner-drammen\/grunn-1\/#breadcrumb\",\"itemListElement\":[{\"@type\":\"ListItem\",\"position\":1,\"name\":\"Til hoyre.no\",\"item\":\"https:\/\/hoyre.no\"},{\"@type\":\"ListItem\",\"position\":2,\"name\":\"Hjem\",\"item\":\"https:\/\/hoyre.no\/drammen\/\"},{\"@type\":\"ListItem\",\"position\":3,\"name\":\"Syv grunner Drammen\",\"item\":\"https:\/\/hoyre.no\/drammen\/7-grunner-drammen\/\"},{\"@type\":\"ListItem\",\"position\":4,\"name\":\"Grunn 1\"}]},{\"@type\":\"WebSite\",\"@id\":\"https:\/\/hoyre.no\/drammen\/#website\",\"url\":\"https:\/\/hoyre.no\/drammen\/\",\"name\":\"Drammen H\u00f8yre\",\"description\":\"Bare enda et H\u00f8yres nettsteder-nettsted\",\"inLanguage\":\"nb-NO\"}]}<\/script>\n<!-- \/ Yoast SEO plugin. -->","yoast_head_json":{"title":"Grunn 1 - Drammen H\u00f8yre","robots":{"index":"index","follow":"follow","max-snippet":"max-snippet:-1","max-image-preview":"max-image-preview:large","max-video-preview":"max-video-preview:-1"},"canonical":"https:\/\/hoyre.no\/drammen\/7-grunner-drammen\/grunn-1\/","og_locale":"nb_NO","og_type":"article","og_title":"Grunn 1 - Drammen H\u00f8yre","og_url":"https:\/\/hoyre.no\/drammen\/7-grunner-drammen\/grunn-1\/","og_site_name":"Drammen H\u00f8yre","article_modified_time":"2023-06-18T10:47:38+00:00","og_image":[{"url":"https:\/\/hoyre.no\/content\/uploads\/sites\/201\/2023\/01\/GettyImages-516536297-1024x681.jpg","type":"","width":"","height":""}],"twitter_card":"summary_large_image","twitter_misc":{"Ansl. lesetid":"4 minutter"},"schema":{"@context":"https:\/\/schema.org","@graph":[{"@type":"WebPage","@id":"https:\/\/hoyre.no\/drammen\/7-grunner-drammen\/grunn-1\/","url":"https:\/\/hoyre.no\/drammen\/7-grunner-drammen\/grunn-1\/","name":"Grunn 1 - Drammen H\u00f8yre","isPartOf":{"@id":"https:\/\/hoyre.no\/drammen\/#website"},"image":{"@id":"https:\/\/hoyre.no\/drammen\/7-grunner-drammen\/grunn-1\/#primaryimage"},"thumbnailUrl":"https:\/\/hoyre.no\/content\/uploads\/sites\/201\/2023\/01\/GettyImages-516536297-1024x681.jpg","datePublished":"2023-05-30T19:57:59+00:00","dateModified":"2023-06-18T10:47:38+00:00","breadcrumb":{"@id":"https:\/\/hoyre.no\/drammen\/7-grunner-drammen\/grunn-1\/#breadcrumb"},"inLanguage":"nb-NO","potentialAction":[{"@type":"ReadAction","target":["https:\/\/hoyre.no\/drammen\/7-grunner-drammen\/grunn-1\/"]}]},{"@type":"ImageObject","inLanguage":"nb-NO","@id":"https:\/\/hoyre.no\/drammen\/7-grunner-drammen\/grunn-1\/#primaryimage","url":"https:\/\/hoyre.no\/content\/uploads\/sites\/201\/2023\/01\/GettyImages-516536297-1024x681.jpg","contentUrl":"https:\/\/hoyre.no\/content\/uploads\/sites\/201\/2023\/01\/GettyImages-516536297-1024x681.jpg"},{"@type":"BreadcrumbList","@id":"https:\/\/hoyre.no\/drammen\/7-grunner-drammen\/grunn-1\/#breadcrumb","itemListElement":[{"@type":"ListItem","position":1,"name":"Til hoyre.no","item":"https:\/\/hoyre.no"},{"@type":"ListItem","position":2,"name":"Hjem","item":"https:\/\/hoyre.no\/drammen\/"},{"@type":"ListItem","position":3,"name":"Syv grunner Drammen","item":"https:\/\/hoyre.no\/drammen\/7-grunner-drammen\/"},{"@type":"ListItem","position":4,"name":"Grunn 1"}]},{"@type":"WebSite","@id":"https:\/\/hoyre.no\/drammen\/#website","url":"https:\/\/hoyre.no\/drammen\/","name":"Drammen H\u00f8yre","description":"Bare enda et H\u00f8yres nettsteder-nettsted","inLanguage":"nb-NO"}]}},"distributor_meta":false,"distributor_terms":false,"distributor_media":false,"distributor_original_site_name":"Drammen H\u00f8yre","distributor_original_site_url":"https:\/\/hoyre.no\/drammen","push-errors":false,"_links":{"self":[{"href":"https:\/\/hoyre.no\/drammen\/wp-json\/wp\/v2\/pages\/308","targetHints":{"allow":["GET"]}}],"collection":[{"href":"https:\/\/hoyre.no\/drammen\/wp-json\/wp\/v2\/pages"}],"about":[{"href":"https:\/\/hoyre.no\/drammen\/wp-json\/wp\/v2\/types\/page"}],"author":[{"embeddable":true,"href":"https:\/\/hoyre.no\/drammen\/wp-json\/wp\/v2\/users\/31325"}],"replies":[{"embeddable":true,"href":"https:\/\/hoyre.no\/drammen\/wp-json\/wp\/v2\/comments?post=308"}],"version-history":[{"count":36,"href":"https:\/\/hoyre.no\/drammen\/wp-json\/wp\/v2\/pages\/308\/revisions"}],"predecessor-version":[{"id":570,"href":"https:\/\/hoyre.no\/drammen\/wp-json\/wp\/v2\/pages\/308\/revisions\/570"}],"up":[{"embeddable":true,"href":"https:\/\/hoyre.no\/drammen\/wp-json\/wp\/v2\/pages\/284"}],"wp:attachment":[{"href":"https:\/\/hoyre.no\/drammen\/wp-json\/wp\/v2\/media?parent=308"}],"curies":[{"name":"wp","href":"https:\/\/api.w.org\/{rel}","templated":true}]}}